{"id":66042,"date":"2022-03-27T16:01:10","date_gmt":"2022-03-27T16:01:10","guid":{"rendered":"https:\/\/officialeleutheraharbourisland.com\/immobilier\/legal-requirements-to-buy-a-property-in-eleuthera\/permit-to-acquire-a-property\/"},"modified":"2022-06-29T14:30:56","modified_gmt":"2022-06-29T14:30:56","slug":"permis-pour-acquerir-une-propriete","status":"publish","type":"page","link":"https:\/\/officialeleutheraharbourisland.com\/fr\/immobilier\/conditions-legales-pour-acheter-une-propriete-a-eleuthera\/permis-pour-acquerir-une-propriete\/","title":{"rendered":"Permis pour acqu\u00e9rir une propri\u00e9t\u00e9"},"content":{"rendered":"<div class=\"wpb-content-wrapper\"><p>[vc_row css=\u00a0\u00bb.vc_custom_1648471521500{padding-bottom: 50px !important;}\u00a0\u00bb][vc_column]<div id=\"ultimate-heading-612969df7ecec937e\" class=\"uvc-heading ult-adjust-bottom-margin ultimate-heading-612969df7ecec937e uvc-807 \" data-hspacer=\"no_spacer\"  data-halign=\"center\" style=\"text-align:center\"><div class=\"uvc-heading-spacer no_spacer\" style=\"top\"><\/div><div class=\"uvc-main-heading ult-responsive\"  data-ultimate-target='.uvc-heading.ultimate-heading-612969df7ecec937e h2'  data-responsive-json-new='{\"font-size\":\"\",\"line-height\":\"\"}' ><h2 style=\"font-weight:700;\">Permis d'acquisition d'un bien immobilier aux Bahamas<\/h2><\/div><div class=\"uvc-sub-heading ult-responsive\"  data-ultimate-target='.uvc-heading.ultimate-heading-612969df7ecec937e .uvc-sub-heading '  data-responsive-json-new='{\"font-size\":\"\",\"line-height\":\"\"}'  style=\"font-weight:normal;margin-top:5px;margin-bottom:35px;\">IMMOBILIER &#8211; CONDITIONS L\u00c9GALES POUR ACHETER UNE PROPRI\u00c9T\u00c9 AUX BAHAMAS<\/div><\/div>[vc_column_text]Official Eleuthera Harbour Island vous apporte plus d&rsquo;informations sur le permis d&rsquo;acquisition d&rsquo;une propri\u00e9t\u00e9 aux Bahamas.<\/p>\n<p>En vertu de la loi sur la propri\u00e9t\u00e9 fonci\u00e8re des personnes internationales, les non-Bahamiens sont tenus de demander un \u00ab\u00a0permis d&rsquo;acquisition de propri\u00e9t\u00e9\u00a0\u00bb pour les biens immobiliers de Bahamas Harbour Island et Eleuthera si :<\/p>\n<p>la propri\u00e9t\u00e9 achet\u00e9e est sup\u00e9rieure \u00e0 2 acres<br \/>\nLa totalit\u00e9 ou une partie de la propri\u00e9t\u00e9 sera lou\u00e9e.<br \/>\nLa propri\u00e9t\u00e9 est destin\u00e9e \u00e0 un d\u00e9veloppement commercial.<\/p>\n<p><strong>Frais<\/strong><br \/>\nL&rsquo;acheteur est tenu de payer des frais de 500,00 BS qui doivent \u00eatre vers\u00e9s directement au Tr\u00e9sor public.<\/p>\n<p><strong>D\u00e9lai d&rsquo;ex\u00e9cution<\/strong><br \/>\nUne fois tous les documents re\u00e7us par l&rsquo;autorit\u00e9 d&rsquo;investissement des Bahamas, il faut compter 30 jours pour recevoir un avis d&rsquo;approbation. Une fois approuv\u00e9, vous apportez le re\u00e7u comme preuve de paiement au Conseil des investissements qui d\u00e9livre alors le permis d&rsquo;acquisition de propri\u00e9t\u00e9.<\/p>\n<p><strong>Expiration de la validit\u00e9<\/strong><br \/>\nLes lettres d&rsquo;approbation sont valables pendant un an \u00e0 compter de la date du document. Une fois que l&rsquo;approbation initiale a expir\u00e9, il faut en faire une nouvelle demande, le cas \u00e9ch\u00e9ant.<\/p>\n<p><strong>Exigences<\/strong><br \/>\n<strong>Documents \u00e0 l&rsquo;appui<\/strong><\/p>\n<p>Copie d&rsquo;une pi\u00e8ce d&rsquo;identit\u00e9 d\u00e9livr\u00e9e par le gouvernement, telle qu&rsquo;un passeport, un permis de conduire, etc.<br \/>\nConfirmation \u00e9crite qu&rsquo;une diligence raisonnable a \u00e9t\u00e9 exerc\u00e9e pour r\u00e9pondre aux exigences de \u00a0\u00bb Know Your Customer \u00ab\u00a0, conform\u00e9ment \u00e0 la Loi de 2000 sur la d\u00e9claration des transactions financi\u00e8res.<br \/>\nUn rapport de police actuel certifi\u00e9 (ou une d\u00e9claration sous serment, le cas \u00e9ch\u00e9ant) du pays de r\u00e9sidence.<br \/>\nUn certificat de moralit\u00e9 actuel<br \/>\nUne copie du plan du site pour le terrain \u00e0 acheter.<br \/>\nPreuve du statut d&rsquo;immigration aux Bahamas<br \/>\nNum\u00e9ro de s\u00e9curit\u00e9 sociale ou num\u00e9ro d&rsquo;identification national<br \/>\nNum\u00e9ro d&rsquo;\u00e9valuation de l&rsquo;imp\u00f4t sur les biens immobiliers<br \/>\nPreuve du paiement de la taxe sur les biens immobiliers<br \/>\nUne copie du certificat d&rsquo;enregistrement de la constitution en soci\u00e9t\u00e9 aux Bahamas est requise, si le demandeur est une soci\u00e9t\u00e9 enregistr\u00e9e aux Bahamas<br \/>\nUne r\u00e9f\u00e9rence financi\u00e8re actuelle.<br \/>\nSource de richesse. Si vous \u00eates ind\u00e9pendant, il suffit d&rsquo;indiquer dans quel domaine et de fournir une preuve.<\/p>\n<p><strong>T\u00e9l\u00e9chargez ici le Permis d&rsquo;acquisition de propri\u00e9t\u00e9 aux Bahamas&#8230;\u00a0<\/strong><\/p>\n<p><a href=\"http:\/\/officialharbourisland.com\/wp-content\/uploads\/2018\/01\/BIA_IPLA-Permit-Form-3-1.pdf\">http:\/\/officialharbourisland.com\/wp-content\/uploads\/2018\/01\/BIA_IPLA-Permit-Form-3-1.pdf<\/a><\/p>\n<p>&nbsp;<\/p>\n<p>Pour toute question ou pour plus d&rsquo;informations concernant un \u00ab\u00a0Permit to Acquire Property\u00a0\u00bb pour les biens immobiliers de Bahamas Harbour Island, contactez l&rsquo;Autorit\u00e9 d&rsquo;investissement des Bahamas \u00e0 l&rsquo;adresse suivante :<\/p>\n<p>4th FLoor Cecil Wallace-Whitfield Centre<br \/>\nCable Beach<br \/>\nP. O. Box CB-10980<br \/>\nNassau<br \/>\nNew Providence<br \/>\nLes Bahamas<br \/>\nTel. (242) 327-5826-9<br \/>\nFax. (242) 327-5806<br \/>\nCourriel : bia@bahamas.gov.bs[\/vc_column_text][\/vc_column][\/vc_row][vc_row css=\u00a0\u00bb.vc_custom_1648471536391{padding-bottom: 50px !important;}\u00a0\u00bb][vc_column]<style type=\"text\/css\" data-type=\"the7_shortcodes-inline-css\">.shortcode-single-image-wrap.shortcode-single-image-d740f18800d6dbf00893e2abee775899.enable-bg-rollover .rollover i,\n.shortcode-single-image-wrap.shortcode-single-image-d740f18800d6dbf00893e2abee775899.enable-bg-rollover .rollover-video i {\n  background: -webkit-linear-gradient();\n  background: linear-gradient();\n}\n.shortcode-single-image-wrap.shortcode-single-image-d740f18800d6dbf00893e2abee775899 .rollover-icon {\n  font-size: 32px;\n  color: #ffffff;\n  min-width: 44px;\n  min-height: 44px;\n  line-height: 44px;\n  border-radius: 100px;\n  border-style: solid;\n  border-width: 0px;\n}\n.dt-icon-bg-on.shortcode-single-image-wrap.shortcode-single-image-d740f18800d6dbf00893e2abee775899 .rollover-icon {\n  background: rgba(255,255,255,0.3);\n  box-shadow: none;\n}\n<\/style><div class=\"shortcode-single-image-wrap shortcode-single-image-d740f18800d6dbf00893e2abee775899 alignnone  enable-bg-rollover dt-icon-bg-off\" style=\"margin-top:0px; margin-bottom:0px; margin-left:0px; margin-right:0px;\" data-pretty-share=\"facebook,twitter,pinterest,linkedin\"><div class=\"shortcode-single-image\"><div class=\"fancy-media-wrap  layzr-bg\" style=\"\"><img fetchpriority=\"high\" decoding=\"async\" class=\"preload-me lazy-load aspect\" src=\"data:image\/svg+xml,%3Csvg%20xmlns%3D&#39;http%3A%2F%2Fwww.w3.org%2F2000%2Fsvg&#39;%20viewBox%3D&#39;0%200%202560%201922&#39;%2F%3E\" data-src=\"https:\/\/officialeleutheraharbourisland.com\/wp-content\/uploads\/2022\/06\/permiy.jpeg\" data-srcset=\"https:\/\/officialeleutheraharbourisland.com\/wp-content\/uploads\/2022\/06\/permiy.jpeg 2560w\" loading=\"eager\" sizes=\"(max-width: 1200px) 100vw, 1200px\" width=\"2560\" height=\"1922\"  data-dt-location=\"https:\/\/officialeleutheraharbourisland.com\/fr\/real-estate\/legal-requirements-to-buy-a-property-in-eleuthera\/permit-to-acquire-a-property\/attachment\/permiy\/\" style=\"--ratio: 2560 \/ 1922;\" alt=\"Permit to acquire a property\" \/><\/div><\/div><\/div>[\/vc_column][\/vc_row][vc_row][vc_column]<style type=\"text\/css\" data-type=\"the7_shortcodes-inline-css\">.shortcode-single-image-wrap.shortcode-single-image-1bab62fe07ae625acfa11dd1376b1a11.enable-bg-rollover .rollover i,\n.shortcode-single-image-wrap.shortcode-single-image-1bab62fe07ae625acfa11dd1376b1a11.enable-bg-rollover .rollover-video i {\n  background: -webkit-linear-gradient();\n  background: linear-gradient();\n}\n.shortcode-single-image-wrap.shortcode-single-image-1bab62fe07ae625acfa11dd1376b1a11 .rollover-icon {\n  font-size: 32px;\n  color: #ffffff;\n  min-width: 44px;\n  min-height: 44px;\n  line-height: 44px;\n  border-radius: 100px;\n  border-style: solid;\n  border-width: 0px;\n}\n.dt-icon-bg-on.shortcode-single-image-wrap.shortcode-single-image-1bab62fe07ae625acfa11dd1376b1a11 .rollover-icon {\n  background: rgba(255,255,255,0.3);\n  box-shadow: none;\n}\n<\/style><div class=\"shortcode-single-image-wrap shortcode-single-image-1bab62fe07ae625acfa11dd1376b1a11 alignnone  enable-bg-rollover dt-icon-bg-off\" style=\"margin-top:0px; margin-bottom:0px; margin-left:0px; margin-right:0px; width:1200px;\" data-pretty-share=\"facebook,twitter,pinterest,linkedin\"><div class=\"shortcode-single-image\"><div class=\"fancy-media-wrap  layzr-bg\" style=\"\"><img decoding=\"async\" class=\"preload-me lazy-load aspect\" src=\"data:image\/svg+xml,%3Csvg%20xmlns%3D&#39;http%3A%2F%2Fwww.w3.org%2F2000%2Fsvg&#39;%20viewBox%3D&#39;0%200%201200%20150&#39;%2F%3E\" data-src=\"https:\/\/officialeleutheraharbourisland.com\/wp-content\/uploads\/2022\/03\/banner.jpg\" data-srcset=\"https:\/\/officialeleutheraharbourisland.com\/wp-content\/uploads\/2022\/03\/banner.jpg 1200w\" loading=\"eager\" sizes=\"(max-width: 1200px) 100vw, 1200px\" width=\"1200\" height=\"150\"  data-dt-location=\"https:\/\/officialeleutheraharbourisland.com\/fr\/about-bahamas\/attachment\/banner\/\" style=\"--ratio: 1200 \/ 150;\" alt=\"\" \/><\/div><\/div><\/div>[\/vc_column][\/vc_row]<\/p>\n<\/div>","protected":false},"excerpt":{"rendered":"<p>[vc_row css=\u00a0\u00bb.vc_custom_1648471521500{padding-bottom: 50px !important;}\u00a0\u00bb][vc_column][vc_column_text]Official Eleuthera Harbour Island vous apporte plus d&rsquo;informations sur le permis d&rsquo;acquisition d&rsquo;une propri\u00e9t\u00e9 aux Bahamas. En vertu de la loi sur la propri\u00e9t\u00e9 fonci\u00e8re des personnes internationales, les non-Bahamiens sont tenus de demander un \u00ab\u00a0permis d&rsquo;acquisition de propri\u00e9t\u00e9\u00a0\u00bb pour les biens immobiliers de Bahamas Harbour Island et Eleuthera si : la&hellip;<\/p>\n","protected":false},"author":4,"featured_media":62503,"parent":66038,"menu_order":0,"comment_status":"closed","ping_status":"closed","template":"","meta":{"footnotes":""},"categories":[],"tags":[],"class_list":["post-66042","page","type-page","status-publish","has-post-thumbnail","hentry","description-off"],"yoast_head":"<!-- This site is optimized with the Yoast SEO Premium plugin v25.2 (Yoast SEO v27.4) - https:\/\/yoast.com\/product\/yoast-seo-premium-wordpress\/ -->\n<title>Permis pour acqu\u00e9rir une propri\u00e9t\u00e9 | Official Eleuthera Harbour Island<\/title>\n<meta name=\"robots\" content=\"index, follow, max-snippet:-1, max-image-preview:large, max-video-preview:-1\" \/>\n<link rel=\"canonical\" href=\"https:\/\/officialeleutheraharbourisland.com\/fr\/immobilier\/conditions-legales-pour-acheter-une-propriete-a-eleuthera\/permis-pour-acquerir-une-propriete\/\" \/>\n<meta property=\"og:locale\" content=\"fr_FR\" \/>\n<meta property=\"og:type\" content=\"article\" \/>\n<meta property=\"og:title\" content=\"Permis pour acqu\u00e9rir une propri\u00e9t\u00e9\" \/>\n<meta property=\"og:description\" content=\"[vc_row css=\u00a0\u00bb.vc_custom_1648471521500{padding-bottom: 50px !important;}\u00a0\u00bb][vc_column][vc_column_text]Official Eleuthera Harbour Island vous apporte plus d&rsquo;informations sur le permis d&rsquo;acquisition d&rsquo;une propri\u00e9t\u00e9 aux Bahamas. En vertu de la loi sur la propri\u00e9t\u00e9 fonci\u00e8re des personnes internationales, les non-Bahamiens sont tenus de demander un \u00ab\u00a0permis d&rsquo;acquisition de propri\u00e9t\u00e9\u00a0\u00bb pour les biens immobiliers de Bahamas Harbour Island et Eleuthera si : la&hellip;\" \/>\n<meta property=\"og:url\" content=\"https:\/\/officialeleutheraharbourisland.com\/fr\/immobilier\/conditions-legales-pour-acheter-une-propriete-a-eleuthera\/permis-pour-acquerir-une-propriete\/\" \/>\n<meta property=\"og:site_name\" content=\"Official Eleuthera Harbour Island\" \/>\n<meta property=\"article:modified_time\" content=\"2022-06-29T14:30:56+00:00\" \/>\n<meta property=\"og:image\" content=\"https:\/\/officialeleutheraharbourisland.com\/wp-content\/uploads\/2022\/06\/permiy.jpeg\" \/>\n\t<meta property=\"og:image:width\" content=\"2560\" \/>\n\t<meta property=\"og:image:height\" content=\"1922\" \/>\n\t<meta property=\"og:image:type\" content=\"image\/jpeg\" \/>\n<meta name=\"twitter:card\" content=\"summary_large_image\" \/>\n<meta name=\"twitter:label1\" content=\"Dur\u00e9e de lecture estim\u00e9e\" \/>\n\t<meta name=\"twitter:data1\" content=\"3 minutes\" \/>\n<script type=\"application\/ld+json\" class=\"yoast-schema-graph\">{\"@context\":\"https:\\\/\\\/schema.org\",\"@graph\":[{\"@type\":\"WebPage\",\"@id\":\"https:\\\/\\\/officialeleutheraharbourisland.com\\\/fr\\\/immobilier\\\/conditions-legales-pour-acheter-une-propriete-a-eleuthera\\\/permis-pour-acquerir-une-propriete\\\/\",\"url\":\"https:\\\/\\\/officialeleutheraharbourisland.com\\\/fr\\\/immobilier\\\/conditions-legales-pour-acheter-une-propriete-a-eleuthera\\\/permis-pour-acquerir-une-propriete\\\/\",\"name\":\"Permis pour acqu\u00e9rir une propri\u00e9t\u00e9 | Official Eleuthera Harbour Island\",\"isPartOf\":{\"@id\":\"https:\\\/\\\/officialeleutheraharbourisland.com\\\/#website\"},\"primaryImageOfPage\":{\"@id\":\"https:\\\/\\\/officialeleutheraharbourisland.com\\\/fr\\\/immobilier\\\/conditions-legales-pour-acheter-une-propriete-a-eleuthera\\\/permis-pour-acquerir-une-propriete\\\/#primaryimage\"},\"image\":{\"@id\":\"https:\\\/\\\/officialeleutheraharbourisland.com\\\/fr\\\/immobilier\\\/conditions-legales-pour-acheter-une-propriete-a-eleuthera\\\/permis-pour-acquerir-une-propriete\\\/#primaryimage\"},\"thumbnailUrl\":\"https:\\\/\\\/officialeleutheraharbourisland.com\\\/wp-content\\\/uploads\\\/2022\\\/06\\\/permiy.jpeg\",\"datePublished\":\"2022-03-27T16:01:10+00:00\",\"dateModified\":\"2022-06-29T14:30:56+00:00\",\"breadcrumb\":{\"@id\":\"https:\\\/\\\/officialeleutheraharbourisland.com\\\/fr\\\/immobilier\\\/conditions-legales-pour-acheter-une-propriete-a-eleuthera\\\/permis-pour-acquerir-une-propriete\\\/#breadcrumb\"},\"inLanguage\":\"fr-FR\",\"potentialAction\":[{\"@type\":\"ReadAction\",\"target\":[\"https:\\\/\\\/officialeleutheraharbourisland.com\\\/fr\\\/immobilier\\\/conditions-legales-pour-acheter-une-propriete-a-eleuthera\\\/permis-pour-acquerir-une-propriete\\\/\"]}]},{\"@type\":\"ImageObject\",\"inLanguage\":\"fr-FR\",\"@id\":\"https:\\\/\\\/officialeleutheraharbourisland.com\\\/fr\\\/immobilier\\\/conditions-legales-pour-acheter-une-propriete-a-eleuthera\\\/permis-pour-acquerir-une-propriete\\\/#primaryimage\",\"url\":\"https:\\\/\\\/officialeleutheraharbourisland.com\\\/wp-content\\\/uploads\\\/2022\\\/06\\\/permiy.jpeg\",\"contentUrl\":\"https:\\\/\\\/officialeleutheraharbourisland.com\\\/wp-content\\\/uploads\\\/2022\\\/06\\\/permiy.jpeg\",\"width\":2560,\"height\":1922,\"caption\":\"Permit to acquire a property\"},{\"@type\":\"BreadcrumbList\",\"@id\":\"https:\\\/\\\/officialeleutheraharbourisland.com\\\/fr\\\/immobilier\\\/conditions-legales-pour-acheter-une-propriete-a-eleuthera\\\/permis-pour-acquerir-une-propriete\\\/#breadcrumb\",\"itemListElement\":[{\"@type\":\"ListItem\",\"position\":1,\"name\":\"Home\",\"item\":\"https:\\\/\\\/officialeleutheraharbourisland.com\\\/fr\\\/\"},{\"@type\":\"ListItem\",\"position\":2,\"name\":\"IMMOBILIER\",\"item\":\"https:\\\/\\\/officialeleutheraharbourisland.com\\\/fr\\\/immobilier\\\/\"},{\"@type\":\"ListItem\",\"position\":3,\"name\":\"Conditions l\u00e9gales pour acheter une propri\u00e9t\u00e9 \u00e0 Eleuthera\",\"item\":\"https:\\\/\\\/officialeleutheraharbourisland.com\\\/fr\\\/immobilier\\\/conditions-legales-pour-acheter-une-propriete-a-eleuthera\\\/\"},{\"@type\":\"ListItem\",\"position\":4,\"name\":\"Permis pour acqu\u00e9rir une propri\u00e9t\u00e9\"}]},{\"@type\":\"WebSite\",\"@id\":\"https:\\\/\\\/officialeleutheraharbourisland.com\\\/#website\",\"url\":\"https:\\\/\\\/officialeleutheraharbourisland.com\\\/\",\"name\":\"Official Eleuthera Harbour Island\",\"description\":\"Where Beauty &amp; Nature Meet\",\"publisher\":{\"@id\":\"https:\\\/\\\/officialeleutheraharbourisland.com\\\/#organization\"},\"potentialAction\":[{\"@type\":\"SearchAction\",\"target\":{\"@type\":\"EntryPoint\",\"urlTemplate\":\"https:\\\/\\\/officialeleutheraharbourisland.com\\\/?s={search_term_string}\"},\"query-input\":{\"@type\":\"PropertyValueSpecification\",\"valueRequired\":true,\"valueName\":\"search_term_string\"}}],\"inLanguage\":\"fr-FR\"},{\"@type\":\"Organization\",\"@id\":\"https:\\\/\\\/officialeleutheraharbourisland.com\\\/#organization\",\"name\":\"Official Eleuthera Harbour Island\",\"url\":\"https:\\\/\\\/officialeleutheraharbourisland.com\\\/\",\"logo\":{\"@type\":\"ImageObject\",\"inLanguage\":\"fr-FR\",\"@id\":\"https:\\\/\\\/officialeleutheraharbourisland.com\\\/#\\\/schema\\\/logo\\\/image\\\/\",\"url\":\"https:\\\/\\\/officialeleutheraharbourisland.com\\\/wp-content\\\/uploads\\\/2022\\\/03\\\/logo-new-GREY-275.png\",\"contentUrl\":\"https:\\\/\\\/officialeleutheraharbourisland.com\\\/wp-content\\\/uploads\\\/2022\\\/03\\\/logo-new-GREY-275.png\",\"width\":275,\"height\":22,\"caption\":\"Official Eleuthera Harbour Island\"},\"image\":{\"@id\":\"https:\\\/\\\/officialeleutheraharbourisland.com\\\/#\\\/schema\\\/logo\\\/image\\\/\"}}]}<\/script>\n<!-- \/ Yoast SEO Premium plugin. -->","yoast_head_json":{"title":"Permis pour acqu\u00e9rir une propri\u00e9t\u00e9 | Official Eleuthera Harbour Island","robots":{"index":"index","follow":"follow","max-snippet":"max-snippet:-1","max-image-preview":"max-image-preview:large","max-video-preview":"max-video-preview:-1"},"canonical":"https:\/\/officialeleutheraharbourisland.com\/fr\/immobilier\/conditions-legales-pour-acheter-une-propriete-a-eleuthera\/permis-pour-acquerir-une-propriete\/","og_locale":"fr_FR","og_type":"article","og_title":"Permis pour acqu\u00e9rir une propri\u00e9t\u00e9","og_description":"[vc_row css=\u00a0\u00bb.vc_custom_1648471521500{padding-bottom: 50px !important;}\u00a0\u00bb][vc_column][vc_column_text]Official Eleuthera Harbour Island vous apporte plus d&rsquo;informations sur le permis d&rsquo;acquisition d&rsquo;une propri\u00e9t\u00e9 aux Bahamas. En vertu de la loi sur la propri\u00e9t\u00e9 fonci\u00e8re des personnes internationales, les non-Bahamiens sont tenus de demander un \u00ab\u00a0permis d&rsquo;acquisition de propri\u00e9t\u00e9\u00a0\u00bb pour les biens immobiliers de Bahamas Harbour Island et Eleuthera si : la&hellip;","og_url":"https:\/\/officialeleutheraharbourisland.com\/fr\/immobilier\/conditions-legales-pour-acheter-une-propriete-a-eleuthera\/permis-pour-acquerir-une-propriete\/","og_site_name":"Official Eleuthera Harbour Island","article_modified_time":"2022-06-29T14:30:56+00:00","og_image":[{"width":2560,"height":1922,"url":"https:\/\/officialeleutheraharbourisland.com\/wp-content\/uploads\/2022\/06\/permiy.jpeg","type":"image\/jpeg"}],"twitter_card":"summary_large_image","twitter_misc":{"Dur\u00e9e de lecture estim\u00e9e":"3 minutes"},"schema":{"@context":"https:\/\/schema.org","@graph":[{"@type":"WebPage","@id":"https:\/\/officialeleutheraharbourisland.com\/fr\/immobilier\/conditions-legales-pour-acheter-une-propriete-a-eleuthera\/permis-pour-acquerir-une-propriete\/","url":"https:\/\/officialeleutheraharbourisland.com\/fr\/immobilier\/conditions-legales-pour-acheter-une-propriete-a-eleuthera\/permis-pour-acquerir-une-propriete\/","name":"Permis pour acqu\u00e9rir une propri\u00e9t\u00e9 | Official Eleuthera Harbour Island","isPartOf":{"@id":"https:\/\/officialeleutheraharbourisland.com\/#website"},"primaryImageOfPage":{"@id":"https:\/\/officialeleutheraharbourisland.com\/fr\/immobilier\/conditions-legales-pour-acheter-une-propriete-a-eleuthera\/permis-pour-acquerir-une-propriete\/#primaryimage"},"image":{"@id":"https:\/\/officialeleutheraharbourisland.com\/fr\/immobilier\/conditions-legales-pour-acheter-une-propriete-a-eleuthera\/permis-pour-acquerir-une-propriete\/#primaryimage"},"thumbnailUrl":"https:\/\/officialeleutheraharbourisland.com\/wp-content\/uploads\/2022\/06\/permiy.jpeg","datePublished":"2022-03-27T16:01:10+00:00","dateModified":"2022-06-29T14:30:56+00:00","breadcrumb":{"@id":"https:\/\/officialeleutheraharbourisland.com\/fr\/immobilier\/conditions-legales-pour-acheter-une-propriete-a-eleuthera\/permis-pour-acquerir-une-propriete\/#breadcrumb"},"inLanguage":"fr-FR","potentialAction":[{"@type":"ReadAction","target":["https:\/\/officialeleutheraharbourisland.com\/fr\/immobilier\/conditions-legales-pour-acheter-une-propriete-a-eleuthera\/permis-pour-acquerir-une-propriete\/"]}]},{"@type":"ImageObject","inLanguage":"fr-FR","@id":"https:\/\/officialeleutheraharbourisland.com\/fr\/immobilier\/conditions-legales-pour-acheter-une-propriete-a-eleuthera\/permis-pour-acquerir-une-propriete\/#primaryimage","url":"https:\/\/officialeleutheraharbourisland.com\/wp-content\/uploads\/2022\/06\/permiy.jpeg","contentUrl":"https:\/\/officialeleutheraharbourisland.com\/wp-content\/uploads\/2022\/06\/permiy.jpeg","width":2560,"height":1922,"caption":"Permit to acquire a property"},{"@type":"BreadcrumbList","@id":"https:\/\/officialeleutheraharbourisland.com\/fr\/immobilier\/conditions-legales-pour-acheter-une-propriete-a-eleuthera\/permis-pour-acquerir-une-propriete\/#breadcrumb","itemListElement":[{"@type":"ListItem","position":1,"name":"Home","item":"https:\/\/officialeleutheraharbourisland.com\/fr\/"},{"@type":"ListItem","position":2,"name":"IMMOBILIER","item":"https:\/\/officialeleutheraharbourisland.com\/fr\/immobilier\/"},{"@type":"ListItem","position":3,"name":"Conditions l\u00e9gales pour acheter une propri\u00e9t\u00e9 \u00e0 Eleuthera","item":"https:\/\/officialeleutheraharbourisland.com\/fr\/immobilier\/conditions-legales-pour-acheter-une-propriete-a-eleuthera\/"},{"@type":"ListItem","position":4,"name":"Permis pour acqu\u00e9rir une propri\u00e9t\u00e9"}]},{"@type":"WebSite","@id":"https:\/\/officialeleutheraharbourisland.com\/#website","url":"https:\/\/officialeleutheraharbourisland.com\/","name":"Official Eleuthera Harbour Island","description":"Where Beauty &amp; Nature Meet","publisher":{"@id":"https:\/\/officialeleutheraharbourisland.com\/#organization"},"potentialAction":[{"@type":"SearchAction","target":{"@type":"EntryPoint","urlTemplate":"https:\/\/officialeleutheraharbourisland.com\/?s={search_term_string}"},"query-input":{"@type":"PropertyValueSpecification","valueRequired":true,"valueName":"search_term_string"}}],"inLanguage":"fr-FR"},{"@type":"Organization","@id":"https:\/\/officialeleutheraharbourisland.com\/#organization","name":"Official Eleuthera Harbour Island","url":"https:\/\/officialeleutheraharbourisland.com\/","logo":{"@type":"ImageObject","inLanguage":"fr-FR","@id":"https:\/\/officialeleutheraharbourisland.com\/#\/schema\/logo\/image\/","url":"https:\/\/officialeleutheraharbourisland.com\/wp-content\/uploads\/2022\/03\/logo-new-GREY-275.png","contentUrl":"https:\/\/officialeleutheraharbourisland.com\/wp-content\/uploads\/2022\/03\/logo-new-GREY-275.png","width":275,"height":22,"caption":"Official Eleuthera Harbour Island"},"image":{"@id":"https:\/\/officialeleutheraharbourisland.com\/#\/schema\/logo\/image\/"}}]}},"jetpack_sharing_enabled":true,"_links":{"self":[{"href":"https:\/\/officialeleutheraharbourisland.com\/fr\/wp-json\/wp\/v2\/pages\/66042","targetHints":{"allow":["GET"]}}],"collection":[{"href":"https:\/\/officialeleutheraharbourisland.com\/fr\/wp-json\/wp\/v2\/pages"}],"about":[{"href":"https:\/\/officialeleutheraharbourisland.com\/fr\/wp-json\/wp\/v2\/types\/page"}],"author":[{"embeddable":true,"href":"https:\/\/officialeleutheraharbourisland.com\/fr\/wp-json\/wp\/v2\/users\/4"}],"replies":[{"embeddable":true,"href":"https:\/\/officialeleutheraharbourisland.com\/fr\/wp-json\/wp\/v2\/comments?post=66042"}],"version-history":[{"count":2,"href":"https:\/\/officialeleutheraharbourisland.com\/fr\/wp-json\/wp\/v2\/pages\/66042\/revisions"}],"predecessor-version":[{"id":66048,"href":"https:\/\/officialeleutheraharbourisland.com\/fr\/wp-json\/wp\/v2\/pages\/66042\/revisions\/66048"}],"up":[{"embeddable":true,"href":"https:\/\/officialeleutheraharbourisland.com\/fr\/wp-json\/wp\/v2\/pages\/66038"}],"wp:featuredmedia":[{"embeddable":true,"href":"https:\/\/officialeleutheraharbourisland.com\/fr\/wp-json\/wp\/v2\/media\/62503"}],"wp:attachment":[{"href":"https:\/\/officialeleutheraharbourisland.com\/fr\/wp-json\/wp\/v2\/media?parent=66042"}],"wp:term":[{"taxonomy":"category","embeddable":true,"href":"https:\/\/officialeleutheraharbourisland.com\/fr\/wp-json\/wp\/v2\/categories?post=66042"},{"taxonomy":"post_tag","embeddable":true,"href":"https:\/\/officialeleutheraharbourisland.com\/fr\/wp-json\/wp\/v2\/tags?post=66042"}],"curies":[{"name":"wp","href":"https:\/\/api.w.org\/{rel}","templated":true}]}}