{"id":66044,"date":"2022-03-27T16:01:10","date_gmt":"2022-03-27T16:01:10","guid":{"rendered":"https:\/\/officialeleutheraharbourisland.com\/immobilier\/legal-requirements-to-buy-a-property-in-eleuthera\/certificate-of-registration\/"},"modified":"2022-06-29T14:36:40","modified_gmt":"2022-06-29T14:36:40","slug":"certificat-d-enregistrement","status":"publish","type":"page","link":"https:\/\/officialeleutheraharbourisland.com\/fr\/immobilier\/conditions-legales-pour-acheter-une-propriete-a-eleuthera\/certificat-d-enregistrement\/","title":{"rendered":"Certificat d&rsquo;enregistrement"},"content":{"rendered":"<div class=\"wpb-content-wrapper\"><p>[vc_row css=\u00a0\u00bb.vc_custom_1648471521500{padding-bottom: 50px !important;}\u00a0\u00bb][vc_column]<div id=\"ultimate-heading-23069dedb7460c7a\" class=\"uvc-heading ult-adjust-bottom-margin ultimate-heading-23069dedb7460c7a uvc-5033 \" data-hspacer=\"no_spacer\"  data-halign=\"center\" style=\"text-align:center\"><div class=\"uvc-heading-spacer no_spacer\" style=\"top\"><\/div><div class=\"uvc-main-heading ult-responsive\"  data-ultimate-target='.uvc-heading.ultimate-heading-23069dedb7460c7a h2'  data-responsive-json-new='{\"font-size\":\"\",\"line-height\":\"\"}' ><h2 style=\"font-weight:700;\">Certificat d'enregistrement<\/h2><\/div><div class=\"uvc-sub-heading ult-responsive\"  data-ultimate-target='.uvc-heading.ultimate-heading-23069dedb7460c7a .uvc-sub-heading '  data-responsive-json-new='{\"font-size\":\"\",\"line-height\":\"\"}'  style=\"font-weight:normal;margin-top:5px;margin-bottom:35px;\">IMMOBILIER &#8211; CONDITIONS L\u00c9GALES POUR ACHETER UNE PROPRI\u00c9T\u00c9 AUX BAHAMAS<\/div><\/div>[vc_empty_space][vc_column_text]Un non-Bahamien int\u00e9ress\u00e9 par l&rsquo;achat d&rsquo;un bien immobilier doit soumettre sa demande au secr\u00e9taire du Conseil d&rsquo;investissement pour enregistrer l&rsquo;achat de la propri\u00e9t\u00e9. Le certificat d&rsquo;enregistrement permet aux non-Bahamiens d&rsquo;enregistrer leur achat aux Bahamas sans avoir besoin de l&rsquo;approbation pr\u00e9alable d&rsquo;acquisition du gouvernement des Bahamas.<\/p>\n<p>&nbsp;<\/p>\n<p><strong>Qui doit demander le certificat d&rsquo;enregistrement ?\u00a0<\/strong><\/p>\n<p>Un non-Bahamien qui acquiert le bail &#8211; doit \u00eatre \u00e2g\u00e9 de plus de 21 ans.<br \/>\nUn r\u00e9sident permanent des Bahamas<br \/>\nUn non-Bahamien qui h\u00e9rite de la propri\u00e9t\u00e9.<br \/>\nUn non-Bahamien qui est cr\u00e9ancier hypoth\u00e9caire ou qui re\u00e7oit le bien par d\u00e9cision de justice.<\/p>\n<p><strong>Proc\u00e9dure de d\u00e9livrance du certificat d&rsquo;enregistrement<\/strong><\/p>\n<p>Remplir le formulaire 1<br \/>\nLe demandeur du certificat doit payer les frais de demande au Tr\u00e9sor public.<br \/>\nUne copie du re\u00e7u des frais doit \u00eatre jointe au formulaire de certificat d&rsquo;enregistrement.<br \/>\nLe formulaire doit \u00eatre soumis au secr\u00e9taire de l&rsquo;Office des investissements avec la liste des documents requis.<br \/>\nLa demande sera trait\u00e9e, et le demandeur sera inform\u00e9 lorsque le certificat sera pr\u00eat \u00e0 \u00eatre retir\u00e9.<\/p>\n<p><strong>Documents \u00e0 l&rsquo;appui\u00a0<\/strong><\/p>\n<p>Copie d&rsquo;une pi\u00e8ce d&rsquo;identit\u00e9 nationale avec photo, par exemple, passeport, permis de conduire, etc.<br \/>\nConfirmation \u00e9crite de l&rsquo;accomplissement d&rsquo;une diligence raisonnable pour r\u00e9pondre aux exigences de \u00ab\u00a0Know Your Customer\u00a0\u00bb (KYC), conform\u00e9ment \u00e0 la loi de 2000 sur la d\u00e9claration des transactions financi\u00e8res. Et une copie du formulaire KYC rempli.<br \/>\nDernier extrait de casier judiciaire ou certificat de police de votre pays de r\u00e9sidence actuel<br \/>\nUn certificat de moralit\u00e9 actuel<br \/>\nUne copie du plan du site et de la taille du terrain \u00e0 acqu\u00e9rir\/acheter.<br \/>\nStatut d&rsquo;immigration actuel aux Bahamas<br \/>\nVotre num\u00e9ro de s\u00e9curit\u00e9 sociale ou votre num\u00e9ro d&rsquo;identification national<br \/>\nVotre num\u00e9ro d&rsquo;\u00e9valuation de la taxe sur les biens immobiliers<br \/>\nPreuve du paiement actuel de la taxe sur les biens immobiliers<br \/>\nVotre r\u00e9f\u00e9rence financi\u00e8re actuelle<br \/>\nVotre source de richesse<br \/>\nCopie compl\u00e8te qui prouve que le droit de timbre a \u00e9t\u00e9 pay\u00e9<br \/>\nCopie du re\u00e7u des frais de dossier<\/p>\n<p><strong>D\u00e9lai de traitement\u00a0<\/strong><\/p>\n<p>Le certificat d&rsquo;enregistrement sera d\u00e9livr\u00e9 dans un d\u00e9lai de 30 jours \u00e0 compter de la date de soumission des documents.<\/p>\n<p><strong>Informations compl\u00e9mentaires<\/strong><\/p>\n<p>Pour plus d&rsquo;informations, veuillez consulter le site officiel du gouvernement des Bahamas.[\/vc_column_text][\/vc_column][\/vc_row][vc_row css=\u00a0\u00bb.vc_custom_1648471536391{padding-bottom: 50px !important;}\u00a0\u00bb][vc_column]<style type=\"text\/css\" data-type=\"the7_shortcodes-inline-css\">.shortcode-single-image-wrap.shortcode-single-image-d740f18800d6dbf00893e2abee775899.enable-bg-rollover .rollover i,\n.shortcode-single-image-wrap.shortcode-single-image-d740f18800d6dbf00893e2abee775899.enable-bg-rollover .rollover-video i {\n  background: -webkit-linear-gradient();\n  background: linear-gradient();\n}\n.shortcode-single-image-wrap.shortcode-single-image-d740f18800d6dbf00893e2abee775899 .rollover-icon {\n  font-size: 32px;\n  color: #ffffff;\n  min-width: 44px;\n  min-height: 44px;\n  line-height: 44px;\n  border-radius: 100px;\n  border-style: solid;\n  border-width: 0px;\n}\n.dt-icon-bg-on.shortcode-single-image-wrap.shortcode-single-image-d740f18800d6dbf00893e2abee775899 .rollover-icon {\n  background: rgba(255,255,255,0.3);\n  box-shadow: none;\n}\n<\/style><div class=\"shortcode-single-image-wrap shortcode-single-image-d740f18800d6dbf00893e2abee775899 alignnone  enable-bg-rollover dt-icon-bg-off\" style=\"margin-top:0px; margin-bottom:0px; margin-left:0px; margin-right:0px;\" data-pretty-share=\"facebook,twitter,pinterest,linkedin\"><div class=\"shortcode-single-image\"><div class=\"fancy-media-wrap  layzr-bg\" style=\"\"><img fetchpriority=\"high\" decoding=\"async\" class=\"preload-me lazy-load aspect\" src=\"data:image\/svg+xml,%3Csvg%20xmlns%3D&#39;http%3A%2F%2Fwww.w3.org%2F2000%2Fsvg&#39;%20viewBox%3D&#39;0%200%202560%201922&#39;%2F%3E\" data-src=\"https:\/\/officialeleutheraharbourisland.com\/wp-content\/uploads\/2022\/06\/permiy.jpeg\" data-srcset=\"https:\/\/officialeleutheraharbourisland.com\/wp-content\/uploads\/2022\/06\/permiy.jpeg 2560w\" loading=\"eager\" sizes=\"(max-width: 1200px) 100vw, 1200px\" width=\"2560\" height=\"1922\"  data-dt-location=\"https:\/\/officialeleutheraharbourisland.com\/fr\/real-estate\/legal-requirements-to-buy-a-property-in-eleuthera\/permit-to-acquire-a-property\/attachment\/permiy\/\" style=\"--ratio: 2560 \/ 1922;\" alt=\"Permit to acquire a property\" \/><\/div><\/div><\/div>[\/vc_column][\/vc_row][vc_row][vc_column]<style type=\"text\/css\" data-type=\"the7_shortcodes-inline-css\">.shortcode-single-image-wrap.shortcode-single-image-1bab62fe07ae625acfa11dd1376b1a11.enable-bg-rollover .rollover i,\n.shortcode-single-image-wrap.shortcode-single-image-1bab62fe07ae625acfa11dd1376b1a11.enable-bg-rollover .rollover-video i {\n  background: -webkit-linear-gradient();\n  background: linear-gradient();\n}\n.shortcode-single-image-wrap.shortcode-single-image-1bab62fe07ae625acfa11dd1376b1a11 .rollover-icon {\n  font-size: 32px;\n  color: #ffffff;\n  min-width: 44px;\n  min-height: 44px;\n  line-height: 44px;\n  border-radius: 100px;\n  border-style: solid;\n  border-width: 0px;\n}\n.dt-icon-bg-on.shortcode-single-image-wrap.shortcode-single-image-1bab62fe07ae625acfa11dd1376b1a11 .rollover-icon {\n  background: rgba(255,255,255,0.3);\n  box-shadow: none;\n}\n<\/style><div class=\"shortcode-single-image-wrap shortcode-single-image-1bab62fe07ae625acfa11dd1376b1a11 alignnone  enable-bg-rollover dt-icon-bg-off\" style=\"margin-top:0px; margin-bottom:0px; margin-left:0px; margin-right:0px; width:1200px;\" data-pretty-share=\"facebook,twitter,pinterest,linkedin\"><div class=\"shortcode-single-image\"><div class=\"fancy-media-wrap  layzr-bg\" style=\"\"><img decoding=\"async\" class=\"preload-me lazy-load aspect\" src=\"data:image\/svg+xml,%3Csvg%20xmlns%3D&#39;http%3A%2F%2Fwww.w3.org%2F2000%2Fsvg&#39;%20viewBox%3D&#39;0%200%201200%20150&#39;%2F%3E\" data-src=\"https:\/\/officialeleutheraharbourisland.com\/wp-content\/uploads\/2022\/03\/banner.jpg\" data-srcset=\"https:\/\/officialeleutheraharbourisland.com\/wp-content\/uploads\/2022\/03\/banner.jpg 1200w\" loading=\"eager\" sizes=\"(max-width: 1200px) 100vw, 1200px\" width=\"1200\" height=\"150\"  data-dt-location=\"https:\/\/officialeleutheraharbourisland.com\/fr\/about-bahamas\/attachment\/banner\/\" style=\"--ratio: 1200 \/ 150;\" alt=\"\" \/><\/div><\/div><\/div>[\/vc_column][\/vc_row]<\/p>\n<\/div>","protected":false},"excerpt":{"rendered":"<p>[vc_row css=\u00a0\u00bb.vc_custom_1648471521500{padding-bottom: 50px !important;}\u00a0\u00bb][vc_column][vc_empty_space][vc_column_text]Un non-Bahamien int\u00e9ress\u00e9 par l&rsquo;achat d&rsquo;un bien immobilier doit soumettre sa demande au secr\u00e9taire du Conseil d&rsquo;investissement pour enregistrer l&rsquo;achat de la propri\u00e9t\u00e9. Le certificat d&rsquo;enregistrement permet aux non-Bahamiens d&rsquo;enregistrer leur achat aux Bahamas sans avoir besoin de l&rsquo;approbation pr\u00e9alable d&rsquo;acquisition du gouvernement des Bahamas. &nbsp; Qui doit demander le certificat d&rsquo;enregistrement&hellip;<\/p>\n","protected":false},"author":4,"featured_media":62510,"parent":66038,"menu_order":0,"comment_status":"closed","ping_status":"closed","template":"","meta":{"footnotes":""},"categories":[],"tags":[],"class_list":["post-66044","page","type-page","status-publish","has-post-thumbnail","hentry","description-off"],"yoast_head":"<!-- This site is optimized with the Yoast SEO Premium plugin v25.2 (Yoast SEO v27.4) - https:\/\/yoast.com\/product\/yoast-seo-premium-wordpress\/ -->\n<title>Certificat d&#039;enregistrement | Official Eleuthera Harbour Island<\/title>\n<meta name=\"robots\" content=\"index, follow, max-snippet:-1, max-image-preview:large, max-video-preview:-1\" \/>\n<link rel=\"canonical\" href=\"https:\/\/officialeleutheraharbourisland.com\/fr\/immobilier\/conditions-legales-pour-acheter-une-propriete-a-eleuthera\/certificat-d-enregistrement\/\" \/>\n<meta property=\"og:locale\" content=\"fr_FR\" \/>\n<meta property=\"og:type\" content=\"article\" \/>\n<meta property=\"og:title\" content=\"Certificat d&#039;enregistrement\" \/>\n<meta property=\"og:description\" content=\"[vc_row css=\u00a0\u00bb.vc_custom_1648471521500{padding-bottom: 50px !important;}\u00a0\u00bb][vc_column][vc_empty_space][vc_column_text]Un non-Bahamien int\u00e9ress\u00e9 par l&rsquo;achat d&rsquo;un bien immobilier doit soumettre sa demande au secr\u00e9taire du Conseil d&rsquo;investissement pour enregistrer l&rsquo;achat de la propri\u00e9t\u00e9. Le certificat d&rsquo;enregistrement permet aux non-Bahamiens d&rsquo;enregistrer leur achat aux Bahamas sans avoir besoin de l&rsquo;approbation pr\u00e9alable d&rsquo;acquisition du gouvernement des Bahamas. &nbsp; Qui doit demander le certificat d&rsquo;enregistrement&hellip;\" \/>\n<meta property=\"og:url\" content=\"https:\/\/officialeleutheraharbourisland.com\/fr\/immobilier\/conditions-legales-pour-acheter-une-propriete-a-eleuthera\/certificat-d-enregistrement\/\" \/>\n<meta property=\"og:site_name\" content=\"Official Eleuthera Harbour Island\" \/>\n<meta property=\"article:modified_time\" content=\"2022-06-29T14:36:40+00:00\" \/>\n<meta property=\"og:image\" content=\"https:\/\/officialeleutheraharbourisland.com\/wp-content\/uploads\/2022\/06\/business-g0c919380c_1920.jpg\" \/>\n\t<meta property=\"og:image:width\" content=\"1920\" \/>\n\t<meta property=\"og:image:height\" content=\"1440\" \/>\n\t<meta property=\"og:image:type\" content=\"image\/jpeg\" \/>\n<meta name=\"twitter:card\" content=\"summary_large_image\" \/>\n<meta name=\"twitter:label1\" content=\"Dur\u00e9e de lecture estim\u00e9e\" \/>\n\t<meta name=\"twitter:data1\" content=\"2 minutes\" \/>\n<script type=\"application\/ld+json\" class=\"yoast-schema-graph\">{\"@context\":\"https:\\\/\\\/schema.org\",\"@graph\":[{\"@type\":\"WebPage\",\"@id\":\"https:\\\/\\\/officialeleutheraharbourisland.com\\\/fr\\\/immobilier\\\/conditions-legales-pour-acheter-une-propriete-a-eleuthera\\\/certificat-d-enregistrement\\\/\",\"url\":\"https:\\\/\\\/officialeleutheraharbourisland.com\\\/fr\\\/immobilier\\\/conditions-legales-pour-acheter-une-propriete-a-eleuthera\\\/certificat-d-enregistrement\\\/\",\"name\":\"Certificat d'enregistrement | Official Eleuthera Harbour Island\",\"isPartOf\":{\"@id\":\"https:\\\/\\\/officialeleutheraharbourisland.com\\\/#website\"},\"primaryImageOfPage\":{\"@id\":\"https:\\\/\\\/officialeleutheraharbourisland.com\\\/fr\\\/immobilier\\\/conditions-legales-pour-acheter-une-propriete-a-eleuthera\\\/certificat-d-enregistrement\\\/#primaryimage\"},\"image\":{\"@id\":\"https:\\\/\\\/officialeleutheraharbourisland.com\\\/fr\\\/immobilier\\\/conditions-legales-pour-acheter-une-propriete-a-eleuthera\\\/certificat-d-enregistrement\\\/#primaryimage\"},\"thumbnailUrl\":\"https:\\\/\\\/officialeleutheraharbourisland.com\\\/wp-content\\\/uploads\\\/2022\\\/06\\\/business-g0c919380c_1920.jpg\",\"datePublished\":\"2022-03-27T16:01:10+00:00\",\"dateModified\":\"2022-06-29T14:36:40+00:00\",\"breadcrumb\":{\"@id\":\"https:\\\/\\\/officialeleutheraharbourisland.com\\\/fr\\\/immobilier\\\/conditions-legales-pour-acheter-une-propriete-a-eleuthera\\\/certificat-d-enregistrement\\\/#breadcrumb\"},\"inLanguage\":\"fr-FR\",\"potentialAction\":[{\"@type\":\"ReadAction\",\"target\":[\"https:\\\/\\\/officialeleutheraharbourisland.com\\\/fr\\\/immobilier\\\/conditions-legales-pour-acheter-une-propriete-a-eleuthera\\\/certificat-d-enregistrement\\\/\"]}]},{\"@type\":\"ImageObject\",\"inLanguage\":\"fr-FR\",\"@id\":\"https:\\\/\\\/officialeleutheraharbourisland.com\\\/fr\\\/immobilier\\\/conditions-legales-pour-acheter-une-propriete-a-eleuthera\\\/certificat-d-enregistrement\\\/#primaryimage\",\"url\":\"https:\\\/\\\/officialeleutheraharbourisland.com\\\/wp-content\\\/uploads\\\/2022\\\/06\\\/business-g0c919380c_1920.jpg\",\"contentUrl\":\"https:\\\/\\\/officialeleutheraharbourisland.com\\\/wp-content\\\/uploads\\\/2022\\\/06\\\/business-g0c919380c_1920.jpg\",\"width\":1920,\"height\":1440,\"caption\":\"Certificate of registration in The Bahamas\"},{\"@type\":\"BreadcrumbList\",\"@id\":\"https:\\\/\\\/officialeleutheraharbourisland.com\\\/fr\\\/immobilier\\\/conditions-legales-pour-acheter-une-propriete-a-eleuthera\\\/certificat-d-enregistrement\\\/#breadcrumb\",\"itemListElement\":[{\"@type\":\"ListItem\",\"position\":1,\"name\":\"Home\",\"item\":\"https:\\\/\\\/officialeleutheraharbourisland.com\\\/fr\\\/\"},{\"@type\":\"ListItem\",\"position\":2,\"name\":\"IMMOBILIER\",\"item\":\"https:\\\/\\\/officialeleutheraharbourisland.com\\\/fr\\\/immobilier\\\/\"},{\"@type\":\"ListItem\",\"position\":3,\"name\":\"Conditions l\u00e9gales pour acheter une propri\u00e9t\u00e9 \u00e0 Eleuthera\",\"item\":\"https:\\\/\\\/officialeleutheraharbourisland.com\\\/fr\\\/immobilier\\\/conditions-legales-pour-acheter-une-propriete-a-eleuthera\\\/\"},{\"@type\":\"ListItem\",\"position\":4,\"name\":\"Certificat d&#8217;enregistrement\"}]},{\"@type\":\"WebSite\",\"@id\":\"https:\\\/\\\/officialeleutheraharbourisland.com\\\/#website\",\"url\":\"https:\\\/\\\/officialeleutheraharbourisland.com\\\/\",\"name\":\"Official Eleuthera Harbour Island\",\"description\":\"Where Beauty &amp; Nature Meet\",\"publisher\":{\"@id\":\"https:\\\/\\\/officialeleutheraharbourisland.com\\\/#organization\"},\"potentialAction\":[{\"@type\":\"SearchAction\",\"target\":{\"@type\":\"EntryPoint\",\"urlTemplate\":\"https:\\\/\\\/officialeleutheraharbourisland.com\\\/?s={search_term_string}\"},\"query-input\":{\"@type\":\"PropertyValueSpecification\",\"valueRequired\":true,\"valueName\":\"search_term_string\"}}],\"inLanguage\":\"fr-FR\"},{\"@type\":\"Organization\",\"@id\":\"https:\\\/\\\/officialeleutheraharbourisland.com\\\/#organization\",\"name\":\"Official Eleuthera Harbour Island\",\"url\":\"https:\\\/\\\/officialeleutheraharbourisland.com\\\/\",\"logo\":{\"@type\":\"ImageObject\",\"inLanguage\":\"fr-FR\",\"@id\":\"https:\\\/\\\/officialeleutheraharbourisland.com\\\/#\\\/schema\\\/logo\\\/image\\\/\",\"url\":\"https:\\\/\\\/officialeleutheraharbourisland.com\\\/wp-content\\\/uploads\\\/2022\\\/03\\\/logo-new-GREY-275.png\",\"contentUrl\":\"https:\\\/\\\/officialeleutheraharbourisland.com\\\/wp-content\\\/uploads\\\/2022\\\/03\\\/logo-new-GREY-275.png\",\"width\":275,\"height\":22,\"caption\":\"Official Eleuthera Harbour Island\"},\"image\":{\"@id\":\"https:\\\/\\\/officialeleutheraharbourisland.com\\\/#\\\/schema\\\/logo\\\/image\\\/\"}}]}<\/script>\n<!-- \/ Yoast SEO Premium plugin. -->","yoast_head_json":{"title":"Certificat d'enregistrement | Official Eleuthera Harbour Island","robots":{"index":"index","follow":"follow","max-snippet":"max-snippet:-1","max-image-preview":"max-image-preview:large","max-video-preview":"max-video-preview:-1"},"canonical":"https:\/\/officialeleutheraharbourisland.com\/fr\/immobilier\/conditions-legales-pour-acheter-une-propriete-a-eleuthera\/certificat-d-enregistrement\/","og_locale":"fr_FR","og_type":"article","og_title":"Certificat d'enregistrement","og_description":"[vc_row css=\u00a0\u00bb.vc_custom_1648471521500{padding-bottom: 50px !important;}\u00a0\u00bb][vc_column][vc_empty_space][vc_column_text]Un non-Bahamien int\u00e9ress\u00e9 par l&rsquo;achat d&rsquo;un bien immobilier doit soumettre sa demande au secr\u00e9taire du Conseil d&rsquo;investissement pour enregistrer l&rsquo;achat de la propri\u00e9t\u00e9. Le certificat d&rsquo;enregistrement permet aux non-Bahamiens d&rsquo;enregistrer leur achat aux Bahamas sans avoir besoin de l&rsquo;approbation pr\u00e9alable d&rsquo;acquisition du gouvernement des Bahamas. &nbsp; Qui doit demander le certificat d&rsquo;enregistrement&hellip;","og_url":"https:\/\/officialeleutheraharbourisland.com\/fr\/immobilier\/conditions-legales-pour-acheter-une-propriete-a-eleuthera\/certificat-d-enregistrement\/","og_site_name":"Official Eleuthera Harbour Island","article_modified_time":"2022-06-29T14:36:40+00:00","og_image":[{"width":1920,"height":1440,"url":"https:\/\/officialeleutheraharbourisland.com\/wp-content\/uploads\/2022\/06\/business-g0c919380c_1920.jpg","type":"image\/jpeg"}],"twitter_card":"summary_large_image","twitter_misc":{"Dur\u00e9e de lecture estim\u00e9e":"2 minutes"},"schema":{"@context":"https:\/\/schema.org","@graph":[{"@type":"WebPage","@id":"https:\/\/officialeleutheraharbourisland.com\/fr\/immobilier\/conditions-legales-pour-acheter-une-propriete-a-eleuthera\/certificat-d-enregistrement\/","url":"https:\/\/officialeleutheraharbourisland.com\/fr\/immobilier\/conditions-legales-pour-acheter-une-propriete-a-eleuthera\/certificat-d-enregistrement\/","name":"Certificat d'enregistrement | Official Eleuthera Harbour Island","isPartOf":{"@id":"https:\/\/officialeleutheraharbourisland.com\/#website"},"primaryImageOfPage":{"@id":"https:\/\/officialeleutheraharbourisland.com\/fr\/immobilier\/conditions-legales-pour-acheter-une-propriete-a-eleuthera\/certificat-d-enregistrement\/#primaryimage"},"image":{"@id":"https:\/\/officialeleutheraharbourisland.com\/fr\/immobilier\/conditions-legales-pour-acheter-une-propriete-a-eleuthera\/certificat-d-enregistrement\/#primaryimage"},"thumbnailUrl":"https:\/\/officialeleutheraharbourisland.com\/wp-content\/uploads\/2022\/06\/business-g0c919380c_1920.jpg","datePublished":"2022-03-27T16:01:10+00:00","dateModified":"2022-06-29T14:36:40+00:00","breadcrumb":{"@id":"https:\/\/officialeleutheraharbourisland.com\/fr\/immobilier\/conditions-legales-pour-acheter-une-propriete-a-eleuthera\/certificat-d-enregistrement\/#breadcrumb"},"inLanguage":"fr-FR","potentialAction":[{"@type":"ReadAction","target":["https:\/\/officialeleutheraharbourisland.com\/fr\/immobilier\/conditions-legales-pour-acheter-une-propriete-a-eleuthera\/certificat-d-enregistrement\/"]}]},{"@type":"ImageObject","inLanguage":"fr-FR","@id":"https:\/\/officialeleutheraharbourisland.com\/fr\/immobilier\/conditions-legales-pour-acheter-une-propriete-a-eleuthera\/certificat-d-enregistrement\/#primaryimage","url":"https:\/\/officialeleutheraharbourisland.com\/wp-content\/uploads\/2022\/06\/business-g0c919380c_1920.jpg","contentUrl":"https:\/\/officialeleutheraharbourisland.com\/wp-content\/uploads\/2022\/06\/business-g0c919380c_1920.jpg","width":1920,"height":1440,"caption":"Certificate of registration in The Bahamas"},{"@type":"BreadcrumbList","@id":"https:\/\/officialeleutheraharbourisland.com\/fr\/immobilier\/conditions-legales-pour-acheter-une-propriete-a-eleuthera\/certificat-d-enregistrement\/#breadcrumb","itemListElement":[{"@type":"ListItem","position":1,"name":"Home","item":"https:\/\/officialeleutheraharbourisland.com\/fr\/"},{"@type":"ListItem","position":2,"name":"IMMOBILIER","item":"https:\/\/officialeleutheraharbourisland.com\/fr\/immobilier\/"},{"@type":"ListItem","position":3,"name":"Conditions l\u00e9gales pour acheter une propri\u00e9t\u00e9 \u00e0 Eleuthera","item":"https:\/\/officialeleutheraharbourisland.com\/fr\/immobilier\/conditions-legales-pour-acheter-une-propriete-a-eleuthera\/"},{"@type":"ListItem","position":4,"name":"Certificat d&#8217;enregistrement"}]},{"@type":"WebSite","@id":"https:\/\/officialeleutheraharbourisland.com\/#website","url":"https:\/\/officialeleutheraharbourisland.com\/","name":"Official Eleuthera Harbour Island","description":"Where Beauty &amp; Nature Meet","publisher":{"@id":"https:\/\/officialeleutheraharbourisland.com\/#organization"},"potentialAction":[{"@type":"SearchAction","target":{"@type":"EntryPoint","urlTemplate":"https:\/\/officialeleutheraharbourisland.com\/?s={search_term_string}"},"query-input":{"@type":"PropertyValueSpecification","valueRequired":true,"valueName":"search_term_string"}}],"inLanguage":"fr-FR"},{"@type":"Organization","@id":"https:\/\/officialeleutheraharbourisland.com\/#organization","name":"Official Eleuthera Harbour Island","url":"https:\/\/officialeleutheraharbourisland.com\/","logo":{"@type":"ImageObject","inLanguage":"fr-FR","@id":"https:\/\/officialeleutheraharbourisland.com\/#\/schema\/logo\/image\/","url":"https:\/\/officialeleutheraharbourisland.com\/wp-content\/uploads\/2022\/03\/logo-new-GREY-275.png","contentUrl":"https:\/\/officialeleutheraharbourisland.com\/wp-content\/uploads\/2022\/03\/logo-new-GREY-275.png","width":275,"height":22,"caption":"Official Eleuthera Harbour Island"},"image":{"@id":"https:\/\/officialeleutheraharbourisland.com\/#\/schema\/logo\/image\/"}}]}},"jetpack_sharing_enabled":true,"_links":{"self":[{"href":"https:\/\/officialeleutheraharbourisland.com\/fr\/wp-json\/wp\/v2\/pages\/66044","targetHints":{"allow":["GET"]}}],"collection":[{"href":"https:\/\/officialeleutheraharbourisland.com\/fr\/wp-json\/wp\/v2\/pages"}],"about":[{"href":"https:\/\/officialeleutheraharbourisland.com\/fr\/wp-json\/wp\/v2\/types\/page"}],"author":[{"embeddable":true,"href":"https:\/\/officialeleutheraharbourisland.com\/fr\/wp-json\/wp\/v2\/users\/4"}],"replies":[{"embeddable":true,"href":"https:\/\/officialeleutheraharbourisland.com\/fr\/wp-json\/wp\/v2\/comments?post=66044"}],"version-history":[{"count":2,"href":"https:\/\/officialeleutheraharbourisland.com\/fr\/wp-json\/wp\/v2\/pages\/66044\/revisions"}],"predecessor-version":[{"id":66050,"href":"https:\/\/officialeleutheraharbourisland.com\/fr\/wp-json\/wp\/v2\/pages\/66044\/revisions\/66050"}],"up":[{"embeddable":true,"href":"https:\/\/officialeleutheraharbourisland.com\/fr\/wp-json\/wp\/v2\/pages\/66038"}],"wp:featuredmedia":[{"embeddable":true,"href":"https:\/\/officialeleutheraharbourisland.com\/fr\/wp-json\/wp\/v2\/media\/62510"}],"wp:attachment":[{"href":"https:\/\/officialeleutheraharbourisland.com\/fr\/wp-json\/wp\/v2\/media?parent=66044"}],"wp:term":[{"taxonomy":"category","embeddable":true,"href":"https:\/\/officialeleutheraharbourisland.com\/fr\/wp-json\/wp\/v2\/categories?post=66044"},{"taxonomy":"post_tag","embeddable":true,"href":"https:\/\/officialeleutheraharbourisland.com\/fr\/wp-json\/wp\/v2\/tags?post=66044"}],"curies":[{"name":"wp","href":"https:\/\/api.w.org\/{rel}","templated":true}]}}