{"id":66045,"date":"2022-03-27T16:01:10","date_gmt":"2022-03-27T16:01:10","guid":{"rendered":"https:\/\/officialeleutheraharbourisland.com\/immobilier\/legal-requirements-to-buy-a-property-in-eleuthera\/bahamas-stamp-duty-tax-bahamas-real-estate-transaction\/"},"modified":"2022-06-29T14:40:34","modified_gmt":"2022-06-29T14:40:34","slug":"droit-de-timbre-des-bahamas","status":"publish","type":"page","link":"https:\/\/officialeleutheraharbourisland.com\/fr\/immobilier\/conditions-legales-pour-acheter-une-propriete-a-eleuthera\/droit-de-timbre-des-bahamas\/","title":{"rendered":"Droit de timbre des Bahamas &#8211; Transactions immobili\u00e8res aux Bahamas"},"content":{"rendered":"<div class=\"wpb-content-wrapper\"><p>[vc_row css=\u00a0\u00bb.vc_custom_1648471521500{padding-bottom: 50px !important;}\u00a0\u00bb][vc_column]<div id=\"ultimate-heading-401669df7eceea9f6\" class=\"uvc-heading ult-adjust-bottom-margin ultimate-heading-401669df7eceea9f6 uvc-1834 \" data-hspacer=\"no_spacer\"  data-halign=\"center\" style=\"text-align:center\"><div class=\"uvc-heading-spacer no_spacer\" style=\"top\"><\/div><div class=\"uvc-main-heading ult-responsive\"  data-ultimate-target='.uvc-heading.ultimate-heading-401669df7eceea9f6 h2'  data-responsive-json-new='{\"font-size\":\"\",\"line-height\":\"\"}' ><h2 style=\"font-weight:700;\">Bahamas stamp duty tax - Bahamas real estate transactions<\/h2><\/div><div class=\"uvc-sub-heading ult-responsive\"  data-ultimate-target='.uvc-heading.ultimate-heading-401669df7eceea9f6 .uvc-sub-heading '  data-responsive-json-new='{\"font-size\":\"\",\"line-height\":\"\"}'  style=\"font-weight:normal;margin-top:5px;margin-bottom:35px;\">IMMOBILIER &#8211; CONDITIONS L\u00c9GALES POUR ACHETER UNE PROPRI\u00c9T\u00c9 AUX BAHAMAS<\/div><\/div>[vc_column_text css=\u00a0\u00bb.vc_custom_1656513623144{padding-bottom: 30px !important;}\u00a0\u00bb]Official Eleuthera Harbour Island vous apporte plus d&rsquo;informations sur la taxe de droit de timbre des Bahamas.<\/p>\n<p>Toutes les transactions immobili\u00e8res de Harbour Island et d&rsquo;Eleuthera sont soumises au droit de timbre du gouvernement des Bahamas, qui est une taxe de transfert impos\u00e9e sur toutes les ventes de propri\u00e9t\u00e9s. Sauf accord contraire, l&rsquo;acheteur et le vendeur se partagent ce co\u00fbt.<\/p>\n<p><strong>Le droit de timbre est pr\u00e9lev\u00e9 sur les transactions comme suit :\u00a0<\/strong><br \/>\nInf\u00e9rieur ou \u00e9gal \u00e0 20 000 $&#8230;&#8230;. 4%<br \/>\nDe 20 001 $ \u00e0 50 000 $ &#8230;&#8230;&#8230;&#8230;&#8230;&#8230;&#8230;. 6%<br \/>\n50.000,01 $ \u00e0 100.000 $&#8230;&#8230;&#8230;&#8230;&#8230; 8%<br \/>\nPlus de 100 000,01 $ &#8230;&#8230;&#8230;&#8230;&#8230;&#8230;&#8230;.. 10%<\/p>\n<p>Suite \u00e0 la mise en place de la TVA, le droit de timbre des Bahamas est pass\u00e9 \u00e0 un taux fixe de 2,5 %, avec une TVA de 7,5 % sur les transactions sup\u00e9rieures \u00e0 100 000 $. Les propri\u00e9taires d&rsquo;une premi\u00e8re maison qui sont exempt\u00e9s du droit de timbre seront \u00e9galement exempt\u00e9s de la TVA.<\/p>\n<p><strong>Vous trouverez ci-dessous quelques exemples :<\/strong><\/p>\n<p><strong>Valeur de la propri\u00e9t\u00e9 Taxe avant TVA Taxe apr\u00e8s TVA<\/strong><br \/>\n80 000 $ 8% de droit de timbre 2,5% (2,5% de droit de timbre + 0% de TVA)<br \/>\n250 000 $ 10% Droit de timbre 10% (2,5% droit de timbre + 7,5% TVA)<br \/>\n500 000 $ (premier propri\u00e9taire) 0 % Droit de timbre 0 % (0 % droit de timbre + 0 % TVA)<\/p>\n<p>Pour plus d&rsquo;informations sur la taxe de timbre des Bahamas sur les transactions immobili\u00e8res \u00e0 Eleuthera et Harbour Island, contactez le service d&rsquo;assistance des Bahamas Taxpayers Services en appelant le 1 242-225 7280 ou en envoyant un courriel \u00e0 taxinquiries@bahamas.gov.bs.<\/p>\n<p>Vous pouvez \u00e9galement \u00e9crire \u00e0 l&rsquo;adresse suivante<br \/>\nD\u00e9partement des recettes int\u00e9rieures<br \/>\nAdministration centrale des recettes<br \/>\nUnit\u00e9 de la taxe sur la valeur ajout\u00e9e<br \/>\nP. O. Box N-13<br \/>\nNassau, N.P.<br \/>\nBahamas<\/p>\n<blockquote class=\"wp-embedded-content\" data-secret=\"ZKzOdkNND5\"><p><a href=\"https:\/\/inlandrevenue.finance.gov.bs\/value-added-tax\/\">VALUE ADDED TAX<\/a><\/p><\/blockquote>\n<p><iframe loading=\"lazy\" class=\"wp-embedded-content\" sandbox=\"allow-scripts\" security=\"restricted\" style=\"position: absolute; clip: rect(1px, 1px, 1px, 1px);\" title=\"&#8220;VALUE ADDED TAX&#8221; &#8212; Department of Inland Revenue\" src=\"https:\/\/inlandrevenue.finance.gov.bs\/value-added-tax\/embed\/#?secret=ZKzOdkNND5\" data-secret=\"ZKzOdkNND5\" width=\"600\" height=\"338\" frameborder=\"0\" marginwidth=\"0\" marginheight=\"0\" scrolling=\"no\"><\/iframe><\/p>\n<p><a href=\"http:\/\/inlandrevenue.finance.gov.bs\/value-added-tax\">http:\/\/inlandrevenue.finance.gov.bs\/value-added-tax<\/a>[\/vc_column_text][\/vc_column][\/vc_row][vc_row css=\u00a0\u00bb.vc_custom_1648471536391{padding-bottom: 50px !important;}\u00a0\u00bb][vc_column]<style type=\"text\/css\" data-type=\"the7_shortcodes-inline-css\">.shortcode-single-image-wrap.shortcode-single-image-1a22c472a2f84fde5741f60a68021446.enable-bg-rollover .rollover i,\n.shortcode-single-image-wrap.shortcode-single-image-1a22c472a2f84fde5741f60a68021446.enable-bg-rollover .rollover-video i {\n  background: -webkit-linear-gradient();\n  background: linear-gradient();\n}\n.shortcode-single-image-wrap.shortcode-single-image-1a22c472a2f84fde5741f60a68021446 .rollover-icon {\n  font-size: 32px;\n  color: #ffffff;\n  min-width: 44px;\n  min-height: 44px;\n  line-height: 44px;\n  border-radius: 100px;\n  border-style: solid;\n  border-width: 0px;\n}\n.dt-icon-bg-on.shortcode-single-image-wrap.shortcode-single-image-1a22c472a2f84fde5741f60a68021446 .rollover-icon {\n  background: rgba(255,255,255,0.3);\n  box-shadow: none;\n}\n<\/style><div class=\"shortcode-single-image-wrap shortcode-single-image-1a22c472a2f84fde5741f60a68021446 alignnone  enable-bg-rollover dt-icon-bg-off\" style=\"margin-top:0px; margin-bottom:0px; margin-left:0px; margin-right:0px;\" data-pretty-share=\"facebook,twitter,pinterest,linkedin\"><div class=\"shortcode-single-image\"><div class=\"fancy-media-wrap  layzr-bg\" style=\"\"><img fetchpriority=\"high\" decoding=\"async\" class=\"preload-me lazy-load aspect\" src=\"data:image\/svg+xml,%3Csvg%20xmlns%3D&#39;http%3A%2F%2Fwww.w3.org%2F2000%2Fsvg&#39;%20viewBox%3D&#39;0%200%20848%20482&#39;%2F%3E\" data-src=\"https:\/\/officialeleutheraharbourisland.com\/wp-content\/uploads\/2022\/06\/legal-1.jpeg\" data-srcset=\"https:\/\/officialeleutheraharbourisland.com\/wp-content\/uploads\/2022\/06\/legal-1.jpeg 848w\" loading=\"eager\" sizes=\"(max-width: 848px) 100vw, 848px\" width=\"848\" height=\"482\"  data-dt-location=\"https:\/\/officialeleutheraharbourisland.com\/fr\/real-estate\/legal-requirements-to-buy-a-property-in-eleuthera\/attachment\/legal-1\/\" style=\"--ratio: 848 \/ 482;\" alt=\"Bahamas stamp duty tax\" \/><\/div><\/div><\/div>[\/vc_column][\/vc_row][vc_row][vc_column]<style type=\"text\/css\" data-type=\"the7_shortcodes-inline-css\">.shortcode-single-image-wrap.shortcode-single-image-1bab62fe07ae625acfa11dd1376b1a11.enable-bg-rollover .rollover i,\n.shortcode-single-image-wrap.shortcode-single-image-1bab62fe07ae625acfa11dd1376b1a11.enable-bg-rollover .rollover-video i {\n  background: -webkit-linear-gradient();\n  background: linear-gradient();\n}\n.shortcode-single-image-wrap.shortcode-single-image-1bab62fe07ae625acfa11dd1376b1a11 .rollover-icon {\n  font-size: 32px;\n  color: #ffffff;\n  min-width: 44px;\n  min-height: 44px;\n  line-height: 44px;\n  border-radius: 100px;\n  border-style: solid;\n  border-width: 0px;\n}\n.dt-icon-bg-on.shortcode-single-image-wrap.shortcode-single-image-1bab62fe07ae625acfa11dd1376b1a11 .rollover-icon {\n  background: rgba(255,255,255,0.3);\n  box-shadow: none;\n}\n<\/style><div class=\"shortcode-single-image-wrap shortcode-single-image-1bab62fe07ae625acfa11dd1376b1a11 alignnone  enable-bg-rollover dt-icon-bg-off\" style=\"margin-top:0px; margin-bottom:0px; margin-left:0px; margin-right:0px; width:1200px;\" data-pretty-share=\"facebook,twitter,pinterest,linkedin\"><div class=\"shortcode-single-image\"><div class=\"fancy-media-wrap  layzr-bg\" style=\"\"><img decoding=\"async\" class=\"preload-me lazy-load aspect\" src=\"data:image\/svg+xml,%3Csvg%20xmlns%3D&#39;http%3A%2F%2Fwww.w3.org%2F2000%2Fsvg&#39;%20viewBox%3D&#39;0%200%201200%20150&#39;%2F%3E\" data-src=\"https:\/\/officialeleutheraharbourisland.com\/wp-content\/uploads\/2022\/03\/banner.jpg\" data-srcset=\"https:\/\/officialeleutheraharbourisland.com\/wp-content\/uploads\/2022\/03\/banner.jpg 1200w\" loading=\"eager\" sizes=\"(max-width: 1200px) 100vw, 1200px\" width=\"1200\" height=\"150\"  data-dt-location=\"https:\/\/officialeleutheraharbourisland.com\/fr\/about-bahamas\/attachment\/banner\/\" style=\"--ratio: 1200 \/ 150;\" alt=\"\" \/><\/div><\/div><\/div>[\/vc_column][\/vc_row]<\/p>\n<\/div>","protected":false},"excerpt":{"rendered":"<p>[vc_row css=\u00a0\u00bb.vc_custom_1648471521500{padding-bottom: 50px !important;}\u00a0\u00bb][vc_column][vc_column_text css=\u00a0\u00bb.vc_custom_1656513623144{padding-bottom: 30px !important;}\u00a0\u00bb]Official Eleuthera Harbour Island vous apporte plus d&rsquo;informations sur la taxe de droit de timbre des Bahamas. Toutes les transactions immobili\u00e8res de Harbour Island et d&rsquo;Eleuthera sont soumises au droit de timbre du gouvernement des Bahamas, qui est une taxe de transfert impos\u00e9e sur toutes les ventes de propri\u00e9t\u00e9s.&hellip;<\/p>\n","protected":false},"author":4,"featured_media":62498,"parent":66038,"menu_order":0,"comment_status":"closed","ping_status":"closed","template":"","meta":{"footnotes":""},"categories":[],"tags":[],"class_list":["post-66045","page","type-page","status-publish","has-post-thumbnail","hentry","description-off"],"yoast_head":"<!-- This site is optimized with the Yoast SEO Premium plugin v25.2 (Yoast SEO v27.4) - https:\/\/yoast.com\/product\/yoast-seo-premium-wordpress\/ -->\n<title>Droit de timbre des Bahamas - Transactions immobili\u00e8res aux Bahamas | Official Eleuthera Harbour Island<\/title>\n<meta name=\"robots\" content=\"index, follow, max-snippet:-1, max-image-preview:large, max-video-preview:-1\" \/>\n<link rel=\"canonical\" href=\"https:\/\/officialeleutheraharbourisland.com\/fr\/immobilier\/conditions-legales-pour-acheter-une-propriete-a-eleuthera\/droit-de-timbre-des-bahamas\/\" \/>\n<meta property=\"og:locale\" content=\"fr_FR\" \/>\n<meta property=\"og:type\" content=\"article\" \/>\n<meta property=\"og:title\" content=\"Droit de timbre des Bahamas - Transactions immobili\u00e8res aux Bahamas\" \/>\n<meta property=\"og:description\" content=\"[vc_row css=\u00a0\u00bb.vc_custom_1648471521500{padding-bottom: 50px !important;}\u00a0\u00bb][vc_column][vc_column_text css=\u00a0\u00bb.vc_custom_1656513623144{padding-bottom: 30px !important;}\u00a0\u00bb]Official Eleuthera Harbour Island vous apporte plus d&rsquo;informations sur la taxe de droit de timbre des Bahamas. Toutes les transactions immobili\u00e8res de Harbour Island et d&rsquo;Eleuthera sont soumises au droit de timbre du gouvernement des Bahamas, qui est une taxe de transfert impos\u00e9e sur toutes les ventes de propri\u00e9t\u00e9s.&hellip;\" \/>\n<meta property=\"og:url\" content=\"https:\/\/officialeleutheraharbourisland.com\/fr\/immobilier\/conditions-legales-pour-acheter-une-propriete-a-eleuthera\/droit-de-timbre-des-bahamas\/\" \/>\n<meta property=\"og:site_name\" content=\"Official Eleuthera Harbour Island\" \/>\n<meta property=\"article:modified_time\" content=\"2022-06-29T14:40:34+00:00\" \/>\n<meta property=\"og:image\" content=\"https:\/\/officialeleutheraharbourisland.com\/wp-content\/uploads\/2022\/06\/legal-1.jpeg\" \/>\n\t<meta property=\"og:image:width\" content=\"848\" \/>\n\t<meta property=\"og:image:height\" content=\"482\" \/>\n\t<meta property=\"og:image:type\" content=\"image\/jpeg\" \/>\n<meta name=\"twitter:card\" content=\"summary_large_image\" \/>\n<meta name=\"twitter:label1\" content=\"Dur\u00e9e de lecture estim\u00e9e\" \/>\n\t<meta name=\"twitter:data1\" content=\"2 minutes\" \/>\n<script type=\"application\/ld+json\" class=\"yoast-schema-graph\">{\"@context\":\"https:\\\/\\\/schema.org\",\"@graph\":[{\"@type\":\"WebPage\",\"@id\":\"https:\\\/\\\/officialeleutheraharbourisland.com\\\/fr\\\/immobilier\\\/conditions-legales-pour-acheter-une-propriete-a-eleuthera\\\/droit-de-timbre-des-bahamas\\\/\",\"url\":\"https:\\\/\\\/officialeleutheraharbourisland.com\\\/fr\\\/immobilier\\\/conditions-legales-pour-acheter-une-propriete-a-eleuthera\\\/droit-de-timbre-des-bahamas\\\/\",\"name\":\"Droit de timbre des Bahamas - Transactions immobili\u00e8res aux Bahamas | Official Eleuthera Harbour Island\",\"isPartOf\":{\"@id\":\"https:\\\/\\\/officialeleutheraharbourisland.com\\\/#website\"},\"primaryImageOfPage\":{\"@id\":\"https:\\\/\\\/officialeleutheraharbourisland.com\\\/fr\\\/immobilier\\\/conditions-legales-pour-acheter-une-propriete-a-eleuthera\\\/droit-de-timbre-des-bahamas\\\/#primaryimage\"},\"image\":{\"@id\":\"https:\\\/\\\/officialeleutheraharbourisland.com\\\/fr\\\/immobilier\\\/conditions-legales-pour-acheter-une-propriete-a-eleuthera\\\/droit-de-timbre-des-bahamas\\\/#primaryimage\"},\"thumbnailUrl\":\"https:\\\/\\\/officialeleutheraharbourisland.com\\\/wp-content\\\/uploads\\\/2022\\\/06\\\/legal-1.jpeg\",\"datePublished\":\"2022-03-27T16:01:10+00:00\",\"dateModified\":\"2022-06-29T14:40:34+00:00\",\"breadcrumb\":{\"@id\":\"https:\\\/\\\/officialeleutheraharbourisland.com\\\/fr\\\/immobilier\\\/conditions-legales-pour-acheter-une-propriete-a-eleuthera\\\/droit-de-timbre-des-bahamas\\\/#breadcrumb\"},\"inLanguage\":\"fr-FR\",\"potentialAction\":[{\"@type\":\"ReadAction\",\"target\":[\"https:\\\/\\\/officialeleutheraharbourisland.com\\\/fr\\\/immobilier\\\/conditions-legales-pour-acheter-une-propriete-a-eleuthera\\\/droit-de-timbre-des-bahamas\\\/\"]}]},{\"@type\":\"ImageObject\",\"inLanguage\":\"fr-FR\",\"@id\":\"https:\\\/\\\/officialeleutheraharbourisland.com\\\/fr\\\/immobilier\\\/conditions-legales-pour-acheter-une-propriete-a-eleuthera\\\/droit-de-timbre-des-bahamas\\\/#primaryimage\",\"url\":\"https:\\\/\\\/officialeleutheraharbourisland.com\\\/wp-content\\\/uploads\\\/2022\\\/06\\\/legal-1.jpeg\",\"contentUrl\":\"https:\\\/\\\/officialeleutheraharbourisland.com\\\/wp-content\\\/uploads\\\/2022\\\/06\\\/legal-1.jpeg\",\"width\":848,\"height\":482,\"caption\":\"Bahamas stamp duty tax\"},{\"@type\":\"BreadcrumbList\",\"@id\":\"https:\\\/\\\/officialeleutheraharbourisland.com\\\/fr\\\/immobilier\\\/conditions-legales-pour-acheter-une-propriete-a-eleuthera\\\/droit-de-timbre-des-bahamas\\\/#breadcrumb\",\"itemListElement\":[{\"@type\":\"ListItem\",\"position\":1,\"name\":\"Home\",\"item\":\"https:\\\/\\\/officialeleutheraharbourisland.com\\\/fr\\\/\"},{\"@type\":\"ListItem\",\"position\":2,\"name\":\"IMMOBILIER\",\"item\":\"https:\\\/\\\/officialeleutheraharbourisland.com\\\/fr\\\/immobilier\\\/\"},{\"@type\":\"ListItem\",\"position\":3,\"name\":\"Conditions l\u00e9gales pour acheter une propri\u00e9t\u00e9 \u00e0 Eleuthera\",\"item\":\"https:\\\/\\\/officialeleutheraharbourisland.com\\\/fr\\\/immobilier\\\/conditions-legales-pour-acheter-une-propriete-a-eleuthera\\\/\"},{\"@type\":\"ListItem\",\"position\":4,\"name\":\"Droit de timbre des Bahamas &#8211; Transactions immobili\u00e8res aux Bahamas\"}]},{\"@type\":\"WebSite\",\"@id\":\"https:\\\/\\\/officialeleutheraharbourisland.com\\\/#website\",\"url\":\"https:\\\/\\\/officialeleutheraharbourisland.com\\\/\",\"name\":\"Official Eleuthera Harbour Island\",\"description\":\"Where Beauty &amp; Nature Meet\",\"publisher\":{\"@id\":\"https:\\\/\\\/officialeleutheraharbourisland.com\\\/#organization\"},\"potentialAction\":[{\"@type\":\"SearchAction\",\"target\":{\"@type\":\"EntryPoint\",\"urlTemplate\":\"https:\\\/\\\/officialeleutheraharbourisland.com\\\/?s={search_term_string}\"},\"query-input\":{\"@type\":\"PropertyValueSpecification\",\"valueRequired\":true,\"valueName\":\"search_term_string\"}}],\"inLanguage\":\"fr-FR\"},{\"@type\":\"Organization\",\"@id\":\"https:\\\/\\\/officialeleutheraharbourisland.com\\\/#organization\",\"name\":\"Official Eleuthera Harbour Island\",\"url\":\"https:\\\/\\\/officialeleutheraharbourisland.com\\\/\",\"logo\":{\"@type\":\"ImageObject\",\"inLanguage\":\"fr-FR\",\"@id\":\"https:\\\/\\\/officialeleutheraharbourisland.com\\\/#\\\/schema\\\/logo\\\/image\\\/\",\"url\":\"https:\\\/\\\/officialeleutheraharbourisland.com\\\/wp-content\\\/uploads\\\/2022\\\/03\\\/logo-new-GREY-275.png\",\"contentUrl\":\"https:\\\/\\\/officialeleutheraharbourisland.com\\\/wp-content\\\/uploads\\\/2022\\\/03\\\/logo-new-GREY-275.png\",\"width\":275,\"height\":22,\"caption\":\"Official Eleuthera Harbour Island\"},\"image\":{\"@id\":\"https:\\\/\\\/officialeleutheraharbourisland.com\\\/#\\\/schema\\\/logo\\\/image\\\/\"}}]}<\/script>\n<!-- \/ Yoast SEO Premium plugin. -->","yoast_head_json":{"title":"Droit de timbre des Bahamas - Transactions immobili\u00e8res aux Bahamas | Official Eleuthera Harbour Island","robots":{"index":"index","follow":"follow","max-snippet":"max-snippet:-1","max-image-preview":"max-image-preview:large","max-video-preview":"max-video-preview:-1"},"canonical":"https:\/\/officialeleutheraharbourisland.com\/fr\/immobilier\/conditions-legales-pour-acheter-une-propriete-a-eleuthera\/droit-de-timbre-des-bahamas\/","og_locale":"fr_FR","og_type":"article","og_title":"Droit de timbre des Bahamas - Transactions immobili\u00e8res aux Bahamas","og_description":"[vc_row css=\u00a0\u00bb.vc_custom_1648471521500{padding-bottom: 50px !important;}\u00a0\u00bb][vc_column][vc_column_text css=\u00a0\u00bb.vc_custom_1656513623144{padding-bottom: 30px !important;}\u00a0\u00bb]Official Eleuthera Harbour Island vous apporte plus d&rsquo;informations sur la taxe de droit de timbre des Bahamas. Toutes les transactions immobili\u00e8res de Harbour Island et d&rsquo;Eleuthera sont soumises au droit de timbre du gouvernement des Bahamas, qui est une taxe de transfert impos\u00e9e sur toutes les ventes de propri\u00e9t\u00e9s.&hellip;","og_url":"https:\/\/officialeleutheraharbourisland.com\/fr\/immobilier\/conditions-legales-pour-acheter-une-propriete-a-eleuthera\/droit-de-timbre-des-bahamas\/","og_site_name":"Official Eleuthera Harbour Island","article_modified_time":"2022-06-29T14:40:34+00:00","og_image":[{"width":848,"height":482,"url":"https:\/\/officialeleutheraharbourisland.com\/wp-content\/uploads\/2022\/06\/legal-1.jpeg","type":"image\/jpeg"}],"twitter_card":"summary_large_image","twitter_misc":{"Dur\u00e9e de lecture estim\u00e9e":"2 minutes"},"schema":{"@context":"https:\/\/schema.org","@graph":[{"@type":"WebPage","@id":"https:\/\/officialeleutheraharbourisland.com\/fr\/immobilier\/conditions-legales-pour-acheter-une-propriete-a-eleuthera\/droit-de-timbre-des-bahamas\/","url":"https:\/\/officialeleutheraharbourisland.com\/fr\/immobilier\/conditions-legales-pour-acheter-une-propriete-a-eleuthera\/droit-de-timbre-des-bahamas\/","name":"Droit de timbre des Bahamas - Transactions immobili\u00e8res aux Bahamas | Official Eleuthera Harbour Island","isPartOf":{"@id":"https:\/\/officialeleutheraharbourisland.com\/#website"},"primaryImageOfPage":{"@id":"https:\/\/officialeleutheraharbourisland.com\/fr\/immobilier\/conditions-legales-pour-acheter-une-propriete-a-eleuthera\/droit-de-timbre-des-bahamas\/#primaryimage"},"image":{"@id":"https:\/\/officialeleutheraharbourisland.com\/fr\/immobilier\/conditions-legales-pour-acheter-une-propriete-a-eleuthera\/droit-de-timbre-des-bahamas\/#primaryimage"},"thumbnailUrl":"https:\/\/officialeleutheraharbourisland.com\/wp-content\/uploads\/2022\/06\/legal-1.jpeg","datePublished":"2022-03-27T16:01:10+00:00","dateModified":"2022-06-29T14:40:34+00:00","breadcrumb":{"@id":"https:\/\/officialeleutheraharbourisland.com\/fr\/immobilier\/conditions-legales-pour-acheter-une-propriete-a-eleuthera\/droit-de-timbre-des-bahamas\/#breadcrumb"},"inLanguage":"fr-FR","potentialAction":[{"@type":"ReadAction","target":["https:\/\/officialeleutheraharbourisland.com\/fr\/immobilier\/conditions-legales-pour-acheter-une-propriete-a-eleuthera\/droit-de-timbre-des-bahamas\/"]}]},{"@type":"ImageObject","inLanguage":"fr-FR","@id":"https:\/\/officialeleutheraharbourisland.com\/fr\/immobilier\/conditions-legales-pour-acheter-une-propriete-a-eleuthera\/droit-de-timbre-des-bahamas\/#primaryimage","url":"https:\/\/officialeleutheraharbourisland.com\/wp-content\/uploads\/2022\/06\/legal-1.jpeg","contentUrl":"https:\/\/officialeleutheraharbourisland.com\/wp-content\/uploads\/2022\/06\/legal-1.jpeg","width":848,"height":482,"caption":"Bahamas stamp duty tax"},{"@type":"BreadcrumbList","@id":"https:\/\/officialeleutheraharbourisland.com\/fr\/immobilier\/conditions-legales-pour-acheter-une-propriete-a-eleuthera\/droit-de-timbre-des-bahamas\/#breadcrumb","itemListElement":[{"@type":"ListItem","position":1,"name":"Home","item":"https:\/\/officialeleutheraharbourisland.com\/fr\/"},{"@type":"ListItem","position":2,"name":"IMMOBILIER","item":"https:\/\/officialeleutheraharbourisland.com\/fr\/immobilier\/"},{"@type":"ListItem","position":3,"name":"Conditions l\u00e9gales pour acheter une propri\u00e9t\u00e9 \u00e0 Eleuthera","item":"https:\/\/officialeleutheraharbourisland.com\/fr\/immobilier\/conditions-legales-pour-acheter-une-propriete-a-eleuthera\/"},{"@type":"ListItem","position":4,"name":"Droit de timbre des Bahamas &#8211; Transactions immobili\u00e8res aux Bahamas"}]},{"@type":"WebSite","@id":"https:\/\/officialeleutheraharbourisland.com\/#website","url":"https:\/\/officialeleutheraharbourisland.com\/","name":"Official Eleuthera Harbour Island","description":"Where Beauty &amp; Nature Meet","publisher":{"@id":"https:\/\/officialeleutheraharbourisland.com\/#organization"},"potentialAction":[{"@type":"SearchAction","target":{"@type":"EntryPoint","urlTemplate":"https:\/\/officialeleutheraharbourisland.com\/?s={search_term_string}"},"query-input":{"@type":"PropertyValueSpecification","valueRequired":true,"valueName":"search_term_string"}}],"inLanguage":"fr-FR"},{"@type":"Organization","@id":"https:\/\/officialeleutheraharbourisland.com\/#organization","name":"Official Eleuthera Harbour Island","url":"https:\/\/officialeleutheraharbourisland.com\/","logo":{"@type":"ImageObject","inLanguage":"fr-FR","@id":"https:\/\/officialeleutheraharbourisland.com\/#\/schema\/logo\/image\/","url":"https:\/\/officialeleutheraharbourisland.com\/wp-content\/uploads\/2022\/03\/logo-new-GREY-275.png","contentUrl":"https:\/\/officialeleutheraharbourisland.com\/wp-content\/uploads\/2022\/03\/logo-new-GREY-275.png","width":275,"height":22,"caption":"Official Eleuthera Harbour Island"},"image":{"@id":"https:\/\/officialeleutheraharbourisland.com\/#\/schema\/logo\/image\/"}}]}},"jetpack_sharing_enabled":true,"_links":{"self":[{"href":"https:\/\/officialeleutheraharbourisland.com\/fr\/wp-json\/wp\/v2\/pages\/66045","targetHints":{"allow":["GET"]}}],"collection":[{"href":"https:\/\/officialeleutheraharbourisland.com\/fr\/wp-json\/wp\/v2\/pages"}],"about":[{"href":"https:\/\/officialeleutheraharbourisland.com\/fr\/wp-json\/wp\/v2\/types\/page"}],"author":[{"embeddable":true,"href":"https:\/\/officialeleutheraharbourisland.com\/fr\/wp-json\/wp\/v2\/users\/4"}],"replies":[{"embeddable":true,"href":"https:\/\/officialeleutheraharbourisland.com\/fr\/wp-json\/wp\/v2\/comments?post=66045"}],"version-history":[{"count":2,"href":"https:\/\/officialeleutheraharbourisland.com\/fr\/wp-json\/wp\/v2\/pages\/66045\/revisions"}],"predecessor-version":[{"id":66053,"href":"https:\/\/officialeleutheraharbourisland.com\/fr\/wp-json\/wp\/v2\/pages\/66045\/revisions\/66053"}],"up":[{"embeddable":true,"href":"https:\/\/officialeleutheraharbourisland.com\/fr\/wp-json\/wp\/v2\/pages\/66038"}],"wp:featuredmedia":[{"embeddable":true,"href":"https:\/\/officialeleutheraharbourisland.com\/fr\/wp-json\/wp\/v2\/media\/62498"}],"wp:attachment":[{"href":"https:\/\/officialeleutheraharbourisland.com\/fr\/wp-json\/wp\/v2\/media?parent=66045"}],"wp:term":[{"taxonomy":"category","embeddable":true,"href":"https:\/\/officialeleutheraharbourisland.com\/fr\/wp-json\/wp\/v2\/categories?post=66045"},{"taxonomy":"post_tag","embeddable":true,"href":"https:\/\/officialeleutheraharbourisland.com\/fr\/wp-json\/wp\/v2\/tags?post=66045"}],"curies":[{"name":"wp","href":"https:\/\/api.w.org\/{rel}","templated":true}]}}