{"id":66574,"date":"2016-09-28T11:10:47","date_gmt":"2016-09-28T11:10:47","guid":{"rendered":"https:\/\/officialeleutheraharbourisland.com\/spanish-wells\/ou-sejourner\/hotels\/"},"modified":"2016-09-28T11:10:47","modified_gmt":"2016-09-28T11:10:47","slug":"hotels","status":"publish","type":"page","link":"https:\/\/officialeleutheraharbourisland.com\/fr\/eleuthera\/central-eleuthera\/ou-sejourner\/hotels\/","title":{"rendered":"H\u00d4TELS copy copy copy"},"content":{"rendered":"<div class=\"wpb-content-wrapper\"><p>[vc_row css=\u00a0\u00bb.vc_custom_1649709850618{padding-bottom: 30px !important;}\u00a0\u00bb][vc_column]<div id=\"ultimate-heading-394869de6f539359c\" class=\"uvc-heading ult-adjust-bottom-margin ultimate-heading-394869de6f539359c uvc-4458 \" data-hspacer=\"line_only\"  data-halign=\"left\" style=\"text-align:left\"><div class=\"uvc-main-heading ult-responsive\"  data-ultimate-target='.uvc-heading.ultimate-heading-394869de6f539359c h2'  data-responsive-json-new='{\"font-size\":\"\",\"line-height\":\"\"}' ><h2 style=\"font-weight:normal;margin-bottom:15px;\">H\u00f4tels \u00e0 Harbour Island<\/h2><\/div><div class=\"uvc-heading-spacer line_only\" style=\"margin-bottom:15px;height:3px;\"><span class=\"uvc-headings-line\" style=\"border-style:solid;border-bottom-width:3px;border-color:#7ac1ff;width:70px;\"><\/span><\/div><div class=\"uvc-sub-heading ult-responsive\"  data-ultimate-target='.uvc-heading.ultimate-heading-394869de6f539359c .uvc-sub-heading '  data-responsive-json-new='{\"font-size\":\"\",\"line-height\":\"\"}'  style=\"font-weight:normal;margin-bottom:15px;\">Le site officiel d&rsquo;Eleuthera Harbour Island vous donne des informations sur les h\u00f4tels de Harbour Island. Les h\u00f4tels et les centres de vill\u00e9giature de Harbour Island sont parmi les meilleurs des Bahamas. Vous trouverez ici une liste des diff\u00e9rents types d&rsquo;h\u00f4tels que vous pouvez trouver sur l&rsquo;\u00eele.<\/div><\/div>[\/vc_column][\/vc_row][vc_row][vc_column width=\u00a0\u00bb3\/4&Prime;]<div class=\"lsd-list-view-wrapper  lsd-style-style2 lsd-font-m\" id=\"lsd_skin59360\" data-next-page=\"2\">\r\n\r\n    \r\n    \r\n    \r\n    \r\n    <div class=\"lsd-list-view-listings-wrapper lsd-viewstyle-list\">\r\n        <div class=\"lsd-listing-wrapper\">\r\n            \n            <div class=\"lsd-row\">\n    \n    <div class=\"lsd-col-12\">\n        <div class=\"lsd-listing\" itemscope itemtype=\"https:\/\/schema.org\/LocalBusiness\">\n\n                        <div class=\"lsd-listing-image lsd-has-image\">\n                <a class=\"lsd-cover-img-wrapper lsd-has-image\" href=\"https:\/\/officialeleutheraharbourisland.com\/fr\/listings\/the-dunmore-hotel\/\" itemprop=\"url\" itemscope itemtype=\"http:\/\/schema.org\/ImageObject\">\r\n    <img data-recalc-dims=\"1\" loading=\"lazy\" decoding=\"async\" width=\"390\" height=\"260\" src=\"https:\/\/i0.wp.com\/officialeleutheraharbourisland.com\/wp-content\/uploads\/2022\/07\/Sitting-Pretty-Dunmore-Resort-hotel-7.jpeg?resize=390%2C260&#038;ssl=1\" class=\"attachment-390x260 size-390x260 wp-post-image\" alt=\"\" itemprop=\"&quot;contentUrl&quot;\" \/><\/a>\r\n            <\/div>\n            \n            <div class=\"lsd-listing-body\">\n\t\t\t\n\t\t\t\t\t\t\t\t\n\t\t\t\t\t\t\t\n\t\t\t\t\t\t\t\n\t\t\t\t<h3 class=\"lsd-listing-title\" itemprop=\"name\">\n                    <a href=\"https:\/\/officialeleutheraharbourisland.com\/fr\/listings\/the-dunmore-hotel\/\" itemprop=\"url\">The Dunmore <strong>Hotel<\/strong><\/a>                <\/h3>\n\n\t\t\t\t<p class=\"lsd-listing-content\">\n                                    <\/p>\n\n                \n                <!-- Agregado para probar -->\n                <p><\/p>\n\n                                    \n                    \n\n                <div class=\"lsd-listing-contact-info\">\n                    <div class=\"lsd-contact-info\">\r\n    <ul>\r\n\r\n                <li>\r\n\t\t\t<strong><i class=\"lsd-icon fas fa-phone-alt\"><\/i><\/strong>\r\n\t\t\t<span itemprop=\"telephone\">\r\n\t\t\t\t<a href=\"tel:+1 242-333-2200\">+1 242-333-2200<\/a>\r\n\t\t\t<\/span>\r\n\t\t<\/li>\r\n        \r\n                <li>\r\n\t\t\t<strong><i class=\"lsd-icon fa fa-envelope\"><\/i><\/strong>\r\n\t\t\t<span itemprop=\"email\">\r\n\t\t\t\t<a href=\"mailto:reservations@dunmorebeach.com\">reservations@dunmorebeach.com<\/a>\r\n\t\t\t<\/span>\r\n\t\t<\/li>\r\n        \r\n                <li>\r\n            <strong><i class=\"lsd-icon fas fa-link\"><\/i><\/strong>\r\n            <span>\r\n                <a href=\"http:\/\/Www.dunmorebeach.com\/\">http:\/\/Www.dunmorebeach.com\/<\/a>\r\n            <\/span>\r\n        <\/li>\r\n        \r\n                <li>\r\n            <strong><i class=\"lsd-icon fas fa-search-location\"><\/i><\/strong>\r\n            <span>27122 Goal Street Harbour Island, The Bahamas<\/span>\r\n        <\/li>\r\n        \r\n    <\/ul>\r\n\r\n    <\/div>                <\/div>\n\t\t\t\t\n\t\t\t\t<div class=\"lsd-listing-price-categories\">\n\t\t\t\t\n\t\t\t\t\t\t\t\t\t\t<div class=\"lsd-listing-price lsd-color-m-bg lsd-color-white-txt\" itemprop=\"priceRange\">\n\t\t\t\t\t\t    <span class=\"lsd-min-price\">$470<\/span>\r\n\r\n    <span class=\"lsd-minmax-price-separator\"> - <\/span><span class=\"lsd-max-price\">$1<\/span>\r\n\r\n    <span class=\"lsd-text-price-separator\"> \/<\/span><span class=\"lsd-text-price\">per night (based on average rates for a standard room)<\/span>\r\n\t\t\t\t\t<\/div>\n\t\t\t\t\t\t\t\t\t\t\n\t\t\t\t\t<div class=\"lsd-listing-categories\">\n\t\t\t\t\t\t\t\t\t\t\t<\/div>\n\t\t\t\t\t\n\t\t\t\t<\/div>\n\t\t\t\t\n\t\t\t\t<div class=\"lsd-listing-availability\">\n\t\t\t\t\t<div class=\"lsd-ava-one-day\">\r\n        <i class=\"lsd-icon far fa-calendar-alt\" aria-hidden=\"true\"><\/i>\r\n    <span class=\"lsd-ava-hour\">24-hour front desk<\/span>\r\n    <\/div>\r\n\t\t\t\t<\/div>\n\t\t\t\t\n\t\t\t\t<div class=\"lsd-listing-bottom-bar\">\n                  \n\t\t\t\t\t                    <div class=\"lsd-listing-share\">\n                        <div class=\"lsd-share lsd-share-archive\">\r\n    <div class=\"lsd-share-icon\">\r\n\t\t<ul class=\"lsd-share-list lsd-color-m-brd\">\r\n\t\t\t<li class=\"lsd-main-icon lsd-color-m-txt\"><i class=\"lsd-icon fa fa-share-alt fa-lg\"><\/i><\/li>\r\n\t\t\t<li class=\"lsd-share-list-item\"><a class=\"lsd-share-facebook\" href=\"https:\/\/www.facebook.com\/sharer\/sharer.php?u=https:\/\/officialeleutheraharbourisland.com\/fr\/listings\/the-dunmore-hotel\/\" title=\"Share on Facebook\">\r\n            <i class=\"lsd-icon fab fa-facebook-f\"><\/i>\r\n        <\/a><\/li><li class=\"lsd-share-list-item\"><a class=\"lsd-share-twitter\" href=\"https:\/\/twitter.com\/share?url=https:\/\/officialeleutheraharbourisland.com\/fr\/listings\/the-dunmore-hotel\/\" target=\"_blank\" title=\"Tweet\">\r\n            <i class=\"lsd-icon fab fa-twitter\"><\/i>\r\n        <\/a><\/li><li class=\"lsd-share-list-item\"><a class=\"lsd-share-pinterest\" href=\"https:\/\/pinterest.com\/pin\/create\/link\/?url=https:\/\/officialeleutheraharbourisland.com\/fr\/listings\/the-dunmore-hotel\/&amp;description=The Dunmore Hotel\" target=\"_blank\" title=\"Pin it\">\r\n            <i class=\"lsd-icon fab fa-pinterest-p\"><\/i>\r\n        <\/a><\/li><li class=\"lsd-share-list-item\"><a class=\"lsd-share-linkedin\" href=\"https:\/\/www.linkedin.com\/shareArticle?mini=true&amp;url=https:\/\/officialeleutheraharbourisland.com\/fr\/listings\/the-dunmore-hotel\/\" target=\"_blank\" title=\"Linkedin\">\r\n            <i class=\"lsd-icon fab fa-linkedin-in\"><\/i>\r\n        <\/a><\/li>\t\t<\/ul>\r\n    <\/div>\r\n<\/div>\r\n                    <\/div>\n\t\t\t\t\t\t\t\t\t\t\n\t\t\t\t\t<div class=\"lsd-listing-locations\">\n\t\t\t\t\t\t<ul class=\"lsd-locations-list\">\r\n        <li class=\"lsd-locations-list-item\" itemscope itemtype=\"http:\/\/schema.org\/LocationFeatureSpecification\">\r\n\t\t<a href=\"https:\/\/officialeleutheraharbourisland.com\/fr\/listing-location\/harbour-island-fr\/\" itemprop=\"name\">\r\n\t\t\t<i class=\"lsd-icon fas fa-map-marker-alt\"><\/i>\r\n\t\t\tHarbour Island\t\t<\/a>\r\n\t<\/li>\r\n    <\/ul>\t\t\t\t\t<\/div>\n\t\t\t\t\t\n                <\/div>\n\t\t\t\t\n            <\/div>\n\t\t\t\n\t\t<\/div>\n    <\/div>\n\n            <\/div>\n    \n\n            <div class=\"lsd-row\">\n    \n    <div class=\"lsd-col-12\">\n        <div class=\"lsd-listing\" itemscope itemtype=\"https:\/\/schema.org\/LocalBusiness\">\n\n                        <div class=\"lsd-listing-image lsd-has-image\">\n                <a class=\"lsd-cover-img-wrapper lsd-has-image\" href=\"https:\/\/officialeleutheraharbourisland.com\/fr\/listings\/coral-sands\/\" itemprop=\"url\" itemscope itemtype=\"http:\/\/schema.org\/ImageObject\">\r\n    <img data-recalc-dims=\"1\" loading=\"lazy\" decoding=\"async\" width=\"347\" height=\"260\" src=\"https:\/\/i0.wp.com\/officialeleutheraharbourisland.com\/wp-content\/uploads\/2023\/01\/new-image-4.jpeg?resize=347%2C260&#038;ssl=1\" class=\"attachment-390x260 size-390x260 wp-post-image\" alt=\"\" itemprop=\"&quot;contentUrl&quot;\" \/><\/a>\r\n            <\/div>\n            \n            <div class=\"lsd-listing-body\">\n\t\t\t\n\t\t\t\t\t\t\t\t\n\t\t\t\t\t\t\t\n\t\t\t\t\t\t\t\n\t\t\t\t<h3 class=\"lsd-listing-title\" itemprop=\"name\">\n                    <a href=\"https:\/\/officialeleutheraharbourisland.com\/fr\/listings\/coral-sands\/\" itemprop=\"url\">Coral <strong>Sands<\/strong><\/a>                <\/h3>\n\n\t\t\t\t<p class=\"lsd-listing-content\">\n                                    <\/p>\n\n                                <div class=\"lsd-listing-address\" itemprop=\"address\">\n                    Chapel Street, The Bahamas                <\/div>\n                \n                <!-- Agregado para probar -->\n                <p><\/p>\n\n                                    \n                    \n\n                <div class=\"lsd-listing-contact-info\">\n                    <div class=\"lsd-contact-info\">\r\n    <ul>\r\n\r\n                <li>\r\n\t\t\t<strong><i class=\"lsd-icon fas fa-phone-alt\"><\/i><\/strong>\r\n\t\t\t<span itemprop=\"telephone\">\r\n\t\t\t\t<a href=\"tel:+1 242-333-2320\">+1 242-333-2320<\/a>\r\n\t\t\t<\/span>\r\n\t\t<\/li>\r\n        \r\n        \r\n                <li>\r\n            <strong><i class=\"lsd-icon fas fa-link\"><\/i><\/strong>\r\n            <span>\r\n                <a href=\"https:\/\/www.coralsands.com\/\">https:\/\/www.coralsands.com\/<\/a>\r\n            <\/span>\r\n        <\/li>\r\n        \r\n                <li>\r\n            <strong><i class=\"lsd-icon fas fa-search-location\"><\/i><\/strong>\r\n            <span>Chapel Street, The Bahamas<\/span>\r\n        <\/li>\r\n        \r\n    <\/ul>\r\n\r\n    <\/div>                <\/div>\n\t\t\t\t\n\t\t\t\t<div class=\"lsd-listing-price-categories\">\n\t\t\t\t\n\t\t\t\t\t\t\t\t\t\t<div class=\"lsd-listing-price lsd-color-m-bg lsd-color-white-txt\" itemprop=\"priceRange\">\n\t\t\t\t\t\t    <span class=\"lsd-min-price\">$475<\/span>\r\n\r\n    <span class=\"lsd-minmax-price-separator\"> - <\/span><span class=\"lsd-max-price\">$2<\/span>\r\n\r\n    <span class=\"lsd-text-price-separator\"> \/<\/span><span class=\"lsd-text-price\">per night (based on average rates for a standard room)<\/span>\r\n\t\t\t\t\t<\/div>\n\t\t\t\t\t\t\t\t\t\t\n\t\t\t\t\t<div class=\"lsd-listing-categories\">\n\t\t\t\t\t\t\t\t\t\t\t<\/div>\n\t\t\t\t\t\n\t\t\t\t<\/div>\n\t\t\t\t\n\t\t\t\t<div class=\"lsd-listing-availability\">\n\t\t\t\t\t<div class=\"lsd-ava-one-day\">\r\n        <i class=\"lsd-icon far fa-calendar-alt\" aria-hidden=\"true\"><\/i>\r\n    <span class=\"lsd-ava-hour\">24-hour front desk<\/span>\r\n    <\/div>\r\n\t\t\t\t<\/div>\n\t\t\t\t\n\t\t\t\t<div class=\"lsd-listing-bottom-bar\">\n                  \n\t\t\t\t\t                    <div class=\"lsd-listing-share\">\n                        <div class=\"lsd-share lsd-share-archive\">\r\n    <div class=\"lsd-share-icon\">\r\n\t\t<ul class=\"lsd-share-list lsd-color-m-brd\">\r\n\t\t\t<li class=\"lsd-main-icon lsd-color-m-txt\"><i class=\"lsd-icon fa fa-share-alt fa-lg\"><\/i><\/li>\r\n\t\t\t<li class=\"lsd-share-list-item\"><a class=\"lsd-share-facebook\" href=\"https:\/\/www.facebook.com\/sharer\/sharer.php?u=https:\/\/officialeleutheraharbourisland.com\/fr\/listings\/coral-sands\/\" title=\"Share on Facebook\">\r\n            <i class=\"lsd-icon fab fa-facebook-f\"><\/i>\r\n        <\/a><\/li><li class=\"lsd-share-list-item\"><a class=\"lsd-share-twitter\" href=\"https:\/\/twitter.com\/share?url=https:\/\/officialeleutheraharbourisland.com\/fr\/listings\/coral-sands\/\" target=\"_blank\" title=\"Tweet\">\r\n            <i class=\"lsd-icon fab fa-twitter\"><\/i>\r\n        <\/a><\/li><li class=\"lsd-share-list-item\"><a class=\"lsd-share-pinterest\" href=\"https:\/\/pinterest.com\/pin\/create\/link\/?url=https:\/\/officialeleutheraharbourisland.com\/fr\/listings\/coral-sands\/&amp;description=Coral Sands\" target=\"_blank\" title=\"Pin it\">\r\n            <i class=\"lsd-icon fab fa-pinterest-p\"><\/i>\r\n        <\/a><\/li><li class=\"lsd-share-list-item\"><a class=\"lsd-share-linkedin\" href=\"https:\/\/www.linkedin.com\/shareArticle?mini=true&amp;url=https:\/\/officialeleutheraharbourisland.com\/fr\/listings\/coral-sands\/\" target=\"_blank\" title=\"Linkedin\">\r\n            <i class=\"lsd-icon fab fa-linkedin-in\"><\/i>\r\n        <\/a><\/li>\t\t<\/ul>\r\n    <\/div>\r\n<\/div>\r\n                    <\/div>\n\t\t\t\t\t\t\t\t\t\t\n\t\t\t\t\t<div class=\"lsd-listing-locations\">\n\t\t\t\t\t\t<ul class=\"lsd-locations-list\">\r\n        <li class=\"lsd-locations-list-item\" itemscope itemtype=\"http:\/\/schema.org\/LocationFeatureSpecification\">\r\n\t\t<a href=\"https:\/\/officialeleutheraharbourisland.com\/fr\/listing-location\/harbour-island-fr\/\" itemprop=\"name\">\r\n\t\t\t<i class=\"lsd-icon fas fa-map-marker-alt\"><\/i>\r\n\t\t\tHarbour Island\t\t<\/a>\r\n\t<\/li>\r\n    <\/ul>\t\t\t\t\t<\/div>\n\t\t\t\t\t\n                <\/div>\n\t\t\t\t\n            <\/div>\n\t\t\t\n\t\t<\/div>\n    <\/div>\n\n            <\/div>\n    \n        <\/div>\r\n    <\/div>\r\n\r\n    \r\n    <\/div>[\/vc_column][vc_column width=\u00a0\u00bb1\/4&Prime;]<div id=\"ultimate-heading-550269de6f539e7a8\" class=\"uvc-heading ult-adjust-bottom-margin ultimate-heading-550269de6f539e7a8 uvc-4803 \" data-hspacer=\"line_only\"  data-halign=\"left\" style=\"text-align:left\"><div class=\"uvc-main-heading ult-responsive\"  data-ultimate-target='.uvc-heading.ultimate-heading-550269de6f539e7a8 h6'  data-responsive-json-new='{\"font-size\":\"\",\"line-height\":\"\"}' ><h6 style=\"font-weight:normal;margin-bottom:15px;\">Voir les h\u00f4tels dans les autres lieux<\/h6><\/div><div class=\"uvc-heading-spacer line_only\" style=\"margin-bottom:15px;height:3px;\"><span class=\"uvc-headings-line\" style=\"border-style:solid;border-bottom-width:3px;border-color:#7ac1ff;width:60px;\"><\/span><\/div><\/div>[vc_raw_html]JTVCbGlzdGRvbS1zZWFyY2glMjBpZCUzRCUyMjU5MzY2JTIyJTVE[\/vc_raw_html][\/vc_column][\/vc_row][vc_row css=\u00a0\u00bb.vc_custom_1650913963246{padding-bottom: 0px !important;}\u00a0\u00bb][vc_column width=\u00a0\u00bb1\/2&Prime;][vc_raw_html]JTVCbWV0YXNsaWRlciUyMGlkJTNEJTIyNTg5NDElMjIlNUQ=[\/vc_raw_html][\/vc_column][vc_column width=\u00a0\u00bb1\/2&Prime;][vc_raw_html]JTVCbWV0YXNsaWRlciUyMGlkJTNEJTIyNTg5NDElMjIlNUQ=[\/vc_raw_html][\/vc_column][\/vc_row]<\/p>\n<\/div>","protected":false},"excerpt":{"rendered":"<p>[vc_row css=\u00a0\u00bb.vc_custom_1649709850618{padding-bottom: 30px !important;}\u00a0\u00bb][vc_column][\/vc_column][\/vc_row][vc_row][vc_column width=\u00a0\u00bb3\/4&Prime;][\/vc_column][vc_column width=\u00a0\u00bb1\/4&Prime;][vc_raw_html]JTVCbGlzdGRvbS1zZWFyY2glMjBpZCUzRCUyMjU5MzY2JTIyJTVE[\/vc_raw_html][\/vc_column][\/vc_row][vc_row css=\u00a0\u00bb.vc_custom_1650913963246{padding-bottom: 0px !important;}\u00a0\u00bb][vc_column width=\u00a0\u00bb1\/2&Prime;][vc_raw_html]JTVCbWV0YXNsaWRlciUyMGlkJTNEJTIyNTg5NDElMjIlNUQ=[\/vc_raw_html][\/vc_column][vc_column width=\u00a0\u00bb1\/2&Prime;][vc_raw_html]JTVCbWV0YXNsaWRlciUyMGlkJTNEJTIyNTg5NDElMjIlNUQ=[\/vc_raw_html][\/vc_column][\/vc_row]<\/p>\n","protected":false},"author":3,"featured_media":0,"parent":62959,"menu_order":20,"comment_status":"closed","ping_status":"closed","template":"","meta":{"footnotes":""},"categories":[],"tags":[],"class_list":["post-66574","page","type-page","status-publish","hentry","description-off"],"yoast_head":"<!-- This site is optimized with the Yoast SEO Premium plugin v25.2 (Yoast SEO v27.3) - https:\/\/yoast.com\/product\/yoast-seo-premium-wordpress\/ -->\n<title>H\u00d4TELS copy copy copy | Official Eleuthera Harbour Island<\/title>\n<meta name=\"robots\" content=\"index, follow, max-snippet:-1, max-image-preview:large, max-video-preview:-1\" \/>\n<link rel=\"canonical\" href=\"https:\/\/officialeleutheraharbourisland.com\/fr\/spanish-wells\/ou-sejourner\/hotels\/\" \/>\n<meta property=\"og:locale\" content=\"fr_FR\" \/>\n<meta property=\"og:type\" content=\"article\" \/>\n<meta property=\"og:title\" content=\"H\u00d4TELS copy copy copy\" \/>\n<meta property=\"og:description\" content=\"[vc_row css=\u00a0\u00bb.vc_custom_1649709850618{padding-bottom: 30px !important;}\u00a0\u00bb][vc_column][\/vc_column][\/vc_row][vc_row][vc_column width=\u00a0\u00bb3\/4&Prime;][\/vc_column][vc_column width=\u00a0\u00bb1\/4&Prime;][vc_raw_html]JTVCbGlzdGRvbS1zZWFyY2glMjBpZCUzRCUyMjU5MzY2JTIyJTVE[\/vc_raw_html][\/vc_column][\/vc_row][vc_row css=\u00a0\u00bb.vc_custom_1650913963246{padding-bottom: 0px !important;}\u00a0\u00bb][vc_column width=\u00a0\u00bb1\/2&Prime;][vc_raw_html]JTVCbWV0YXNsaWRlciUyMGlkJTNEJTIyNTg5NDElMjIlNUQ=[\/vc_raw_html][\/vc_column][vc_column width=\u00a0\u00bb1\/2&Prime;][vc_raw_html]JTVCbWV0YXNsaWRlciUyMGlkJTNEJTIyNTg5NDElMjIlNUQ=[\/vc_raw_html][\/vc_column][\/vc_row]\" \/>\n<meta property=\"og:url\" content=\"https:\/\/officialeleutheraharbourisland.com\/fr\/spanish-wells\/ou-sejourner\/hotels\/\" \/>\n<meta property=\"og:site_name\" content=\"Official Eleuthera Harbour Island\" \/>\n<meta name=\"twitter:card\" content=\"summary_large_image\" \/>\n<meta name=\"twitter:label1\" content=\"Dur\u00e9e de lecture estim\u00e9e\" \/>\n\t<meta name=\"twitter:data1\" content=\"1 minute\" \/>\n<script type=\"application\/ld+json\" class=\"yoast-schema-graph\">{\"@context\":\"https:\\\/\\\/schema.org\",\"@graph\":[{\"@type\":\"WebPage\",\"@id\":\"https:\\\/\\\/officialeleutheraharbourisland.com\\\/fr\\\/spanish-wells\\\/ou-sejourner\\\/hotels\\\/\",\"url\":\"https:\\\/\\\/officialeleutheraharbourisland.com\\\/fr\\\/spanish-wells\\\/ou-sejourner\\\/hotels\\\/\",\"name\":\"H\u00d4TELS copy copy copy | Official Eleuthera Harbour Island\",\"isPartOf\":{\"@id\":\"https:\\\/\\\/officialeleutheraharbourisland.com\\\/#website\"},\"datePublished\":\"2016-09-28T11:10:47+00:00\",\"breadcrumb\":{\"@id\":\"https:\\\/\\\/officialeleutheraharbourisland.com\\\/fr\\\/spanish-wells\\\/ou-sejourner\\\/hotels\\\/#breadcrumb\"},\"inLanguage\":\"fr-FR\",\"potentialAction\":[{\"@type\":\"ReadAction\",\"target\":[\"https:\\\/\\\/officialeleutheraharbourisland.com\\\/fr\\\/spanish-wells\\\/ou-sejourner\\\/hotels\\\/\"]}]},{\"@type\":\"BreadcrumbList\",\"@id\":\"https:\\\/\\\/officialeleutheraharbourisland.com\\\/fr\\\/spanish-wells\\\/ou-sejourner\\\/hotels\\\/#breadcrumb\",\"itemListElement\":[{\"@type\":\"ListItem\",\"position\":1,\"name\":\"Home\",\"item\":\"https:\\\/\\\/officialeleutheraharbourisland.com\\\/fr\\\/\"},{\"@type\":\"ListItem\",\"position\":2,\"name\":\"SPANISH WELLS\",\"item\":\"https:\\\/\\\/officialeleutheraharbourisland.com\\\/fr\\\/spanish-wells\\\/\"},{\"@type\":\"ListItem\",\"position\":3,\"name\":\"O\u00d9 SEJOURNER\",\"item\":\"https:\\\/\\\/officialeleutheraharbourisland.com\\\/fr\\\/spanish-wells\\\/ou-sejourner\\\/\"},{\"@type\":\"ListItem\",\"position\":4,\"name\":\"H\u00d4TELS copy copy copy\"}]},{\"@type\":\"WebSite\",\"@id\":\"https:\\\/\\\/officialeleutheraharbourisland.com\\\/#website\",\"url\":\"https:\\\/\\\/officialeleutheraharbourisland.com\\\/\",\"name\":\"Official Eleuthera Harbour Island\",\"description\":\"Where Beauty &amp; Nature Meet\",\"publisher\":{\"@id\":\"https:\\\/\\\/officialeleutheraharbourisland.com\\\/#organization\"},\"potentialAction\":[{\"@type\":\"SearchAction\",\"target\":{\"@type\":\"EntryPoint\",\"urlTemplate\":\"https:\\\/\\\/officialeleutheraharbourisland.com\\\/?s={search_term_string}\"},\"query-input\":{\"@type\":\"PropertyValueSpecification\",\"valueRequired\":true,\"valueName\":\"search_term_string\"}}],\"inLanguage\":\"fr-FR\"},{\"@type\":\"Organization\",\"@id\":\"https:\\\/\\\/officialeleutheraharbourisland.com\\\/#organization\",\"name\":\"Official Eleuthera Harbour Island\",\"url\":\"https:\\\/\\\/officialeleutheraharbourisland.com\\\/\",\"logo\":{\"@type\":\"ImageObject\",\"inLanguage\":\"fr-FR\",\"@id\":\"https:\\\/\\\/officialeleutheraharbourisland.com\\\/#\\\/schema\\\/logo\\\/image\\\/\",\"url\":\"https:\\\/\\\/officialeleutheraharbourisland.com\\\/wp-content\\\/uploads\\\/2022\\\/03\\\/logo-new-GREY-275.png\",\"contentUrl\":\"https:\\\/\\\/officialeleutheraharbourisland.com\\\/wp-content\\\/uploads\\\/2022\\\/03\\\/logo-new-GREY-275.png\",\"width\":275,\"height\":22,\"caption\":\"Official Eleuthera Harbour Island\"},\"image\":{\"@id\":\"https:\\\/\\\/officialeleutheraharbourisland.com\\\/#\\\/schema\\\/logo\\\/image\\\/\"}}]}<\/script>\n<!-- \/ Yoast SEO Premium plugin. -->","yoast_head_json":{"title":"H\u00d4TELS copy copy copy | Official Eleuthera Harbour Island","robots":{"index":"index","follow":"follow","max-snippet":"max-snippet:-1","max-image-preview":"max-image-preview:large","max-video-preview":"max-video-preview:-1"},"canonical":"https:\/\/officialeleutheraharbourisland.com\/fr\/spanish-wells\/ou-sejourner\/hotels\/","og_locale":"fr_FR","og_type":"article","og_title":"H\u00d4TELS copy copy copy","og_description":"[vc_row css=\u00a0\u00bb.vc_custom_1649709850618{padding-bottom: 30px !important;}\u00a0\u00bb][vc_column][\/vc_column][\/vc_row][vc_row][vc_column width=\u00a0\u00bb3\/4&Prime;][\/vc_column][vc_column width=\u00a0\u00bb1\/4&Prime;][vc_raw_html]JTVCbGlzdGRvbS1zZWFyY2glMjBpZCUzRCUyMjU5MzY2JTIyJTVE[\/vc_raw_html][\/vc_column][\/vc_row][vc_row css=\u00a0\u00bb.vc_custom_1650913963246{padding-bottom: 0px !important;}\u00a0\u00bb][vc_column width=\u00a0\u00bb1\/2&Prime;][vc_raw_html]JTVCbWV0YXNsaWRlciUyMGlkJTNEJTIyNTg5NDElMjIlNUQ=[\/vc_raw_html][\/vc_column][vc_column width=\u00a0\u00bb1\/2&Prime;][vc_raw_html]JTVCbWV0YXNsaWRlciUyMGlkJTNEJTIyNTg5NDElMjIlNUQ=[\/vc_raw_html][\/vc_column][\/vc_row]","og_url":"https:\/\/officialeleutheraharbourisland.com\/fr\/spanish-wells\/ou-sejourner\/hotels\/","og_site_name":"Official Eleuthera Harbour Island","twitter_card":"summary_large_image","twitter_misc":{"Dur\u00e9e de lecture estim\u00e9e":"1 minute"},"schema":{"@context":"https:\/\/schema.org","@graph":[{"@type":"WebPage","@id":"https:\/\/officialeleutheraharbourisland.com\/fr\/spanish-wells\/ou-sejourner\/hotels\/","url":"https:\/\/officialeleutheraharbourisland.com\/fr\/spanish-wells\/ou-sejourner\/hotels\/","name":"H\u00d4TELS copy copy copy | Official Eleuthera Harbour Island","isPartOf":{"@id":"https:\/\/officialeleutheraharbourisland.com\/#website"},"datePublished":"2016-09-28T11:10:47+00:00","breadcrumb":{"@id":"https:\/\/officialeleutheraharbourisland.com\/fr\/spanish-wells\/ou-sejourner\/hotels\/#breadcrumb"},"inLanguage":"fr-FR","potentialAction":[{"@type":"ReadAction","target":["https:\/\/officialeleutheraharbourisland.com\/fr\/spanish-wells\/ou-sejourner\/hotels\/"]}]},{"@type":"BreadcrumbList","@id":"https:\/\/officialeleutheraharbourisland.com\/fr\/spanish-wells\/ou-sejourner\/hotels\/#breadcrumb","itemListElement":[{"@type":"ListItem","position":1,"name":"Home","item":"https:\/\/officialeleutheraharbourisland.com\/fr\/"},{"@type":"ListItem","position":2,"name":"SPANISH WELLS","item":"https:\/\/officialeleutheraharbourisland.com\/fr\/spanish-wells\/"},{"@type":"ListItem","position":3,"name":"O\u00d9 SEJOURNER","item":"https:\/\/officialeleutheraharbourisland.com\/fr\/spanish-wells\/ou-sejourner\/"},{"@type":"ListItem","position":4,"name":"H\u00d4TELS copy copy copy"}]},{"@type":"WebSite","@id":"https:\/\/officialeleutheraharbourisland.com\/#website","url":"https:\/\/officialeleutheraharbourisland.com\/","name":"Official Eleuthera Harbour Island","description":"Where Beauty &amp; Nature Meet","publisher":{"@id":"https:\/\/officialeleutheraharbourisland.com\/#organization"},"potentialAction":[{"@type":"SearchAction","target":{"@type":"EntryPoint","urlTemplate":"https:\/\/officialeleutheraharbourisland.com\/?s={search_term_string}"},"query-input":{"@type":"PropertyValueSpecification","valueRequired":true,"valueName":"search_term_string"}}],"inLanguage":"fr-FR"},{"@type":"Organization","@id":"https:\/\/officialeleutheraharbourisland.com\/#organization","name":"Official Eleuthera Harbour Island","url":"https:\/\/officialeleutheraharbourisland.com\/","logo":{"@type":"ImageObject","inLanguage":"fr-FR","@id":"https:\/\/officialeleutheraharbourisland.com\/#\/schema\/logo\/image\/","url":"https:\/\/officialeleutheraharbourisland.com\/wp-content\/uploads\/2022\/03\/logo-new-GREY-275.png","contentUrl":"https:\/\/officialeleutheraharbourisland.com\/wp-content\/uploads\/2022\/03\/logo-new-GREY-275.png","width":275,"height":22,"caption":"Official Eleuthera Harbour Island"},"image":{"@id":"https:\/\/officialeleutheraharbourisland.com\/#\/schema\/logo\/image\/"}}]}},"jetpack_sharing_enabled":true,"_links":{"self":[{"href":"https:\/\/officialeleutheraharbourisland.com\/fr\/wp-json\/wp\/v2\/pages\/66574","targetHints":{"allow":["GET"]}}],"collection":[{"href":"https:\/\/officialeleutheraharbourisland.com\/fr\/wp-json\/wp\/v2\/pages"}],"about":[{"href":"https:\/\/officialeleutheraharbourisland.com\/fr\/wp-json\/wp\/v2\/types\/page"}],"author":[{"embeddable":true,"href":"https:\/\/officialeleutheraharbourisland.com\/fr\/wp-json\/wp\/v2\/users\/3"}],"replies":[{"embeddable":true,"href":"https:\/\/officialeleutheraharbourisland.com\/fr\/wp-json\/wp\/v2\/comments?post=66574"}],"version-history":[{"count":0,"href":"https:\/\/officialeleutheraharbourisland.com\/fr\/wp-json\/wp\/v2\/pages\/66574\/revisions"}],"up":[{"embeddable":true,"href":"https:\/\/officialeleutheraharbourisland.com\/fr\/wp-json\/wp\/v2\/pages\/62959"}],"wp:attachment":[{"href":"https:\/\/officialeleutheraharbourisland.com\/fr\/wp-json\/wp\/v2\/media?parent=66574"}],"wp:term":[{"taxonomy":"category","embeddable":true,"href":"https:\/\/officialeleutheraharbourisland.com\/fr\/wp-json\/wp\/v2\/categories?post=66574"},{"taxonomy":"post_tag","embeddable":true,"href":"https:\/\/officialeleutheraharbourisland.com\/fr\/wp-json\/wp\/v2\/tags?post=66574"}],"curies":[{"name":"wp","href":"https:\/\/api.w.org\/{rel}","templated":true}]}}