{"id":71621,"date":"2022-04-04T11:37:39","date_gmt":"2022-04-04T11:37:39","guid":{"rendered":"https:\/\/officialeleutheraharbourisland.com\/?page_id=71621"},"modified":"2023-03-08T20:10:17","modified_gmt":"2023-03-08T20:10:17","slug":"en-avion","status":"publish","type":"page","link":"https:\/\/officialeleutheraharbourisland.com\/fr\/harbour-island\/sy-rendre\/en-avion\/","title":{"rendered":"En avion"},"content":{"rendered":"<div class=\"wpb-content-wrapper\"><p>[vc_row css=\u00a0\u00bb.vc_custom_1649079224179{padding-bottom: 50px !important;}\u00a0\u00bb][vc_column]<div id=\"ultimate-heading-513769e2760c17358\" class=\"uvc-heading ult-adjust-bottom-margin ultimate-heading-513769e2760c17358 uvc-2565 \" data-hspacer=\"line_only\"  data-halign=\"center\" style=\"text-align:center\"><div class=\"uvc-main-heading ult-responsive\"  data-ultimate-target='.uvc-heading.ultimate-heading-513769e2760c17358 h2'  data-responsive-json-new='{\"font-size\":\"\",\"line-height\":\"\"}' ><h2 style=\"font-weight:normal;margin-bottom:15px;\">Se rendre \u00e0 Harbour Island en avion<\/h2><\/div><div class=\"uvc-heading-spacer line_only\" style=\"margin-bottom:15px;height:3px;\"><span class=\"uvc-headings-line\" style=\"border-style:solid;border-bottom-width:3px;border-color:#7ac1ff;width:60px;\"><\/span><\/div><\/div>[vc_column_text]<span style=\"font-weight: 400;\">Il n&rsquo;y a pas d&rsquo;a\u00e9roport \u00e0 Harbour Island, les visiteurs devront prendre l&rsquo;avion pour North Eleuthera (le code de l&rsquo;a\u00e9roport pour North Eleuthera est\u00a0 ELH). C&rsquo;est l&rsquo;a\u00e9roport le plus proche de Harbour Island. Apr\u00e8s avoir pass\u00e9 les douanes et l&rsquo;immigration des Bahamas, vous sortirez du petit a\u00e9roport et trouverez de nombreux taxis \u00e0 votre disposition. Les taxis sont honn\u00eates et tr\u00e8s gentils, les tarifs sont fixes,\u00a0 5$ par personne pour se rendre au quai o\u00f9 les bateaux-taxis vous emm\u00e8neront \u00e0 Harbour Island. Le trajet est court et la course prendra 5 minutes. En sortant du taxi, il est possible que certains habitants vous proposent leurs services pour transporter vos bagages jusqu&rsquo;aux bateaux-taxis situ\u00e9s \u00e0 environ 10 m\u00e8tres\u00a0 du trottoir. Leur donner un pourboire est une bonne id\u00e9e si vous avez besoin de leur aide.<\/span><\/p>\n<p><span style=\"font-weight: 400;\">Habituellement, les bateaux-taxis attendent d&rsquo;\u00eatre pleins pour partir. Cela ne prend g\u00e9n\u00e9ralement que quelques instants car la distance \u00e0 parcourir est courte. Il vous en co\u00fbtera 5$ jusqu\u2019au quai principal.\u00a0<\/span><\/p>\n<p><span style=\"font-weight: 400;\">Si vous pr\u00e9f\u00e9rez \u00eatre d\u00e9pos\u00e9 dans l&rsquo;une des autres marinas proches de votre h\u00f4tel ou de votre location de vacances, le co\u00fbt sera de 6 $ par personne. Le trajet en bateau prend de 5 \u00e0 10 minutes selon le nombre d&rsquo;arr\u00eats.<\/span><\/p>\n<p><span style=\"font-weight: 400;\">De l\u00e0, vous serez\u00a0 pris en charge par l&rsquo;h\u00f4tel ou l\u2019agence de locations de luxe. Vous pourrez \u00e9galement simplement prendre un taxi ou louer une voiturette de golf \u00e0 proximit\u00e9 du quai.<\/span>[\/vc_column_text][\/vc_column][\/vc_row][vc_row][vc_column][vc_separator css=\u00a0\u00bb.vc_custom_1674154386794{padding-top: 30px !important;padding-bottom: 30px !important;}\u00a0\u00bb][\/vc_column][\/vc_row][vc_row][vc_column width=\u00a0\u00bb1\/6&Prime;][\/vc_column][vc_column width=\u00a0\u00bb2\/3&Prime;][vc_basic_grid post_type=\u00a0\u00bbpage\u00a0\u00bb max_items=\u00a0\u00bb20&Prime; item=\u00a0\u00bbbasicGrid_NoAnimation\u00a0\u00bb grid_id=\u00a0\u00bbvc_gid:1678220370782-a99f0205-cb9e-6&Prime; taxonomies=\u00a0\u00bb1158&Prime;][\/vc_column][vc_column width=\u00a0\u00bb1\/6&Prime;][\/vc_column][\/vc_row][vc_row][vc_column][vc_separator css=\u00a0\u00bb.vc_custom_1674154386794{padding-top: 30px !important;padding-bottom: 30px !important;}\u00a0\u00bb][\/vc_column][\/vc_row]<\/p>\n<\/div>","protected":false},"excerpt":{"rendered":"<p>[vc_row css=\u00a0\u00bb.vc_custom_1649079224179{padding-bottom: 50px !important;}\u00a0\u00bb][vc_column][vc_column_text]Il n&rsquo;y a pas d&rsquo;a\u00e9roport \u00e0 Harbour Island, les visiteurs devront prendre l&rsquo;avion pour North Eleuthera (le code de l&rsquo;a\u00e9roport pour North Eleuthera est\u00a0 ELH). C&rsquo;est l&rsquo;a\u00e9roport le plus proche de Harbour Island. Apr\u00e8s avoir pass\u00e9 les douanes et l&rsquo;immigration des Bahamas, vous sortirez du petit a\u00e9roport et trouverez de nombreux taxis&hellip;<\/p>\n","protected":false},"author":4,"featured_media":73729,"parent":65728,"menu_order":0,"comment_status":"closed","ping_status":"closed","template":"","meta":{"footnotes":""},"categories":[],"tags":[1180],"class_list":["post-71621","page","type-page","status-publish","has-post-thumbnail","hentry","tag-getting-here-harbour-island-fr","description-off"],"yoast_head":"<!-- This site is optimized with the Yoast SEO Premium plugin v25.2 (Yoast SEO v27.4) - https:\/\/yoast.com\/product\/yoast-seo-premium-wordpress\/ -->\n<title>Se rendre \u00e0 Harbour Island en avion. Guide touristique.<\/title>\n<meta name=\"description\" content=\"Official Eleuthera Harbour Island le guide id\u00e9al pour vos vacances \u00e0 Harbour Island, vous donne les meilleures informations sur la fa\u00e7on de se rendre \u00e0 Harbour Island en avion.\" \/>\n<meta name=\"robots\" content=\"index, follow, max-snippet:-1, max-image-preview:large, max-video-preview:-1\" \/>\n<link rel=\"canonical\" href=\"https:\/\/officialeleutheraharbourisland.com\/fr\/harbour-island\/sy-rendre\/en-avion\/\" \/>\n<meta property=\"og:locale\" content=\"fr_FR\" \/>\n<meta property=\"og:type\" content=\"article\" \/>\n<meta property=\"og:title\" content=\"En avion\" \/>\n<meta property=\"og:description\" content=\"Official Eleuthera Harbour Island le guide id\u00e9al pour vos vacances \u00e0 Harbour Island, vous donne les meilleures informations sur la fa\u00e7on de se rendre \u00e0 Harbour Island en avion.\" \/>\n<meta property=\"og:url\" content=\"https:\/\/officialeleutheraharbourisland.com\/fr\/harbour-island\/sy-rendre\/en-avion\/\" \/>\n<meta property=\"og:site_name\" content=\"Official Eleuthera Harbour Island\" \/>\n<meta property=\"article:modified_time\" content=\"2023-03-08T20:10:17+00:00\" \/>\n<meta property=\"og:image\" content=\"https:\/\/officialeleutheraharbourisland.com\/wp-content\/uploads\/2023\/02\/charter-flight-jpg.webp\" \/>\n\t<meta property=\"og:image:width\" content=\"426\" \/>\n\t<meta property=\"og:image:height\" content=\"426\" \/>\n\t<meta property=\"og:image:type\" content=\"image\/jpeg\" \/>\n<meta name=\"twitter:card\" content=\"summary_large_image\" \/>\n<meta name=\"twitter:label1\" content=\"Dur\u00e9e de lecture estim\u00e9e\" \/>\n\t<meta name=\"twitter:data1\" content=\"2 minutes\" \/>\n<script type=\"application\/ld+json\" class=\"yoast-schema-graph\">{\"@context\":\"https:\\\/\\\/schema.org\",\"@graph\":[{\"@type\":\"WebPage\",\"@id\":\"https:\\\/\\\/officialeleutheraharbourisland.com\\\/fr\\\/harbour-island\\\/sy-rendre\\\/en-avion\\\/\",\"url\":\"https:\\\/\\\/officialeleutheraharbourisland.com\\\/fr\\\/harbour-island\\\/sy-rendre\\\/en-avion\\\/\",\"name\":\"Se rendre \u00e0 Harbour Island en avion. Guide touristique.\",\"isPartOf\":{\"@id\":\"https:\\\/\\\/officialeleutheraharbourisland.com\\\/#website\"},\"primaryImageOfPage\":{\"@id\":\"https:\\\/\\\/officialeleutheraharbourisland.com\\\/fr\\\/harbour-island\\\/sy-rendre\\\/en-avion\\\/#primaryimage\"},\"image\":{\"@id\":\"https:\\\/\\\/officialeleutheraharbourisland.com\\\/fr\\\/harbour-island\\\/sy-rendre\\\/en-avion\\\/#primaryimage\"},\"thumbnailUrl\":\"https:\\\/\\\/officialeleutheraharbourisland.com\\\/wp-content\\\/uploads\\\/2023\\\/02\\\/charter-flight-jpg.webp\",\"datePublished\":\"2022-04-04T11:37:39+00:00\",\"dateModified\":\"2023-03-08T20:10:17+00:00\",\"description\":\"Official Eleuthera Harbour Island le guide id\u00e9al pour vos vacances \u00e0 Harbour Island, vous donne les meilleures informations sur la fa\u00e7on de se rendre \u00e0 Harbour Island en avion.\",\"breadcrumb\":{\"@id\":\"https:\\\/\\\/officialeleutheraharbourisland.com\\\/fr\\\/harbour-island\\\/sy-rendre\\\/en-avion\\\/#breadcrumb\"},\"inLanguage\":\"fr-FR\",\"potentialAction\":[{\"@type\":\"ReadAction\",\"target\":[\"https:\\\/\\\/officialeleutheraharbourisland.com\\\/fr\\\/harbour-island\\\/sy-rendre\\\/en-avion\\\/\"]}]},{\"@type\":\"ImageObject\",\"inLanguage\":\"fr-FR\",\"@id\":\"https:\\\/\\\/officialeleutheraharbourisland.com\\\/fr\\\/harbour-island\\\/sy-rendre\\\/en-avion\\\/#primaryimage\",\"url\":\"https:\\\/\\\/officialeleutheraharbourisland.com\\\/wp-content\\\/uploads\\\/2023\\\/02\\\/charter-flight-jpg.webp\",\"contentUrl\":\"https:\\\/\\\/officialeleutheraharbourisland.com\\\/wp-content\\\/uploads\\\/2023\\\/02\\\/charter-flight-jpg.webp\",\"width\":426,\"height\":426},{\"@type\":\"BreadcrumbList\",\"@id\":\"https:\\\/\\\/officialeleutheraharbourisland.com\\\/fr\\\/harbour-island\\\/sy-rendre\\\/en-avion\\\/#breadcrumb\",\"itemListElement\":[{\"@type\":\"ListItem\",\"position\":1,\"name\":\"Home\",\"item\":\"https:\\\/\\\/officialeleutheraharbourisland.com\\\/fr\\\/\"},{\"@type\":\"ListItem\",\"position\":2,\"name\":\"HARBOUR ISLAND\",\"item\":\"https:\\\/\\\/officialeleutheraharbourisland.com\\\/fr\\\/harbour-island\\\/\"},{\"@type\":\"ListItem\",\"position\":3,\"name\":\"S&#8217;Y RENDRE\",\"item\":\"https:\\\/\\\/officialeleutheraharbourisland.com\\\/fr\\\/harbour-island\\\/sy-rendre\\\/\"},{\"@type\":\"ListItem\",\"position\":4,\"name\":\"En avion\"}]},{\"@type\":\"WebSite\",\"@id\":\"https:\\\/\\\/officialeleutheraharbourisland.com\\\/#website\",\"url\":\"https:\\\/\\\/officialeleutheraharbourisland.com\\\/\",\"name\":\"Official Eleuthera Harbour Island\",\"description\":\"Where Beauty &amp; Nature Meet\",\"publisher\":{\"@id\":\"https:\\\/\\\/officialeleutheraharbourisland.com\\\/#organization\"},\"potentialAction\":[{\"@type\":\"SearchAction\",\"target\":{\"@type\":\"EntryPoint\",\"urlTemplate\":\"https:\\\/\\\/officialeleutheraharbourisland.com\\\/?s={search_term_string}\"},\"query-input\":{\"@type\":\"PropertyValueSpecification\",\"valueRequired\":true,\"valueName\":\"search_term_string\"}}],\"inLanguage\":\"fr-FR\"},{\"@type\":\"Organization\",\"@id\":\"https:\\\/\\\/officialeleutheraharbourisland.com\\\/#organization\",\"name\":\"Official Eleuthera Harbour Island\",\"url\":\"https:\\\/\\\/officialeleutheraharbourisland.com\\\/\",\"logo\":{\"@type\":\"ImageObject\",\"inLanguage\":\"fr-FR\",\"@id\":\"https:\\\/\\\/officialeleutheraharbourisland.com\\\/#\\\/schema\\\/logo\\\/image\\\/\",\"url\":\"https:\\\/\\\/officialeleutheraharbourisland.com\\\/wp-content\\\/uploads\\\/2022\\\/03\\\/logo-new-GREY-275.png\",\"contentUrl\":\"https:\\\/\\\/officialeleutheraharbourisland.com\\\/wp-content\\\/uploads\\\/2022\\\/03\\\/logo-new-GREY-275.png\",\"width\":275,\"height\":22,\"caption\":\"Official Eleuthera Harbour Island\"},\"image\":{\"@id\":\"https:\\\/\\\/officialeleutheraharbourisland.com\\\/#\\\/schema\\\/logo\\\/image\\\/\"}}]}<\/script>\n<!-- \/ Yoast SEO Premium plugin. -->","yoast_head_json":{"title":"Se rendre \u00e0 Harbour Island en avion. Guide touristique.","description":"Official Eleuthera Harbour Island le guide id\u00e9al pour vos vacances \u00e0 Harbour Island, vous donne les meilleures informations sur la fa\u00e7on de se rendre \u00e0 Harbour Island en avion.","robots":{"index":"index","follow":"follow","max-snippet":"max-snippet:-1","max-image-preview":"max-image-preview:large","max-video-preview":"max-video-preview:-1"},"canonical":"https:\/\/officialeleutheraharbourisland.com\/fr\/harbour-island\/sy-rendre\/en-avion\/","og_locale":"fr_FR","og_type":"article","og_title":"En avion","og_description":"Official Eleuthera Harbour Island le guide id\u00e9al pour vos vacances \u00e0 Harbour Island, vous donne les meilleures informations sur la fa\u00e7on de se rendre \u00e0 Harbour Island en avion.","og_url":"https:\/\/officialeleutheraharbourisland.com\/fr\/harbour-island\/sy-rendre\/en-avion\/","og_site_name":"Official Eleuthera Harbour Island","article_modified_time":"2023-03-08T20:10:17+00:00","og_image":[{"width":426,"height":426,"url":"https:\/\/officialeleutheraharbourisland.com\/wp-content\/uploads\/2023\/02\/charter-flight-jpg.webp","type":"image\/jpeg"}],"twitter_card":"summary_large_image","twitter_misc":{"Dur\u00e9e de lecture estim\u00e9e":"2 minutes"},"schema":{"@context":"https:\/\/schema.org","@graph":[{"@type":"WebPage","@id":"https:\/\/officialeleutheraharbourisland.com\/fr\/harbour-island\/sy-rendre\/en-avion\/","url":"https:\/\/officialeleutheraharbourisland.com\/fr\/harbour-island\/sy-rendre\/en-avion\/","name":"Se rendre \u00e0 Harbour Island en avion. Guide touristique.","isPartOf":{"@id":"https:\/\/officialeleutheraharbourisland.com\/#website"},"primaryImageOfPage":{"@id":"https:\/\/officialeleutheraharbourisland.com\/fr\/harbour-island\/sy-rendre\/en-avion\/#primaryimage"},"image":{"@id":"https:\/\/officialeleutheraharbourisland.com\/fr\/harbour-island\/sy-rendre\/en-avion\/#primaryimage"},"thumbnailUrl":"https:\/\/officialeleutheraharbourisland.com\/wp-content\/uploads\/2023\/02\/charter-flight-jpg.webp","datePublished":"2022-04-04T11:37:39+00:00","dateModified":"2023-03-08T20:10:17+00:00","description":"Official Eleuthera Harbour Island le guide id\u00e9al pour vos vacances \u00e0 Harbour Island, vous donne les meilleures informations sur la fa\u00e7on de se rendre \u00e0 Harbour Island en avion.","breadcrumb":{"@id":"https:\/\/officialeleutheraharbourisland.com\/fr\/harbour-island\/sy-rendre\/en-avion\/#breadcrumb"},"inLanguage":"fr-FR","potentialAction":[{"@type":"ReadAction","target":["https:\/\/officialeleutheraharbourisland.com\/fr\/harbour-island\/sy-rendre\/en-avion\/"]}]},{"@type":"ImageObject","inLanguage":"fr-FR","@id":"https:\/\/officialeleutheraharbourisland.com\/fr\/harbour-island\/sy-rendre\/en-avion\/#primaryimage","url":"https:\/\/officialeleutheraharbourisland.com\/wp-content\/uploads\/2023\/02\/charter-flight-jpg.webp","contentUrl":"https:\/\/officialeleutheraharbourisland.com\/wp-content\/uploads\/2023\/02\/charter-flight-jpg.webp","width":426,"height":426},{"@type":"BreadcrumbList","@id":"https:\/\/officialeleutheraharbourisland.com\/fr\/harbour-island\/sy-rendre\/en-avion\/#breadcrumb","itemListElement":[{"@type":"ListItem","position":1,"name":"Home","item":"https:\/\/officialeleutheraharbourisland.com\/fr\/"},{"@type":"ListItem","position":2,"name":"HARBOUR ISLAND","item":"https:\/\/officialeleutheraharbourisland.com\/fr\/harbour-island\/"},{"@type":"ListItem","position":3,"name":"S&#8217;Y RENDRE","item":"https:\/\/officialeleutheraharbourisland.com\/fr\/harbour-island\/sy-rendre\/"},{"@type":"ListItem","position":4,"name":"En avion"}]},{"@type":"WebSite","@id":"https:\/\/officialeleutheraharbourisland.com\/#website","url":"https:\/\/officialeleutheraharbourisland.com\/","name":"Official Eleuthera Harbour Island","description":"Where Beauty &amp; Nature Meet","publisher":{"@id":"https:\/\/officialeleutheraharbourisland.com\/#organization"},"potentialAction":[{"@type":"SearchAction","target":{"@type":"EntryPoint","urlTemplate":"https:\/\/officialeleutheraharbourisland.com\/?s={search_term_string}"},"query-input":{"@type":"PropertyValueSpecification","valueRequired":true,"valueName":"search_term_string"}}],"inLanguage":"fr-FR"},{"@type":"Organization","@id":"https:\/\/officialeleutheraharbourisland.com\/#organization","name":"Official Eleuthera Harbour Island","url":"https:\/\/officialeleutheraharbourisland.com\/","logo":{"@type":"ImageObject","inLanguage":"fr-FR","@id":"https:\/\/officialeleutheraharbourisland.com\/#\/schema\/logo\/image\/","url":"https:\/\/officialeleutheraharbourisland.com\/wp-content\/uploads\/2022\/03\/logo-new-GREY-275.png","contentUrl":"https:\/\/officialeleutheraharbourisland.com\/wp-content\/uploads\/2022\/03\/logo-new-GREY-275.png","width":275,"height":22,"caption":"Official Eleuthera Harbour Island"},"image":{"@id":"https:\/\/officialeleutheraharbourisland.com\/#\/schema\/logo\/image\/"}}]}},"jetpack_sharing_enabled":true,"_links":{"self":[{"href":"https:\/\/officialeleutheraharbourisland.com\/fr\/wp-json\/wp\/v2\/pages\/71621","targetHints":{"allow":["GET"]}}],"collection":[{"href":"https:\/\/officialeleutheraharbourisland.com\/fr\/wp-json\/wp\/v2\/pages"}],"about":[{"href":"https:\/\/officialeleutheraharbourisland.com\/fr\/wp-json\/wp\/v2\/types\/page"}],"author":[{"embeddable":true,"href":"https:\/\/officialeleutheraharbourisland.com\/fr\/wp-json\/wp\/v2\/users\/4"}],"replies":[{"embeddable":true,"href":"https:\/\/officialeleutheraharbourisland.com\/fr\/wp-json\/wp\/v2\/comments?post=71621"}],"version-history":[{"count":4,"href":"https:\/\/officialeleutheraharbourisland.com\/fr\/wp-json\/wp\/v2\/pages\/71621\/revisions"}],"predecessor-version":[{"id":74485,"href":"https:\/\/officialeleutheraharbourisland.com\/fr\/wp-json\/wp\/v2\/pages\/71621\/revisions\/74485"}],"up":[{"embeddable":true,"href":"https:\/\/officialeleutheraharbourisland.com\/fr\/wp-json\/wp\/v2\/pages\/65728"}],"wp:featuredmedia":[{"embeddable":true,"href":"https:\/\/officialeleutheraharbourisland.com\/fr\/wp-json\/wp\/v2\/media\/73729"}],"wp:attachment":[{"href":"https:\/\/officialeleutheraharbourisland.com\/fr\/wp-json\/wp\/v2\/media?parent=71621"}],"wp:term":[{"taxonomy":"category","embeddable":true,"href":"https:\/\/officialeleutheraharbourisland.com\/fr\/wp-json\/wp\/v2\/categories?post=71621"},{"taxonomy":"post_tag","embeddable":true,"href":"https:\/\/officialeleutheraharbourisland.com\/fr\/wp-json\/wp\/v2\/tags?post=71621"}],"curies":[{"name":"wp","href":"https:\/\/api.w.org\/{rel}","templated":true}]}}