{"id":71632,"date":"2022-04-04T11:37:39","date_gmt":"2022-04-04T11:37:39","guid":{"rendered":"https:\/\/officialeleutheraharbourisland.com\/?page_id=71632"},"modified":"2023-03-07T20:21:39","modified_gmt":"2023-03-07T20:21:39","slug":"conseils-pour-se-rendre-a-harbour-island-en-avion","status":"publish","type":"page","link":"https:\/\/officialeleutheraharbourisland.com\/fr\/harbour-island\/sy-rendre\/en-avion\/conseils-pour-se-rendre-a-harbour-island-en-avion\/","title":{"rendered":"Conseils pour se rendre \u00e0 Harbour Island en avion"},"content":{"rendered":"<div class=\"wpb-content-wrapper\"><p>[vc_row css=\u00a0\u00bb.vc_custom_1649079224179{padding-bottom: 50px !important;}\u00a0\u00bb][vc_column]<div id=\"ultimate-heading-21269de6f1a305f1\" class=\"uvc-heading ult-adjust-bottom-margin ultimate-heading-21269de6f1a305f1 uvc-1159 \" data-hspacer=\"line_only\"  data-halign=\"center\" style=\"text-align:center\"><div class=\"uvc-main-heading ult-responsive\"  data-ultimate-target='.uvc-heading.ultimate-heading-21269de6f1a305f1 h2'  data-responsive-json-new='{\"font-size\":\"\",\"line-height\":\"\"}' ><h2 style=\"font-weight:normal;margin-bottom:15px;\">Conseils pour se rendre \u00e0 Harbour Island en avion<\/h2><\/div><div class=\"uvc-heading-spacer line_only\" style=\"margin-bottom:15px;height:3px;\"><span class=\"uvc-headings-line\" style=\"border-style:solid;border-bottom-width:3px;border-color:#7ac1ff;width:60px;\"><\/span><\/div><\/div>[vc_column_text]<span style=\"font-weight: 400;\">Voici quelques astuces et conseils que nous aimerions partager avec vous lorsque vous vous rendez en avion \u00e0 North Eleuthera . Ils vous permettront\u00a0 d\u2019arriver sur la plage le plus rapidement possible .\u00a0<\/span><\/p>\n<p><span style=\"font-weight: 400;\">Tout d\u2019abord, il est pr\u00e9f\u00e9rable de choisir l\u2019a\u00e9roport le plus proche de Harbour Island et le mieux achaland\u00e9 : l\u2019a\u00e9roport de North Eleuthera.<\/span><\/p>\n<p><span style=\"font-weight: 400;\">De plus, nous vous recommandons de remplir vos formulaires d\u2019immigration au d\u00e9part ou durant le vol, et de r\u00e9server des si\u00e8ges \u00e0 l\u2019avant de l\u2019avion.\u00a0<\/span><\/p>\n<p><span style=\"font-weight: 400;\">En effet, l&rsquo;a\u00e9roport de North Eleuthera \u00a0 est minuscule et un maximum de 2 agents des douanes sont l\u00e0 pour inspecter votre passeport. Lorsque les vols commerciaux transportant entre 30 et 50 personnes, atterrissent cela peut prendre du temps.\u00a0<\/span><\/p>\n<p><span style=\"font-weight: 400;\">Les voyageurs doivent donc sortir de l&rsquo;avion le plus rapidement possible pour \u00e9viter d&rsquo;avoir \u00e0 attendre sur le tarmac,\u00a0 sous la chaleur. \u00catre assis \u00e0 l&rsquo;avant de l&rsquo;avion , vos formulaires d\u00fbment remplis, vous permettra de passer la douane en quelques minutes, alors que cela pourra prendre jusqu&rsquo;\u00e0 30 minutes si vous \u00eates assis \u00e0 l&rsquo;arri\u00e8re de l&rsquo;avion.<\/span>[\/vc_column_text][vc_separator css=\u00a0\u00bb.vc_custom_1675194424978{margin-top: 30px !important;margin-bottom: 30px !important;}\u00a0\u00bb][vc_row_inner][vc_column_inner width=\u00a0\u00bb1\/2&Prime;][vc_single_image image=\u00a0\u00bb72828&Prime; img_size=\u00a0\u00bbfull\u00a0\u00bb alignment=\u00a0\u00bbcenter\u00a0\u00bb][\/vc_column_inner][vc_column_inner width=\u00a0\u00bb1\/2&Prime;][vc_single_image image=\u00a0\u00bb72824&Prime; img_size=\u00a0\u00bbfull\u00a0\u00bb alignment=\u00a0\u00bbcenter\u00a0\u00bb][\/vc_column_inner][\/vc_row_inner][\/vc_column][\/vc_row]<\/p>\n<\/div>","protected":false},"excerpt":{"rendered":"<p>[vc_row css=\u00a0\u00bb.vc_custom_1649079224179{padding-bottom: 50px !important;}\u00a0\u00bb][vc_column][vc_column_text]Voici quelques astuces et conseils que nous aimerions partager avec vous lorsque vous vous rendez en avion \u00e0 North Eleuthera . Ils vous permettront\u00a0 d\u2019arriver sur la plage le plus rapidement possible .\u00a0 Tout d\u2019abord, il est pr\u00e9f\u00e9rable de choisir l\u2019a\u00e9roport le plus proche de Harbour Island et le mieux achaland\u00e9 :&hellip;<\/p>\n","protected":false},"author":4,"featured_media":72829,"parent":71621,"menu_order":0,"comment_status":"closed","ping_status":"closed","template":"","meta":{"footnotes":""},"categories":[],"tags":[1179],"class_list":["post-71632","page","type-page","status-publish","has-post-thumbnail","hentry","tag-by-plane-harbour-island-fr","description-off"],"yoast_head":"<!-- This site is optimized with the Yoast SEO Premium plugin v25.2 (Yoast SEO v27.3) - https:\/\/yoast.com\/product\/yoast-seo-premium-wordpress\/ -->\n<title>Conseils pour se rendre \u00e0 Harbour Island en avion.<\/title>\n<meta name=\"description\" content=\"Official Eleuthera Harbour Island la meilleure ressource pour vos vacances partage les meilleurs conseils pour voler \u00e0 Harbour Island, Bahamas.\" \/>\n<meta name=\"robots\" content=\"index, follow, max-snippet:-1, max-image-preview:large, max-video-preview:-1\" \/>\n<link rel=\"canonical\" href=\"https:\/\/officialeleutheraharbourisland.com\/fr\/harbour-island\/sy-rendre\/en-avion\/conseils-pour-se-rendre-a-harbour-island-en-avion\/\" \/>\n<meta property=\"og:locale\" content=\"fr_FR\" \/>\n<meta property=\"og:type\" content=\"article\" \/>\n<meta property=\"og:title\" content=\"Conseils pour se rendre \u00e0 Harbour Island en avion\" \/>\n<meta property=\"og:description\" content=\"Official Eleuthera Harbour Island la meilleure ressource pour vos vacances partage les meilleurs conseils pour voler \u00e0 Harbour Island, Bahamas.\" \/>\n<meta property=\"og:url\" content=\"https:\/\/officialeleutheraharbourisland.com\/fr\/harbour-island\/sy-rendre\/en-avion\/conseils-pour-se-rendre-a-harbour-island-en-avion\/\" \/>\n<meta property=\"og:site_name\" content=\"Official Eleuthera Harbour Island\" \/>\n<meta property=\"article:modified_time\" content=\"2023-03-07T20:21:39+00:00\" \/>\n<meta property=\"og:image\" content=\"https:\/\/officialeleutheraharbourisland.com\/wp-content\/uploads\/2023\/01\/Untitledp4.jpg\" \/>\n\t<meta property=\"og:image:width\" content=\"1000\" \/>\n\t<meta property=\"og:image:height\" content=\"600\" \/>\n\t<meta property=\"og:image:type\" content=\"image\/jpeg\" \/>\n<meta name=\"twitter:card\" content=\"summary_large_image\" \/>\n<meta name=\"twitter:label1\" content=\"Dur\u00e9e de lecture estim\u00e9e\" \/>\n\t<meta name=\"twitter:data1\" content=\"2 minutes\" \/>\n<script type=\"application\/ld+json\" class=\"yoast-schema-graph\">{\"@context\":\"https:\\\/\\\/schema.org\",\"@graph\":[{\"@type\":\"WebPage\",\"@id\":\"https:\\\/\\\/officialeleutheraharbourisland.com\\\/fr\\\/harbour-island\\\/sy-rendre\\\/en-avion\\\/conseils-pour-se-rendre-a-harbour-island-en-avion\\\/\",\"url\":\"https:\\\/\\\/officialeleutheraharbourisland.com\\\/fr\\\/harbour-island\\\/sy-rendre\\\/en-avion\\\/conseils-pour-se-rendre-a-harbour-island-en-avion\\\/\",\"name\":\"Conseils pour se rendre \u00e0 Harbour Island en avion.\",\"isPartOf\":{\"@id\":\"https:\\\/\\\/officialeleutheraharbourisland.com\\\/#website\"},\"primaryImageOfPage\":{\"@id\":\"https:\\\/\\\/officialeleutheraharbourisland.com\\\/fr\\\/harbour-island\\\/sy-rendre\\\/en-avion\\\/conseils-pour-se-rendre-a-harbour-island-en-avion\\\/#primaryimage\"},\"image\":{\"@id\":\"https:\\\/\\\/officialeleutheraharbourisland.com\\\/fr\\\/harbour-island\\\/sy-rendre\\\/en-avion\\\/conseils-pour-se-rendre-a-harbour-island-en-avion\\\/#primaryimage\"},\"thumbnailUrl\":\"https:\\\/\\\/officialeleutheraharbourisland.com\\\/wp-content\\\/uploads\\\/2023\\\/01\\\/Untitledp4.jpg\",\"datePublished\":\"2022-04-04T11:37:39+00:00\",\"dateModified\":\"2023-03-07T20:21:39+00:00\",\"description\":\"Official Eleuthera Harbour Island la meilleure ressource pour vos vacances partage les meilleurs conseils pour voler \u00e0 Harbour Island, Bahamas.\",\"breadcrumb\":{\"@id\":\"https:\\\/\\\/officialeleutheraharbourisland.com\\\/fr\\\/harbour-island\\\/sy-rendre\\\/en-avion\\\/conseils-pour-se-rendre-a-harbour-island-en-avion\\\/#breadcrumb\"},\"inLanguage\":\"fr-FR\",\"potentialAction\":[{\"@type\":\"ReadAction\",\"target\":[\"https:\\\/\\\/officialeleutheraharbourisland.com\\\/fr\\\/harbour-island\\\/sy-rendre\\\/en-avion\\\/conseils-pour-se-rendre-a-harbour-island-en-avion\\\/\"]}]},{\"@type\":\"ImageObject\",\"inLanguage\":\"fr-FR\",\"@id\":\"https:\\\/\\\/officialeleutheraharbourisland.com\\\/fr\\\/harbour-island\\\/sy-rendre\\\/en-avion\\\/conseils-pour-se-rendre-a-harbour-island-en-avion\\\/#primaryimage\",\"url\":\"https:\\\/\\\/officialeleutheraharbourisland.com\\\/wp-content\\\/uploads\\\/2023\\\/01\\\/Untitledp4.jpg\",\"contentUrl\":\"https:\\\/\\\/officialeleutheraharbourisland.com\\\/wp-content\\\/uploads\\\/2023\\\/01\\\/Untitledp4.jpg\",\"width\":1000,\"height\":600,\"caption\":\"TIPS FLYING TO ELEUTHERA\"},{\"@type\":\"BreadcrumbList\",\"@id\":\"https:\\\/\\\/officialeleutheraharbourisland.com\\\/fr\\\/harbour-island\\\/sy-rendre\\\/en-avion\\\/conseils-pour-se-rendre-a-harbour-island-en-avion\\\/#breadcrumb\",\"itemListElement\":[{\"@type\":\"ListItem\",\"position\":1,\"name\":\"Home\",\"item\":\"https:\\\/\\\/officialeleutheraharbourisland.com\\\/fr\\\/\"},{\"@type\":\"ListItem\",\"position\":2,\"name\":\"HARBOUR ISLAND\",\"item\":\"https:\\\/\\\/officialeleutheraharbourisland.com\\\/fr\\\/harbour-island\\\/\"},{\"@type\":\"ListItem\",\"position\":3,\"name\":\"S&#8217;Y RENDRE\",\"item\":\"https:\\\/\\\/officialeleutheraharbourisland.com\\\/fr\\\/harbour-island\\\/sy-rendre\\\/\"},{\"@type\":\"ListItem\",\"position\":4,\"name\":\"En avion\",\"item\":\"https:\\\/\\\/officialeleutheraharbourisland.com\\\/fr\\\/harbour-island\\\/sy-rendre\\\/en-avion\\\/\"},{\"@type\":\"ListItem\",\"position\":5,\"name\":\"Conseils pour se rendre \u00e0 Harbour Island en avion\"}]},{\"@type\":\"WebSite\",\"@id\":\"https:\\\/\\\/officialeleutheraharbourisland.com\\\/#website\",\"url\":\"https:\\\/\\\/officialeleutheraharbourisland.com\\\/\",\"name\":\"Official Eleuthera Harbour Island\",\"description\":\"Where Beauty &amp; Nature Meet\",\"publisher\":{\"@id\":\"https:\\\/\\\/officialeleutheraharbourisland.com\\\/#organization\"},\"potentialAction\":[{\"@type\":\"SearchAction\",\"target\":{\"@type\":\"EntryPoint\",\"urlTemplate\":\"https:\\\/\\\/officialeleutheraharbourisland.com\\\/?s={search_term_string}\"},\"query-input\":{\"@type\":\"PropertyValueSpecification\",\"valueRequired\":true,\"valueName\":\"search_term_string\"}}],\"inLanguage\":\"fr-FR\"},{\"@type\":\"Organization\",\"@id\":\"https:\\\/\\\/officialeleutheraharbourisland.com\\\/#organization\",\"name\":\"Official Eleuthera Harbour Island\",\"url\":\"https:\\\/\\\/officialeleutheraharbourisland.com\\\/\",\"logo\":{\"@type\":\"ImageObject\",\"inLanguage\":\"fr-FR\",\"@id\":\"https:\\\/\\\/officialeleutheraharbourisland.com\\\/#\\\/schema\\\/logo\\\/image\\\/\",\"url\":\"https:\\\/\\\/officialeleutheraharbourisland.com\\\/wp-content\\\/uploads\\\/2022\\\/03\\\/logo-new-GREY-275.png\",\"contentUrl\":\"https:\\\/\\\/officialeleutheraharbourisland.com\\\/wp-content\\\/uploads\\\/2022\\\/03\\\/logo-new-GREY-275.png\",\"width\":275,\"height\":22,\"caption\":\"Official Eleuthera Harbour Island\"},\"image\":{\"@id\":\"https:\\\/\\\/officialeleutheraharbourisland.com\\\/#\\\/schema\\\/logo\\\/image\\\/\"}}]}<\/script>\n<!-- \/ Yoast SEO Premium plugin. -->","yoast_head_json":{"title":"Conseils pour se rendre \u00e0 Harbour Island en avion.","description":"Official Eleuthera Harbour Island la meilleure ressource pour vos vacances partage les meilleurs conseils pour voler \u00e0 Harbour Island, Bahamas.","robots":{"index":"index","follow":"follow","max-snippet":"max-snippet:-1","max-image-preview":"max-image-preview:large","max-video-preview":"max-video-preview:-1"},"canonical":"https:\/\/officialeleutheraharbourisland.com\/fr\/harbour-island\/sy-rendre\/en-avion\/conseils-pour-se-rendre-a-harbour-island-en-avion\/","og_locale":"fr_FR","og_type":"article","og_title":"Conseils pour se rendre \u00e0 Harbour Island en avion","og_description":"Official Eleuthera Harbour Island la meilleure ressource pour vos vacances partage les meilleurs conseils pour voler \u00e0 Harbour Island, Bahamas.","og_url":"https:\/\/officialeleutheraharbourisland.com\/fr\/harbour-island\/sy-rendre\/en-avion\/conseils-pour-se-rendre-a-harbour-island-en-avion\/","og_site_name":"Official Eleuthera Harbour Island","article_modified_time":"2023-03-07T20:21:39+00:00","og_image":[{"width":1000,"height":600,"url":"https:\/\/officialeleutheraharbourisland.com\/wp-content\/uploads\/2023\/01\/Untitledp4.jpg","type":"image\/jpeg"}],"twitter_card":"summary_large_image","twitter_misc":{"Dur\u00e9e de lecture estim\u00e9e":"2 minutes"},"schema":{"@context":"https:\/\/schema.org","@graph":[{"@type":"WebPage","@id":"https:\/\/officialeleutheraharbourisland.com\/fr\/harbour-island\/sy-rendre\/en-avion\/conseils-pour-se-rendre-a-harbour-island-en-avion\/","url":"https:\/\/officialeleutheraharbourisland.com\/fr\/harbour-island\/sy-rendre\/en-avion\/conseils-pour-se-rendre-a-harbour-island-en-avion\/","name":"Conseils pour se rendre \u00e0 Harbour Island en avion.","isPartOf":{"@id":"https:\/\/officialeleutheraharbourisland.com\/#website"},"primaryImageOfPage":{"@id":"https:\/\/officialeleutheraharbourisland.com\/fr\/harbour-island\/sy-rendre\/en-avion\/conseils-pour-se-rendre-a-harbour-island-en-avion\/#primaryimage"},"image":{"@id":"https:\/\/officialeleutheraharbourisland.com\/fr\/harbour-island\/sy-rendre\/en-avion\/conseils-pour-se-rendre-a-harbour-island-en-avion\/#primaryimage"},"thumbnailUrl":"https:\/\/officialeleutheraharbourisland.com\/wp-content\/uploads\/2023\/01\/Untitledp4.jpg","datePublished":"2022-04-04T11:37:39+00:00","dateModified":"2023-03-07T20:21:39+00:00","description":"Official Eleuthera Harbour Island la meilleure ressource pour vos vacances partage les meilleurs conseils pour voler \u00e0 Harbour Island, Bahamas.","breadcrumb":{"@id":"https:\/\/officialeleutheraharbourisland.com\/fr\/harbour-island\/sy-rendre\/en-avion\/conseils-pour-se-rendre-a-harbour-island-en-avion\/#breadcrumb"},"inLanguage":"fr-FR","potentialAction":[{"@type":"ReadAction","target":["https:\/\/officialeleutheraharbourisland.com\/fr\/harbour-island\/sy-rendre\/en-avion\/conseils-pour-se-rendre-a-harbour-island-en-avion\/"]}]},{"@type":"ImageObject","inLanguage":"fr-FR","@id":"https:\/\/officialeleutheraharbourisland.com\/fr\/harbour-island\/sy-rendre\/en-avion\/conseils-pour-se-rendre-a-harbour-island-en-avion\/#primaryimage","url":"https:\/\/officialeleutheraharbourisland.com\/wp-content\/uploads\/2023\/01\/Untitledp4.jpg","contentUrl":"https:\/\/officialeleutheraharbourisland.com\/wp-content\/uploads\/2023\/01\/Untitledp4.jpg","width":1000,"height":600,"caption":"TIPS FLYING TO ELEUTHERA"},{"@type":"BreadcrumbList","@id":"https:\/\/officialeleutheraharbourisland.com\/fr\/harbour-island\/sy-rendre\/en-avion\/conseils-pour-se-rendre-a-harbour-island-en-avion\/#breadcrumb","itemListElement":[{"@type":"ListItem","position":1,"name":"Home","item":"https:\/\/officialeleutheraharbourisland.com\/fr\/"},{"@type":"ListItem","position":2,"name":"HARBOUR ISLAND","item":"https:\/\/officialeleutheraharbourisland.com\/fr\/harbour-island\/"},{"@type":"ListItem","position":3,"name":"S&#8217;Y RENDRE","item":"https:\/\/officialeleutheraharbourisland.com\/fr\/harbour-island\/sy-rendre\/"},{"@type":"ListItem","position":4,"name":"En avion","item":"https:\/\/officialeleutheraharbourisland.com\/fr\/harbour-island\/sy-rendre\/en-avion\/"},{"@type":"ListItem","position":5,"name":"Conseils pour se rendre \u00e0 Harbour Island en avion"}]},{"@type":"WebSite","@id":"https:\/\/officialeleutheraharbourisland.com\/#website","url":"https:\/\/officialeleutheraharbourisland.com\/","name":"Official Eleuthera Harbour Island","description":"Where Beauty &amp; Nature Meet","publisher":{"@id":"https:\/\/officialeleutheraharbourisland.com\/#organization"},"potentialAction":[{"@type":"SearchAction","target":{"@type":"EntryPoint","urlTemplate":"https:\/\/officialeleutheraharbourisland.com\/?s={search_term_string}"},"query-input":{"@type":"PropertyValueSpecification","valueRequired":true,"valueName":"search_term_string"}}],"inLanguage":"fr-FR"},{"@type":"Organization","@id":"https:\/\/officialeleutheraharbourisland.com\/#organization","name":"Official Eleuthera Harbour Island","url":"https:\/\/officialeleutheraharbourisland.com\/","logo":{"@type":"ImageObject","inLanguage":"fr-FR","@id":"https:\/\/officialeleutheraharbourisland.com\/#\/schema\/logo\/image\/","url":"https:\/\/officialeleutheraharbourisland.com\/wp-content\/uploads\/2022\/03\/logo-new-GREY-275.png","contentUrl":"https:\/\/officialeleutheraharbourisland.com\/wp-content\/uploads\/2022\/03\/logo-new-GREY-275.png","width":275,"height":22,"caption":"Official Eleuthera Harbour Island"},"image":{"@id":"https:\/\/officialeleutheraharbourisland.com\/#\/schema\/logo\/image\/"}}]}},"jetpack_sharing_enabled":true,"_links":{"self":[{"href":"https:\/\/officialeleutheraharbourisland.com\/fr\/wp-json\/wp\/v2\/pages\/71632","targetHints":{"allow":["GET"]}}],"collection":[{"href":"https:\/\/officialeleutheraharbourisland.com\/fr\/wp-json\/wp\/v2\/pages"}],"about":[{"href":"https:\/\/officialeleutheraharbourisland.com\/fr\/wp-json\/wp\/v2\/types\/page"}],"author":[{"embeddable":true,"href":"https:\/\/officialeleutheraharbourisland.com\/fr\/wp-json\/wp\/v2\/users\/4"}],"replies":[{"embeddable":true,"href":"https:\/\/officialeleutheraharbourisland.com\/fr\/wp-json\/wp\/v2\/comments?post=71632"}],"version-history":[{"count":2,"href":"https:\/\/officialeleutheraharbourisland.com\/fr\/wp-json\/wp\/v2\/pages\/71632\/revisions"}],"predecessor-version":[{"id":74478,"href":"https:\/\/officialeleutheraharbourisland.com\/fr\/wp-json\/wp\/v2\/pages\/71632\/revisions\/74478"}],"up":[{"embeddable":true,"href":"https:\/\/officialeleutheraharbourisland.com\/fr\/wp-json\/wp\/v2\/pages\/71621"}],"wp:featuredmedia":[{"embeddable":true,"href":"https:\/\/officialeleutheraharbourisland.com\/fr\/wp-json\/wp\/v2\/media\/72829"}],"wp:attachment":[{"href":"https:\/\/officialeleutheraharbourisland.com\/fr\/wp-json\/wp\/v2\/media?parent=71632"}],"wp:term":[{"taxonomy":"category","embeddable":true,"href":"https:\/\/officialeleutheraharbourisland.com\/fr\/wp-json\/wp\/v2\/categories?post=71632"},{"taxonomy":"post_tag","embeddable":true,"href":"https:\/\/officialeleutheraharbourisland.com\/fr\/wp-json\/wp\/v2\/tags?post=71632"}],"curies":[{"name":"wp","href":"https:\/\/api.w.org\/{rel}","templated":true}]}}