{"id":71652,"date":"2022-04-04T11:37:39","date_gmt":"2022-04-04T11:37:39","guid":{"rendered":"https:\/\/officialeleutheraharbourisland.com\/?page_id=71652"},"modified":"2023-03-07T20:22:43","modified_gmt":"2023-03-07T20:22:43","slug":"vols-directs","status":"publish","type":"page","link":"https:\/\/officialeleutheraharbourisland.com\/fr\/harbour-island\/sy-rendre\/en-avion\/vols-directs\/","title":{"rendered":"Vols directs"},"content":{"rendered":"<div class=\"wpb-content-wrapper\"><p>[vc_row css=\u00a0\u00bb.vc_custom_1649079224179{padding-bottom: 50px !important;}\u00a0\u00bb][vc_column]<div id=\"ultimate-heading-371569e29e4dd5b22\" class=\"uvc-heading ult-adjust-bottom-margin ultimate-heading-371569e29e4dd5b22 uvc-4530 \" data-hspacer=\"line_only\"  data-halign=\"center\" style=\"text-align:center\"><div class=\"uvc-main-heading ult-responsive\"  data-ultimate-target='.uvc-heading.ultimate-heading-371569e29e4dd5b22 h2'  data-responsive-json-new='{\"font-size\":\"\",\"line-height\":\"\"}' ><h2 style=\"font-weight:normal;margin-bottom:15px;\">Vols directs vers North Eleuthera<\/h2><\/div><div class=\"uvc-heading-spacer line_only\" style=\"margin-bottom:15px;height:3px;\"><span class=\"uvc-headings-line\" style=\"border-style:solid;border-bottom-width:3px;border-color:#7ac1ff;width:60px;\"><\/span><\/div><\/div>[\/vc_column][\/vc_row][vc_row][vc_column][vc_column_text]Important : il n&rsquo;y a pas d&rsquo;a\u00e9roport sur l&rsquo;\u00eele de Harbour, les visiteurs devront prendre l&rsquo;avion pour North Eleuthera (le code de l&rsquo;a\u00e9roport pour North Eleuthera est ELH). C&rsquo;est l&rsquo;a\u00e9roport le plus proche de Harbour Island.<\/p>\n<p><strong>Il n&rsquo;y a que 5 destinations qui proposent des vols directs vers North Eleuthera:<\/strong><br \/>\nMiami, Fort Lauderdale, Atlanta, Nassau, Charlotte.<\/p>\n<p><span style=\"font-weight: 400;\">Les meilleurs endroits pour prendre un vol vers North Eleuthera sont\u00a0 Miami ou Fort Lauderdale qui offrent le plus de vols quotidiens (4 au total).<\/span><\/p>\n<p><span style=\"font-weight: 400;\">Atlanta est un a\u00e9roport majeur puisqu\u2019il dessert une grande partie des villes des Etats-Unis.\u00a0 Cela dit, pensez \u00e0 planifier votre voyage, avec un temps de transit suffisant, de mani\u00e8re \u00e0 ne pas rater votre vol en cas de retard. L&rsquo;a\u00e9roport de North Eleuthera n&rsquo;autorise pas les vols de nuit, c&rsquo;est un a\u00e9roport sans tour et sans feux de piste.<\/span>[\/vc_column_text][vc_separator css=\u00a0\u00bb.vc_custom_1675192431247{padding-top: 30px !important;padding-bottom: 30px !important;}\u00a0\u00bb][vc_row_inner][vc_column_inner width=\u00a0\u00bb1\/2&Prime;][vc_single_image image=\u00a0\u00bb72801&Prime; img_size=\u00a0\u00bbfull\u00a0\u00bb alignment=\u00a0\u00bbcenter\u00a0\u00bb][\/vc_column_inner][vc_column_inner width=\u00a0\u00bb1\/2&Prime;][vc_single_image image=\u00a0\u00bb72805&Prime; img_size=\u00a0\u00bbfull\u00a0\u00bb alignment=\u00a0\u00bbcenter\u00a0\u00bb][\/vc_column_inner][\/vc_row_inner][vc_separator css=\u00a0\u00bb.vc_custom_1675192431247{padding-top: 30px !important;padding-bottom: 30px !important;}\u00a0\u00bb][vc_column_text]<span style=\"font-weight: 400;\"><b>Vols vers North Eleuthera depuis la Floride<br \/>\n<\/b><br \/>\nPour se rendre \u00e0 Harbour Island, les visiteurs devront r\u00e9server un vol pour North Eleuthera, \u00e9galement connu sous le nom d&rsquo;ELH (code IATA). Des vols commerciaux depuis le sud de la Floride sont propos\u00e9s soit depuis l&rsquo;a\u00e9roport international de Miami, soit depuis celui de Fort Lauderdale. Voler vers North Eleuthera peut co\u00fbter cher, surtout en haute saison et il n&rsquo;est pas rare de payer jusqu&rsquo;\u00e0 600 $ aller-retour. Il est donc conseill\u00e9 de r\u00e9server votre vol le plus t\u00f4t possible pour b\u00e9n\u00e9ficier des meilleurs tarifs<\/span><\/p>\n<p><span style=\"font-weight: 400;\">L&rsquo;a\u00e9roport accueille principalement le transport r\u00e9gional en raison de la longueur du tarmac et de l&rsquo;\u00e9quipement. La Floride propose des vols directs vers North Eleuthera. Voici la liste des compagnies a\u00e9riennes qui proposent des vols directs :\u00a0<\/span><\/p>\n<p><b>American Airlines <\/b><span style=\"font-weight: 400;\">depuis Miami <a href=\"https:\/\/www.aa.com\/\" target=\"_blank\" rel=\"noopener\">https:\/\/www.aa.com\/<\/a><\/span><\/p>\n<p><b>Silver Airways<\/b><span style=\"font-weight: 400;\"> depuis Fort Lauderdale <a href=\"https:\/\/www.silverairways.com\/\" target=\"_blank\" rel=\"noopener\">https:\/\/www.silverairways.com\/<\/a> (La r\u00e9servation est plus pratique en ligne sur leur site Web.)<\/span><\/p>\n<p><b>Aztec Airways<\/b><span style=\"font-weight: 400;\"><a href=\"https:\/\/www.flyaztec.com\" target=\"_blank\" rel=\"noopener\"> https:\/\/www.flyaztec.com<\/a> de Fort Lauderdale<\/span><\/p>\n<p><span style=\"font-weight: 400;\">Aztec est une petite compagnie a\u00e9rienne avec 6 petits avions piper de 6 passagers. Ces avions sont vieux mais bien entretenus avec d&rsquo;excellents pilotes. Les passagers qui n&rsquo;ont pas peur des petits avions appr\u00e9cieront Aztec Airways , et pourront arriver pour l\u2019enregistrement\u00a0 30 minutes \u00e0 l&rsquo;avance dans un petit terminal. L&rsquo;horaire est g\u00e9n\u00e9ralement respect\u00e9. Vous devez r\u00e9server en ligne sur leur site Web ou les appeler. Le vol dure 1 heure et 20 minutes.<\/span>[\/vc_column_text][vc_separator css=\u00a0\u00bb.vc_custom_1674487851499{padding-top: 30px !important;padding-bottom: 30px !important;}\u00a0\u00bb][vc_column_text]<strong>Vols en provenance d\u2019Atlanta vers Eleuthera (ELH)<\/strong><\/p>\n<p><span style=\"font-weight: 400;\">La Compagnie <\/span><b>Delta<\/b><span style=\"font-weight: 400;\"> affr\u00e8te 2 vols hebdomadaires en direction de North Eleuthera. La dur\u00e9e du vol est de 2h et 9 minutes. <\/span><a href=\"https:\/\/www.silverairways.com\/\"><span style=\"font-weight: 400;\">https:\/\/www.silverairways.com\/<\/span><\/a><span style=\"font-weight: 400;\"> \u00a0 +1 801-401-9100<\/span>[\/vc_column_text][vc_separator css=\u00a0\u00bb.vc_custom_1674487851499{padding-top: 30px !important;padding-bottom: 30px !important;}\u00a0\u00bb][vc_column_text]<strong>Vols en provenance Nassau vers Eleuthera (ELH):<\/strong><br \/>\n<a href=\"https:\/\/www.bahamasair.com\/\">https:\/\/www.bahamasair.com\/<\/a><br \/>\n<a href=\"https:\/\/pineappleair.com\/\">https:\/\/pineappleair.com\/<\/a>[\/vc_column_text][vc_separator css=\u00a0\u00bb.vc_custom_1675192431247{padding-top: 30px !important;padding-bottom: 30px !important;}\u00a0\u00bb][\/vc_column][\/vc_row]<\/p>\n<\/div>","protected":false},"excerpt":{"rendered":"<p>[vc_row css=\u00a0\u00bb.vc_custom_1649079224179{padding-bottom: 50px !important;}\u00a0\u00bb][vc_column][\/vc_column][\/vc_row][vc_row][vc_column][vc_column_text]Important : il n&rsquo;y a pas d&rsquo;a\u00e9roport sur l&rsquo;\u00eele de Harbour, les visiteurs devront prendre l&rsquo;avion pour North Eleuthera (le code de l&rsquo;a\u00e9roport pour North Eleuthera est ELH). C&rsquo;est l&rsquo;a\u00e9roport le plus proche de Harbour Island. Il n&rsquo;y a que 5 destinations qui proposent des vols directs vers North Eleuthera: Miami, Fort&hellip;<\/p>\n","protected":false},"author":4,"featured_media":72806,"parent":71621,"menu_order":0,"comment_status":"closed","ping_status":"closed","template":"","meta":{"footnotes":""},"categories":[],"tags":[1179],"class_list":["post-71652","page","type-page","status-publish","has-post-thumbnail","hentry","tag-by-plane-harbour-island-fr","description-off"],"yoast_head":"<!-- This site is optimized with the Yoast SEO Premium plugin v25.2 (Yoast SEO v27.4) - https:\/\/yoast.com\/product\/yoast-seo-premium-wordpress\/ -->\n<title>Vols directs vers North Eleuthera. Guide de Harbour Island.<\/title>\n<meta name=\"description\" content=\"Official Eleuthera Harbour Island fournit les meilleures informations sur les vols directs vers North Eleuthera depuis Miami, Fort Lauderdale, Atlanta.\" \/>\n<meta name=\"robots\" content=\"index, follow, max-snippet:-1, max-image-preview:large, max-video-preview:-1\" \/>\n<link rel=\"canonical\" href=\"https:\/\/officialeleutheraharbourisland.com\/fr\/harbour-island\/sy-rendre\/en-avion\/vols-directs\/\" \/>\n<meta property=\"og:locale\" content=\"fr_FR\" \/>\n<meta property=\"og:type\" content=\"article\" \/>\n<meta property=\"og:title\" content=\"Vols directs\" \/>\n<meta property=\"og:description\" content=\"Official Eleuthera Harbour Island fournit les meilleures informations sur les vols directs vers North Eleuthera depuis Miami, Fort Lauderdale, Atlanta.\" \/>\n<meta property=\"og:url\" content=\"https:\/\/officialeleutheraharbourisland.com\/fr\/harbour-island\/sy-rendre\/en-avion\/vols-directs\/\" \/>\n<meta property=\"og:site_name\" content=\"Official Eleuthera Harbour Island\" \/>\n<meta property=\"article:modified_time\" content=\"2023-03-07T20:22:43+00:00\" \/>\n<meta property=\"og:image\" content=\"https:\/\/officialeleutheraharbourisland.com\/wp-content\/uploads\/2023\/01\/Untitled1.jpg\" \/>\n\t<meta property=\"og:image:width\" content=\"2000\" \/>\n\t<meta property=\"og:image:height\" content=\"1013\" \/>\n\t<meta property=\"og:image:type\" content=\"image\/jpeg\" \/>\n<meta name=\"twitter:card\" content=\"summary_large_image\" \/>\n<meta name=\"twitter:label1\" content=\"Dur\u00e9e de lecture estim\u00e9e\" \/>\n\t<meta name=\"twitter:data1\" content=\"3 minutes\" \/>\n<script type=\"application\/ld+json\" class=\"yoast-schema-graph\">{\"@context\":\"https:\\\/\\\/schema.org\",\"@graph\":[{\"@type\":\"WebPage\",\"@id\":\"https:\\\/\\\/officialeleutheraharbourisland.com\\\/fr\\\/harbour-island\\\/sy-rendre\\\/en-avion\\\/vols-directs\\\/\",\"url\":\"https:\\\/\\\/officialeleutheraharbourisland.com\\\/fr\\\/harbour-island\\\/sy-rendre\\\/en-avion\\\/vols-directs\\\/\",\"name\":\"Vols directs vers North Eleuthera. Guide de Harbour Island.\",\"isPartOf\":{\"@id\":\"https:\\\/\\\/officialeleutheraharbourisland.com\\\/#website\"},\"primaryImageOfPage\":{\"@id\":\"https:\\\/\\\/officialeleutheraharbourisland.com\\\/fr\\\/harbour-island\\\/sy-rendre\\\/en-avion\\\/vols-directs\\\/#primaryimage\"},\"image\":{\"@id\":\"https:\\\/\\\/officialeleutheraharbourisland.com\\\/fr\\\/harbour-island\\\/sy-rendre\\\/en-avion\\\/vols-directs\\\/#primaryimage\"},\"thumbnailUrl\":\"https:\\\/\\\/officialeleutheraharbourisland.com\\\/wp-content\\\/uploads\\\/2023\\\/01\\\/Untitled1.jpg\",\"datePublished\":\"2022-04-04T11:37:39+00:00\",\"dateModified\":\"2023-03-07T20:22:43+00:00\",\"description\":\"Official Eleuthera Harbour Island fournit les meilleures informations sur les vols directs vers North Eleuthera depuis Miami, Fort Lauderdale, Atlanta.\",\"breadcrumb\":{\"@id\":\"https:\\\/\\\/officialeleutheraharbourisland.com\\\/fr\\\/harbour-island\\\/sy-rendre\\\/en-avion\\\/vols-directs\\\/#breadcrumb\"},\"inLanguage\":\"fr-FR\",\"potentialAction\":[{\"@type\":\"ReadAction\",\"target\":[\"https:\\\/\\\/officialeleutheraharbourisland.com\\\/fr\\\/harbour-island\\\/sy-rendre\\\/en-avion\\\/vols-directs\\\/\"]}]},{\"@type\":\"ImageObject\",\"inLanguage\":\"fr-FR\",\"@id\":\"https:\\\/\\\/officialeleutheraharbourisland.com\\\/fr\\\/harbour-island\\\/sy-rendre\\\/en-avion\\\/vols-directs\\\/#primaryimage\",\"url\":\"https:\\\/\\\/officialeleutheraharbourisland.com\\\/wp-content\\\/uploads\\\/2023\\\/01\\\/Untitled1.jpg\",\"contentUrl\":\"https:\\\/\\\/officialeleutheraharbourisland.com\\\/wp-content\\\/uploads\\\/2023\\\/01\\\/Untitled1.jpg\",\"width\":2000,\"height\":1013,\"caption\":\"direct flights north eleuthera\"},{\"@type\":\"BreadcrumbList\",\"@id\":\"https:\\\/\\\/officialeleutheraharbourisland.com\\\/fr\\\/harbour-island\\\/sy-rendre\\\/en-avion\\\/vols-directs\\\/#breadcrumb\",\"itemListElement\":[{\"@type\":\"ListItem\",\"position\":1,\"name\":\"Home\",\"item\":\"https:\\\/\\\/officialeleutheraharbourisland.com\\\/fr\\\/\"},{\"@type\":\"ListItem\",\"position\":2,\"name\":\"HARBOUR ISLAND\",\"item\":\"https:\\\/\\\/officialeleutheraharbourisland.com\\\/fr\\\/harbour-island\\\/\"},{\"@type\":\"ListItem\",\"position\":3,\"name\":\"S&#8217;Y RENDRE\",\"item\":\"https:\\\/\\\/officialeleutheraharbourisland.com\\\/fr\\\/harbour-island\\\/sy-rendre\\\/\"},{\"@type\":\"ListItem\",\"position\":4,\"name\":\"En avion\",\"item\":\"https:\\\/\\\/officialeleutheraharbourisland.com\\\/fr\\\/harbour-island\\\/sy-rendre\\\/en-avion\\\/\"},{\"@type\":\"ListItem\",\"position\":5,\"name\":\"Vols directs\"}]},{\"@type\":\"WebSite\",\"@id\":\"https:\\\/\\\/officialeleutheraharbourisland.com\\\/#website\",\"url\":\"https:\\\/\\\/officialeleutheraharbourisland.com\\\/\",\"name\":\"Official Eleuthera Harbour Island\",\"description\":\"Where Beauty &amp; Nature Meet\",\"publisher\":{\"@id\":\"https:\\\/\\\/officialeleutheraharbourisland.com\\\/#organization\"},\"potentialAction\":[{\"@type\":\"SearchAction\",\"target\":{\"@type\":\"EntryPoint\",\"urlTemplate\":\"https:\\\/\\\/officialeleutheraharbourisland.com\\\/?s={search_term_string}\"},\"query-input\":{\"@type\":\"PropertyValueSpecification\",\"valueRequired\":true,\"valueName\":\"search_term_string\"}}],\"inLanguage\":\"fr-FR\"},{\"@type\":\"Organization\",\"@id\":\"https:\\\/\\\/officialeleutheraharbourisland.com\\\/#organization\",\"name\":\"Official Eleuthera Harbour Island\",\"url\":\"https:\\\/\\\/officialeleutheraharbourisland.com\\\/\",\"logo\":{\"@type\":\"ImageObject\",\"inLanguage\":\"fr-FR\",\"@id\":\"https:\\\/\\\/officialeleutheraharbourisland.com\\\/#\\\/schema\\\/logo\\\/image\\\/\",\"url\":\"https:\\\/\\\/officialeleutheraharbourisland.com\\\/wp-content\\\/uploads\\\/2022\\\/03\\\/logo-new-GREY-275.png\",\"contentUrl\":\"https:\\\/\\\/officialeleutheraharbourisland.com\\\/wp-content\\\/uploads\\\/2022\\\/03\\\/logo-new-GREY-275.png\",\"width\":275,\"height\":22,\"caption\":\"Official Eleuthera Harbour Island\"},\"image\":{\"@id\":\"https:\\\/\\\/officialeleutheraharbourisland.com\\\/#\\\/schema\\\/logo\\\/image\\\/\"}}]}<\/script>\n<!-- \/ Yoast SEO Premium plugin. -->","yoast_head_json":{"title":"Vols directs vers North Eleuthera. Guide de Harbour Island.","description":"Official Eleuthera Harbour Island fournit les meilleures informations sur les vols directs vers North Eleuthera depuis Miami, Fort Lauderdale, Atlanta.","robots":{"index":"index","follow":"follow","max-snippet":"max-snippet:-1","max-image-preview":"max-image-preview:large","max-video-preview":"max-video-preview:-1"},"canonical":"https:\/\/officialeleutheraharbourisland.com\/fr\/harbour-island\/sy-rendre\/en-avion\/vols-directs\/","og_locale":"fr_FR","og_type":"article","og_title":"Vols directs","og_description":"Official Eleuthera Harbour Island fournit les meilleures informations sur les vols directs vers North Eleuthera depuis Miami, Fort Lauderdale, Atlanta.","og_url":"https:\/\/officialeleutheraharbourisland.com\/fr\/harbour-island\/sy-rendre\/en-avion\/vols-directs\/","og_site_name":"Official Eleuthera Harbour Island","article_modified_time":"2023-03-07T20:22:43+00:00","og_image":[{"width":2000,"height":1013,"url":"https:\/\/officialeleutheraharbourisland.com\/wp-content\/uploads\/2023\/01\/Untitled1.jpg","type":"image\/jpeg"}],"twitter_card":"summary_large_image","twitter_misc":{"Dur\u00e9e de lecture estim\u00e9e":"3 minutes"},"schema":{"@context":"https:\/\/schema.org","@graph":[{"@type":"WebPage","@id":"https:\/\/officialeleutheraharbourisland.com\/fr\/harbour-island\/sy-rendre\/en-avion\/vols-directs\/","url":"https:\/\/officialeleutheraharbourisland.com\/fr\/harbour-island\/sy-rendre\/en-avion\/vols-directs\/","name":"Vols directs vers North Eleuthera. Guide de Harbour Island.","isPartOf":{"@id":"https:\/\/officialeleutheraharbourisland.com\/#website"},"primaryImageOfPage":{"@id":"https:\/\/officialeleutheraharbourisland.com\/fr\/harbour-island\/sy-rendre\/en-avion\/vols-directs\/#primaryimage"},"image":{"@id":"https:\/\/officialeleutheraharbourisland.com\/fr\/harbour-island\/sy-rendre\/en-avion\/vols-directs\/#primaryimage"},"thumbnailUrl":"https:\/\/officialeleutheraharbourisland.com\/wp-content\/uploads\/2023\/01\/Untitled1.jpg","datePublished":"2022-04-04T11:37:39+00:00","dateModified":"2023-03-07T20:22:43+00:00","description":"Official Eleuthera Harbour Island fournit les meilleures informations sur les vols directs vers North Eleuthera depuis Miami, Fort Lauderdale, Atlanta.","breadcrumb":{"@id":"https:\/\/officialeleutheraharbourisland.com\/fr\/harbour-island\/sy-rendre\/en-avion\/vols-directs\/#breadcrumb"},"inLanguage":"fr-FR","potentialAction":[{"@type":"ReadAction","target":["https:\/\/officialeleutheraharbourisland.com\/fr\/harbour-island\/sy-rendre\/en-avion\/vols-directs\/"]}]},{"@type":"ImageObject","inLanguage":"fr-FR","@id":"https:\/\/officialeleutheraharbourisland.com\/fr\/harbour-island\/sy-rendre\/en-avion\/vols-directs\/#primaryimage","url":"https:\/\/officialeleutheraharbourisland.com\/wp-content\/uploads\/2023\/01\/Untitled1.jpg","contentUrl":"https:\/\/officialeleutheraharbourisland.com\/wp-content\/uploads\/2023\/01\/Untitled1.jpg","width":2000,"height":1013,"caption":"direct flights north eleuthera"},{"@type":"BreadcrumbList","@id":"https:\/\/officialeleutheraharbourisland.com\/fr\/harbour-island\/sy-rendre\/en-avion\/vols-directs\/#breadcrumb","itemListElement":[{"@type":"ListItem","position":1,"name":"Home","item":"https:\/\/officialeleutheraharbourisland.com\/fr\/"},{"@type":"ListItem","position":2,"name":"HARBOUR ISLAND","item":"https:\/\/officialeleutheraharbourisland.com\/fr\/harbour-island\/"},{"@type":"ListItem","position":3,"name":"S&#8217;Y RENDRE","item":"https:\/\/officialeleutheraharbourisland.com\/fr\/harbour-island\/sy-rendre\/"},{"@type":"ListItem","position":4,"name":"En avion","item":"https:\/\/officialeleutheraharbourisland.com\/fr\/harbour-island\/sy-rendre\/en-avion\/"},{"@type":"ListItem","position":5,"name":"Vols directs"}]},{"@type":"WebSite","@id":"https:\/\/officialeleutheraharbourisland.com\/#website","url":"https:\/\/officialeleutheraharbourisland.com\/","name":"Official Eleuthera Harbour Island","description":"Where Beauty &amp; Nature Meet","publisher":{"@id":"https:\/\/officialeleutheraharbourisland.com\/#organization"},"potentialAction":[{"@type":"SearchAction","target":{"@type":"EntryPoint","urlTemplate":"https:\/\/officialeleutheraharbourisland.com\/?s={search_term_string}"},"query-input":{"@type":"PropertyValueSpecification","valueRequired":true,"valueName":"search_term_string"}}],"inLanguage":"fr-FR"},{"@type":"Organization","@id":"https:\/\/officialeleutheraharbourisland.com\/#organization","name":"Official Eleuthera Harbour Island","url":"https:\/\/officialeleutheraharbourisland.com\/","logo":{"@type":"ImageObject","inLanguage":"fr-FR","@id":"https:\/\/officialeleutheraharbourisland.com\/#\/schema\/logo\/image\/","url":"https:\/\/officialeleutheraharbourisland.com\/wp-content\/uploads\/2022\/03\/logo-new-GREY-275.png","contentUrl":"https:\/\/officialeleutheraharbourisland.com\/wp-content\/uploads\/2022\/03\/logo-new-GREY-275.png","width":275,"height":22,"caption":"Official Eleuthera Harbour Island"},"image":{"@id":"https:\/\/officialeleutheraharbourisland.com\/#\/schema\/logo\/image\/"}}]}},"jetpack_sharing_enabled":true,"_links":{"self":[{"href":"https:\/\/officialeleutheraharbourisland.com\/fr\/wp-json\/wp\/v2\/pages\/71652","targetHints":{"allow":["GET"]}}],"collection":[{"href":"https:\/\/officialeleutheraharbourisland.com\/fr\/wp-json\/wp\/v2\/pages"}],"about":[{"href":"https:\/\/officialeleutheraharbourisland.com\/fr\/wp-json\/wp\/v2\/types\/page"}],"author":[{"embeddable":true,"href":"https:\/\/officialeleutheraharbourisland.com\/fr\/wp-json\/wp\/v2\/users\/4"}],"replies":[{"embeddable":true,"href":"https:\/\/officialeleutheraharbourisland.com\/fr\/wp-json\/wp\/v2\/comments?post=71652"}],"version-history":[{"count":2,"href":"https:\/\/officialeleutheraharbourisland.com\/fr\/wp-json\/wp\/v2\/pages\/71652\/revisions"}],"predecessor-version":[{"id":74465,"href":"https:\/\/officialeleutheraharbourisland.com\/fr\/wp-json\/wp\/v2\/pages\/71652\/revisions\/74465"}],"up":[{"embeddable":true,"href":"https:\/\/officialeleutheraharbourisland.com\/fr\/wp-json\/wp\/v2\/pages\/71621"}],"wp:featuredmedia":[{"embeddable":true,"href":"https:\/\/officialeleutheraharbourisland.com\/fr\/wp-json\/wp\/v2\/media\/72806"}],"wp:attachment":[{"href":"https:\/\/officialeleutheraharbourisland.com\/fr\/wp-json\/wp\/v2\/media?parent=71652"}],"wp:term":[{"taxonomy":"category","embeddable":true,"href":"https:\/\/officialeleutheraharbourisland.com\/fr\/wp-json\/wp\/v2\/categories?post=71652"},{"taxonomy":"post_tag","embeddable":true,"href":"https:\/\/officialeleutheraharbourisland.com\/fr\/wp-json\/wp\/v2\/tags?post=71652"}],"curies":[{"name":"wp","href":"https:\/\/api.w.org\/{rel}","templated":true}]}}