{"id":71785,"date":"2022-05-24T10:49:33","date_gmt":"2022-05-24T10:49:33","guid":{"rendered":"https:\/\/officialeleutheraharbourisland.com\/?page_id=71785"},"modified":"2023-03-07T21:21:51","modified_gmt":"2023-03-07T21:21:51","slug":"marinas","status":"publish","type":"page","link":"https:\/\/officialeleutheraharbourisland.com\/fr\/harbour-island\/sy-rendre\/en-bateau\/marinas\/","title":{"rendered":"Marinas de Harbour island"},"content":{"rendered":"<div class=\"wpb-content-wrapper\"><p>[vc_row][vc_column][vc_column_text]<span style=\"font-weight: 400;\">Toutes les marinas de Harbour Island sont abrit\u00e9es du c\u00f4t\u00e9 de la baie de l&rsquo;\u00eele. Valentines resort Marina, Romora Bay et la nouvelle Brilland Marina sont les 3 marinas op\u00e9rant sur l&rsquo;\u00eele. La Marina Valentines est une Marina chic et c\u2019est la plus proche du centre-ville.\u00a0 Elle est compos\u00e9e d&rsquo;un h\u00f4tel, d&rsquo;un centre de plong\u00e9e sous-marine, d&rsquo;une boutique et de deux restaurants. La Marina de Romora Bay est situ\u00e9e un peu plus au sud, c&rsquo;est la moins bien entretenue des 3 Marinas, elle\u00a0 consiste en deux restaurants , ainsi\u00a0 qu\u2019un h\u00f4tel compos\u00e9 de cottages rustiques et d\u00e9suets. La marina Briland est la marina de luxe la plus r\u00e9cente; elle est situ\u00e9e en face de la marina de Romora Bay. Les plaisanciers adorent la commodit\u00e9 de s&rsquo;y rendre en bateau.<\/span><\/p>\n<p><span style=\"font-weight: 400;\">Certaines p\u00e9riodes sont plus charg\u00e9es que d&rsquo;autres , telles que Thanksgiving, les vacances de No\u00ebl, P\u00e2ques, les vacances scolaires d&rsquo;hiver, le 4 juillet. Il est donc pr\u00e9f\u00e9rable que\u00a0 les r\u00e9servations soient faites \u00e0 l&rsquo;avance, Les frais d&rsquo;amarrage par marina varient selon les saisons et les marinas.\u00a0<\/span><\/p>\n<p><span style=\"font-weight: 400;\">L&rsquo;essence et le diesel sont \u00e9galement disponibles au quai principal et \u00e0 la marina Valentines.<\/span><\/p>\n<p><span style=\"font-weight: 400;\">Il y a quelques m\u00e9caniciens qui travaillent sur l&rsquo;\u00eele et les officiers de port sauront les recommander. Les plaisanciers doivent n\u00e9anmoins v\u00e9rifier leurs r\u00e9f\u00e9rences, au besoin sur pi\u00e8ces justificatives, afin de\u00a0 s&rsquo;assurer qu&rsquo;ils sont capables de faire le travail. Un conseil de prudence : les plaisanciers doivent v\u00e9rifier leurs bateaux avant de quitter les \u00c9tats-Unis et s&rsquo;assurer qu&rsquo;ils ont toutes les pi\u00e8ces de rechange dont ils pourraient avoir besoin \u00e0 bord.<\/span><\/p>\n<p><span style=\"font-weight: 400;\">L&rsquo;\u00eele voisine de Spanish Wells\u00a0 dispose \u00e9galement de m\u00e9caniciens qualifi\u00e9s qui peuvent s&rsquo;occuper de votre probl\u00e8me potentiel.<\/span>[\/vc_column_text][vc_empty_space][vc_row_inner][vc_column_inner width=\u00a0\u00bb1\/6&Prime;][\/vc_column_inner][vc_column_inner width=\u00a0\u00bb2\/3&Prime;]<div class=\"lsd-list-view-wrapper  lsd-style-style1 lsd-font-m\" id=\"lsd_skin71797\" data-next-page=\"1\">\r\n\r\n    \r\n    \r\n    \r\n    \r\n    <div class=\"lsd-list-view-listings-wrapper lsd-viewstyle-list\">\r\n        <div class=\"lsd-listing-wrapper\">\r\n            <div class=\"lsd-alert lsd-info\">No Listing Found!<\/div>        <\/div>\r\n    <\/div>\r\n\r\n    \r\n    <\/div>[\/vc_column_inner][vc_column_inner width=\u00a0\u00bb1\/6&Prime;][\/vc_column_inner][\/vc_row_inner][\/vc_column][\/vc_row]<\/p>\n<\/div>","protected":false},"excerpt":{"rendered":"<p>[vc_row][vc_column][vc_column_text]Toutes les marinas de Harbour Island sont abrit\u00e9es du c\u00f4t\u00e9 de la baie de l&rsquo;\u00eele. Valentines resort Marina, Romora Bay et la nouvelle Brilland Marina sont les 3 marinas op\u00e9rant sur l&rsquo;\u00eele. La Marina Valentines est une Marina chic et c\u2019est la plus proche du centre-ville.\u00a0 Elle est compos\u00e9e d&rsquo;un h\u00f4tel, d&rsquo;un centre de plong\u00e9e&hellip;<\/p>\n","protected":false},"author":3,"featured_media":71794,"parent":71780,"menu_order":0,"comment_status":"closed","ping_status":"closed","template":"","meta":{"footnotes":""},"categories":[],"tags":[1182],"class_list":["post-71785","page","type-page","status-publish","has-post-thumbnail","hentry","tag-by-boat-harbour-island-fr","description-off"],"yoast_head":"<!-- This site is optimized with the Yoast SEO Premium plugin v25.2 (Yoast SEO v27.4) - https:\/\/yoast.com\/product\/yoast-seo-premium-wordpress\/ -->\n<title>Marinas de Harbour island, Bahamas. Informations touristiques.<\/title>\n<meta name=\"description\" content=\"Official Eleuthera Harbour Island votre guide de vacances \u00e0 Harbour Island, vous apporte des informations sur les ports de plaisance de Harbour Island, aux Bahamas.\" \/>\n<meta name=\"robots\" content=\"index, follow, max-snippet:-1, max-image-preview:large, max-video-preview:-1\" \/>\n<link rel=\"canonical\" href=\"https:\/\/officialeleutheraharbourisland.com\/fr\/harbour-island\/sy-rendre\/en-bateau\/marinas\/\" \/>\n<meta property=\"og:locale\" content=\"fr_FR\" \/>\n<meta property=\"og:type\" content=\"article\" \/>\n<meta property=\"og:title\" content=\"Marinas de Harbour island\" \/>\n<meta property=\"og:description\" content=\"Official Eleuthera Harbour Island votre guide de vacances \u00e0 Harbour Island, vous apporte des informations sur les ports de plaisance de Harbour Island, aux Bahamas.\" \/>\n<meta property=\"og:url\" content=\"https:\/\/officialeleutheraharbourisland.com\/fr\/harbour-island\/sy-rendre\/en-bateau\/marinas\/\" \/>\n<meta property=\"og:site_name\" content=\"Official Eleuthera Harbour Island\" \/>\n<meta property=\"article:modified_time\" content=\"2023-03-07T21:21:51+00:00\" \/>\n<meta property=\"og:image\" content=\"https:\/\/officialeleutheraharbourisland.com\/wp-content\/uploads\/2022\/07\/vlentine.jpg\" \/>\n\t<meta property=\"og:image:width\" content=\"1312\" \/>\n\t<meta property=\"og:image:height\" content=\"968\" \/>\n\t<meta property=\"og:image:type\" content=\"image\/jpeg\" \/>\n<meta name=\"twitter:card\" content=\"summary_large_image\" \/>\n<meta name=\"twitter:label1\" content=\"Dur\u00e9e de lecture estim\u00e9e\" \/>\n\t<meta name=\"twitter:data1\" content=\"2 minutes\" \/>\n<script type=\"application\/ld+json\" class=\"yoast-schema-graph\">{\"@context\":\"https:\\\/\\\/schema.org\",\"@graph\":[{\"@type\":\"WebPage\",\"@id\":\"https:\\\/\\\/officialeleutheraharbourisland.com\\\/fr\\\/harbour-island\\\/sy-rendre\\\/en-bateau\\\/marinas\\\/\",\"url\":\"https:\\\/\\\/officialeleutheraharbourisland.com\\\/fr\\\/harbour-island\\\/sy-rendre\\\/en-bateau\\\/marinas\\\/\",\"name\":\"Marinas de Harbour island, Bahamas. Informations touristiques.\",\"isPartOf\":{\"@id\":\"https:\\\/\\\/officialeleutheraharbourisland.com\\\/#website\"},\"primaryImageOfPage\":{\"@id\":\"https:\\\/\\\/officialeleutheraharbourisland.com\\\/fr\\\/harbour-island\\\/sy-rendre\\\/en-bateau\\\/marinas\\\/#primaryimage\"},\"image\":{\"@id\":\"https:\\\/\\\/officialeleutheraharbourisland.com\\\/fr\\\/harbour-island\\\/sy-rendre\\\/en-bateau\\\/marinas\\\/#primaryimage\"},\"thumbnailUrl\":\"https:\\\/\\\/officialeleutheraharbourisland.com\\\/wp-content\\\/uploads\\\/2022\\\/07\\\/vlentine.jpg\",\"datePublished\":\"2022-05-24T10:49:33+00:00\",\"dateModified\":\"2023-03-07T21:21:51+00:00\",\"description\":\"Official Eleuthera Harbour Island votre guide de vacances \u00e0 Harbour Island, vous apporte des informations sur les ports de plaisance de Harbour Island, aux Bahamas.\",\"breadcrumb\":{\"@id\":\"https:\\\/\\\/officialeleutheraharbourisland.com\\\/fr\\\/harbour-island\\\/sy-rendre\\\/en-bateau\\\/marinas\\\/#breadcrumb\"},\"inLanguage\":\"fr-FR\",\"potentialAction\":[{\"@type\":\"ReadAction\",\"target\":[\"https:\\\/\\\/officialeleutheraharbourisland.com\\\/fr\\\/harbour-island\\\/sy-rendre\\\/en-bateau\\\/marinas\\\/\"]}]},{\"@type\":\"ImageObject\",\"inLanguage\":\"fr-FR\",\"@id\":\"https:\\\/\\\/officialeleutheraharbourisland.com\\\/fr\\\/harbour-island\\\/sy-rendre\\\/en-bateau\\\/marinas\\\/#primaryimage\",\"url\":\"https:\\\/\\\/officialeleutheraharbourisland.com\\\/wp-content\\\/uploads\\\/2022\\\/07\\\/vlentine.jpg\",\"contentUrl\":\"https:\\\/\\\/officialeleutheraharbourisland.com\\\/wp-content\\\/uploads\\\/2022\\\/07\\\/vlentine.jpg\",\"width\":1312,\"height\":968},{\"@type\":\"BreadcrumbList\",\"@id\":\"https:\\\/\\\/officialeleutheraharbourisland.com\\\/fr\\\/harbour-island\\\/sy-rendre\\\/en-bateau\\\/marinas\\\/#breadcrumb\",\"itemListElement\":[{\"@type\":\"ListItem\",\"position\":1,\"name\":\"Home\",\"item\":\"https:\\\/\\\/officialeleutheraharbourisland.com\\\/fr\\\/\"},{\"@type\":\"ListItem\",\"position\":2,\"name\":\"HARBOUR ISLAND\",\"item\":\"https:\\\/\\\/officialeleutheraharbourisland.com\\\/fr\\\/harbour-island\\\/\"},{\"@type\":\"ListItem\",\"position\":3,\"name\":\"S&#8217;Y RENDRE\",\"item\":\"https:\\\/\\\/officialeleutheraharbourisland.com\\\/fr\\\/harbour-island\\\/sy-rendre\\\/\"},{\"@type\":\"ListItem\",\"position\":4,\"name\":\"En bateau\",\"item\":\"https:\\\/\\\/officialeleutheraharbourisland.com\\\/fr\\\/harbour-island\\\/sy-rendre\\\/en-bateau\\\/\"},{\"@type\":\"ListItem\",\"position\":5,\"name\":\"Marinas de Harbour island\"}]},{\"@type\":\"WebSite\",\"@id\":\"https:\\\/\\\/officialeleutheraharbourisland.com\\\/#website\",\"url\":\"https:\\\/\\\/officialeleutheraharbourisland.com\\\/\",\"name\":\"Official Eleuthera Harbour Island\",\"description\":\"Where Beauty &amp; Nature Meet\",\"publisher\":{\"@id\":\"https:\\\/\\\/officialeleutheraharbourisland.com\\\/#organization\"},\"potentialAction\":[{\"@type\":\"SearchAction\",\"target\":{\"@type\":\"EntryPoint\",\"urlTemplate\":\"https:\\\/\\\/officialeleutheraharbourisland.com\\\/?s={search_term_string}\"},\"query-input\":{\"@type\":\"PropertyValueSpecification\",\"valueRequired\":true,\"valueName\":\"search_term_string\"}}],\"inLanguage\":\"fr-FR\"},{\"@type\":\"Organization\",\"@id\":\"https:\\\/\\\/officialeleutheraharbourisland.com\\\/#organization\",\"name\":\"Official Eleuthera Harbour Island\",\"url\":\"https:\\\/\\\/officialeleutheraharbourisland.com\\\/\",\"logo\":{\"@type\":\"ImageObject\",\"inLanguage\":\"fr-FR\",\"@id\":\"https:\\\/\\\/officialeleutheraharbourisland.com\\\/#\\\/schema\\\/logo\\\/image\\\/\",\"url\":\"https:\\\/\\\/officialeleutheraharbourisland.com\\\/wp-content\\\/uploads\\\/2022\\\/03\\\/logo-new-GREY-275.png\",\"contentUrl\":\"https:\\\/\\\/officialeleutheraharbourisland.com\\\/wp-content\\\/uploads\\\/2022\\\/03\\\/logo-new-GREY-275.png\",\"width\":275,\"height\":22,\"caption\":\"Official Eleuthera Harbour Island\"},\"image\":{\"@id\":\"https:\\\/\\\/officialeleutheraharbourisland.com\\\/#\\\/schema\\\/logo\\\/image\\\/\"}}]}<\/script>\n<!-- \/ Yoast SEO Premium plugin. -->","yoast_head_json":{"title":"Marinas de Harbour island, Bahamas. Informations touristiques.","description":"Official Eleuthera Harbour Island votre guide de vacances \u00e0 Harbour Island, vous apporte des informations sur les ports de plaisance de Harbour Island, aux Bahamas.","robots":{"index":"index","follow":"follow","max-snippet":"max-snippet:-1","max-image-preview":"max-image-preview:large","max-video-preview":"max-video-preview:-1"},"canonical":"https:\/\/officialeleutheraharbourisland.com\/fr\/harbour-island\/sy-rendre\/en-bateau\/marinas\/","og_locale":"fr_FR","og_type":"article","og_title":"Marinas de Harbour island","og_description":"Official Eleuthera Harbour Island votre guide de vacances \u00e0 Harbour Island, vous apporte des informations sur les ports de plaisance de Harbour Island, aux Bahamas.","og_url":"https:\/\/officialeleutheraharbourisland.com\/fr\/harbour-island\/sy-rendre\/en-bateau\/marinas\/","og_site_name":"Official Eleuthera Harbour Island","article_modified_time":"2023-03-07T21:21:51+00:00","og_image":[{"width":1312,"height":968,"url":"https:\/\/officialeleutheraharbourisland.com\/wp-content\/uploads\/2022\/07\/vlentine.jpg","type":"image\/jpeg"}],"twitter_card":"summary_large_image","twitter_misc":{"Dur\u00e9e de lecture estim\u00e9e":"2 minutes"},"schema":{"@context":"https:\/\/schema.org","@graph":[{"@type":"WebPage","@id":"https:\/\/officialeleutheraharbourisland.com\/fr\/harbour-island\/sy-rendre\/en-bateau\/marinas\/","url":"https:\/\/officialeleutheraharbourisland.com\/fr\/harbour-island\/sy-rendre\/en-bateau\/marinas\/","name":"Marinas de Harbour island, Bahamas. Informations touristiques.","isPartOf":{"@id":"https:\/\/officialeleutheraharbourisland.com\/#website"},"primaryImageOfPage":{"@id":"https:\/\/officialeleutheraharbourisland.com\/fr\/harbour-island\/sy-rendre\/en-bateau\/marinas\/#primaryimage"},"image":{"@id":"https:\/\/officialeleutheraharbourisland.com\/fr\/harbour-island\/sy-rendre\/en-bateau\/marinas\/#primaryimage"},"thumbnailUrl":"https:\/\/officialeleutheraharbourisland.com\/wp-content\/uploads\/2022\/07\/vlentine.jpg","datePublished":"2022-05-24T10:49:33+00:00","dateModified":"2023-03-07T21:21:51+00:00","description":"Official Eleuthera Harbour Island votre guide de vacances \u00e0 Harbour Island, vous apporte des informations sur les ports de plaisance de Harbour Island, aux Bahamas.","breadcrumb":{"@id":"https:\/\/officialeleutheraharbourisland.com\/fr\/harbour-island\/sy-rendre\/en-bateau\/marinas\/#breadcrumb"},"inLanguage":"fr-FR","potentialAction":[{"@type":"ReadAction","target":["https:\/\/officialeleutheraharbourisland.com\/fr\/harbour-island\/sy-rendre\/en-bateau\/marinas\/"]}]},{"@type":"ImageObject","inLanguage":"fr-FR","@id":"https:\/\/officialeleutheraharbourisland.com\/fr\/harbour-island\/sy-rendre\/en-bateau\/marinas\/#primaryimage","url":"https:\/\/officialeleutheraharbourisland.com\/wp-content\/uploads\/2022\/07\/vlentine.jpg","contentUrl":"https:\/\/officialeleutheraharbourisland.com\/wp-content\/uploads\/2022\/07\/vlentine.jpg","width":1312,"height":968},{"@type":"BreadcrumbList","@id":"https:\/\/officialeleutheraharbourisland.com\/fr\/harbour-island\/sy-rendre\/en-bateau\/marinas\/#breadcrumb","itemListElement":[{"@type":"ListItem","position":1,"name":"Home","item":"https:\/\/officialeleutheraharbourisland.com\/fr\/"},{"@type":"ListItem","position":2,"name":"HARBOUR ISLAND","item":"https:\/\/officialeleutheraharbourisland.com\/fr\/harbour-island\/"},{"@type":"ListItem","position":3,"name":"S&#8217;Y RENDRE","item":"https:\/\/officialeleutheraharbourisland.com\/fr\/harbour-island\/sy-rendre\/"},{"@type":"ListItem","position":4,"name":"En bateau","item":"https:\/\/officialeleutheraharbourisland.com\/fr\/harbour-island\/sy-rendre\/en-bateau\/"},{"@type":"ListItem","position":5,"name":"Marinas de Harbour island"}]},{"@type":"WebSite","@id":"https:\/\/officialeleutheraharbourisland.com\/#website","url":"https:\/\/officialeleutheraharbourisland.com\/","name":"Official Eleuthera Harbour Island","description":"Where Beauty &amp; Nature Meet","publisher":{"@id":"https:\/\/officialeleutheraharbourisland.com\/#organization"},"potentialAction":[{"@type":"SearchAction","target":{"@type":"EntryPoint","urlTemplate":"https:\/\/officialeleutheraharbourisland.com\/?s={search_term_string}"},"query-input":{"@type":"PropertyValueSpecification","valueRequired":true,"valueName":"search_term_string"}}],"inLanguage":"fr-FR"},{"@type":"Organization","@id":"https:\/\/officialeleutheraharbourisland.com\/#organization","name":"Official Eleuthera Harbour Island","url":"https:\/\/officialeleutheraharbourisland.com\/","logo":{"@type":"ImageObject","inLanguage":"fr-FR","@id":"https:\/\/officialeleutheraharbourisland.com\/#\/schema\/logo\/image\/","url":"https:\/\/officialeleutheraharbourisland.com\/wp-content\/uploads\/2022\/03\/logo-new-GREY-275.png","contentUrl":"https:\/\/officialeleutheraharbourisland.com\/wp-content\/uploads\/2022\/03\/logo-new-GREY-275.png","width":275,"height":22,"caption":"Official Eleuthera Harbour Island"},"image":{"@id":"https:\/\/officialeleutheraharbourisland.com\/#\/schema\/logo\/image\/"}}]}},"jetpack_sharing_enabled":true,"_links":{"self":[{"href":"https:\/\/officialeleutheraharbourisland.com\/fr\/wp-json\/wp\/v2\/pages\/71785","targetHints":{"allow":["GET"]}}],"collection":[{"href":"https:\/\/officialeleutheraharbourisland.com\/fr\/wp-json\/wp\/v2\/pages"}],"about":[{"href":"https:\/\/officialeleutheraharbourisland.com\/fr\/wp-json\/wp\/v2\/types\/page"}],"author":[{"embeddable":true,"href":"https:\/\/officialeleutheraharbourisland.com\/fr\/wp-json\/wp\/v2\/users\/3"}],"replies":[{"embeddable":true,"href":"https:\/\/officialeleutheraharbourisland.com\/fr\/wp-json\/wp\/v2\/comments?post=71785"}],"version-history":[{"count":2,"href":"https:\/\/officialeleutheraharbourisland.com\/fr\/wp-json\/wp\/v2\/pages\/71785\/revisions"}],"predecessor-version":[{"id":74489,"href":"https:\/\/officialeleutheraharbourisland.com\/fr\/wp-json\/wp\/v2\/pages\/71785\/revisions\/74489"}],"up":[{"embeddable":true,"href":"https:\/\/officialeleutheraharbourisland.com\/fr\/wp-json\/wp\/v2\/pages\/71780"}],"wp:featuredmedia":[{"embeddable":true,"href":"https:\/\/officialeleutheraharbourisland.com\/fr\/wp-json\/wp\/v2\/media\/71794"}],"wp:attachment":[{"href":"https:\/\/officialeleutheraharbourisland.com\/fr\/wp-json\/wp\/v2\/media?parent=71785"}],"wp:term":[{"taxonomy":"category","embeddable":true,"href":"https:\/\/officialeleutheraharbourisland.com\/fr\/wp-json\/wp\/v2\/categories?post=71785"},{"taxonomy":"post_tag","embeddable":true,"href":"https:\/\/officialeleutheraharbourisland.com\/fr\/wp-json\/wp\/v2\/tags?post=71785"}],"curies":[{"name":"wp","href":"https:\/\/api.w.org\/{rel}","templated":true}]}}