{"id":71819,"date":"2022-05-24T10:49:33","date_gmt":"2022-05-24T10:49:33","guid":{"rendered":"https:\/\/officialeleutheraharbourisland.com\/?page_id=71819"},"modified":"2023-03-07T21:33:45","modified_gmt":"2023-03-07T21:33:45","slug":"tarifs-des-anneaux","status":"publish","type":"page","link":"https:\/\/officialeleutheraharbourisland.com\/fr\/harbour-island\/sy-rendre\/en-bateau\/tarifs-des-anneaux\/","title":{"rendered":"Tarifs des Anneaux"},"content":{"rendered":"<div class=\"wpb-content-wrapper\"><p>[vc_row css=\u00a0\u00bb.vc_custom_1675182102976{margin-top: 0px !important;padding-top: 0px !important;}\u00a0\u00bb][vc_column][vc_column_text css=\u00a0\u00bb.vc_custom_1675179794029{margin-top: 0px !important;margin-bottom: 0px !important;padding-top: 0px !important;padding-bottom: 0px !important;}\u00a0\u00bb]<\/p>\n<p style=\"text-align: right;\">January 2023<\/p>\n<p>[\/vc_column_text][vc_column_text]<span style=\"font-weight: 400;\">Les tarifs d\u2019amarrage\u00a0 \u00e0 Harbour Island varient selon la saison et les marinas.<br \/>\n<\/span><span style=\"font-weight: 400;\">Il y a 3 marinas \u00e0 Harbour Island, qui sont Valentine, Romora Bay et Briland Marina, et chacune d\u2019entre elles a ses propres\u00a0 tarifs et ces tarifs ne sont pas publi\u00e9s sur leur site Web.<br \/>\n<\/span><span style=\"font-weight: 400;\">Les marinas utilisent g\u00e9n\u00e9ralement la gestion des revenus de rendement pour optimiser leurs revenus, les tarifs seront plus \u00e9lev\u00e9s pendant la haute saison et seront beaucoup moins chers pendant la basse saison. La haute saison pour l\u2019amarrage des bateaux de\u00a0 plaisance se situe\u00a0 de la\u00a0 fin novembre \u00e0 la fin avril. Mai juin et juillet sont la mi-saison, le 4 juillet est super premium. Du 8 juillet au 20 novembre c&rsquo;est la basse saison.<\/span><\/p>\n<p><span style=\"font-weight: 400;\"><strong>Le tarif de base est g\u00e9n\u00e9ralement\u00a0 fix\u00e9 suivant 3 facteurs :\u00a0<\/strong><br \/>\n<\/span><span style=\"font-weight: 400;\">La taille du bateau (par pied)<br \/>\n<\/span><span style=\"font-weight: 400;\">La consommation d&rsquo;\u00e9lectricit\u00e9<br \/>\n<\/span><span style=\"font-weight: 400;\">La consommation d&rsquo;eau<\/span><\/p>\n<p><span style=\"font-weight: 400;\">la partie du prix relative \u00e0 la taille du bateau (en pied) peut \u00e9ventuellement faire l&rsquo;objet de n\u00e9gociation si vous \u00eates dou\u00e9 en la mati\u00e8re. N\u00e9gocier en haute saison peut en revanche\u00a0 s&rsquo;av\u00e9rer tr\u00e8s difficile.<\/span>[\/vc_column_text][vc_separator css=\u00a0\u00bb.vc_custom_1675180889929{margin-top: 20px !important;margin-bottom: 20px !important;}\u00a0\u00bb][vc_row_inner][vc_column_inner width=\u00a0\u00bb1\/3&Prime;][vc_single_image image=\u00a0\u00bb72744&Prime; img_size=\u00a0\u00bbfull\u00a0\u00bb alignment=\u00a0\u00bbcenter\u00a0\u00bb][\/vc_column_inner][vc_column_inner width=\u00a0\u00bb1\/3&Prime;][vc_single_image image=\u00a0\u00bb72748&Prime; img_size=\u00a0\u00bbfull\u00a0\u00bb alignment=\u00a0\u00bbcenter\u00a0\u00bb][\/vc_column_inner][vc_column_inner width=\u00a0\u00bb1\/3&Prime;][vc_single_image image=\u00a0\u00bb72752&Prime; img_size=\u00a0\u00bbfull\u00a0\u00bb alignment=\u00a0\u00bbcenter\u00a0\u00bb][\/vc_column_inner][\/vc_row_inner][vc_separator css=\u00a0\u00bb.vc_custom_1675180904718{margin-top: 20px !important;margin-bottom: 20px !important;}\u00a0\u00bb][vc_column_text]<strong>Veuillez trouver des indications de prix suite \u00e0 nos appels t\u00e9l\u00e9phoniques :<\/strong><br \/>\n<strong>Briland:<\/strong><br \/>\nRefuse de communiquer ses prix mais ses tarifs sont les plus \u00e9lev\u00e9s.<\/p>\n<p><strong>Romora Bay<\/strong><br \/>\nCo\u00fbt journalier: $5 \/pied<br \/>\nCo\u00fbt \u00e0 la semaine: $4 \/pied<br \/>\nCo\u00fbt au mois: $3 per \/ pied<br \/>\nWater: $ .35 cent\/ 4 litres<br \/>\nElectricity: $ .75\/ Kilowatt<\/p>\n<p>[\/vc_column_text][vc_empty_space][\/vc_column][\/vc_row]<\/p>\n<\/div>","protected":false},"excerpt":{"rendered":"<p>[vc_row css=\u00a0\u00bb.vc_custom_1675182102976{margin-top: 0px !important;padding-top: 0px !important;}\u00a0\u00bb][vc_column][vc_column_text css=\u00a0\u00bb.vc_custom_1675179794029{margin-top: 0px !important;margin-bottom: 0px !important;padding-top: 0px !important;padding-bottom: 0px !important;}\u00a0\u00bb] January 2023 [\/vc_column_text][vc_column_text]Les tarifs d\u2019amarrage\u00a0 \u00e0 Harbour Island varient selon la saison et les marinas. Il y a 3 marinas \u00e0 Harbour Island, qui sont Valentine, Romora Bay et Briland Marina, et chacune d\u2019entre elles a ses propres\u00a0 tarifs et&hellip;<\/p>\n","protected":false},"author":3,"featured_media":72745,"parent":71780,"menu_order":0,"comment_status":"closed","ping_status":"closed","template":"","meta":{"footnotes":""},"categories":[],"tags":[1182],"class_list":["post-71819","page","type-page","status-publish","has-post-thumbnail","hentry","tag-by-boat-harbour-island-fr","description-off"],"yoast_head":"<!-- This site is optimized with the Yoast SEO Premium plugin v25.2 (Yoast SEO v27.4) - https:\/\/yoast.com\/product\/yoast-seo-premium-wordpress\/ -->\n<title>Tarifs des Anneaux \u00e0 Harbour Island. Guide touristique.<\/title>\n<meta name=\"description\" content=\"Official Eleuthera Harbour Island votre guide de vacances \u00e0 Harbour Island, vous apporte des informations sur les taux d&#039;impuret\u00e9s \u00e0 Harbour Island, aux Bahamas.\" \/>\n<meta name=\"robots\" content=\"index, follow, max-snippet:-1, max-image-preview:large, max-video-preview:-1\" \/>\n<link rel=\"canonical\" href=\"https:\/\/officialeleutheraharbourisland.com\/fr\/harbour-island\/sy-rendre\/en-bateau\/tarifs-des-anneaux\/\" \/>\n<meta property=\"og:locale\" content=\"fr_FR\" \/>\n<meta property=\"og:type\" content=\"article\" \/>\n<meta property=\"og:title\" content=\"Tarifs des Anneaux\" \/>\n<meta property=\"og:description\" content=\"Official Eleuthera Harbour Island votre guide de vacances \u00e0 Harbour Island, vous apporte des informations sur les taux d&#039;impuret\u00e9s \u00e0 Harbour Island, aux Bahamas.\" \/>\n<meta property=\"og:url\" content=\"https:\/\/officialeleutheraharbourisland.com\/fr\/harbour-island\/sy-rendre\/en-bateau\/tarifs-des-anneaux\/\" \/>\n<meta property=\"og:site_name\" content=\"Official Eleuthera Harbour Island\" \/>\n<meta property=\"article:modified_time\" content=\"2023-03-07T21:33:45+00:00\" \/>\n<meta property=\"og:image\" content=\"https:\/\/officialeleutheraharbourisland.com\/wp-content\/uploads\/2023\/01\/WhatsApp-Image-2023-01-30-at-4.45.07-PM.jpeg\" \/>\n\t<meta property=\"og:image:width\" content=\"800\" \/>\n\t<meta property=\"og:image:height\" content=\"800\" \/>\n\t<meta property=\"og:image:type\" content=\"image\/jpeg\" \/>\n<meta name=\"twitter:card\" content=\"summary_large_image\" \/>\n<meta name=\"twitter:label1\" content=\"Dur\u00e9e de lecture estim\u00e9e\" \/>\n\t<meta name=\"twitter:data1\" content=\"2 minutes\" \/>\n<script type=\"application\/ld+json\" class=\"yoast-schema-graph\">{\"@context\":\"https:\\\/\\\/schema.org\",\"@graph\":[{\"@type\":\"WebPage\",\"@id\":\"https:\\\/\\\/officialeleutheraharbourisland.com\\\/fr\\\/harbour-island\\\/sy-rendre\\\/en-bateau\\\/tarifs-des-anneaux\\\/\",\"url\":\"https:\\\/\\\/officialeleutheraharbourisland.com\\\/fr\\\/harbour-island\\\/sy-rendre\\\/en-bateau\\\/tarifs-des-anneaux\\\/\",\"name\":\"Tarifs des Anneaux \u00e0 Harbour Island. Guide touristique.\",\"isPartOf\":{\"@id\":\"https:\\\/\\\/officialeleutheraharbourisland.com\\\/#website\"},\"primaryImageOfPage\":{\"@id\":\"https:\\\/\\\/officialeleutheraharbourisland.com\\\/fr\\\/harbour-island\\\/sy-rendre\\\/en-bateau\\\/tarifs-des-anneaux\\\/#primaryimage\"},\"image\":{\"@id\":\"https:\\\/\\\/officialeleutheraharbourisland.com\\\/fr\\\/harbour-island\\\/sy-rendre\\\/en-bateau\\\/tarifs-des-anneaux\\\/#primaryimage\"},\"thumbnailUrl\":\"https:\\\/\\\/officialeleutheraharbourisland.com\\\/wp-content\\\/uploads\\\/2023\\\/01\\\/WhatsApp-Image-2023-01-30-at-4.45.07-PM.jpeg\",\"datePublished\":\"2022-05-24T10:49:33+00:00\",\"dateModified\":\"2023-03-07T21:33:45+00:00\",\"description\":\"Official Eleuthera Harbour Island votre guide de vacances \u00e0 Harbour Island, vous apporte des informations sur les taux d'impuret\u00e9s \u00e0 Harbour Island, aux Bahamas.\",\"breadcrumb\":{\"@id\":\"https:\\\/\\\/officialeleutheraharbourisland.com\\\/fr\\\/harbour-island\\\/sy-rendre\\\/en-bateau\\\/tarifs-des-anneaux\\\/#breadcrumb\"},\"inLanguage\":\"fr-FR\",\"potentialAction\":[{\"@type\":\"ReadAction\",\"target\":[\"https:\\\/\\\/officialeleutheraharbourisland.com\\\/fr\\\/harbour-island\\\/sy-rendre\\\/en-bateau\\\/tarifs-des-anneaux\\\/\"]}]},{\"@type\":\"ImageObject\",\"inLanguage\":\"fr-FR\",\"@id\":\"https:\\\/\\\/officialeleutheraharbourisland.com\\\/fr\\\/harbour-island\\\/sy-rendre\\\/en-bateau\\\/tarifs-des-anneaux\\\/#primaryimage\",\"url\":\"https:\\\/\\\/officialeleutheraharbourisland.com\\\/wp-content\\\/uploads\\\/2023\\\/01\\\/WhatsApp-Image-2023-01-30-at-4.45.07-PM.jpeg\",\"contentUrl\":\"https:\\\/\\\/officialeleutheraharbourisland.com\\\/wp-content\\\/uploads\\\/2023\\\/01\\\/WhatsApp-Image-2023-01-30-at-4.45.07-PM.jpeg\",\"width\":800,\"height\":800,\"caption\":\"dockage rates\"},{\"@type\":\"BreadcrumbList\",\"@id\":\"https:\\\/\\\/officialeleutheraharbourisland.com\\\/fr\\\/harbour-island\\\/sy-rendre\\\/en-bateau\\\/tarifs-des-anneaux\\\/#breadcrumb\",\"itemListElement\":[{\"@type\":\"ListItem\",\"position\":1,\"name\":\"Home\",\"item\":\"https:\\\/\\\/officialeleutheraharbourisland.com\\\/fr\\\/\"},{\"@type\":\"ListItem\",\"position\":2,\"name\":\"HARBOUR ISLAND\",\"item\":\"https:\\\/\\\/officialeleutheraharbourisland.com\\\/fr\\\/harbour-island\\\/\"},{\"@type\":\"ListItem\",\"position\":3,\"name\":\"S&#8217;Y RENDRE\",\"item\":\"https:\\\/\\\/officialeleutheraharbourisland.com\\\/fr\\\/harbour-island\\\/sy-rendre\\\/\"},{\"@type\":\"ListItem\",\"position\":4,\"name\":\"En bateau\",\"item\":\"https:\\\/\\\/officialeleutheraharbourisland.com\\\/fr\\\/harbour-island\\\/sy-rendre\\\/en-bateau\\\/\"},{\"@type\":\"ListItem\",\"position\":5,\"name\":\"Tarifs des Anneaux\"}]},{\"@type\":\"WebSite\",\"@id\":\"https:\\\/\\\/officialeleutheraharbourisland.com\\\/#website\",\"url\":\"https:\\\/\\\/officialeleutheraharbourisland.com\\\/\",\"name\":\"Official Eleuthera Harbour Island\",\"description\":\"Where Beauty &amp; Nature Meet\",\"publisher\":{\"@id\":\"https:\\\/\\\/officialeleutheraharbourisland.com\\\/#organization\"},\"potentialAction\":[{\"@type\":\"SearchAction\",\"target\":{\"@type\":\"EntryPoint\",\"urlTemplate\":\"https:\\\/\\\/officialeleutheraharbourisland.com\\\/?s={search_term_string}\"},\"query-input\":{\"@type\":\"PropertyValueSpecification\",\"valueRequired\":true,\"valueName\":\"search_term_string\"}}],\"inLanguage\":\"fr-FR\"},{\"@type\":\"Organization\",\"@id\":\"https:\\\/\\\/officialeleutheraharbourisland.com\\\/#organization\",\"name\":\"Official Eleuthera Harbour Island\",\"url\":\"https:\\\/\\\/officialeleutheraharbourisland.com\\\/\",\"logo\":{\"@type\":\"ImageObject\",\"inLanguage\":\"fr-FR\",\"@id\":\"https:\\\/\\\/officialeleutheraharbourisland.com\\\/#\\\/schema\\\/logo\\\/image\\\/\",\"url\":\"https:\\\/\\\/officialeleutheraharbourisland.com\\\/wp-content\\\/uploads\\\/2022\\\/03\\\/logo-new-GREY-275.png\",\"contentUrl\":\"https:\\\/\\\/officialeleutheraharbourisland.com\\\/wp-content\\\/uploads\\\/2022\\\/03\\\/logo-new-GREY-275.png\",\"width\":275,\"height\":22,\"caption\":\"Official Eleuthera Harbour Island\"},\"image\":{\"@id\":\"https:\\\/\\\/officialeleutheraharbourisland.com\\\/#\\\/schema\\\/logo\\\/image\\\/\"}}]}<\/script>\n<!-- \/ Yoast SEO Premium plugin. -->","yoast_head_json":{"title":"Tarifs des Anneaux \u00e0 Harbour Island. Guide touristique.","description":"Official Eleuthera Harbour Island votre guide de vacances \u00e0 Harbour Island, vous apporte des informations sur les taux d'impuret\u00e9s \u00e0 Harbour Island, aux Bahamas.","robots":{"index":"index","follow":"follow","max-snippet":"max-snippet:-1","max-image-preview":"max-image-preview:large","max-video-preview":"max-video-preview:-1"},"canonical":"https:\/\/officialeleutheraharbourisland.com\/fr\/harbour-island\/sy-rendre\/en-bateau\/tarifs-des-anneaux\/","og_locale":"fr_FR","og_type":"article","og_title":"Tarifs des Anneaux","og_description":"Official Eleuthera Harbour Island votre guide de vacances \u00e0 Harbour Island, vous apporte des informations sur les taux d'impuret\u00e9s \u00e0 Harbour Island, aux Bahamas.","og_url":"https:\/\/officialeleutheraharbourisland.com\/fr\/harbour-island\/sy-rendre\/en-bateau\/tarifs-des-anneaux\/","og_site_name":"Official Eleuthera Harbour Island","article_modified_time":"2023-03-07T21:33:45+00:00","og_image":[{"width":800,"height":800,"url":"https:\/\/officialeleutheraharbourisland.com\/wp-content\/uploads\/2023\/01\/WhatsApp-Image-2023-01-30-at-4.45.07-PM.jpeg","type":"image\/jpeg"}],"twitter_card":"summary_large_image","twitter_misc":{"Dur\u00e9e de lecture estim\u00e9e":"2 minutes"},"schema":{"@context":"https:\/\/schema.org","@graph":[{"@type":"WebPage","@id":"https:\/\/officialeleutheraharbourisland.com\/fr\/harbour-island\/sy-rendre\/en-bateau\/tarifs-des-anneaux\/","url":"https:\/\/officialeleutheraharbourisland.com\/fr\/harbour-island\/sy-rendre\/en-bateau\/tarifs-des-anneaux\/","name":"Tarifs des Anneaux \u00e0 Harbour Island. Guide touristique.","isPartOf":{"@id":"https:\/\/officialeleutheraharbourisland.com\/#website"},"primaryImageOfPage":{"@id":"https:\/\/officialeleutheraharbourisland.com\/fr\/harbour-island\/sy-rendre\/en-bateau\/tarifs-des-anneaux\/#primaryimage"},"image":{"@id":"https:\/\/officialeleutheraharbourisland.com\/fr\/harbour-island\/sy-rendre\/en-bateau\/tarifs-des-anneaux\/#primaryimage"},"thumbnailUrl":"https:\/\/officialeleutheraharbourisland.com\/wp-content\/uploads\/2023\/01\/WhatsApp-Image-2023-01-30-at-4.45.07-PM.jpeg","datePublished":"2022-05-24T10:49:33+00:00","dateModified":"2023-03-07T21:33:45+00:00","description":"Official Eleuthera Harbour Island votre guide de vacances \u00e0 Harbour Island, vous apporte des informations sur les taux d'impuret\u00e9s \u00e0 Harbour Island, aux Bahamas.","breadcrumb":{"@id":"https:\/\/officialeleutheraharbourisland.com\/fr\/harbour-island\/sy-rendre\/en-bateau\/tarifs-des-anneaux\/#breadcrumb"},"inLanguage":"fr-FR","potentialAction":[{"@type":"ReadAction","target":["https:\/\/officialeleutheraharbourisland.com\/fr\/harbour-island\/sy-rendre\/en-bateau\/tarifs-des-anneaux\/"]}]},{"@type":"ImageObject","inLanguage":"fr-FR","@id":"https:\/\/officialeleutheraharbourisland.com\/fr\/harbour-island\/sy-rendre\/en-bateau\/tarifs-des-anneaux\/#primaryimage","url":"https:\/\/officialeleutheraharbourisland.com\/wp-content\/uploads\/2023\/01\/WhatsApp-Image-2023-01-30-at-4.45.07-PM.jpeg","contentUrl":"https:\/\/officialeleutheraharbourisland.com\/wp-content\/uploads\/2023\/01\/WhatsApp-Image-2023-01-30-at-4.45.07-PM.jpeg","width":800,"height":800,"caption":"dockage rates"},{"@type":"BreadcrumbList","@id":"https:\/\/officialeleutheraharbourisland.com\/fr\/harbour-island\/sy-rendre\/en-bateau\/tarifs-des-anneaux\/#breadcrumb","itemListElement":[{"@type":"ListItem","position":1,"name":"Home","item":"https:\/\/officialeleutheraharbourisland.com\/fr\/"},{"@type":"ListItem","position":2,"name":"HARBOUR ISLAND","item":"https:\/\/officialeleutheraharbourisland.com\/fr\/harbour-island\/"},{"@type":"ListItem","position":3,"name":"S&#8217;Y RENDRE","item":"https:\/\/officialeleutheraharbourisland.com\/fr\/harbour-island\/sy-rendre\/"},{"@type":"ListItem","position":4,"name":"En bateau","item":"https:\/\/officialeleutheraharbourisland.com\/fr\/harbour-island\/sy-rendre\/en-bateau\/"},{"@type":"ListItem","position":5,"name":"Tarifs des Anneaux"}]},{"@type":"WebSite","@id":"https:\/\/officialeleutheraharbourisland.com\/#website","url":"https:\/\/officialeleutheraharbourisland.com\/","name":"Official Eleuthera Harbour Island","description":"Where Beauty &amp; Nature Meet","publisher":{"@id":"https:\/\/officialeleutheraharbourisland.com\/#organization"},"potentialAction":[{"@type":"SearchAction","target":{"@type":"EntryPoint","urlTemplate":"https:\/\/officialeleutheraharbourisland.com\/?s={search_term_string}"},"query-input":{"@type":"PropertyValueSpecification","valueRequired":true,"valueName":"search_term_string"}}],"inLanguage":"fr-FR"},{"@type":"Organization","@id":"https:\/\/officialeleutheraharbourisland.com\/#organization","name":"Official Eleuthera Harbour Island","url":"https:\/\/officialeleutheraharbourisland.com\/","logo":{"@type":"ImageObject","inLanguage":"fr-FR","@id":"https:\/\/officialeleutheraharbourisland.com\/#\/schema\/logo\/image\/","url":"https:\/\/officialeleutheraharbourisland.com\/wp-content\/uploads\/2022\/03\/logo-new-GREY-275.png","contentUrl":"https:\/\/officialeleutheraharbourisland.com\/wp-content\/uploads\/2022\/03\/logo-new-GREY-275.png","width":275,"height":22,"caption":"Official Eleuthera Harbour Island"},"image":{"@id":"https:\/\/officialeleutheraharbourisland.com\/#\/schema\/logo\/image\/"}}]}},"jetpack_sharing_enabled":true,"_links":{"self":[{"href":"https:\/\/officialeleutheraharbourisland.com\/fr\/wp-json\/wp\/v2\/pages\/71819","targetHints":{"allow":["GET"]}}],"collection":[{"href":"https:\/\/officialeleutheraharbourisland.com\/fr\/wp-json\/wp\/v2\/pages"}],"about":[{"href":"https:\/\/officialeleutheraharbourisland.com\/fr\/wp-json\/wp\/v2\/types\/page"}],"author":[{"embeddable":true,"href":"https:\/\/officialeleutheraharbourisland.com\/fr\/wp-json\/wp\/v2\/users\/3"}],"replies":[{"embeddable":true,"href":"https:\/\/officialeleutheraharbourisland.com\/fr\/wp-json\/wp\/v2\/comments?post=71819"}],"version-history":[{"count":3,"href":"https:\/\/officialeleutheraharbourisland.com\/fr\/wp-json\/wp\/v2\/pages\/71819\/revisions"}],"predecessor-version":[{"id":74492,"href":"https:\/\/officialeleutheraharbourisland.com\/fr\/wp-json\/wp\/v2\/pages\/71819\/revisions\/74492"}],"up":[{"embeddable":true,"href":"https:\/\/officialeleutheraharbourisland.com\/fr\/wp-json\/wp\/v2\/pages\/71780"}],"wp:featuredmedia":[{"embeddable":true,"href":"https:\/\/officialeleutheraharbourisland.com\/fr\/wp-json\/wp\/v2\/media\/72745"}],"wp:attachment":[{"href":"https:\/\/officialeleutheraharbourisland.com\/fr\/wp-json\/wp\/v2\/media?parent=71819"}],"wp:term":[{"taxonomy":"category","embeddable":true,"href":"https:\/\/officialeleutheraharbourisland.com\/fr\/wp-json\/wp\/v2\/categories?post=71819"},{"taxonomy":"post_tag","embeddable":true,"href":"https:\/\/officialeleutheraharbourisland.com\/fr\/wp-json\/wp\/v2\/tags?post=71819"}],"curies":[{"name":"wp","href":"https:\/\/api.w.org\/{rel}","templated":true}]}}