{"id":73725,"date":"2022-04-04T11:37:39","date_gmt":"2022-04-04T11:37:39","guid":{"rendered":"https:\/\/officialeleutheraharbourisland.com\/?page_id=73725"},"modified":"2023-03-08T15:04:58","modified_gmt":"2023-03-08T15:04:58","slug":"vols-charters","status":"publish","type":"page","link":"https:\/\/officialeleutheraharbourisland.com\/fr\/harbour-island\/sy-rendre\/en-avion\/vols-charters\/","title":{"rendered":"Vols charters"},"content":{"rendered":"<div class=\"wpb-content-wrapper\"><p>[vc_row css=\u00a0\u00bb.vc_custom_1649079224179{padding-bottom: 50px !important;}\u00a0\u00bb][vc_column]<div id=\"ultimate-heading-937569de3385441b7\" class=\"uvc-heading ult-adjust-bottom-margin ultimate-heading-937569de3385441b7 uvc-9108 \" data-hspacer=\"line_only\"  data-halign=\"center\" style=\"text-align:center\"><div class=\"uvc-main-heading ult-responsive\"  data-ultimate-target='.uvc-heading.ultimate-heading-937569de3385441b7 h2'  data-responsive-json-new='{\"font-size\":\"\",\"line-height\":\"\"}' ><h2 style=\"font-weight:normal;margin-bottom:15px;\">Vols charter vers Eleuthera<\/h2><\/div><div class=\"uvc-heading-spacer line_only\" style=\"margin-bottom:15px;height:3px;\"><span class=\"uvc-headings-line\" style=\"border-style:solid;border-bottom-width:3px;border-color:#7ac1ff;width:60px;\"><\/span><\/div><\/div>[\/vc_column][\/vc_row][vc_row][vc_column][vc_column_text]<b>Charter planes from Nassau to Eleuthera<\/b><\/p>\n<p>Nassau is situated 50 miles away from Harbour island the duration of the flight is around 15-20 minutes .<\/p>\n<p>Performance Air Limited 242-341-3281<\/p>\n<p>Capt. Jamaal Ingraham: 242-359-0730: 5 seat $725; 9 seat $1100, <a href=\"mailto:jamaal@performanceairbahamas.info\" target=\"_blank\" rel=\"noopener\">jamaal@performanceairbahamas.info<\/a><\/p>\n<p>Eleuthera Vacation Rentals clients receive a discount of $50 off the rate on the 5 seater and $100 off the 9 seater.<\/p>\n<p>Dove Wings \u2013 Captain Ed Hanna: 242-359-1491<br \/>\nDovewings2004@hotmail.com 5 seats $750, 9 seats $1000.<br \/>\nTrans Island Airways. 242-362-4006, <a href=\"http:\/\/www.tia.aero\" target=\"_blank\" rel=\"noopener\">www.tia.aero<\/a>[\/vc_column_text][vc_separator css=\u00a0\u00bb.vc_custom_1674487851499{padding-top: 30px !important;padding-bottom: 30px !important;}\u00a0\u00bb][vc_row_inner][vc_column_inner width=\u00a0\u00bb1\/3&Prime;][vc_single_image image=\u00a0\u00bb73728&Prime; img_size=\u00a0\u00bbfull\u00a0\u00bb alignment=\u00a0\u00bbcenter\u00a0\u00bb][\/vc_column_inner][vc_column_inner width=\u00a0\u00bb1\/3&Prime;][vc_single_image image=\u00a0\u00bb73136&Prime; img_size=\u00a0\u00bbfull\u00a0\u00bb alignment=\u00a0\u00bbcenter\u00a0\u00bb][\/vc_column_inner][vc_column_inner width=\u00a0\u00bb1\/3&Prime;][vc_single_image image=\u00a0\u00bb73732&Prime; img_size=\u00a0\u00bbfull\u00a0\u00bb alignment=\u00a0\u00bbcenter\u00a0\u00bb][\/vc_column_inner][\/vc_row_inner][vc_separator css=\u00a0\u00bb.vc_custom_1674487851499{padding-top: 30px !important;padding-bottom: 30px !important;}\u00a0\u00bb][vc_column_text]<\/p>\n<p dir=\"ltr\"><strong>Vols affr\u00e9t\u00e9s du sud de la Floride vers Eleuthera<\/strong><\/p>\n<h3><span style=\"font-size: 14px; font-weight: normal;\">Le vol depuis le sud de la Floride dure de 50 minutes \u00e0 90 minutes selon l&rsquo;avion affr\u00e9t\u00e9. Cette option des vols affr\u00e9t\u00e9s\u00a0 est ind\u00e9niablement plus confortable et plus rapide que les compagnies a\u00e9riennes commerciales, c&rsquo;est une question de co\u00fbt. Les vols affr\u00e9t\u00e9s se pr\u00e9sentent sous diff\u00e9rentes formes, tailles et niveaux de luxe. Votre choix d\u00e9pend de votre budget de transport et du nombre de personnes dans votre groupe. Voler en priv\u00e9 est bien s\u00fbr beaucoup plus pratique :<\/span><\/h3>\n<p dir=\"ltr\">-vous partirez et reviendrez quand vous voudrez pour profiter de la merveilleuse Harbour Island,<br \/>\n&#8211; Inutile d\u00e9sormais d&rsquo;\u00eatre des heures \u00e0 l&rsquo;avance au terminal, puisque 15 minutes apr\u00e8s avoir atteint le terminal, vous pourriez \u00eatre dans les airs<br \/>\n&#8211; pas de contr\u00f4le de s\u00e9curit\u00e9<br \/>\n&#8211; plus facile et plus rapide pour passer l&rsquo;immigration et les douanes<br \/>\n&#8211; possibilit\u00e9 de voyager avec votre animal de compagnie<br \/>\n&#8211; assez rentable pour les grands\u00a0 groupes<\/p>\n<p dir=\"ltr\">Les turbopropulseurs ex\u00e9cutifs (Pilatus et King air) peuvent \u00eatre lou\u00e9s pour environ 5 000 $ aller simple et ils peuvent accueillir jusqu&rsquo;\u00e0 9 personnes. Les jets tr\u00e8s l\u00e9gers (Phenom 100 et Eclipse 500) peuvent \u00eatre lou\u00e9s \u00e0 partir de 6 500 $ et les jets l\u00e9gers ( Citation et Lear) \u00e0 partir de 7 800 $.<\/p>\n<h3><span style=\"font-size: 14px; font-weight: normal;\">Les voyageurs ont le choix entre des compagnies charter nationales comme Netjets ou Flywheels ou des compagnies plus petites comme Aztec Airways bas\u00e9e \u00e0 Fort Lauderdale.<\/span><\/h3>\n<p dir=\"ltr\"><a href=\"https:\/\/nobleaircharter.com\/\" target=\"_blank\" rel=\"noopener\" data-saferedirecturl=\"https:\/\/www.google.com\/url?q=https:\/\/nobleaircharter.com&amp;source=gmail&amp;ust=1678355768505000&amp;usg=AOvVaw04PZpXO1I0nRT8i3pavWDY\">https:\/\/nobleaircharter.com<\/a><\/p>\n<p dir=\"ltr\"><a href=\"https:\/\/www.atlanticaircharter.com\/\" target=\"_blank\" rel=\"noopener\" data-saferedirecturl=\"https:\/\/www.google.com\/url?q=https:\/\/www.atlanticaircharter.com&amp;source=gmail&amp;ust=1678355768505000&amp;usg=AOvVaw34Wlqg_07hyGwIHxrXEckB\">https:\/\/www.<wbr \/>atlanticaircharter.com<\/a><\/p>\n<p dir=\"ltr\"><a href=\"https:\/\/flyaztec.com\/\" target=\"_blank\" rel=\"noopener\" data-saferedirecturl=\"https:\/\/www.google.com\/url?q=https:\/\/flyaztec.com\/&amp;source=gmail&amp;ust=1678355768505000&amp;usg=AOvVaw3lbNSwrodLJJ-w0aG8vh45\">https:\/\/flyaztec.com\/<\/a><\/p>\n<p dir=\"ltr\"><a href=\"https:\/\/www.paramountbusinessjets.com\/\" target=\"_blank\" rel=\"noopener\" data-saferedirecturl=\"https:\/\/www.google.com\/url?q=https:\/\/www.paramountbusinessjets.com\/&amp;source=gmail&amp;ust=1678355768505000&amp;usg=AOvVaw0c1N-_jQcrUBi3z2aIfujc\">https:\/\/www.<wbr \/>paramountbusinessjets.com\/<\/a><\/p>\n<p>[\/vc_column_text][vc_separator css=\u00a0\u00bb.vc_custom_1674487851499{padding-top: 30px !important;padding-bottom: 30px !important;}\u00a0\u00bb][\/vc_column][\/vc_row]<\/p>\n<\/div>","protected":false},"excerpt":{"rendered":"<p>[vc_row css=\u00a0\u00bb.vc_custom_1649079224179{padding-bottom: 50px !important;}\u00a0\u00bb][vc_column][\/vc_column][\/vc_row][vc_row][vc_column][vc_column_text]Charter planes from Nassau to Eleuthera Nassau is situated 50 miles away from Harbour island the duration of the flight is around 15-20 minutes . Performance Air Limited 242-341-3281 Capt. Jamaal Ingraham: 242-359-0730: 5 seat $725; 9 seat $1100, jamaal@performanceairbahamas.info Eleuthera Vacation Rentals clients receive a discount of $50 off the rate&hellip;<\/p>\n","protected":false},"author":4,"featured_media":73733,"parent":71621,"menu_order":0,"comment_status":"closed","ping_status":"closed","template":"","meta":{"footnotes":""},"categories":[],"tags":[1179],"class_list":["post-73725","page","type-page","status-publish","has-post-thumbnail","hentry","tag-by-plane-harbour-island-fr","description-off"],"yoast_head":"<!-- This site is optimized with the Yoast SEO Premium plugin v25.2 (Yoast SEO v27.3) - https:\/\/yoast.com\/product\/yoast-seo-premium-wordpress\/ -->\n<title>Vols charter vers Eleuthera. Comment se rendre \u00e0 Harbour Island.<\/title>\n<meta name=\"description\" content=\"Official Eleuthera Harbour Island provides information on charter flights to Eleuthera from South Florida, get to Harbour Island, Bahamas.\" \/>\n<meta name=\"robots\" content=\"index, follow, max-snippet:-1, max-image-preview:large, max-video-preview:-1\" \/>\n<link rel=\"canonical\" href=\"https:\/\/officialeleutheraharbourisland.com\/fr\/harbour-island\/sy-rendre\/en-avion\/vols-charters\/\" \/>\n<meta property=\"og:locale\" content=\"fr_FR\" \/>\n<meta property=\"og:type\" content=\"article\" \/>\n<meta property=\"og:title\" content=\"Vols charters\" \/>\n<meta property=\"og:description\" content=\"Official Eleuthera Harbour Island provides information on charter flights to Eleuthera from South Florida, get to Harbour Island, Bahamas.\" \/>\n<meta property=\"og:url\" content=\"https:\/\/officialeleutheraharbourisland.com\/fr\/harbour-island\/sy-rendre\/en-avion\/vols-charters\/\" \/>\n<meta property=\"og:site_name\" content=\"Official Eleuthera Harbour Island\" \/>\n<meta property=\"article:modified_time\" content=\"2023-03-08T15:04:58+00:00\" \/>\n<meta property=\"og:image\" content=\"https:\/\/officialeleutheraharbourisland.com\/wp-content\/uploads\/2023\/02\/charter-plane-jpg.webp\" \/>\n\t<meta property=\"og:image:width\" content=\"729\" \/>\n\t<meta property=\"og:image:height\" content=\"729\" \/>\n\t<meta property=\"og:image:type\" content=\"image\/jpeg\" \/>\n<meta name=\"twitter:card\" content=\"summary_large_image\" \/>\n<meta name=\"twitter:label1\" content=\"Dur\u00e9e de lecture estim\u00e9e\" \/>\n\t<meta name=\"twitter:data1\" content=\"2 minutes\" \/>\n<script type=\"application\/ld+json\" class=\"yoast-schema-graph\">{\"@context\":\"https:\\\/\\\/schema.org\",\"@graph\":[{\"@type\":\"WebPage\",\"@id\":\"https:\\\/\\\/officialeleutheraharbourisland.com\\\/fr\\\/harbour-island\\\/sy-rendre\\\/en-avion\\\/vols-charters\\\/\",\"url\":\"https:\\\/\\\/officialeleutheraharbourisland.com\\\/fr\\\/harbour-island\\\/sy-rendre\\\/en-avion\\\/vols-charters\\\/\",\"name\":\"Vols charter vers Eleuthera. Comment se rendre \u00e0 Harbour Island.\",\"isPartOf\":{\"@id\":\"https:\\\/\\\/officialeleutheraharbourisland.com\\\/#website\"},\"primaryImageOfPage\":{\"@id\":\"https:\\\/\\\/officialeleutheraharbourisland.com\\\/fr\\\/harbour-island\\\/sy-rendre\\\/en-avion\\\/vols-charters\\\/#primaryimage\"},\"image\":{\"@id\":\"https:\\\/\\\/officialeleutheraharbourisland.com\\\/fr\\\/harbour-island\\\/sy-rendre\\\/en-avion\\\/vols-charters\\\/#primaryimage\"},\"thumbnailUrl\":\"https:\\\/\\\/officialeleutheraharbourisland.com\\\/wp-content\\\/uploads\\\/2023\\\/02\\\/charter-plane-jpg.webp\",\"datePublished\":\"2022-04-04T11:37:39+00:00\",\"dateModified\":\"2023-03-08T15:04:58+00:00\",\"description\":\"Official Eleuthera Harbour Island provides information on charter flights to Eleuthera from South Florida, get to Harbour Island, Bahamas.\",\"breadcrumb\":{\"@id\":\"https:\\\/\\\/officialeleutheraharbourisland.com\\\/fr\\\/harbour-island\\\/sy-rendre\\\/en-avion\\\/vols-charters\\\/#breadcrumb\"},\"inLanguage\":\"fr-FR\",\"potentialAction\":[{\"@type\":\"ReadAction\",\"target\":[\"https:\\\/\\\/officialeleutheraharbourisland.com\\\/fr\\\/harbour-island\\\/sy-rendre\\\/en-avion\\\/vols-charters\\\/\"]}]},{\"@type\":\"ImageObject\",\"inLanguage\":\"fr-FR\",\"@id\":\"https:\\\/\\\/officialeleutheraharbourisland.com\\\/fr\\\/harbour-island\\\/sy-rendre\\\/en-avion\\\/vols-charters\\\/#primaryimage\",\"url\":\"https:\\\/\\\/officialeleutheraharbourisland.com\\\/wp-content\\\/uploads\\\/2023\\\/02\\\/charter-plane-jpg.webp\",\"contentUrl\":\"https:\\\/\\\/officialeleutheraharbourisland.com\\\/wp-content\\\/uploads\\\/2023\\\/02\\\/charter-plane-jpg.webp\",\"width\":729,\"height\":729},{\"@type\":\"BreadcrumbList\",\"@id\":\"https:\\\/\\\/officialeleutheraharbourisland.com\\\/fr\\\/harbour-island\\\/sy-rendre\\\/en-avion\\\/vols-charters\\\/#breadcrumb\",\"itemListElement\":[{\"@type\":\"ListItem\",\"position\":1,\"name\":\"Home\",\"item\":\"https:\\\/\\\/officialeleutheraharbourisland.com\\\/fr\\\/\"},{\"@type\":\"ListItem\",\"position\":2,\"name\":\"HARBOUR ISLAND\",\"item\":\"https:\\\/\\\/officialeleutheraharbourisland.com\\\/fr\\\/harbour-island\\\/\"},{\"@type\":\"ListItem\",\"position\":3,\"name\":\"S&#8217;Y RENDRE\",\"item\":\"https:\\\/\\\/officialeleutheraharbourisland.com\\\/fr\\\/harbour-island\\\/sy-rendre\\\/\"},{\"@type\":\"ListItem\",\"position\":4,\"name\":\"En avion\",\"item\":\"https:\\\/\\\/officialeleutheraharbourisland.com\\\/fr\\\/harbour-island\\\/sy-rendre\\\/en-avion\\\/\"},{\"@type\":\"ListItem\",\"position\":5,\"name\":\"Vols charters\"}]},{\"@type\":\"WebSite\",\"@id\":\"https:\\\/\\\/officialeleutheraharbourisland.com\\\/#website\",\"url\":\"https:\\\/\\\/officialeleutheraharbourisland.com\\\/\",\"name\":\"Official Eleuthera Harbour Island\",\"description\":\"Where Beauty &amp; Nature Meet\",\"publisher\":{\"@id\":\"https:\\\/\\\/officialeleutheraharbourisland.com\\\/#organization\"},\"potentialAction\":[{\"@type\":\"SearchAction\",\"target\":{\"@type\":\"EntryPoint\",\"urlTemplate\":\"https:\\\/\\\/officialeleutheraharbourisland.com\\\/?s={search_term_string}\"},\"query-input\":{\"@type\":\"PropertyValueSpecification\",\"valueRequired\":true,\"valueName\":\"search_term_string\"}}],\"inLanguage\":\"fr-FR\"},{\"@type\":\"Organization\",\"@id\":\"https:\\\/\\\/officialeleutheraharbourisland.com\\\/#organization\",\"name\":\"Official Eleuthera Harbour Island\",\"url\":\"https:\\\/\\\/officialeleutheraharbourisland.com\\\/\",\"logo\":{\"@type\":\"ImageObject\",\"inLanguage\":\"fr-FR\",\"@id\":\"https:\\\/\\\/officialeleutheraharbourisland.com\\\/#\\\/schema\\\/logo\\\/image\\\/\",\"url\":\"https:\\\/\\\/officialeleutheraharbourisland.com\\\/wp-content\\\/uploads\\\/2022\\\/03\\\/logo-new-GREY-275.png\",\"contentUrl\":\"https:\\\/\\\/officialeleutheraharbourisland.com\\\/wp-content\\\/uploads\\\/2022\\\/03\\\/logo-new-GREY-275.png\",\"width\":275,\"height\":22,\"caption\":\"Official Eleuthera Harbour Island\"},\"image\":{\"@id\":\"https:\\\/\\\/officialeleutheraharbourisland.com\\\/#\\\/schema\\\/logo\\\/image\\\/\"}}]}<\/script>\n<!-- \/ Yoast SEO Premium plugin. -->","yoast_head_json":{"title":"Vols charter vers Eleuthera. Comment se rendre \u00e0 Harbour Island.","description":"Official Eleuthera Harbour Island provides information on charter flights to Eleuthera from South Florida, get to Harbour Island, Bahamas.","robots":{"index":"index","follow":"follow","max-snippet":"max-snippet:-1","max-image-preview":"max-image-preview:large","max-video-preview":"max-video-preview:-1"},"canonical":"https:\/\/officialeleutheraharbourisland.com\/fr\/harbour-island\/sy-rendre\/en-avion\/vols-charters\/","og_locale":"fr_FR","og_type":"article","og_title":"Vols charters","og_description":"Official Eleuthera Harbour Island provides information on charter flights to Eleuthera from South Florida, get to Harbour Island, Bahamas.","og_url":"https:\/\/officialeleutheraharbourisland.com\/fr\/harbour-island\/sy-rendre\/en-avion\/vols-charters\/","og_site_name":"Official Eleuthera Harbour Island","article_modified_time":"2023-03-08T15:04:58+00:00","og_image":[{"width":729,"height":729,"url":"https:\/\/officialeleutheraharbourisland.com\/wp-content\/uploads\/2023\/02\/charter-plane-jpg.webp","type":"image\/jpeg"}],"twitter_card":"summary_large_image","twitter_misc":{"Dur\u00e9e de lecture estim\u00e9e":"2 minutes"},"schema":{"@context":"https:\/\/schema.org","@graph":[{"@type":"WebPage","@id":"https:\/\/officialeleutheraharbourisland.com\/fr\/harbour-island\/sy-rendre\/en-avion\/vols-charters\/","url":"https:\/\/officialeleutheraharbourisland.com\/fr\/harbour-island\/sy-rendre\/en-avion\/vols-charters\/","name":"Vols charter vers Eleuthera. Comment se rendre \u00e0 Harbour Island.","isPartOf":{"@id":"https:\/\/officialeleutheraharbourisland.com\/#website"},"primaryImageOfPage":{"@id":"https:\/\/officialeleutheraharbourisland.com\/fr\/harbour-island\/sy-rendre\/en-avion\/vols-charters\/#primaryimage"},"image":{"@id":"https:\/\/officialeleutheraharbourisland.com\/fr\/harbour-island\/sy-rendre\/en-avion\/vols-charters\/#primaryimage"},"thumbnailUrl":"https:\/\/officialeleutheraharbourisland.com\/wp-content\/uploads\/2023\/02\/charter-plane-jpg.webp","datePublished":"2022-04-04T11:37:39+00:00","dateModified":"2023-03-08T15:04:58+00:00","description":"Official Eleuthera Harbour Island provides information on charter flights to Eleuthera from South Florida, get to Harbour Island, Bahamas.","breadcrumb":{"@id":"https:\/\/officialeleutheraharbourisland.com\/fr\/harbour-island\/sy-rendre\/en-avion\/vols-charters\/#breadcrumb"},"inLanguage":"fr-FR","potentialAction":[{"@type":"ReadAction","target":["https:\/\/officialeleutheraharbourisland.com\/fr\/harbour-island\/sy-rendre\/en-avion\/vols-charters\/"]}]},{"@type":"ImageObject","inLanguage":"fr-FR","@id":"https:\/\/officialeleutheraharbourisland.com\/fr\/harbour-island\/sy-rendre\/en-avion\/vols-charters\/#primaryimage","url":"https:\/\/officialeleutheraharbourisland.com\/wp-content\/uploads\/2023\/02\/charter-plane-jpg.webp","contentUrl":"https:\/\/officialeleutheraharbourisland.com\/wp-content\/uploads\/2023\/02\/charter-plane-jpg.webp","width":729,"height":729},{"@type":"BreadcrumbList","@id":"https:\/\/officialeleutheraharbourisland.com\/fr\/harbour-island\/sy-rendre\/en-avion\/vols-charters\/#breadcrumb","itemListElement":[{"@type":"ListItem","position":1,"name":"Home","item":"https:\/\/officialeleutheraharbourisland.com\/fr\/"},{"@type":"ListItem","position":2,"name":"HARBOUR ISLAND","item":"https:\/\/officialeleutheraharbourisland.com\/fr\/harbour-island\/"},{"@type":"ListItem","position":3,"name":"S&#8217;Y RENDRE","item":"https:\/\/officialeleutheraharbourisland.com\/fr\/harbour-island\/sy-rendre\/"},{"@type":"ListItem","position":4,"name":"En avion","item":"https:\/\/officialeleutheraharbourisland.com\/fr\/harbour-island\/sy-rendre\/en-avion\/"},{"@type":"ListItem","position":5,"name":"Vols charters"}]},{"@type":"WebSite","@id":"https:\/\/officialeleutheraharbourisland.com\/#website","url":"https:\/\/officialeleutheraharbourisland.com\/","name":"Official Eleuthera Harbour Island","description":"Where Beauty &amp; Nature Meet","publisher":{"@id":"https:\/\/officialeleutheraharbourisland.com\/#organization"},"potentialAction":[{"@type":"SearchAction","target":{"@type":"EntryPoint","urlTemplate":"https:\/\/officialeleutheraharbourisland.com\/?s={search_term_string}"},"query-input":{"@type":"PropertyValueSpecification","valueRequired":true,"valueName":"search_term_string"}}],"inLanguage":"fr-FR"},{"@type":"Organization","@id":"https:\/\/officialeleutheraharbourisland.com\/#organization","name":"Official Eleuthera Harbour Island","url":"https:\/\/officialeleutheraharbourisland.com\/","logo":{"@type":"ImageObject","inLanguage":"fr-FR","@id":"https:\/\/officialeleutheraharbourisland.com\/#\/schema\/logo\/image\/","url":"https:\/\/officialeleutheraharbourisland.com\/wp-content\/uploads\/2022\/03\/logo-new-GREY-275.png","contentUrl":"https:\/\/officialeleutheraharbourisland.com\/wp-content\/uploads\/2022\/03\/logo-new-GREY-275.png","width":275,"height":22,"caption":"Official Eleuthera Harbour Island"},"image":{"@id":"https:\/\/officialeleutheraharbourisland.com\/#\/schema\/logo\/image\/"}}]}},"jetpack_sharing_enabled":true,"_links":{"self":[{"href":"https:\/\/officialeleutheraharbourisland.com\/fr\/wp-json\/wp\/v2\/pages\/73725","targetHints":{"allow":["GET"]}}],"collection":[{"href":"https:\/\/officialeleutheraharbourisland.com\/fr\/wp-json\/wp\/v2\/pages"}],"about":[{"href":"https:\/\/officialeleutheraharbourisland.com\/fr\/wp-json\/wp\/v2\/types\/page"}],"author":[{"embeddable":true,"href":"https:\/\/officialeleutheraharbourisland.com\/fr\/wp-json\/wp\/v2\/users\/4"}],"replies":[{"embeddable":true,"href":"https:\/\/officialeleutheraharbourisland.com\/fr\/wp-json\/wp\/v2\/comments?post=73725"}],"version-history":[{"count":3,"href":"https:\/\/officialeleutheraharbourisland.com\/fr\/wp-json\/wp\/v2\/pages\/73725\/revisions"}],"predecessor-version":[{"id":74494,"href":"https:\/\/officialeleutheraharbourisland.com\/fr\/wp-json\/wp\/v2\/pages\/73725\/revisions\/74494"}],"up":[{"embeddable":true,"href":"https:\/\/officialeleutheraharbourisland.com\/fr\/wp-json\/wp\/v2\/pages\/71621"}],"wp:featuredmedia":[{"embeddable":true,"href":"https:\/\/officialeleutheraharbourisland.com\/fr\/wp-json\/wp\/v2\/media\/73733"}],"wp:attachment":[{"href":"https:\/\/officialeleutheraharbourisland.com\/fr\/wp-json\/wp\/v2\/media?parent=73725"}],"wp:term":[{"taxonomy":"category","embeddable":true,"href":"https:\/\/officialeleutheraharbourisland.com\/fr\/wp-json\/wp\/v2\/categories?post=73725"},{"taxonomy":"post_tag","embeddable":true,"href":"https:\/\/officialeleutheraharbourisland.com\/fr\/wp-json\/wp\/v2\/tags?post=73725"}],"curies":[{"name":"wp","href":"https:\/\/api.w.org\/{rel}","templated":true}]}}