{"id":74111,"date":"2023-02-02T14:25:02","date_gmt":"2023-02-02T14:25:02","guid":{"rendered":"https:\/\/officialeleutheraharbourisland.com\/harbour-island\/presentation\/history\/"},"modified":"2023-02-22T20:41:21","modified_gmt":"2023-02-22T20:41:21","slug":"history","status":"publish","type":"page","link":"https:\/\/officialeleutheraharbourisland.com\/fr\/harbour-island\/a-propos\/history\/","title":{"rendered":"HISTOIRE"},"content":{"rendered":"<div class=\"wpb-content-wrapper\"><p>[vc_row css=\u00a0\u00bb.vc_custom_1649079224179{padding-bottom: 50px !important;}\u00a0\u00bb][vc_column]<div id=\"ultimate-heading-755669de338bc3492\" class=\"uvc-heading ult-adjust-bottom-margin ultimate-heading-755669de338bc3492 uvc-3356 \" data-hspacer=\"line_only\"  data-halign=\"center\" style=\"text-align:center\"><div class=\"uvc-main-heading ult-responsive\"  data-ultimate-target='.uvc-heading.ultimate-heading-755669de338bc3492 h2'  data-responsive-json-new='{\"font-size\":\"\",\"line-height\":\"\"}' ><h2 style=\"font-weight:normal;margin-bottom:15px;\">Historie de Harbour Island, Bahamas.<\/h2><\/div><div class=\"uvc-heading-spacer line_only\" style=\"margin-bottom:15px;height:3px;\"><span class=\"uvc-headings-line\" style=\"border-style:solid;border-bottom-width:3px;border-color:#7ac1ff;width:60px;\"><\/span><\/div><\/div>[\/vc_column][\/vc_row][vc_row][vc_column][vc_column_text]L&rsquo;histoire de Harbour Island est aussi color\u00e9e que ses b\u00e2timents pastels de style Nouvelle-Angleterre et les fleurs qui bordent ses rues. A l\u2019origine, Harbour Island aux Bahamas \u00e9tait habit\u00e9e par les Arawak, l&rsquo;une des deux seules tribus des Indiens Lucayan. Peu de temps apr\u00e8s que Christophe Colomb ait d\u00e9couvert cette r\u00e9gion, toute la tribu des Lucayan a \u00e9t\u00e9 d\u00e9cim\u00e9e par les conquistadors espagnols. Au milieu du XVIe si\u00e8cle, Harbour Island \u00e9tait d\u00e9sertique et elle restera ainsi inhabit\u00e9e pendant 100 ans[\/vc_column_text][vc_separator css=\u00a0\u00bb.vc_custom_1675196726790{margin-top: 30px !important;margin-bottom: 30px !important;}\u00a0\u00bb][vc_single_image image=\u00a0\u00bb72882&Prime; img_size=\u00a0\u00bbfull\u00a0\u00bb alignment=\u00a0\u00bbcenter\u00a0\u00bb][vc_separator css=\u00a0\u00bb.vc_custom_1675196726790{margin-top: 30px !important;margin-bottom: 30px !important;}\u00a0\u00bb][vc_column_text]En 1648 Harbour Island f\u00fbt peupl\u00e9e par \u201cThe Eleutheran Adventurers\u201d , un groupe de puritains britanniques en qu\u00eate de libert\u00e9 religieuse. Le groupe \u00e9tait dirig\u00e9 par l&rsquo;ancien gouverneur des Bermudes, le capitaine William Saylef. Au cours des dix ann\u00e9es suivantes, la vie sur l&rsquo;\u00eele fut extr\u00eamement difficile pour les colons et, en 1657, le capitaine William Sayle avait quitt\u00e9 l&rsquo;\u00eele.<\/p>\n<p>1720 : La population de Harbour Island, aux Bahamas, n&rsquo;\u00e9tait que de 175 habitants.<\/p>\n<p>Le premier parlement a \u00e9t\u00e9 form\u00e9 \u00e0 Nassau en 1729, compos\u00e9 de 24 membres. Quatre des membres \u00e9taient des repr\u00e9sentants de Harbour Island, ce qui marquait le d\u00e9but d&rsquo;une repr\u00e9sentation d\u00e9mocratique.<\/p>\n<p>1768 : La population d\u2019Harbour Island \u00e9tait d&rsquo;environ 350 personnes.<br \/>\nAu cours de l&rsquo;\u00e8re suivante, les habitants de l&rsquo;\u00eele ont gagn\u00e9 leur argent en provoquant le naufrage de navires , ainsi que cela ressort des archives, vendant la cargaison des navires aux ench\u00e8res. Finalement, des rumeurs de piraterie se sont r\u00e9pandues puisque les navires \u00e9taient d\u00e9lib\u00e9r\u00e9ment orient\u00e9s dans les r\u00e9cifs, les pirates tuant tous les \u00e9quipages et gardant la majeure partie de la cargaison pour eux-m\u00eames.<br \/>\nL&rsquo;\u00e9glise \u00e9piscopale anglicane St. John a \u00e9galement \u00e9t\u00e9 fond\u00e9e sur Harbour Island \u00e0 cette \u00e9poque.<\/p>\n<p>1782 : Le recensement a montr\u00e9 que Harbour Island avait une population de 500 habitants.<\/p>\n<p>En 1786, l&rsquo;ancien gouverneur de Virginie, John Murray (Lord Dunmore) est nomm\u00e9 gouverneur. En 1791, Dunmore a am\u00e9nag\u00e9 190 lots sur Harbour Island qui ont ensuite \u00e9t\u00e9 lou\u00e9s aux habitants de l&rsquo;\u00eele. Dunmore Town a \u00e9t\u00e9 nomm\u00e9 d&rsquo;apr\u00e8s le gouverneur.<\/p>\n<p>La fin des ann\u00e9es 1800 \u00e9tait tr\u00e8s prosp\u00e8re pour les habitants de Harbour Island qui gagnaient leur vie en cultivant des agrumes, des ananas et des tomates ou en travaillant comme constructeurs de navires. Tout cela s&rsquo;est termin\u00e9 avec le d\u00e9but de la Premi\u00e8re Guerre mondiale.<\/p>\n<p>L&rsquo;\u00eele a vu ses premiers signes de tourisme dans les ann\u00e9es 1920 et en 1941, elle a vraiment d\u00e9coll\u00e9 lorsque Bahamas Airways a commenc\u00e9 ses premiers vols vers l&rsquo;\u00eele. Au cours des dix ann\u00e9es suivantes, l&rsquo;agriculture, principale source de revenus de l&rsquo;\u00eele, a \u00e9t\u00e9 remplac\u00e9e par le tourisme en tant que principal moteur \u00e9conomique de l&rsquo;\u00eele.<\/p>\n<p>En 1973 les Bahamas sont devenus le 49e membre du Commonwealth \u00e0 obtenir son ind\u00e9pendance de l&rsquo;Angleterre et \u00e0 obtenir son propre drapeau.<\/p>\n<p>2010 : La population de Harbour Island Bahamas s\u2019\u00e9l\u00e8ve \u00e0 1761 habitants.<br \/>\nAujourd&rsquo;hui, il y a environ 200 chambres d&rsquo;h\u00f4tel et une s\u00e9lection exceptionnelle de maisons \u00e0 louer \u00e0 Harbour Island, aux Bahamas.[\/vc_column_text][\/vc_column][\/vc_row]<\/p>\n<\/div>","protected":false},"excerpt":{"rendered":"<p>[vc_row css=\u00a0\u00bb.vc_custom_1649079224179{padding-bottom: 50px !important;}\u00a0\u00bb][vc_column][\/vc_column][\/vc_row][vc_row][vc_column][vc_column_text]L&rsquo;histoire de Harbour Island est aussi color\u00e9e que ses b\u00e2timents pastels de style Nouvelle-Angleterre et les fleurs qui bordent ses rues. A l\u2019origine, Harbour Island aux Bahamas \u00e9tait habit\u00e9e par les Arawak, l&rsquo;une des deux seules tribus des Indiens Lucayan. Peu de temps apr\u00e8s que Christophe Colomb ait d\u00e9couvert cette r\u00e9gion, toute&hellip;<\/p>\n","protected":false},"author":1,"featured_media":72883,"parent":64970,"menu_order":0,"comment_status":"closed","ping_status":"closed","template":"","meta":{"footnotes":""},"categories":[],"tags":[1174],"class_list":["post-74111","page","type-page","status-publish","has-post-thumbnail","hentry","tag-about-harbour-island-fr-2","description-off"],"yoast_head":"<!-- This site is optimized with the Yoast SEO Premium plugin v25.2 (Yoast SEO v27.3) - https:\/\/yoast.com\/product\/yoast-seo-premium-wordpress\/ -->\n<title>Histoire de Harbour Island, Bahamas. Colomb. puriciens britanniques.<\/title>\n<meta name=\"description\" content=\"Official Eleuthera Harbour Island votre guide de vacances de Harbour Island, vous donne des d\u00e9tails sur l&#039;histoire de Harbour Island, aux Bahamas.\" \/>\n<meta name=\"robots\" content=\"index, follow, max-snippet:-1, max-image-preview:large, max-video-preview:-1\" \/>\n<link rel=\"canonical\" href=\"https:\/\/officialeleutheraharbourisland.com\/fr\/harbour-island\/a-propos\/history\/\" \/>\n<meta property=\"og:locale\" content=\"fr_FR\" \/>\n<meta property=\"og:type\" content=\"article\" \/>\n<meta property=\"og:title\" content=\"HISTOIRE\" \/>\n<meta property=\"og:description\" content=\"Official Eleuthera Harbour Island votre guide de vacances de Harbour Island, vous donne des d\u00e9tails sur l&#039;histoire de Harbour Island, aux Bahamas.\" \/>\n<meta property=\"og:url\" content=\"https:\/\/officialeleutheraharbourisland.com\/fr\/harbour-island\/a-propos\/history\/\" \/>\n<meta property=\"og:site_name\" content=\"Official Eleuthera Harbour Island\" \/>\n<meta property=\"article:modified_time\" content=\"2023-02-22T20:41:21+00:00\" \/>\n<meta property=\"og:image\" content=\"https:\/\/officialeleutheraharbourisland.com\/wp-content\/uploads\/2023\/02\/history.jpg\" \/>\n\t<meta property=\"og:image:width\" content=\"1500\" \/>\n\t<meta property=\"og:image:height\" content=\"575\" \/>\n\t<meta property=\"og:image:type\" content=\"image\/jpeg\" \/>\n<meta name=\"twitter:card\" content=\"summary_large_image\" \/>\n<meta name=\"twitter:label1\" content=\"Dur\u00e9e de lecture estim\u00e9e\" \/>\n\t<meta name=\"twitter:data1\" content=\"3 minutes\" \/>\n<script type=\"application\/ld+json\" class=\"yoast-schema-graph\">{\"@context\":\"https:\\\/\\\/schema.org\",\"@graph\":[{\"@type\":\"WebPage\",\"@id\":\"https:\\\/\\\/officialeleutheraharbourisland.com\\\/fr\\\/harbour-island\\\/a-propos\\\/history\\\/\",\"url\":\"https:\\\/\\\/officialeleutheraharbourisland.com\\\/fr\\\/harbour-island\\\/a-propos\\\/history\\\/\",\"name\":\"Histoire de Harbour Island, Bahamas. Colomb. puriciens britanniques.\",\"isPartOf\":{\"@id\":\"https:\\\/\\\/officialeleutheraharbourisland.com\\\/#website\"},\"primaryImageOfPage\":{\"@id\":\"https:\\\/\\\/officialeleutheraharbourisland.com\\\/fr\\\/harbour-island\\\/a-propos\\\/history\\\/#primaryimage\"},\"image\":{\"@id\":\"https:\\\/\\\/officialeleutheraharbourisland.com\\\/fr\\\/harbour-island\\\/a-propos\\\/history\\\/#primaryimage\"},\"thumbnailUrl\":\"https:\\\/\\\/officialeleutheraharbourisland.com\\\/wp-content\\\/uploads\\\/2023\\\/02\\\/history.jpg\",\"datePublished\":\"2023-02-02T14:25:02+00:00\",\"dateModified\":\"2023-02-22T20:41:21+00:00\",\"description\":\"Official Eleuthera Harbour Island votre guide de vacances de Harbour Island, vous donne des d\u00e9tails sur l'histoire de Harbour Island, aux Bahamas.\",\"breadcrumb\":{\"@id\":\"https:\\\/\\\/officialeleutheraharbourisland.com\\\/fr\\\/harbour-island\\\/a-propos\\\/history\\\/#breadcrumb\"},\"inLanguage\":\"fr-FR\",\"potentialAction\":[{\"@type\":\"ReadAction\",\"target\":[\"https:\\\/\\\/officialeleutheraharbourisland.com\\\/fr\\\/harbour-island\\\/a-propos\\\/history\\\/\"]}]},{\"@type\":\"ImageObject\",\"inLanguage\":\"fr-FR\",\"@id\":\"https:\\\/\\\/officialeleutheraharbourisland.com\\\/fr\\\/harbour-island\\\/a-propos\\\/history\\\/#primaryimage\",\"url\":\"https:\\\/\\\/officialeleutheraharbourisland.com\\\/wp-content\\\/uploads\\\/2023\\\/02\\\/history.jpg\",\"contentUrl\":\"https:\\\/\\\/officialeleutheraharbourisland.com\\\/wp-content\\\/uploads\\\/2023\\\/02\\\/history.jpg\",\"width\":1500,\"height\":575,\"caption\":\"history harbour island\"},{\"@type\":\"BreadcrumbList\",\"@id\":\"https:\\\/\\\/officialeleutheraharbourisland.com\\\/fr\\\/harbour-island\\\/a-propos\\\/history\\\/#breadcrumb\",\"itemListElement\":[{\"@type\":\"ListItem\",\"position\":1,\"name\":\"Home\",\"item\":\"https:\\\/\\\/officialeleutheraharbourisland.com\\\/fr\\\/\"},{\"@type\":\"ListItem\",\"position\":2,\"name\":\"HARBOUR ISLAND\",\"item\":\"https:\\\/\\\/officialeleutheraharbourisland.com\\\/fr\\\/harbour-island\\\/\"},{\"@type\":\"ListItem\",\"position\":3,\"name\":\"\u00c0 propos\",\"item\":\"https:\\\/\\\/officialeleutheraharbourisland.com\\\/fr\\\/harbour-island\\\/a-propos\\\/\"},{\"@type\":\"ListItem\",\"position\":4,\"name\":\"HISTOIRE\"}]},{\"@type\":\"WebSite\",\"@id\":\"https:\\\/\\\/officialeleutheraharbourisland.com\\\/#website\",\"url\":\"https:\\\/\\\/officialeleutheraharbourisland.com\\\/\",\"name\":\"Official Eleuthera Harbour Island\",\"description\":\"Where Beauty &amp; Nature Meet\",\"publisher\":{\"@id\":\"https:\\\/\\\/officialeleutheraharbourisland.com\\\/#organization\"},\"potentialAction\":[{\"@type\":\"SearchAction\",\"target\":{\"@type\":\"EntryPoint\",\"urlTemplate\":\"https:\\\/\\\/officialeleutheraharbourisland.com\\\/?s={search_term_string}\"},\"query-input\":{\"@type\":\"PropertyValueSpecification\",\"valueRequired\":true,\"valueName\":\"search_term_string\"}}],\"inLanguage\":\"fr-FR\"},{\"@type\":\"Organization\",\"@id\":\"https:\\\/\\\/officialeleutheraharbourisland.com\\\/#organization\",\"name\":\"Official Eleuthera Harbour Island\",\"url\":\"https:\\\/\\\/officialeleutheraharbourisland.com\\\/\",\"logo\":{\"@type\":\"ImageObject\",\"inLanguage\":\"fr-FR\",\"@id\":\"https:\\\/\\\/officialeleutheraharbourisland.com\\\/#\\\/schema\\\/logo\\\/image\\\/\",\"url\":\"https:\\\/\\\/officialeleutheraharbourisland.com\\\/wp-content\\\/uploads\\\/2022\\\/03\\\/logo-new-GREY-275.png\",\"contentUrl\":\"https:\\\/\\\/officialeleutheraharbourisland.com\\\/wp-content\\\/uploads\\\/2022\\\/03\\\/logo-new-GREY-275.png\",\"width\":275,\"height\":22,\"caption\":\"Official Eleuthera Harbour Island\"},\"image\":{\"@id\":\"https:\\\/\\\/officialeleutheraharbourisland.com\\\/#\\\/schema\\\/logo\\\/image\\\/\"}}]}<\/script>\n<!-- \/ Yoast SEO Premium plugin. -->","yoast_head_json":{"title":"Histoire de Harbour Island, Bahamas. Colomb. puriciens britanniques.","description":"Official Eleuthera Harbour Island votre guide de vacances de Harbour Island, vous donne des d\u00e9tails sur l'histoire de Harbour Island, aux Bahamas.","robots":{"index":"index","follow":"follow","max-snippet":"max-snippet:-1","max-image-preview":"max-image-preview:large","max-video-preview":"max-video-preview:-1"},"canonical":"https:\/\/officialeleutheraharbourisland.com\/fr\/harbour-island\/a-propos\/history\/","og_locale":"fr_FR","og_type":"article","og_title":"HISTOIRE","og_description":"Official Eleuthera Harbour Island votre guide de vacances de Harbour Island, vous donne des d\u00e9tails sur l'histoire de Harbour Island, aux Bahamas.","og_url":"https:\/\/officialeleutheraharbourisland.com\/fr\/harbour-island\/a-propos\/history\/","og_site_name":"Official Eleuthera Harbour Island","article_modified_time":"2023-02-22T20:41:21+00:00","og_image":[{"width":1500,"height":575,"url":"https:\/\/officialeleutheraharbourisland.com\/wp-content\/uploads\/2023\/02\/history.jpg","type":"image\/jpeg"}],"twitter_card":"summary_large_image","twitter_misc":{"Dur\u00e9e de lecture estim\u00e9e":"3 minutes"},"schema":{"@context":"https:\/\/schema.org","@graph":[{"@type":"WebPage","@id":"https:\/\/officialeleutheraharbourisland.com\/fr\/harbour-island\/a-propos\/history\/","url":"https:\/\/officialeleutheraharbourisland.com\/fr\/harbour-island\/a-propos\/history\/","name":"Histoire de Harbour Island, Bahamas. Colomb. puriciens britanniques.","isPartOf":{"@id":"https:\/\/officialeleutheraharbourisland.com\/#website"},"primaryImageOfPage":{"@id":"https:\/\/officialeleutheraharbourisland.com\/fr\/harbour-island\/a-propos\/history\/#primaryimage"},"image":{"@id":"https:\/\/officialeleutheraharbourisland.com\/fr\/harbour-island\/a-propos\/history\/#primaryimage"},"thumbnailUrl":"https:\/\/officialeleutheraharbourisland.com\/wp-content\/uploads\/2023\/02\/history.jpg","datePublished":"2023-02-02T14:25:02+00:00","dateModified":"2023-02-22T20:41:21+00:00","description":"Official Eleuthera Harbour Island votre guide de vacances de Harbour Island, vous donne des d\u00e9tails sur l'histoire de Harbour Island, aux Bahamas.","breadcrumb":{"@id":"https:\/\/officialeleutheraharbourisland.com\/fr\/harbour-island\/a-propos\/history\/#breadcrumb"},"inLanguage":"fr-FR","potentialAction":[{"@type":"ReadAction","target":["https:\/\/officialeleutheraharbourisland.com\/fr\/harbour-island\/a-propos\/history\/"]}]},{"@type":"ImageObject","inLanguage":"fr-FR","@id":"https:\/\/officialeleutheraharbourisland.com\/fr\/harbour-island\/a-propos\/history\/#primaryimage","url":"https:\/\/officialeleutheraharbourisland.com\/wp-content\/uploads\/2023\/02\/history.jpg","contentUrl":"https:\/\/officialeleutheraharbourisland.com\/wp-content\/uploads\/2023\/02\/history.jpg","width":1500,"height":575,"caption":"history harbour island"},{"@type":"BreadcrumbList","@id":"https:\/\/officialeleutheraharbourisland.com\/fr\/harbour-island\/a-propos\/history\/#breadcrumb","itemListElement":[{"@type":"ListItem","position":1,"name":"Home","item":"https:\/\/officialeleutheraharbourisland.com\/fr\/"},{"@type":"ListItem","position":2,"name":"HARBOUR ISLAND","item":"https:\/\/officialeleutheraharbourisland.com\/fr\/harbour-island\/"},{"@type":"ListItem","position":3,"name":"\u00c0 propos","item":"https:\/\/officialeleutheraharbourisland.com\/fr\/harbour-island\/a-propos\/"},{"@type":"ListItem","position":4,"name":"HISTOIRE"}]},{"@type":"WebSite","@id":"https:\/\/officialeleutheraharbourisland.com\/#website","url":"https:\/\/officialeleutheraharbourisland.com\/","name":"Official Eleuthera Harbour Island","description":"Where Beauty &amp; Nature Meet","publisher":{"@id":"https:\/\/officialeleutheraharbourisland.com\/#organization"},"potentialAction":[{"@type":"SearchAction","target":{"@type":"EntryPoint","urlTemplate":"https:\/\/officialeleutheraharbourisland.com\/?s={search_term_string}"},"query-input":{"@type":"PropertyValueSpecification","valueRequired":true,"valueName":"search_term_string"}}],"inLanguage":"fr-FR"},{"@type":"Organization","@id":"https:\/\/officialeleutheraharbourisland.com\/#organization","name":"Official Eleuthera Harbour Island","url":"https:\/\/officialeleutheraharbourisland.com\/","logo":{"@type":"ImageObject","inLanguage":"fr-FR","@id":"https:\/\/officialeleutheraharbourisland.com\/#\/schema\/logo\/image\/","url":"https:\/\/officialeleutheraharbourisland.com\/wp-content\/uploads\/2022\/03\/logo-new-GREY-275.png","contentUrl":"https:\/\/officialeleutheraharbourisland.com\/wp-content\/uploads\/2022\/03\/logo-new-GREY-275.png","width":275,"height":22,"caption":"Official Eleuthera Harbour Island"},"image":{"@id":"https:\/\/officialeleutheraharbourisland.com\/#\/schema\/logo\/image\/"}}]}},"jetpack_sharing_enabled":true,"_links":{"self":[{"href":"https:\/\/officialeleutheraharbourisland.com\/fr\/wp-json\/wp\/v2\/pages\/74111","targetHints":{"allow":["GET"]}}],"collection":[{"href":"https:\/\/officialeleutheraharbourisland.com\/fr\/wp-json\/wp\/v2\/pages"}],"about":[{"href":"https:\/\/officialeleutheraharbourisland.com\/fr\/wp-json\/wp\/v2\/types\/page"}],"author":[{"embeddable":true,"href":"https:\/\/officialeleutheraharbourisland.com\/fr\/wp-json\/wp\/v2\/users\/1"}],"replies":[{"embeddable":true,"href":"https:\/\/officialeleutheraharbourisland.com\/fr\/wp-json\/wp\/v2\/comments?post=74111"}],"version-history":[{"count":2,"href":"https:\/\/officialeleutheraharbourisland.com\/fr\/wp-json\/wp\/v2\/pages\/74111\/revisions"}],"predecessor-version":[{"id":74113,"href":"https:\/\/officialeleutheraharbourisland.com\/fr\/wp-json\/wp\/v2\/pages\/74111\/revisions\/74113"}],"up":[{"embeddable":true,"href":"https:\/\/officialeleutheraharbourisland.com\/fr\/wp-json\/wp\/v2\/pages\/64970"}],"wp:featuredmedia":[{"embeddable":true,"href":"https:\/\/officialeleutheraharbourisland.com\/fr\/wp-json\/wp\/v2\/media\/72883"}],"wp:attachment":[{"href":"https:\/\/officialeleutheraharbourisland.com\/fr\/wp-json\/wp\/v2\/media?parent=74111"}],"wp:term":[{"taxonomy":"category","embeddable":true,"href":"https:\/\/officialeleutheraharbourisland.com\/fr\/wp-json\/wp\/v2\/categories?post=74111"},{"taxonomy":"post_tag","embeddable":true,"href":"https:\/\/officialeleutheraharbourisland.com\/fr\/wp-json\/wp\/v2\/tags?post=74111"}],"curies":[{"name":"wp","href":"https:\/\/api.w.org\/{rel}","templated":true}]}}