{"id":74412,"date":"2023-01-21T14:25:02","date_gmt":"2023-01-21T14:25:02","guid":{"rendered":"https:\/\/officialeleutheraharbourisland.com\/harbour-island\/presentation\/why-is-so-expensive\/"},"modified":"2023-03-03T16:05:13","modified_gmt":"2023-03-03T16:05:13","slug":"pourquoi-est-si-cher","status":"publish","type":"page","link":"https:\/\/officialeleutheraharbourisland.com\/fr\/harbour-island\/a-propos\/pourquoi-est-si-cher\/","title":{"rendered":"Pourquoi est si cher"},"content":{"rendered":"<div class=\"wpb-content-wrapper\"><p>[vc_row css=\u00a0\u00bb.vc_custom_1649079224179{padding-bottom: 50px !important;}\u00a0\u00bb][vc_column]<div id=\"ultimate-heading-633369e26fd701020\" class=\"uvc-heading ult-adjust-bottom-margin ultimate-heading-633369e26fd701020 uvc-2082 \" data-hspacer=\"line_only\"  data-halign=\"center\" style=\"text-align:center\"><div class=\"uvc-main-heading ult-responsive\"  data-ultimate-target='.uvc-heading.ultimate-heading-633369e26fd701020 h2'  data-responsive-json-new='{\"font-size\":\"\",\"line-height\":\"\"}' ><h2 style=\"font-weight:normal;margin-bottom:15px;\">Pourquoi Harbour Island est-il si cher?<\/h2><\/div><div class=\"uvc-heading-spacer line_only\" style=\"margin-bottom:15px;height:3px;\"><span class=\"uvc-headings-line\" style=\"border-style:solid;border-bottom-width:3px;border-color:#7ac1ff;width:60px;\"><\/span><\/div><\/div>[\/vc_column][\/vc_row][vc_row][vc_column][vc_column_text]Les gens s\u2019interrogent souvent sur la caract\u00e8re cher de l\u2019\u00efle, qui peut s\u2019expliquer en fait par plusieurs raisons :<\/p>\n<p>1- L&rsquo;\u00eele est tr\u00e8s petite 5.5 km sur \u00e0 peine 1 km<br \/>\n2- elle est connue comme l&rsquo;\u00eele des milliardaires, elle attire donc le who&rsquo;s who international, acteurs, artistes et entrepreneurs. Les prix de l&rsquo;immobilier sonttr\u00e8s \u00e9lev\u00e9s, au m\u00eame niveau que les villes les plus ch\u00e8res du monde. Un terrain de 1000 m2 du c\u00f4t\u00e9 de la plage peut co\u00fbter 5 \u00e0 6 millions de dollars. Une maison de 350m2 de 40 ans qui a besoin d&rsquo;une r\u00e9novation intense vient d&rsquo;\u00eatre vendue pour 8 millions de dollars. Une maison r\u00e9cente de 900 m2 est \u00e9valu\u00e9e \u00e0 environ 25 millions de dollars.<br \/>\n3- Les Bahamas ont des droits d&rsquo;importation \u00e9lev\u00e9s, sur nourriture et pratiquement tous les produits<br \/>\n4- Quasiment tout ce qui est consomm\u00e9 aux Bahamas provient des \u00c9tats-Unis, donc les co\u00fbts de transport repr\u00e9sentent un co\u00fbt suppl\u00e9mentaire important<br \/>\n5- Les habitants appliqueront les prix que les gens sont pr\u00eats \u00e0 payer, ce qui explique pourquoi un massage co\u00fbte le m\u00eame prix \u00e0 Miami qu&rsquo;\u00e0 Harbour Island<br \/>\n6- La simple r\u00e8gle \u00e9conomique de l&rsquo;offre et de la demande, Harbour Island a une offre limit\u00e9e de tout. Les billets d&rsquo;avion sont chers, les h\u00f4tels sont chers avec environ 200 chambres seulement pour toute l&rsquo;\u00eele, les locations de vacances sont ch\u00e8res etc\u2026<br \/>\n7- Les salaires sont moins \u00e9lev\u00e9s qu&rsquo;aux \u00c9tats-Unis mais bien que dans d&rsquo;autres pays en d\u00e9veloppement.<br \/>\n[\/vc_column_text][vc_separator css=\u00a0\u00bb.vc_custom_1675274926103{margin-top: 30px !important;margin-bottom: 30px !important;}\u00a0\u00bb][vc_row_inner][vc_column_inner width=\u00a0\u00bb1\/4&Prime;][\/vc_column_inner][vc_column_inner width=\u00a0\u00bb1\/2&Prime;][vc_single_image image=\u00a0\u00bb72937&Prime; img_size=\u00a0\u00bbfull\u00a0\u00bb alignment=\u00a0\u00bbcenter\u00a0\u00bb][\/vc_column_inner][vc_column_inner width=\u00a0\u00bb1\/4&Prime;][\/vc_column_inner][\/vc_row_inner][vc_separator css=\u00a0\u00bb.vc_custom_1675274926103{margin-top: 30px !important;margin-bottom: 30px !important;}\u00a0\u00bb][\/vc_column][\/vc_row]<\/p>\n<\/div>","protected":false},"excerpt":{"rendered":"<p>[vc_row css=\u00a0\u00bb.vc_custom_1649079224179{padding-bottom: 50px !important;}\u00a0\u00bb][vc_column][\/vc_column][\/vc_row][vc_row][vc_column][vc_column_text]Les gens s\u2019interrogent souvent sur la caract\u00e8re cher de l\u2019\u00efle, qui peut s\u2019expliquer en fait par plusieurs raisons : 1- L&rsquo;\u00eele est tr\u00e8s petite 5.5 km sur \u00e0 peine 1 km 2- elle est connue comme l&rsquo;\u00eele des milliardaires, elle attire donc le who&rsquo;s who international, acteurs, artistes et entrepreneurs. Les prix&hellip;<\/p>\n","protected":false},"author":1,"featured_media":73979,"parent":64970,"menu_order":0,"comment_status":"closed","ping_status":"closed","template":"","meta":{"footnotes":""},"categories":[],"tags":[1174],"class_list":["post-74412","page","type-page","status-publish","has-post-thumbnail","hentry","tag-about-harbour-island-fr-2","description-off"],"yoast_head":"<!-- This site is optimized with the Yoast SEO Premium plugin v25.2 (Yoast SEO v27.4) - https:\/\/yoast.com\/product\/yoast-seo-premium-wordpress\/ -->\n<title>Pourquoi Harbour Island est-il si cher? Bahamas guide touristique.<\/title>\n<meta name=\"description\" content=\"Official Eleuthera Harbour Island votre guide de Harbour Island, vous donne des d\u00e9tails sur les raisons pour lesquelles Harbour Island est si ch\u00e8re.\" \/>\n<meta name=\"robots\" content=\"index, follow, max-snippet:-1, max-image-preview:large, max-video-preview:-1\" \/>\n<link rel=\"canonical\" href=\"https:\/\/officialeleutheraharbourisland.com\/fr\/harbour-island\/a-propos\/pourquoi-est-si-cher\/\" \/>\n<meta property=\"og:locale\" content=\"fr_FR\" \/>\n<meta property=\"og:type\" content=\"article\" \/>\n<meta property=\"og:title\" content=\"Pourquoi est si cher\" \/>\n<meta property=\"og:description\" content=\"Official Eleuthera Harbour Island votre guide de Harbour Island, vous donne des d\u00e9tails sur les raisons pour lesquelles Harbour Island est si ch\u00e8re.\" \/>\n<meta property=\"og:url\" content=\"https:\/\/officialeleutheraharbourisland.com\/fr\/harbour-island\/a-propos\/pourquoi-est-si-cher\/\" \/>\n<meta property=\"og:site_name\" content=\"Official Eleuthera Harbour Island\" \/>\n<meta property=\"article:modified_time\" content=\"2023-03-03T16:05:13+00:00\" \/>\n<meta property=\"og:image\" content=\"https:\/\/officialeleutheraharbourisland.com\/wp-content\/uploads\/2023\/02\/header-jpg.webp\" \/>\n\t<meta property=\"og:image:width\" content=\"1280\" \/>\n\t<meta property=\"og:image:height\" content=\"574\" \/>\n\t<meta property=\"og:image:type\" content=\"image\/jpeg\" \/>\n<meta name=\"twitter:card\" content=\"summary_large_image\" \/>\n<meta name=\"twitter:label1\" content=\"Dur\u00e9e de lecture estim\u00e9e\" \/>\n\t<meta name=\"twitter:data1\" content=\"2 minutes\" \/>\n<script type=\"application\/ld+json\" class=\"yoast-schema-graph\">{\"@context\":\"https:\\\/\\\/schema.org\",\"@graph\":[{\"@type\":\"WebPage\",\"@id\":\"https:\\\/\\\/officialeleutheraharbourisland.com\\\/fr\\\/harbour-island\\\/a-propos\\\/pourquoi-est-si-cher\\\/\",\"url\":\"https:\\\/\\\/officialeleutheraharbourisland.com\\\/fr\\\/harbour-island\\\/a-propos\\\/pourquoi-est-si-cher\\\/\",\"name\":\"Pourquoi Harbour Island est-il si cher? Bahamas guide touristique.\",\"isPartOf\":{\"@id\":\"https:\\\/\\\/officialeleutheraharbourisland.com\\\/#website\"},\"primaryImageOfPage\":{\"@id\":\"https:\\\/\\\/officialeleutheraharbourisland.com\\\/fr\\\/harbour-island\\\/a-propos\\\/pourquoi-est-si-cher\\\/#primaryimage\"},\"image\":{\"@id\":\"https:\\\/\\\/officialeleutheraharbourisland.com\\\/fr\\\/harbour-island\\\/a-propos\\\/pourquoi-est-si-cher\\\/#primaryimage\"},\"thumbnailUrl\":\"https:\\\/\\\/officialeleutheraharbourisland.com\\\/wp-content\\\/uploads\\\/2023\\\/02\\\/header-jpg.webp\",\"datePublished\":\"2023-01-21T14:25:02+00:00\",\"dateModified\":\"2023-03-03T16:05:13+00:00\",\"description\":\"Official Eleuthera Harbour Island votre guide de Harbour Island, vous donne des d\u00e9tails sur les raisons pour lesquelles Harbour Island est si ch\u00e8re.\",\"breadcrumb\":{\"@id\":\"https:\\\/\\\/officialeleutheraharbourisland.com\\\/fr\\\/harbour-island\\\/a-propos\\\/pourquoi-est-si-cher\\\/#breadcrumb\"},\"inLanguage\":\"fr-FR\",\"potentialAction\":[{\"@type\":\"ReadAction\",\"target\":[\"https:\\\/\\\/officialeleutheraharbourisland.com\\\/fr\\\/harbour-island\\\/a-propos\\\/pourquoi-est-si-cher\\\/\"]}]},{\"@type\":\"ImageObject\",\"inLanguage\":\"fr-FR\",\"@id\":\"https:\\\/\\\/officialeleutheraharbourisland.com\\\/fr\\\/harbour-island\\\/a-propos\\\/pourquoi-est-si-cher\\\/#primaryimage\",\"url\":\"https:\\\/\\\/officialeleutheraharbourisland.com\\\/wp-content\\\/uploads\\\/2023\\\/02\\\/header-jpg.webp\",\"contentUrl\":\"https:\\\/\\\/officialeleutheraharbourisland.com\\\/wp-content\\\/uploads\\\/2023\\\/02\\\/header-jpg.webp\",\"width\":1280,\"height\":574,\"caption\":\"shoreside\"},{\"@type\":\"BreadcrumbList\",\"@id\":\"https:\\\/\\\/officialeleutheraharbourisland.com\\\/fr\\\/harbour-island\\\/a-propos\\\/pourquoi-est-si-cher\\\/#breadcrumb\",\"itemListElement\":[{\"@type\":\"ListItem\",\"position\":1,\"name\":\"Home\",\"item\":\"https:\\\/\\\/officialeleutheraharbourisland.com\\\/fr\\\/\"},{\"@type\":\"ListItem\",\"position\":2,\"name\":\"HARBOUR ISLAND\",\"item\":\"https:\\\/\\\/officialeleutheraharbourisland.com\\\/fr\\\/harbour-island\\\/\"},{\"@type\":\"ListItem\",\"position\":3,\"name\":\"\u00c0 propos\",\"item\":\"https:\\\/\\\/officialeleutheraharbourisland.com\\\/fr\\\/harbour-island\\\/a-propos\\\/\"},{\"@type\":\"ListItem\",\"position\":4,\"name\":\"Pourquoi est si cher\"}]},{\"@type\":\"WebSite\",\"@id\":\"https:\\\/\\\/officialeleutheraharbourisland.com\\\/#website\",\"url\":\"https:\\\/\\\/officialeleutheraharbourisland.com\\\/\",\"name\":\"Official Eleuthera Harbour Island\",\"description\":\"Where Beauty &amp; Nature Meet\",\"publisher\":{\"@id\":\"https:\\\/\\\/officialeleutheraharbourisland.com\\\/#organization\"},\"potentialAction\":[{\"@type\":\"SearchAction\",\"target\":{\"@type\":\"EntryPoint\",\"urlTemplate\":\"https:\\\/\\\/officialeleutheraharbourisland.com\\\/?s={search_term_string}\"},\"query-input\":{\"@type\":\"PropertyValueSpecification\",\"valueRequired\":true,\"valueName\":\"search_term_string\"}}],\"inLanguage\":\"fr-FR\"},{\"@type\":\"Organization\",\"@id\":\"https:\\\/\\\/officialeleutheraharbourisland.com\\\/#organization\",\"name\":\"Official Eleuthera Harbour Island\",\"url\":\"https:\\\/\\\/officialeleutheraharbourisland.com\\\/\",\"logo\":{\"@type\":\"ImageObject\",\"inLanguage\":\"fr-FR\",\"@id\":\"https:\\\/\\\/officialeleutheraharbourisland.com\\\/#\\\/schema\\\/logo\\\/image\\\/\",\"url\":\"https:\\\/\\\/officialeleutheraharbourisland.com\\\/wp-content\\\/uploads\\\/2022\\\/03\\\/logo-new-GREY-275.png\",\"contentUrl\":\"https:\\\/\\\/officialeleutheraharbourisland.com\\\/wp-content\\\/uploads\\\/2022\\\/03\\\/logo-new-GREY-275.png\",\"width\":275,\"height\":22,\"caption\":\"Official Eleuthera Harbour Island\"},\"image\":{\"@id\":\"https:\\\/\\\/officialeleutheraharbourisland.com\\\/#\\\/schema\\\/logo\\\/image\\\/\"}}]}<\/script>\n<!-- \/ Yoast SEO Premium plugin. -->","yoast_head_json":{"title":"Pourquoi Harbour Island est-il si cher? Bahamas guide touristique.","description":"Official Eleuthera Harbour Island votre guide de Harbour Island, vous donne des d\u00e9tails sur les raisons pour lesquelles Harbour Island est si ch\u00e8re.","robots":{"index":"index","follow":"follow","max-snippet":"max-snippet:-1","max-image-preview":"max-image-preview:large","max-video-preview":"max-video-preview:-1"},"canonical":"https:\/\/officialeleutheraharbourisland.com\/fr\/harbour-island\/a-propos\/pourquoi-est-si-cher\/","og_locale":"fr_FR","og_type":"article","og_title":"Pourquoi est si cher","og_description":"Official Eleuthera Harbour Island votre guide de Harbour Island, vous donne des d\u00e9tails sur les raisons pour lesquelles Harbour Island est si ch\u00e8re.","og_url":"https:\/\/officialeleutheraharbourisland.com\/fr\/harbour-island\/a-propos\/pourquoi-est-si-cher\/","og_site_name":"Official Eleuthera Harbour Island","article_modified_time":"2023-03-03T16:05:13+00:00","og_image":[{"width":1280,"height":574,"url":"https:\/\/officialeleutheraharbourisland.com\/wp-content\/uploads\/2023\/02\/header-jpg.webp","type":"image\/jpeg"}],"twitter_card":"summary_large_image","twitter_misc":{"Dur\u00e9e de lecture estim\u00e9e":"2 minutes"},"schema":{"@context":"https:\/\/schema.org","@graph":[{"@type":"WebPage","@id":"https:\/\/officialeleutheraharbourisland.com\/fr\/harbour-island\/a-propos\/pourquoi-est-si-cher\/","url":"https:\/\/officialeleutheraharbourisland.com\/fr\/harbour-island\/a-propos\/pourquoi-est-si-cher\/","name":"Pourquoi Harbour Island est-il si cher? Bahamas guide touristique.","isPartOf":{"@id":"https:\/\/officialeleutheraharbourisland.com\/#website"},"primaryImageOfPage":{"@id":"https:\/\/officialeleutheraharbourisland.com\/fr\/harbour-island\/a-propos\/pourquoi-est-si-cher\/#primaryimage"},"image":{"@id":"https:\/\/officialeleutheraharbourisland.com\/fr\/harbour-island\/a-propos\/pourquoi-est-si-cher\/#primaryimage"},"thumbnailUrl":"https:\/\/officialeleutheraharbourisland.com\/wp-content\/uploads\/2023\/02\/header-jpg.webp","datePublished":"2023-01-21T14:25:02+00:00","dateModified":"2023-03-03T16:05:13+00:00","description":"Official Eleuthera Harbour Island votre guide de Harbour Island, vous donne des d\u00e9tails sur les raisons pour lesquelles Harbour Island est si ch\u00e8re.","breadcrumb":{"@id":"https:\/\/officialeleutheraharbourisland.com\/fr\/harbour-island\/a-propos\/pourquoi-est-si-cher\/#breadcrumb"},"inLanguage":"fr-FR","potentialAction":[{"@type":"ReadAction","target":["https:\/\/officialeleutheraharbourisland.com\/fr\/harbour-island\/a-propos\/pourquoi-est-si-cher\/"]}]},{"@type":"ImageObject","inLanguage":"fr-FR","@id":"https:\/\/officialeleutheraharbourisland.com\/fr\/harbour-island\/a-propos\/pourquoi-est-si-cher\/#primaryimage","url":"https:\/\/officialeleutheraharbourisland.com\/wp-content\/uploads\/2023\/02\/header-jpg.webp","contentUrl":"https:\/\/officialeleutheraharbourisland.com\/wp-content\/uploads\/2023\/02\/header-jpg.webp","width":1280,"height":574,"caption":"shoreside"},{"@type":"BreadcrumbList","@id":"https:\/\/officialeleutheraharbourisland.com\/fr\/harbour-island\/a-propos\/pourquoi-est-si-cher\/#breadcrumb","itemListElement":[{"@type":"ListItem","position":1,"name":"Home","item":"https:\/\/officialeleutheraharbourisland.com\/fr\/"},{"@type":"ListItem","position":2,"name":"HARBOUR ISLAND","item":"https:\/\/officialeleutheraharbourisland.com\/fr\/harbour-island\/"},{"@type":"ListItem","position":3,"name":"\u00c0 propos","item":"https:\/\/officialeleutheraharbourisland.com\/fr\/harbour-island\/a-propos\/"},{"@type":"ListItem","position":4,"name":"Pourquoi est si cher"}]},{"@type":"WebSite","@id":"https:\/\/officialeleutheraharbourisland.com\/#website","url":"https:\/\/officialeleutheraharbourisland.com\/","name":"Official Eleuthera Harbour Island","description":"Where Beauty &amp; Nature Meet","publisher":{"@id":"https:\/\/officialeleutheraharbourisland.com\/#organization"},"potentialAction":[{"@type":"SearchAction","target":{"@type":"EntryPoint","urlTemplate":"https:\/\/officialeleutheraharbourisland.com\/?s={search_term_string}"},"query-input":{"@type":"PropertyValueSpecification","valueRequired":true,"valueName":"search_term_string"}}],"inLanguage":"fr-FR"},{"@type":"Organization","@id":"https:\/\/officialeleutheraharbourisland.com\/#organization","name":"Official Eleuthera Harbour Island","url":"https:\/\/officialeleutheraharbourisland.com\/","logo":{"@type":"ImageObject","inLanguage":"fr-FR","@id":"https:\/\/officialeleutheraharbourisland.com\/#\/schema\/logo\/image\/","url":"https:\/\/officialeleutheraharbourisland.com\/wp-content\/uploads\/2022\/03\/logo-new-GREY-275.png","contentUrl":"https:\/\/officialeleutheraharbourisland.com\/wp-content\/uploads\/2022\/03\/logo-new-GREY-275.png","width":275,"height":22,"caption":"Official Eleuthera Harbour Island"},"image":{"@id":"https:\/\/officialeleutheraharbourisland.com\/#\/schema\/logo\/image\/"}}]}},"jetpack_sharing_enabled":true,"_links":{"self":[{"href":"https:\/\/officialeleutheraharbourisland.com\/fr\/wp-json\/wp\/v2\/pages\/74412","targetHints":{"allow":["GET"]}}],"collection":[{"href":"https:\/\/officialeleutheraharbourisland.com\/fr\/wp-json\/wp\/v2\/pages"}],"about":[{"href":"https:\/\/officialeleutheraharbourisland.com\/fr\/wp-json\/wp\/v2\/types\/page"}],"author":[{"embeddable":true,"href":"https:\/\/officialeleutheraharbourisland.com\/fr\/wp-json\/wp\/v2\/users\/1"}],"replies":[{"embeddable":true,"href":"https:\/\/officialeleutheraharbourisland.com\/fr\/wp-json\/wp\/v2\/comments?post=74412"}],"version-history":[{"count":2,"href":"https:\/\/officialeleutheraharbourisland.com\/fr\/wp-json\/wp\/v2\/pages\/74412\/revisions"}],"predecessor-version":[{"id":74414,"href":"https:\/\/officialeleutheraharbourisland.com\/fr\/wp-json\/wp\/v2\/pages\/74412\/revisions\/74414"}],"up":[{"embeddable":true,"href":"https:\/\/officialeleutheraharbourisland.com\/fr\/wp-json\/wp\/v2\/pages\/64970"}],"wp:featuredmedia":[{"embeddable":true,"href":"https:\/\/officialeleutheraharbourisland.com\/fr\/wp-json\/wp\/v2\/media\/73979"}],"wp:attachment":[{"href":"https:\/\/officialeleutheraharbourisland.com\/fr\/wp-json\/wp\/v2\/media?parent=74412"}],"wp:term":[{"taxonomy":"category","embeddable":true,"href":"https:\/\/officialeleutheraharbourisland.com\/fr\/wp-json\/wp\/v2\/categories?post=74412"},{"taxonomy":"post_tag","embeddable":true,"href":"https:\/\/officialeleutheraharbourisland.com\/fr\/wp-json\/wp\/v2\/tags?post=74412"}],"curies":[{"name":"wp","href":"https:\/\/api.w.org\/{rel}","templated":true}]}}