{"id":74418,"date":"2023-02-01T14:25:02","date_gmt":"2023-02-01T14:25:02","guid":{"rendered":"https:\/\/officialeleutheraharbourisland.com\/harbour-island\/presentation\/safety\/"},"modified":"2023-03-03T16:32:33","modified_gmt":"2023-03-03T16:32:33","slug":"securite","status":"publish","type":"page","link":"https:\/\/officialeleutheraharbourisland.com\/fr\/harbour-island\/a-propos\/securite\/","title":{"rendered":"S\u00e9curit\u00e9"},"content":{"rendered":"<div class=\"wpb-content-wrapper\"><p>[vc_row css=\u00a0\u00bb.vc_custom_1649079224179{padding-bottom: 50px !important;}\u00a0\u00bb][vc_column]<div id=\"ultimate-heading-113669de6ec82d4c0\" class=\"uvc-heading ult-adjust-bottom-margin ultimate-heading-113669de6ec82d4c0 uvc-4516 \" data-hspacer=\"line_only\"  data-halign=\"center\" style=\"text-align:center\"><div class=\"uvc-main-heading ult-responsive\"  data-ultimate-target='.uvc-heading.ultimate-heading-113669de6ec82d4c0 h2'  data-responsive-json-new='{\"font-size\":\"\",\"line-height\":\"\"}' ><h2 style=\"font-weight:normal;margin-bottom:15px;\">S\u00e9curit\u00e9 \u00e0 Harbour Island, Bahamas<\/h2><\/div><div class=\"uvc-heading-spacer line_only\" style=\"margin-bottom:15px;height:3px;\"><span class=\"uvc-headings-line\" style=\"border-style:solid;border-bottom-width:3px;border-color:#7ac1ff;width:60px;\"><\/span><\/div><\/div>[\/vc_column][\/vc_row][vc_row][vc_column][vc_column_text]<span style=\"font-weight: 400;\">Ne vous inqui\u00e9tez pas pour la s\u00e9curit\u00e9 sur Harbour Island, il n&rsquo;y a sur l\u2019\u00eele pratiquement aucun d\u00e9lit\u00a0 et seulement de rares cas de vol. Le poste de police de Harbour island compte 1 \u00e0 3 agents en service en permanence , mais vous les verrez rarement.<\/span><\/p>\n<p><span style=\"font-weight: 400;\">Cela \u00e9tant, si vous pr\u00e9voyez des vacances \u00e0 Harbour Island aux Bahamas, voici quelques pr\u00e9cautions que vous pouvez prendre pour \u00e9viter toute situation d\u00e9sagr\u00e9able lors de votre visite :<br \/>\n<\/span>-Assurez-vous de fermer toutes les portes et fen\u00eatres lorsque vous quittez votre location ou votre chambre d&rsquo;h\u00f4tel.<br \/>\n-Placez toujours vos bijoux, passeports et autres objets de valeur dans un coffre-fort que vous trouverez dans les h\u00f4tels et la plupart des locations de vacances.<br \/>\n<span style=\"font-weight: 400;\">-Ne laissez aucun sac ou objet de valeur sans surveillance sur la plage ou \u00e0 tout autre endroit o\u00f9 il ne serait pas sous surveillance.<\/span><\/p>\n<p>&nbsp;<\/p>\n<p><span style=\"font-weight: 400;\">Si vous \u00eates victime d&rsquo;un d\u00e9lit, signalez-le imm\u00e9diatement \u00e0 la police de Harbour Island, aussi mineur soit-il. En voici les coordonn\u00e9es :\u00a0<\/span><\/p>\n<p><strong>Police des Bahamas, poste de Harbour island<\/strong><\/p>\n<p><span style=\"font-weight: 400;\">Goal Lane Harbour Island<br \/>\n<\/span><span style=\"font-weight: 400;\">T\u00e9l\u00e9phone : (242) 333-2111 ou 2919<br \/>\n<\/span><span style=\"font-weight: 400;\">Horaires : Tous les jours \u00e0 7h00<br \/>\n<\/span>Le poste de police de Harbour Island Bahamas est situ\u00e9 dans le m\u00eame b\u00e2timent que le bureau de poste sur Goal Lane.[\/vc_column_text][vc_separator css=\u00a0\u00bb.vc_custom_1675274926103{margin-top: 30px !important;margin-bottom: 30px !important;}\u00a0\u00bb][vc_row_inner][vc_column_inner width=\u00a0\u00bb1\/4&Prime;][\/vc_column_inner][vc_column_inner width=\u00a0\u00bb1\/2&Prime;][vc_single_image image=\u00a0\u00bb72943&Prime; img_size=\u00a0\u00bbfull\u00a0\u00bb alignment=\u00a0\u00bbcenter\u00a0\u00bb][\/vc_column_inner][vc_column_inner width=\u00a0\u00bb1\/4&Prime;][\/vc_column_inner][\/vc_row_inner][vc_separator css=\u00a0\u00bb.vc_custom_1675274926103{margin-top: 30px !important;margin-bottom: 30px !important;}\u00a0\u00bb][\/vc_column][\/vc_row]<\/p>\n<\/div>","protected":false},"excerpt":{"rendered":"<p>[vc_row css=\u00a0\u00bb.vc_custom_1649079224179{padding-bottom: 50px !important;}\u00a0\u00bb][vc_column][\/vc_column][\/vc_row][vc_row][vc_column][vc_column_text]Ne vous inqui\u00e9tez pas pour la s\u00e9curit\u00e9 sur Harbour Island, il n&rsquo;y a sur l\u2019\u00eele pratiquement aucun d\u00e9lit\u00a0 et seulement de rares cas de vol. Le poste de police de Harbour island compte 1 \u00e0 3 agents en service en permanence , mais vous les verrez rarement. Cela \u00e9tant, si vous pr\u00e9voyez&hellip;<\/p>\n","protected":false},"author":1,"featured_media":72944,"parent":64970,"menu_order":0,"comment_status":"closed","ping_status":"closed","template":"","meta":{"footnotes":""},"categories":[],"tags":[1174],"class_list":["post-74418","page","type-page","status-publish","has-post-thumbnail","hentry","tag-about-harbour-island-fr-2","description-off"],"yoast_head":"<!-- This site is optimized with the Yoast SEO Premium plugin v25.2 (Yoast SEO v27.3) - https:\/\/yoast.com\/product\/yoast-seo-premium-wordpress\/ -->\n<title>S\u00e9curit\u00e9 \u00e0 Harbour Island, Bahamas. Guide touristique.<\/title>\n<meta name=\"description\" content=\"Official Eleuthera Harbour Island votre guide de Harbour Island, vous donne des informations sur la s\u00e9curit\u00e9 \u00e0 Harbour Island, aux Bahamas.\" \/>\n<meta name=\"robots\" content=\"index, follow, max-snippet:-1, max-image-preview:large, max-video-preview:-1\" \/>\n<link rel=\"canonical\" href=\"https:\/\/officialeleutheraharbourisland.com\/fr\/harbour-island\/a-propos\/securite\/\" \/>\n<meta property=\"og:locale\" content=\"fr_FR\" \/>\n<meta property=\"og:type\" content=\"article\" \/>\n<meta property=\"og:title\" content=\"S\u00e9curit\u00e9\" \/>\n<meta property=\"og:description\" content=\"Official Eleuthera Harbour Island votre guide de Harbour Island, vous donne des informations sur la s\u00e9curit\u00e9 \u00e0 Harbour Island, aux Bahamas.\" \/>\n<meta property=\"og:url\" content=\"https:\/\/officialeleutheraharbourisland.com\/fr\/harbour-island\/a-propos\/securite\/\" \/>\n<meta property=\"og:site_name\" content=\"Official Eleuthera Harbour Island\" \/>\n<meta property=\"article:modified_time\" content=\"2023-03-03T16:32:33+00:00\" \/>\n<meta property=\"og:image\" content=\"https:\/\/officialeleutheraharbourisland.com\/wp-content\/uploads\/2023\/02\/WhatsApp-Image-2023-01-30-at-3.48.00-PM.jpeg\" \/>\n\t<meta property=\"og:image:width\" content=\"803\" \/>\n\t<meta property=\"og:image:height\" content=\"466\" \/>\n\t<meta property=\"og:image:type\" content=\"image\/jpeg\" \/>\n<meta name=\"twitter:card\" content=\"summary_large_image\" \/>\n<meta name=\"twitter:label1\" content=\"Dur\u00e9e de lecture estim\u00e9e\" \/>\n\t<meta name=\"twitter:data1\" content=\"2 minutes\" \/>\n<script type=\"application\/ld+json\" class=\"yoast-schema-graph\">{\"@context\":\"https:\\\/\\\/schema.org\",\"@graph\":[{\"@type\":\"WebPage\",\"@id\":\"https:\\\/\\\/officialeleutheraharbourisland.com\\\/fr\\\/harbour-island\\\/a-propos\\\/securite\\\/\",\"url\":\"https:\\\/\\\/officialeleutheraharbourisland.com\\\/fr\\\/harbour-island\\\/a-propos\\\/securite\\\/\",\"name\":\"S\u00e9curit\u00e9 \u00e0 Harbour Island, Bahamas. Guide touristique.\",\"isPartOf\":{\"@id\":\"https:\\\/\\\/officialeleutheraharbourisland.com\\\/#website\"},\"primaryImageOfPage\":{\"@id\":\"https:\\\/\\\/officialeleutheraharbourisland.com\\\/fr\\\/harbour-island\\\/a-propos\\\/securite\\\/#primaryimage\"},\"image\":{\"@id\":\"https:\\\/\\\/officialeleutheraharbourisland.com\\\/fr\\\/harbour-island\\\/a-propos\\\/securite\\\/#primaryimage\"},\"thumbnailUrl\":\"https:\\\/\\\/officialeleutheraharbourisland.com\\\/wp-content\\\/uploads\\\/2023\\\/02\\\/WhatsApp-Image-2023-01-30-at-3.48.00-PM.jpeg\",\"datePublished\":\"2023-02-01T14:25:02+00:00\",\"dateModified\":\"2023-03-03T16:32:33+00:00\",\"description\":\"Official Eleuthera Harbour Island votre guide de Harbour Island, vous donne des informations sur la s\u00e9curit\u00e9 \u00e0 Harbour Island, aux Bahamas.\",\"breadcrumb\":{\"@id\":\"https:\\\/\\\/officialeleutheraharbourisland.com\\\/fr\\\/harbour-island\\\/a-propos\\\/securite\\\/#breadcrumb\"},\"inLanguage\":\"fr-FR\",\"potentialAction\":[{\"@type\":\"ReadAction\",\"target\":[\"https:\\\/\\\/officialeleutheraharbourisland.com\\\/fr\\\/harbour-island\\\/a-propos\\\/securite\\\/\"]}]},{\"@type\":\"ImageObject\",\"inLanguage\":\"fr-FR\",\"@id\":\"https:\\\/\\\/officialeleutheraharbourisland.com\\\/fr\\\/harbour-island\\\/a-propos\\\/securite\\\/#primaryimage\",\"url\":\"https:\\\/\\\/officialeleutheraharbourisland.com\\\/wp-content\\\/uploads\\\/2023\\\/02\\\/WhatsApp-Image-2023-01-30-at-3.48.00-PM.jpeg\",\"contentUrl\":\"https:\\\/\\\/officialeleutheraharbourisland.com\\\/wp-content\\\/uploads\\\/2023\\\/02\\\/WhatsApp-Image-2023-01-30-at-3.48.00-PM.jpeg\",\"width\":803,\"height\":466,\"caption\":\"safety harbour island\"},{\"@type\":\"BreadcrumbList\",\"@id\":\"https:\\\/\\\/officialeleutheraharbourisland.com\\\/fr\\\/harbour-island\\\/a-propos\\\/securite\\\/#breadcrumb\",\"itemListElement\":[{\"@type\":\"ListItem\",\"position\":1,\"name\":\"Home\",\"item\":\"https:\\\/\\\/officialeleutheraharbourisland.com\\\/fr\\\/\"},{\"@type\":\"ListItem\",\"position\":2,\"name\":\"HARBOUR ISLAND\",\"item\":\"https:\\\/\\\/officialeleutheraharbourisland.com\\\/fr\\\/harbour-island\\\/\"},{\"@type\":\"ListItem\",\"position\":3,\"name\":\"\u00c0 propos\",\"item\":\"https:\\\/\\\/officialeleutheraharbourisland.com\\\/fr\\\/harbour-island\\\/a-propos\\\/\"},{\"@type\":\"ListItem\",\"position\":4,\"name\":\"S\u00e9curit\u00e9\"}]},{\"@type\":\"WebSite\",\"@id\":\"https:\\\/\\\/officialeleutheraharbourisland.com\\\/#website\",\"url\":\"https:\\\/\\\/officialeleutheraharbourisland.com\\\/\",\"name\":\"Official Eleuthera Harbour Island\",\"description\":\"Where Beauty &amp; Nature Meet\",\"publisher\":{\"@id\":\"https:\\\/\\\/officialeleutheraharbourisland.com\\\/#organization\"},\"potentialAction\":[{\"@type\":\"SearchAction\",\"target\":{\"@type\":\"EntryPoint\",\"urlTemplate\":\"https:\\\/\\\/officialeleutheraharbourisland.com\\\/?s={search_term_string}\"},\"query-input\":{\"@type\":\"PropertyValueSpecification\",\"valueRequired\":true,\"valueName\":\"search_term_string\"}}],\"inLanguage\":\"fr-FR\"},{\"@type\":\"Organization\",\"@id\":\"https:\\\/\\\/officialeleutheraharbourisland.com\\\/#organization\",\"name\":\"Official Eleuthera Harbour Island\",\"url\":\"https:\\\/\\\/officialeleutheraharbourisland.com\\\/\",\"logo\":{\"@type\":\"ImageObject\",\"inLanguage\":\"fr-FR\",\"@id\":\"https:\\\/\\\/officialeleutheraharbourisland.com\\\/#\\\/schema\\\/logo\\\/image\\\/\",\"url\":\"https:\\\/\\\/officialeleutheraharbourisland.com\\\/wp-content\\\/uploads\\\/2022\\\/03\\\/logo-new-GREY-275.png\",\"contentUrl\":\"https:\\\/\\\/officialeleutheraharbourisland.com\\\/wp-content\\\/uploads\\\/2022\\\/03\\\/logo-new-GREY-275.png\",\"width\":275,\"height\":22,\"caption\":\"Official Eleuthera Harbour Island\"},\"image\":{\"@id\":\"https:\\\/\\\/officialeleutheraharbourisland.com\\\/#\\\/schema\\\/logo\\\/image\\\/\"}}]}<\/script>\n<!-- \/ Yoast SEO Premium plugin. -->","yoast_head_json":{"title":"S\u00e9curit\u00e9 \u00e0 Harbour Island, Bahamas. Guide touristique.","description":"Official Eleuthera Harbour Island votre guide de Harbour Island, vous donne des informations sur la s\u00e9curit\u00e9 \u00e0 Harbour Island, aux Bahamas.","robots":{"index":"index","follow":"follow","max-snippet":"max-snippet:-1","max-image-preview":"max-image-preview:large","max-video-preview":"max-video-preview:-1"},"canonical":"https:\/\/officialeleutheraharbourisland.com\/fr\/harbour-island\/a-propos\/securite\/","og_locale":"fr_FR","og_type":"article","og_title":"S\u00e9curit\u00e9","og_description":"Official Eleuthera Harbour Island votre guide de Harbour Island, vous donne des informations sur la s\u00e9curit\u00e9 \u00e0 Harbour Island, aux Bahamas.","og_url":"https:\/\/officialeleutheraharbourisland.com\/fr\/harbour-island\/a-propos\/securite\/","og_site_name":"Official Eleuthera Harbour Island","article_modified_time":"2023-03-03T16:32:33+00:00","og_image":[{"width":803,"height":466,"url":"https:\/\/officialeleutheraharbourisland.com\/wp-content\/uploads\/2023\/02\/WhatsApp-Image-2023-01-30-at-3.48.00-PM.jpeg","type":"image\/jpeg"}],"twitter_card":"summary_large_image","twitter_misc":{"Dur\u00e9e de lecture estim\u00e9e":"2 minutes"},"schema":{"@context":"https:\/\/schema.org","@graph":[{"@type":"WebPage","@id":"https:\/\/officialeleutheraharbourisland.com\/fr\/harbour-island\/a-propos\/securite\/","url":"https:\/\/officialeleutheraharbourisland.com\/fr\/harbour-island\/a-propos\/securite\/","name":"S\u00e9curit\u00e9 \u00e0 Harbour Island, Bahamas. Guide touristique.","isPartOf":{"@id":"https:\/\/officialeleutheraharbourisland.com\/#website"},"primaryImageOfPage":{"@id":"https:\/\/officialeleutheraharbourisland.com\/fr\/harbour-island\/a-propos\/securite\/#primaryimage"},"image":{"@id":"https:\/\/officialeleutheraharbourisland.com\/fr\/harbour-island\/a-propos\/securite\/#primaryimage"},"thumbnailUrl":"https:\/\/officialeleutheraharbourisland.com\/wp-content\/uploads\/2023\/02\/WhatsApp-Image-2023-01-30-at-3.48.00-PM.jpeg","datePublished":"2023-02-01T14:25:02+00:00","dateModified":"2023-03-03T16:32:33+00:00","description":"Official Eleuthera Harbour Island votre guide de Harbour Island, vous donne des informations sur la s\u00e9curit\u00e9 \u00e0 Harbour Island, aux Bahamas.","breadcrumb":{"@id":"https:\/\/officialeleutheraharbourisland.com\/fr\/harbour-island\/a-propos\/securite\/#breadcrumb"},"inLanguage":"fr-FR","potentialAction":[{"@type":"ReadAction","target":["https:\/\/officialeleutheraharbourisland.com\/fr\/harbour-island\/a-propos\/securite\/"]}]},{"@type":"ImageObject","inLanguage":"fr-FR","@id":"https:\/\/officialeleutheraharbourisland.com\/fr\/harbour-island\/a-propos\/securite\/#primaryimage","url":"https:\/\/officialeleutheraharbourisland.com\/wp-content\/uploads\/2023\/02\/WhatsApp-Image-2023-01-30-at-3.48.00-PM.jpeg","contentUrl":"https:\/\/officialeleutheraharbourisland.com\/wp-content\/uploads\/2023\/02\/WhatsApp-Image-2023-01-30-at-3.48.00-PM.jpeg","width":803,"height":466,"caption":"safety harbour island"},{"@type":"BreadcrumbList","@id":"https:\/\/officialeleutheraharbourisland.com\/fr\/harbour-island\/a-propos\/securite\/#breadcrumb","itemListElement":[{"@type":"ListItem","position":1,"name":"Home","item":"https:\/\/officialeleutheraharbourisland.com\/fr\/"},{"@type":"ListItem","position":2,"name":"HARBOUR ISLAND","item":"https:\/\/officialeleutheraharbourisland.com\/fr\/harbour-island\/"},{"@type":"ListItem","position":3,"name":"\u00c0 propos","item":"https:\/\/officialeleutheraharbourisland.com\/fr\/harbour-island\/a-propos\/"},{"@type":"ListItem","position":4,"name":"S\u00e9curit\u00e9"}]},{"@type":"WebSite","@id":"https:\/\/officialeleutheraharbourisland.com\/#website","url":"https:\/\/officialeleutheraharbourisland.com\/","name":"Official Eleuthera Harbour Island","description":"Where Beauty &amp; Nature Meet","publisher":{"@id":"https:\/\/officialeleutheraharbourisland.com\/#organization"},"potentialAction":[{"@type":"SearchAction","target":{"@type":"EntryPoint","urlTemplate":"https:\/\/officialeleutheraharbourisland.com\/?s={search_term_string}"},"query-input":{"@type":"PropertyValueSpecification","valueRequired":true,"valueName":"search_term_string"}}],"inLanguage":"fr-FR"},{"@type":"Organization","@id":"https:\/\/officialeleutheraharbourisland.com\/#organization","name":"Official Eleuthera Harbour Island","url":"https:\/\/officialeleutheraharbourisland.com\/","logo":{"@type":"ImageObject","inLanguage":"fr-FR","@id":"https:\/\/officialeleutheraharbourisland.com\/#\/schema\/logo\/image\/","url":"https:\/\/officialeleutheraharbourisland.com\/wp-content\/uploads\/2022\/03\/logo-new-GREY-275.png","contentUrl":"https:\/\/officialeleutheraharbourisland.com\/wp-content\/uploads\/2022\/03\/logo-new-GREY-275.png","width":275,"height":22,"caption":"Official Eleuthera Harbour Island"},"image":{"@id":"https:\/\/officialeleutheraharbourisland.com\/#\/schema\/logo\/image\/"}}]}},"jetpack_sharing_enabled":true,"_links":{"self":[{"href":"https:\/\/officialeleutheraharbourisland.com\/fr\/wp-json\/wp\/v2\/pages\/74418","targetHints":{"allow":["GET"]}}],"collection":[{"href":"https:\/\/officialeleutheraharbourisland.com\/fr\/wp-json\/wp\/v2\/pages"}],"about":[{"href":"https:\/\/officialeleutheraharbourisland.com\/fr\/wp-json\/wp\/v2\/types\/page"}],"author":[{"embeddable":true,"href":"https:\/\/officialeleutheraharbourisland.com\/fr\/wp-json\/wp\/v2\/users\/1"}],"replies":[{"embeddable":true,"href":"https:\/\/officialeleutheraharbourisland.com\/fr\/wp-json\/wp\/v2\/comments?post=74418"}],"version-history":[{"count":2,"href":"https:\/\/officialeleutheraharbourisland.com\/fr\/wp-json\/wp\/v2\/pages\/74418\/revisions"}],"predecessor-version":[{"id":74420,"href":"https:\/\/officialeleutheraharbourisland.com\/fr\/wp-json\/wp\/v2\/pages\/74418\/revisions\/74420"}],"up":[{"embeddable":true,"href":"https:\/\/officialeleutheraharbourisland.com\/fr\/wp-json\/wp\/v2\/pages\/64970"}],"wp:featuredmedia":[{"embeddable":true,"href":"https:\/\/officialeleutheraharbourisland.com\/fr\/wp-json\/wp\/v2\/media\/72944"}],"wp:attachment":[{"href":"https:\/\/officialeleutheraharbourisland.com\/fr\/wp-json\/wp\/v2\/media?parent=74418"}],"wp:term":[{"taxonomy":"category","embeddable":true,"href":"https:\/\/officialeleutheraharbourisland.com\/fr\/wp-json\/wp\/v2\/categories?post=74418"},{"taxonomy":"post_tag","embeddable":true,"href":"https:\/\/officialeleutheraharbourisland.com\/fr\/wp-json\/wp\/v2\/tags?post=74418"}],"curies":[{"name":"wp","href":"https:\/\/api.w.org\/{rel}","templated":true}]}}