{"id":74449,"date":"2023-01-23T14:25:02","date_gmt":"2023-01-23T14:25:02","guid":{"rendered":"https:\/\/officialeleutheraharbourisland.com\/harbour-island\/presentation\/wifi\/"},"modified":"2023-03-06T16:23:29","modified_gmt":"2023-03-06T16:23:29","slug":"wifi","status":"publish","type":"page","link":"https:\/\/officialeleutheraharbourisland.com\/fr\/harbour-island\/a-propos\/wifi\/","title":{"rendered":"Wifi \u00e0 Harbour Island"},"content":{"rendered":"<div class=\"wpb-content-wrapper\"><p>[vc_row css=\u00a0\u00bb.vc_custom_1649079224179{padding-bottom: 50px !important;}\u00a0\u00bb][vc_column]<div id=\"ultimate-heading-41169e26fac2b5f2\" class=\"uvc-heading ult-adjust-bottom-margin ultimate-heading-41169e26fac2b5f2 uvc-1137 \" data-hspacer=\"line_only\"  data-halign=\"center\" style=\"text-align:center\"><div class=\"uvc-main-heading ult-responsive\"  data-ultimate-target='.uvc-heading.ultimate-heading-41169e26fac2b5f2 h2'  data-responsive-json-new='{\"font-size\":\"\",\"line-height\":\"\"}' ><h2 style=\"font-weight:normal;margin-bottom:15px;\">Wifi \u00e0 Harbour Island, Bahamas<\/h2><\/div><div class=\"uvc-heading-spacer line_only\" style=\"margin-bottom:15px;height:3px;\"><span class=\"uvc-headings-line\" style=\"border-style:solid;border-bottom-width:3px;border-color:#7ac1ff;width:60px;\"><\/span><\/div><\/div>[\/vc_column][\/vc_row][vc_row][vc_column][vc_column_text]<span style=\"font-weight: 400;\">Pour les voyageurs \u00e0 Harbour Island qui ont besoin de rester connect\u00e9s \u00e0 tout moment, cela ne devrait poser aucun probl\u00e8me. H\u00f4tels, restaurants, locations de vacances proposent un wifi stable et s&rsquo;assurent que,\u00a0 o\u00f9 que vous soyez dans l&rsquo;enceinte de leur \u00e9tablissement, vous pourrez vous connecter \u00e0 un signal fort et stable.<\/span><\/p>\n<p><span style=\"font-weight: 400;\">Le Wi-Fi est g\u00e9n\u00e9ralement gratuit et les \u00e9tablissements de l&rsquo;\u00eele vous donneront volontiers les codes d\u2019acc\u00e8s.\u00a0<\/span><\/p>\n<p><span style=\"font-weight: 400;\">Le seul probl\u00e8me, (c&rsquo;est rare mais cela\u00a0 peut arriver), ce sont les coupures d&rsquo;\u00e9lectricit\u00e9. Lorsque cela se produit, votre wifi sera interrompu m\u00eame si l&rsquo;h\u00f4tel ou la location de vacances dans laquelle vous s\u00e9journez dispose de g\u00e9n\u00e9rateurs.<\/span><\/p>\n<p><span style=\"font-weight: 400;\">Certaines maisons de location de vacances de luxe telles que <a href=\"https:\/\/officialeleutheraharbourisland.com\/listings\/la-palmeraie-villa-1\/\">La Palmeraie Bahamas<\/a> fournissent \u00e0 leurs clients des points d&rsquo;acc\u00e8s afin qu&rsquo;ils restent connect\u00e9s quoi qu&rsquo;il arrive.<\/span><\/p>\n<p><span style=\"font-weight: 400;\">Assurez-vous toujours de poser les questions pertinentes \u00e0 votre h\u00f4tel ou \u00e0 votre agence de location de vacances \u00e0 Harbour Island.<\/span>[\/vc_column_text][vc_separator css=\u00a0\u00bb.vc_custom_1675274926103{margin-top: 30px !important;margin-bottom: 30px !important;}\u00a0\u00bb][vc_row_inner][vc_column_inner width=\u00a0\u00bb1\/4&Prime;][\/vc_column_inner][vc_column_inner width=\u00a0\u00bb1\/2&Prime;][vc_single_image image=\u00a0\u00bb73303&Prime; img_size=\u00a0\u00bbfull\u00a0\u00bb alignment=\u00a0\u00bbcenter\u00a0\u00bb][\/vc_column_inner][vc_column_inner width=\u00a0\u00bb1\/4&Prime;][\/vc_column_inner][\/vc_row_inner][vc_separator css=\u00a0\u00bb.vc_custom_1675274926103{margin-top: 30px !important;margin-bottom: 30px !important;}\u00a0\u00bb][\/vc_column][\/vc_row]<\/p>\n<\/div>","protected":false},"excerpt":{"rendered":"<p>[vc_row css=\u00a0\u00bb.vc_custom_1649079224179{padding-bottom: 50px !important;}\u00a0\u00bb][vc_column][\/vc_column][\/vc_row][vc_row][vc_column][vc_column_text]Pour les voyageurs \u00e0 Harbour Island qui ont besoin de rester connect\u00e9s \u00e0 tout moment, cela ne devrait poser aucun probl\u00e8me. H\u00f4tels, restaurants, locations de vacances proposent un wifi stable et s&rsquo;assurent que,\u00a0 o\u00f9 que vous soyez dans l&rsquo;enceinte de leur \u00e9tablissement, vous pourrez vous connecter \u00e0 un signal fort et stable.&hellip;<\/p>\n","protected":false},"author":1,"featured_media":73304,"parent":64970,"menu_order":0,"comment_status":"closed","ping_status":"closed","template":"","meta":{"footnotes":""},"categories":[],"tags":[1174],"class_list":["post-74449","page","type-page","status-publish","has-post-thumbnail","hentry","tag-about-harbour-island-fr-2","description-off"],"yoast_head":"<!-- This site is optimized with the Yoast SEO Premium plugin v25.2 (Yoast SEO v27.4) - https:\/\/yoast.com\/product\/yoast-seo-premium-wordpress\/ -->\n<title>Wifi \u00e0 Harbour Island, Bahamas. Guide d&#039;informations touristiques.<\/title>\n<meta name=\"description\" content=\"Official Eleuthera Harbour Island votre guide ultime de Harbour Island, partage des informations sur le wifi \u00e0 Harbour Island, aux Bahamas.\" \/>\n<meta name=\"robots\" content=\"index, follow, max-snippet:-1, max-image-preview:large, max-video-preview:-1\" \/>\n<link rel=\"canonical\" href=\"https:\/\/officialeleutheraharbourisland.com\/fr\/harbour-island\/a-propos\/wifi\/\" \/>\n<meta property=\"og:locale\" content=\"fr_FR\" \/>\n<meta property=\"og:type\" content=\"article\" \/>\n<meta property=\"og:title\" content=\"Wifi \u00e0 Harbour Island\" \/>\n<meta property=\"og:description\" content=\"Official Eleuthera Harbour Island votre guide ultime de Harbour Island, partage des informations sur le wifi \u00e0 Harbour Island, aux Bahamas.\" \/>\n<meta property=\"og:url\" content=\"https:\/\/officialeleutheraharbourisland.com\/fr\/harbour-island\/a-propos\/wifi\/\" \/>\n<meta property=\"og:site_name\" content=\"Official Eleuthera Harbour Island\" \/>\n<meta property=\"article:modified_time\" content=\"2023-03-06T16:23:29+00:00\" \/>\n<meta property=\"og:image\" content=\"https:\/\/officialeleutheraharbourisland.com\/wp-content\/uploads\/2023\/02\/stanford-hotel-rooms-header-img-6013013221f23.jpg\" \/>\n\t<meta property=\"og:image:width\" content=\"1000\" \/>\n\t<meta property=\"og:image:height\" content=\"563\" \/>\n\t<meta property=\"og:image:type\" content=\"image\/jpeg\" \/>\n<meta name=\"twitter:card\" content=\"summary_large_image\" \/>\n<meta name=\"twitter:label1\" content=\"Dur\u00e9e de lecture estim\u00e9e\" \/>\n\t<meta name=\"twitter:data1\" content=\"1 minute\" \/>\n<script type=\"application\/ld+json\" class=\"yoast-schema-graph\">{\"@context\":\"https:\\\/\\\/schema.org\",\"@graph\":[{\"@type\":\"WebPage\",\"@id\":\"https:\\\/\\\/officialeleutheraharbourisland.com\\\/fr\\\/harbour-island\\\/a-propos\\\/wifi\\\/\",\"url\":\"https:\\\/\\\/officialeleutheraharbourisland.com\\\/fr\\\/harbour-island\\\/a-propos\\\/wifi\\\/\",\"name\":\"Wifi \u00e0 Harbour Island, Bahamas. Guide d'informations touristiques.\",\"isPartOf\":{\"@id\":\"https:\\\/\\\/officialeleutheraharbourisland.com\\\/#website\"},\"primaryImageOfPage\":{\"@id\":\"https:\\\/\\\/officialeleutheraharbourisland.com\\\/fr\\\/harbour-island\\\/a-propos\\\/wifi\\\/#primaryimage\"},\"image\":{\"@id\":\"https:\\\/\\\/officialeleutheraharbourisland.com\\\/fr\\\/harbour-island\\\/a-propos\\\/wifi\\\/#primaryimage\"},\"thumbnailUrl\":\"https:\\\/\\\/officialeleutheraharbourisland.com\\\/wp-content\\\/uploads\\\/2023\\\/02\\\/stanford-hotel-rooms-header-img-6013013221f23.jpg\",\"datePublished\":\"2023-01-23T14:25:02+00:00\",\"dateModified\":\"2023-03-06T16:23:29+00:00\",\"description\":\"Official Eleuthera Harbour Island votre guide ultime de Harbour Island, partage des informations sur le wifi \u00e0 Harbour Island, aux Bahamas.\",\"breadcrumb\":{\"@id\":\"https:\\\/\\\/officialeleutheraharbourisland.com\\\/fr\\\/harbour-island\\\/a-propos\\\/wifi\\\/#breadcrumb\"},\"inLanguage\":\"fr-FR\",\"potentialAction\":[{\"@type\":\"ReadAction\",\"target\":[\"https:\\\/\\\/officialeleutheraharbourisland.com\\\/fr\\\/harbour-island\\\/a-propos\\\/wifi\\\/\"]}]},{\"@type\":\"ImageObject\",\"inLanguage\":\"fr-FR\",\"@id\":\"https:\\\/\\\/officialeleutheraharbourisland.com\\\/fr\\\/harbour-island\\\/a-propos\\\/wifi\\\/#primaryimage\",\"url\":\"https:\\\/\\\/officialeleutheraharbourisland.com\\\/wp-content\\\/uploads\\\/2023\\\/02\\\/stanford-hotel-rooms-header-img-6013013221f23.jpg\",\"contentUrl\":\"https:\\\/\\\/officialeleutheraharbourisland.com\\\/wp-content\\\/uploads\\\/2023\\\/02\\\/stanford-hotel-rooms-header-img-6013013221f23.jpg\",\"width\":1000,\"height\":563,\"caption\":\"wifi harbour island\"},{\"@type\":\"BreadcrumbList\",\"@id\":\"https:\\\/\\\/officialeleutheraharbourisland.com\\\/fr\\\/harbour-island\\\/a-propos\\\/wifi\\\/#breadcrumb\",\"itemListElement\":[{\"@type\":\"ListItem\",\"position\":1,\"name\":\"Home\",\"item\":\"https:\\\/\\\/officialeleutheraharbourisland.com\\\/fr\\\/\"},{\"@type\":\"ListItem\",\"position\":2,\"name\":\"HARBOUR ISLAND\",\"item\":\"https:\\\/\\\/officialeleutheraharbourisland.com\\\/fr\\\/harbour-island\\\/\"},{\"@type\":\"ListItem\",\"position\":3,\"name\":\"\u00c0 propos\",\"item\":\"https:\\\/\\\/officialeleutheraharbourisland.com\\\/fr\\\/harbour-island\\\/a-propos\\\/\"},{\"@type\":\"ListItem\",\"position\":4,\"name\":\"Wifi \u00e0 Harbour Island\"}]},{\"@type\":\"WebSite\",\"@id\":\"https:\\\/\\\/officialeleutheraharbourisland.com\\\/#website\",\"url\":\"https:\\\/\\\/officialeleutheraharbourisland.com\\\/\",\"name\":\"Official Eleuthera Harbour Island\",\"description\":\"Where Beauty &amp; Nature Meet\",\"publisher\":{\"@id\":\"https:\\\/\\\/officialeleutheraharbourisland.com\\\/#organization\"},\"potentialAction\":[{\"@type\":\"SearchAction\",\"target\":{\"@type\":\"EntryPoint\",\"urlTemplate\":\"https:\\\/\\\/officialeleutheraharbourisland.com\\\/?s={search_term_string}\"},\"query-input\":{\"@type\":\"PropertyValueSpecification\",\"valueRequired\":true,\"valueName\":\"search_term_string\"}}],\"inLanguage\":\"fr-FR\"},{\"@type\":\"Organization\",\"@id\":\"https:\\\/\\\/officialeleutheraharbourisland.com\\\/#organization\",\"name\":\"Official Eleuthera Harbour Island\",\"url\":\"https:\\\/\\\/officialeleutheraharbourisland.com\\\/\",\"logo\":{\"@type\":\"ImageObject\",\"inLanguage\":\"fr-FR\",\"@id\":\"https:\\\/\\\/officialeleutheraharbourisland.com\\\/#\\\/schema\\\/logo\\\/image\\\/\",\"url\":\"https:\\\/\\\/officialeleutheraharbourisland.com\\\/wp-content\\\/uploads\\\/2022\\\/03\\\/logo-new-GREY-275.png\",\"contentUrl\":\"https:\\\/\\\/officialeleutheraharbourisland.com\\\/wp-content\\\/uploads\\\/2022\\\/03\\\/logo-new-GREY-275.png\",\"width\":275,\"height\":22,\"caption\":\"Official Eleuthera Harbour Island\"},\"image\":{\"@id\":\"https:\\\/\\\/officialeleutheraharbourisland.com\\\/#\\\/schema\\\/logo\\\/image\\\/\"}}]}<\/script>\n<!-- \/ Yoast SEO Premium plugin. -->","yoast_head_json":{"title":"Wifi \u00e0 Harbour Island, Bahamas. Guide d'informations touristiques.","description":"Official Eleuthera Harbour Island votre guide ultime de Harbour Island, partage des informations sur le wifi \u00e0 Harbour Island, aux Bahamas.","robots":{"index":"index","follow":"follow","max-snippet":"max-snippet:-1","max-image-preview":"max-image-preview:large","max-video-preview":"max-video-preview:-1"},"canonical":"https:\/\/officialeleutheraharbourisland.com\/fr\/harbour-island\/a-propos\/wifi\/","og_locale":"fr_FR","og_type":"article","og_title":"Wifi \u00e0 Harbour Island","og_description":"Official Eleuthera Harbour Island votre guide ultime de Harbour Island, partage des informations sur le wifi \u00e0 Harbour Island, aux Bahamas.","og_url":"https:\/\/officialeleutheraharbourisland.com\/fr\/harbour-island\/a-propos\/wifi\/","og_site_name":"Official Eleuthera Harbour Island","article_modified_time":"2023-03-06T16:23:29+00:00","og_image":[{"width":1000,"height":563,"url":"https:\/\/officialeleutheraharbourisland.com\/wp-content\/uploads\/2023\/02\/stanford-hotel-rooms-header-img-6013013221f23.jpg","type":"image\/jpeg"}],"twitter_card":"summary_large_image","twitter_misc":{"Dur\u00e9e de lecture estim\u00e9e":"1 minute"},"schema":{"@context":"https:\/\/schema.org","@graph":[{"@type":"WebPage","@id":"https:\/\/officialeleutheraharbourisland.com\/fr\/harbour-island\/a-propos\/wifi\/","url":"https:\/\/officialeleutheraharbourisland.com\/fr\/harbour-island\/a-propos\/wifi\/","name":"Wifi \u00e0 Harbour Island, Bahamas. Guide d'informations touristiques.","isPartOf":{"@id":"https:\/\/officialeleutheraharbourisland.com\/#website"},"primaryImageOfPage":{"@id":"https:\/\/officialeleutheraharbourisland.com\/fr\/harbour-island\/a-propos\/wifi\/#primaryimage"},"image":{"@id":"https:\/\/officialeleutheraharbourisland.com\/fr\/harbour-island\/a-propos\/wifi\/#primaryimage"},"thumbnailUrl":"https:\/\/officialeleutheraharbourisland.com\/wp-content\/uploads\/2023\/02\/stanford-hotel-rooms-header-img-6013013221f23.jpg","datePublished":"2023-01-23T14:25:02+00:00","dateModified":"2023-03-06T16:23:29+00:00","description":"Official Eleuthera Harbour Island votre guide ultime de Harbour Island, partage des informations sur le wifi \u00e0 Harbour Island, aux Bahamas.","breadcrumb":{"@id":"https:\/\/officialeleutheraharbourisland.com\/fr\/harbour-island\/a-propos\/wifi\/#breadcrumb"},"inLanguage":"fr-FR","potentialAction":[{"@type":"ReadAction","target":["https:\/\/officialeleutheraharbourisland.com\/fr\/harbour-island\/a-propos\/wifi\/"]}]},{"@type":"ImageObject","inLanguage":"fr-FR","@id":"https:\/\/officialeleutheraharbourisland.com\/fr\/harbour-island\/a-propos\/wifi\/#primaryimage","url":"https:\/\/officialeleutheraharbourisland.com\/wp-content\/uploads\/2023\/02\/stanford-hotel-rooms-header-img-6013013221f23.jpg","contentUrl":"https:\/\/officialeleutheraharbourisland.com\/wp-content\/uploads\/2023\/02\/stanford-hotel-rooms-header-img-6013013221f23.jpg","width":1000,"height":563,"caption":"wifi harbour island"},{"@type":"BreadcrumbList","@id":"https:\/\/officialeleutheraharbourisland.com\/fr\/harbour-island\/a-propos\/wifi\/#breadcrumb","itemListElement":[{"@type":"ListItem","position":1,"name":"Home","item":"https:\/\/officialeleutheraharbourisland.com\/fr\/"},{"@type":"ListItem","position":2,"name":"HARBOUR ISLAND","item":"https:\/\/officialeleutheraharbourisland.com\/fr\/harbour-island\/"},{"@type":"ListItem","position":3,"name":"\u00c0 propos","item":"https:\/\/officialeleutheraharbourisland.com\/fr\/harbour-island\/a-propos\/"},{"@type":"ListItem","position":4,"name":"Wifi \u00e0 Harbour Island"}]},{"@type":"WebSite","@id":"https:\/\/officialeleutheraharbourisland.com\/#website","url":"https:\/\/officialeleutheraharbourisland.com\/","name":"Official Eleuthera Harbour Island","description":"Where Beauty &amp; Nature Meet","publisher":{"@id":"https:\/\/officialeleutheraharbourisland.com\/#organization"},"potentialAction":[{"@type":"SearchAction","target":{"@type":"EntryPoint","urlTemplate":"https:\/\/officialeleutheraharbourisland.com\/?s={search_term_string}"},"query-input":{"@type":"PropertyValueSpecification","valueRequired":true,"valueName":"search_term_string"}}],"inLanguage":"fr-FR"},{"@type":"Organization","@id":"https:\/\/officialeleutheraharbourisland.com\/#organization","name":"Official Eleuthera Harbour Island","url":"https:\/\/officialeleutheraharbourisland.com\/","logo":{"@type":"ImageObject","inLanguage":"fr-FR","@id":"https:\/\/officialeleutheraharbourisland.com\/#\/schema\/logo\/image\/","url":"https:\/\/officialeleutheraharbourisland.com\/wp-content\/uploads\/2022\/03\/logo-new-GREY-275.png","contentUrl":"https:\/\/officialeleutheraharbourisland.com\/wp-content\/uploads\/2022\/03\/logo-new-GREY-275.png","width":275,"height":22,"caption":"Official Eleuthera Harbour Island"},"image":{"@id":"https:\/\/officialeleutheraharbourisland.com\/#\/schema\/logo\/image\/"}}]}},"jetpack_sharing_enabled":true,"_links":{"self":[{"href":"https:\/\/officialeleutheraharbourisland.com\/fr\/wp-json\/wp\/v2\/pages\/74449","targetHints":{"allow":["GET"]}}],"collection":[{"href":"https:\/\/officialeleutheraharbourisland.com\/fr\/wp-json\/wp\/v2\/pages"}],"about":[{"href":"https:\/\/officialeleutheraharbourisland.com\/fr\/wp-json\/wp\/v2\/types\/page"}],"author":[{"embeddable":true,"href":"https:\/\/officialeleutheraharbourisland.com\/fr\/wp-json\/wp\/v2\/users\/1"}],"replies":[{"embeddable":true,"href":"https:\/\/officialeleutheraharbourisland.com\/fr\/wp-json\/wp\/v2\/comments?post=74449"}],"version-history":[{"count":2,"href":"https:\/\/officialeleutheraharbourisland.com\/fr\/wp-json\/wp\/v2\/pages\/74449\/revisions"}],"predecessor-version":[{"id":74451,"href":"https:\/\/officialeleutheraharbourisland.com\/fr\/wp-json\/wp\/v2\/pages\/74449\/revisions\/74451"}],"up":[{"embeddable":true,"href":"https:\/\/officialeleutheraharbourisland.com\/fr\/wp-json\/wp\/v2\/pages\/64970"}],"wp:featuredmedia":[{"embeddable":true,"href":"https:\/\/officialeleutheraharbourisland.com\/fr\/wp-json\/wp\/v2\/media\/73304"}],"wp:attachment":[{"href":"https:\/\/officialeleutheraharbourisland.com\/fr\/wp-json\/wp\/v2\/media?parent=74449"}],"wp:term":[{"taxonomy":"category","embeddable":true,"href":"https:\/\/officialeleutheraharbourisland.com\/fr\/wp-json\/wp\/v2\/categories?post=74449"},{"taxonomy":"post_tag","embeddable":true,"href":"https:\/\/officialeleutheraharbourisland.com\/fr\/wp-json\/wp\/v2\/tags?post=74449"}],"curies":[{"name":"wp","href":"https:\/\/api.w.org\/{rel}","templated":true}]}}