{"id":74458,"date":"2023-01-20T14:25:02","date_gmt":"2023-01-20T14:25:02","guid":{"rendered":"https:\/\/officialeleutheraharbourisland.com\/harbour-island\/presentation\/miscellaneous\/"},"modified":"2023-03-06T18:47:19","modified_gmt":"2023-03-06T18:47:19","slug":"informations-diverses","status":"publish","type":"page","link":"https:\/\/officialeleutheraharbourisland.com\/fr\/harbour-island\/a-propos\/informations-diverses\/","title":{"rendered":"Informations diverses"},"content":{"rendered":"<div class=\"wpb-content-wrapper\"><p>[vc_row css=\u00a0\u00bb.vc_custom_1649079224179{padding-bottom: 50px !important;}\u00a0\u00bb][vc_column]<div id=\"ultimate-heading-505969e26facbfda8\" class=\"uvc-heading ult-adjust-bottom-margin ultimate-heading-505969e26facbfda8 uvc-306 \" data-hspacer=\"line_only\"  data-halign=\"center\" style=\"text-align:center\"><div class=\"uvc-main-heading ult-responsive\"  data-ultimate-target='.uvc-heading.ultimate-heading-505969e26facbfda8 h2'  data-responsive-json-new='{\"font-size\":\"\",\"line-height\":\"\"}' ><h2 style=\"font-weight:normal;margin-bottom:15px;\">Informations diverses sur Harbour Island, Bahamas<\/h2><\/div><div class=\"uvc-heading-spacer line_only\" style=\"margin-bottom:15px;height:3px;\"><span class=\"uvc-headings-line\" style=\"border-style:solid;border-bottom-width:3px;border-color:#7ac1ff;width:60px;\"><\/span><\/div><\/div>[\/vc_column][\/vc_row][vc_row][vc_column][vc_column_text]<span style=\"font-weight: 400;\">Harbour Island, ou \u00ab\u00a0Briland\u00a0\u00bb pour ses r\u00e9sidents, est l&rsquo;une des plus belles \u00eeles des Bahamas et a \u00e9t\u00e9 nomm\u00e9e \u00ab\u00a0Meilleure \u00eele des Cara\u00efbes\u00a0\u00bb par Fodors et Conde Nast. Cette \u00eele riche est l&rsquo;une des plus anciennes colonies des Bahamas et a r\u00e9ussi \u00e0 conserver une grande partie de son charme d&rsquo;antan. Le style de vie de Bahamas Harbour Island est tr\u00e8s d\u00e9contract\u00e9 m\u00eame s&rsquo;il s&rsquo;agit de l&rsquo;une des \u00eeles les plus exclusives des Bahamas.<\/span><\/p>\n<p><span style=\"font-weight: 400;\">Il n&rsquo;y a pas de casinos, de gratte-ciel de luxe ou d&rsquo;h\u00f4tels de cha\u00eene sur l&rsquo;\u00eele, mais vous trouverez un grand choix d&rsquo;h\u00f4tels de premier ordre et de locations de maisons de vacances. Ces villas incroyables sont souvent r\u00e9serv\u00e9es par des c\u00e9l\u00e9brit\u00e9s et des m\u00e9ga-riches qui appr\u00e9cient le style de vie sans pr\u00e9tention de Harbour Island et le traitement simple et sans privil\u00e8ge particulier qu&rsquo;ils re\u00e7oivent des habitants.<\/span>[\/vc_column_text][vc_separator css=\u00a0\u00bb.vc_custom_1675274926103{margin-top: 30px !important;margin-bottom: 30px !important;}\u00a0\u00bb][vc_row_inner][vc_column_inner width=\u00a0\u00bb1\/3&Prime;][vc_single_image image=\u00a0\u00bb72981&Prime; img_size=\u00a0\u00bbfull\u00a0\u00bb alignment=\u00a0\u00bbcenter\u00a0\u00bb][\/vc_column_inner][vc_column_inner width=\u00a0\u00bb1\/3&Prime;][vc_single_image image=\u00a0\u00bb72985&Prime; img_size=\u00a0\u00bbfull\u00a0\u00bb alignment=\u00a0\u00bbcenter\u00a0\u00bb][\/vc_column_inner][vc_column_inner width=\u00a0\u00bb1\/3&Prime;][vc_single_image image=\u00a0\u00bb72977&Prime; img_size=\u00a0\u00bbfull\u00a0\u00bb alignment=\u00a0\u00bbcenter\u00a0\u00bb][\/vc_column_inner][\/vc_row_inner][vc_separator css=\u00a0\u00bb.vc_custom_1675274926103{margin-top: 30px !important;margin-bottom: 30px !important;}\u00a0\u00bb][vc_column_text]<span style=\"font-weight: 400;\"><strong>Les habitants<\/strong><br \/>\n<\/span>Les habitants de Harbour Island sont les plus gentils de tous, ils sont l\u00e0 pour vous faire plaisir et sont tr\u00e8s sympathiques. Leur sourire est contagieux et vous apportera une sensation de bien-\u00eatre. Vous reviendrez certainement juste pour profiter du sentiment d&rsquo;\u00eatre si bienvenu \u00e0 Harbour Island. Tous les Bahamiens ne sont pas cr\u00e9\u00e9s \u00e9gaux, les habitants de Brilland sont tout simplement les meilleurs.<\/p>\n<p><span style=\"font-weight: 400;\"><strong>Langue<\/strong><br \/>\n<\/span><span style=\"font-weight: 400;\">Les habitants parlent anglais m\u00eame si l&rsquo;accent est l\u00e9g\u00e8rement diff\u00e9rent de l&rsquo;accent am\u00e9ricain ou britannique<\/span><\/p>\n<p><span style=\"font-weight: 400;\"><strong>T\u00e9l\u00e9phone\u00a0<\/strong><br \/>\n<\/span><span style=\"font-weight: 400;\">Il n&rsquo;est pas n\u00e9cessaire de composer un indicatif de pays pour passer des appels entre les \u00c9tats-Unis et les Bahamas. L&rsquo;indicatif r\u00e9gional de Harbour Island est le 242, vous pouvez donc simplement composer le 1 + 242 + le num\u00e9ro \u00e0 sept chiffres. Le signal du t\u00e9l\u00e9phone portable est acceptable mais plus faible qu&rsquo;aux \u00c9tats-Unis. Votre batterie cellulaire meurt beaucoup plus rapidement qu&rsquo;aux \u00c9tats-Unis. Assurez-vous que votre abonnement mensuel de t\u00e9l\u00e9phone portable n&rsquo;a pas de frais d&rsquo;itin\u00e9rance aux Bahamas, sinon vous pourriez avoir une mauvaise surprise chez vous.<\/span><\/p>\n<p><span style=\"font-weight: 400;\"><strong>Devise<\/strong><br \/>\n<\/span><span style=\"font-weight: 400;\">Le dollar am\u00e9ricain s&rsquo;\u00e9change \u00e0 parts \u00e9gales avec le dollar des Bahamas. La plupart des entreprises de Harbour Island acceptent le dollar am\u00e9ricain et les principales cartes de cr\u00e9dit. De nombreux marchands ambulants n&rsquo;acceptent que les esp\u00e8ces. Si vous pr\u00e9f\u00e9rez recevoir votre monnaie en USD, veuillez simplement\u00a0 l&rsquo;indiquer au caissier qui fera le n\u00e9cessaire.<\/span><\/p>\n<p><span style=\"font-weight: 400;\"><strong>Fuseau horaire<\/strong><br \/>\n<\/span>Harbour Island Bahamas est dans le m\u00eame fuseau horaire que l&rsquo;Est des Etats-Unis.<\/p>\n<p><span style=\"font-weight: 400;\"><strong>\u00c9lectricit\u00e9\u00a0<\/strong><br \/>\n<\/span><span style=\"font-weight: 400;\">110 Volts, compatible avec les \u00c9tats-Unis, ce qui signifie que les convertisseurs ne sont pas n\u00e9cessaires.<\/span><\/p>\n<p><span style=\"font-weight: 400;\"><strong>Taxes et pourboires<\/strong><br \/>\n<\/span><span style=\"font-weight: 400;\">Les restaurants ajoutent une taxe gouvernementale et de vill\u00e9giature de 10\u00a0% aux factures et un pourboire suppl\u00e9mentaire de 15\u00a0% \u00e0 20\u00a0% est d\u2019usage.<\/span><\/p>\n<p><span style=\"font-weight: 400;\"><strong>Bi\u00e8re, alcool et eau<\/strong><br \/>\n<\/span><span style=\"font-weight: 400;\">L&rsquo;eau sur l&rsquo;\u00eele est potable, mais la plupart des gens pr\u00e9f\u00e8rent l&rsquo;eau en bouteille. L&rsquo;\u00e2ge l\u00e9gal pour boire aux Bahamas est de 18 ans. La bi\u00e8re locale est Kalik qui, comme toutes les bi\u00e8res, est tr\u00e8s ch\u00e8re sur l&rsquo;\u00eele et co\u00fbte environ 40 $ la caisse de 24 bi\u00e8res. Vous pouvez\u00a0 acheter la plupart des grandes marques d&rsquo;alcool \u00e0 un prix beaucoup plus raisonnable que le co\u00fbt de la bi\u00e8re.<\/span><\/p>\n<p><span style=\"font-weight: 400;\"><strong>Cigares Cubains<\/strong><br \/>\n<\/span><span style=\"font-weight: 400;\">Les cigares cubains sont l\u00e9gaux aux Bahamas. La majorit\u00e9 des cigares cubains aux Bahamas sont des contrefa\u00e7ons, alors achetez-les uniquement aupr\u00e8s de buralistes r\u00e9put\u00e9s.<\/span><\/p>\n<p><span style=\"font-weight: 400;\"><strong>Ne vous habillez pas de mani\u00e8re ind\u00e9cente<\/strong><br \/>\n<\/span><span style=\"font-weight: 400;\">N&rsquo;offensez pas les habitants en vous habillant de mani\u00e8re ind\u00e9cente. Les Brilanders, comme tous les Bahamiens, sont des gens tr\u00e8s pudiques et sont facilement offens\u00e9s par une tenue vestimentaire inappropri\u00e9e. Contrairement \u00e0 des endroits comme Miami Beach, en Floride, vous ne trouverez personne\u00a0 sur Harbour Island qui se prom\u00e8ne en ville en portant juste un maillot de bain.<\/span><\/p>\n<p><span style=\"font-weight: 400;\"><strong>Golf Cart Etiquette<\/strong><br \/>\n<\/span><span style=\"font-weight: 400;\">Presque tout le monde sur Harbour Island\u00a0 circule sur\u00a0 l&rsquo;\u00eele en voiturette de golf. Un signe de la main, un hochement de t\u00eate ou un simple bonjour au passage d&rsquo;une autre voiturette de golf\u00a0 marque une diff\u00e9rence entre les locaux ou les initi\u00e9s,\u00a0 et les touristes . Pour votre s\u00e9curit\u00e9, il est important que vous utilisiez les bons signaux manuels lorsque vous effectuez des virages.<\/span><\/p>\n<p><span style=\"font-weight: 400;\"><strong>Enmener votre chien<\/strong><br \/>\n<\/span>Il semble que tout le monde \u00e0 Harbour Island a un chien,\u00a0 et qu&rsquo;ils l\u2019emm\u00e8nent partout avec eux ! Si vous pensez que votre chien aimera circuler\u00a0 avec vous en voiturette de golf, s&rsquo;asseoir \u00e0 c\u00f4t\u00e9 de vous dans un caf\u00e9 local ou courir librement le long de la plage, ne le laissez pas derri\u00e8re vous. Il n&rsquo;y a pas de quarantaine pour animaux de compagnie aux Bahamas. Tout ce dont vous avez besoin est un certificat v\u00e9t\u00e9rinaire et un permis d&rsquo;importation que vous pouvez obtenir en ligne sur <a href=\"http:\/\/www.bahamas.com\/\">www.bahamas.com<\/a> , avec en sus\u00a0 des frais de 10 $.[\/vc_column_text][vc_separator css=\u00a0\u00bb.vc_custom_1675274926103{margin-top: 30px !important;margin-bottom: 30px !important;}\u00a0\u00bb][\/vc_column][\/vc_row]<\/p>\n<\/div>","protected":false},"excerpt":{"rendered":"<p>[vc_row css=\u00a0\u00bb.vc_custom_1649079224179{padding-bottom: 50px !important;}\u00a0\u00bb][vc_column][\/vc_column][\/vc_row][vc_row][vc_column][vc_column_text]Harbour Island, ou \u00ab\u00a0Briland\u00a0\u00bb pour ses r\u00e9sidents, est l&rsquo;une des plus belles \u00eeles des Bahamas et a \u00e9t\u00e9 nomm\u00e9e \u00ab\u00a0Meilleure \u00eele des Cara\u00efbes\u00a0\u00bb par Fodors et Conde Nast. Cette \u00eele riche est l&rsquo;une des plus anciennes colonies des Bahamas et a r\u00e9ussi \u00e0 conserver une grande partie de son charme d&rsquo;antan. Le&hellip;<\/p>\n","protected":false},"author":1,"featured_media":72986,"parent":64970,"menu_order":0,"comment_status":"closed","ping_status":"closed","template":"","meta":{"footnotes":""},"categories":[],"tags":[1174],"class_list":["post-74458","page","type-page","status-publish","has-post-thumbnail","hentry","tag-about-harbour-island-fr-2","description-off"],"yoast_head":"<!-- This site is optimized with the Yoast SEO Premium plugin v25.2 (Yoast SEO v27.4) - https:\/\/yoast.com\/product\/yoast-seo-premium-wordpress\/ -->\n<title>Informations diverses sur Harbour Island, Bahamas.<\/title>\n<meta name=\"description\" content=\"Official Eleuthera Harbour Island votre guide ultime de Harbour Island, vous donne diverses informations sur Harbour Island, Bahamas.\" \/>\n<meta name=\"robots\" content=\"index, follow, max-snippet:-1, max-image-preview:large, max-video-preview:-1\" \/>\n<link rel=\"canonical\" href=\"https:\/\/officialeleutheraharbourisland.com\/fr\/harbour-island\/a-propos\/informations-diverses\/\" \/>\n<meta property=\"og:locale\" content=\"fr_FR\" \/>\n<meta property=\"og:type\" content=\"article\" \/>\n<meta property=\"og:title\" content=\"Informations diverses\" \/>\n<meta property=\"og:description\" content=\"Official Eleuthera Harbour Island votre guide ultime de Harbour Island, vous donne diverses informations sur Harbour Island, Bahamas.\" \/>\n<meta property=\"og:url\" content=\"https:\/\/officialeleutheraharbourisland.com\/fr\/harbour-island\/a-propos\/informations-diverses\/\" \/>\n<meta property=\"og:site_name\" content=\"Official Eleuthera Harbour Island\" \/>\n<meta property=\"article:modified_time\" content=\"2023-03-06T18:47:19+00:00\" \/>\n<meta property=\"og:image\" content=\"https:\/\/officialeleutheraharbourisland.com\/wp-content\/uploads\/2023\/02\/WhatsApp-Image-2023-01-30-at-4.26.25-PM.jpeg\" \/>\n\t<meta property=\"og:image:width\" content=\"800\" \/>\n\t<meta property=\"og:image:height\" content=\"800\" \/>\n\t<meta property=\"og:image:type\" content=\"image\/jpeg\" \/>\n<meta name=\"twitter:card\" content=\"summary_large_image\" \/>\n<meta name=\"twitter:label1\" content=\"Dur\u00e9e de lecture estim\u00e9e\" \/>\n\t<meta name=\"twitter:data1\" content=\"5 minutes\" \/>\n<script type=\"application\/ld+json\" class=\"yoast-schema-graph\">{\"@context\":\"https:\\\/\\\/schema.org\",\"@graph\":[{\"@type\":\"WebPage\",\"@id\":\"https:\\\/\\\/officialeleutheraharbourisland.com\\\/fr\\\/harbour-island\\\/a-propos\\\/informations-diverses\\\/\",\"url\":\"https:\\\/\\\/officialeleutheraharbourisland.com\\\/fr\\\/harbour-island\\\/a-propos\\\/informations-diverses\\\/\",\"name\":\"Informations diverses sur Harbour Island, Bahamas.\",\"isPartOf\":{\"@id\":\"https:\\\/\\\/officialeleutheraharbourisland.com\\\/#website\"},\"primaryImageOfPage\":{\"@id\":\"https:\\\/\\\/officialeleutheraharbourisland.com\\\/fr\\\/harbour-island\\\/a-propos\\\/informations-diverses\\\/#primaryimage\"},\"image\":{\"@id\":\"https:\\\/\\\/officialeleutheraharbourisland.com\\\/fr\\\/harbour-island\\\/a-propos\\\/informations-diverses\\\/#primaryimage\"},\"thumbnailUrl\":\"https:\\\/\\\/officialeleutheraharbourisland.com\\\/wp-content\\\/uploads\\\/2023\\\/02\\\/WhatsApp-Image-2023-01-30-at-4.26.25-PM.jpeg\",\"datePublished\":\"2023-01-20T14:25:02+00:00\",\"dateModified\":\"2023-03-06T18:47:19+00:00\",\"description\":\"Official Eleuthera Harbour Island votre guide ultime de Harbour Island, vous donne diverses informations sur Harbour Island, Bahamas.\",\"breadcrumb\":{\"@id\":\"https:\\\/\\\/officialeleutheraharbourisland.com\\\/fr\\\/harbour-island\\\/a-propos\\\/informations-diverses\\\/#breadcrumb\"},\"inLanguage\":\"fr-FR\",\"potentialAction\":[{\"@type\":\"ReadAction\",\"target\":[\"https:\\\/\\\/officialeleutheraharbourisland.com\\\/fr\\\/harbour-island\\\/a-propos\\\/informations-diverses\\\/\"]}]},{\"@type\":\"ImageObject\",\"inLanguage\":\"fr-FR\",\"@id\":\"https:\\\/\\\/officialeleutheraharbourisland.com\\\/fr\\\/harbour-island\\\/a-propos\\\/informations-diverses\\\/#primaryimage\",\"url\":\"https:\\\/\\\/officialeleutheraharbourisland.com\\\/wp-content\\\/uploads\\\/2023\\\/02\\\/WhatsApp-Image-2023-01-30-at-4.26.25-PM.jpeg\",\"contentUrl\":\"https:\\\/\\\/officialeleutheraharbourisland.com\\\/wp-content\\\/uploads\\\/2023\\\/02\\\/WhatsApp-Image-2023-01-30-at-4.26.25-PM.jpeg\",\"width\":800,\"height\":800,\"caption\":\"miscellaneous information\"},{\"@type\":\"BreadcrumbList\",\"@id\":\"https:\\\/\\\/officialeleutheraharbourisland.com\\\/fr\\\/harbour-island\\\/a-propos\\\/informations-diverses\\\/#breadcrumb\",\"itemListElement\":[{\"@type\":\"ListItem\",\"position\":1,\"name\":\"Home\",\"item\":\"https:\\\/\\\/officialeleutheraharbourisland.com\\\/fr\\\/\"},{\"@type\":\"ListItem\",\"position\":2,\"name\":\"HARBOUR ISLAND\",\"item\":\"https:\\\/\\\/officialeleutheraharbourisland.com\\\/fr\\\/harbour-island\\\/\"},{\"@type\":\"ListItem\",\"position\":3,\"name\":\"\u00c0 propos\",\"item\":\"https:\\\/\\\/officialeleutheraharbourisland.com\\\/fr\\\/harbour-island\\\/a-propos\\\/\"},{\"@type\":\"ListItem\",\"position\":4,\"name\":\"Informations diverses\"}]},{\"@type\":\"WebSite\",\"@id\":\"https:\\\/\\\/officialeleutheraharbourisland.com\\\/#website\",\"url\":\"https:\\\/\\\/officialeleutheraharbourisland.com\\\/\",\"name\":\"Official Eleuthera Harbour Island\",\"description\":\"Where Beauty &amp; Nature Meet\",\"publisher\":{\"@id\":\"https:\\\/\\\/officialeleutheraharbourisland.com\\\/#organization\"},\"potentialAction\":[{\"@type\":\"SearchAction\",\"target\":{\"@type\":\"EntryPoint\",\"urlTemplate\":\"https:\\\/\\\/officialeleutheraharbourisland.com\\\/?s={search_term_string}\"},\"query-input\":{\"@type\":\"PropertyValueSpecification\",\"valueRequired\":true,\"valueName\":\"search_term_string\"}}],\"inLanguage\":\"fr-FR\"},{\"@type\":\"Organization\",\"@id\":\"https:\\\/\\\/officialeleutheraharbourisland.com\\\/#organization\",\"name\":\"Official Eleuthera Harbour Island\",\"url\":\"https:\\\/\\\/officialeleutheraharbourisland.com\\\/\",\"logo\":{\"@type\":\"ImageObject\",\"inLanguage\":\"fr-FR\",\"@id\":\"https:\\\/\\\/officialeleutheraharbourisland.com\\\/#\\\/schema\\\/logo\\\/image\\\/\",\"url\":\"https:\\\/\\\/officialeleutheraharbourisland.com\\\/wp-content\\\/uploads\\\/2022\\\/03\\\/logo-new-GREY-275.png\",\"contentUrl\":\"https:\\\/\\\/officialeleutheraharbourisland.com\\\/wp-content\\\/uploads\\\/2022\\\/03\\\/logo-new-GREY-275.png\",\"width\":275,\"height\":22,\"caption\":\"Official Eleuthera Harbour Island\"},\"image\":{\"@id\":\"https:\\\/\\\/officialeleutheraharbourisland.com\\\/#\\\/schema\\\/logo\\\/image\\\/\"}}]}<\/script>\n<!-- \/ Yoast SEO Premium plugin. -->","yoast_head_json":{"title":"Informations diverses sur Harbour Island, Bahamas.","description":"Official Eleuthera Harbour Island votre guide ultime de Harbour Island, vous donne diverses informations sur Harbour Island, Bahamas.","robots":{"index":"index","follow":"follow","max-snippet":"max-snippet:-1","max-image-preview":"max-image-preview:large","max-video-preview":"max-video-preview:-1"},"canonical":"https:\/\/officialeleutheraharbourisland.com\/fr\/harbour-island\/a-propos\/informations-diverses\/","og_locale":"fr_FR","og_type":"article","og_title":"Informations diverses","og_description":"Official Eleuthera Harbour Island votre guide ultime de Harbour Island, vous donne diverses informations sur Harbour Island, Bahamas.","og_url":"https:\/\/officialeleutheraharbourisland.com\/fr\/harbour-island\/a-propos\/informations-diverses\/","og_site_name":"Official Eleuthera Harbour Island","article_modified_time":"2023-03-06T18:47:19+00:00","og_image":[{"width":800,"height":800,"url":"https:\/\/officialeleutheraharbourisland.com\/wp-content\/uploads\/2023\/02\/WhatsApp-Image-2023-01-30-at-4.26.25-PM.jpeg","type":"image\/jpeg"}],"twitter_card":"summary_large_image","twitter_misc":{"Dur\u00e9e de lecture estim\u00e9e":"5 minutes"},"schema":{"@context":"https:\/\/schema.org","@graph":[{"@type":"WebPage","@id":"https:\/\/officialeleutheraharbourisland.com\/fr\/harbour-island\/a-propos\/informations-diverses\/","url":"https:\/\/officialeleutheraharbourisland.com\/fr\/harbour-island\/a-propos\/informations-diverses\/","name":"Informations diverses sur Harbour Island, Bahamas.","isPartOf":{"@id":"https:\/\/officialeleutheraharbourisland.com\/#website"},"primaryImageOfPage":{"@id":"https:\/\/officialeleutheraharbourisland.com\/fr\/harbour-island\/a-propos\/informations-diverses\/#primaryimage"},"image":{"@id":"https:\/\/officialeleutheraharbourisland.com\/fr\/harbour-island\/a-propos\/informations-diverses\/#primaryimage"},"thumbnailUrl":"https:\/\/officialeleutheraharbourisland.com\/wp-content\/uploads\/2023\/02\/WhatsApp-Image-2023-01-30-at-4.26.25-PM.jpeg","datePublished":"2023-01-20T14:25:02+00:00","dateModified":"2023-03-06T18:47:19+00:00","description":"Official Eleuthera Harbour Island votre guide ultime de Harbour Island, vous donne diverses informations sur Harbour Island, Bahamas.","breadcrumb":{"@id":"https:\/\/officialeleutheraharbourisland.com\/fr\/harbour-island\/a-propos\/informations-diverses\/#breadcrumb"},"inLanguage":"fr-FR","potentialAction":[{"@type":"ReadAction","target":["https:\/\/officialeleutheraharbourisland.com\/fr\/harbour-island\/a-propos\/informations-diverses\/"]}]},{"@type":"ImageObject","inLanguage":"fr-FR","@id":"https:\/\/officialeleutheraharbourisland.com\/fr\/harbour-island\/a-propos\/informations-diverses\/#primaryimage","url":"https:\/\/officialeleutheraharbourisland.com\/wp-content\/uploads\/2023\/02\/WhatsApp-Image-2023-01-30-at-4.26.25-PM.jpeg","contentUrl":"https:\/\/officialeleutheraharbourisland.com\/wp-content\/uploads\/2023\/02\/WhatsApp-Image-2023-01-30-at-4.26.25-PM.jpeg","width":800,"height":800,"caption":"miscellaneous information"},{"@type":"BreadcrumbList","@id":"https:\/\/officialeleutheraharbourisland.com\/fr\/harbour-island\/a-propos\/informations-diverses\/#breadcrumb","itemListElement":[{"@type":"ListItem","position":1,"name":"Home","item":"https:\/\/officialeleutheraharbourisland.com\/fr\/"},{"@type":"ListItem","position":2,"name":"HARBOUR ISLAND","item":"https:\/\/officialeleutheraharbourisland.com\/fr\/harbour-island\/"},{"@type":"ListItem","position":3,"name":"\u00c0 propos","item":"https:\/\/officialeleutheraharbourisland.com\/fr\/harbour-island\/a-propos\/"},{"@type":"ListItem","position":4,"name":"Informations diverses"}]},{"@type":"WebSite","@id":"https:\/\/officialeleutheraharbourisland.com\/#website","url":"https:\/\/officialeleutheraharbourisland.com\/","name":"Official Eleuthera Harbour Island","description":"Where Beauty &amp; Nature Meet","publisher":{"@id":"https:\/\/officialeleutheraharbourisland.com\/#organization"},"potentialAction":[{"@type":"SearchAction","target":{"@type":"EntryPoint","urlTemplate":"https:\/\/officialeleutheraharbourisland.com\/?s={search_term_string}"},"query-input":{"@type":"PropertyValueSpecification","valueRequired":true,"valueName":"search_term_string"}}],"inLanguage":"fr-FR"},{"@type":"Organization","@id":"https:\/\/officialeleutheraharbourisland.com\/#organization","name":"Official Eleuthera Harbour Island","url":"https:\/\/officialeleutheraharbourisland.com\/","logo":{"@type":"ImageObject","inLanguage":"fr-FR","@id":"https:\/\/officialeleutheraharbourisland.com\/#\/schema\/logo\/image\/","url":"https:\/\/officialeleutheraharbourisland.com\/wp-content\/uploads\/2022\/03\/logo-new-GREY-275.png","contentUrl":"https:\/\/officialeleutheraharbourisland.com\/wp-content\/uploads\/2022\/03\/logo-new-GREY-275.png","width":275,"height":22,"caption":"Official Eleuthera Harbour Island"},"image":{"@id":"https:\/\/officialeleutheraharbourisland.com\/#\/schema\/logo\/image\/"}}]}},"jetpack_sharing_enabled":true,"_links":{"self":[{"href":"https:\/\/officialeleutheraharbourisland.com\/fr\/wp-json\/wp\/v2\/pages\/74458","targetHints":{"allow":["GET"]}}],"collection":[{"href":"https:\/\/officialeleutheraharbourisland.com\/fr\/wp-json\/wp\/v2\/pages"}],"about":[{"href":"https:\/\/officialeleutheraharbourisland.com\/fr\/wp-json\/wp\/v2\/types\/page"}],"author":[{"embeddable":true,"href":"https:\/\/officialeleutheraharbourisland.com\/fr\/wp-json\/wp\/v2\/users\/1"}],"replies":[{"embeddable":true,"href":"https:\/\/officialeleutheraharbourisland.com\/fr\/wp-json\/wp\/v2\/comments?post=74458"}],"version-history":[{"count":2,"href":"https:\/\/officialeleutheraharbourisland.com\/fr\/wp-json\/wp\/v2\/pages\/74458\/revisions"}],"predecessor-version":[{"id":74460,"href":"https:\/\/officialeleutheraharbourisland.com\/fr\/wp-json\/wp\/v2\/pages\/74458\/revisions\/74460"}],"up":[{"embeddable":true,"href":"https:\/\/officialeleutheraharbourisland.com\/fr\/wp-json\/wp\/v2\/pages\/64970"}],"wp:featuredmedia":[{"embeddable":true,"href":"https:\/\/officialeleutheraharbourisland.com\/fr\/wp-json\/wp\/v2\/media\/72986"}],"wp:attachment":[{"href":"https:\/\/officialeleutheraharbourisland.com\/fr\/wp-json\/wp\/v2\/media?parent=74458"}],"wp:term":[{"taxonomy":"category","embeddable":true,"href":"https:\/\/officialeleutheraharbourisland.com\/fr\/wp-json\/wp\/v2\/categories?post=74458"},{"taxonomy":"post_tag","embeddable":true,"href":"https:\/\/officialeleutheraharbourisland.com\/fr\/wp-json\/wp\/v2\/tags?post=74458"}],"curies":[{"name":"wp","href":"https:\/\/api.w.org\/{rel}","templated":true}]}}