{"id":74533,"date":"2022-04-04T11:37:39","date_gmt":"2022-04-04T11:37:39","guid":{"rendered":"https:\/\/officialeleutheraharbourisland.com\/harbour-island\/se-deplacer\/renting-golf-carts\/"},"modified":"2023-03-08T21:10:41","modified_gmt":"2023-03-08T21:10:41","slug":"louer-une-voiturette-de-golf","status":"publish","type":"page","link":"https:\/\/officialeleutheraharbourisland.com\/fr\/harbour-island\/se-deplacer\/louer-une-voiturette-de-golf\/","title":{"rendered":"Louer une voiturette de golf"},"content":{"rendered":"<div class=\"wpb-content-wrapper\"><p>[vc_row css=\u00a0\u00bb.vc_custom_1649079224179{padding-bottom: 50px !important;}\u00a0\u00bb][vc_column]<div id=\"ultimate-heading-408669de6b42e2f70\" class=\"uvc-heading ult-adjust-bottom-margin ultimate-heading-408669de6b42e2f70 uvc-7260 \" data-hspacer=\"line_only\"  data-halign=\"center\" style=\"text-align:center\"><div class=\"uvc-main-heading ult-responsive\"  data-ultimate-target='.uvc-heading.ultimate-heading-408669de6b42e2f70 h2'  data-responsive-json-new='{\"font-size\":\"\",\"line-height\":\"\"}' ><h2 style=\"font-weight:normal;margin-bottom:15px;\">Louer une voiturette de golf \u00e0 Harbour Island, Bahamas.<\/h2><\/div><div class=\"uvc-heading-spacer line_only\" style=\"margin-bottom:15px;height:3px;\"><span class=\"uvc-headings-line\" style=\"border-style:solid;border-bottom-width:3px;border-color:#7ac1ff;width:60px;\"><\/span><\/div><\/div>[\/vc_column][\/vc_row][vc_row][vc_column][vc_column_text]<span style=\"font-weight: 400;\">Les voiturettes de golf sont le meilleur moyen de transport sur l&rsquo;\u00eele et rendront vos\u00a0 vacances \u00e0 Harbour Island encore plus\u00a0 amusantes. Presque tout le monde sur l&rsquo;\u00eele roule en voiturette de golf : les habitants, les r\u00e9sidents \u00e0 temps partiel ou les visiteurs.<\/span><\/p>\n<p><span style=\"font-weight: 400;\">L\u2019utilisation de\u00a0 limousines de luxe destin\u00e9es \u00e0 transporter des VIP, des magnats ou des c\u00e9l\u00e9brit\u00e9s ne fait\u00a0 pas partie des habitudes sur l\u2019\u00eele, bien au contraire. Attendez-vous plut\u00f4t \u00e0 croiser en toute simplicit\u00e9\u00a0 Elle MacPherson, Jennifer Aniston ou toute autre star au volant d&rsquo; une voiturette de golf .<\/span><\/p>\n<p><span style=\"font-weight: 400;\">Pendant la haute saison (fin novembre \u00e0 fin avril), nous vous sugg\u00e9rons de r\u00e9server votre voiturette de golf \u00e0 l&rsquo;avance, l&rsquo;\u00eele est extr\u00eamement fr\u00e9quent\u00e9e et trouver une voiturette de golf en location peut \u00eatre difficile.<\/span><\/p>\n<p><span style=\"font-weight: 400;\">Les voiturettes de golf sont disponibles en diff\u00e9rentes tailles pour 2, 4 et 6 personnes. Certains sont \u00e9lectriques et d&rsquo;autres \u00e0 essence. Les visiteurs peuvent r\u00e9cup\u00e9rer leurs voiturettes de golf \u00e0 l&rsquo;agence de location mais elles peuvent \u00e9galement \u00eatre livr\u00e9es sur leur\u00a0 lieu de s\u00e9jour, et \u00a0 c&rsquo;est un service gratuit.<\/span><\/p>\n<p><span style=\"font-weight: 400;\">Certaines villas de luxe en location,\u00a0 telles que <a href=\"https:\/\/officialeleutheraharbourisland.com\/listings\/la-palmeraie-villa-1\/\">La Palmeraie Bahamas<\/a><\/span><span style=\"font-weight: 400;\">,\u00a0 mettent \u00e0 la disposition de leurs clients ces\u00a0 voiturettes de golf.<\/span>[\/vc_column_text][vc_separator css=\u00a0\u00bb.vc_custom_1675287335799{margin-top: 30px !important;margin-bottom: 10px !important;}\u00a0\u00bb][\/vc_column][\/vc_row][vc_row css=\u00a0\u00bb.vc_custom_1674492668599{padding-top: 40px !important;}\u00a0\u00bb][vc_column width=\u00a0\u00bb1\/2&Prime;][vc_single_image image=\u00a0\u00bb72842&Prime; img_size=\u00a0\u00bbfull\u00a0\u00bb alignment=\u00a0\u00bbcenter\u00a0\u00bb][\/vc_column][vc_column width=\u00a0\u00bb1\/2&Prime;][vc_single_image image=\u00a0\u00bb72833&Prime; img_size=\u00a0\u00bbfull\u00a0\u00bb alignment=\u00a0\u00bbcenter\u00a0\u00bb][\/vc_column][\/vc_row][vc_row][vc_column][vc_separator css=\u00a0\u00bb.vc_custom_1675196828225{margin-top: 30px !important;margin-bottom: 30px !important;}\u00a0\u00bb][vc_column_text]Voici une liste des agences de location de voiturettes de golf:<\/p>\n<p><strong>Major&rsquo;s Golf Cart Rentals <\/strong><br \/>\nPrincess St, Dunmore Town, Bahamas<br \/>\n+1 242-465-7329<br \/>\nOuvert tous les jours de 9h \u00e0 18h<br \/>\n<span style=\"font-weight: 400;\">Dimanche de 13h \u00e0 18h<br \/>\n<\/span><a href=\"https:\/\/www.majorsgolfcartrental.com\/\" target=\"_blank\" rel=\"noopener\">https:\/\/www.majorsgolfcartrental.com\/<\/a><\/p>\n<p><strong><br \/>\nKiplin Golf Cart Rentals<\/strong><br \/>\nColebrook St, Dunmore Town, Bahamas<br \/>\n+1 242-470-2400<br \/>\n<span style=\"font-weight: 400;\">Ouvert 24h\/24, 7j\/7<\/span><br \/>\n<a href=\"http:\/\/www.kiplinrentals.com\" target=\"_blank\" rel=\"noopener\">http:\/\/www.kiplinrentals.com<\/a><\/p>\n<p><strong><br \/>\nRoss Rentals<\/strong><br \/>\nColebrook St, Dunmore Town, Bahamas<br \/>\n+1 242-333-2122<br \/>\n<span style=\"font-weight: 400;\">Ouvert tous les jours de 9h \u00e0 17h<\/span><br \/>\n<a href=\"https:\/\/rossgolfcartrentals.com\/\" target=\"_blank\" rel=\"noopener\">https:\/\/rossgolfcartrentals.com\/<\/a><\/p>\n<p><strong><br \/>\nMichael\u2019s Cycles<\/strong><br \/>\nW, Colebrook St, Dunmore Town, Bahamas<br \/>\n+1 242-464-0994<br \/>\n<span style=\"font-weight: 400;\">Ouvert tous les jours de 10h \u00e0 17h<\/span><br \/>\n<a href=\"http:\/\/www.michaelscyclesbriland.com\/\" target=\"_blank\" rel=\"noopener\">http:\/\/www.michaelscyclesbriland.com\/<\/a><\/p>\n<p><strong><br \/>\nDunmore Rentals<\/strong><br \/>\nBay Street, Dunmore Town, Bahamas<br \/>\n+1 242-333-2372<br \/>\n<span style=\"font-weight: 400;\">Ouvert tous les jours de 10h \u00e0 17h<\/span><br \/>\n<a href=\"https:\/\/dunmorerentals.com\/\" target=\"_blank\" rel=\"noopener\">https:\/\/dunmorerentals.com\/<\/a><\/p>\n<p><strong><br \/>\nLulu&rsquo;s Golf Cart Rentals<\/strong><br \/>\n+1 242-524-4740<br \/>\n<a href=\"https:\/\/www.facebook.com\/LulusRentals\/\" target=\"_blank\" rel=\"noopener\">https:\/\/www.facebook.com\/LulusRentals\/<\/a><\/p>\n<p>[\/vc_column_text][vc_separator css=\u00a0\u00bb.vc_custom_1675196828225{margin-top: 30px !important;margin-bottom: 30px !important;}\u00a0\u00bb][\/vc_column][\/vc_row]<\/p>\n<\/div>","protected":false},"excerpt":{"rendered":"<p>[vc_row css=\u00a0\u00bb.vc_custom_1649079224179{padding-bottom: 50px !important;}\u00a0\u00bb][vc_column][\/vc_column][\/vc_row][vc_row][vc_column][vc_column_text]Les voiturettes de golf sont le meilleur moyen de transport sur l&rsquo;\u00eele et rendront vos\u00a0 vacances \u00e0 Harbour Island encore plus\u00a0 amusantes. Presque tout le monde sur l&rsquo;\u00eele roule en voiturette de golf : les habitants, les r\u00e9sidents \u00e0 temps partiel ou les visiteurs. L\u2019utilisation de\u00a0 limousines de luxe destin\u00e9es \u00e0 transporter&hellip;<\/p>\n","protected":false},"author":4,"featured_media":71701,"parent":74522,"menu_order":0,"comment_status":"closed","ping_status":"closed","template":"","meta":{"footnotes":""},"categories":[],"tags":[1184],"class_list":["post-74533","page","type-page","status-publish","has-post-thumbnail","hentry","tag-move-around-harbour-island-fr-2","description-off"],"yoast_head":"<!-- This site is optimized with the Yoast SEO Premium plugin v25.2 (Yoast SEO v27.3) - https:\/\/yoast.com\/product\/yoast-seo-premium-wordpress\/ -->\n<title>Louer une voiturette de golf \u00e0 Harbour Island, Bahamas.<\/title>\n<meta name=\"description\" content=\"Official Eleuthera Harbour Island votre guide de vacances vous donne des d\u00e9tails sur la location de voiturettes de golf \u00e0 Harbour Island, aux Bahamas.\" \/>\n<meta name=\"robots\" content=\"index, follow, max-snippet:-1, max-image-preview:large, max-video-preview:-1\" \/>\n<link rel=\"canonical\" href=\"https:\/\/officialeleutheraharbourisland.com\/fr\/harbour-island\/se-deplacer\/louer-une-voiturette-de-golf\/\" \/>\n<meta property=\"og:locale\" content=\"fr_FR\" \/>\n<meta property=\"og:type\" content=\"article\" \/>\n<meta property=\"og:title\" content=\"Louer une voiturette de golf\" \/>\n<meta property=\"og:description\" content=\"Official Eleuthera Harbour Island votre guide de vacances vous donne des d\u00e9tails sur la location de voiturettes de golf \u00e0 Harbour Island, aux Bahamas.\" \/>\n<meta property=\"og:url\" content=\"https:\/\/officialeleutheraharbourisland.com\/fr\/harbour-island\/se-deplacer\/louer-une-voiturette-de-golf\/\" \/>\n<meta property=\"og:site_name\" content=\"Official Eleuthera Harbour Island\" \/>\n<meta property=\"article:modified_time\" content=\"2023-03-08T21:10:41+00:00\" \/>\n<meta property=\"og:image\" content=\"https:\/\/officialeleutheraharbourisland.com\/wp-content\/uploads\/2023\/01\/golf-carts.jpg\" \/>\n\t<meta property=\"og:image:width\" content=\"2000\" \/>\n\t<meta property=\"og:image:height\" content=\"1215\" \/>\n\t<meta property=\"og:image:type\" content=\"image\/jpeg\" \/>\n<meta name=\"twitter:card\" content=\"summary_large_image\" \/>\n<meta name=\"twitter:label1\" content=\"Dur\u00e9e de lecture estim\u00e9e\" \/>\n\t<meta name=\"twitter:data1\" content=\"2 minutes\" \/>\n<script type=\"application\/ld+json\" class=\"yoast-schema-graph\">{\"@context\":\"https:\\\/\\\/schema.org\",\"@graph\":[{\"@type\":\"WebPage\",\"@id\":\"https:\\\/\\\/officialeleutheraharbourisland.com\\\/fr\\\/harbour-island\\\/se-deplacer\\\/louer-une-voiturette-de-golf\\\/\",\"url\":\"https:\\\/\\\/officialeleutheraharbourisland.com\\\/fr\\\/harbour-island\\\/se-deplacer\\\/louer-une-voiturette-de-golf\\\/\",\"name\":\"Louer une voiturette de golf \u00e0 Harbour Island, Bahamas.\",\"isPartOf\":{\"@id\":\"https:\\\/\\\/officialeleutheraharbourisland.com\\\/#website\"},\"primaryImageOfPage\":{\"@id\":\"https:\\\/\\\/officialeleutheraharbourisland.com\\\/fr\\\/harbour-island\\\/se-deplacer\\\/louer-une-voiturette-de-golf\\\/#primaryimage\"},\"image\":{\"@id\":\"https:\\\/\\\/officialeleutheraharbourisland.com\\\/fr\\\/harbour-island\\\/se-deplacer\\\/louer-une-voiturette-de-golf\\\/#primaryimage\"},\"thumbnailUrl\":\"https:\\\/\\\/officialeleutheraharbourisland.com\\\/wp-content\\\/uploads\\\/2023\\\/01\\\/golf-carts.jpg\",\"datePublished\":\"2022-04-04T11:37:39+00:00\",\"dateModified\":\"2023-03-08T21:10:41+00:00\",\"description\":\"Official Eleuthera Harbour Island votre guide de vacances vous donne des d\u00e9tails sur la location de voiturettes de golf \u00e0 Harbour Island, aux Bahamas.\",\"breadcrumb\":{\"@id\":\"https:\\\/\\\/officialeleutheraharbourisland.com\\\/fr\\\/harbour-island\\\/se-deplacer\\\/louer-une-voiturette-de-golf\\\/#breadcrumb\"},\"inLanguage\":\"fr-FR\",\"potentialAction\":[{\"@type\":\"ReadAction\",\"target\":[\"https:\\\/\\\/officialeleutheraharbourisland.com\\\/fr\\\/harbour-island\\\/se-deplacer\\\/louer-une-voiturette-de-golf\\\/\"]}]},{\"@type\":\"ImageObject\",\"inLanguage\":\"fr-FR\",\"@id\":\"https:\\\/\\\/officialeleutheraharbourisland.com\\\/fr\\\/harbour-island\\\/se-deplacer\\\/louer-une-voiturette-de-golf\\\/#primaryimage\",\"url\":\"https:\\\/\\\/officialeleutheraharbourisland.com\\\/wp-content\\\/uploads\\\/2023\\\/01\\\/golf-carts.jpg\",\"contentUrl\":\"https:\\\/\\\/officialeleutheraharbourisland.com\\\/wp-content\\\/uploads\\\/2023\\\/01\\\/golf-carts.jpg\",\"width\":2000,\"height\":1215},{\"@type\":\"BreadcrumbList\",\"@id\":\"https:\\\/\\\/officialeleutheraharbourisland.com\\\/fr\\\/harbour-island\\\/se-deplacer\\\/louer-une-voiturette-de-golf\\\/#breadcrumb\",\"itemListElement\":[{\"@type\":\"ListItem\",\"position\":1,\"name\":\"Home\",\"item\":\"https:\\\/\\\/officialeleutheraharbourisland.com\\\/fr\\\/\"},{\"@type\":\"ListItem\",\"position\":2,\"name\":\"HARBOUR ISLAND\",\"item\":\"https:\\\/\\\/officialeleutheraharbourisland.com\\\/fr\\\/harbour-island\\\/\"},{\"@type\":\"ListItem\",\"position\":3,\"name\":\"SE D\u00c9PLACER\",\"item\":\"https:\\\/\\\/officialeleutheraharbourisland.com\\\/fr\\\/harbour-island\\\/se-deplacer\\\/\"},{\"@type\":\"ListItem\",\"position\":4,\"name\":\"Louer une voiturette de golf\"}]},{\"@type\":\"WebSite\",\"@id\":\"https:\\\/\\\/officialeleutheraharbourisland.com\\\/#website\",\"url\":\"https:\\\/\\\/officialeleutheraharbourisland.com\\\/\",\"name\":\"Official Eleuthera Harbour Island\",\"description\":\"Where Beauty &amp; Nature Meet\",\"publisher\":{\"@id\":\"https:\\\/\\\/officialeleutheraharbourisland.com\\\/#organization\"},\"potentialAction\":[{\"@type\":\"SearchAction\",\"target\":{\"@type\":\"EntryPoint\",\"urlTemplate\":\"https:\\\/\\\/officialeleutheraharbourisland.com\\\/?s={search_term_string}\"},\"query-input\":{\"@type\":\"PropertyValueSpecification\",\"valueRequired\":true,\"valueName\":\"search_term_string\"}}],\"inLanguage\":\"fr-FR\"},{\"@type\":\"Organization\",\"@id\":\"https:\\\/\\\/officialeleutheraharbourisland.com\\\/#organization\",\"name\":\"Official Eleuthera Harbour Island\",\"url\":\"https:\\\/\\\/officialeleutheraharbourisland.com\\\/\",\"logo\":{\"@type\":\"ImageObject\",\"inLanguage\":\"fr-FR\",\"@id\":\"https:\\\/\\\/officialeleutheraharbourisland.com\\\/#\\\/schema\\\/logo\\\/image\\\/\",\"url\":\"https:\\\/\\\/officialeleutheraharbourisland.com\\\/wp-content\\\/uploads\\\/2022\\\/03\\\/logo-new-GREY-275.png\",\"contentUrl\":\"https:\\\/\\\/officialeleutheraharbourisland.com\\\/wp-content\\\/uploads\\\/2022\\\/03\\\/logo-new-GREY-275.png\",\"width\":275,\"height\":22,\"caption\":\"Official Eleuthera Harbour Island\"},\"image\":{\"@id\":\"https:\\\/\\\/officialeleutheraharbourisland.com\\\/#\\\/schema\\\/logo\\\/image\\\/\"}}]}<\/script>\n<!-- \/ Yoast SEO Premium plugin. -->","yoast_head_json":{"title":"Louer une voiturette de golf \u00e0 Harbour Island, Bahamas.","description":"Official Eleuthera Harbour Island votre guide de vacances vous donne des d\u00e9tails sur la location de voiturettes de golf \u00e0 Harbour Island, aux Bahamas.","robots":{"index":"index","follow":"follow","max-snippet":"max-snippet:-1","max-image-preview":"max-image-preview:large","max-video-preview":"max-video-preview:-1"},"canonical":"https:\/\/officialeleutheraharbourisland.com\/fr\/harbour-island\/se-deplacer\/louer-une-voiturette-de-golf\/","og_locale":"fr_FR","og_type":"article","og_title":"Louer une voiturette de golf","og_description":"Official Eleuthera Harbour Island votre guide de vacances vous donne des d\u00e9tails sur la location de voiturettes de golf \u00e0 Harbour Island, aux Bahamas.","og_url":"https:\/\/officialeleutheraharbourisland.com\/fr\/harbour-island\/se-deplacer\/louer-une-voiturette-de-golf\/","og_site_name":"Official Eleuthera Harbour Island","article_modified_time":"2023-03-08T21:10:41+00:00","og_image":[{"width":2000,"height":1215,"url":"https:\/\/officialeleutheraharbourisland.com\/wp-content\/uploads\/2023\/01\/golf-carts.jpg","type":"image\/jpeg"}],"twitter_card":"summary_large_image","twitter_misc":{"Dur\u00e9e de lecture estim\u00e9e":"2 minutes"},"schema":{"@context":"https:\/\/schema.org","@graph":[{"@type":"WebPage","@id":"https:\/\/officialeleutheraharbourisland.com\/fr\/harbour-island\/se-deplacer\/louer-une-voiturette-de-golf\/","url":"https:\/\/officialeleutheraharbourisland.com\/fr\/harbour-island\/se-deplacer\/louer-une-voiturette-de-golf\/","name":"Louer une voiturette de golf \u00e0 Harbour Island, Bahamas.","isPartOf":{"@id":"https:\/\/officialeleutheraharbourisland.com\/#website"},"primaryImageOfPage":{"@id":"https:\/\/officialeleutheraharbourisland.com\/fr\/harbour-island\/se-deplacer\/louer-une-voiturette-de-golf\/#primaryimage"},"image":{"@id":"https:\/\/officialeleutheraharbourisland.com\/fr\/harbour-island\/se-deplacer\/louer-une-voiturette-de-golf\/#primaryimage"},"thumbnailUrl":"https:\/\/officialeleutheraharbourisland.com\/wp-content\/uploads\/2023\/01\/golf-carts.jpg","datePublished":"2022-04-04T11:37:39+00:00","dateModified":"2023-03-08T21:10:41+00:00","description":"Official Eleuthera Harbour Island votre guide de vacances vous donne des d\u00e9tails sur la location de voiturettes de golf \u00e0 Harbour Island, aux Bahamas.","breadcrumb":{"@id":"https:\/\/officialeleutheraharbourisland.com\/fr\/harbour-island\/se-deplacer\/louer-une-voiturette-de-golf\/#breadcrumb"},"inLanguage":"fr-FR","potentialAction":[{"@type":"ReadAction","target":["https:\/\/officialeleutheraharbourisland.com\/fr\/harbour-island\/se-deplacer\/louer-une-voiturette-de-golf\/"]}]},{"@type":"ImageObject","inLanguage":"fr-FR","@id":"https:\/\/officialeleutheraharbourisland.com\/fr\/harbour-island\/se-deplacer\/louer-une-voiturette-de-golf\/#primaryimage","url":"https:\/\/officialeleutheraharbourisland.com\/wp-content\/uploads\/2023\/01\/golf-carts.jpg","contentUrl":"https:\/\/officialeleutheraharbourisland.com\/wp-content\/uploads\/2023\/01\/golf-carts.jpg","width":2000,"height":1215},{"@type":"BreadcrumbList","@id":"https:\/\/officialeleutheraharbourisland.com\/fr\/harbour-island\/se-deplacer\/louer-une-voiturette-de-golf\/#breadcrumb","itemListElement":[{"@type":"ListItem","position":1,"name":"Home","item":"https:\/\/officialeleutheraharbourisland.com\/fr\/"},{"@type":"ListItem","position":2,"name":"HARBOUR ISLAND","item":"https:\/\/officialeleutheraharbourisland.com\/fr\/harbour-island\/"},{"@type":"ListItem","position":3,"name":"SE D\u00c9PLACER","item":"https:\/\/officialeleutheraharbourisland.com\/fr\/harbour-island\/se-deplacer\/"},{"@type":"ListItem","position":4,"name":"Louer une voiturette de golf"}]},{"@type":"WebSite","@id":"https:\/\/officialeleutheraharbourisland.com\/#website","url":"https:\/\/officialeleutheraharbourisland.com\/","name":"Official Eleuthera Harbour Island","description":"Where Beauty &amp; Nature Meet","publisher":{"@id":"https:\/\/officialeleutheraharbourisland.com\/#organization"},"potentialAction":[{"@type":"SearchAction","target":{"@type":"EntryPoint","urlTemplate":"https:\/\/officialeleutheraharbourisland.com\/?s={search_term_string}"},"query-input":{"@type":"PropertyValueSpecification","valueRequired":true,"valueName":"search_term_string"}}],"inLanguage":"fr-FR"},{"@type":"Organization","@id":"https:\/\/officialeleutheraharbourisland.com\/#organization","name":"Official Eleuthera Harbour Island","url":"https:\/\/officialeleutheraharbourisland.com\/","logo":{"@type":"ImageObject","inLanguage":"fr-FR","@id":"https:\/\/officialeleutheraharbourisland.com\/#\/schema\/logo\/image\/","url":"https:\/\/officialeleutheraharbourisland.com\/wp-content\/uploads\/2022\/03\/logo-new-GREY-275.png","contentUrl":"https:\/\/officialeleutheraharbourisland.com\/wp-content\/uploads\/2022\/03\/logo-new-GREY-275.png","width":275,"height":22,"caption":"Official Eleuthera Harbour Island"},"image":{"@id":"https:\/\/officialeleutheraharbourisland.com\/#\/schema\/logo\/image\/"}}]}},"jetpack_sharing_enabled":true,"_links":{"self":[{"href":"https:\/\/officialeleutheraharbourisland.com\/fr\/wp-json\/wp\/v2\/pages\/74533","targetHints":{"allow":["GET"]}}],"collection":[{"href":"https:\/\/officialeleutheraharbourisland.com\/fr\/wp-json\/wp\/v2\/pages"}],"about":[{"href":"https:\/\/officialeleutheraharbourisland.com\/fr\/wp-json\/wp\/v2\/types\/page"}],"author":[{"embeddable":true,"href":"https:\/\/officialeleutheraharbourisland.com\/fr\/wp-json\/wp\/v2\/users\/4"}],"replies":[{"embeddable":true,"href":"https:\/\/officialeleutheraharbourisland.com\/fr\/wp-json\/wp\/v2\/comments?post=74533"}],"version-history":[{"count":3,"href":"https:\/\/officialeleutheraharbourisland.com\/fr\/wp-json\/wp\/v2\/pages\/74533\/revisions"}],"predecessor-version":[{"id":74536,"href":"https:\/\/officialeleutheraharbourisland.com\/fr\/wp-json\/wp\/v2\/pages\/74533\/revisions\/74536"}],"up":[{"embeddable":true,"href":"https:\/\/officialeleutheraharbourisland.com\/fr\/wp-json\/wp\/v2\/pages\/74522"}],"wp:featuredmedia":[{"embeddable":true,"href":"https:\/\/officialeleutheraharbourisland.com\/fr\/wp-json\/wp\/v2\/media\/71701"}],"wp:attachment":[{"href":"https:\/\/officialeleutheraharbourisland.com\/fr\/wp-json\/wp\/v2\/media?parent=74533"}],"wp:term":[{"taxonomy":"category","embeddable":true,"href":"https:\/\/officialeleutheraharbourisland.com\/fr\/wp-json\/wp\/v2\/categories?post=74533"},{"taxonomy":"post_tag","embeddable":true,"href":"https:\/\/officialeleutheraharbourisland.com\/fr\/wp-json\/wp\/v2\/tags?post=74533"}],"curies":[{"name":"wp","href":"https:\/\/api.w.org\/{rel}","templated":true}]}}