{"id":74555,"date":"2022-04-04T11:37:39","date_gmt":"2022-04-04T11:37:39","guid":{"rendered":"https:\/\/officialeleutheraharbourisland.com\/harbour-island\/se-deplacer\/yacht-rentals\/"},"modified":"2023-03-09T14:44:33","modified_gmt":"2023-03-09T14:44:33","slug":"location-de-bateaux","status":"publish","type":"page","link":"https:\/\/officialeleutheraharbourisland.com\/fr\/harbour-island\/se-deplacer\/location-de-bateaux\/","title":{"rendered":"Location de bateaux"},"content":{"rendered":"<div class=\"wpb-content-wrapper\"><p>[vc_row css=\u00a0\u00bb.vc_custom_1649079224179{padding-bottom: 50px !important;}\u00a0\u00bb][vc_column]<div id=\"ultimate-heading-2769e26fee29eaa\" class=\"uvc-heading ult-adjust-bottom-margin ultimate-heading-2769e26fee29eaa uvc-4267 \" data-hspacer=\"line_only\"  data-halign=\"center\" style=\"text-align:center\"><div class=\"uvc-main-heading ult-responsive\"  data-ultimate-target='.uvc-heading.ultimate-heading-2769e26fee29eaa h2'  data-responsive-json-new='{\"font-size\":\"\",\"line-height\":\"\"}' ><h2 style=\"font-weight:normal;margin-bottom:15px;\">Location de bateaux aux Harbour Island, Bahamas.<\/h2><\/div><div class=\"uvc-heading-spacer line_only\" style=\"margin-bottom:15px;height:3px;\"><span class=\"uvc-headings-line\" style=\"border-style:solid;border-bottom-width:3px;border-color:#7ac1ff;width:60px;\"><\/span><\/div><\/div>[\/vc_column][\/vc_row][vc_row][vc_column][vc_column_text]Les \u00eeles des Bahamas sont r\u00e9put\u00e9es pour la douceur de leur climat et la beaut\u00e9 des eaux qui les entourent. D\u00e8s lors, d\u00e9couvrir les Bahamas par la voie maritime est certainement un privil\u00e8ge . Les visiteurs les plus chanceux pourront voyager avec leur propre bateau, ou dans le cadre d&rsquo;une croisi\u00e8re organis\u00e9e ou encore en louant un bateau pour quelques jours. Les Bahamas sont id\u00e9alement situ\u00e9es \u00e0 seulement 80 km des \u00c9tats-Unis, ce qui en fait une excellente destination depuis le sud de la Floride. Les visiteurs s\u2019embarquent g\u00e9n\u00e9ralement sur un bateau depuis Nassau ou depuis la Floride, o\u00f9 il existe un grand nombre de soci\u00e9t\u00e9s de location proposant des bateaux \u00e0 louer. Les tarifs de location varient bien s\u00fbr consid\u00e9rablement selon l&rsquo;anciennet\u00e9, le type (voile ou motoris\u00e9) et la longueur du navire. La meilleure fa\u00e7on de louer un bateau est de commencer sur Internet, et d&rsquo;engager des discussions avec plusieurs courtiers jusqu&rsquo;\u00e0 ce que vous trouviez le bon et au bon tarif. Certaines soci\u00e9t\u00e9s de location de bateaux sont des soci\u00e9t\u00e9s internationales, tandis que d&rsquo;autres sont des entreprises locales, situ\u00e9es \u00e0 Nassau ou en Floride. Les bateaux sont g\u00e9n\u00e9ralement lou\u00e9s avec le skipper et son \u00e9quipage pour 1 ou plusieurs jours. La location d&rsquo;un bateau commence \u00e0 environ 4 000 $ \u00e0 20 000 $ par jour pour les plus grands yachts. Pour les superyachts, les taux augmentent de mani\u00e8re exponentielle.<\/p>\n<p><a href=\"https:\/\/www.theglobesailor.com\/\" target=\"_blank\" rel=\"noopener\"><span style=\"font-weight: 400;\">https:\/\/www.theglobesailor.com\/<\/span><\/a><\/p>\n<p><a href=\"https:\/\/www.yachtcharterfleet.com\/bahamas-yacht-charters-679.htm\" target=\"_blank\" rel=\"noopener\"><span style=\"font-weight: 400;\">https:\/\/www.yachtcharterfleet.com\/bahamas-yacht-charters-679.htm<\/span><\/a><\/p>\n<p><a href=\"https:\/\/iyc.com\/bahamas\/\" target=\"_blank\" rel=\"noopener\"><span style=\"font-weight: 400;\">https:\/\/iyc.com\/bahamas\/<\/span><\/a><\/p>\n<p><a href=\"https:\/\/www.yachtlife.com\/charter\/yachts\/nassau\" target=\"_blank\" rel=\"noopener\"><span style=\"font-weight: 400;\">https:\/\/www.yachtlife.com\/charter\/yachts\/nassau<\/span><\/a><\/p>\n<p><a href=\"https:\/\/www.moorings.com\/destinations\/americas\/bahamas\" target=\"_blank\" rel=\"noopener\"><span style=\"font-weight: 400;\">https:\/\/www.moorings.com\/destinations\/americas\/bahamas<\/span><\/a><\/p>\n<p><a href=\"https:\/\/www.charterworld.com\/index.html?sub=bahamas-yacht-charter\" target=\"_blank\" rel=\"noopener\"><span style=\"font-weight: 400;\">https:\/\/www.charterworld.com\/index.html?sub=bahamas-yacht-charter<\/span><\/a><\/p>\n<p><a href=\"https:\/\/www.dreamyachtcharter.com\/destination\/bahamas\/\" target=\"_blank\" rel=\"noopener\"><span style=\"font-weight: 400;\">https:\/\/www.dreamyachtcharter.com\/destination\/bahamas\/<\/span><\/a>[\/vc_column_text][vc_empty_space][vc_row_inner][vc_column_inner width=\u00a0\u00bb1\/4&Prime;][\/vc_column_inner][vc_column_inner width=\u00a0\u00bb1\/2&Prime;][vc_single_image image=\u00a0\u00bb73498&Prime; img_size=\u00a0\u00bbfull\u00a0\u00bb alignment=\u00a0\u00bbcenter\u00a0\u00bb][vc_separator css=\u00a0\u00bb.vc_custom_1676493255746{margin-top: 30px !important;margin-bottom: 30px !important;}\u00a0\u00bb][\/vc_column_inner][vc_column_inner width=\u00a0\u00bb1\/4&Prime;][\/vc_column_inner][\/vc_row_inner][\/vc_column][\/vc_row]<\/p>\n<\/div>","protected":false},"excerpt":{"rendered":"<p>[vc_row css=\u00a0\u00bb.vc_custom_1649079224179{padding-bottom: 50px !important;}\u00a0\u00bb][vc_column][\/vc_column][\/vc_row][vc_row][vc_column][vc_column_text]Les \u00eeles des Bahamas sont r\u00e9put\u00e9es pour la douceur de leur climat et la beaut\u00e9 des eaux qui les entourent. D\u00e8s lors, d\u00e9couvrir les Bahamas par la voie maritime est certainement un privil\u00e8ge . Les visiteurs les plus chanceux pourront voyager avec leur propre bateau, ou dans le cadre d&rsquo;une croisi\u00e8re organis\u00e9e&hellip;<\/p>\n","protected":false},"author":4,"featured_media":73499,"parent":74522,"menu_order":0,"comment_status":"closed","ping_status":"closed","template":"","meta":{"footnotes":""},"categories":[],"tags":[1184],"class_list":["post-74555","page","type-page","status-publish","has-post-thumbnail","hentry","tag-move-around-harbour-island-fr-2","description-off"],"yoast_head":"<!-- This site is optimized with the Yoast SEO Premium plugin v25.2 (Yoast SEO v27.4) - https:\/\/yoast.com\/product\/yoast-seo-premium-wordpress\/ -->\n<title>Location de bateaux aux Harbour Island, Bahamas.<\/title>\n<meta name=\"description\" content=\"Official Eleuthera Harbour Island your vacation guide of Harbor Island, gives you details about yacht rentals in Harbor Island, Bahamas.\" \/>\n<meta name=\"robots\" content=\"index, follow, max-snippet:-1, max-image-preview:large, max-video-preview:-1\" \/>\n<link rel=\"canonical\" href=\"https:\/\/officialeleutheraharbourisland.com\/fr\/harbour-island\/se-deplacer\/location-de-bateaux\/\" \/>\n<meta property=\"og:locale\" content=\"fr_FR\" \/>\n<meta property=\"og:type\" content=\"article\" \/>\n<meta property=\"og:title\" content=\"Location de bateaux\" \/>\n<meta property=\"og:description\" content=\"Official Eleuthera Harbour Island your vacation guide of Harbor Island, gives you details about yacht rentals in Harbor Island, Bahamas.\" \/>\n<meta property=\"og:url\" content=\"https:\/\/officialeleutheraharbourisland.com\/fr\/harbour-island\/se-deplacer\/location-de-bateaux\/\" \/>\n<meta property=\"og:site_name\" content=\"Official Eleuthera Harbour Island\" \/>\n<meta property=\"article:modified_time\" content=\"2023-03-09T14:44:33+00:00\" \/>\n<meta property=\"og:image\" content=\"https:\/\/officialeleutheraharbourisland.com\/wp-content\/uploads\/2023\/02\/yatch-vat-taxes-jpg.webp\" \/>\n\t<meta property=\"og:image:width\" content=\"700\" \/>\n\t<meta property=\"og:image:height\" content=\"317\" \/>\n\t<meta property=\"og:image:type\" content=\"image\/jpeg\" \/>\n<meta name=\"twitter:card\" content=\"summary_large_image\" \/>\n<meta name=\"twitter:label1\" content=\"Dur\u00e9e de lecture estim\u00e9e\" \/>\n\t<meta name=\"twitter:data1\" content=\"2 minutes\" \/>\n<script type=\"application\/ld+json\" class=\"yoast-schema-graph\">{\"@context\":\"https:\\\/\\\/schema.org\",\"@graph\":[{\"@type\":\"WebPage\",\"@id\":\"https:\\\/\\\/officialeleutheraharbourisland.com\\\/fr\\\/harbour-island\\\/se-deplacer\\\/location-de-bateaux\\\/\",\"url\":\"https:\\\/\\\/officialeleutheraharbourisland.com\\\/fr\\\/harbour-island\\\/se-deplacer\\\/location-de-bateaux\\\/\",\"name\":\"Location de bateaux aux Harbour Island, Bahamas.\",\"isPartOf\":{\"@id\":\"https:\\\/\\\/officialeleutheraharbourisland.com\\\/#website\"},\"primaryImageOfPage\":{\"@id\":\"https:\\\/\\\/officialeleutheraharbourisland.com\\\/fr\\\/harbour-island\\\/se-deplacer\\\/location-de-bateaux\\\/#primaryimage\"},\"image\":{\"@id\":\"https:\\\/\\\/officialeleutheraharbourisland.com\\\/fr\\\/harbour-island\\\/se-deplacer\\\/location-de-bateaux\\\/#primaryimage\"},\"thumbnailUrl\":\"https:\\\/\\\/officialeleutheraharbourisland.com\\\/wp-content\\\/uploads\\\/2023\\\/02\\\/yatch-vat-taxes-jpg.webp\",\"datePublished\":\"2022-04-04T11:37:39+00:00\",\"dateModified\":\"2023-03-09T14:44:33+00:00\",\"description\":\"Official Eleuthera Harbour Island your vacation guide of Harbor Island, gives you details about yacht rentals in Harbor Island, Bahamas.\",\"breadcrumb\":{\"@id\":\"https:\\\/\\\/officialeleutheraharbourisland.com\\\/fr\\\/harbour-island\\\/se-deplacer\\\/location-de-bateaux\\\/#breadcrumb\"},\"inLanguage\":\"fr-FR\",\"potentialAction\":[{\"@type\":\"ReadAction\",\"target\":[\"https:\\\/\\\/officialeleutheraharbourisland.com\\\/fr\\\/harbour-island\\\/se-deplacer\\\/location-de-bateaux\\\/\"]}]},{\"@type\":\"ImageObject\",\"inLanguage\":\"fr-FR\",\"@id\":\"https:\\\/\\\/officialeleutheraharbourisland.com\\\/fr\\\/harbour-island\\\/se-deplacer\\\/location-de-bateaux\\\/#primaryimage\",\"url\":\"https:\\\/\\\/officialeleutheraharbourisland.com\\\/wp-content\\\/uploads\\\/2023\\\/02\\\/yatch-vat-taxes-jpg.webp\",\"contentUrl\":\"https:\\\/\\\/officialeleutheraharbourisland.com\\\/wp-content\\\/uploads\\\/2023\\\/02\\\/yatch-vat-taxes-jpg.webp\",\"width\":700,\"height\":317,\"caption\":\"yacht\"},{\"@type\":\"BreadcrumbList\",\"@id\":\"https:\\\/\\\/officialeleutheraharbourisland.com\\\/fr\\\/harbour-island\\\/se-deplacer\\\/location-de-bateaux\\\/#breadcrumb\",\"itemListElement\":[{\"@type\":\"ListItem\",\"position\":1,\"name\":\"Home\",\"item\":\"https:\\\/\\\/officialeleutheraharbourisland.com\\\/fr\\\/\"},{\"@type\":\"ListItem\",\"position\":2,\"name\":\"HARBOUR ISLAND\",\"item\":\"https:\\\/\\\/officialeleutheraharbourisland.com\\\/fr\\\/harbour-island\\\/\"},{\"@type\":\"ListItem\",\"position\":3,\"name\":\"SE D\u00c9PLACER\",\"item\":\"https:\\\/\\\/officialeleutheraharbourisland.com\\\/fr\\\/harbour-island\\\/se-deplacer\\\/\"},{\"@type\":\"ListItem\",\"position\":4,\"name\":\"Location de bateaux\"}]},{\"@type\":\"WebSite\",\"@id\":\"https:\\\/\\\/officialeleutheraharbourisland.com\\\/#website\",\"url\":\"https:\\\/\\\/officialeleutheraharbourisland.com\\\/\",\"name\":\"Official Eleuthera Harbour Island\",\"description\":\"Where Beauty &amp; Nature Meet\",\"publisher\":{\"@id\":\"https:\\\/\\\/officialeleutheraharbourisland.com\\\/#organization\"},\"potentialAction\":[{\"@type\":\"SearchAction\",\"target\":{\"@type\":\"EntryPoint\",\"urlTemplate\":\"https:\\\/\\\/officialeleutheraharbourisland.com\\\/?s={search_term_string}\"},\"query-input\":{\"@type\":\"PropertyValueSpecification\",\"valueRequired\":true,\"valueName\":\"search_term_string\"}}],\"inLanguage\":\"fr-FR\"},{\"@type\":\"Organization\",\"@id\":\"https:\\\/\\\/officialeleutheraharbourisland.com\\\/#organization\",\"name\":\"Official Eleuthera Harbour Island\",\"url\":\"https:\\\/\\\/officialeleutheraharbourisland.com\\\/\",\"logo\":{\"@type\":\"ImageObject\",\"inLanguage\":\"fr-FR\",\"@id\":\"https:\\\/\\\/officialeleutheraharbourisland.com\\\/#\\\/schema\\\/logo\\\/image\\\/\",\"url\":\"https:\\\/\\\/officialeleutheraharbourisland.com\\\/wp-content\\\/uploads\\\/2022\\\/03\\\/logo-new-GREY-275.png\",\"contentUrl\":\"https:\\\/\\\/officialeleutheraharbourisland.com\\\/wp-content\\\/uploads\\\/2022\\\/03\\\/logo-new-GREY-275.png\",\"width\":275,\"height\":22,\"caption\":\"Official Eleuthera Harbour Island\"},\"image\":{\"@id\":\"https:\\\/\\\/officialeleutheraharbourisland.com\\\/#\\\/schema\\\/logo\\\/image\\\/\"}}]}<\/script>\n<!-- \/ Yoast SEO Premium plugin. -->","yoast_head_json":{"title":"Location de bateaux aux Harbour Island, Bahamas.","description":"Official Eleuthera Harbour Island your vacation guide of Harbor Island, gives you details about yacht rentals in Harbor Island, Bahamas.","robots":{"index":"index","follow":"follow","max-snippet":"max-snippet:-1","max-image-preview":"max-image-preview:large","max-video-preview":"max-video-preview:-1"},"canonical":"https:\/\/officialeleutheraharbourisland.com\/fr\/harbour-island\/se-deplacer\/location-de-bateaux\/","og_locale":"fr_FR","og_type":"article","og_title":"Location de bateaux","og_description":"Official Eleuthera Harbour Island your vacation guide of Harbor Island, gives you details about yacht rentals in Harbor Island, Bahamas.","og_url":"https:\/\/officialeleutheraharbourisland.com\/fr\/harbour-island\/se-deplacer\/location-de-bateaux\/","og_site_name":"Official Eleuthera Harbour Island","article_modified_time":"2023-03-09T14:44:33+00:00","og_image":[{"width":700,"height":317,"url":"https:\/\/officialeleutheraharbourisland.com\/wp-content\/uploads\/2023\/02\/yatch-vat-taxes-jpg.webp","type":"image\/jpeg"}],"twitter_card":"summary_large_image","twitter_misc":{"Dur\u00e9e de lecture estim\u00e9e":"2 minutes"},"schema":{"@context":"https:\/\/schema.org","@graph":[{"@type":"WebPage","@id":"https:\/\/officialeleutheraharbourisland.com\/fr\/harbour-island\/se-deplacer\/location-de-bateaux\/","url":"https:\/\/officialeleutheraharbourisland.com\/fr\/harbour-island\/se-deplacer\/location-de-bateaux\/","name":"Location de bateaux aux Harbour Island, Bahamas.","isPartOf":{"@id":"https:\/\/officialeleutheraharbourisland.com\/#website"},"primaryImageOfPage":{"@id":"https:\/\/officialeleutheraharbourisland.com\/fr\/harbour-island\/se-deplacer\/location-de-bateaux\/#primaryimage"},"image":{"@id":"https:\/\/officialeleutheraharbourisland.com\/fr\/harbour-island\/se-deplacer\/location-de-bateaux\/#primaryimage"},"thumbnailUrl":"https:\/\/officialeleutheraharbourisland.com\/wp-content\/uploads\/2023\/02\/yatch-vat-taxes-jpg.webp","datePublished":"2022-04-04T11:37:39+00:00","dateModified":"2023-03-09T14:44:33+00:00","description":"Official Eleuthera Harbour Island your vacation guide of Harbor Island, gives you details about yacht rentals in Harbor Island, Bahamas.","breadcrumb":{"@id":"https:\/\/officialeleutheraharbourisland.com\/fr\/harbour-island\/se-deplacer\/location-de-bateaux\/#breadcrumb"},"inLanguage":"fr-FR","potentialAction":[{"@type":"ReadAction","target":["https:\/\/officialeleutheraharbourisland.com\/fr\/harbour-island\/se-deplacer\/location-de-bateaux\/"]}]},{"@type":"ImageObject","inLanguage":"fr-FR","@id":"https:\/\/officialeleutheraharbourisland.com\/fr\/harbour-island\/se-deplacer\/location-de-bateaux\/#primaryimage","url":"https:\/\/officialeleutheraharbourisland.com\/wp-content\/uploads\/2023\/02\/yatch-vat-taxes-jpg.webp","contentUrl":"https:\/\/officialeleutheraharbourisland.com\/wp-content\/uploads\/2023\/02\/yatch-vat-taxes-jpg.webp","width":700,"height":317,"caption":"yacht"},{"@type":"BreadcrumbList","@id":"https:\/\/officialeleutheraharbourisland.com\/fr\/harbour-island\/se-deplacer\/location-de-bateaux\/#breadcrumb","itemListElement":[{"@type":"ListItem","position":1,"name":"Home","item":"https:\/\/officialeleutheraharbourisland.com\/fr\/"},{"@type":"ListItem","position":2,"name":"HARBOUR ISLAND","item":"https:\/\/officialeleutheraharbourisland.com\/fr\/harbour-island\/"},{"@type":"ListItem","position":3,"name":"SE D\u00c9PLACER","item":"https:\/\/officialeleutheraharbourisland.com\/fr\/harbour-island\/se-deplacer\/"},{"@type":"ListItem","position":4,"name":"Location de bateaux"}]},{"@type":"WebSite","@id":"https:\/\/officialeleutheraharbourisland.com\/#website","url":"https:\/\/officialeleutheraharbourisland.com\/","name":"Official Eleuthera Harbour Island","description":"Where Beauty &amp; Nature Meet","publisher":{"@id":"https:\/\/officialeleutheraharbourisland.com\/#organization"},"potentialAction":[{"@type":"SearchAction","target":{"@type":"EntryPoint","urlTemplate":"https:\/\/officialeleutheraharbourisland.com\/?s={search_term_string}"},"query-input":{"@type":"PropertyValueSpecification","valueRequired":true,"valueName":"search_term_string"}}],"inLanguage":"fr-FR"},{"@type":"Organization","@id":"https:\/\/officialeleutheraharbourisland.com\/#organization","name":"Official Eleuthera Harbour Island","url":"https:\/\/officialeleutheraharbourisland.com\/","logo":{"@type":"ImageObject","inLanguage":"fr-FR","@id":"https:\/\/officialeleutheraharbourisland.com\/#\/schema\/logo\/image\/","url":"https:\/\/officialeleutheraharbourisland.com\/wp-content\/uploads\/2022\/03\/logo-new-GREY-275.png","contentUrl":"https:\/\/officialeleutheraharbourisland.com\/wp-content\/uploads\/2022\/03\/logo-new-GREY-275.png","width":275,"height":22,"caption":"Official Eleuthera Harbour Island"},"image":{"@id":"https:\/\/officialeleutheraharbourisland.com\/#\/schema\/logo\/image\/"}}]}},"jetpack_sharing_enabled":true,"_links":{"self":[{"href":"https:\/\/officialeleutheraharbourisland.com\/fr\/wp-json\/wp\/v2\/pages\/74555","targetHints":{"allow":["GET"]}}],"collection":[{"href":"https:\/\/officialeleutheraharbourisland.com\/fr\/wp-json\/wp\/v2\/pages"}],"about":[{"href":"https:\/\/officialeleutheraharbourisland.com\/fr\/wp-json\/wp\/v2\/types\/page"}],"author":[{"embeddable":true,"href":"https:\/\/officialeleutheraharbourisland.com\/fr\/wp-json\/wp\/v2\/users\/4"}],"replies":[{"embeddable":true,"href":"https:\/\/officialeleutheraharbourisland.com\/fr\/wp-json\/wp\/v2\/comments?post=74555"}],"version-history":[{"count":2,"href":"https:\/\/officialeleutheraharbourisland.com\/fr\/wp-json\/wp\/v2\/pages\/74555\/revisions"}],"predecessor-version":[{"id":74557,"href":"https:\/\/officialeleutheraharbourisland.com\/fr\/wp-json\/wp\/v2\/pages\/74555\/revisions\/74557"}],"up":[{"embeddable":true,"href":"https:\/\/officialeleutheraharbourisland.com\/fr\/wp-json\/wp\/v2\/pages\/74522"}],"wp:featuredmedia":[{"embeddable":true,"href":"https:\/\/officialeleutheraharbourisland.com\/fr\/wp-json\/wp\/v2\/media\/73499"}],"wp:attachment":[{"href":"https:\/\/officialeleutheraharbourisland.com\/fr\/wp-json\/wp\/v2\/media?parent=74555"}],"wp:term":[{"taxonomy":"category","embeddable":true,"href":"https:\/\/officialeleutheraharbourisland.com\/fr\/wp-json\/wp\/v2\/categories?post=74555"},{"taxonomy":"post_tag","embeddable":true,"href":"https:\/\/officialeleutheraharbourisland.com\/fr\/wp-json\/wp\/v2\/tags?post=74555"}],"curies":[{"name":"wp","href":"https:\/\/api.w.org\/{rel}","templated":true}]}}