{"id":74588,"date":"2023-02-15T18:11:32","date_gmt":"2023-02-15T18:11:32","guid":{"rendered":"https:\/\/officialeleutheraharbourisland.com\/harbour-island\/que-faire\/activites-sportives\/activites-nautiques\/snorkeling\/"},"modified":"2023-03-10T21:40:49","modified_gmt":"2023-03-10T21:40:49","slug":"plongee-en-apnee","status":"publish","type":"page","link":"https:\/\/officialeleutheraharbourisland.com\/fr\/harbour-island\/que-faire\/activites-sportives\/activites-nautiques\/plongee-en-apnee\/","title":{"rendered":"Plong\u00e9e en apn\u00e9e"},"content":{"rendered":"<div class=\"wpb-content-wrapper\"><p>[vc_row css=\u00a0\u00bb.vc_custom_1650996412893{padding-bottom: 50px !important;}\u00a0\u00bb][vc_column]<div id=\"ultimate-heading-220069e2a7e787d47\" class=\"uvc-heading ult-adjust-bottom-margin ultimate-heading-220069e2a7e787d47 uvc-2291 \" data-hspacer=\"no_spacer\"  data-halign=\"center\" style=\"text-align:center\"><div class=\"uvc-heading-spacer no_spacer\" style=\"top\"><\/div><div class=\"uvc-main-heading ult-responsive\"  data-ultimate-target='.uvc-heading.ultimate-heading-220069e2a7e787d47 h2'  data-responsive-json-new='{\"font-size\":\"\",\"line-height\":\"\"}' ><h2 style=\"font-weight:normal;margin-bottom:10px;\">Plong\u00e9e en apn\u00e9e \u00e0 Harbour Island<\/h2><\/div><\/div><div class=\"hr-thin style-line accent-border-color\" style=\"width: 100px;border-top-width: 3px;\"><\/div>[vc_column_text css=\u00a0\u00bb.vc_custom_1678484147318{padding-top: 30px !important;}\u00a0\u00bb]La plong\u00e9e avec tuba est une activit\u00e9 populaire \u00e0 Eleuthera et se pratique souvent avec des lunettes de natation, un tube de plong\u00e9e et des palmes. Eleuthera est dot\u00e9e de magnifiques eaux claires entour\u00e9es de r\u00e9cifs anim\u00e9s, remplis d&rsquo;animaux sauvages et id\u00e9ales pour la plong\u00e9e en apn\u00e9e. Les vacanciers, petits et grands, appr\u00e9cieront absolument la plong\u00e9e en apn\u00e9e. C&rsquo;est un d\u00e9lice pour tous les \u00e2ges et tous les sens. Les \u00ab\u00a0plong\u00e9es\u00a0\u00bb en apn\u00e9e peu profondes offrent une grande visibilit\u00e9 et offrent une excellente perspective sur la riche vie marine qui entoure les Bahamas.<\/p>\n<p>La plupart des c\u00f4t\u00e9s est et ouest d&rsquo;Eleuthera et de Harbour Island sont entour\u00e9s de r\u00e9cifs ou de falaises que les voyageurs seront ravis d&rsquo;explorer en faisant de la plong\u00e9e en apn\u00e9e.<\/p>\n<p>Si la plong\u00e9e en apn\u00e9e est une activit\u00e9 que vous aimez, nous vous sugg\u00e9rons d&rsquo;apporter votre \u00e9quipement de plong\u00e9e avec vous depuis chez vous. Il y a peu de magasins qui proposent de louer ou de vendre du mat\u00e9riel de plong\u00e9e en apn\u00e9e \u00e0 Eleuthera. Si vous avez de la chance, l&rsquo;h\u00f4tel o\u00f9 vous s\u00e9journez peut \u00eatre en mesure de vous pr\u00eater du mat\u00e9riel de snorkeling.<\/p>\n<p>Les vacanciers peuvent plonger directement depuis la plage ou depuis un bateau. Il existe de nombreuses possibilit\u00e9s de plong\u00e9e en bateau et des entreprises de plong\u00e9e professionnelles parmi lesquelles choisir.<\/p>\n<p>Souvent, la plong\u00e9e en apn\u00e9e est propos\u00e9e dans le cadre d&rsquo;une excursion en bateau de plong\u00e9e sous-marine ou d&rsquo;une exp\u00e9dition compl\u00e8te de plong\u00e9e en apn\u00e9e. Les entreprises d&rsquo;excursions vous factureront souvent s\u00e9par\u00e9ment le voyage en bateau et la location.[\/vc_column_text][\/vc_column][\/vc_row][vc_row css=\u00a0\u00bb.vc_custom_1650996499970{padding-bottom: 50px !important;}\u00a0\u00bb][vc_column]<style type=\"text\/css\" data-type=\"the7_shortcodes-inline-css\">.shortcode-single-image-wrap.shortcode-single-image-06377b256eeff834765774c82a3a24ca.enable-bg-rollover .rollover i,\n.shortcode-single-image-wrap.shortcode-single-image-06377b256eeff834765774c82a3a24ca.enable-bg-rollover .rollover-video i {\n  background: -webkit-linear-gradient();\n  background: linear-gradient();\n}\n.shortcode-single-image-wrap.shortcode-single-image-06377b256eeff834765774c82a3a24ca .rollover-icon {\n  font-size: 32px;\n  color: #ffffff;\n  min-width: 44px;\n  min-height: 44px;\n  line-height: 44px;\n  border-radius: 100px;\n  border-style: solid;\n  border-width: 0px;\n}\n.dt-icon-bg-on.shortcode-single-image-wrap.shortcode-single-image-06377b256eeff834765774c82a3a24ca .rollover-icon {\n  background: rgba(255,255,255,0.3);\n  box-shadow: none;\n}\n<\/style><div class=\"shortcode-single-image-wrap shortcode-single-image-06377b256eeff834765774c82a3a24ca alignnone  enable-bg-rollover dt-icon-bg-off\" style=\"margin-top:0px; margin-bottom:0px; margin-left:0px; margin-right:0px; width:800px;\" data-pretty-share=\"facebook,twitter,pinterest,linkedin\"><div class=\"shortcode-single-image\"><div class=\"fancy-media-wrap  layzr-bg\" style=\"\"><img fetchpriority=\"high\" decoding=\"async\" class=\"preload-me lazy-load aspect\" src=\"data:image\/svg+xml,%3Csvg%20xmlns%3D&#39;http%3A%2F%2Fwww.w3.org%2F2000%2Fsvg&#39;%20viewBox%3D&#39;0%200%20800%20400&#39;%2F%3E\" data-src=\"https:\/\/officialeleutheraharbourisland.com\/wp-content\/uploads\/2022\/04\/diving-800x400.jpeg\" data-srcset=\"https:\/\/officialeleutheraharbourisland.com\/wp-content\/uploads\/2022\/04\/diving-800x400.jpeg 800w, https:\/\/officialeleutheraharbourisland.com\/wp-content\/uploads\/2022\/04\/diving-1235x617.jpeg 1235w\" loading=\"eager\" sizes=\"(max-width: 800px) 100vw, 800px\" width=\"800\" height=\"400\"  data-dt-location=\"https:\/\/officialeleutheraharbourisland.com\/fr\/diving\/\" style=\"--ratio: 800 \/ 400;\" alt=\"\" \/><\/div><\/div><\/div>[vc_empty_space][vc_column_text]La liste des choses \u00e0 voir \u00e0 Eleuthera en snorkeling est plut\u00f4t longue. Par exemple :<\/p>\n<p><strong>\u00c9paves peu profondes:<\/strong> Certaines \u00e9paves sont suffisamment peu profondes pour permettre une exploration confortable depuis la surface ou en plongeant \u00e0 environ 10 pieds de profondeur.<\/p>\n<p><strong>Explorations des r\u00e9cifs:<\/strong> les plongeurs trouvent tr\u00e8s facile d&rsquo;explorer les r\u00e9cifs d&rsquo;Eleuthera et Harbour Island, ils sont nombreux, partout, ils sont peu profonds et \u00e0 proximit\u00e9 du rivage ou de la plage. Depuis la plage, les visiteurs verront clairement le changement de couleur et pourront donc identifier la position exacte de ces r\u00e9cifs.<\/p>\n<p><strong>Snorkeling souterrain:<\/strong> il se pratique principalement \u00e0 Eleuthera au pied de ses nombreuses falaises.<\/p>\n<p><strong>P\u00eache au harpon:<\/strong> les adeptes de ce sport trouveront leur paradis, ils doivent le faire avec le mat\u00e9riel ad\u00e9quat tout en respectant toutes les r\u00e9glementations bahamiennes et \u00e0 la bonne saison.<\/p>\n<p><strong>Nagez avec les tortues:<\/strong> les tortues sont pr\u00e9sentes partout, il n&rsquo;est donc pas rare de les voir se d\u00e9placer gracieusement dans l&rsquo;eau claire. Certaines zones, comme dans la partie nord d&rsquo;Eleuthera, sont connues pour \u00eatre un habitat de tortues; les plaisanciers se contenteront de les observer depuis leur embarcation, de les nourrir ou d&rsquo;aller nager ou plonger avec eux. Le meilleur endroit pour les rep\u00e9rer est au Bas de Harbour Beach.<\/p>\n<p>&nbsp;<\/p>\n<p>Voici quelques-unes des meilleures entreprises de Harbour Island pour la plong\u00e9e en apn\u00e9e :<\/p>\n<p><a href=\"https:\/\/www.valentinesdive.com\/\" target=\"_blank\" rel=\"noopener\">Valentine&rsquo;s Dive Center:<\/a> C&rsquo;est le centre de plong\u00e9e le plus populaire situ\u00e9 \u00e0 Dunmore Town, Harbour Island. Ce centre de plong\u00e9e vend et propose \u00e0 la location du mat\u00e9riel de plong\u00e9e et de snorkeling. De plus, ils offrent tous les types et niveaux d&rsquo;instruction, des conseils de plong\u00e9e et des certifications. Vous pouvez les contacter au 242-333-2080.<\/p>\n<p><a href=\"http:\/\/www.saileleuthera.com\/\" target=\"_blank\" rel=\"noopener\">Eleuthera Sailing Adventures:<\/a> La soci\u00e9t\u00e9 Eleuthera Sailing Adventure propose de nombreux sports nautiques allant de la plong\u00e9e en apn\u00e9e, de la plong\u00e9e, des promenades sur la plage, etc. Le bateau part de Harbour Island. Ils ont un yacht classique pouvant accueillir jusqu&rsquo;\u00e0 12 personnes. Alors ne vous inqui\u00e9tez pas de laisser votre ami derri\u00e8re vous. Pour plus d&rsquo;informations, contactez-les au 242.475.3741.<\/p>\n<p><a href=\"http:\/\/www.oceanfoxfishingbahamas.com\/\" target=\"_blank\" rel=\"noopener\">Centre de plong\u00e9e et de p\u00eache en haute mer Ocean Fox :<\/a> Il s&rsquo;agit d&rsquo;un centre de p\u00eache en haute mer situ\u00e9 \u00e0 Dunmore Town, Harbour Island. Ocean Fox diving and snorkeling propose des excursions et des parties de p\u00eache avec un \u00e9quipage et un capitaine bien form\u00e9s. Ils assurent votre s\u00fbret\u00e9 et votre s\u00e9curit\u00e9. Pour plus d&rsquo;informations, vous pouvez les contacter au 242-333-2323.<\/p>\n<p>La plong\u00e9e sous-marine et le snorkeling sont des sports sous-marins qui demandent du courage ainsi qu&rsquo;un guide bien form\u00e9. Les entreprises mentionn\u00e9es ci-dessus sont dignes de confiance et fournissent les meilleurs outils et services.[\/vc_column_text][\/vc_column][\/vc_row]<\/p>\n<\/div>","protected":false},"excerpt":{"rendered":"<p>[vc_row css=\u00a0\u00bb.vc_custom_1650996412893{padding-bottom: 50px !important;}\u00a0\u00bb][vc_column][vc_column_text css=\u00a0\u00bb.vc_custom_1678484147318{padding-top: 30px !important;}\u00a0\u00bb]La plong\u00e9e avec tuba est une activit\u00e9 populaire \u00e0 Eleuthera et se pratique souvent avec des lunettes de natation, un tube de plong\u00e9e et des palmes. Eleuthera est dot\u00e9e de magnifiques eaux claires entour\u00e9es de r\u00e9cifs anim\u00e9s, remplis d&rsquo;animaux sauvages et id\u00e9ales pour la plong\u00e9e en apn\u00e9e. Les vacanciers,&hellip;<\/p>\n","protected":false},"author":1,"featured_media":62121,"parent":74569,"menu_order":0,"comment_status":"closed","ping_status":"closed","template":"","meta":{"footnotes":""},"categories":[],"tags":[1192],"class_list":["post-74588","page","type-page","status-publish","has-post-thumbnail","hentry","tag-water-sports-activities-harbour-island-fr-2","description-off"],"yoast_head":"<!-- This site is optimized with the Yoast SEO Premium plugin v25.2 (Yoast SEO v27.4) - https:\/\/yoast.com\/product\/yoast-seo-premium-wordpress\/ -->\n<title>Plong\u00e9e en apn\u00e9e \u00e0 Harbour Island. Activit\u00e9s nautiques Bahamas.<\/title>\n<meta name=\"description\" content=\"Official Eleuthera Harbour Island votre source pour Harbour Island, partage des informations sur la plong\u00e9e en apn\u00e9e. Activit\u00e9s nautiques aux Bahamas.\" \/>\n<meta name=\"robots\" content=\"index, follow, max-snippet:-1, max-image-preview:large, max-video-preview:-1\" \/>\n<link rel=\"canonical\" href=\"https:\/\/officialeleutheraharbourisland.com\/fr\/harbour-island\/que-faire\/activites-sportives\/activites-nautiques\/plongee-en-apnee\/\" \/>\n<meta property=\"og:locale\" content=\"fr_FR\" \/>\n<meta property=\"og:type\" content=\"article\" \/>\n<meta property=\"og:title\" content=\"Plong\u00e9e en apn\u00e9e\" \/>\n<meta property=\"og:description\" content=\"Official Eleuthera Harbour Island votre source pour Harbour Island, partage des informations sur la plong\u00e9e en apn\u00e9e. Activit\u00e9s nautiques aux Bahamas.\" \/>\n<meta property=\"og:url\" content=\"https:\/\/officialeleutheraharbourisland.com\/fr\/harbour-island\/que-faire\/activites-sportives\/activites-nautiques\/plongee-en-apnee\/\" \/>\n<meta property=\"og:site_name\" content=\"Official Eleuthera Harbour Island\" \/>\n<meta property=\"article:modified_time\" content=\"2023-03-10T21:40:49+00:00\" \/>\n<meta property=\"og:image\" content=\"https:\/\/officialeleutheraharbourisland.com\/wp-content\/uploads\/2022\/04\/blue-water-gc26ca5442_1920.jpg\" \/>\n\t<meta property=\"og:image:width\" content=\"1920\" \/>\n\t<meta property=\"og:image:height\" content=\"1439\" \/>\n\t<meta property=\"og:image:type\" content=\"image\/jpeg\" \/>\n<meta name=\"twitter:card\" content=\"summary_large_image\" \/>\n<meta name=\"twitter:label1\" content=\"Dur\u00e9e de lecture estim\u00e9e\" \/>\n\t<meta name=\"twitter:data1\" content=\"4 minutes\" \/>\n<script type=\"application\/ld+json\" class=\"yoast-schema-graph\">{\"@context\":\"https:\\\/\\\/schema.org\",\"@graph\":[{\"@type\":\"WebPage\",\"@id\":\"https:\\\/\\\/officialeleutheraharbourisland.com\\\/fr\\\/harbour-island\\\/que-faire\\\/activites-sportives\\\/activites-nautiques\\\/plongee-en-apnee\\\/\",\"url\":\"https:\\\/\\\/officialeleutheraharbourisland.com\\\/fr\\\/harbour-island\\\/que-faire\\\/activites-sportives\\\/activites-nautiques\\\/plongee-en-apnee\\\/\",\"name\":\"Plong\u00e9e en apn\u00e9e \u00e0 Harbour Island. Activit\u00e9s nautiques Bahamas.\",\"isPartOf\":{\"@id\":\"https:\\\/\\\/officialeleutheraharbourisland.com\\\/#website\"},\"primaryImageOfPage\":{\"@id\":\"https:\\\/\\\/officialeleutheraharbourisland.com\\\/fr\\\/harbour-island\\\/que-faire\\\/activites-sportives\\\/activites-nautiques\\\/plongee-en-apnee\\\/#primaryimage\"},\"image\":{\"@id\":\"https:\\\/\\\/officialeleutheraharbourisland.com\\\/fr\\\/harbour-island\\\/que-faire\\\/activites-sportives\\\/activites-nautiques\\\/plongee-en-apnee\\\/#primaryimage\"},\"thumbnailUrl\":\"https:\\\/\\\/officialeleutheraharbourisland.com\\\/wp-content\\\/uploads\\\/2022\\\/04\\\/blue-water-gc26ca5442_1920.jpg\",\"datePublished\":\"2023-02-15T18:11:32+00:00\",\"dateModified\":\"2023-03-10T21:40:49+00:00\",\"description\":\"Official Eleuthera Harbour Island votre source pour Harbour Island, partage des informations sur la plong\u00e9e en apn\u00e9e. Activit\u00e9s nautiques aux Bahamas.\",\"breadcrumb\":{\"@id\":\"https:\\\/\\\/officialeleutheraharbourisland.com\\\/fr\\\/harbour-island\\\/que-faire\\\/activites-sportives\\\/activites-nautiques\\\/plongee-en-apnee\\\/#breadcrumb\"},\"inLanguage\":\"fr-FR\",\"potentialAction\":[{\"@type\":\"ReadAction\",\"target\":[\"https:\\\/\\\/officialeleutheraharbourisland.com\\\/fr\\\/harbour-island\\\/que-faire\\\/activites-sportives\\\/activites-nautiques\\\/plongee-en-apnee\\\/\"]}]},{\"@type\":\"ImageObject\",\"inLanguage\":\"fr-FR\",\"@id\":\"https:\\\/\\\/officialeleutheraharbourisland.com\\\/fr\\\/harbour-island\\\/que-faire\\\/activites-sportives\\\/activites-nautiques\\\/plongee-en-apnee\\\/#primaryimage\",\"url\":\"https:\\\/\\\/officialeleutheraharbourisland.com\\\/wp-content\\\/uploads\\\/2022\\\/04\\\/blue-water-gc26ca5442_1920.jpg\",\"contentUrl\":\"https:\\\/\\\/officialeleutheraharbourisland.com\\\/wp-content\\\/uploads\\\/2022\\\/04\\\/blue-water-gc26ca5442_1920.jpg\",\"width\":1920,\"height\":1439},{\"@type\":\"BreadcrumbList\",\"@id\":\"https:\\\/\\\/officialeleutheraharbourisland.com\\\/fr\\\/harbour-island\\\/que-faire\\\/activites-sportives\\\/activites-nautiques\\\/plongee-en-apnee\\\/#breadcrumb\",\"itemListElement\":[{\"@type\":\"ListItem\",\"position\":1,\"name\":\"Home\",\"item\":\"https:\\\/\\\/officialeleutheraharbourisland.com\\\/fr\\\/\"},{\"@type\":\"ListItem\",\"position\":2,\"name\":\"HARBOUR ISLAND\",\"item\":\"https:\\\/\\\/officialeleutheraharbourisland.com\\\/fr\\\/harbour-island\\\/\"},{\"@type\":\"ListItem\",\"position\":3,\"name\":\"QUE FAIRE\",\"item\":\"https:\\\/\\\/officialeleutheraharbourisland.com\\\/fr\\\/harbour-island\\\/que-faire\\\/\"},{\"@type\":\"ListItem\",\"position\":4,\"name\":\"Activites Sportives\",\"item\":\"https:\\\/\\\/officialeleutheraharbourisland.com\\\/fr\\\/harbour-island\\\/choses-a-faire__trashed\\\/activites-sportives\\\/\"},{\"@type\":\"ListItem\",\"position\":5,\"name\":\"Activit\u00e9s nautiques\",\"item\":\"https:\\\/\\\/officialeleutheraharbourisland.com\\\/fr\\\/harbour-island\\\/choses-a-faire__trashed\\\/activites-sportives\\\/activites-nautiques\\\/\"},{\"@type\":\"ListItem\",\"position\":6,\"name\":\"Plong\u00e9e en apn\u00e9e\"}]},{\"@type\":\"WebSite\",\"@id\":\"https:\\\/\\\/officialeleutheraharbourisland.com\\\/#website\",\"url\":\"https:\\\/\\\/officialeleutheraharbourisland.com\\\/\",\"name\":\"Official Eleuthera Harbour Island\",\"description\":\"Where Beauty &amp; Nature Meet\",\"publisher\":{\"@id\":\"https:\\\/\\\/officialeleutheraharbourisland.com\\\/#organization\"},\"potentialAction\":[{\"@type\":\"SearchAction\",\"target\":{\"@type\":\"EntryPoint\",\"urlTemplate\":\"https:\\\/\\\/officialeleutheraharbourisland.com\\\/?s={search_term_string}\"},\"query-input\":{\"@type\":\"PropertyValueSpecification\",\"valueRequired\":true,\"valueName\":\"search_term_string\"}}],\"inLanguage\":\"fr-FR\"},{\"@type\":\"Organization\",\"@id\":\"https:\\\/\\\/officialeleutheraharbourisland.com\\\/#organization\",\"name\":\"Official Eleuthera Harbour Island\",\"url\":\"https:\\\/\\\/officialeleutheraharbourisland.com\\\/\",\"logo\":{\"@type\":\"ImageObject\",\"inLanguage\":\"fr-FR\",\"@id\":\"https:\\\/\\\/officialeleutheraharbourisland.com\\\/#\\\/schema\\\/logo\\\/image\\\/\",\"url\":\"https:\\\/\\\/officialeleutheraharbourisland.com\\\/wp-content\\\/uploads\\\/2022\\\/03\\\/logo-new-GREY-275.png\",\"contentUrl\":\"https:\\\/\\\/officialeleutheraharbourisland.com\\\/wp-content\\\/uploads\\\/2022\\\/03\\\/logo-new-GREY-275.png\",\"width\":275,\"height\":22,\"caption\":\"Official Eleuthera Harbour Island\"},\"image\":{\"@id\":\"https:\\\/\\\/officialeleutheraharbourisland.com\\\/#\\\/schema\\\/logo\\\/image\\\/\"}}]}<\/script>\n<!-- \/ Yoast SEO Premium plugin. -->","yoast_head_json":{"title":"Plong\u00e9e en apn\u00e9e \u00e0 Harbour Island. Activit\u00e9s nautiques Bahamas.","description":"Official Eleuthera Harbour Island votre source pour Harbour Island, partage des informations sur la plong\u00e9e en apn\u00e9e. Activit\u00e9s nautiques aux Bahamas.","robots":{"index":"index","follow":"follow","max-snippet":"max-snippet:-1","max-image-preview":"max-image-preview:large","max-video-preview":"max-video-preview:-1"},"canonical":"https:\/\/officialeleutheraharbourisland.com\/fr\/harbour-island\/que-faire\/activites-sportives\/activites-nautiques\/plongee-en-apnee\/","og_locale":"fr_FR","og_type":"article","og_title":"Plong\u00e9e en apn\u00e9e","og_description":"Official Eleuthera Harbour Island votre source pour Harbour Island, partage des informations sur la plong\u00e9e en apn\u00e9e. Activit\u00e9s nautiques aux Bahamas.","og_url":"https:\/\/officialeleutheraharbourisland.com\/fr\/harbour-island\/que-faire\/activites-sportives\/activites-nautiques\/plongee-en-apnee\/","og_site_name":"Official Eleuthera Harbour Island","article_modified_time":"2023-03-10T21:40:49+00:00","og_image":[{"width":1920,"height":1439,"url":"https:\/\/officialeleutheraharbourisland.com\/wp-content\/uploads\/2022\/04\/blue-water-gc26ca5442_1920.jpg","type":"image\/jpeg"}],"twitter_card":"summary_large_image","twitter_misc":{"Dur\u00e9e de lecture estim\u00e9e":"4 minutes"},"schema":{"@context":"https:\/\/schema.org","@graph":[{"@type":"WebPage","@id":"https:\/\/officialeleutheraharbourisland.com\/fr\/harbour-island\/que-faire\/activites-sportives\/activites-nautiques\/plongee-en-apnee\/","url":"https:\/\/officialeleutheraharbourisland.com\/fr\/harbour-island\/que-faire\/activites-sportives\/activites-nautiques\/plongee-en-apnee\/","name":"Plong\u00e9e en apn\u00e9e \u00e0 Harbour Island. Activit\u00e9s nautiques Bahamas.","isPartOf":{"@id":"https:\/\/officialeleutheraharbourisland.com\/#website"},"primaryImageOfPage":{"@id":"https:\/\/officialeleutheraharbourisland.com\/fr\/harbour-island\/que-faire\/activites-sportives\/activites-nautiques\/plongee-en-apnee\/#primaryimage"},"image":{"@id":"https:\/\/officialeleutheraharbourisland.com\/fr\/harbour-island\/que-faire\/activites-sportives\/activites-nautiques\/plongee-en-apnee\/#primaryimage"},"thumbnailUrl":"https:\/\/officialeleutheraharbourisland.com\/wp-content\/uploads\/2022\/04\/blue-water-gc26ca5442_1920.jpg","datePublished":"2023-02-15T18:11:32+00:00","dateModified":"2023-03-10T21:40:49+00:00","description":"Official Eleuthera Harbour Island votre source pour Harbour Island, partage des informations sur la plong\u00e9e en apn\u00e9e. Activit\u00e9s nautiques aux Bahamas.","breadcrumb":{"@id":"https:\/\/officialeleutheraharbourisland.com\/fr\/harbour-island\/que-faire\/activites-sportives\/activites-nautiques\/plongee-en-apnee\/#breadcrumb"},"inLanguage":"fr-FR","potentialAction":[{"@type":"ReadAction","target":["https:\/\/officialeleutheraharbourisland.com\/fr\/harbour-island\/que-faire\/activites-sportives\/activites-nautiques\/plongee-en-apnee\/"]}]},{"@type":"ImageObject","inLanguage":"fr-FR","@id":"https:\/\/officialeleutheraharbourisland.com\/fr\/harbour-island\/que-faire\/activites-sportives\/activites-nautiques\/plongee-en-apnee\/#primaryimage","url":"https:\/\/officialeleutheraharbourisland.com\/wp-content\/uploads\/2022\/04\/blue-water-gc26ca5442_1920.jpg","contentUrl":"https:\/\/officialeleutheraharbourisland.com\/wp-content\/uploads\/2022\/04\/blue-water-gc26ca5442_1920.jpg","width":1920,"height":1439},{"@type":"BreadcrumbList","@id":"https:\/\/officialeleutheraharbourisland.com\/fr\/harbour-island\/que-faire\/activites-sportives\/activites-nautiques\/plongee-en-apnee\/#breadcrumb","itemListElement":[{"@type":"ListItem","position":1,"name":"Home","item":"https:\/\/officialeleutheraharbourisland.com\/fr\/"},{"@type":"ListItem","position":2,"name":"HARBOUR ISLAND","item":"https:\/\/officialeleutheraharbourisland.com\/fr\/harbour-island\/"},{"@type":"ListItem","position":3,"name":"QUE FAIRE","item":"https:\/\/officialeleutheraharbourisland.com\/fr\/harbour-island\/que-faire\/"},{"@type":"ListItem","position":4,"name":"Activites Sportives","item":"https:\/\/officialeleutheraharbourisland.com\/fr\/harbour-island\/choses-a-faire__trashed\/activites-sportives\/"},{"@type":"ListItem","position":5,"name":"Activit\u00e9s nautiques","item":"https:\/\/officialeleutheraharbourisland.com\/fr\/harbour-island\/choses-a-faire__trashed\/activites-sportives\/activites-nautiques\/"},{"@type":"ListItem","position":6,"name":"Plong\u00e9e en apn\u00e9e"}]},{"@type":"WebSite","@id":"https:\/\/officialeleutheraharbourisland.com\/#website","url":"https:\/\/officialeleutheraharbourisland.com\/","name":"Official Eleuthera Harbour Island","description":"Where Beauty &amp; Nature Meet","publisher":{"@id":"https:\/\/officialeleutheraharbourisland.com\/#organization"},"potentialAction":[{"@type":"SearchAction","target":{"@type":"EntryPoint","urlTemplate":"https:\/\/officialeleutheraharbourisland.com\/?s={search_term_string}"},"query-input":{"@type":"PropertyValueSpecification","valueRequired":true,"valueName":"search_term_string"}}],"inLanguage":"fr-FR"},{"@type":"Organization","@id":"https:\/\/officialeleutheraharbourisland.com\/#organization","name":"Official Eleuthera Harbour Island","url":"https:\/\/officialeleutheraharbourisland.com\/","logo":{"@type":"ImageObject","inLanguage":"fr-FR","@id":"https:\/\/officialeleutheraharbourisland.com\/#\/schema\/logo\/image\/","url":"https:\/\/officialeleutheraharbourisland.com\/wp-content\/uploads\/2022\/03\/logo-new-GREY-275.png","contentUrl":"https:\/\/officialeleutheraharbourisland.com\/wp-content\/uploads\/2022\/03\/logo-new-GREY-275.png","width":275,"height":22,"caption":"Official Eleuthera Harbour Island"},"image":{"@id":"https:\/\/officialeleutheraharbourisland.com\/#\/schema\/logo\/image\/"}}]}},"jetpack_sharing_enabled":true,"_links":{"self":[{"href":"https:\/\/officialeleutheraharbourisland.com\/fr\/wp-json\/wp\/v2\/pages\/74588","targetHints":{"allow":["GET"]}}],"collection":[{"href":"https:\/\/officialeleutheraharbourisland.com\/fr\/wp-json\/wp\/v2\/pages"}],"about":[{"href":"https:\/\/officialeleutheraharbourisland.com\/fr\/wp-json\/wp\/v2\/types\/page"}],"author":[{"embeddable":true,"href":"https:\/\/officialeleutheraharbourisland.com\/fr\/wp-json\/wp\/v2\/users\/1"}],"replies":[{"embeddable":true,"href":"https:\/\/officialeleutheraharbourisland.com\/fr\/wp-json\/wp\/v2\/comments?post=74588"}],"version-history":[{"count":2,"href":"https:\/\/officialeleutheraharbourisland.com\/fr\/wp-json\/wp\/v2\/pages\/74588\/revisions"}],"predecessor-version":[{"id":74590,"href":"https:\/\/officialeleutheraharbourisland.com\/fr\/wp-json\/wp\/v2\/pages\/74588\/revisions\/74590"}],"up":[{"embeddable":true,"href":"https:\/\/officialeleutheraharbourisland.com\/fr\/wp-json\/wp\/v2\/pages\/74569"}],"wp:featuredmedia":[{"embeddable":true,"href":"https:\/\/officialeleutheraharbourisland.com\/fr\/wp-json\/wp\/v2\/media\/62121"}],"wp:attachment":[{"href":"https:\/\/officialeleutheraharbourisland.com\/fr\/wp-json\/wp\/v2\/media?parent=74588"}],"wp:term":[{"taxonomy":"category","embeddable":true,"href":"https:\/\/officialeleutheraharbourisland.com\/fr\/wp-json\/wp\/v2\/categories?post=74588"},{"taxonomy":"post_tag","embeddable":true,"href":"https:\/\/officialeleutheraharbourisland.com\/fr\/wp-json\/wp\/v2\/tags?post=74588"}],"curies":[{"name":"wp","href":"https:\/\/api.w.org\/{rel}","templated":true}]}}