{"id":74595,"date":"2023-02-15T18:11:32","date_gmt":"2023-02-15T18:11:32","guid":{"rendered":"https:\/\/officialeleutheraharbourisland.com\/harbour-island\/que-faire\/activites-sportives\/activites-nautiques\/paddle-boarding\/"},"modified":"2023-03-13T14:04:29","modified_gmt":"2023-03-13T14:04:29","slug":"planche-a-pagaie","status":"publish","type":"page","link":"https:\/\/officialeleutheraharbourisland.com\/fr\/harbour-island\/que-faire\/activites-sportives\/activites-nautiques\/planche-a-pagaie\/","title":{"rendered":"Planche \u00e0 pagaie"},"content":{"rendered":"<div class=\"wpb-content-wrapper\"><p>[vc_row css=\u00a0\u00bb.vc_custom_1650996412893{padding-bottom: 50px !important;}\u00a0\u00bb][vc_column]<div id=\"ultimate-heading-115069e2bb7e7d43b\" class=\"uvc-heading ult-adjust-bottom-margin ultimate-heading-115069e2bb7e7d43b uvc-4827 \" data-hspacer=\"no_spacer\"  data-halign=\"center\" style=\"text-align:center\"><div class=\"uvc-heading-spacer no_spacer\" style=\"top\"><\/div><div class=\"uvc-main-heading ult-responsive\"  data-ultimate-target='.uvc-heading.ultimate-heading-115069e2bb7e7d43b h2'  data-responsive-json-new='{\"font-size\":\"\",\"line-height\":\"\"}' ><h2 style=\"font-weight:normal;margin-bottom:10px;\">Paddle Boarding in Harbour Island<\/h2><\/div><\/div><div class=\"hr-thin style-line accent-border-color\" style=\"width: 100px;border-top-width: 3px;\"><\/div>[vc_column_text css=\u00a0\u00bb.vc_custom_1678716020318{padding-top: 30px !important;}\u00a0\u00bb]Paddle Boarding, ou SUP comme la plupart l&rsquo;appellent; est l&rsquo;une des s\u00e9ances d&rsquo;entra\u00eenement les plus relaxantes et les plus agr\u00e9ables physiquement que vous aurez jamais exp\u00e9riment\u00e9es. Ce n&rsquo;est pas aussi facile qu&rsquo;il y para\u00eet.<\/p>\n<p>Le paddle board est l&rsquo;un des sports les plus agr\u00e9ables \u00e0 Harbour island BahamasLe d\u00e9butant trouvera sans aucun doute l&rsquo;apprentissage un peu frustrant, quelqu&rsquo;un qui a de l&rsquo;\u00e9quilibre devrait commencer \u00e0 s&rsquo;amuser apr\u00e8s 30 minutes.<\/p>\n<p>Les plages de sable rose et la merveilleuse eau turquoise rendront l&rsquo;apprentissage agr\u00e9able.<\/p>\n<p>Les visiteurs peuvent s&rsquo;entra\u00eener c\u00f4t\u00e9 plage et c\u00f4t\u00e9 baie. Marcher ou nager du c\u00f4t\u00e9 de la plage, des nuances de brun plus fonc\u00e9 indiqueront la pr\u00e9sence de r\u00e9cifs visibles, certains sont profonds d&rsquo;autres peu profonds. Les pratiquants doivent rester \u00e0 l&rsquo;\u00e9cart de ceux peu profonds, en cas de chute ils pourraient se blesser. Les r\u00e9cifs sont situ\u00e9s en moyenne \u00e0 100\u00a0pieds du rivage. En cas de vents violents et de conditions ondul\u00e9es, il est recommand\u00e9 de s&rsquo;entra\u00eener du c\u00f4t\u00e9 de la baie.<\/p>\n<p>Les h\u00f4tels sur la plage tels que le Coral Sands ou des h\u00f4tels de luxe similaires pr\u00eateront aux clients des planches \u00e0 pagaie. Les locations de vacances de luxe telles que Palmeraiebahamas situ\u00e9es directement sur la plage pr\u00eateront \u00e9galement des paddleboards aux clients.[\/vc_column_text][\/vc_column][\/vc_row][vc_row css=\u00a0\u00bb.vc_custom_1650996499970{padding-bottom: 50px !important;}\u00a0\u00bb][vc_column]<style type=\"text\/css\" data-type=\"the7_shortcodes-inline-css\">.shortcode-single-image-wrap.shortcode-single-image-d2bb45c843799fc0cf15b6651b7ccc13.enable-bg-rollover .rollover i,\n.shortcode-single-image-wrap.shortcode-single-image-d2bb45c843799fc0cf15b6651b7ccc13.enable-bg-rollover .rollover-video i {\n  background: -webkit-linear-gradient();\n  background: linear-gradient();\n}\n.shortcode-single-image-wrap.shortcode-single-image-d2bb45c843799fc0cf15b6651b7ccc13 .rollover-icon {\n  font-size: 32px;\n  color: #ffffff;\n  min-width: 44px;\n  min-height: 44px;\n  line-height: 44px;\n  border-radius: 100px;\n  border-style: solid;\n  border-width: 0px;\n}\n.dt-icon-bg-on.shortcode-single-image-wrap.shortcode-single-image-d2bb45c843799fc0cf15b6651b7ccc13 .rollover-icon {\n  background: rgba(255,255,255,0.3);\n  box-shadow: none;\n}\n<\/style><div class=\"shortcode-single-image-wrap shortcode-single-image-d2bb45c843799fc0cf15b6651b7ccc13 alignnone  enable-bg-rollover dt-icon-bg-off\" style=\"margin-top:0px; margin-bottom:0px; margin-left:0px; margin-right:0px; width:800px;\" data-pretty-share=\"facebook,twitter,pinterest,linkedin\"><div class=\"shortcode-single-image\"><div class=\"fancy-media-wrap  layzr-bg\" style=\"\"><img fetchpriority=\"high\" decoding=\"async\" class=\"preload-me lazy-load aspect\" src=\"data:image\/svg+xml,%3Csvg%20xmlns%3D&#39;http%3A%2F%2Fwww.w3.org%2F2000%2Fsvg&#39;%20viewBox%3D&#39;0%200%20800%20400&#39;%2F%3E\" data-src=\"https:\/\/officialeleutheraharbourisland.com\/wp-content\/uploads\/2022\/04\/paddle-1-800x400.png\" data-srcset=\"https:\/\/officialeleutheraharbourisland.com\/wp-content\/uploads\/2022\/04\/paddle-1-800x400.png 800w, https:\/\/officialeleutheraharbourisland.com\/wp-content\/uploads\/2022\/04\/paddle-1-1600x800.png 1600w\" loading=\"eager\" sizes=\"(max-width: 800px) 100vw, 800px\" width=\"800\" height=\"400\"  data-dt-location=\"https:\/\/officialeleutheraharbourisland.com\/fr\/paddle-2\/\" style=\"--ratio: 800 \/ 400;\" alt=\"Paddle Boarding in Harbour Island\" \/><\/div><\/div><\/div>[\/vc_column][\/vc_row][vc_row css=\u00a0\u00bb.vc_custom_1650996515824{padding-bottom: 50px !important;}\u00a0\u00bb][vc_column][vc_column_text]Les endroits o\u00f9 vous essayer au Paddle Boarding \u00e0 Harbour Island aux Bahamas comprennent :<\/p>\n<ol>\n<li>Michael Cycles \u2013 242 464-0994<\/li>\n<li>Valentine\u2019s Dive Center and SUP -242 333-2080<\/li>\n<li>Harbour Water Adventures 800 224-2627<\/li>\n<\/ol>\n<p>Les planches de SUP se louent g\u00e9n\u00e9ralement \u00e0 15,00 $ de l&rsquo;heure, avec des cours priv\u00e9s et des visites allant de 50,00 \u00e0 150,00 $ pour une demi-journ\u00e9e et une journ\u00e9e compl\u00e8te. Harbour Island Bahamas Paddleboard Rentals sont facilement disponibles pour votre plaisir.[\/vc_column_text][\/vc_column][\/vc_row]<\/p>\n<\/div>","protected":false},"excerpt":{"rendered":"<p>[vc_row css=\u00a0\u00bb.vc_custom_1650996412893{padding-bottom: 50px !important;}\u00a0\u00bb][vc_column][vc_column_text css=\u00a0\u00bb.vc_custom_1678716020318{padding-top: 30px !important;}\u00a0\u00bb]Paddle Boarding, ou SUP comme la plupart l&rsquo;appellent; est l&rsquo;une des s\u00e9ances d&rsquo;entra\u00eenement les plus relaxantes et les plus agr\u00e9ables physiquement que vous aurez jamais exp\u00e9riment\u00e9es. Ce n&rsquo;est pas aussi facile qu&rsquo;il y para\u00eet. Le paddle board est l&rsquo;un des sports les plus agr\u00e9ables \u00e0 Harbour island BahamasLe d\u00e9butant&hellip;<\/p>\n","protected":false},"author":1,"featured_media":62094,"parent":74569,"menu_order":0,"comment_status":"closed","ping_status":"closed","template":"","meta":{"footnotes":""},"categories":[],"tags":[1192],"class_list":["post-74595","page","type-page","status-publish","has-post-thumbnail","hentry","tag-water-sports-activities-harbour-island-fr-2","description-off"],"yoast_head":"<!-- This site is optimized with the Yoast SEO Premium plugin v25.2 (Yoast SEO v27.4) - https:\/\/yoast.com\/product\/yoast-seo-premium-wordpress\/ -->\n<title>Planche \u00e0 pagaie Harbour Island. Activit\u00e9s nautiques Bahamas.<\/title>\n<meta name=\"description\" content=\"Official Eleuthera Harbour Island votre source pour Harbour Island, partage sur le paddle board. activit\u00e9s nautiques aux Bahamas.\" \/>\n<meta name=\"robots\" content=\"index, follow, max-snippet:-1, max-image-preview:large, max-video-preview:-1\" \/>\n<link rel=\"canonical\" href=\"https:\/\/officialeleutheraharbourisland.com\/fr\/harbour-island\/que-faire\/activites-sportives\/activites-nautiques\/planche-a-pagaie\/\" \/>\n<meta property=\"og:locale\" content=\"fr_FR\" \/>\n<meta property=\"og:type\" content=\"article\" \/>\n<meta property=\"og:title\" content=\"Planche \u00e0 pagaie\" \/>\n<meta property=\"og:description\" content=\"Official Eleuthera Harbour Island votre source pour Harbour Island, partage sur le paddle board. activit\u00e9s nautiques aux Bahamas.\" \/>\n<meta property=\"og:url\" content=\"https:\/\/officialeleutheraharbourisland.com\/fr\/harbour-island\/que-faire\/activites-sportives\/activites-nautiques\/planche-a-pagaie\/\" \/>\n<meta property=\"og:site_name\" content=\"Official Eleuthera Harbour Island\" \/>\n<meta property=\"article:modified_time\" content=\"2023-03-13T14:04:29+00:00\" \/>\n<meta property=\"og:image\" content=\"https:\/\/officialeleutheraharbourisland.com\/wp-content\/uploads\/2022\/04\/paddle-1-1024x606.png\" \/>\n\t<meta property=\"og:image:width\" content=\"1024\" \/>\n\t<meta property=\"og:image:height\" content=\"606\" \/>\n\t<meta property=\"og:image:type\" content=\"image\/png\" \/>\n<meta name=\"twitter:card\" content=\"summary_large_image\" \/>\n<meta name=\"twitter:label1\" content=\"Dur\u00e9e de lecture estim\u00e9e\" \/>\n\t<meta name=\"twitter:data1\" content=\"2 minutes\" \/>\n<script type=\"application\/ld+json\" class=\"yoast-schema-graph\">{\"@context\":\"https:\\\/\\\/schema.org\",\"@graph\":[{\"@type\":\"WebPage\",\"@id\":\"https:\\\/\\\/officialeleutheraharbourisland.com\\\/fr\\\/harbour-island\\\/que-faire\\\/activites-sportives\\\/activites-nautiques\\\/planche-a-pagaie\\\/\",\"url\":\"https:\\\/\\\/officialeleutheraharbourisland.com\\\/fr\\\/harbour-island\\\/que-faire\\\/activites-sportives\\\/activites-nautiques\\\/planche-a-pagaie\\\/\",\"name\":\"Planche \u00e0 pagaie Harbour Island. Activit\u00e9s nautiques Bahamas.\",\"isPartOf\":{\"@id\":\"https:\\\/\\\/officialeleutheraharbourisland.com\\\/#website\"},\"primaryImageOfPage\":{\"@id\":\"https:\\\/\\\/officialeleutheraharbourisland.com\\\/fr\\\/harbour-island\\\/que-faire\\\/activites-sportives\\\/activites-nautiques\\\/planche-a-pagaie\\\/#primaryimage\"},\"image\":{\"@id\":\"https:\\\/\\\/officialeleutheraharbourisland.com\\\/fr\\\/harbour-island\\\/que-faire\\\/activites-sportives\\\/activites-nautiques\\\/planche-a-pagaie\\\/#primaryimage\"},\"thumbnailUrl\":\"https:\\\/\\\/officialeleutheraharbourisland.com\\\/wp-content\\\/uploads\\\/2022\\\/04\\\/paddle-1.png\",\"datePublished\":\"2023-02-15T18:11:32+00:00\",\"dateModified\":\"2023-03-13T14:04:29+00:00\",\"description\":\"Official Eleuthera Harbour Island votre source pour Harbour Island, partage sur le paddle board. activit\u00e9s nautiques aux Bahamas.\",\"breadcrumb\":{\"@id\":\"https:\\\/\\\/officialeleutheraharbourisland.com\\\/fr\\\/harbour-island\\\/que-faire\\\/activites-sportives\\\/activites-nautiques\\\/planche-a-pagaie\\\/#breadcrumb\"},\"inLanguage\":\"fr-FR\",\"potentialAction\":[{\"@type\":\"ReadAction\",\"target\":[\"https:\\\/\\\/officialeleutheraharbourisland.com\\\/fr\\\/harbour-island\\\/que-faire\\\/activites-sportives\\\/activites-nautiques\\\/planche-a-pagaie\\\/\"]}]},{\"@type\":\"ImageObject\",\"inLanguage\":\"fr-FR\",\"@id\":\"https:\\\/\\\/officialeleutheraharbourisland.com\\\/fr\\\/harbour-island\\\/que-faire\\\/activites-sportives\\\/activites-nautiques\\\/planche-a-pagaie\\\/#primaryimage\",\"url\":\"https:\\\/\\\/officialeleutheraharbourisland.com\\\/wp-content\\\/uploads\\\/2022\\\/04\\\/paddle-1.png\",\"contentUrl\":\"https:\\\/\\\/officialeleutheraharbourisland.com\\\/wp-content\\\/uploads\\\/2022\\\/04\\\/paddle-1.png\",\"width\":2424,\"height\":1434},{\"@type\":\"BreadcrumbList\",\"@id\":\"https:\\\/\\\/officialeleutheraharbourisland.com\\\/fr\\\/harbour-island\\\/que-faire\\\/activites-sportives\\\/activites-nautiques\\\/planche-a-pagaie\\\/#breadcrumb\",\"itemListElement\":[{\"@type\":\"ListItem\",\"position\":1,\"name\":\"Home\",\"item\":\"https:\\\/\\\/officialeleutheraharbourisland.com\\\/fr\\\/\"},{\"@type\":\"ListItem\",\"position\":2,\"name\":\"HARBOUR ISLAND\",\"item\":\"https:\\\/\\\/officialeleutheraharbourisland.com\\\/fr\\\/harbour-island\\\/\"},{\"@type\":\"ListItem\",\"position\":3,\"name\":\"QUE FAIRE\",\"item\":\"https:\\\/\\\/officialeleutheraharbourisland.com\\\/fr\\\/harbour-island\\\/que-faire\\\/\"},{\"@type\":\"ListItem\",\"position\":4,\"name\":\"Activites Sportives\",\"item\":\"https:\\\/\\\/officialeleutheraharbourisland.com\\\/fr\\\/harbour-island\\\/choses-a-faire__trashed\\\/activites-sportives\\\/\"},{\"@type\":\"ListItem\",\"position\":5,\"name\":\"Activit\u00e9s nautiques\",\"item\":\"https:\\\/\\\/officialeleutheraharbourisland.com\\\/fr\\\/harbour-island\\\/choses-a-faire__trashed\\\/activites-sportives\\\/activites-nautiques\\\/\"},{\"@type\":\"ListItem\",\"position\":6,\"name\":\"Planche \u00e0 pagaie\"}]},{\"@type\":\"WebSite\",\"@id\":\"https:\\\/\\\/officialeleutheraharbourisland.com\\\/#website\",\"url\":\"https:\\\/\\\/officialeleutheraharbourisland.com\\\/\",\"name\":\"Official Eleuthera Harbour Island\",\"description\":\"Where Beauty &amp; Nature Meet\",\"publisher\":{\"@id\":\"https:\\\/\\\/officialeleutheraharbourisland.com\\\/#organization\"},\"potentialAction\":[{\"@type\":\"SearchAction\",\"target\":{\"@type\":\"EntryPoint\",\"urlTemplate\":\"https:\\\/\\\/officialeleutheraharbourisland.com\\\/?s={search_term_string}\"},\"query-input\":{\"@type\":\"PropertyValueSpecification\",\"valueRequired\":true,\"valueName\":\"search_term_string\"}}],\"inLanguage\":\"fr-FR\"},{\"@type\":\"Organization\",\"@id\":\"https:\\\/\\\/officialeleutheraharbourisland.com\\\/#organization\",\"name\":\"Official Eleuthera Harbour Island\",\"url\":\"https:\\\/\\\/officialeleutheraharbourisland.com\\\/\",\"logo\":{\"@type\":\"ImageObject\",\"inLanguage\":\"fr-FR\",\"@id\":\"https:\\\/\\\/officialeleutheraharbourisland.com\\\/#\\\/schema\\\/logo\\\/image\\\/\",\"url\":\"https:\\\/\\\/officialeleutheraharbourisland.com\\\/wp-content\\\/uploads\\\/2022\\\/03\\\/logo-new-GREY-275.png\",\"contentUrl\":\"https:\\\/\\\/officialeleutheraharbourisland.com\\\/wp-content\\\/uploads\\\/2022\\\/03\\\/logo-new-GREY-275.png\",\"width\":275,\"height\":22,\"caption\":\"Official Eleuthera Harbour Island\"},\"image\":{\"@id\":\"https:\\\/\\\/officialeleutheraharbourisland.com\\\/#\\\/schema\\\/logo\\\/image\\\/\"}}]}<\/script>\n<!-- \/ Yoast SEO Premium plugin. -->","yoast_head_json":{"title":"Planche \u00e0 pagaie Harbour Island. Activit\u00e9s nautiques Bahamas.","description":"Official Eleuthera Harbour Island votre source pour Harbour Island, partage sur le paddle board. activit\u00e9s nautiques aux Bahamas.","robots":{"index":"index","follow":"follow","max-snippet":"max-snippet:-1","max-image-preview":"max-image-preview:large","max-video-preview":"max-video-preview:-1"},"canonical":"https:\/\/officialeleutheraharbourisland.com\/fr\/harbour-island\/que-faire\/activites-sportives\/activites-nautiques\/planche-a-pagaie\/","og_locale":"fr_FR","og_type":"article","og_title":"Planche \u00e0 pagaie","og_description":"Official Eleuthera Harbour Island votre source pour Harbour Island, partage sur le paddle board. activit\u00e9s nautiques aux Bahamas.","og_url":"https:\/\/officialeleutheraharbourisland.com\/fr\/harbour-island\/que-faire\/activites-sportives\/activites-nautiques\/planche-a-pagaie\/","og_site_name":"Official Eleuthera Harbour Island","article_modified_time":"2023-03-13T14:04:29+00:00","og_image":[{"width":1024,"height":606,"url":"https:\/\/officialeleutheraharbourisland.com\/wp-content\/uploads\/2022\/04\/paddle-1-1024x606.png","type":"image\/png"}],"twitter_card":"summary_large_image","twitter_misc":{"Dur\u00e9e de lecture estim\u00e9e":"2 minutes"},"schema":{"@context":"https:\/\/schema.org","@graph":[{"@type":"WebPage","@id":"https:\/\/officialeleutheraharbourisland.com\/fr\/harbour-island\/que-faire\/activites-sportives\/activites-nautiques\/planche-a-pagaie\/","url":"https:\/\/officialeleutheraharbourisland.com\/fr\/harbour-island\/que-faire\/activites-sportives\/activites-nautiques\/planche-a-pagaie\/","name":"Planche \u00e0 pagaie Harbour Island. Activit\u00e9s nautiques Bahamas.","isPartOf":{"@id":"https:\/\/officialeleutheraharbourisland.com\/#website"},"primaryImageOfPage":{"@id":"https:\/\/officialeleutheraharbourisland.com\/fr\/harbour-island\/que-faire\/activites-sportives\/activites-nautiques\/planche-a-pagaie\/#primaryimage"},"image":{"@id":"https:\/\/officialeleutheraharbourisland.com\/fr\/harbour-island\/que-faire\/activites-sportives\/activites-nautiques\/planche-a-pagaie\/#primaryimage"},"thumbnailUrl":"https:\/\/officialeleutheraharbourisland.com\/wp-content\/uploads\/2022\/04\/paddle-1.png","datePublished":"2023-02-15T18:11:32+00:00","dateModified":"2023-03-13T14:04:29+00:00","description":"Official Eleuthera Harbour Island votre source pour Harbour Island, partage sur le paddle board. activit\u00e9s nautiques aux Bahamas.","breadcrumb":{"@id":"https:\/\/officialeleutheraharbourisland.com\/fr\/harbour-island\/que-faire\/activites-sportives\/activites-nautiques\/planche-a-pagaie\/#breadcrumb"},"inLanguage":"fr-FR","potentialAction":[{"@type":"ReadAction","target":["https:\/\/officialeleutheraharbourisland.com\/fr\/harbour-island\/que-faire\/activites-sportives\/activites-nautiques\/planche-a-pagaie\/"]}]},{"@type":"ImageObject","inLanguage":"fr-FR","@id":"https:\/\/officialeleutheraharbourisland.com\/fr\/harbour-island\/que-faire\/activites-sportives\/activites-nautiques\/planche-a-pagaie\/#primaryimage","url":"https:\/\/officialeleutheraharbourisland.com\/wp-content\/uploads\/2022\/04\/paddle-1.png","contentUrl":"https:\/\/officialeleutheraharbourisland.com\/wp-content\/uploads\/2022\/04\/paddle-1.png","width":2424,"height":1434},{"@type":"BreadcrumbList","@id":"https:\/\/officialeleutheraharbourisland.com\/fr\/harbour-island\/que-faire\/activites-sportives\/activites-nautiques\/planche-a-pagaie\/#breadcrumb","itemListElement":[{"@type":"ListItem","position":1,"name":"Home","item":"https:\/\/officialeleutheraharbourisland.com\/fr\/"},{"@type":"ListItem","position":2,"name":"HARBOUR ISLAND","item":"https:\/\/officialeleutheraharbourisland.com\/fr\/harbour-island\/"},{"@type":"ListItem","position":3,"name":"QUE FAIRE","item":"https:\/\/officialeleutheraharbourisland.com\/fr\/harbour-island\/que-faire\/"},{"@type":"ListItem","position":4,"name":"Activites Sportives","item":"https:\/\/officialeleutheraharbourisland.com\/fr\/harbour-island\/choses-a-faire__trashed\/activites-sportives\/"},{"@type":"ListItem","position":5,"name":"Activit\u00e9s nautiques","item":"https:\/\/officialeleutheraharbourisland.com\/fr\/harbour-island\/choses-a-faire__trashed\/activites-sportives\/activites-nautiques\/"},{"@type":"ListItem","position":6,"name":"Planche \u00e0 pagaie"}]},{"@type":"WebSite","@id":"https:\/\/officialeleutheraharbourisland.com\/#website","url":"https:\/\/officialeleutheraharbourisland.com\/","name":"Official Eleuthera Harbour Island","description":"Where Beauty &amp; Nature Meet","publisher":{"@id":"https:\/\/officialeleutheraharbourisland.com\/#organization"},"potentialAction":[{"@type":"SearchAction","target":{"@type":"EntryPoint","urlTemplate":"https:\/\/officialeleutheraharbourisland.com\/?s={search_term_string}"},"query-input":{"@type":"PropertyValueSpecification","valueRequired":true,"valueName":"search_term_string"}}],"inLanguage":"fr-FR"},{"@type":"Organization","@id":"https:\/\/officialeleutheraharbourisland.com\/#organization","name":"Official Eleuthera Harbour Island","url":"https:\/\/officialeleutheraharbourisland.com\/","logo":{"@type":"ImageObject","inLanguage":"fr-FR","@id":"https:\/\/officialeleutheraharbourisland.com\/#\/schema\/logo\/image\/","url":"https:\/\/officialeleutheraharbourisland.com\/wp-content\/uploads\/2022\/03\/logo-new-GREY-275.png","contentUrl":"https:\/\/officialeleutheraharbourisland.com\/wp-content\/uploads\/2022\/03\/logo-new-GREY-275.png","width":275,"height":22,"caption":"Official Eleuthera Harbour Island"},"image":{"@id":"https:\/\/officialeleutheraharbourisland.com\/#\/schema\/logo\/image\/"}}]}},"jetpack_sharing_enabled":true,"_links":{"self":[{"href":"https:\/\/officialeleutheraharbourisland.com\/fr\/wp-json\/wp\/v2\/pages\/74595","targetHints":{"allow":["GET"]}}],"collection":[{"href":"https:\/\/officialeleutheraharbourisland.com\/fr\/wp-json\/wp\/v2\/pages"}],"about":[{"href":"https:\/\/officialeleutheraharbourisland.com\/fr\/wp-json\/wp\/v2\/types\/page"}],"author":[{"embeddable":true,"href":"https:\/\/officialeleutheraharbourisland.com\/fr\/wp-json\/wp\/v2\/users\/1"}],"replies":[{"embeddable":true,"href":"https:\/\/officialeleutheraharbourisland.com\/fr\/wp-json\/wp\/v2\/comments?post=74595"}],"version-history":[{"count":2,"href":"https:\/\/officialeleutheraharbourisland.com\/fr\/wp-json\/wp\/v2\/pages\/74595\/revisions"}],"predecessor-version":[{"id":74597,"href":"https:\/\/officialeleutheraharbourisland.com\/fr\/wp-json\/wp\/v2\/pages\/74595\/revisions\/74597"}],"up":[{"embeddable":true,"href":"https:\/\/officialeleutheraharbourisland.com\/fr\/wp-json\/wp\/v2\/pages\/74569"}],"wp:featuredmedia":[{"embeddable":true,"href":"https:\/\/officialeleutheraharbourisland.com\/fr\/wp-json\/wp\/v2\/media\/62094"}],"wp:attachment":[{"href":"https:\/\/officialeleutheraharbourisland.com\/fr\/wp-json\/wp\/v2\/media?parent=74595"}],"wp:term":[{"taxonomy":"category","embeddable":true,"href":"https:\/\/officialeleutheraharbourisland.com\/fr\/wp-json\/wp\/v2\/categories?post=74595"},{"taxonomy":"post_tag","embeddable":true,"href":"https:\/\/officialeleutheraharbourisland.com\/fr\/wp-json\/wp\/v2\/tags?post=74595"}],"curies":[{"name":"wp","href":"https:\/\/api.w.org\/{rel}","templated":true}]}}