{"id":74603,"date":"2023-02-14T18:12:32","date_gmt":"2023-02-14T18:12:32","guid":{"rendered":"https:\/\/officialeleutheraharbourisland.com\/harbour-island\/que-faire\/activites-sportives\/activites-nautiques\/fishing\/"},"modified":"2023-03-13T14:33:34","modified_gmt":"2023-03-13T14:33:34","slug":"peche","status":"publish","type":"page","link":"https:\/\/officialeleutheraharbourisland.com\/fr\/harbour-island\/que-faire\/activites-sportives\/activites-nautiques\/peche\/","title":{"rendered":"P\u00eache"},"content":{"rendered":"<div class=\"wpb-content-wrapper\"><p>[vc_row css=\u00a0\u00bb.vc_custom_1650996412893{padding-bottom: 50px !important;}\u00a0\u00bb][vc_column]<div id=\"ultimate-heading-468269dea1445df8b\" class=\"uvc-heading ult-adjust-bottom-margin ultimate-heading-468269dea1445df8b uvc-3616 \" data-hspacer=\"no_spacer\"  data-halign=\"center\" style=\"text-align:center\"><div class=\"uvc-heading-spacer no_spacer\" style=\"top\"><\/div><div class=\"uvc-main-heading ult-responsive\"  data-ultimate-target='.uvc-heading.ultimate-heading-468269dea1445df8b h2'  data-responsive-json-new='{\"font-size\":\"\",\"line-height\":\"\"}' ><h2 style=\"font-weight:normal;margin-bottom:10px;\">P\u00eache \u00e0 Harbour Island<\/h2><\/div><\/div><div class=\"hr-thin style-line accent-border-color\" style=\"width: 100px;border-top-width: 3px;\"><\/div>[vc_column_text css=\u00a0\u00bb.vc_custom_1678717783960{padding-top: 30px !important;}\u00a0\u00bb]Les Bahamas offrent la meilleure p\u00eache au monde. La p\u00e9riode ultime pour p\u00eacher est de mai \u00e0 septembre. Eleuthera et Harbour Island voient beaucoup de p\u00eacheurs venant de la c\u00f4te sud-est des \u00c9tats-Unis pour profiter de la merveilleuse p\u00eache des Bahamas.<\/p>\n<p>Les visiteurs appr\u00e9cient tous les types de p\u00eache, de la p\u00eache en haute mer, \u00e0 la p\u00eache \u00e0 l&rsquo;os, \u00e0 la p\u00eache au r\u00e9cif ou \u00e0 la chasse sous-marine.<\/p>\n<p>La p\u00eache est une activit\u00e9 r\u00e9glement\u00e9e \u00e0 Eleuthera et aux Bahamas, elle est \u00e9galement strictement appliqu\u00e9e. Tous les citoyens non bahamiens doivent obtenir un permis de p\u00eache s&rsquo;ils n&rsquo;op\u00e8rent pas sur un bateau bahamien. Les visiteurs qui se rendent aux Bahamas par bateau doivent passer la douane \u00e0 un port d&rsquo;entr\u00e9e et obtenir un permis de p\u00eache \u00e0 ce moment-l\u00e0.<\/p>\n<p>Les navires sont autoris\u00e9s \u00e0 p\u00eacher un maximum de 60 livres \u00e0 tout moment. Il y a une description d\u00e9taill\u00e9e des types et du nombre de poissons ou de fruits de mer qui sont autoris\u00e9s et des limitations, c&rsquo;est-\u00e0-dire : pas de tortues, pas de m\u00e9rous de moins de 3 livres.<\/p>\n<p>Tous les istiophorid\u00e9s doivent \u00eatre remis \u00e0 l&rsquo;oc\u00e9an sains et saufs.<\/p>\n<p>Aucun pi\u00e8ge ou filet n&rsquo;est autoris\u00e9. La p\u00eache au harpon n&rsquo;est autoris\u00e9e qu&rsquo;avec un permis, \u00e0 200 m\u00e8tres au moins du manteau, uniquement avec un appareil de type fronde et sans l&rsquo;aide d&rsquo;un appareil produisant de l&rsquo;air. Un bateau est limit\u00e9 \u00e0 seulement 6 cannes utilis\u00e9es en m\u00eame temps. Les tournois de p\u00eache approuv\u00e9s ont un ensemble de r\u00e8gles diff\u00e9rent.<\/p>\n<p><strong>Pour plus d&rsquo;informations, contactez:<\/strong><\/p>\n<p>Ministry of Agriculture and Marine Resources Out Island Traders Building<\/p>\n<p>East Bay St.<\/p>\n<p>P.O Box N 3040 Nassaya, N.P, The Bahamas<\/p>\n<p>E-mail: minagriculturemarine@bahamas.gov.bs<\/p>\n<p>Tel. (242) 397-7000<\/p>\n<p>Ressources du site ;<\/p>\n<p><a href=\"https:\/\/www.myoutislands.com\/things-to-do-in-the-bahamas\/bahamas-fishing\/regulations\"><span style=\"font-weight: 300;\">https:\/\/www.myoutislands.com\/things-to-do-in-the-bahamas\/bahamas-fishi<\/span><span style=\"font-weight: 300;\">ng\/regulations<\/span><\/a><\/p>\n<p><a href=\"https:\/\/www.bahamas.gov.bs\/\"><span style=\"font-weight: 300;\">https:\/\/www.bahamas.gov.bs<\/span><\/a>[\/vc_column_text][\/vc_column][\/vc_row][vc_row css=\u00a0\u00bb.vc_custom_1650996499970{padding-bottom: 50px !important;}\u00a0\u00bb][vc_column]<style type=\"text\/css\" data-type=\"the7_shortcodes-inline-css\">.shortcode-single-image-wrap.shortcode-single-image-c2d49ca20bd496ed5867fcbcad1aa115.enable-bg-rollover .rollover i,\n.shortcode-single-image-wrap.shortcode-single-image-c2d49ca20bd496ed5867fcbcad1aa115.enable-bg-rollover .rollover-video i {\n  background: -webkit-linear-gradient();\n  background: linear-gradient();\n}\n.shortcode-single-image-wrap.shortcode-single-image-c2d49ca20bd496ed5867fcbcad1aa115 .rollover-icon {\n  font-size: 32px;\n  color: #ffffff;\n  min-width: 44px;\n  min-height: 44px;\n  line-height: 44px;\n  border-radius: 100px;\n  border-style: solid;\n  border-width: 0px;\n}\n.dt-icon-bg-on.shortcode-single-image-wrap.shortcode-single-image-c2d49ca20bd496ed5867fcbcad1aa115 .rollover-icon {\n  background: rgba(255,255,255,0.3);\n  box-shadow: none;\n}\n<\/style><div class=\"shortcode-single-image-wrap shortcode-single-image-c2d49ca20bd496ed5867fcbcad1aa115 alignnone  enable-bg-rollover dt-icon-bg-off\" style=\"margin-top:0px; margin-bottom:0px; margin-left:0px; margin-right:0px; width:800px;\" data-pretty-share=\"facebook,twitter,pinterest,linkedin\"><div class=\"shortcode-single-image\"><div class=\"fancy-media-wrap  layzr-bg\" style=\"\"><img fetchpriority=\"high\" decoding=\"async\" class=\"preload-me lazy-load aspect\" src=\"data:image\/svg+xml,%3Csvg%20xmlns%3D&#39;http%3A%2F%2Fwww.w3.org%2F2000%2Fsvg&#39;%20viewBox%3D&#39;0%200%20800%20400&#39;%2F%3E\" data-src=\"https:\/\/officialeleutheraharbourisland.com\/wp-content\/uploads\/2022\/04\/JoelWestsideBone-1920-800x400.jpg\" data-srcset=\"https:\/\/officialeleutheraharbourisland.com\/wp-content\/uploads\/2022\/04\/JoelWestsideBone-1920-800x400.jpg 800w, https:\/\/officialeleutheraharbourisland.com\/wp-content\/uploads\/2022\/04\/JoelWestsideBone-1920-1600x800.jpg 1600w\" loading=\"eager\" sizes=\"(max-width: 800px) 100vw, 800px\" width=\"800\" height=\"400\"  data-dt-location=\"https:\/\/officialeleutheraharbourisland.com\/fr\/joelwestsidebone-1920\/\" style=\"--ratio: 800 \/ 400;\" alt=\"Fishing in Harbour Island, Eleuthera and Spanish Wells\" \/><\/div><\/div><\/div>[\/vc_column][\/vc_row]<\/p>\n<\/div>","protected":false},"excerpt":{"rendered":"<p>[vc_row css=\u00a0\u00bb.vc_custom_1650996412893{padding-bottom: 50px !important;}\u00a0\u00bb][vc_column][vc_column_text css=\u00a0\u00bb.vc_custom_1678717783960{padding-top: 30px !important;}\u00a0\u00bb]Les Bahamas offrent la meilleure p\u00eache au monde. La p\u00e9riode ultime pour p\u00eacher est de mai \u00e0 septembre. Eleuthera et Harbour Island voient beaucoup de p\u00eacheurs venant de la c\u00f4te sud-est des \u00c9tats-Unis pour profiter de la merveilleuse p\u00eache des Bahamas. Les visiteurs appr\u00e9cient tous les types de p\u00eache,&hellip;<\/p>\n","protected":false},"author":1,"featured_media":62135,"parent":74569,"menu_order":0,"comment_status":"closed","ping_status":"closed","template":"","meta":{"footnotes":""},"categories":[],"tags":[1192],"class_list":["post-74603","page","type-page","status-publish","has-post-thumbnail","hentry","tag-water-sports-activities-harbour-island-fr-2","description-off"],"yoast_head":"<!-- This site is optimized with the Yoast SEO Premium plugin v25.2 (Yoast SEO v27.4) - https:\/\/yoast.com\/product\/yoast-seo-premium-wordpress\/ -->\n<title>P\u00eache \u00e0 Harbour Island. Activit\u00e9s nautiques aux Bahamas.<\/title>\n<meta name=\"description\" content=\"Official Eleuthera Harbour Island votre source pour Harbour Island, des partages sur la p\u00eache. Activit\u00e9s nautiques aux Bahamas.\" \/>\n<meta name=\"robots\" content=\"index, follow, max-snippet:-1, max-image-preview:large, max-video-preview:-1\" \/>\n<link rel=\"canonical\" href=\"https:\/\/officialeleutheraharbourisland.com\/fr\/harbour-island\/que-faire\/activites-sportives\/activites-nautiques\/peche\/\" \/>\n<meta property=\"og:locale\" content=\"fr_FR\" \/>\n<meta property=\"og:type\" content=\"article\" \/>\n<meta property=\"og:title\" content=\"P\u00eache\" \/>\n<meta property=\"og:description\" content=\"Official Eleuthera Harbour Island votre source pour Harbour Island, des partages sur la p\u00eache. Activit\u00e9s nautiques aux Bahamas.\" \/>\n<meta property=\"og:url\" content=\"https:\/\/officialeleutheraharbourisland.com\/fr\/harbour-island\/que-faire\/activites-sportives\/activites-nautiques\/peche\/\" \/>\n<meta property=\"og:site_name\" content=\"Official Eleuthera Harbour Island\" \/>\n<meta property=\"article:modified_time\" content=\"2023-03-13T14:33:34+00:00\" \/>\n<meta property=\"og:image\" content=\"https:\/\/officialeleutheraharbourisland.com\/wp-content\/uploads\/2022\/04\/JoelWestsideBone-1920.jpg\" \/>\n\t<meta property=\"og:image:width\" content=\"1920\" \/>\n\t<meta property=\"og:image:height\" content=\"1033\" \/>\n\t<meta property=\"og:image:type\" content=\"image\/jpeg\" \/>\n<meta name=\"twitter:card\" content=\"summary_large_image\" \/>\n<meta name=\"twitter:label1\" content=\"Dur\u00e9e de lecture estim\u00e9e\" \/>\n\t<meta name=\"twitter:data1\" content=\"2 minutes\" \/>\n<script type=\"application\/ld+json\" class=\"yoast-schema-graph\">{\"@context\":\"https:\\\/\\\/schema.org\",\"@graph\":[{\"@type\":\"WebPage\",\"@id\":\"https:\\\/\\\/officialeleutheraharbourisland.com\\\/fr\\\/harbour-island\\\/que-faire\\\/activites-sportives\\\/activites-nautiques\\\/peche\\\/\",\"url\":\"https:\\\/\\\/officialeleutheraharbourisland.com\\\/fr\\\/harbour-island\\\/que-faire\\\/activites-sportives\\\/activites-nautiques\\\/peche\\\/\",\"name\":\"P\u00eache \u00e0 Harbour Island. Activit\u00e9s nautiques aux Bahamas.\",\"isPartOf\":{\"@id\":\"https:\\\/\\\/officialeleutheraharbourisland.com\\\/#website\"},\"primaryImageOfPage\":{\"@id\":\"https:\\\/\\\/officialeleutheraharbourisland.com\\\/fr\\\/harbour-island\\\/que-faire\\\/activites-sportives\\\/activites-nautiques\\\/peche\\\/#primaryimage\"},\"image\":{\"@id\":\"https:\\\/\\\/officialeleutheraharbourisland.com\\\/fr\\\/harbour-island\\\/que-faire\\\/activites-sportives\\\/activites-nautiques\\\/peche\\\/#primaryimage\"},\"thumbnailUrl\":\"https:\\\/\\\/officialeleutheraharbourisland.com\\\/wp-content\\\/uploads\\\/2022\\\/04\\\/JoelWestsideBone-1920.jpg\",\"datePublished\":\"2023-02-14T18:12:32+00:00\",\"dateModified\":\"2023-03-13T14:33:34+00:00\",\"description\":\"Official Eleuthera Harbour Island votre source pour Harbour Island, des partages sur la p\u00eache. Activit\u00e9s nautiques aux Bahamas.\",\"breadcrumb\":{\"@id\":\"https:\\\/\\\/officialeleutheraharbourisland.com\\\/fr\\\/harbour-island\\\/que-faire\\\/activites-sportives\\\/activites-nautiques\\\/peche\\\/#breadcrumb\"},\"inLanguage\":\"fr-FR\",\"potentialAction\":[{\"@type\":\"ReadAction\",\"target\":[\"https:\\\/\\\/officialeleutheraharbourisland.com\\\/fr\\\/harbour-island\\\/que-faire\\\/activites-sportives\\\/activites-nautiques\\\/peche\\\/\"]}]},{\"@type\":\"ImageObject\",\"inLanguage\":\"fr-FR\",\"@id\":\"https:\\\/\\\/officialeleutheraharbourisland.com\\\/fr\\\/harbour-island\\\/que-faire\\\/activites-sportives\\\/activites-nautiques\\\/peche\\\/#primaryimage\",\"url\":\"https:\\\/\\\/officialeleutheraharbourisland.com\\\/wp-content\\\/uploads\\\/2022\\\/04\\\/JoelWestsideBone-1920.jpg\",\"contentUrl\":\"https:\\\/\\\/officialeleutheraharbourisland.com\\\/wp-content\\\/uploads\\\/2022\\\/04\\\/JoelWestsideBone-1920.jpg\",\"width\":1920,\"height\":1033},{\"@type\":\"BreadcrumbList\",\"@id\":\"https:\\\/\\\/officialeleutheraharbourisland.com\\\/fr\\\/harbour-island\\\/que-faire\\\/activites-sportives\\\/activites-nautiques\\\/peche\\\/#breadcrumb\",\"itemListElement\":[{\"@type\":\"ListItem\",\"position\":1,\"name\":\"Home\",\"item\":\"https:\\\/\\\/officialeleutheraharbourisland.com\\\/fr\\\/\"},{\"@type\":\"ListItem\",\"position\":2,\"name\":\"HARBOUR ISLAND\",\"item\":\"https:\\\/\\\/officialeleutheraharbourisland.com\\\/fr\\\/harbour-island\\\/\"},{\"@type\":\"ListItem\",\"position\":3,\"name\":\"QUE FAIRE\",\"item\":\"https:\\\/\\\/officialeleutheraharbourisland.com\\\/fr\\\/harbour-island\\\/que-faire\\\/\"},{\"@type\":\"ListItem\",\"position\":4,\"name\":\"Activites Sportives\",\"item\":\"https:\\\/\\\/officialeleutheraharbourisland.com\\\/fr\\\/harbour-island\\\/choses-a-faire__trashed\\\/activites-sportives\\\/\"},{\"@type\":\"ListItem\",\"position\":5,\"name\":\"Activit\u00e9s nautiques\",\"item\":\"https:\\\/\\\/officialeleutheraharbourisland.com\\\/fr\\\/harbour-island\\\/choses-a-faire__trashed\\\/activites-sportives\\\/activites-nautiques\\\/\"},{\"@type\":\"ListItem\",\"position\":6,\"name\":\"P\u00eache\"}]},{\"@type\":\"WebSite\",\"@id\":\"https:\\\/\\\/officialeleutheraharbourisland.com\\\/#website\",\"url\":\"https:\\\/\\\/officialeleutheraharbourisland.com\\\/\",\"name\":\"Official Eleuthera Harbour Island\",\"description\":\"Where Beauty &amp; Nature Meet\",\"publisher\":{\"@id\":\"https:\\\/\\\/officialeleutheraharbourisland.com\\\/#organization\"},\"potentialAction\":[{\"@type\":\"SearchAction\",\"target\":{\"@type\":\"EntryPoint\",\"urlTemplate\":\"https:\\\/\\\/officialeleutheraharbourisland.com\\\/?s={search_term_string}\"},\"query-input\":{\"@type\":\"PropertyValueSpecification\",\"valueRequired\":true,\"valueName\":\"search_term_string\"}}],\"inLanguage\":\"fr-FR\"},{\"@type\":\"Organization\",\"@id\":\"https:\\\/\\\/officialeleutheraharbourisland.com\\\/#organization\",\"name\":\"Official Eleuthera Harbour Island\",\"url\":\"https:\\\/\\\/officialeleutheraharbourisland.com\\\/\",\"logo\":{\"@type\":\"ImageObject\",\"inLanguage\":\"fr-FR\",\"@id\":\"https:\\\/\\\/officialeleutheraharbourisland.com\\\/#\\\/schema\\\/logo\\\/image\\\/\",\"url\":\"https:\\\/\\\/officialeleutheraharbourisland.com\\\/wp-content\\\/uploads\\\/2022\\\/03\\\/logo-new-GREY-275.png\",\"contentUrl\":\"https:\\\/\\\/officialeleutheraharbourisland.com\\\/wp-content\\\/uploads\\\/2022\\\/03\\\/logo-new-GREY-275.png\",\"width\":275,\"height\":22,\"caption\":\"Official Eleuthera Harbour Island\"},\"image\":{\"@id\":\"https:\\\/\\\/officialeleutheraharbourisland.com\\\/#\\\/schema\\\/logo\\\/image\\\/\"}}]}<\/script>\n<!-- \/ Yoast SEO Premium plugin. -->","yoast_head_json":{"title":"P\u00eache \u00e0 Harbour Island. Activit\u00e9s nautiques aux Bahamas.","description":"Official Eleuthera Harbour Island votre source pour Harbour Island, des partages sur la p\u00eache. Activit\u00e9s nautiques aux Bahamas.","robots":{"index":"index","follow":"follow","max-snippet":"max-snippet:-1","max-image-preview":"max-image-preview:large","max-video-preview":"max-video-preview:-1"},"canonical":"https:\/\/officialeleutheraharbourisland.com\/fr\/harbour-island\/que-faire\/activites-sportives\/activites-nautiques\/peche\/","og_locale":"fr_FR","og_type":"article","og_title":"P\u00eache","og_description":"Official Eleuthera Harbour Island votre source pour Harbour Island, des partages sur la p\u00eache. Activit\u00e9s nautiques aux Bahamas.","og_url":"https:\/\/officialeleutheraharbourisland.com\/fr\/harbour-island\/que-faire\/activites-sportives\/activites-nautiques\/peche\/","og_site_name":"Official Eleuthera Harbour Island","article_modified_time":"2023-03-13T14:33:34+00:00","og_image":[{"width":1920,"height":1033,"url":"https:\/\/officialeleutheraharbourisland.com\/wp-content\/uploads\/2022\/04\/JoelWestsideBone-1920.jpg","type":"image\/jpeg"}],"twitter_card":"summary_large_image","twitter_misc":{"Dur\u00e9e de lecture estim\u00e9e":"2 minutes"},"schema":{"@context":"https:\/\/schema.org","@graph":[{"@type":"WebPage","@id":"https:\/\/officialeleutheraharbourisland.com\/fr\/harbour-island\/que-faire\/activites-sportives\/activites-nautiques\/peche\/","url":"https:\/\/officialeleutheraharbourisland.com\/fr\/harbour-island\/que-faire\/activites-sportives\/activites-nautiques\/peche\/","name":"P\u00eache \u00e0 Harbour Island. Activit\u00e9s nautiques aux Bahamas.","isPartOf":{"@id":"https:\/\/officialeleutheraharbourisland.com\/#website"},"primaryImageOfPage":{"@id":"https:\/\/officialeleutheraharbourisland.com\/fr\/harbour-island\/que-faire\/activites-sportives\/activites-nautiques\/peche\/#primaryimage"},"image":{"@id":"https:\/\/officialeleutheraharbourisland.com\/fr\/harbour-island\/que-faire\/activites-sportives\/activites-nautiques\/peche\/#primaryimage"},"thumbnailUrl":"https:\/\/officialeleutheraharbourisland.com\/wp-content\/uploads\/2022\/04\/JoelWestsideBone-1920.jpg","datePublished":"2023-02-14T18:12:32+00:00","dateModified":"2023-03-13T14:33:34+00:00","description":"Official Eleuthera Harbour Island votre source pour Harbour Island, des partages sur la p\u00eache. Activit\u00e9s nautiques aux Bahamas.","breadcrumb":{"@id":"https:\/\/officialeleutheraharbourisland.com\/fr\/harbour-island\/que-faire\/activites-sportives\/activites-nautiques\/peche\/#breadcrumb"},"inLanguage":"fr-FR","potentialAction":[{"@type":"ReadAction","target":["https:\/\/officialeleutheraharbourisland.com\/fr\/harbour-island\/que-faire\/activites-sportives\/activites-nautiques\/peche\/"]}]},{"@type":"ImageObject","inLanguage":"fr-FR","@id":"https:\/\/officialeleutheraharbourisland.com\/fr\/harbour-island\/que-faire\/activites-sportives\/activites-nautiques\/peche\/#primaryimage","url":"https:\/\/officialeleutheraharbourisland.com\/wp-content\/uploads\/2022\/04\/JoelWestsideBone-1920.jpg","contentUrl":"https:\/\/officialeleutheraharbourisland.com\/wp-content\/uploads\/2022\/04\/JoelWestsideBone-1920.jpg","width":1920,"height":1033},{"@type":"BreadcrumbList","@id":"https:\/\/officialeleutheraharbourisland.com\/fr\/harbour-island\/que-faire\/activites-sportives\/activites-nautiques\/peche\/#breadcrumb","itemListElement":[{"@type":"ListItem","position":1,"name":"Home","item":"https:\/\/officialeleutheraharbourisland.com\/fr\/"},{"@type":"ListItem","position":2,"name":"HARBOUR ISLAND","item":"https:\/\/officialeleutheraharbourisland.com\/fr\/harbour-island\/"},{"@type":"ListItem","position":3,"name":"QUE FAIRE","item":"https:\/\/officialeleutheraharbourisland.com\/fr\/harbour-island\/que-faire\/"},{"@type":"ListItem","position":4,"name":"Activites Sportives","item":"https:\/\/officialeleutheraharbourisland.com\/fr\/harbour-island\/choses-a-faire__trashed\/activites-sportives\/"},{"@type":"ListItem","position":5,"name":"Activit\u00e9s nautiques","item":"https:\/\/officialeleutheraharbourisland.com\/fr\/harbour-island\/choses-a-faire__trashed\/activites-sportives\/activites-nautiques\/"},{"@type":"ListItem","position":6,"name":"P\u00eache"}]},{"@type":"WebSite","@id":"https:\/\/officialeleutheraharbourisland.com\/#website","url":"https:\/\/officialeleutheraharbourisland.com\/","name":"Official Eleuthera Harbour Island","description":"Where Beauty &amp; Nature Meet","publisher":{"@id":"https:\/\/officialeleutheraharbourisland.com\/#organization"},"potentialAction":[{"@type":"SearchAction","target":{"@type":"EntryPoint","urlTemplate":"https:\/\/officialeleutheraharbourisland.com\/?s={search_term_string}"},"query-input":{"@type":"PropertyValueSpecification","valueRequired":true,"valueName":"search_term_string"}}],"inLanguage":"fr-FR"},{"@type":"Organization","@id":"https:\/\/officialeleutheraharbourisland.com\/#organization","name":"Official Eleuthera Harbour Island","url":"https:\/\/officialeleutheraharbourisland.com\/","logo":{"@type":"ImageObject","inLanguage":"fr-FR","@id":"https:\/\/officialeleutheraharbourisland.com\/#\/schema\/logo\/image\/","url":"https:\/\/officialeleutheraharbourisland.com\/wp-content\/uploads\/2022\/03\/logo-new-GREY-275.png","contentUrl":"https:\/\/officialeleutheraharbourisland.com\/wp-content\/uploads\/2022\/03\/logo-new-GREY-275.png","width":275,"height":22,"caption":"Official Eleuthera Harbour Island"},"image":{"@id":"https:\/\/officialeleutheraharbourisland.com\/#\/schema\/logo\/image\/"}}]}},"jetpack_sharing_enabled":true,"_links":{"self":[{"href":"https:\/\/officialeleutheraharbourisland.com\/fr\/wp-json\/wp\/v2\/pages\/74603","targetHints":{"allow":["GET"]}}],"collection":[{"href":"https:\/\/officialeleutheraharbourisland.com\/fr\/wp-json\/wp\/v2\/pages"}],"about":[{"href":"https:\/\/officialeleutheraharbourisland.com\/fr\/wp-json\/wp\/v2\/types\/page"}],"author":[{"embeddable":true,"href":"https:\/\/officialeleutheraharbourisland.com\/fr\/wp-json\/wp\/v2\/users\/1"}],"replies":[{"embeddable":true,"href":"https:\/\/officialeleutheraharbourisland.com\/fr\/wp-json\/wp\/v2\/comments?post=74603"}],"version-history":[{"count":2,"href":"https:\/\/officialeleutheraharbourisland.com\/fr\/wp-json\/wp\/v2\/pages\/74603\/revisions"}],"predecessor-version":[{"id":74605,"href":"https:\/\/officialeleutheraharbourisland.com\/fr\/wp-json\/wp\/v2\/pages\/74603\/revisions\/74605"}],"up":[{"embeddable":true,"href":"https:\/\/officialeleutheraharbourisland.com\/fr\/wp-json\/wp\/v2\/pages\/74569"}],"wp:featuredmedia":[{"embeddable":true,"href":"https:\/\/officialeleutheraharbourisland.com\/fr\/wp-json\/wp\/v2\/media\/62135"}],"wp:attachment":[{"href":"https:\/\/officialeleutheraharbourisland.com\/fr\/wp-json\/wp\/v2\/media?parent=74603"}],"wp:term":[{"taxonomy":"category","embeddable":true,"href":"https:\/\/officialeleutheraharbourisland.com\/fr\/wp-json\/wp\/v2\/categories?post=74603"},{"taxonomy":"post_tag","embeddable":true,"href":"https:\/\/officialeleutheraharbourisland.com\/fr\/wp-json\/wp\/v2\/tags?post=74603"}],"curies":[{"name":"wp","href":"https:\/\/api.w.org\/{rel}","templated":true}]}}