{"id":74606,"date":"2023-02-14T18:12:32","date_gmt":"2023-02-14T18:12:32","guid":{"rendered":"https:\/\/officialeleutheraharbourisland.com\/harbour-island\/que-faire\/activites-sportives\/activites-nautiques\/bone-fishing\/"},"modified":"2023-03-13T14:44:44","modified_gmt":"2023-03-13T14:44:44","slug":"bonefishing","status":"publish","type":"page","link":"https:\/\/officialeleutheraharbourisland.com\/fr\/harbour-island\/que-faire\/activites-sportives\/activites-nautiques\/bonefishing\/","title":{"rendered":"Bonefishing"},"content":{"rendered":"<div class=\"wpb-content-wrapper\"><p>[vc_row css=\u00a0\u00bb.vc_custom_1650996412893{padding-bottom: 50px !important;}\u00a0\u00bb][vc_column]<div id=\"ultimate-heading-284869e3202a4b075\" class=\"uvc-heading ult-adjust-bottom-margin ultimate-heading-284869e3202a4b075 uvc-547 \" data-hspacer=\"no_spacer\"  data-halign=\"center\" style=\"text-align:center\"><div class=\"uvc-heading-spacer no_spacer\" style=\"top\"><\/div><div class=\"uvc-main-heading ult-responsive\"  data-ultimate-target='.uvc-heading.ultimate-heading-284869e3202a4b075 h2'  data-responsive-json-new='{\"font-size\":\"\",\"line-height\":\"\"}' ><h2 style=\"font-weight:normal;margin-bottom:10px;\">Bonefishing \u00e0 Harbour Island<\/h2><\/div><\/div><div class=\"hr-thin style-line accent-border-color\" style=\"width: 100px;border-top-width: 3px;\"><\/div>[vc_column_text css=\u00a0\u00bb.vc_custom_1678718188122{padding-top: 30px !important;}\u00a0\u00bb]Le bonefishing est un type de p\u00eache qui fleurit \u00e0 Eleuthera, en effet c&rsquo;est l&rsquo;une des plus grandes attractions pour les amateurs de p\u00eache. Il est \u00e9galement connu comme la p\u00eache \u00e0 la mouche en eau sal\u00e9e.<\/p>\n<p>Le bonefishing est clairement le mode de p\u00eache pr\u00e9f\u00e9r\u00e9 \u00e0 Eleuthera. Eleuthera a beaucoup d&rsquo;eaux peu profondes o\u00f9 les bonefishs aiment se promener, c&rsquo;est un vrai sport qui n\u00e9cessite des techniques et un savoir-faire pr\u00e9cis. Bonefishing n\u00e9cessite l&rsquo;aide et l&rsquo;assistance de guides bonefishing. Que vous soyez novice ou expert, vous adorerez le bonefishing tant que vous aimerez p\u00eacher.<\/p>\n<p>Eleuthera est la Mecque du bonefishing pour plusieurs raisons :<\/p>\n<p>&#8211; L&rsquo;abondance des Bonefishes<\/p>\n<p>&#8211; La beaut\u00e9 de ses plages et de ses eaux<\/p>\n<p>&#8211; Son incroyable m\u00e9t\u00e9o tout au long de l&rsquo;ann\u00e9e<\/p>\n<p>&#8211; Acc\u00e8s facile et vols fr\u00e9quents depuis les \u00c9tats-Unis<\/p>\n<p>&#8211; Le professionnalisme de ses guides, ils sont r\u00e9put\u00e9s \u00eatre les meilleurs au monde[\/vc_column_text][\/vc_column][\/vc_row][vc_row css=\u00a0\u00bb.vc_custom_1650996499970{padding-bottom: 50px !important;}\u00a0\u00bb][vc_column]<style type=\"text\/css\" data-type=\"the7_shortcodes-inline-css\">.shortcode-single-image-wrap.shortcode-single-image-c0843968a9224418a9fb9d864bc5d3e2.enable-bg-rollover .rollover i,\n.shortcode-single-image-wrap.shortcode-single-image-c0843968a9224418a9fb9d864bc5d3e2.enable-bg-rollover .rollover-video i {\n  background: -webkit-linear-gradient();\n  background: linear-gradient();\n}\n.shortcode-single-image-wrap.shortcode-single-image-c0843968a9224418a9fb9d864bc5d3e2 .rollover-icon {\n  font-size: 32px;\n  color: #ffffff;\n  min-width: 44px;\n  min-height: 44px;\n  line-height: 44px;\n  border-radius: 100px;\n  border-style: solid;\n  border-width: 0px;\n}\n.dt-icon-bg-on.shortcode-single-image-wrap.shortcode-single-image-c0843968a9224418a9fb9d864bc5d3e2 .rollover-icon {\n  background: rgba(255,255,255,0.3);\n  box-shadow: none;\n}\n<\/style><div class=\"shortcode-single-image-wrap shortcode-single-image-c0843968a9224418a9fb9d864bc5d3e2 alignnone  enable-bg-rollover dt-icon-bg-off\" style=\"margin-top:0px; margin-bottom:0px; margin-left:0px; margin-right:0px; width:800px;\" data-pretty-share=\"facebook,twitter,pinterest,linkedin\"><div class=\"shortcode-single-image\"><div class=\"fancy-media-wrap  layzr-bg\" style=\"\"><img fetchpriority=\"high\" decoding=\"async\" class=\"preload-me lazy-load aspect\" src=\"data:image\/svg+xml,%3Csvg%20xmlns%3D&#39;http%3A%2F%2Fwww.w3.org%2F2000%2Fsvg&#39;%20viewBox%3D&#39;0%200%20773%20386&#39;%2F%3E\" data-src=\"https:\/\/officialeleutheraharbourisland.com\/wp-content\/uploads\/2022\/04\/bonefishing-773x386.jpeg\" data-srcset=\"https:\/\/officialeleutheraharbourisland.com\/wp-content\/uploads\/2022\/04\/bonefishing-773x386.jpeg 773w\" loading=\"eager\" sizes=\"(max-width: 773px) 100vw, 773px\" width=\"773\" height=\"386\"  data-dt-location=\"https:\/\/officialeleutheraharbourisland.com\/fr\/bonefishing\/\" style=\"--ratio: 773 \/ 386;\" alt=\"Bonefishing in Harbour Island, Eleuthera, Spanish Wells\" \/><\/div><\/div><\/div>[vc_empty_space][vc_column_text]Les bonefish aiment les eaux chaudes, c&rsquo;est pourquoi ils aiment rester dans les eaux peu profondes et les appartements. C&rsquo;est donc l\u00e0 que les p\u00eacheurs doivent les chercher. Les p\u00eacheurs peuvent p\u00eacher \u00e0 partir d&rsquo;un bateau \u00e0 fond plat dans des eaux peu profondes. Il n&rsquo;est pas rare de voir des p\u00eacheurs p\u00eacher \u00e0 partir de cano\u00ebs et de kayaks.<\/p>\n<p>Ce type de p\u00eache est d\u00e9finitivement difficile, surtout si c&rsquo;est votre premi\u00e8re fois. Les meilleurs p\u00eacheurs d&rsquo;os savent o\u00f9 les trouver, ils comprennent leurs mani\u00e8res, ils peuvent identifier leur emplacement dans l&rsquo;eau et savent comment les poursuivre et finalement les attraper.<\/p>\n<p>Si vous vous demandez quel est le meilleur app\u00e2t ou leurre pour attraper un Bonefish, voici ce que vous devez savoir\u2026<\/p>\n<p>Les crevettes vivantes sont l&rsquo;app\u00e2t de choix pour les p\u00eacheurs, les crevettes coup\u00e9es ou les conques ou les crabes font aussi l&rsquo;affaire<\/p>\n<p>Les Skimmer Jigs sont plats avec une pointe en forme de cercle, ils attirent les Bonefish.<\/p>\n<p>Eleuthera poss\u00e8de les meilleurs guides de bonefish au monde et vous devriez en profiter pour vivre une exp\u00e9rience inoubliable. Ils assurent le transport vers les meilleurs spots, cannes, app\u00e2ts et leurres.<\/p>\n<p>Ils peuvent \u00e9galement vous aider avec la r\u00e9glementation\u00a0:\u00a0Toutes les personnes de plus de 12\u00a0ans sont tenues d&rsquo;avoir un permis pour p\u00eacher. Les permis de p\u00eache sont d\u00e9livr\u00e9s par le Department of Marine Resources \u00e0 New Providence ou les Out Island Administrators dans les Out Islands. Le co\u00fbt d&rsquo;un permis de p\u00eache aux Bahamas varie en fonction des permis dont vous avez besoin. Les permis de p\u00eache \u00e0 la journ\u00e9e commencent \u00e0 environ 15 $ et peuvent atteindre 60 $ si vous avez besoin d&rsquo;un permis annuel.[\/vc_column_text][\/vc_column][\/vc_row]<\/p>\n<\/div>","protected":false},"excerpt":{"rendered":"<p>[vc_row css=\u00a0\u00bb.vc_custom_1650996412893{padding-bottom: 50px !important;}\u00a0\u00bb][vc_column][vc_column_text css=\u00a0\u00bb.vc_custom_1678718188122{padding-top: 30px !important;}\u00a0\u00bb]Le bonefishing est un type de p\u00eache qui fleurit \u00e0 Eleuthera, en effet c&rsquo;est l&rsquo;une des plus grandes attractions pour les amateurs de p\u00eache. Il est \u00e9galement connu comme la p\u00eache \u00e0 la mouche en eau sal\u00e9e. Le bonefishing est clairement le mode de p\u00eache pr\u00e9f\u00e9r\u00e9 \u00e0 Eleuthera. Eleuthera&hellip;<\/p>\n","protected":false},"author":1,"featured_media":62134,"parent":74569,"menu_order":0,"comment_status":"closed","ping_status":"closed","template":"","meta":{"footnotes":""},"categories":[],"tags":[1192],"class_list":["post-74606","page","type-page","status-publish","has-post-thumbnail","hentry","tag-water-sports-activities-harbour-island-fr-2","description-off"],"yoast_head":"<!-- This site is optimized with the Yoast SEO Premium plugin v25.2 (Yoast SEO v27.4) - https:\/\/yoast.com\/product\/yoast-seo-premium-wordpress\/ -->\n<title>Bonefishing \u00e0 Harbour Island. Activit\u00e9s nautiques aux Bahamas.<\/title>\n<meta name=\"description\" content=\"Official Eleuthera Harbour Island votre guide pour Harbour Island, partage des informations sur la p\u00eache \u00e0 l&#039;os. Activit\u00e9s nautiques aux Bahamas.\" \/>\n<meta name=\"robots\" content=\"index, follow, max-snippet:-1, max-image-preview:large, max-video-preview:-1\" \/>\n<link rel=\"canonical\" href=\"https:\/\/officialeleutheraharbourisland.com\/fr\/harbour-island\/que-faire\/activites-sportives\/activites-nautiques\/bonefishing\/\" \/>\n<meta property=\"og:locale\" content=\"fr_FR\" \/>\n<meta property=\"og:type\" content=\"article\" \/>\n<meta property=\"og:title\" content=\"Bonefishing\" \/>\n<meta property=\"og:description\" content=\"Official Eleuthera Harbour Island votre guide pour Harbour Island, partage des informations sur la p\u00eache \u00e0 l&#039;os. Activit\u00e9s nautiques aux Bahamas.\" \/>\n<meta property=\"og:url\" content=\"https:\/\/officialeleutheraharbourisland.com\/fr\/harbour-island\/que-faire\/activites-sportives\/activites-nautiques\/bonefishing\/\" \/>\n<meta property=\"og:site_name\" content=\"Official Eleuthera Harbour Island\" \/>\n<meta property=\"article:modified_time\" content=\"2023-03-13T14:44:44+00:00\" \/>\n<meta property=\"og:image\" content=\"https:\/\/officialeleutheraharbourisland.com\/wp-content\/uploads\/2022\/04\/bonefishing.jpeg\" \/>\n\t<meta property=\"og:image:width\" content=\"773\" \/>\n\t<meta property=\"og:image:height\" content=\"580\" \/>\n\t<meta property=\"og:image:type\" content=\"image\/jpeg\" \/>\n<meta name=\"twitter:card\" content=\"summary_large_image\" \/>\n<meta name=\"twitter:label1\" content=\"Dur\u00e9e de lecture estim\u00e9e\" \/>\n\t<meta name=\"twitter:data1\" content=\"3 minutes\" \/>\n<script type=\"application\/ld+json\" class=\"yoast-schema-graph\">{\"@context\":\"https:\\\/\\\/schema.org\",\"@graph\":[{\"@type\":\"WebPage\",\"@id\":\"https:\\\/\\\/officialeleutheraharbourisland.com\\\/fr\\\/harbour-island\\\/que-faire\\\/activites-sportives\\\/activites-nautiques\\\/bonefishing\\\/\",\"url\":\"https:\\\/\\\/officialeleutheraharbourisland.com\\\/fr\\\/harbour-island\\\/que-faire\\\/activites-sportives\\\/activites-nautiques\\\/bonefishing\\\/\",\"name\":\"Bonefishing \u00e0 Harbour Island. Activit\u00e9s nautiques aux Bahamas.\",\"isPartOf\":{\"@id\":\"https:\\\/\\\/officialeleutheraharbourisland.com\\\/#website\"},\"primaryImageOfPage\":{\"@id\":\"https:\\\/\\\/officialeleutheraharbourisland.com\\\/fr\\\/harbour-island\\\/que-faire\\\/activites-sportives\\\/activites-nautiques\\\/bonefishing\\\/#primaryimage\"},\"image\":{\"@id\":\"https:\\\/\\\/officialeleutheraharbourisland.com\\\/fr\\\/harbour-island\\\/que-faire\\\/activites-sportives\\\/activites-nautiques\\\/bonefishing\\\/#primaryimage\"},\"thumbnailUrl\":\"https:\\\/\\\/officialeleutheraharbourisland.com\\\/wp-content\\\/uploads\\\/2022\\\/04\\\/bonefishing.jpeg\",\"datePublished\":\"2023-02-14T18:12:32+00:00\",\"dateModified\":\"2023-03-13T14:44:44+00:00\",\"description\":\"Official Eleuthera Harbour Island votre guide pour Harbour Island, partage des informations sur la p\u00eache \u00e0 l'os. Activit\u00e9s nautiques aux Bahamas.\",\"breadcrumb\":{\"@id\":\"https:\\\/\\\/officialeleutheraharbourisland.com\\\/fr\\\/harbour-island\\\/que-faire\\\/activites-sportives\\\/activites-nautiques\\\/bonefishing\\\/#breadcrumb\"},\"inLanguage\":\"fr-FR\",\"potentialAction\":[{\"@type\":\"ReadAction\",\"target\":[\"https:\\\/\\\/officialeleutheraharbourisland.com\\\/fr\\\/harbour-island\\\/que-faire\\\/activites-sportives\\\/activites-nautiques\\\/bonefishing\\\/\"]}]},{\"@type\":\"ImageObject\",\"inLanguage\":\"fr-FR\",\"@id\":\"https:\\\/\\\/officialeleutheraharbourisland.com\\\/fr\\\/harbour-island\\\/que-faire\\\/activites-sportives\\\/activites-nautiques\\\/bonefishing\\\/#primaryimage\",\"url\":\"https:\\\/\\\/officialeleutheraharbourisland.com\\\/wp-content\\\/uploads\\\/2022\\\/04\\\/bonefishing.jpeg\",\"contentUrl\":\"https:\\\/\\\/officialeleutheraharbourisland.com\\\/wp-content\\\/uploads\\\/2022\\\/04\\\/bonefishing.jpeg\",\"width\":773,\"height\":580},{\"@type\":\"BreadcrumbList\",\"@id\":\"https:\\\/\\\/officialeleutheraharbourisland.com\\\/fr\\\/harbour-island\\\/que-faire\\\/activites-sportives\\\/activites-nautiques\\\/bonefishing\\\/#breadcrumb\",\"itemListElement\":[{\"@type\":\"ListItem\",\"position\":1,\"name\":\"Home\",\"item\":\"https:\\\/\\\/officialeleutheraharbourisland.com\\\/fr\\\/\"},{\"@type\":\"ListItem\",\"position\":2,\"name\":\"HARBOUR ISLAND\",\"item\":\"https:\\\/\\\/officialeleutheraharbourisland.com\\\/fr\\\/harbour-island\\\/\"},{\"@type\":\"ListItem\",\"position\":3,\"name\":\"QUE FAIRE\",\"item\":\"https:\\\/\\\/officialeleutheraharbourisland.com\\\/fr\\\/harbour-island\\\/que-faire\\\/\"},{\"@type\":\"ListItem\",\"position\":4,\"name\":\"Activites Sportives\",\"item\":\"https:\\\/\\\/officialeleutheraharbourisland.com\\\/fr\\\/harbour-island\\\/choses-a-faire__trashed\\\/activites-sportives\\\/\"},{\"@type\":\"ListItem\",\"position\":5,\"name\":\"Activit\u00e9s nautiques\",\"item\":\"https:\\\/\\\/officialeleutheraharbourisland.com\\\/fr\\\/harbour-island\\\/choses-a-faire__trashed\\\/activites-sportives\\\/activites-nautiques\\\/\"},{\"@type\":\"ListItem\",\"position\":6,\"name\":\"Bonefishing\"}]},{\"@type\":\"WebSite\",\"@id\":\"https:\\\/\\\/officialeleutheraharbourisland.com\\\/#website\",\"url\":\"https:\\\/\\\/officialeleutheraharbourisland.com\\\/\",\"name\":\"Official Eleuthera Harbour Island\",\"description\":\"Where Beauty &amp; Nature Meet\",\"publisher\":{\"@id\":\"https:\\\/\\\/officialeleutheraharbourisland.com\\\/#organization\"},\"potentialAction\":[{\"@type\":\"SearchAction\",\"target\":{\"@type\":\"EntryPoint\",\"urlTemplate\":\"https:\\\/\\\/officialeleutheraharbourisland.com\\\/?s={search_term_string}\"},\"query-input\":{\"@type\":\"PropertyValueSpecification\",\"valueRequired\":true,\"valueName\":\"search_term_string\"}}],\"inLanguage\":\"fr-FR\"},{\"@type\":\"Organization\",\"@id\":\"https:\\\/\\\/officialeleutheraharbourisland.com\\\/#organization\",\"name\":\"Official Eleuthera Harbour Island\",\"url\":\"https:\\\/\\\/officialeleutheraharbourisland.com\\\/\",\"logo\":{\"@type\":\"ImageObject\",\"inLanguage\":\"fr-FR\",\"@id\":\"https:\\\/\\\/officialeleutheraharbourisland.com\\\/#\\\/schema\\\/logo\\\/image\\\/\",\"url\":\"https:\\\/\\\/officialeleutheraharbourisland.com\\\/wp-content\\\/uploads\\\/2022\\\/03\\\/logo-new-GREY-275.png\",\"contentUrl\":\"https:\\\/\\\/officialeleutheraharbourisland.com\\\/wp-content\\\/uploads\\\/2022\\\/03\\\/logo-new-GREY-275.png\",\"width\":275,\"height\":22,\"caption\":\"Official Eleuthera Harbour Island\"},\"image\":{\"@id\":\"https:\\\/\\\/officialeleutheraharbourisland.com\\\/#\\\/schema\\\/logo\\\/image\\\/\"}}]}<\/script>\n<!-- \/ Yoast SEO Premium plugin. -->","yoast_head_json":{"title":"Bonefishing \u00e0 Harbour Island. Activit\u00e9s nautiques aux Bahamas.","description":"Official Eleuthera Harbour Island votre guide pour Harbour Island, partage des informations sur la p\u00eache \u00e0 l'os. Activit\u00e9s nautiques aux Bahamas.","robots":{"index":"index","follow":"follow","max-snippet":"max-snippet:-1","max-image-preview":"max-image-preview:large","max-video-preview":"max-video-preview:-1"},"canonical":"https:\/\/officialeleutheraharbourisland.com\/fr\/harbour-island\/que-faire\/activites-sportives\/activites-nautiques\/bonefishing\/","og_locale":"fr_FR","og_type":"article","og_title":"Bonefishing","og_description":"Official Eleuthera Harbour Island votre guide pour Harbour Island, partage des informations sur la p\u00eache \u00e0 l'os. Activit\u00e9s nautiques aux Bahamas.","og_url":"https:\/\/officialeleutheraharbourisland.com\/fr\/harbour-island\/que-faire\/activites-sportives\/activites-nautiques\/bonefishing\/","og_site_name":"Official Eleuthera Harbour Island","article_modified_time":"2023-03-13T14:44:44+00:00","og_image":[{"width":773,"height":580,"url":"https:\/\/officialeleutheraharbourisland.com\/wp-content\/uploads\/2022\/04\/bonefishing.jpeg","type":"image\/jpeg"}],"twitter_card":"summary_large_image","twitter_misc":{"Dur\u00e9e de lecture estim\u00e9e":"3 minutes"},"schema":{"@context":"https:\/\/schema.org","@graph":[{"@type":"WebPage","@id":"https:\/\/officialeleutheraharbourisland.com\/fr\/harbour-island\/que-faire\/activites-sportives\/activites-nautiques\/bonefishing\/","url":"https:\/\/officialeleutheraharbourisland.com\/fr\/harbour-island\/que-faire\/activites-sportives\/activites-nautiques\/bonefishing\/","name":"Bonefishing \u00e0 Harbour Island. Activit\u00e9s nautiques aux Bahamas.","isPartOf":{"@id":"https:\/\/officialeleutheraharbourisland.com\/#website"},"primaryImageOfPage":{"@id":"https:\/\/officialeleutheraharbourisland.com\/fr\/harbour-island\/que-faire\/activites-sportives\/activites-nautiques\/bonefishing\/#primaryimage"},"image":{"@id":"https:\/\/officialeleutheraharbourisland.com\/fr\/harbour-island\/que-faire\/activites-sportives\/activites-nautiques\/bonefishing\/#primaryimage"},"thumbnailUrl":"https:\/\/officialeleutheraharbourisland.com\/wp-content\/uploads\/2022\/04\/bonefishing.jpeg","datePublished":"2023-02-14T18:12:32+00:00","dateModified":"2023-03-13T14:44:44+00:00","description":"Official Eleuthera Harbour Island votre guide pour Harbour Island, partage des informations sur la p\u00eache \u00e0 l'os. Activit\u00e9s nautiques aux Bahamas.","breadcrumb":{"@id":"https:\/\/officialeleutheraharbourisland.com\/fr\/harbour-island\/que-faire\/activites-sportives\/activites-nautiques\/bonefishing\/#breadcrumb"},"inLanguage":"fr-FR","potentialAction":[{"@type":"ReadAction","target":["https:\/\/officialeleutheraharbourisland.com\/fr\/harbour-island\/que-faire\/activites-sportives\/activites-nautiques\/bonefishing\/"]}]},{"@type":"ImageObject","inLanguage":"fr-FR","@id":"https:\/\/officialeleutheraharbourisland.com\/fr\/harbour-island\/que-faire\/activites-sportives\/activites-nautiques\/bonefishing\/#primaryimage","url":"https:\/\/officialeleutheraharbourisland.com\/wp-content\/uploads\/2022\/04\/bonefishing.jpeg","contentUrl":"https:\/\/officialeleutheraharbourisland.com\/wp-content\/uploads\/2022\/04\/bonefishing.jpeg","width":773,"height":580},{"@type":"BreadcrumbList","@id":"https:\/\/officialeleutheraharbourisland.com\/fr\/harbour-island\/que-faire\/activites-sportives\/activites-nautiques\/bonefishing\/#breadcrumb","itemListElement":[{"@type":"ListItem","position":1,"name":"Home","item":"https:\/\/officialeleutheraharbourisland.com\/fr\/"},{"@type":"ListItem","position":2,"name":"HARBOUR ISLAND","item":"https:\/\/officialeleutheraharbourisland.com\/fr\/harbour-island\/"},{"@type":"ListItem","position":3,"name":"QUE FAIRE","item":"https:\/\/officialeleutheraharbourisland.com\/fr\/harbour-island\/que-faire\/"},{"@type":"ListItem","position":4,"name":"Activites Sportives","item":"https:\/\/officialeleutheraharbourisland.com\/fr\/harbour-island\/choses-a-faire__trashed\/activites-sportives\/"},{"@type":"ListItem","position":5,"name":"Activit\u00e9s nautiques","item":"https:\/\/officialeleutheraharbourisland.com\/fr\/harbour-island\/choses-a-faire__trashed\/activites-sportives\/activites-nautiques\/"},{"@type":"ListItem","position":6,"name":"Bonefishing"}]},{"@type":"WebSite","@id":"https:\/\/officialeleutheraharbourisland.com\/#website","url":"https:\/\/officialeleutheraharbourisland.com\/","name":"Official Eleuthera Harbour Island","description":"Where Beauty &amp; Nature Meet","publisher":{"@id":"https:\/\/officialeleutheraharbourisland.com\/#organization"},"potentialAction":[{"@type":"SearchAction","target":{"@type":"EntryPoint","urlTemplate":"https:\/\/officialeleutheraharbourisland.com\/?s={search_term_string}"},"query-input":{"@type":"PropertyValueSpecification","valueRequired":true,"valueName":"search_term_string"}}],"inLanguage":"fr-FR"},{"@type":"Organization","@id":"https:\/\/officialeleutheraharbourisland.com\/#organization","name":"Official Eleuthera Harbour Island","url":"https:\/\/officialeleutheraharbourisland.com\/","logo":{"@type":"ImageObject","inLanguage":"fr-FR","@id":"https:\/\/officialeleutheraharbourisland.com\/#\/schema\/logo\/image\/","url":"https:\/\/officialeleutheraharbourisland.com\/wp-content\/uploads\/2022\/03\/logo-new-GREY-275.png","contentUrl":"https:\/\/officialeleutheraharbourisland.com\/wp-content\/uploads\/2022\/03\/logo-new-GREY-275.png","width":275,"height":22,"caption":"Official Eleuthera Harbour Island"},"image":{"@id":"https:\/\/officialeleutheraharbourisland.com\/#\/schema\/logo\/image\/"}}]}},"jetpack_sharing_enabled":true,"_links":{"self":[{"href":"https:\/\/officialeleutheraharbourisland.com\/fr\/wp-json\/wp\/v2\/pages\/74606","targetHints":{"allow":["GET"]}}],"collection":[{"href":"https:\/\/officialeleutheraharbourisland.com\/fr\/wp-json\/wp\/v2\/pages"}],"about":[{"href":"https:\/\/officialeleutheraharbourisland.com\/fr\/wp-json\/wp\/v2\/types\/page"}],"author":[{"embeddable":true,"href":"https:\/\/officialeleutheraharbourisland.com\/fr\/wp-json\/wp\/v2\/users\/1"}],"replies":[{"embeddable":true,"href":"https:\/\/officialeleutheraharbourisland.com\/fr\/wp-json\/wp\/v2\/comments?post=74606"}],"version-history":[{"count":2,"href":"https:\/\/officialeleutheraharbourisland.com\/fr\/wp-json\/wp\/v2\/pages\/74606\/revisions"}],"predecessor-version":[{"id":74608,"href":"https:\/\/officialeleutheraharbourisland.com\/fr\/wp-json\/wp\/v2\/pages\/74606\/revisions\/74608"}],"up":[{"embeddable":true,"href":"https:\/\/officialeleutheraharbourisland.com\/fr\/wp-json\/wp\/v2\/pages\/74569"}],"wp:featuredmedia":[{"embeddable":true,"href":"https:\/\/officialeleutheraharbourisland.com\/fr\/wp-json\/wp\/v2\/media\/62134"}],"wp:attachment":[{"href":"https:\/\/officialeleutheraharbourisland.com\/fr\/wp-json\/wp\/v2\/media?parent=74606"}],"wp:term":[{"taxonomy":"category","embeddable":true,"href":"https:\/\/officialeleutheraharbourisland.com\/fr\/wp-json\/wp\/v2\/categories?post=74606"},{"taxonomy":"post_tag","embeddable":true,"href":"https:\/\/officialeleutheraharbourisland.com\/fr\/wp-json\/wp\/v2\/tags?post=74606"}],"curies":[{"name":"wp","href":"https:\/\/api.w.org\/{rel}","templated":true}]}}