{"id":74619,"date":"2023-02-14T18:12:32","date_gmt":"2023-02-14T18:12:32","guid":{"rendered":"https:\/\/officialeleutheraharbourisland.com\/harbour-island\/que-faire\/activites-sportives\/activites-nautiques\/reef-fishing\/"},"modified":"2023-03-13T15:33:05","modified_gmt":"2023-03-13T15:33:05","slug":"peche-au-recif","status":"publish","type":"page","link":"https:\/\/officialeleutheraharbourisland.com\/fr\/harbour-island\/que-faire\/activites-sportives\/activites-nautiques\/peche-au-recif\/","title":{"rendered":"P\u00eache au r\u00e9cif"},"content":{"rendered":"<div class=\"wpb-content-wrapper\"><p>[vc_row css=\u00a0\u00bb.vc_custom_1650996412893{padding-bottom: 50px !important;}\u00a0\u00bb][vc_column]<div id=\"ultimate-heading-854769dea0e9b19cd\" class=\"uvc-heading ult-adjust-bottom-margin ultimate-heading-854769dea0e9b19cd uvc-9794 \" data-hspacer=\"no_spacer\"  data-halign=\"center\" style=\"text-align:center\"><div class=\"uvc-heading-spacer no_spacer\" style=\"top\"><\/div><div class=\"uvc-main-heading ult-responsive\"  data-ultimate-target='.uvc-heading.ultimate-heading-854769dea0e9b19cd h2'  data-responsive-json-new='{\"font-size\":\"\",\"line-height\":\"\"}' ><h2 style=\"font-weight:normal;margin-bottom:10px;\">Reef Fishing in Harbour Island<\/h2><\/div><\/div><div class=\"hr-thin style-line accent-border-color\" style=\"width: 100px;border-top-width: 3px;\"><\/div>[vc_column_text css=\u00a0\u00bb.vc_custom_1678721381998{padding-top: 30px !important;}\u00a0\u00bb]P\u00eacher au large d&rsquo;Eleuthera est toujours une aventure amusante. Cependant, la p\u00eache sur le r\u00e9cif offre un peu plus de choses que la p\u00eache en haute mer n&rsquo;offre pas. D&rsquo;une part, vous pouvez aller vous baigner sur le r\u00e9cif sans vous soucier d&rsquo;un gros requin venant de la mer d&rsquo;un bleu profond en dessous de vous. Contrairement \u00e0 la p\u00eache en haute mer, o\u00f9 l&rsquo;oc\u00e9an peut descendre \u00e0 plus de 1 000 pieds de profondeur ; le r\u00e9cif est relativement peu profond.<\/p>\n<p>La p\u00eache de r\u00e9cif descend g\u00e9n\u00e9ralement \u00e0 une profondeur de 20 \u00e0 120 pieds. Dans des eaux \u00e0 une profondeur de 80 pieds, vous pouvez g\u00e9n\u00e9ralement voir clairement le fond; car l&rsquo;eau autour de Harbour Island aux Bahamas est chaude et limpide toute l&rsquo;ann\u00e9e.<br \/>\n[\/vc_column_text][\/vc_column][\/vc_row][vc_row css=\u00a0\u00bb.vc_custom_1650996499970{padding-bottom: 50px !important;}\u00a0\u00bb][vc_column]<style type=\"text\/css\" data-type=\"the7_shortcodes-inline-css\">.shortcode-single-image-wrap.shortcode-single-image-116b27f559f5d1b8bfa8d9b60884813a.enable-bg-rollover .rollover i,\n.shortcode-single-image-wrap.shortcode-single-image-116b27f559f5d1b8bfa8d9b60884813a.enable-bg-rollover .rollover-video i {\n  background: -webkit-linear-gradient();\n  background: linear-gradient();\n}\n.shortcode-single-image-wrap.shortcode-single-image-116b27f559f5d1b8bfa8d9b60884813a .rollover-icon {\n  font-size: 32px;\n  color: #ffffff;\n  min-width: 44px;\n  min-height: 44px;\n  line-height: 44px;\n  border-radius: 100px;\n  border-style: solid;\n  border-width: 0px;\n}\n.dt-icon-bg-on.shortcode-single-image-wrap.shortcode-single-image-116b27f559f5d1b8bfa8d9b60884813a .rollover-icon {\n  background: rgba(255,255,255,0.3);\n  box-shadow: none;\n}\n<\/style><div class=\"shortcode-single-image-wrap shortcode-single-image-116b27f559f5d1b8bfa8d9b60884813a alignnone  enable-bg-rollover dt-icon-bg-off\" style=\"margin-top:0px; margin-bottom:0px; margin-left:0px; margin-right:0px; width:800px;\" data-pretty-share=\"facebook,twitter,pinterest,linkedin\"><div class=\"shortcode-single-image\"><div class=\"fancy-media-wrap  layzr-bg\" style=\"\"><img fetchpriority=\"high\" decoding=\"async\" class=\"preload-me lazy-load aspect\" src=\"data:image\/svg+xml,%3Csvg%20xmlns%3D&#39;http%3A%2F%2Fwww.w3.org%2F2000%2Fsvg&#39;%20viewBox%3D&#39;0%200%20800%20400&#39;%2F%3E\" data-src=\"https:\/\/officialeleutheraharbourisland.com\/wp-content\/uploads\/2022\/04\/fishing-800x400.jpeg\" data-srcset=\"https:\/\/officialeleutheraharbourisland.com\/wp-content\/uploads\/2022\/04\/fishing-800x400.jpeg 800w, https:\/\/officialeleutheraharbourisland.com\/wp-content\/uploads\/2022\/04\/fishing-1000x500.jpeg 1000w\" loading=\"eager\" sizes=\"(max-width: 800px) 100vw, 800px\" width=\"800\" height=\"400\"  data-dt-location=\"https:\/\/officialeleutheraharbourisland.com\/fr\/fishing-4\/\" style=\"--ratio: 800 \/ 400;\" alt=\"Reef fishing Harbour Island\" \/><\/div><\/div><\/div>[\/vc_column][\/vc_row][vc_row css=\u00a0\u00bb.vc_custom_1650996515824{padding-bottom: 50px !important;}\u00a0\u00bb][vc_column][vc_column_text]Toutes sortes de poissons peuvent \u00eatre captur\u00e9s lors de la p\u00eache de r\u00e9cif, mais les principaux poissons p\u00each\u00e9s au large de Harbour Island et d&rsquo;Eleuthera aux Bahamas sont les suivants\u00a0:<\/p>\n<ol>\n<li>Grouper<\/li>\n<li>Lobster<\/li>\n<li>Flounder<\/li>\n<li>Hogfish<\/li>\n<li>Lionfish<\/li>\n<li>Barracuda<\/li>\n<li>Snapper (Yellowtail, Grey, Mahogany)<\/li>\n<li>Cobia<\/li>\n<li>Corvina<\/li>\n<\/ol>\n<p>Il est essentiel lorsque vous allez p\u00eacher dans le r\u00e9cif de toujours rester derri\u00e8re votre bateau. Cela apportera plus de poissons \u00e0 votre bateau, peut-\u00eatre des requins ; mais attirera de nombreux poissons comestibles \u00e0 attraper pour le d\u00eener. Si vous n&rsquo;avez pas votre propre bateau, des charters de location de Harbour Island peuvent \u00eatre trouv\u00e9s sur l&rsquo;\u00eele pour vous emmener vous et vos amis pendant une journ\u00e9e. M\u00eame les p\u00eacheurs les moins exp\u00e9riment\u00e9s peuvent profiter d&rsquo;une journ\u00e9e sur l&rsquo;eau.[\/vc_column_text][\/vc_column][\/vc_row]<\/p>\n<\/div>","protected":false},"excerpt":{"rendered":"<p>[vc_row css=\u00a0\u00bb.vc_custom_1650996412893{padding-bottom: 50px !important;}\u00a0\u00bb][vc_column][vc_column_text css=\u00a0\u00bb.vc_custom_1678721381998{padding-top: 30px !important;}\u00a0\u00bb]P\u00eacher au large d&rsquo;Eleuthera est toujours une aventure amusante. Cependant, la p\u00eache sur le r\u00e9cif offre un peu plus de choses que la p\u00eache en haute mer n&rsquo;offre pas. D&rsquo;une part, vous pouvez aller vous baigner sur le r\u00e9cif sans vous soucier d&rsquo;un gros requin venant de la mer&hellip;<\/p>\n","protected":false},"author":1,"featured_media":62209,"parent":74569,"menu_order":0,"comment_status":"closed","ping_status":"closed","template":"","meta":{"footnotes":""},"categories":[],"tags":[1192],"class_list":["post-74619","page","type-page","status-publish","has-post-thumbnail","hentry","tag-water-sports-activities-harbour-island-fr-2","description-off"],"yoast_head":"<!-- This site is optimized with the Yoast SEO Premium plugin v25.2 (Yoast SEO v27.4) - https:\/\/yoast.com\/product\/yoast-seo-premium-wordpress\/ -->\n<title>P\u00eache au r\u00e9cif \u00e0 Harbour Island. Activit\u00e9 nautique aux Bahamas.<\/title>\n<meta name=\"description\" content=\"Official Eleuthera Harbour Island votre guide de voyage pour Harbour Island, des partages sur la p\u00eache dans les r\u00e9cifs. Activit\u00e9s nautiques aux Bahamas.\" \/>\n<meta name=\"robots\" content=\"index, follow, max-snippet:-1, max-image-preview:large, max-video-preview:-1\" \/>\n<link rel=\"canonical\" href=\"https:\/\/officialeleutheraharbourisland.com\/fr\/harbour-island\/que-faire\/activites-sportives\/activites-nautiques\/peche-au-recif\/\" \/>\n<meta property=\"og:locale\" content=\"fr_FR\" \/>\n<meta property=\"og:type\" content=\"article\" \/>\n<meta property=\"og:title\" content=\"P\u00eache au r\u00e9cif\" \/>\n<meta property=\"og:description\" content=\"Official Eleuthera Harbour Island votre guide de voyage pour Harbour Island, des partages sur la p\u00eache dans les r\u00e9cifs. Activit\u00e9s nautiques aux Bahamas.\" \/>\n<meta property=\"og:url\" content=\"https:\/\/officialeleutheraharbourisland.com\/fr\/harbour-island\/que-faire\/activites-sportives\/activites-nautiques\/peche-au-recif\/\" \/>\n<meta property=\"og:site_name\" content=\"Official Eleuthera Harbour Island\" \/>\n<meta property=\"article:modified_time\" content=\"2023-03-13T15:33:05+00:00\" \/>\n<meta property=\"og:image\" content=\"https:\/\/officialeleutheraharbourisland.com\/wp-content\/uploads\/2022\/04\/fishing-charters.jpeg\" \/>\n\t<meta property=\"og:image:width\" content=\"1000\" \/>\n\t<meta property=\"og:image:height\" content=\"714\" \/>\n\t<meta property=\"og:image:type\" content=\"image\/jpeg\" \/>\n<meta name=\"twitter:card\" content=\"summary_large_image\" \/>\n<meta name=\"twitter:label1\" content=\"Dur\u00e9e de lecture estim\u00e9e\" \/>\n\t<meta name=\"twitter:data1\" content=\"2 minutes\" \/>\n<script type=\"application\/ld+json\" class=\"yoast-schema-graph\">{\"@context\":\"https:\\\/\\\/schema.org\",\"@graph\":[{\"@type\":\"WebPage\",\"@id\":\"https:\\\/\\\/officialeleutheraharbourisland.com\\\/fr\\\/harbour-island\\\/que-faire\\\/activites-sportives\\\/activites-nautiques\\\/peche-au-recif\\\/\",\"url\":\"https:\\\/\\\/officialeleutheraharbourisland.com\\\/fr\\\/harbour-island\\\/que-faire\\\/activites-sportives\\\/activites-nautiques\\\/peche-au-recif\\\/\",\"name\":\"P\u00eache au r\u00e9cif \u00e0 Harbour Island. Activit\u00e9 nautique aux Bahamas.\",\"isPartOf\":{\"@id\":\"https:\\\/\\\/officialeleutheraharbourisland.com\\\/#website\"},\"primaryImageOfPage\":{\"@id\":\"https:\\\/\\\/officialeleutheraharbourisland.com\\\/fr\\\/harbour-island\\\/que-faire\\\/activites-sportives\\\/activites-nautiques\\\/peche-au-recif\\\/#primaryimage\"},\"image\":{\"@id\":\"https:\\\/\\\/officialeleutheraharbourisland.com\\\/fr\\\/harbour-island\\\/que-faire\\\/activites-sportives\\\/activites-nautiques\\\/peche-au-recif\\\/#primaryimage\"},\"thumbnailUrl\":\"https:\\\/\\\/officialeleutheraharbourisland.com\\\/wp-content\\\/uploads\\\/2022\\\/04\\\/fishing-charters.jpeg\",\"datePublished\":\"2023-02-14T18:12:32+00:00\",\"dateModified\":\"2023-03-13T15:33:05+00:00\",\"description\":\"Official Eleuthera Harbour Island votre guide de voyage pour Harbour Island, des partages sur la p\u00eache dans les r\u00e9cifs. Activit\u00e9s nautiques aux Bahamas.\",\"breadcrumb\":{\"@id\":\"https:\\\/\\\/officialeleutheraharbourisland.com\\\/fr\\\/harbour-island\\\/que-faire\\\/activites-sportives\\\/activites-nautiques\\\/peche-au-recif\\\/#breadcrumb\"},\"inLanguage\":\"fr-FR\",\"potentialAction\":[{\"@type\":\"ReadAction\",\"target\":[\"https:\\\/\\\/officialeleutheraharbourisland.com\\\/fr\\\/harbour-island\\\/que-faire\\\/activites-sportives\\\/activites-nautiques\\\/peche-au-recif\\\/\"]}]},{\"@type\":\"ImageObject\",\"inLanguage\":\"fr-FR\",\"@id\":\"https:\\\/\\\/officialeleutheraharbourisland.com\\\/fr\\\/harbour-island\\\/que-faire\\\/activites-sportives\\\/activites-nautiques\\\/peche-au-recif\\\/#primaryimage\",\"url\":\"https:\\\/\\\/officialeleutheraharbourisland.com\\\/wp-content\\\/uploads\\\/2022\\\/04\\\/fishing-charters.jpeg\",\"contentUrl\":\"https:\\\/\\\/officialeleutheraharbourisland.com\\\/wp-content\\\/uploads\\\/2022\\\/04\\\/fishing-charters.jpeg\",\"width\":1000,\"height\":714},{\"@type\":\"BreadcrumbList\",\"@id\":\"https:\\\/\\\/officialeleutheraharbourisland.com\\\/fr\\\/harbour-island\\\/que-faire\\\/activites-sportives\\\/activites-nautiques\\\/peche-au-recif\\\/#breadcrumb\",\"itemListElement\":[{\"@type\":\"ListItem\",\"position\":1,\"name\":\"Home\",\"item\":\"https:\\\/\\\/officialeleutheraharbourisland.com\\\/fr\\\/\"},{\"@type\":\"ListItem\",\"position\":2,\"name\":\"HARBOUR ISLAND\",\"item\":\"https:\\\/\\\/officialeleutheraharbourisland.com\\\/fr\\\/harbour-island\\\/\"},{\"@type\":\"ListItem\",\"position\":3,\"name\":\"QUE FAIRE\",\"item\":\"https:\\\/\\\/officialeleutheraharbourisland.com\\\/fr\\\/harbour-island\\\/que-faire\\\/\"},{\"@type\":\"ListItem\",\"position\":4,\"name\":\"Activites Sportives\",\"item\":\"https:\\\/\\\/officialeleutheraharbourisland.com\\\/fr\\\/harbour-island\\\/choses-a-faire__trashed\\\/activites-sportives\\\/\"},{\"@type\":\"ListItem\",\"position\":5,\"name\":\"Activit\u00e9s nautiques\",\"item\":\"https:\\\/\\\/officialeleutheraharbourisland.com\\\/fr\\\/harbour-island\\\/choses-a-faire__trashed\\\/activites-sportives\\\/activites-nautiques\\\/\"},{\"@type\":\"ListItem\",\"position\":6,\"name\":\"P\u00eache au r\u00e9cif\"}]},{\"@type\":\"WebSite\",\"@id\":\"https:\\\/\\\/officialeleutheraharbourisland.com\\\/#website\",\"url\":\"https:\\\/\\\/officialeleutheraharbourisland.com\\\/\",\"name\":\"Official Eleuthera Harbour Island\",\"description\":\"Where Beauty &amp; Nature Meet\",\"publisher\":{\"@id\":\"https:\\\/\\\/officialeleutheraharbourisland.com\\\/#organization\"},\"potentialAction\":[{\"@type\":\"SearchAction\",\"target\":{\"@type\":\"EntryPoint\",\"urlTemplate\":\"https:\\\/\\\/officialeleutheraharbourisland.com\\\/?s={search_term_string}\"},\"query-input\":{\"@type\":\"PropertyValueSpecification\",\"valueRequired\":true,\"valueName\":\"search_term_string\"}}],\"inLanguage\":\"fr-FR\"},{\"@type\":\"Organization\",\"@id\":\"https:\\\/\\\/officialeleutheraharbourisland.com\\\/#organization\",\"name\":\"Official Eleuthera Harbour Island\",\"url\":\"https:\\\/\\\/officialeleutheraharbourisland.com\\\/\",\"logo\":{\"@type\":\"ImageObject\",\"inLanguage\":\"fr-FR\",\"@id\":\"https:\\\/\\\/officialeleutheraharbourisland.com\\\/#\\\/schema\\\/logo\\\/image\\\/\",\"url\":\"https:\\\/\\\/officialeleutheraharbourisland.com\\\/wp-content\\\/uploads\\\/2022\\\/03\\\/logo-new-GREY-275.png\",\"contentUrl\":\"https:\\\/\\\/officialeleutheraharbourisland.com\\\/wp-content\\\/uploads\\\/2022\\\/03\\\/logo-new-GREY-275.png\",\"width\":275,\"height\":22,\"caption\":\"Official Eleuthera Harbour Island\"},\"image\":{\"@id\":\"https:\\\/\\\/officialeleutheraharbourisland.com\\\/#\\\/schema\\\/logo\\\/image\\\/\"}}]}<\/script>\n<!-- \/ Yoast SEO Premium plugin. -->","yoast_head_json":{"title":"P\u00eache au r\u00e9cif \u00e0 Harbour Island. Activit\u00e9 nautique aux Bahamas.","description":"Official Eleuthera Harbour Island votre guide de voyage pour Harbour Island, des partages sur la p\u00eache dans les r\u00e9cifs. Activit\u00e9s nautiques aux Bahamas.","robots":{"index":"index","follow":"follow","max-snippet":"max-snippet:-1","max-image-preview":"max-image-preview:large","max-video-preview":"max-video-preview:-1"},"canonical":"https:\/\/officialeleutheraharbourisland.com\/fr\/harbour-island\/que-faire\/activites-sportives\/activites-nautiques\/peche-au-recif\/","og_locale":"fr_FR","og_type":"article","og_title":"P\u00eache au r\u00e9cif","og_description":"Official Eleuthera Harbour Island votre guide de voyage pour Harbour Island, des partages sur la p\u00eache dans les r\u00e9cifs. Activit\u00e9s nautiques aux Bahamas.","og_url":"https:\/\/officialeleutheraharbourisland.com\/fr\/harbour-island\/que-faire\/activites-sportives\/activites-nautiques\/peche-au-recif\/","og_site_name":"Official Eleuthera Harbour Island","article_modified_time":"2023-03-13T15:33:05+00:00","og_image":[{"width":1000,"height":714,"url":"https:\/\/officialeleutheraharbourisland.com\/wp-content\/uploads\/2022\/04\/fishing-charters.jpeg","type":"image\/jpeg"}],"twitter_card":"summary_large_image","twitter_misc":{"Dur\u00e9e de lecture estim\u00e9e":"2 minutes"},"schema":{"@context":"https:\/\/schema.org","@graph":[{"@type":"WebPage","@id":"https:\/\/officialeleutheraharbourisland.com\/fr\/harbour-island\/que-faire\/activites-sportives\/activites-nautiques\/peche-au-recif\/","url":"https:\/\/officialeleutheraharbourisland.com\/fr\/harbour-island\/que-faire\/activites-sportives\/activites-nautiques\/peche-au-recif\/","name":"P\u00eache au r\u00e9cif \u00e0 Harbour Island. Activit\u00e9 nautique aux Bahamas.","isPartOf":{"@id":"https:\/\/officialeleutheraharbourisland.com\/#website"},"primaryImageOfPage":{"@id":"https:\/\/officialeleutheraharbourisland.com\/fr\/harbour-island\/que-faire\/activites-sportives\/activites-nautiques\/peche-au-recif\/#primaryimage"},"image":{"@id":"https:\/\/officialeleutheraharbourisland.com\/fr\/harbour-island\/que-faire\/activites-sportives\/activites-nautiques\/peche-au-recif\/#primaryimage"},"thumbnailUrl":"https:\/\/officialeleutheraharbourisland.com\/wp-content\/uploads\/2022\/04\/fishing-charters.jpeg","datePublished":"2023-02-14T18:12:32+00:00","dateModified":"2023-03-13T15:33:05+00:00","description":"Official Eleuthera Harbour Island votre guide de voyage pour Harbour Island, des partages sur la p\u00eache dans les r\u00e9cifs. Activit\u00e9s nautiques aux Bahamas.","breadcrumb":{"@id":"https:\/\/officialeleutheraharbourisland.com\/fr\/harbour-island\/que-faire\/activites-sportives\/activites-nautiques\/peche-au-recif\/#breadcrumb"},"inLanguage":"fr-FR","potentialAction":[{"@type":"ReadAction","target":["https:\/\/officialeleutheraharbourisland.com\/fr\/harbour-island\/que-faire\/activites-sportives\/activites-nautiques\/peche-au-recif\/"]}]},{"@type":"ImageObject","inLanguage":"fr-FR","@id":"https:\/\/officialeleutheraharbourisland.com\/fr\/harbour-island\/que-faire\/activites-sportives\/activites-nautiques\/peche-au-recif\/#primaryimage","url":"https:\/\/officialeleutheraharbourisland.com\/wp-content\/uploads\/2022\/04\/fishing-charters.jpeg","contentUrl":"https:\/\/officialeleutheraharbourisland.com\/wp-content\/uploads\/2022\/04\/fishing-charters.jpeg","width":1000,"height":714},{"@type":"BreadcrumbList","@id":"https:\/\/officialeleutheraharbourisland.com\/fr\/harbour-island\/que-faire\/activites-sportives\/activites-nautiques\/peche-au-recif\/#breadcrumb","itemListElement":[{"@type":"ListItem","position":1,"name":"Home","item":"https:\/\/officialeleutheraharbourisland.com\/fr\/"},{"@type":"ListItem","position":2,"name":"HARBOUR ISLAND","item":"https:\/\/officialeleutheraharbourisland.com\/fr\/harbour-island\/"},{"@type":"ListItem","position":3,"name":"QUE FAIRE","item":"https:\/\/officialeleutheraharbourisland.com\/fr\/harbour-island\/que-faire\/"},{"@type":"ListItem","position":4,"name":"Activites Sportives","item":"https:\/\/officialeleutheraharbourisland.com\/fr\/harbour-island\/choses-a-faire__trashed\/activites-sportives\/"},{"@type":"ListItem","position":5,"name":"Activit\u00e9s nautiques","item":"https:\/\/officialeleutheraharbourisland.com\/fr\/harbour-island\/choses-a-faire__trashed\/activites-sportives\/activites-nautiques\/"},{"@type":"ListItem","position":6,"name":"P\u00eache au r\u00e9cif"}]},{"@type":"WebSite","@id":"https:\/\/officialeleutheraharbourisland.com\/#website","url":"https:\/\/officialeleutheraharbourisland.com\/","name":"Official Eleuthera Harbour Island","description":"Where Beauty &amp; Nature Meet","publisher":{"@id":"https:\/\/officialeleutheraharbourisland.com\/#organization"},"potentialAction":[{"@type":"SearchAction","target":{"@type":"EntryPoint","urlTemplate":"https:\/\/officialeleutheraharbourisland.com\/?s={search_term_string}"},"query-input":{"@type":"PropertyValueSpecification","valueRequired":true,"valueName":"search_term_string"}}],"inLanguage":"fr-FR"},{"@type":"Organization","@id":"https:\/\/officialeleutheraharbourisland.com\/#organization","name":"Official Eleuthera Harbour Island","url":"https:\/\/officialeleutheraharbourisland.com\/","logo":{"@type":"ImageObject","inLanguage":"fr-FR","@id":"https:\/\/officialeleutheraharbourisland.com\/#\/schema\/logo\/image\/","url":"https:\/\/officialeleutheraharbourisland.com\/wp-content\/uploads\/2022\/03\/logo-new-GREY-275.png","contentUrl":"https:\/\/officialeleutheraharbourisland.com\/wp-content\/uploads\/2022\/03\/logo-new-GREY-275.png","width":275,"height":22,"caption":"Official Eleuthera Harbour Island"},"image":{"@id":"https:\/\/officialeleutheraharbourisland.com\/#\/schema\/logo\/image\/"}}]}},"jetpack_sharing_enabled":true,"_links":{"self":[{"href":"https:\/\/officialeleutheraharbourisland.com\/fr\/wp-json\/wp\/v2\/pages\/74619","targetHints":{"allow":["GET"]}}],"collection":[{"href":"https:\/\/officialeleutheraharbourisland.com\/fr\/wp-json\/wp\/v2\/pages"}],"about":[{"href":"https:\/\/officialeleutheraharbourisland.com\/fr\/wp-json\/wp\/v2\/types\/page"}],"author":[{"embeddable":true,"href":"https:\/\/officialeleutheraharbourisland.com\/fr\/wp-json\/wp\/v2\/users\/1"}],"replies":[{"embeddable":true,"href":"https:\/\/officialeleutheraharbourisland.com\/fr\/wp-json\/wp\/v2\/comments?post=74619"}],"version-history":[{"count":2,"href":"https:\/\/officialeleutheraharbourisland.com\/fr\/wp-json\/wp\/v2\/pages\/74619\/revisions"}],"predecessor-version":[{"id":74621,"href":"https:\/\/officialeleutheraharbourisland.com\/fr\/wp-json\/wp\/v2\/pages\/74619\/revisions\/74621"}],"up":[{"embeddable":true,"href":"https:\/\/officialeleutheraharbourisland.com\/fr\/wp-json\/wp\/v2\/pages\/74569"}],"wp:featuredmedia":[{"embeddable":true,"href":"https:\/\/officialeleutheraharbourisland.com\/fr\/wp-json\/wp\/v2\/media\/62209"}],"wp:attachment":[{"href":"https:\/\/officialeleutheraharbourisland.com\/fr\/wp-json\/wp\/v2\/media?parent=74619"}],"wp:term":[{"taxonomy":"category","embeddable":true,"href":"https:\/\/officialeleutheraharbourisland.com\/fr\/wp-json\/wp\/v2\/categories?post=74619"},{"taxonomy":"post_tag","embeddable":true,"href":"https:\/\/officialeleutheraharbourisland.com\/fr\/wp-json\/wp\/v2\/tags?post=74619"}],"curies":[{"name":"wp","href":"https:\/\/api.w.org\/{rel}","templated":true}]}}