{"id":74646,"date":"2023-02-15T18:11:32","date_gmt":"2023-02-15T18:11:32","guid":{"rendered":"https:\/\/officialeleutheraharbourisland.com\/harbour-island\/que-faire\/activites-sportives\/activites-terrestres\/tennis\/"},"modified":"2023-03-13T19:36:31","modified_gmt":"2023-03-13T19:36:31","slug":"tennis","status":"publish","type":"page","link":"https:\/\/officialeleutheraharbourisland.com\/fr\/harbour-island\/que-faire\/activites-sportives\/activites-terrestres\/tennis\/","title":{"rendered":"Tennis"},"content":{"rendered":"<div class=\"wpb-content-wrapper\"><p>[vc_row css=\u00a0\u00bb.vc_custom_1650996412893{padding-bottom: 50px !important;}\u00a0\u00bb][vc_column]<div id=\"ultimate-heading-819869de6adce96eb\" class=\"uvc-heading ult-adjust-bottom-margin ultimate-heading-819869de6adce96eb uvc-8746 \" data-hspacer=\"no_spacer\"  data-halign=\"center\" style=\"text-align:center\"><div class=\"uvc-heading-spacer no_spacer\" style=\"top\"><\/div><div class=\"uvc-main-heading ult-responsive\"  data-ultimate-target='.uvc-heading.ultimate-heading-819869de6adce96eb h2'  data-responsive-json-new='{\"font-size\":\"\",\"line-height\":\"\"}' ><h2 style=\"font-weight:normal;margin-bottom:10px;\">Tennis in Harbour Island<\/h2><\/div><\/div><div class=\"hr-thin style-line accent-border-color\" style=\"width: 100px;border-top-width: 3px;\"><\/div>[vc_column_text css=\u00a0\u00bb.vc_custom_1678736112972{padding-top: 30px !important;}\u00a0\u00bb]Le tennis est le plus agr\u00e9able v\u00e9cu par tous les \u00e2ges! Le tennis n&rsquo;est pas seulement un sport populaire \u00e0 Londres (Wimbledon) ; mais il est internationalement reconnu comme l&rsquo;un des plus grands sports de tous les temps. Si vous cherchez un passe-temps avec de grands avantages pour la sant\u00e9 et qui est tout simplement amusant ; venez voir les courts de classe mondiale de Harbour Island aux Bahamas.<\/p>\n<p>Lorsqu&rsquo;il recherche le court parfait, un vrai passionn\u00e9 de tennis saura bien sur quel type de court il aime jouer. Des courts en gazon aux courts en terre battue, des courts en dur aux environnements parfaitement entretenus; les courts de tennis de Harbour Island sont larges et vari\u00e9s. Peu importe ce que le tribunal; Les h\u00f4tels et centres de vill\u00e9giature de Harbour Islands aux Bahamas ont probablement ce que vous cherchez.<\/p>\n<p>Il est fortement recommand\u00e9 de faire une r\u00e9servation pour votre temps de jeu; car le nombre de courts est faible par rapport au nombre de touristes souhaitant jouer \u00e0 un jeu \u00e0 un moment donn\u00e9. Si votre location de vill\u00e9giature \u00e0 Harbour Island ne comprend pas de courts de tennis; vous pourrez peut-\u00eatre demander \u00e0 l&rsquo;une des propri\u00e9t\u00e9s voisines si vous pouvez utiliser ou louer leur terrain pendant une p\u00e9riode prolong\u00e9e.<\/p>\n<p>Les locations de maisons de vacances aux Bahamas disposent rarement de leurs propres courts de tennis priv\u00e9s. Et donc, si telle est votre situation, pouvons-nous vous recommander o\u00f9 vous pouvez jouer pour une somme modique ou gratuitement\u2026<\/p>\n<ol>\n<li>The Coral Sands Hotel \u2013 242-333-2320<\/li>\n<li>Romora Bay Club \u2013 242-333-2325<\/li>\n<li>Pink Sands \u2013 242-333-2030<\/li>\n<\/ol>\n<p>[\/vc_column_text][\/vc_column][\/vc_row][vc_row css=\u00a0\u00bb.vc_custom_1653921983534{padding-bottom: 50px !important;}\u00a0\u00bb][vc_column]<style type=\"text\/css\" data-type=\"the7_shortcodes-inline-css\">.shortcode-single-image-wrap.shortcode-single-image-2faee4602914c33a9bf678560a106f32.enable-bg-rollover .rollover i,\n.shortcode-single-image-wrap.shortcode-single-image-2faee4602914c33a9bf678560a106f32.enable-bg-rollover .rollover-video i {\n  background: -webkit-linear-gradient();\n  background: linear-gradient();\n}\n.shortcode-single-image-wrap.shortcode-single-image-2faee4602914c33a9bf678560a106f32 .rollover-icon {\n  font-size: 32px;\n  color: #ffffff;\n  min-width: 44px;\n  min-height: 44px;\n  line-height: 44px;\n  border-radius: 100px;\n  border-style: solid;\n  border-width: 0px;\n}\n.dt-icon-bg-on.shortcode-single-image-wrap.shortcode-single-image-2faee4602914c33a9bf678560a106f32 .rollover-icon {\n  background: rgba(255,255,255,0.3);\n  box-shadow: none;\n}\n<\/style><div class=\"shortcode-single-image-wrap shortcode-single-image-2faee4602914c33a9bf678560a106f32 alignnone  enable-bg-rollover dt-icon-bg-off\" style=\"margin-top:0px; margin-bottom:0px; margin-left:0px; margin-right:0px;\" data-pretty-share=\"facebook,twitter,pinterest,linkedin\"><div class=\"shortcode-single-image\"><div class=\"fancy-media-wrap  layzr-bg\" style=\"\"><img fetchpriority=\"high\" decoding=\"async\" class=\"preload-me lazy-load aspect\" src=\"data:image\/svg+xml,%3Csvg%20xmlns%3D&#39;http%3A%2F%2Fwww.w3.org%2F2000%2Fsvg&#39;%20viewBox%3D&#39;0%200%20800%20534&#39;%2F%3E\" data-src=\"https:\/\/officialeleutheraharbourisland.com\/wp-content\/uploads\/2022\/04\/tennis.webp\" data-srcset=\"https:\/\/officialeleutheraharbourisland.com\/wp-content\/uploads\/2022\/04\/tennis.webp 800w\" loading=\"eager\" sizes=\"(max-width: 800px) 100vw, 800px\" width=\"800\" height=\"534\"  data-dt-location=\"https:\/\/officialeleutheraharbourisland.com\/fr\/tennis\/\" style=\"--ratio: 800 \/ 534;\" alt=\"Tennis in Harbour Island\" \/><\/div><\/div><\/div>[\/vc_column][\/vc_row][vc_row css=\u00a0\u00bb.vc_custom_1650996515824{padding-bottom: 50px !important;}\u00a0\u00bb][vc_column][vc_column_text]En interrogeant tous les h\u00f4tels et resorts des Bahamas, vous d\u00e9couvrirez que le tennis est un sport plut\u00f4t populaire ! Avec plus de 150 courts de tennis \u00e0 travers les \u00eeles ; la plupart sont situ\u00e9s sur des propri\u00e9t\u00e9s de vill\u00e9giature et permettent aux clients de jouer gratuitement. Si ce n&rsquo;est pas gratuit, vous devrez peut-\u00eatre payer une somme modique pour utiliser les tribunaux pendant une p\u00e9riode prolong\u00e9e. Il y a aussi une petite poign\u00e9e de cours publics, mais les trouver est un jeu de chance.<\/p>\n<p>M\u00eame si certaines stations baln\u00e9aires de Harbour Island aux Bahamas proposent gratuitement des courts de tennis \u00e0 leurs clients pendant la journ\u00e9e, elles facturent souvent l&rsquo;\u00e9clairage des courts la nuit. Votre meilleure option est de participer \u00e0 un jeu pendant les heures de clart\u00e9 ; mais plus proche du petit matin.<\/p>\n<p>Certains des plus grands h\u00f4tels de Harbour Island aux Bahamas disposent de courts de tennis priv\u00e9s avec des boutiques professionnelles sur place. Des instructeurs sont disponibles pour vous aider \u00e0 perfectionner votre jeu.[\/vc_column_text][\/vc_column][\/vc_row]<\/p>\n<\/div>","protected":false},"excerpt":{"rendered":"<p>[vc_row css=\u00a0\u00bb.vc_custom_1650996412893{padding-bottom: 50px !important;}\u00a0\u00bb][vc_column][vc_column_text css=\u00a0\u00bb.vc_custom_1678736112972{padding-top: 30px !important;}\u00a0\u00bb]Le tennis est le plus agr\u00e9able v\u00e9cu par tous les \u00e2ges! Le tennis n&rsquo;est pas seulement un sport populaire \u00e0 Londres (Wimbledon) ; mais il est internationalement reconnu comme l&rsquo;un des plus grands sports de tous les temps. Si vous cherchez un passe-temps avec de grands avantages pour la&hellip;<\/p>\n","protected":false},"author":1,"featured_media":62096,"parent":74635,"menu_order":0,"comment_status":"closed","ping_status":"closed","template":"","meta":{"footnotes":""},"categories":[],"tags":[1194],"class_list":["post-74646","page","type-page","status-publish","has-post-thumbnail","hentry","tag-land-sports-activities-harbour-island-fr-2","description-off"],"yoast_head":"<!-- This site is optimized with the Yoast SEO Premium plugin v25.2 (Yoast SEO v27.3) - https:\/\/yoast.com\/product\/yoast-seo-premium-wordpress\/ -->\n<title>Tennis \u00e0 Harbour Island. Activit\u00e9s sportives terrestres Bahamas.<\/title>\n<meta name=\"description\" content=\"Official Eleuthera Harbour Island votre guide de Harbour Island, vous apporte plus d&#039;informations sur le tennis. Activit\u00e9s sportives terrestres aux Bahamas.\" \/>\n<meta name=\"robots\" content=\"index, follow, max-snippet:-1, max-image-preview:large, max-video-preview:-1\" \/>\n<link rel=\"canonical\" href=\"https:\/\/officialeleutheraharbourisland.com\/fr\/harbour-island\/que-faire\/activites-sportives\/activites-terrestres\/tennis\/\" \/>\n<meta property=\"og:locale\" content=\"fr_FR\" \/>\n<meta property=\"og:type\" content=\"article\" \/>\n<meta property=\"og:title\" content=\"Tennis\" \/>\n<meta property=\"og:description\" content=\"Official Eleuthera Harbour Island votre guide de Harbour Island, vous apporte plus d&#039;informations sur le tennis. Activit\u00e9s sportives terrestres aux Bahamas.\" \/>\n<meta property=\"og:url\" content=\"https:\/\/officialeleutheraharbourisland.com\/fr\/harbour-island\/que-faire\/activites-sportives\/activites-terrestres\/tennis\/\" \/>\n<meta property=\"og:site_name\" content=\"Official Eleuthera Harbour Island\" \/>\n<meta property=\"article:modified_time\" content=\"2023-03-13T19:36:31+00:00\" \/>\n<meta property=\"og:image\" content=\"https:\/\/officialeleutheraharbourisland.com\/wp-content\/uploads\/2022\/04\/tennis.webp\" \/>\n\t<meta property=\"og:image:width\" content=\"800\" \/>\n\t<meta property=\"og:image:height\" content=\"534\" \/>\n\t<meta property=\"og:image:type\" content=\"image\/webp\" \/>\n<meta name=\"twitter:card\" content=\"summary_large_image\" \/>\n<meta name=\"twitter:label1\" content=\"Dur\u00e9e de lecture estim\u00e9e\" \/>\n\t<meta name=\"twitter:data1\" content=\"3 minutes\" \/>\n<script type=\"application\/ld+json\" class=\"yoast-schema-graph\">{\"@context\":\"https:\\\/\\\/schema.org\",\"@graph\":[{\"@type\":\"WebPage\",\"@id\":\"https:\\\/\\\/officialeleutheraharbourisland.com\\\/fr\\\/harbour-island\\\/que-faire\\\/activites-sportives\\\/activites-terrestres\\\/tennis\\\/\",\"url\":\"https:\\\/\\\/officialeleutheraharbourisland.com\\\/fr\\\/harbour-island\\\/que-faire\\\/activites-sportives\\\/activites-terrestres\\\/tennis\\\/\",\"name\":\"Tennis \u00e0 Harbour Island. Activit\u00e9s sportives terrestres Bahamas.\",\"isPartOf\":{\"@id\":\"https:\\\/\\\/officialeleutheraharbourisland.com\\\/#website\"},\"primaryImageOfPage\":{\"@id\":\"https:\\\/\\\/officialeleutheraharbourisland.com\\\/fr\\\/harbour-island\\\/que-faire\\\/activites-sportives\\\/activites-terrestres\\\/tennis\\\/#primaryimage\"},\"image\":{\"@id\":\"https:\\\/\\\/officialeleutheraharbourisland.com\\\/fr\\\/harbour-island\\\/que-faire\\\/activites-sportives\\\/activites-terrestres\\\/tennis\\\/#primaryimage\"},\"thumbnailUrl\":\"https:\\\/\\\/officialeleutheraharbourisland.com\\\/wp-content\\\/uploads\\\/2022\\\/04\\\/tennis.webp\",\"datePublished\":\"2023-02-15T18:11:32+00:00\",\"dateModified\":\"2023-03-13T19:36:31+00:00\",\"description\":\"Official Eleuthera Harbour Island votre guide de Harbour Island, vous apporte plus d'informations sur le tennis. Activit\u00e9s sportives terrestres aux Bahamas.\",\"breadcrumb\":{\"@id\":\"https:\\\/\\\/officialeleutheraharbourisland.com\\\/fr\\\/harbour-island\\\/que-faire\\\/activites-sportives\\\/activites-terrestres\\\/tennis\\\/#breadcrumb\"},\"inLanguage\":\"fr-FR\",\"potentialAction\":[{\"@type\":\"ReadAction\",\"target\":[\"https:\\\/\\\/officialeleutheraharbourisland.com\\\/fr\\\/harbour-island\\\/que-faire\\\/activites-sportives\\\/activites-terrestres\\\/tennis\\\/\"]}]},{\"@type\":\"ImageObject\",\"inLanguage\":\"fr-FR\",\"@id\":\"https:\\\/\\\/officialeleutheraharbourisland.com\\\/fr\\\/harbour-island\\\/que-faire\\\/activites-sportives\\\/activites-terrestres\\\/tennis\\\/#primaryimage\",\"url\":\"https:\\\/\\\/officialeleutheraharbourisland.com\\\/wp-content\\\/uploads\\\/2022\\\/04\\\/tennis.webp\",\"contentUrl\":\"https:\\\/\\\/officialeleutheraharbourisland.com\\\/wp-content\\\/uploads\\\/2022\\\/04\\\/tennis.webp\",\"width\":800,\"height\":534},{\"@type\":\"BreadcrumbList\",\"@id\":\"https:\\\/\\\/officialeleutheraharbourisland.com\\\/fr\\\/harbour-island\\\/que-faire\\\/activites-sportives\\\/activites-terrestres\\\/tennis\\\/#breadcrumb\",\"itemListElement\":[{\"@type\":\"ListItem\",\"position\":1,\"name\":\"Home\",\"item\":\"https:\\\/\\\/officialeleutheraharbourisland.com\\\/fr\\\/\"},{\"@type\":\"ListItem\",\"position\":2,\"name\":\"HARBOUR ISLAND\",\"item\":\"https:\\\/\\\/officialeleutheraharbourisland.com\\\/fr\\\/harbour-island\\\/\"},{\"@type\":\"ListItem\",\"position\":3,\"name\":\"QUE FAIRE\",\"item\":\"https:\\\/\\\/officialeleutheraharbourisland.com\\\/fr\\\/harbour-island\\\/que-faire\\\/\"},{\"@type\":\"ListItem\",\"position\":4,\"name\":\"Activites Sportives\",\"item\":\"https:\\\/\\\/officialeleutheraharbourisland.com\\\/fr\\\/harbour-island\\\/choses-a-faire__trashed\\\/activites-sportives\\\/\"},{\"@type\":\"ListItem\",\"position\":5,\"name\":\"Activit\u00e9s terrestres\",\"item\":\"https:\\\/\\\/officialeleutheraharbourisland.com\\\/fr\\\/harbour-island\\\/que-faire\\\/activites-sportives\\\/activites-terrestres\\\/\"},{\"@type\":\"ListItem\",\"position\":6,\"name\":\"Tennis\"}]},{\"@type\":\"WebSite\",\"@id\":\"https:\\\/\\\/officialeleutheraharbourisland.com\\\/#website\",\"url\":\"https:\\\/\\\/officialeleutheraharbourisland.com\\\/\",\"name\":\"Official Eleuthera Harbour Island\",\"description\":\"Where Beauty &amp; Nature Meet\",\"publisher\":{\"@id\":\"https:\\\/\\\/officialeleutheraharbourisland.com\\\/#organization\"},\"potentialAction\":[{\"@type\":\"SearchAction\",\"target\":{\"@type\":\"EntryPoint\",\"urlTemplate\":\"https:\\\/\\\/officialeleutheraharbourisland.com\\\/?s={search_term_string}\"},\"query-input\":{\"@type\":\"PropertyValueSpecification\",\"valueRequired\":true,\"valueName\":\"search_term_string\"}}],\"inLanguage\":\"fr-FR\"},{\"@type\":\"Organization\",\"@id\":\"https:\\\/\\\/officialeleutheraharbourisland.com\\\/#organization\",\"name\":\"Official Eleuthera Harbour Island\",\"url\":\"https:\\\/\\\/officialeleutheraharbourisland.com\\\/\",\"logo\":{\"@type\":\"ImageObject\",\"inLanguage\":\"fr-FR\",\"@id\":\"https:\\\/\\\/officialeleutheraharbourisland.com\\\/#\\\/schema\\\/logo\\\/image\\\/\",\"url\":\"https:\\\/\\\/officialeleutheraharbourisland.com\\\/wp-content\\\/uploads\\\/2022\\\/03\\\/logo-new-GREY-275.png\",\"contentUrl\":\"https:\\\/\\\/officialeleutheraharbourisland.com\\\/wp-content\\\/uploads\\\/2022\\\/03\\\/logo-new-GREY-275.png\",\"width\":275,\"height\":22,\"caption\":\"Official Eleuthera Harbour Island\"},\"image\":{\"@id\":\"https:\\\/\\\/officialeleutheraharbourisland.com\\\/#\\\/schema\\\/logo\\\/image\\\/\"}}]}<\/script>\n<!-- \/ Yoast SEO Premium plugin. -->","yoast_head_json":{"title":"Tennis \u00e0 Harbour Island. Activit\u00e9s sportives terrestres Bahamas.","description":"Official Eleuthera Harbour Island votre guide de Harbour Island, vous apporte plus d'informations sur le tennis. Activit\u00e9s sportives terrestres aux Bahamas.","robots":{"index":"index","follow":"follow","max-snippet":"max-snippet:-1","max-image-preview":"max-image-preview:large","max-video-preview":"max-video-preview:-1"},"canonical":"https:\/\/officialeleutheraharbourisland.com\/fr\/harbour-island\/que-faire\/activites-sportives\/activites-terrestres\/tennis\/","og_locale":"fr_FR","og_type":"article","og_title":"Tennis","og_description":"Official Eleuthera Harbour Island votre guide de Harbour Island, vous apporte plus d'informations sur le tennis. Activit\u00e9s sportives terrestres aux Bahamas.","og_url":"https:\/\/officialeleutheraharbourisland.com\/fr\/harbour-island\/que-faire\/activites-sportives\/activites-terrestres\/tennis\/","og_site_name":"Official Eleuthera Harbour Island","article_modified_time":"2023-03-13T19:36:31+00:00","og_image":[{"width":800,"height":534,"url":"https:\/\/officialeleutheraharbourisland.com\/wp-content\/uploads\/2022\/04\/tennis.webp","type":"image\/webp"}],"twitter_card":"summary_large_image","twitter_misc":{"Dur\u00e9e de lecture estim\u00e9e":"3 minutes"},"schema":{"@context":"https:\/\/schema.org","@graph":[{"@type":"WebPage","@id":"https:\/\/officialeleutheraharbourisland.com\/fr\/harbour-island\/que-faire\/activites-sportives\/activites-terrestres\/tennis\/","url":"https:\/\/officialeleutheraharbourisland.com\/fr\/harbour-island\/que-faire\/activites-sportives\/activites-terrestres\/tennis\/","name":"Tennis \u00e0 Harbour Island. Activit\u00e9s sportives terrestres Bahamas.","isPartOf":{"@id":"https:\/\/officialeleutheraharbourisland.com\/#website"},"primaryImageOfPage":{"@id":"https:\/\/officialeleutheraharbourisland.com\/fr\/harbour-island\/que-faire\/activites-sportives\/activites-terrestres\/tennis\/#primaryimage"},"image":{"@id":"https:\/\/officialeleutheraharbourisland.com\/fr\/harbour-island\/que-faire\/activites-sportives\/activites-terrestres\/tennis\/#primaryimage"},"thumbnailUrl":"https:\/\/officialeleutheraharbourisland.com\/wp-content\/uploads\/2022\/04\/tennis.webp","datePublished":"2023-02-15T18:11:32+00:00","dateModified":"2023-03-13T19:36:31+00:00","description":"Official Eleuthera Harbour Island votre guide de Harbour Island, vous apporte plus d'informations sur le tennis. Activit\u00e9s sportives terrestres aux Bahamas.","breadcrumb":{"@id":"https:\/\/officialeleutheraharbourisland.com\/fr\/harbour-island\/que-faire\/activites-sportives\/activites-terrestres\/tennis\/#breadcrumb"},"inLanguage":"fr-FR","potentialAction":[{"@type":"ReadAction","target":["https:\/\/officialeleutheraharbourisland.com\/fr\/harbour-island\/que-faire\/activites-sportives\/activites-terrestres\/tennis\/"]}]},{"@type":"ImageObject","inLanguage":"fr-FR","@id":"https:\/\/officialeleutheraharbourisland.com\/fr\/harbour-island\/que-faire\/activites-sportives\/activites-terrestres\/tennis\/#primaryimage","url":"https:\/\/officialeleutheraharbourisland.com\/wp-content\/uploads\/2022\/04\/tennis.webp","contentUrl":"https:\/\/officialeleutheraharbourisland.com\/wp-content\/uploads\/2022\/04\/tennis.webp","width":800,"height":534},{"@type":"BreadcrumbList","@id":"https:\/\/officialeleutheraharbourisland.com\/fr\/harbour-island\/que-faire\/activites-sportives\/activites-terrestres\/tennis\/#breadcrumb","itemListElement":[{"@type":"ListItem","position":1,"name":"Home","item":"https:\/\/officialeleutheraharbourisland.com\/fr\/"},{"@type":"ListItem","position":2,"name":"HARBOUR ISLAND","item":"https:\/\/officialeleutheraharbourisland.com\/fr\/harbour-island\/"},{"@type":"ListItem","position":3,"name":"QUE FAIRE","item":"https:\/\/officialeleutheraharbourisland.com\/fr\/harbour-island\/que-faire\/"},{"@type":"ListItem","position":4,"name":"Activites Sportives","item":"https:\/\/officialeleutheraharbourisland.com\/fr\/harbour-island\/choses-a-faire__trashed\/activites-sportives\/"},{"@type":"ListItem","position":5,"name":"Activit\u00e9s terrestres","item":"https:\/\/officialeleutheraharbourisland.com\/fr\/harbour-island\/que-faire\/activites-sportives\/activites-terrestres\/"},{"@type":"ListItem","position":6,"name":"Tennis"}]},{"@type":"WebSite","@id":"https:\/\/officialeleutheraharbourisland.com\/#website","url":"https:\/\/officialeleutheraharbourisland.com\/","name":"Official Eleuthera Harbour Island","description":"Where Beauty &amp; Nature Meet","publisher":{"@id":"https:\/\/officialeleutheraharbourisland.com\/#organization"},"potentialAction":[{"@type":"SearchAction","target":{"@type":"EntryPoint","urlTemplate":"https:\/\/officialeleutheraharbourisland.com\/?s={search_term_string}"},"query-input":{"@type":"PropertyValueSpecification","valueRequired":true,"valueName":"search_term_string"}}],"inLanguage":"fr-FR"},{"@type":"Organization","@id":"https:\/\/officialeleutheraharbourisland.com\/#organization","name":"Official Eleuthera Harbour Island","url":"https:\/\/officialeleutheraharbourisland.com\/","logo":{"@type":"ImageObject","inLanguage":"fr-FR","@id":"https:\/\/officialeleutheraharbourisland.com\/#\/schema\/logo\/image\/","url":"https:\/\/officialeleutheraharbourisland.com\/wp-content\/uploads\/2022\/03\/logo-new-GREY-275.png","contentUrl":"https:\/\/officialeleutheraharbourisland.com\/wp-content\/uploads\/2022\/03\/logo-new-GREY-275.png","width":275,"height":22,"caption":"Official Eleuthera Harbour Island"},"image":{"@id":"https:\/\/officialeleutheraharbourisland.com\/#\/schema\/logo\/image\/"}}]}},"jetpack_sharing_enabled":true,"_links":{"self":[{"href":"https:\/\/officialeleutheraharbourisland.com\/fr\/wp-json\/wp\/v2\/pages\/74646","targetHints":{"allow":["GET"]}}],"collection":[{"href":"https:\/\/officialeleutheraharbourisland.com\/fr\/wp-json\/wp\/v2\/pages"}],"about":[{"href":"https:\/\/officialeleutheraharbourisland.com\/fr\/wp-json\/wp\/v2\/types\/page"}],"author":[{"embeddable":true,"href":"https:\/\/officialeleutheraharbourisland.com\/fr\/wp-json\/wp\/v2\/users\/1"}],"replies":[{"embeddable":true,"href":"https:\/\/officialeleutheraharbourisland.com\/fr\/wp-json\/wp\/v2\/comments?post=74646"}],"version-history":[{"count":4,"href":"https:\/\/officialeleutheraharbourisland.com\/fr\/wp-json\/wp\/v2\/pages\/74646\/revisions"}],"predecessor-version":[{"id":74652,"href":"https:\/\/officialeleutheraharbourisland.com\/fr\/wp-json\/wp\/v2\/pages\/74646\/revisions\/74652"}],"up":[{"embeddable":true,"href":"https:\/\/officialeleutheraharbourisland.com\/fr\/wp-json\/wp\/v2\/pages\/74635"}],"wp:featuredmedia":[{"embeddable":true,"href":"https:\/\/officialeleutheraharbourisland.com\/fr\/wp-json\/wp\/v2\/media\/62096"}],"wp:attachment":[{"href":"https:\/\/officialeleutheraharbourisland.com\/fr\/wp-json\/wp\/v2\/media?parent=74646"}],"wp:term":[{"taxonomy":"category","embeddable":true,"href":"https:\/\/officialeleutheraharbourisland.com\/fr\/wp-json\/wp\/v2\/categories?post=74646"},{"taxonomy":"post_tag","embeddable":true,"href":"https:\/\/officialeleutheraharbourisland.com\/fr\/wp-json\/wp\/v2\/tags?post=74646"}],"curies":[{"name":"wp","href":"https:\/\/api.w.org\/{rel}","templated":true}]}}