{"id":74656,"date":"2023-02-15T18:11:32","date_gmt":"2023-02-15T18:11:32","guid":{"rendered":"https:\/\/officialeleutheraharbourisland.com\/harbour-island\/que-faire\/activites-sportives\/activites-terrestres\/fitness-centers\/"},"modified":"2023-03-13T19:52:33","modified_gmt":"2023-03-13T19:52:33","slug":"centres-de-fitness","status":"publish","type":"page","link":"https:\/\/officialeleutheraharbourisland.com\/fr\/harbour-island\/que-faire\/activites-sportives\/activites-terrestres\/centres-de-fitness\/","title":{"rendered":"Centres de Fitness"},"content":{"rendered":"<div class=\"wpb-content-wrapper\"><p>[vc_row css=\u00a0\u00bb.vc_custom_1650996412893{padding-bottom: 50px !important;}\u00a0\u00bb][vc_column]<div id=\"ultimate-heading-692769de6ab7a52dd\" class=\"uvc-heading ult-adjust-bottom-margin ultimate-heading-692769de6ab7a52dd uvc-7738 \" data-hspacer=\"line_only\"  data-halign=\"center\" style=\"text-align:center\"><div class=\"uvc-main-heading ult-responsive\"  data-ultimate-target='.uvc-heading.ultimate-heading-692769de6ab7a52dd h2'  data-responsive-json-new='{\"font-size\":\"\",\"line-height\":\"\"}' ><h2 style=\"font-weight:normal;margin-bottom:10px;\">Centres de Fitness Harbour Island Bahamas<\/h2><\/div><div class=\"uvc-heading-spacer line_only\" style=\"topheight:2px;\"><span class=\"uvc-headings-line\" style=\"border-style:solid;border-bottom-width:2px;border-color:#7ac1ff;width:60px;\"><\/span><\/div><\/div>[vc_column_text css=\u00a0\u00bb.vc_custom_1678736903856{margin-top: 10px !important;}\u00a0\u00bb]<span style=\"font-weight: 400;\">Les h\u00f4tels de Harbour Island ont commenc\u00e9 \u00e0 am\u00e9liorer leurs \u00e9quipements au cours des 10 derni\u00e8res ann\u00e9es en ajoutant des centres de fitness\u00a0 pour leurs clients. Ils sont g\u00e9n\u00e9ralement petits mais bien \u00e9quip\u00e9s avec tout ce dont vous aurez besoin pour maintenir un corps ferme et en bonne sant\u00e9.<\/span><\/p>\n<p><span style=\"font-weight: 400;\">Certaines locations de maisons de vacances de luxe comme <a href=\"https:\/\/officialeleutheraharbourisland.com\/fr\/listings\/la-palmeraie-villa-1\/\">La Palmeraie Villa 1<\/a> et <a href=\"https:\/\/officialeleutheraharbourisland.com\/fr\/listings\/la-palmeraie-villa-2\/\">La Palmeraie Villa 2<\/a> ont des salles de sport priv\u00e9es bien \u00e9quip\u00e9es avec des \u00e9quipements cardio et des poids ainsi qu&rsquo;un sauna,\u00a0 un hammam et un jacuzzi.\u00a0<\/span>[\/vc_column_text][vc_separator css=\u00a0\u00bb.vc_custom_1675452509048{margin-top: 30px !important;margin-bottom: 30px !important;}\u00a0\u00bb][vc_row_inner][vc_column_inner width=\u00a0\u00bb1\/4&Prime;][\/vc_column_inner][vc_column_inner width=\u00a0\u00bb1\/4&Prime;][vc_single_image image=\u00a0\u00bb73120&Prime; img_size=\u00a0\u00bbfull\u00a0\u00bb alignment=\u00a0\u00bbcenter\u00a0\u00bb][\/vc_column_inner][vc_column_inner width=\u00a0\u00bb1\/4&Prime;][vc_single_image image=\u00a0\u00bb59906&Prime; img_size=\u00a0\u00bbfull\u00a0\u00bb alignment=\u00a0\u00bbcenter\u00a0\u00bb][\/vc_column_inner][vc_column_inner width=\u00a0\u00bb1\/4&Prime;][\/vc_column_inner][\/vc_row_inner][vc_separator css=\u00a0\u00bb.vc_custom_1675452785786{margin-top: 30px !important;margin-bottom: 30px !important;}\u00a0\u00bb][vc_column_text]<a href=\"https:\/\/officialeleutheraharbourisland.com\/fr\/listings\/the-dunmore-hotel\/\">The Dunmore Hotel<\/a><br \/>\n<span style=\"font-weight: 400;\">Le Dunmore vient de terminer sa nouvelle salle de sport semi-ouverte qui s&rsquo;ouvre sur un\u00a0 magnifique jardin \u00e0 l&rsquo;entr\u00e9e de l&rsquo;h\u00f4tel. Ils proposent des tapis de course\u00a0 et de la Technogym ainsi que des poids et appareils de musculation.<\/span><\/p>\n<p><strong>The Coral Sand<\/strong><br \/>\n<span style=\"font-weight: 400;\">Le centre de fitness de l\u2019h\u00f4tel Coral Sand\u00a0 est situ\u00e9 au rez-de-chauss\u00e9e avec vue sur le jardin. Il est petit mais bien \u00e9quip\u00e9 et dispose d&rsquo;appareils de cardio ainsi que d&rsquo;appareils de musculation multifonctionnels. Le centre de remise en forme a \u00e9t\u00e9 construit il y a environ 10 ans.<\/span><\/p>\n<p><strong>The Valentine<\/strong><br \/>\n<span style=\"font-weight: 400;\">Le centre de remise en forme de Valentine\u2019s Resort\u00a0 propose des \u00e9quipements cardio ainsi que des poids<\/span>[\/vc_column_text][\/vc_column][\/vc_row]<\/p>\n<\/div>","protected":false},"excerpt":{"rendered":"<p>[vc_row css=\u00a0\u00bb.vc_custom_1650996412893{padding-bottom: 50px !important;}\u00a0\u00bb][vc_column][vc_column_text css=\u00a0\u00bb.vc_custom_1678736903856{margin-top: 10px !important;}\u00a0\u00bb]Les h\u00f4tels de Harbour Island ont commenc\u00e9 \u00e0 am\u00e9liorer leurs \u00e9quipements au cours des 10 derni\u00e8res ann\u00e9es en ajoutant des centres de fitness\u00a0 pour leurs clients. Ils sont g\u00e9n\u00e9ralement petits mais bien \u00e9quip\u00e9s avec tout ce dont vous aurez besoin pour maintenir un corps ferme et en bonne sant\u00e9.&hellip;<\/p>\n","protected":false},"author":1,"featured_media":73121,"parent":74635,"menu_order":0,"comment_status":"closed","ping_status":"closed","template":"","meta":{"footnotes":""},"categories":[],"tags":[1194],"class_list":["post-74656","page","type-page","status-publish","has-post-thumbnail","hentry","tag-land-sports-activities-harbour-island-fr-2","description-off"],"yoast_head":"<!-- This site is optimized with the Yoast SEO Premium plugin v25.2 (Yoast SEO v27.3) - https:\/\/yoast.com\/product\/yoast-seo-premium-wordpress\/ -->\n<title>Centres de Fitness Harbour Island. Activit\u00e9s sportives terrestres.<\/title>\n<meta name=\"description\" content=\"Official Eleuthera Harbour Island votre source pour Harbour Island, partage des informations sur les centres de fitness. Activit\u00e9s sportives terrestres Bahamas.\" \/>\n<meta name=\"robots\" content=\"index, follow, max-snippet:-1, max-image-preview:large, max-video-preview:-1\" \/>\n<link rel=\"canonical\" href=\"https:\/\/officialeleutheraharbourisland.com\/fr\/harbour-island\/que-faire\/activites-sportives\/activites-terrestres\/centres-de-fitness\/\" \/>\n<meta property=\"og:locale\" content=\"fr_FR\" \/>\n<meta property=\"og:type\" content=\"article\" \/>\n<meta property=\"og:title\" content=\"Centres de Fitness\" \/>\n<meta property=\"og:description\" content=\"Official Eleuthera Harbour Island votre source pour Harbour Island, partage des informations sur les centres de fitness. Activit\u00e9s sportives terrestres Bahamas.\" \/>\n<meta property=\"og:url\" content=\"https:\/\/officialeleutheraharbourisland.com\/fr\/harbour-island\/que-faire\/activites-sportives\/activites-terrestres\/centres-de-fitness\/\" \/>\n<meta property=\"og:site_name\" content=\"Official Eleuthera Harbour Island\" \/>\n<meta property=\"article:modified_time\" content=\"2023-03-13T19:52:33+00:00\" \/>\n<meta property=\"og:image\" content=\"https:\/\/officialeleutheraharbourisland.com\/wp-content\/uploads\/2023\/02\/Villa2-DSC05506-33.jpg\" \/>\n\t<meta property=\"og:image:width\" content=\"2200\" \/>\n\t<meta property=\"og:image:height\" content=\"1467\" \/>\n\t<meta property=\"og:image:type\" content=\"image\/jpeg\" \/>\n<meta name=\"twitter:card\" content=\"summary_large_image\" \/>\n<meta name=\"twitter:label1\" content=\"Dur\u00e9e de lecture estim\u00e9e\" \/>\n\t<meta name=\"twitter:data1\" content=\"2 minutes\" \/>\n<script type=\"application\/ld+json\" class=\"yoast-schema-graph\">{\"@context\":\"https:\\\/\\\/schema.org\",\"@graph\":[{\"@type\":\"WebPage\",\"@id\":\"https:\\\/\\\/officialeleutheraharbourisland.com\\\/fr\\\/harbour-island\\\/que-faire\\\/activites-sportives\\\/activites-terrestres\\\/centres-de-fitness\\\/\",\"url\":\"https:\\\/\\\/officialeleutheraharbourisland.com\\\/fr\\\/harbour-island\\\/que-faire\\\/activites-sportives\\\/activites-terrestres\\\/centres-de-fitness\\\/\",\"name\":\"Centres de Fitness Harbour Island. Activit\u00e9s sportives terrestres.\",\"isPartOf\":{\"@id\":\"https:\\\/\\\/officialeleutheraharbourisland.com\\\/#website\"},\"primaryImageOfPage\":{\"@id\":\"https:\\\/\\\/officialeleutheraharbourisland.com\\\/fr\\\/harbour-island\\\/que-faire\\\/activites-sportives\\\/activites-terrestres\\\/centres-de-fitness\\\/#primaryimage\"},\"image\":{\"@id\":\"https:\\\/\\\/officialeleutheraharbourisland.com\\\/fr\\\/harbour-island\\\/que-faire\\\/activites-sportives\\\/activites-terrestres\\\/centres-de-fitness\\\/#primaryimage\"},\"thumbnailUrl\":\"https:\\\/\\\/officialeleutheraharbourisland.com\\\/wp-content\\\/uploads\\\/2023\\\/02\\\/Villa2-DSC05506-33.jpg\",\"datePublished\":\"2023-02-15T18:11:32+00:00\",\"dateModified\":\"2023-03-13T19:52:33+00:00\",\"description\":\"Official Eleuthera Harbour Island votre source pour Harbour Island, partage des informations sur les centres de fitness. Activit\u00e9s sportives terrestres Bahamas.\",\"breadcrumb\":{\"@id\":\"https:\\\/\\\/officialeleutheraharbourisland.com\\\/fr\\\/harbour-island\\\/que-faire\\\/activites-sportives\\\/activites-terrestres\\\/centres-de-fitness\\\/#breadcrumb\"},\"inLanguage\":\"fr-FR\",\"potentialAction\":[{\"@type\":\"ReadAction\",\"target\":[\"https:\\\/\\\/officialeleutheraharbourisland.com\\\/fr\\\/harbour-island\\\/que-faire\\\/activites-sportives\\\/activites-terrestres\\\/centres-de-fitness\\\/\"]}]},{\"@type\":\"ImageObject\",\"inLanguage\":\"fr-FR\",\"@id\":\"https:\\\/\\\/officialeleutheraharbourisland.com\\\/fr\\\/harbour-island\\\/que-faire\\\/activites-sportives\\\/activites-terrestres\\\/centres-de-fitness\\\/#primaryimage\",\"url\":\"https:\\\/\\\/officialeleutheraharbourisland.com\\\/wp-content\\\/uploads\\\/2023\\\/02\\\/Villa2-DSC05506-33.jpg\",\"contentUrl\":\"https:\\\/\\\/officialeleutheraharbourisland.com\\\/wp-content\\\/uploads\\\/2023\\\/02\\\/Villa2-DSC05506-33.jpg\",\"width\":2200,\"height\":1467},{\"@type\":\"BreadcrumbList\",\"@id\":\"https:\\\/\\\/officialeleutheraharbourisland.com\\\/fr\\\/harbour-island\\\/que-faire\\\/activites-sportives\\\/activites-terrestres\\\/centres-de-fitness\\\/#breadcrumb\",\"itemListElement\":[{\"@type\":\"ListItem\",\"position\":1,\"name\":\"Home\",\"item\":\"https:\\\/\\\/officialeleutheraharbourisland.com\\\/fr\\\/\"},{\"@type\":\"ListItem\",\"position\":2,\"name\":\"HARBOUR ISLAND\",\"item\":\"https:\\\/\\\/officialeleutheraharbourisland.com\\\/fr\\\/harbour-island\\\/\"},{\"@type\":\"ListItem\",\"position\":3,\"name\":\"QUE FAIRE\",\"item\":\"https:\\\/\\\/officialeleutheraharbourisland.com\\\/fr\\\/harbour-island\\\/que-faire\\\/\"},{\"@type\":\"ListItem\",\"position\":4,\"name\":\"Activites Sportives\",\"item\":\"https:\\\/\\\/officialeleutheraharbourisland.com\\\/fr\\\/harbour-island\\\/choses-a-faire__trashed\\\/activites-sportives\\\/\"},{\"@type\":\"ListItem\",\"position\":5,\"name\":\"Activit\u00e9s terrestres\",\"item\":\"https:\\\/\\\/officialeleutheraharbourisland.com\\\/fr\\\/harbour-island\\\/que-faire\\\/activites-sportives\\\/activites-terrestres\\\/\"},{\"@type\":\"ListItem\",\"position\":6,\"name\":\"Centres de Fitness\"}]},{\"@type\":\"WebSite\",\"@id\":\"https:\\\/\\\/officialeleutheraharbourisland.com\\\/#website\",\"url\":\"https:\\\/\\\/officialeleutheraharbourisland.com\\\/\",\"name\":\"Official Eleuthera Harbour Island\",\"description\":\"Where Beauty &amp; Nature Meet\",\"publisher\":{\"@id\":\"https:\\\/\\\/officialeleutheraharbourisland.com\\\/#organization\"},\"potentialAction\":[{\"@type\":\"SearchAction\",\"target\":{\"@type\":\"EntryPoint\",\"urlTemplate\":\"https:\\\/\\\/officialeleutheraharbourisland.com\\\/?s={search_term_string}\"},\"query-input\":{\"@type\":\"PropertyValueSpecification\",\"valueRequired\":true,\"valueName\":\"search_term_string\"}}],\"inLanguage\":\"fr-FR\"},{\"@type\":\"Organization\",\"@id\":\"https:\\\/\\\/officialeleutheraharbourisland.com\\\/#organization\",\"name\":\"Official Eleuthera Harbour Island\",\"url\":\"https:\\\/\\\/officialeleutheraharbourisland.com\\\/\",\"logo\":{\"@type\":\"ImageObject\",\"inLanguage\":\"fr-FR\",\"@id\":\"https:\\\/\\\/officialeleutheraharbourisland.com\\\/#\\\/schema\\\/logo\\\/image\\\/\",\"url\":\"https:\\\/\\\/officialeleutheraharbourisland.com\\\/wp-content\\\/uploads\\\/2022\\\/03\\\/logo-new-GREY-275.png\",\"contentUrl\":\"https:\\\/\\\/officialeleutheraharbourisland.com\\\/wp-content\\\/uploads\\\/2022\\\/03\\\/logo-new-GREY-275.png\",\"width\":275,\"height\":22,\"caption\":\"Official Eleuthera Harbour Island\"},\"image\":{\"@id\":\"https:\\\/\\\/officialeleutheraharbourisland.com\\\/#\\\/schema\\\/logo\\\/image\\\/\"}}]}<\/script>\n<!-- \/ Yoast SEO Premium plugin. -->","yoast_head_json":{"title":"Centres de Fitness Harbour Island. Activit\u00e9s sportives terrestres.","description":"Official Eleuthera Harbour Island votre source pour Harbour Island, partage des informations sur les centres de fitness. Activit\u00e9s sportives terrestres Bahamas.","robots":{"index":"index","follow":"follow","max-snippet":"max-snippet:-1","max-image-preview":"max-image-preview:large","max-video-preview":"max-video-preview:-1"},"canonical":"https:\/\/officialeleutheraharbourisland.com\/fr\/harbour-island\/que-faire\/activites-sportives\/activites-terrestres\/centres-de-fitness\/","og_locale":"fr_FR","og_type":"article","og_title":"Centres de Fitness","og_description":"Official Eleuthera Harbour Island votre source pour Harbour Island, partage des informations sur les centres de fitness. Activit\u00e9s sportives terrestres Bahamas.","og_url":"https:\/\/officialeleutheraharbourisland.com\/fr\/harbour-island\/que-faire\/activites-sportives\/activites-terrestres\/centres-de-fitness\/","og_site_name":"Official Eleuthera Harbour Island","article_modified_time":"2023-03-13T19:52:33+00:00","og_image":[{"width":2200,"height":1467,"url":"https:\/\/officialeleutheraharbourisland.com\/wp-content\/uploads\/2023\/02\/Villa2-DSC05506-33.jpg","type":"image\/jpeg"}],"twitter_card":"summary_large_image","twitter_misc":{"Dur\u00e9e de lecture estim\u00e9e":"2 minutes"},"schema":{"@context":"https:\/\/schema.org","@graph":[{"@type":"WebPage","@id":"https:\/\/officialeleutheraharbourisland.com\/fr\/harbour-island\/que-faire\/activites-sportives\/activites-terrestres\/centres-de-fitness\/","url":"https:\/\/officialeleutheraharbourisland.com\/fr\/harbour-island\/que-faire\/activites-sportives\/activites-terrestres\/centres-de-fitness\/","name":"Centres de Fitness Harbour Island. Activit\u00e9s sportives terrestres.","isPartOf":{"@id":"https:\/\/officialeleutheraharbourisland.com\/#website"},"primaryImageOfPage":{"@id":"https:\/\/officialeleutheraharbourisland.com\/fr\/harbour-island\/que-faire\/activites-sportives\/activites-terrestres\/centres-de-fitness\/#primaryimage"},"image":{"@id":"https:\/\/officialeleutheraharbourisland.com\/fr\/harbour-island\/que-faire\/activites-sportives\/activites-terrestres\/centres-de-fitness\/#primaryimage"},"thumbnailUrl":"https:\/\/officialeleutheraharbourisland.com\/wp-content\/uploads\/2023\/02\/Villa2-DSC05506-33.jpg","datePublished":"2023-02-15T18:11:32+00:00","dateModified":"2023-03-13T19:52:33+00:00","description":"Official Eleuthera Harbour Island votre source pour Harbour Island, partage des informations sur les centres de fitness. Activit\u00e9s sportives terrestres Bahamas.","breadcrumb":{"@id":"https:\/\/officialeleutheraharbourisland.com\/fr\/harbour-island\/que-faire\/activites-sportives\/activites-terrestres\/centres-de-fitness\/#breadcrumb"},"inLanguage":"fr-FR","potentialAction":[{"@type":"ReadAction","target":["https:\/\/officialeleutheraharbourisland.com\/fr\/harbour-island\/que-faire\/activites-sportives\/activites-terrestres\/centres-de-fitness\/"]}]},{"@type":"ImageObject","inLanguage":"fr-FR","@id":"https:\/\/officialeleutheraharbourisland.com\/fr\/harbour-island\/que-faire\/activites-sportives\/activites-terrestres\/centres-de-fitness\/#primaryimage","url":"https:\/\/officialeleutheraharbourisland.com\/wp-content\/uploads\/2023\/02\/Villa2-DSC05506-33.jpg","contentUrl":"https:\/\/officialeleutheraharbourisland.com\/wp-content\/uploads\/2023\/02\/Villa2-DSC05506-33.jpg","width":2200,"height":1467},{"@type":"BreadcrumbList","@id":"https:\/\/officialeleutheraharbourisland.com\/fr\/harbour-island\/que-faire\/activites-sportives\/activites-terrestres\/centres-de-fitness\/#breadcrumb","itemListElement":[{"@type":"ListItem","position":1,"name":"Home","item":"https:\/\/officialeleutheraharbourisland.com\/fr\/"},{"@type":"ListItem","position":2,"name":"HARBOUR ISLAND","item":"https:\/\/officialeleutheraharbourisland.com\/fr\/harbour-island\/"},{"@type":"ListItem","position":3,"name":"QUE FAIRE","item":"https:\/\/officialeleutheraharbourisland.com\/fr\/harbour-island\/que-faire\/"},{"@type":"ListItem","position":4,"name":"Activites Sportives","item":"https:\/\/officialeleutheraharbourisland.com\/fr\/harbour-island\/choses-a-faire__trashed\/activites-sportives\/"},{"@type":"ListItem","position":5,"name":"Activit\u00e9s terrestres","item":"https:\/\/officialeleutheraharbourisland.com\/fr\/harbour-island\/que-faire\/activites-sportives\/activites-terrestres\/"},{"@type":"ListItem","position":6,"name":"Centres de Fitness"}]},{"@type":"WebSite","@id":"https:\/\/officialeleutheraharbourisland.com\/#website","url":"https:\/\/officialeleutheraharbourisland.com\/","name":"Official Eleuthera Harbour Island","description":"Where Beauty &amp; Nature Meet","publisher":{"@id":"https:\/\/officialeleutheraharbourisland.com\/#organization"},"potentialAction":[{"@type":"SearchAction","target":{"@type":"EntryPoint","urlTemplate":"https:\/\/officialeleutheraharbourisland.com\/?s={search_term_string}"},"query-input":{"@type":"PropertyValueSpecification","valueRequired":true,"valueName":"search_term_string"}}],"inLanguage":"fr-FR"},{"@type":"Organization","@id":"https:\/\/officialeleutheraharbourisland.com\/#organization","name":"Official Eleuthera Harbour Island","url":"https:\/\/officialeleutheraharbourisland.com\/","logo":{"@type":"ImageObject","inLanguage":"fr-FR","@id":"https:\/\/officialeleutheraharbourisland.com\/#\/schema\/logo\/image\/","url":"https:\/\/officialeleutheraharbourisland.com\/wp-content\/uploads\/2022\/03\/logo-new-GREY-275.png","contentUrl":"https:\/\/officialeleutheraharbourisland.com\/wp-content\/uploads\/2022\/03\/logo-new-GREY-275.png","width":275,"height":22,"caption":"Official Eleuthera Harbour Island"},"image":{"@id":"https:\/\/officialeleutheraharbourisland.com\/#\/schema\/logo\/image\/"}}]}},"jetpack_sharing_enabled":true,"_links":{"self":[{"href":"https:\/\/officialeleutheraharbourisland.com\/fr\/wp-json\/wp\/v2\/pages\/74656","targetHints":{"allow":["GET"]}}],"collection":[{"href":"https:\/\/officialeleutheraharbourisland.com\/fr\/wp-json\/wp\/v2\/pages"}],"about":[{"href":"https:\/\/officialeleutheraharbourisland.com\/fr\/wp-json\/wp\/v2\/types\/page"}],"author":[{"embeddable":true,"href":"https:\/\/officialeleutheraharbourisland.com\/fr\/wp-json\/wp\/v2\/users\/1"}],"replies":[{"embeddable":true,"href":"https:\/\/officialeleutheraharbourisland.com\/fr\/wp-json\/wp\/v2\/comments?post=74656"}],"version-history":[{"count":3,"href":"https:\/\/officialeleutheraharbourisland.com\/fr\/wp-json\/wp\/v2\/pages\/74656\/revisions"}],"predecessor-version":[{"id":74662,"href":"https:\/\/officialeleutheraharbourisland.com\/fr\/wp-json\/wp\/v2\/pages\/74656\/revisions\/74662"}],"up":[{"embeddable":true,"href":"https:\/\/officialeleutheraharbourisland.com\/fr\/wp-json\/wp\/v2\/pages\/74635"}],"wp:featuredmedia":[{"embeddable":true,"href":"https:\/\/officialeleutheraharbourisland.com\/fr\/wp-json\/wp\/v2\/media\/73121"}],"wp:attachment":[{"href":"https:\/\/officialeleutheraharbourisland.com\/fr\/wp-json\/wp\/v2\/media?parent=74656"}],"wp:term":[{"taxonomy":"category","embeddable":true,"href":"https:\/\/officialeleutheraharbourisland.com\/fr\/wp-json\/wp\/v2\/categories?post=74656"},{"taxonomy":"post_tag","embeddable":true,"href":"https:\/\/officialeleutheraharbourisland.com\/fr\/wp-json\/wp\/v2\/tags?post=74656"}],"curies":[{"name":"wp","href":"https:\/\/api.w.org\/{rel}","templated":true}]}}