{"id":74692,"date":"2022-05-24T10:49:33","date_gmt":"2022-05-24T10:49:33","guid":{"rendered":"https:\/\/officialeleutheraharbourisland.com\/harbour-island\/que-faire\/beauty-and-wellness\/"},"modified":"2023-03-14T17:44:02","modified_gmt":"2023-03-14T17:44:02","slug":"beaute-et-bien-etre","status":"publish","type":"page","link":"https:\/\/officialeleutheraharbourisland.com\/fr\/harbour-island\/que-faire\/beaute-et-bien-etre\/","title":{"rendered":"Beaut\u00e9 et Bien-\u00eatre"},"content":{"rendered":"<div class=\"wpb-content-wrapper\"><p>[vc_row css=\u00a0\u00bb.vc_custom_1649079224179{padding-bottom: 50px !important;}\u00a0\u00bb][vc_column]<div id=\"ultimate-heading-482969de33a70f3ec\" class=\"uvc-heading ult-adjust-bottom-margin ultimate-heading-482969de33a70f3ec uvc-4365 \" data-hspacer=\"line_only\"  data-halign=\"center\" style=\"text-align:center\"><div class=\"uvc-main-heading ult-responsive\"  data-ultimate-target='.uvc-heading.ultimate-heading-482969de33a70f3ec h2'  data-responsive-json-new='{\"font-size\":\"\",\"line-height\":\"\"}' ><h2 style=\"font-weight:normal;margin-bottom:15px;\">Beaut\u00e9 et Bien-\u00eatre \u00e0 Harbour Island<\/h2><\/div><div class=\"uvc-heading-spacer line_only\" style=\"margin-bottom:15px;height:3px;\"><span class=\"uvc-headings-line\" style=\"border-style:solid;border-bottom-width:3px;border-color:#7ac1ff;width:60px;\"><\/span><\/div><\/div>[\/vc_column][\/vc_row][vc_row][vc_column][vc_column_text]<span style=\"font-weight: 400;\">Si vous \u00eates \u00e0 la recherche d&rsquo;activit\u00e9s beaut\u00e9 et bien-\u00eatre, Harbour Island a tout pour plaire ! Les visiteurs peuvent profiter d&rsquo;une gamme de soins de spa, notamment des massages, des soins du visage et des enveloppements corporels, qui sont propos\u00e9s dans toute l&rsquo;\u00eele dans des instituts ou des SPA d&rsquo;h\u00f4tels.<\/span><\/p>\n<p><span style=\"font-weight: 400;\">Un massagiste peut \u00e9galement se d\u00e9placer directement sur votre location de vacances.<\/span><\/p>\n<p><span style=\"font-weight: 400;\">En plus des traitements de spa traditionnels, les visiteurs peuvent profiter de services de beaut\u00e9 tels que la coiffure et le maquillage.<\/span><\/p>\n<p><span style=\"font-weight: 400;\">Avec son atmosph\u00e8red\u00e9tendue, Harbour Island est la destination id\u00e9ale pour ceux qui cherchent \u00e0 revitaliser et rafra\u00eechir \u00e0 la fois le corps et l&rsquo;esprit.<\/span>[\/vc_column_text][\/vc_column][\/vc_row][vc_row][vc_column][vc_separator css=\u00a0\u00bb.vc_custom_1676573853080{margin-top: 30px !important;margin-bottom: 30px !important;}\u00a0\u00bb][\/vc_column][\/vc_row][vc_row][vc_column width=\u00a0\u00bb1\/6&Prime;][\/vc_column][vc_column width=\u00a0\u00bb2\/3&Prime;][vc_basic_grid post_type=\u00a0\u00bbpage\u00a0\u00bb max_items=\u00a0\u00bb20&Prime; item=\u00a0\u00bbbasicGrid_NoAnimation\u00a0\u00bb grid_id=\u00a0\u00bbvc_gid:1678815566282-cbacd709-fcd5-3&Prime; taxonomies=\u00a0\u00bb1160&Prime;][\/vc_column][vc_column width=\u00a0\u00bb1\/6&Prime;][\/vc_column][\/vc_row][vc_row][vc_column][vc_separator css=\u00a0\u00bb.vc_custom_1674154386794{padding-top: 30px !important;padding-bottom: 30px !important;}\u00a0\u00bb][\/vc_column][\/vc_row]<\/p>\n<\/div>","protected":false},"excerpt":{"rendered":"<p>[vc_row css=\u00a0\u00bb.vc_custom_1649079224179{padding-bottom: 50px !important;}\u00a0\u00bb][vc_column][\/vc_column][\/vc_row][vc_row][vc_column][vc_column_text]Si vous \u00eates \u00e0 la recherche d&rsquo;activit\u00e9s beaut\u00e9 et bien-\u00eatre, Harbour Island a tout pour plaire ! Les visiteurs peuvent profiter d&rsquo;une gamme de soins de spa, notamment des massages, des soins du visage et des enveloppements corporels, qui sont propos\u00e9s dans toute l&rsquo;\u00eele dans des instituts ou des SPA d&rsquo;h\u00f4tels. Un&hellip;<\/p>\n","protected":false},"author":3,"featured_media":62113,"parent":74576,"menu_order":0,"comment_status":"closed","ping_status":"closed","template":"","meta":{"footnotes":""},"categories":[],"tags":[1190],"class_list":["post-74692","page","type-page","status-publish","has-post-thumbnail","hentry","tag-things-to-do-harbour-island-fr-2","description-off"],"yoast_head":"<!-- This site is optimized with the Yoast SEO Premium plugin v25.2 (Yoast SEO v27.3) - https:\/\/yoast.com\/product\/yoast-seo-premium-wordpress\/ -->\n<title>Beaut\u00e9 et Bien-\u00eatre \u00e0 Harbour Island. Que faire aux Bahamas.<\/title>\n<meta name=\"description\" content=\"Official Eleuthera Harbour Island votre guide de Harbour Island, vous donne des informations sur la beaut\u00e9 et le bien-\u00eatre \u00e0 Harbour Island, Bahamas.\" \/>\n<meta name=\"robots\" content=\"index, follow, max-snippet:-1, max-image-preview:large, max-video-preview:-1\" \/>\n<link rel=\"canonical\" href=\"https:\/\/officialeleutheraharbourisland.com\/fr\/harbour-island\/que-faire\/beaute-et-bien-etre\/\" \/>\n<meta property=\"og:locale\" content=\"fr_FR\" \/>\n<meta property=\"og:type\" content=\"article\" \/>\n<meta property=\"og:title\" content=\"Beaut\u00e9 et Bien-\u00eatre\" \/>\n<meta property=\"og:description\" content=\"Official Eleuthera Harbour Island votre guide de Harbour Island, vous donne des informations sur la beaut\u00e9 et le bien-\u00eatre \u00e0 Harbour Island, Bahamas.\" \/>\n<meta property=\"og:url\" content=\"https:\/\/officialeleutheraharbourisland.com\/fr\/harbour-island\/que-faire\/beaute-et-bien-etre\/\" \/>\n<meta property=\"og:site_name\" content=\"Official Eleuthera Harbour Island\" \/>\n<meta property=\"article:modified_time\" content=\"2023-03-14T17:44:02+00:00\" \/>\n<meta property=\"og:image\" content=\"https:\/\/officialeleutheraharbourisland.com\/wp-content\/uploads\/2022\/04\/spa-g661903260_1920.jpg\" \/>\n\t<meta property=\"og:image:width\" content=\"1920\" \/>\n\t<meta property=\"og:image:height\" content=\"1277\" \/>\n\t<meta property=\"og:image:type\" content=\"image\/jpeg\" \/>\n<meta name=\"twitter:card\" content=\"summary_large_image\" \/>\n<meta name=\"twitter:label1\" content=\"Dur\u00e9e de lecture estim\u00e9e\" \/>\n\t<meta name=\"twitter:data1\" content=\"1 minute\" \/>\n<script type=\"application\/ld+json\" class=\"yoast-schema-graph\">{\"@context\":\"https:\\\/\\\/schema.org\",\"@graph\":[{\"@type\":\"WebPage\",\"@id\":\"https:\\\/\\\/officialeleutheraharbourisland.com\\\/fr\\\/harbour-island\\\/que-faire\\\/beaute-et-bien-etre\\\/\",\"url\":\"https:\\\/\\\/officialeleutheraharbourisland.com\\\/fr\\\/harbour-island\\\/que-faire\\\/beaute-et-bien-etre\\\/\",\"name\":\"Beaut\u00e9 et Bien-\u00eatre \u00e0 Harbour Island. Que faire aux Bahamas.\",\"isPartOf\":{\"@id\":\"https:\\\/\\\/officialeleutheraharbourisland.com\\\/#website\"},\"primaryImageOfPage\":{\"@id\":\"https:\\\/\\\/officialeleutheraharbourisland.com\\\/fr\\\/harbour-island\\\/que-faire\\\/beaute-et-bien-etre\\\/#primaryimage\"},\"image\":{\"@id\":\"https:\\\/\\\/officialeleutheraharbourisland.com\\\/fr\\\/harbour-island\\\/que-faire\\\/beaute-et-bien-etre\\\/#primaryimage\"},\"thumbnailUrl\":\"https:\\\/\\\/officialeleutheraharbourisland.com\\\/wp-content\\\/uploads\\\/2022\\\/04\\\/spa-g661903260_1920.jpg\",\"datePublished\":\"2022-05-24T10:49:33+00:00\",\"dateModified\":\"2023-03-14T17:44:02+00:00\",\"description\":\"Official Eleuthera Harbour Island votre guide de Harbour Island, vous donne des informations sur la beaut\u00e9 et le bien-\u00eatre \u00e0 Harbour Island, Bahamas.\",\"breadcrumb\":{\"@id\":\"https:\\\/\\\/officialeleutheraharbourisland.com\\\/fr\\\/harbour-island\\\/que-faire\\\/beaute-et-bien-etre\\\/#breadcrumb\"},\"inLanguage\":\"fr-FR\",\"potentialAction\":[{\"@type\":\"ReadAction\",\"target\":[\"https:\\\/\\\/officialeleutheraharbourisland.com\\\/fr\\\/harbour-island\\\/que-faire\\\/beaute-et-bien-etre\\\/\"]}]},{\"@type\":\"ImageObject\",\"inLanguage\":\"fr-FR\",\"@id\":\"https:\\\/\\\/officialeleutheraharbourisland.com\\\/fr\\\/harbour-island\\\/que-faire\\\/beaute-et-bien-etre\\\/#primaryimage\",\"url\":\"https:\\\/\\\/officialeleutheraharbourisland.com\\\/wp-content\\\/uploads\\\/2022\\\/04\\\/spa-g661903260_1920.jpg\",\"contentUrl\":\"https:\\\/\\\/officialeleutheraharbourisland.com\\\/wp-content\\\/uploads\\\/2022\\\/04\\\/spa-g661903260_1920.jpg\",\"width\":1920,\"height\":1277},{\"@type\":\"BreadcrumbList\",\"@id\":\"https:\\\/\\\/officialeleutheraharbourisland.com\\\/fr\\\/harbour-island\\\/que-faire\\\/beaute-et-bien-etre\\\/#breadcrumb\",\"itemListElement\":[{\"@type\":\"ListItem\",\"position\":1,\"name\":\"Home\",\"item\":\"https:\\\/\\\/officialeleutheraharbourisland.com\\\/fr\\\/\"},{\"@type\":\"ListItem\",\"position\":2,\"name\":\"HARBOUR ISLAND\",\"item\":\"https:\\\/\\\/officialeleutheraharbourisland.com\\\/fr\\\/harbour-island\\\/\"},{\"@type\":\"ListItem\",\"position\":3,\"name\":\"QUE FAIRE\",\"item\":\"https:\\\/\\\/officialeleutheraharbourisland.com\\\/fr\\\/harbour-island\\\/que-faire\\\/\"},{\"@type\":\"ListItem\",\"position\":4,\"name\":\"Beaut\u00e9 et Bien-\u00eatre\"}]},{\"@type\":\"WebSite\",\"@id\":\"https:\\\/\\\/officialeleutheraharbourisland.com\\\/#website\",\"url\":\"https:\\\/\\\/officialeleutheraharbourisland.com\\\/\",\"name\":\"Official Eleuthera Harbour Island\",\"description\":\"Where Beauty &amp; Nature Meet\",\"publisher\":{\"@id\":\"https:\\\/\\\/officialeleutheraharbourisland.com\\\/#organization\"},\"potentialAction\":[{\"@type\":\"SearchAction\",\"target\":{\"@type\":\"EntryPoint\",\"urlTemplate\":\"https:\\\/\\\/officialeleutheraharbourisland.com\\\/?s={search_term_string}\"},\"query-input\":{\"@type\":\"PropertyValueSpecification\",\"valueRequired\":true,\"valueName\":\"search_term_string\"}}],\"inLanguage\":\"fr-FR\"},{\"@type\":\"Organization\",\"@id\":\"https:\\\/\\\/officialeleutheraharbourisland.com\\\/#organization\",\"name\":\"Official Eleuthera Harbour Island\",\"url\":\"https:\\\/\\\/officialeleutheraharbourisland.com\\\/\",\"logo\":{\"@type\":\"ImageObject\",\"inLanguage\":\"fr-FR\",\"@id\":\"https:\\\/\\\/officialeleutheraharbourisland.com\\\/#\\\/schema\\\/logo\\\/image\\\/\",\"url\":\"https:\\\/\\\/officialeleutheraharbourisland.com\\\/wp-content\\\/uploads\\\/2022\\\/03\\\/logo-new-GREY-275.png\",\"contentUrl\":\"https:\\\/\\\/officialeleutheraharbourisland.com\\\/wp-content\\\/uploads\\\/2022\\\/03\\\/logo-new-GREY-275.png\",\"width\":275,\"height\":22,\"caption\":\"Official Eleuthera Harbour Island\"},\"image\":{\"@id\":\"https:\\\/\\\/officialeleutheraharbourisland.com\\\/#\\\/schema\\\/logo\\\/image\\\/\"}}]}<\/script>\n<!-- \/ Yoast SEO Premium plugin. -->","yoast_head_json":{"title":"Beaut\u00e9 et Bien-\u00eatre \u00e0 Harbour Island. Que faire aux Bahamas.","description":"Official Eleuthera Harbour Island votre guide de Harbour Island, vous donne des informations sur la beaut\u00e9 et le bien-\u00eatre \u00e0 Harbour Island, Bahamas.","robots":{"index":"index","follow":"follow","max-snippet":"max-snippet:-1","max-image-preview":"max-image-preview:large","max-video-preview":"max-video-preview:-1"},"canonical":"https:\/\/officialeleutheraharbourisland.com\/fr\/harbour-island\/que-faire\/beaute-et-bien-etre\/","og_locale":"fr_FR","og_type":"article","og_title":"Beaut\u00e9 et Bien-\u00eatre","og_description":"Official Eleuthera Harbour Island votre guide de Harbour Island, vous donne des informations sur la beaut\u00e9 et le bien-\u00eatre \u00e0 Harbour Island, Bahamas.","og_url":"https:\/\/officialeleutheraharbourisland.com\/fr\/harbour-island\/que-faire\/beaute-et-bien-etre\/","og_site_name":"Official Eleuthera Harbour Island","article_modified_time":"2023-03-14T17:44:02+00:00","og_image":[{"width":1920,"height":1277,"url":"https:\/\/officialeleutheraharbourisland.com\/wp-content\/uploads\/2022\/04\/spa-g661903260_1920.jpg","type":"image\/jpeg"}],"twitter_card":"summary_large_image","twitter_misc":{"Dur\u00e9e de lecture estim\u00e9e":"1 minute"},"schema":{"@context":"https:\/\/schema.org","@graph":[{"@type":"WebPage","@id":"https:\/\/officialeleutheraharbourisland.com\/fr\/harbour-island\/que-faire\/beaute-et-bien-etre\/","url":"https:\/\/officialeleutheraharbourisland.com\/fr\/harbour-island\/que-faire\/beaute-et-bien-etre\/","name":"Beaut\u00e9 et Bien-\u00eatre \u00e0 Harbour Island. Que faire aux Bahamas.","isPartOf":{"@id":"https:\/\/officialeleutheraharbourisland.com\/#website"},"primaryImageOfPage":{"@id":"https:\/\/officialeleutheraharbourisland.com\/fr\/harbour-island\/que-faire\/beaute-et-bien-etre\/#primaryimage"},"image":{"@id":"https:\/\/officialeleutheraharbourisland.com\/fr\/harbour-island\/que-faire\/beaute-et-bien-etre\/#primaryimage"},"thumbnailUrl":"https:\/\/officialeleutheraharbourisland.com\/wp-content\/uploads\/2022\/04\/spa-g661903260_1920.jpg","datePublished":"2022-05-24T10:49:33+00:00","dateModified":"2023-03-14T17:44:02+00:00","description":"Official Eleuthera Harbour Island votre guide de Harbour Island, vous donne des informations sur la beaut\u00e9 et le bien-\u00eatre \u00e0 Harbour Island, Bahamas.","breadcrumb":{"@id":"https:\/\/officialeleutheraharbourisland.com\/fr\/harbour-island\/que-faire\/beaute-et-bien-etre\/#breadcrumb"},"inLanguage":"fr-FR","potentialAction":[{"@type":"ReadAction","target":["https:\/\/officialeleutheraharbourisland.com\/fr\/harbour-island\/que-faire\/beaute-et-bien-etre\/"]}]},{"@type":"ImageObject","inLanguage":"fr-FR","@id":"https:\/\/officialeleutheraharbourisland.com\/fr\/harbour-island\/que-faire\/beaute-et-bien-etre\/#primaryimage","url":"https:\/\/officialeleutheraharbourisland.com\/wp-content\/uploads\/2022\/04\/spa-g661903260_1920.jpg","contentUrl":"https:\/\/officialeleutheraharbourisland.com\/wp-content\/uploads\/2022\/04\/spa-g661903260_1920.jpg","width":1920,"height":1277},{"@type":"BreadcrumbList","@id":"https:\/\/officialeleutheraharbourisland.com\/fr\/harbour-island\/que-faire\/beaute-et-bien-etre\/#breadcrumb","itemListElement":[{"@type":"ListItem","position":1,"name":"Home","item":"https:\/\/officialeleutheraharbourisland.com\/fr\/"},{"@type":"ListItem","position":2,"name":"HARBOUR ISLAND","item":"https:\/\/officialeleutheraharbourisland.com\/fr\/harbour-island\/"},{"@type":"ListItem","position":3,"name":"QUE FAIRE","item":"https:\/\/officialeleutheraharbourisland.com\/fr\/harbour-island\/que-faire\/"},{"@type":"ListItem","position":4,"name":"Beaut\u00e9 et Bien-\u00eatre"}]},{"@type":"WebSite","@id":"https:\/\/officialeleutheraharbourisland.com\/#website","url":"https:\/\/officialeleutheraharbourisland.com\/","name":"Official Eleuthera Harbour Island","description":"Where Beauty &amp; Nature Meet","publisher":{"@id":"https:\/\/officialeleutheraharbourisland.com\/#organization"},"potentialAction":[{"@type":"SearchAction","target":{"@type":"EntryPoint","urlTemplate":"https:\/\/officialeleutheraharbourisland.com\/?s={search_term_string}"},"query-input":{"@type":"PropertyValueSpecification","valueRequired":true,"valueName":"search_term_string"}}],"inLanguage":"fr-FR"},{"@type":"Organization","@id":"https:\/\/officialeleutheraharbourisland.com\/#organization","name":"Official Eleuthera Harbour Island","url":"https:\/\/officialeleutheraharbourisland.com\/","logo":{"@type":"ImageObject","inLanguage":"fr-FR","@id":"https:\/\/officialeleutheraharbourisland.com\/#\/schema\/logo\/image\/","url":"https:\/\/officialeleutheraharbourisland.com\/wp-content\/uploads\/2022\/03\/logo-new-GREY-275.png","contentUrl":"https:\/\/officialeleutheraharbourisland.com\/wp-content\/uploads\/2022\/03\/logo-new-GREY-275.png","width":275,"height":22,"caption":"Official Eleuthera Harbour Island"},"image":{"@id":"https:\/\/officialeleutheraharbourisland.com\/#\/schema\/logo\/image\/"}}]}},"jetpack_sharing_enabled":true,"_links":{"self":[{"href":"https:\/\/officialeleutheraharbourisland.com\/fr\/wp-json\/wp\/v2\/pages\/74692","targetHints":{"allow":["GET"]}}],"collection":[{"href":"https:\/\/officialeleutheraharbourisland.com\/fr\/wp-json\/wp\/v2\/pages"}],"about":[{"href":"https:\/\/officialeleutheraharbourisland.com\/fr\/wp-json\/wp\/v2\/types\/page"}],"author":[{"embeddable":true,"href":"https:\/\/officialeleutheraharbourisland.com\/fr\/wp-json\/wp\/v2\/users\/3"}],"replies":[{"embeddable":true,"href":"https:\/\/officialeleutheraharbourisland.com\/fr\/wp-json\/wp\/v2\/comments?post=74692"}],"version-history":[{"count":2,"href":"https:\/\/officialeleutheraharbourisland.com\/fr\/wp-json\/wp\/v2\/pages\/74692\/revisions"}],"predecessor-version":[{"id":74694,"href":"https:\/\/officialeleutheraharbourisland.com\/fr\/wp-json\/wp\/v2\/pages\/74692\/revisions\/74694"}],"up":[{"embeddable":true,"href":"https:\/\/officialeleutheraharbourisland.com\/fr\/wp-json\/wp\/v2\/pages\/74576"}],"wp:featuredmedia":[{"embeddable":true,"href":"https:\/\/officialeleutheraharbourisland.com\/fr\/wp-json\/wp\/v2\/media\/62113"}],"wp:attachment":[{"href":"https:\/\/officialeleutheraharbourisland.com\/fr\/wp-json\/wp\/v2\/media?parent=74692"}],"wp:term":[{"taxonomy":"category","embeddable":true,"href":"https:\/\/officialeleutheraharbourisland.com\/fr\/wp-json\/wp\/v2\/categories?post=74692"},{"taxonomy":"post_tag","embeddable":true,"href":"https:\/\/officialeleutheraharbourisland.com\/fr\/wp-json\/wp\/v2\/tags?post=74692"}],"curies":[{"name":"wp","href":"https:\/\/api.w.org\/{rel}","templated":true}]}}