{"id":74704,"date":"2023-02-01T14:25:02","date_gmt":"2023-02-01T14:25:02","guid":{"rendered":"https:\/\/officialeleutheraharbourisland.com\/harbour-island\/que-faire\/beaute-et-bien-etre\/massage-therapists\/"},"modified":"2023-03-14T18:30:20","modified_gmt":"2023-03-14T18:30:20","slug":"massotherapeutes","status":"publish","type":"page","link":"https:\/\/officialeleutheraharbourisland.com\/fr\/harbour-island\/que-faire\/beaute-et-bien-etre\/massotherapeutes\/","title":{"rendered":"Massoth\u00e9rapeutes"},"content":{"rendered":"<div class=\"wpb-content-wrapper\"><p>[vc_row css=\u00a0\u00bb.vc_custom_1649079224179{padding-bottom: 50px !important;}\u00a0\u00bb][vc_column]<div id=\"ultimate-heading-563869e37c151db22\" class=\"uvc-heading ult-adjust-bottom-margin ultimate-heading-563869e37c151db22 uvc-624 \" data-hspacer=\"line_only\"  data-halign=\"center\" style=\"text-align:center\"><div class=\"uvc-main-heading ult-responsive\"  data-ultimate-target='.uvc-heading.ultimate-heading-563869e37c151db22 h2'  data-responsive-json-new='{\"font-size\":\"\",\"line-height\":\"\"}' ><h2 style=\"font-weight:normal;margin-bottom:15px;\">Massoth\u00e9rapeutes ind\u00e9pendants \u00e0 Harbour Island<\/h2><\/div><div class=\"uvc-heading-spacer line_only\" style=\"margin-bottom:15px;height:3px;\"><span class=\"uvc-headings-line\" style=\"border-style:solid;border-bottom-width:3px;border-color:#7ac1ff;width:60px;\"><\/span><\/div><\/div>[\/vc_column][\/vc_row][vc_row][vc_column][vc_column_text]Voyager d&rsquo;un endroit \u00e0 un autre pendant vos vacances peut parfois \u00eatre \u00e9puisant. La meilleure solution pour se d\u00e9barrasser des muscles raides et d&rsquo;un corps fatigu\u00e9 est de se faire masser par un th\u00e9rapeute professionnel \u00e0 Harbour Island. Des massoth\u00e9rapeutes vous rendront visite \u00e0 votre h\u00f4tel, votre location de vacances ou tout autre endroit et vous offriront un massage relaxant pour vous pr\u00e9parer \u00e0 des journ\u00e9es plus aventureuses \u00e0 Harbour Island. Que vous souhaitiez un massage des tissus profonds, un massage aromatique, un massage aux pierres, un massage su\u00e9dois ou toute autre th\u00e9rapie, les massoth\u00e9rapeutes de Harbour Island sont pr\u00eats \u00e0 vous dorloter !<\/p>\n<p><strong>Nakita Headley\u00a0:<\/strong>\u00a0Nakita est une massoth\u00e9rapeute certifi\u00e9e \u00e0 Harbour Island et pratique la massoth\u00e9rapie depuis plus de 7 ans. Sa carri\u00e8re a commenc\u00e9 \u00e0 The Island Spa. Elle a ouvert Bodyscape Massage Therapy, un service de spa mobile en 2020 car elle souhaitait vous apporter les bienfaits curatifs, le luxe, le style et le confort d&rsquo;une s\u00e9ance de massage; que ce soit dans votre maison priv\u00e9e, votre maison de location, votre suite d&rsquo;h\u00f4tel, votre yacht ou m\u00eame sur la plage. Avec Lomi, Lomi \u00e9tant sa technique pr\u00e9f\u00e9r\u00e9e, elle int\u00e8gre \u00e9galement la r\u00e9flexologie, les techniques su\u00e9doises\/des tissus profonds, la th\u00e9rapie par \u00e9tirements et l&rsquo;aromath\u00e9rapie \u00e0 chaque s\u00e9ance de massage. Voici le site Web pour plus d&rsquo;informations\u00a0:\u00a0<a href=\"http:\/\/www.bodyscapemassagetherapy.com\/\" target=\"_blank\" rel=\"noopener\">http:\/\/www.bodyscapemassagetherapy.com\/<\/a>\u00a0Vous pouvez appeler au (242) 470-2028.<\/p>\n<p><strong>Cleaomie Rankine\u00a0:<\/strong>\u00a0Elle fournit des services de massage \u00e0 Eleuthera et dans les Bahamas. <a href=\"https:\/\/m.facebook.com\/Cleaomie-Rankine-1916174712032804\/\" target=\"_blank\" rel=\"noopener\">Cleaomie Rankine<\/a> g\u00e8re son propre spa connu sous le nom de Mariposa Day Spa. Elle propose des services de massage \u00e0 un prix raisonnable. Appelez-la pour savoir planifier un massage \u00e0 Harbour Island\u00a0:\u00a0+1(242)-445-1331<\/p>\n<p>Les deux massoth\u00e9rapeutes mentionn\u00e9s ci-dessus sont des professionnels exp\u00e9riment\u00e9s et certifi\u00e9s qui vous offriront la meilleure exp\u00e9rience de massage selon vos pr\u00e9f\u00e9rences. En dehors de cela, il existe plusieurs spas partout \u00e0 Harbour Island offrant \u00e9galement d&rsquo;excellents services de massage.[\/vc_column_text][\/vc_column][\/vc_row][vc_row][vc_column][vc_separator css=\u00a0\u00bb.vc_custom_1675714614730{margin-top: 30px !important;margin-bottom: 30px !important;}\u00a0\u00bb][\/vc_column][\/vc_row][vc_row][vc_column width=\u00a0\u00bb1\/6&Prime;][\/vc_column][vc_column width=\u00a0\u00bb2\/3&Prime;][vc_single_image image=\u00a0\u00bb60537&Prime; img_size=\u00a0\u00bbfull\u00a0\u00bb alignment=\u00a0\u00bbcenter\u00a0\u00bb][\/vc_column][vc_column width=\u00a0\u00bb1\/6&Prime;][\/vc_column][\/vc_row][vc_row][vc_column][vc_separator css=\u00a0\u00bb.vc_custom_1675714614730{margin-top: 30px !important;margin-bottom: 30px !important;}\u00a0\u00bb][\/vc_column][\/vc_row]<\/p>\n<\/div>","protected":false},"excerpt":{"rendered":"<p>[vc_row css=\u00a0\u00bb.vc_custom_1649079224179{padding-bottom: 50px !important;}\u00a0\u00bb][vc_column][\/vc_column][\/vc_row][vc_row][vc_column][vc_column_text]Voyager d&rsquo;un endroit \u00e0 un autre pendant vos vacances peut parfois \u00eatre \u00e9puisant. La meilleure solution pour se d\u00e9barrasser des muscles raides et d&rsquo;un corps fatigu\u00e9 est de se faire masser par un th\u00e9rapeute professionnel \u00e0 Harbour Island. Des massoth\u00e9rapeutes vous rendront visite \u00e0 votre h\u00f4tel, votre location de vacances ou tout&hellip;<\/p>\n","protected":false},"author":1,"featured_media":62113,"parent":74692,"menu_order":0,"comment_status":"closed","ping_status":"closed","template":"","meta":{"footnotes":""},"categories":[],"tags":[1211],"class_list":["post-74704","page","type-page","status-publish","has-post-thumbnail","hentry","tag-beauty-and-wellness-harbour-island-fr-2","description-off"],"yoast_head":"<!-- This site is optimized with the Yoast SEO Premium plugin v25.2 (Yoast SEO v27.4) - https:\/\/yoast.com\/product\/yoast-seo-premium-wordpress\/ -->\n<title>Massoth\u00e9rapeutes ind\u00e9pendants \u00e0 Harbour Island, Bahamas.<\/title>\n<meta name=\"description\" content=\"Official Eleuthera Harbour Island votre guide de Harbour Island, vous donne des informations sur les massoth\u00e9rapeutes \u00e0 Harbour Island, aux Bahamas.\" \/>\n<meta name=\"robots\" content=\"index, follow, max-snippet:-1, max-image-preview:large, max-video-preview:-1\" \/>\n<link rel=\"canonical\" href=\"https:\/\/officialeleutheraharbourisland.com\/fr\/harbour-island\/que-faire\/beaute-et-bien-etre\/massotherapeutes\/\" \/>\n<meta property=\"og:locale\" content=\"fr_FR\" \/>\n<meta property=\"og:type\" content=\"article\" \/>\n<meta property=\"og:title\" content=\"Massoth\u00e9rapeutes\" \/>\n<meta property=\"og:description\" content=\"Official Eleuthera Harbour Island votre guide de Harbour Island, vous donne des informations sur les massoth\u00e9rapeutes \u00e0 Harbour Island, aux Bahamas.\" \/>\n<meta property=\"og:url\" content=\"https:\/\/officialeleutheraharbourisland.com\/fr\/harbour-island\/que-faire\/beaute-et-bien-etre\/massotherapeutes\/\" \/>\n<meta property=\"og:site_name\" content=\"Official Eleuthera Harbour Island\" \/>\n<meta property=\"article:modified_time\" content=\"2023-03-14T18:30:20+00:00\" \/>\n<meta property=\"og:image\" content=\"https:\/\/officialeleutheraharbourisland.com\/wp-content\/uploads\/2022\/04\/spa-g661903260_1920.jpg\" \/>\n\t<meta property=\"og:image:width\" content=\"1920\" \/>\n\t<meta property=\"og:image:height\" content=\"1277\" \/>\n\t<meta property=\"og:image:type\" content=\"image\/jpeg\" \/>\n<meta name=\"twitter:card\" content=\"summary_large_image\" \/>\n<meta name=\"twitter:label1\" content=\"Dur\u00e9e de lecture estim\u00e9e\" \/>\n\t<meta name=\"twitter:data1\" content=\"2 minutes\" \/>\n<script type=\"application\/ld+json\" class=\"yoast-schema-graph\">{\"@context\":\"https:\\\/\\\/schema.org\",\"@graph\":[{\"@type\":\"WebPage\",\"@id\":\"https:\\\/\\\/officialeleutheraharbourisland.com\\\/fr\\\/harbour-island\\\/que-faire\\\/beaute-et-bien-etre\\\/massotherapeutes\\\/\",\"url\":\"https:\\\/\\\/officialeleutheraharbourisland.com\\\/fr\\\/harbour-island\\\/que-faire\\\/beaute-et-bien-etre\\\/massotherapeutes\\\/\",\"name\":\"Massoth\u00e9rapeutes ind\u00e9pendants \u00e0 Harbour Island, Bahamas.\",\"isPartOf\":{\"@id\":\"https:\\\/\\\/officialeleutheraharbourisland.com\\\/#website\"},\"primaryImageOfPage\":{\"@id\":\"https:\\\/\\\/officialeleutheraharbourisland.com\\\/fr\\\/harbour-island\\\/que-faire\\\/beaute-et-bien-etre\\\/massotherapeutes\\\/#primaryimage\"},\"image\":{\"@id\":\"https:\\\/\\\/officialeleutheraharbourisland.com\\\/fr\\\/harbour-island\\\/que-faire\\\/beaute-et-bien-etre\\\/massotherapeutes\\\/#primaryimage\"},\"thumbnailUrl\":\"https:\\\/\\\/officialeleutheraharbourisland.com\\\/wp-content\\\/uploads\\\/2022\\\/04\\\/spa-g661903260_1920.jpg\",\"datePublished\":\"2023-02-01T14:25:02+00:00\",\"dateModified\":\"2023-03-14T18:30:20+00:00\",\"description\":\"Official Eleuthera Harbour Island votre guide de Harbour Island, vous donne des informations sur les massoth\u00e9rapeutes \u00e0 Harbour Island, aux Bahamas.\",\"breadcrumb\":{\"@id\":\"https:\\\/\\\/officialeleutheraharbourisland.com\\\/fr\\\/harbour-island\\\/que-faire\\\/beaute-et-bien-etre\\\/massotherapeutes\\\/#breadcrumb\"},\"inLanguage\":\"fr-FR\",\"potentialAction\":[{\"@type\":\"ReadAction\",\"target\":[\"https:\\\/\\\/officialeleutheraharbourisland.com\\\/fr\\\/harbour-island\\\/que-faire\\\/beaute-et-bien-etre\\\/massotherapeutes\\\/\"]}]},{\"@type\":\"ImageObject\",\"inLanguage\":\"fr-FR\",\"@id\":\"https:\\\/\\\/officialeleutheraharbourisland.com\\\/fr\\\/harbour-island\\\/que-faire\\\/beaute-et-bien-etre\\\/massotherapeutes\\\/#primaryimage\",\"url\":\"https:\\\/\\\/officialeleutheraharbourisland.com\\\/wp-content\\\/uploads\\\/2022\\\/04\\\/spa-g661903260_1920.jpg\",\"contentUrl\":\"https:\\\/\\\/officialeleutheraharbourisland.com\\\/wp-content\\\/uploads\\\/2022\\\/04\\\/spa-g661903260_1920.jpg\",\"width\":1920,\"height\":1277},{\"@type\":\"BreadcrumbList\",\"@id\":\"https:\\\/\\\/officialeleutheraharbourisland.com\\\/fr\\\/harbour-island\\\/que-faire\\\/beaute-et-bien-etre\\\/massotherapeutes\\\/#breadcrumb\",\"itemListElement\":[{\"@type\":\"ListItem\",\"position\":1,\"name\":\"Home\",\"item\":\"https:\\\/\\\/officialeleutheraharbourisland.com\\\/fr\\\/\"},{\"@type\":\"ListItem\",\"position\":2,\"name\":\"HARBOUR ISLAND\",\"item\":\"https:\\\/\\\/officialeleutheraharbourisland.com\\\/fr\\\/harbour-island\\\/\"},{\"@type\":\"ListItem\",\"position\":3,\"name\":\"QUE FAIRE\",\"item\":\"https:\\\/\\\/officialeleutheraharbourisland.com\\\/fr\\\/harbour-island\\\/que-faire\\\/\"},{\"@type\":\"ListItem\",\"position\":4,\"name\":\"Beaut\u00e9 et Bien-\u00eatre\",\"item\":\"https:\\\/\\\/officialeleutheraharbourisland.com\\\/fr\\\/harbour-island\\\/que-faire\\\/beaute-et-bien-etre\\\/\"},{\"@type\":\"ListItem\",\"position\":5,\"name\":\"Massoth\u00e9rapeutes\"}]},{\"@type\":\"WebSite\",\"@id\":\"https:\\\/\\\/officialeleutheraharbourisland.com\\\/#website\",\"url\":\"https:\\\/\\\/officialeleutheraharbourisland.com\\\/\",\"name\":\"Official Eleuthera Harbour Island\",\"description\":\"Where Beauty &amp; Nature Meet\",\"publisher\":{\"@id\":\"https:\\\/\\\/officialeleutheraharbourisland.com\\\/#organization\"},\"potentialAction\":[{\"@type\":\"SearchAction\",\"target\":{\"@type\":\"EntryPoint\",\"urlTemplate\":\"https:\\\/\\\/officialeleutheraharbourisland.com\\\/?s={search_term_string}\"},\"query-input\":{\"@type\":\"PropertyValueSpecification\",\"valueRequired\":true,\"valueName\":\"search_term_string\"}}],\"inLanguage\":\"fr-FR\"},{\"@type\":\"Organization\",\"@id\":\"https:\\\/\\\/officialeleutheraharbourisland.com\\\/#organization\",\"name\":\"Official Eleuthera Harbour Island\",\"url\":\"https:\\\/\\\/officialeleutheraharbourisland.com\\\/\",\"logo\":{\"@type\":\"ImageObject\",\"inLanguage\":\"fr-FR\",\"@id\":\"https:\\\/\\\/officialeleutheraharbourisland.com\\\/#\\\/schema\\\/logo\\\/image\\\/\",\"url\":\"https:\\\/\\\/officialeleutheraharbourisland.com\\\/wp-content\\\/uploads\\\/2022\\\/03\\\/logo-new-GREY-275.png\",\"contentUrl\":\"https:\\\/\\\/officialeleutheraharbourisland.com\\\/wp-content\\\/uploads\\\/2022\\\/03\\\/logo-new-GREY-275.png\",\"width\":275,\"height\":22,\"caption\":\"Official Eleuthera Harbour Island\"},\"image\":{\"@id\":\"https:\\\/\\\/officialeleutheraharbourisland.com\\\/#\\\/schema\\\/logo\\\/image\\\/\"}}]}<\/script>\n<!-- \/ Yoast SEO Premium plugin. -->","yoast_head_json":{"title":"Massoth\u00e9rapeutes ind\u00e9pendants \u00e0 Harbour Island, Bahamas.","description":"Official Eleuthera Harbour Island votre guide de Harbour Island, vous donne des informations sur les massoth\u00e9rapeutes \u00e0 Harbour Island, aux Bahamas.","robots":{"index":"index","follow":"follow","max-snippet":"max-snippet:-1","max-image-preview":"max-image-preview:large","max-video-preview":"max-video-preview:-1"},"canonical":"https:\/\/officialeleutheraharbourisland.com\/fr\/harbour-island\/que-faire\/beaute-et-bien-etre\/massotherapeutes\/","og_locale":"fr_FR","og_type":"article","og_title":"Massoth\u00e9rapeutes","og_description":"Official Eleuthera Harbour Island votre guide de Harbour Island, vous donne des informations sur les massoth\u00e9rapeutes \u00e0 Harbour Island, aux Bahamas.","og_url":"https:\/\/officialeleutheraharbourisland.com\/fr\/harbour-island\/que-faire\/beaute-et-bien-etre\/massotherapeutes\/","og_site_name":"Official Eleuthera Harbour Island","article_modified_time":"2023-03-14T18:30:20+00:00","og_image":[{"width":1920,"height":1277,"url":"https:\/\/officialeleutheraharbourisland.com\/wp-content\/uploads\/2022\/04\/spa-g661903260_1920.jpg","type":"image\/jpeg"}],"twitter_card":"summary_large_image","twitter_misc":{"Dur\u00e9e de lecture estim\u00e9e":"2 minutes"},"schema":{"@context":"https:\/\/schema.org","@graph":[{"@type":"WebPage","@id":"https:\/\/officialeleutheraharbourisland.com\/fr\/harbour-island\/que-faire\/beaute-et-bien-etre\/massotherapeutes\/","url":"https:\/\/officialeleutheraharbourisland.com\/fr\/harbour-island\/que-faire\/beaute-et-bien-etre\/massotherapeutes\/","name":"Massoth\u00e9rapeutes ind\u00e9pendants \u00e0 Harbour Island, Bahamas.","isPartOf":{"@id":"https:\/\/officialeleutheraharbourisland.com\/#website"},"primaryImageOfPage":{"@id":"https:\/\/officialeleutheraharbourisland.com\/fr\/harbour-island\/que-faire\/beaute-et-bien-etre\/massotherapeutes\/#primaryimage"},"image":{"@id":"https:\/\/officialeleutheraharbourisland.com\/fr\/harbour-island\/que-faire\/beaute-et-bien-etre\/massotherapeutes\/#primaryimage"},"thumbnailUrl":"https:\/\/officialeleutheraharbourisland.com\/wp-content\/uploads\/2022\/04\/spa-g661903260_1920.jpg","datePublished":"2023-02-01T14:25:02+00:00","dateModified":"2023-03-14T18:30:20+00:00","description":"Official Eleuthera Harbour Island votre guide de Harbour Island, vous donne des informations sur les massoth\u00e9rapeutes \u00e0 Harbour Island, aux Bahamas.","breadcrumb":{"@id":"https:\/\/officialeleutheraharbourisland.com\/fr\/harbour-island\/que-faire\/beaute-et-bien-etre\/massotherapeutes\/#breadcrumb"},"inLanguage":"fr-FR","potentialAction":[{"@type":"ReadAction","target":["https:\/\/officialeleutheraharbourisland.com\/fr\/harbour-island\/que-faire\/beaute-et-bien-etre\/massotherapeutes\/"]}]},{"@type":"ImageObject","inLanguage":"fr-FR","@id":"https:\/\/officialeleutheraharbourisland.com\/fr\/harbour-island\/que-faire\/beaute-et-bien-etre\/massotherapeutes\/#primaryimage","url":"https:\/\/officialeleutheraharbourisland.com\/wp-content\/uploads\/2022\/04\/spa-g661903260_1920.jpg","contentUrl":"https:\/\/officialeleutheraharbourisland.com\/wp-content\/uploads\/2022\/04\/spa-g661903260_1920.jpg","width":1920,"height":1277},{"@type":"BreadcrumbList","@id":"https:\/\/officialeleutheraharbourisland.com\/fr\/harbour-island\/que-faire\/beaute-et-bien-etre\/massotherapeutes\/#breadcrumb","itemListElement":[{"@type":"ListItem","position":1,"name":"Home","item":"https:\/\/officialeleutheraharbourisland.com\/fr\/"},{"@type":"ListItem","position":2,"name":"HARBOUR ISLAND","item":"https:\/\/officialeleutheraharbourisland.com\/fr\/harbour-island\/"},{"@type":"ListItem","position":3,"name":"QUE FAIRE","item":"https:\/\/officialeleutheraharbourisland.com\/fr\/harbour-island\/que-faire\/"},{"@type":"ListItem","position":4,"name":"Beaut\u00e9 et Bien-\u00eatre","item":"https:\/\/officialeleutheraharbourisland.com\/fr\/harbour-island\/que-faire\/beaute-et-bien-etre\/"},{"@type":"ListItem","position":5,"name":"Massoth\u00e9rapeutes"}]},{"@type":"WebSite","@id":"https:\/\/officialeleutheraharbourisland.com\/#website","url":"https:\/\/officialeleutheraharbourisland.com\/","name":"Official Eleuthera Harbour Island","description":"Where Beauty &amp; Nature Meet","publisher":{"@id":"https:\/\/officialeleutheraharbourisland.com\/#organization"},"potentialAction":[{"@type":"SearchAction","target":{"@type":"EntryPoint","urlTemplate":"https:\/\/officialeleutheraharbourisland.com\/?s={search_term_string}"},"query-input":{"@type":"PropertyValueSpecification","valueRequired":true,"valueName":"search_term_string"}}],"inLanguage":"fr-FR"},{"@type":"Organization","@id":"https:\/\/officialeleutheraharbourisland.com\/#organization","name":"Official Eleuthera Harbour Island","url":"https:\/\/officialeleutheraharbourisland.com\/","logo":{"@type":"ImageObject","inLanguage":"fr-FR","@id":"https:\/\/officialeleutheraharbourisland.com\/#\/schema\/logo\/image\/","url":"https:\/\/officialeleutheraharbourisland.com\/wp-content\/uploads\/2022\/03\/logo-new-GREY-275.png","contentUrl":"https:\/\/officialeleutheraharbourisland.com\/wp-content\/uploads\/2022\/03\/logo-new-GREY-275.png","width":275,"height":22,"caption":"Official Eleuthera Harbour Island"},"image":{"@id":"https:\/\/officialeleutheraharbourisland.com\/#\/schema\/logo\/image\/"}}]}},"jetpack_sharing_enabled":true,"_links":{"self":[{"href":"https:\/\/officialeleutheraharbourisland.com\/fr\/wp-json\/wp\/v2\/pages\/74704","targetHints":{"allow":["GET"]}}],"collection":[{"href":"https:\/\/officialeleutheraharbourisland.com\/fr\/wp-json\/wp\/v2\/pages"}],"about":[{"href":"https:\/\/officialeleutheraharbourisland.com\/fr\/wp-json\/wp\/v2\/types\/page"}],"author":[{"embeddable":true,"href":"https:\/\/officialeleutheraharbourisland.com\/fr\/wp-json\/wp\/v2\/users\/1"}],"replies":[{"embeddable":true,"href":"https:\/\/officialeleutheraharbourisland.com\/fr\/wp-json\/wp\/v2\/comments?post=74704"}],"version-history":[{"count":2,"href":"https:\/\/officialeleutheraharbourisland.com\/fr\/wp-json\/wp\/v2\/pages\/74704\/revisions"}],"predecessor-version":[{"id":74706,"href":"https:\/\/officialeleutheraharbourisland.com\/fr\/wp-json\/wp\/v2\/pages\/74704\/revisions\/74706"}],"up":[{"embeddable":true,"href":"https:\/\/officialeleutheraharbourisland.com\/fr\/wp-json\/wp\/v2\/pages\/74692"}],"wp:featuredmedia":[{"embeddable":true,"href":"https:\/\/officialeleutheraharbourisland.com\/fr\/wp-json\/wp\/v2\/media\/62113"}],"wp:attachment":[{"href":"https:\/\/officialeleutheraharbourisland.com\/fr\/wp-json\/wp\/v2\/media?parent=74704"}],"wp:term":[{"taxonomy":"category","embeddable":true,"href":"https:\/\/officialeleutheraharbourisland.com\/fr\/wp-json\/wp\/v2\/categories?post=74704"},{"taxonomy":"post_tag","embeddable":true,"href":"https:\/\/officialeleutheraharbourisland.com\/fr\/wp-json\/wp\/v2\/tags?post=74704"}],"curies":[{"name":"wp","href":"https:\/\/api.w.org\/{rel}","templated":true}]}}