{"id":74748,"date":"2023-01-24T20:13:11","date_gmt":"2023-01-24T20:13:11","guid":{"rendered":"https:\/\/officialeleutheraharbourisland.com\/harbour-island\/que-faire\/aller-a-la-plage\/pink-sand-beaches\/"},"modified":"2023-04-11T14:14:48","modified_gmt":"2023-04-11T14:14:48","slug":"plages-de-sable-rose","status":"publish","type":"page","link":"https:\/\/officialeleutheraharbourisland.com\/fr\/harbour-island\/que-faire\/aller-a-la-plage\/plages-de-sable-rose\/","title":{"rendered":"Plages de sable rose"},"content":{"rendered":"<div class=\"wpb-content-wrapper\"><p>[vc_row][vc_column][vc_column_text]La longue plage de sable rose est certainement l&rsquo;une des raisons pour lesquelles les gens viennent \u00e0 Harbour Island. La plage de Harbour Island a une longueur de 5.5 km. Sa largeur varie de 15 \u00e0 30 m selon les saisons , l&rsquo;heure de la journ\u00e9e ainsi que les mar\u00e9es qui ont un impact important sur la taille de la plage.<br \/>\nLa plage de Harbour Island est une merveille esth\u00e9tique , offrant des couleurs qui lui sont propres avec son sable rose si particulier, ses magnifiques eaux cristallines, son paysage v\u00e9g\u00e9tal luxuriant et ses vues sur les falaises voisines de North Eleuthera. La plage est l&rsquo;une des plages les plus belles et les plus insolites du monde. Travel + Leisure l&rsquo;a d\u2019ailleurs class\u00e9e comme \u00ab\u00a0l&rsquo;une des plus belles plages du monde\u00a0\u00bb.<br \/>\nL&rsquo;une des questions les plus courantes la concernant , est de savoir pourquoi le sable est-il rose ? Cela n\u2019est pas d\u00fb \u00e0 un coquillage particulier comme beaucoup le pensent, mais \u00e0 la pr\u00e9sence dans le sable d\u2019organismes microscopiques poss\u00e9dant une carapace ros\u00e2tre, appel\u00e9s foraminif\u00e8res.[\/vc_column_text][vc_empty_space][vc_row_inner][vc_column_inner width=\u00a0\u00bb1\/4&Prime;][\/vc_column_inner][vc_column_inner width=\u00a0\u00bb1\/2&Prime;][vc_single_image image=\u00a0\u00bb71830&Prime; img_size=\u00a0\u00bbfull\u00a0\u00bb][\/vc_column_inner][vc_column_inner width=\u00a0\u00bb1\/4&Prime;][\/vc_column_inner][\/vc_row_inner][vc_empty_space][\/vc_column][\/vc_row]<\/p>\n<\/div>","protected":false},"excerpt":{"rendered":"<p>[vc_row][vc_column][vc_column_text]La longue plage de sable rose est certainement l&rsquo;une des raisons pour lesquelles les gens viennent \u00e0 Harbour Island. La plage de Harbour Island a une longueur de 5.5 km. Sa largeur varie de 15 \u00e0 30 m selon les saisons , l&rsquo;heure de la journ\u00e9e ainsi que les mar\u00e9es qui ont un impact important&hellip;<\/p>\n","protected":false},"author":1,"featured_media":71837,"parent":74708,"menu_order":0,"comment_status":"closed","ping_status":"closed","template":"","meta":{"footnotes":""},"categories":[],"tags":[1216,1217],"class_list":["post-74748","page","type-page","status-publish","has-post-thumbnail","hentry","tag-beaches-harbour-island-fr-2","tag-see-in-harbour-island-fr-2","description-off"],"yoast_head":"<!-- This site is optimized with the Yoast SEO Premium plugin v25.2 (Yoast SEO v27.3) - https:\/\/yoast.com\/product\/yoast-seo-premium-wordpress\/ -->\n<title>Plages de sable rose \u00e0 Harbour Island, choses \u00e0 faire \u00e0 Harbour Island.<\/title>\n<meta name=\"description\" content=\"Official Eleuthera Harbour Island votre guide de vacances vous donne des informations sur les plages de sable rose de Harbour Island, les choses \u00e0 faire aux Bahamas\" \/>\n<meta name=\"robots\" content=\"index, follow, max-snippet:-1, max-image-preview:large, max-video-preview:-1\" \/>\n<link rel=\"canonical\" href=\"https:\/\/officialeleutheraharbourisland.com\/fr\/harbour-island\/que-faire\/aller-a-la-plage\/plages-de-sable-rose\/\" \/>\n<meta property=\"og:locale\" content=\"fr_FR\" \/>\n<meta property=\"og:type\" content=\"article\" \/>\n<meta property=\"og:title\" content=\"Plages de sable rose\" \/>\n<meta property=\"og:description\" content=\"Official Eleuthera Harbour Island votre guide de vacances vous donne des informations sur les plages de sable rose de Harbour Island, les choses \u00e0 faire aux Bahamas\" \/>\n<meta property=\"og:url\" content=\"https:\/\/officialeleutheraharbourisland.com\/fr\/harbour-island\/que-faire\/aller-a-la-plage\/plages-de-sable-rose\/\" \/>\n<meta property=\"og:site_name\" content=\"Official Eleuthera Harbour Island\" \/>\n<meta property=\"article:modified_time\" content=\"2023-04-11T14:14:48+00:00\" \/>\n<meta property=\"og:image\" content=\"https:\/\/officialeleutheraharbourisland.com\/wp-content\/uploads\/2023\/01\/pinksand-1.jpg\" \/>\n\t<meta property=\"og:image:width\" content=\"1200\" \/>\n\t<meta property=\"og:image:height\" content=\"800\" \/>\n\t<meta property=\"og:image:type\" content=\"image\/jpeg\" \/>\n<meta name=\"twitter:card\" content=\"summary_large_image\" \/>\n<meta name=\"twitter:label1\" content=\"Dur\u00e9e de lecture estim\u00e9e\" \/>\n\t<meta name=\"twitter:data1\" content=\"1 minute\" \/>\n<script type=\"application\/ld+json\" class=\"yoast-schema-graph\">{\"@context\":\"https:\\\/\\\/schema.org\",\"@graph\":[{\"@type\":\"WebPage\",\"@id\":\"https:\\\/\\\/officialeleutheraharbourisland.com\\\/fr\\\/harbour-island\\\/que-faire\\\/aller-a-la-plage\\\/plages-de-sable-rose\\\/\",\"url\":\"https:\\\/\\\/officialeleutheraharbourisland.com\\\/fr\\\/harbour-island\\\/que-faire\\\/aller-a-la-plage\\\/plages-de-sable-rose\\\/\",\"name\":\"Plages de sable rose \u00e0 Harbour Island, choses \u00e0 faire \u00e0 Harbour Island.\",\"isPartOf\":{\"@id\":\"https:\\\/\\\/officialeleutheraharbourisland.com\\\/#website\"},\"primaryImageOfPage\":{\"@id\":\"https:\\\/\\\/officialeleutheraharbourisland.com\\\/fr\\\/harbour-island\\\/que-faire\\\/aller-a-la-plage\\\/plages-de-sable-rose\\\/#primaryimage\"},\"image\":{\"@id\":\"https:\\\/\\\/officialeleutheraharbourisland.com\\\/fr\\\/harbour-island\\\/que-faire\\\/aller-a-la-plage\\\/plages-de-sable-rose\\\/#primaryimage\"},\"thumbnailUrl\":\"https:\\\/\\\/officialeleutheraharbourisland.com\\\/wp-content\\\/uploads\\\/2023\\\/01\\\/pinksand-1.jpg\",\"datePublished\":\"2023-01-24T20:13:11+00:00\",\"dateModified\":\"2023-04-11T14:14:48+00:00\",\"description\":\"Official Eleuthera Harbour Island votre guide de vacances vous donne des informations sur les plages de sable rose de Harbour Island, les choses \u00e0 faire aux Bahamas\",\"breadcrumb\":{\"@id\":\"https:\\\/\\\/officialeleutheraharbourisland.com\\\/fr\\\/harbour-island\\\/que-faire\\\/aller-a-la-plage\\\/plages-de-sable-rose\\\/#breadcrumb\"},\"inLanguage\":\"fr-FR\",\"potentialAction\":[{\"@type\":\"ReadAction\",\"target\":[\"https:\\\/\\\/officialeleutheraharbourisland.com\\\/fr\\\/harbour-island\\\/que-faire\\\/aller-a-la-plage\\\/plages-de-sable-rose\\\/\"]}]},{\"@type\":\"ImageObject\",\"inLanguage\":\"fr-FR\",\"@id\":\"https:\\\/\\\/officialeleutheraharbourisland.com\\\/fr\\\/harbour-island\\\/que-faire\\\/aller-a-la-plage\\\/plages-de-sable-rose\\\/#primaryimage\",\"url\":\"https:\\\/\\\/officialeleutheraharbourisland.com\\\/wp-content\\\/uploads\\\/2023\\\/01\\\/pinksand-1.jpg\",\"contentUrl\":\"https:\\\/\\\/officialeleutheraharbourisland.com\\\/wp-content\\\/uploads\\\/2023\\\/01\\\/pinksand-1.jpg\",\"width\":1200,\"height\":800},{\"@type\":\"BreadcrumbList\",\"@id\":\"https:\\\/\\\/officialeleutheraharbourisland.com\\\/fr\\\/harbour-island\\\/que-faire\\\/aller-a-la-plage\\\/plages-de-sable-rose\\\/#breadcrumb\",\"itemListElement\":[{\"@type\":\"ListItem\",\"position\":1,\"name\":\"Home\",\"item\":\"https:\\\/\\\/officialeleutheraharbourisland.com\\\/fr\\\/\"},{\"@type\":\"ListItem\",\"position\":2,\"name\":\"HARBOUR ISLAND\",\"item\":\"https:\\\/\\\/officialeleutheraharbourisland.com\\\/fr\\\/harbour-island\\\/\"},{\"@type\":\"ListItem\",\"position\":3,\"name\":\"QUE FAIRE\",\"item\":\"https:\\\/\\\/officialeleutheraharbourisland.com\\\/fr\\\/harbour-island\\\/que-faire\\\/\"},{\"@type\":\"ListItem\",\"position\":4,\"name\":\"Aller \u00e0 la plage\",\"item\":\"https:\\\/\\\/officialeleutheraharbourisland.com\\\/fr\\\/harbour-island\\\/que-faire\\\/aller-a-la-plage\\\/\"},{\"@type\":\"ListItem\",\"position\":5,\"name\":\"Plages de sable rose\"}]},{\"@type\":\"WebSite\",\"@id\":\"https:\\\/\\\/officialeleutheraharbourisland.com\\\/#website\",\"url\":\"https:\\\/\\\/officialeleutheraharbourisland.com\\\/\",\"name\":\"Official Eleuthera Harbour Island\",\"description\":\"Where Beauty &amp; Nature Meet\",\"publisher\":{\"@id\":\"https:\\\/\\\/officialeleutheraharbourisland.com\\\/#organization\"},\"potentialAction\":[{\"@type\":\"SearchAction\",\"target\":{\"@type\":\"EntryPoint\",\"urlTemplate\":\"https:\\\/\\\/officialeleutheraharbourisland.com\\\/?s={search_term_string}\"},\"query-input\":{\"@type\":\"PropertyValueSpecification\",\"valueRequired\":true,\"valueName\":\"search_term_string\"}}],\"inLanguage\":\"fr-FR\"},{\"@type\":\"Organization\",\"@id\":\"https:\\\/\\\/officialeleutheraharbourisland.com\\\/#organization\",\"name\":\"Official Eleuthera Harbour Island\",\"url\":\"https:\\\/\\\/officialeleutheraharbourisland.com\\\/\",\"logo\":{\"@type\":\"ImageObject\",\"inLanguage\":\"fr-FR\",\"@id\":\"https:\\\/\\\/officialeleutheraharbourisland.com\\\/#\\\/schema\\\/logo\\\/image\\\/\",\"url\":\"https:\\\/\\\/officialeleutheraharbourisland.com\\\/wp-content\\\/uploads\\\/2022\\\/03\\\/logo-new-GREY-275.png\",\"contentUrl\":\"https:\\\/\\\/officialeleutheraharbourisland.com\\\/wp-content\\\/uploads\\\/2022\\\/03\\\/logo-new-GREY-275.png\",\"width\":275,\"height\":22,\"caption\":\"Official Eleuthera Harbour Island\"},\"image\":{\"@id\":\"https:\\\/\\\/officialeleutheraharbourisland.com\\\/#\\\/schema\\\/logo\\\/image\\\/\"}}]}<\/script>\n<!-- \/ Yoast SEO Premium plugin. -->","yoast_head_json":{"title":"Plages de sable rose \u00e0 Harbour Island, choses \u00e0 faire \u00e0 Harbour Island.","description":"Official Eleuthera Harbour Island votre guide de vacances vous donne des informations sur les plages de sable rose de Harbour Island, les choses \u00e0 faire aux Bahamas","robots":{"index":"index","follow":"follow","max-snippet":"max-snippet:-1","max-image-preview":"max-image-preview:large","max-video-preview":"max-video-preview:-1"},"canonical":"https:\/\/officialeleutheraharbourisland.com\/fr\/harbour-island\/que-faire\/aller-a-la-plage\/plages-de-sable-rose\/","og_locale":"fr_FR","og_type":"article","og_title":"Plages de sable rose","og_description":"Official Eleuthera Harbour Island votre guide de vacances vous donne des informations sur les plages de sable rose de Harbour Island, les choses \u00e0 faire aux Bahamas","og_url":"https:\/\/officialeleutheraharbourisland.com\/fr\/harbour-island\/que-faire\/aller-a-la-plage\/plages-de-sable-rose\/","og_site_name":"Official Eleuthera Harbour Island","article_modified_time":"2023-04-11T14:14:48+00:00","og_image":[{"width":1200,"height":800,"url":"https:\/\/officialeleutheraharbourisland.com\/wp-content\/uploads\/2023\/01\/pinksand-1.jpg","type":"image\/jpeg"}],"twitter_card":"summary_large_image","twitter_misc":{"Dur\u00e9e de lecture estim\u00e9e":"1 minute"},"schema":{"@context":"https:\/\/schema.org","@graph":[{"@type":"WebPage","@id":"https:\/\/officialeleutheraharbourisland.com\/fr\/harbour-island\/que-faire\/aller-a-la-plage\/plages-de-sable-rose\/","url":"https:\/\/officialeleutheraharbourisland.com\/fr\/harbour-island\/que-faire\/aller-a-la-plage\/plages-de-sable-rose\/","name":"Plages de sable rose \u00e0 Harbour Island, choses \u00e0 faire \u00e0 Harbour Island.","isPartOf":{"@id":"https:\/\/officialeleutheraharbourisland.com\/#website"},"primaryImageOfPage":{"@id":"https:\/\/officialeleutheraharbourisland.com\/fr\/harbour-island\/que-faire\/aller-a-la-plage\/plages-de-sable-rose\/#primaryimage"},"image":{"@id":"https:\/\/officialeleutheraharbourisland.com\/fr\/harbour-island\/que-faire\/aller-a-la-plage\/plages-de-sable-rose\/#primaryimage"},"thumbnailUrl":"https:\/\/officialeleutheraharbourisland.com\/wp-content\/uploads\/2023\/01\/pinksand-1.jpg","datePublished":"2023-01-24T20:13:11+00:00","dateModified":"2023-04-11T14:14:48+00:00","description":"Official Eleuthera Harbour Island votre guide de vacances vous donne des informations sur les plages de sable rose de Harbour Island, les choses \u00e0 faire aux Bahamas","breadcrumb":{"@id":"https:\/\/officialeleutheraharbourisland.com\/fr\/harbour-island\/que-faire\/aller-a-la-plage\/plages-de-sable-rose\/#breadcrumb"},"inLanguage":"fr-FR","potentialAction":[{"@type":"ReadAction","target":["https:\/\/officialeleutheraharbourisland.com\/fr\/harbour-island\/que-faire\/aller-a-la-plage\/plages-de-sable-rose\/"]}]},{"@type":"ImageObject","inLanguage":"fr-FR","@id":"https:\/\/officialeleutheraharbourisland.com\/fr\/harbour-island\/que-faire\/aller-a-la-plage\/plages-de-sable-rose\/#primaryimage","url":"https:\/\/officialeleutheraharbourisland.com\/wp-content\/uploads\/2023\/01\/pinksand-1.jpg","contentUrl":"https:\/\/officialeleutheraharbourisland.com\/wp-content\/uploads\/2023\/01\/pinksand-1.jpg","width":1200,"height":800},{"@type":"BreadcrumbList","@id":"https:\/\/officialeleutheraharbourisland.com\/fr\/harbour-island\/que-faire\/aller-a-la-plage\/plages-de-sable-rose\/#breadcrumb","itemListElement":[{"@type":"ListItem","position":1,"name":"Home","item":"https:\/\/officialeleutheraharbourisland.com\/fr\/"},{"@type":"ListItem","position":2,"name":"HARBOUR ISLAND","item":"https:\/\/officialeleutheraharbourisland.com\/fr\/harbour-island\/"},{"@type":"ListItem","position":3,"name":"QUE FAIRE","item":"https:\/\/officialeleutheraharbourisland.com\/fr\/harbour-island\/que-faire\/"},{"@type":"ListItem","position":4,"name":"Aller \u00e0 la plage","item":"https:\/\/officialeleutheraharbourisland.com\/fr\/harbour-island\/que-faire\/aller-a-la-plage\/"},{"@type":"ListItem","position":5,"name":"Plages de sable rose"}]},{"@type":"WebSite","@id":"https:\/\/officialeleutheraharbourisland.com\/#website","url":"https:\/\/officialeleutheraharbourisland.com\/","name":"Official Eleuthera Harbour Island","description":"Where Beauty &amp; Nature Meet","publisher":{"@id":"https:\/\/officialeleutheraharbourisland.com\/#organization"},"potentialAction":[{"@type":"SearchAction","target":{"@type":"EntryPoint","urlTemplate":"https:\/\/officialeleutheraharbourisland.com\/?s={search_term_string}"},"query-input":{"@type":"PropertyValueSpecification","valueRequired":true,"valueName":"search_term_string"}}],"inLanguage":"fr-FR"},{"@type":"Organization","@id":"https:\/\/officialeleutheraharbourisland.com\/#organization","name":"Official Eleuthera Harbour Island","url":"https:\/\/officialeleutheraharbourisland.com\/","logo":{"@type":"ImageObject","inLanguage":"fr-FR","@id":"https:\/\/officialeleutheraharbourisland.com\/#\/schema\/logo\/image\/","url":"https:\/\/officialeleutheraharbourisland.com\/wp-content\/uploads\/2022\/03\/logo-new-GREY-275.png","contentUrl":"https:\/\/officialeleutheraharbourisland.com\/wp-content\/uploads\/2022\/03\/logo-new-GREY-275.png","width":275,"height":22,"caption":"Official Eleuthera Harbour Island"},"image":{"@id":"https:\/\/officialeleutheraharbourisland.com\/#\/schema\/logo\/image\/"}}]}},"jetpack_sharing_enabled":true,"_links":{"self":[{"href":"https:\/\/officialeleutheraharbourisland.com\/fr\/wp-json\/wp\/v2\/pages\/74748","targetHints":{"allow":["GET"]}}],"collection":[{"href":"https:\/\/officialeleutheraharbourisland.com\/fr\/wp-json\/wp\/v2\/pages"}],"about":[{"href":"https:\/\/officialeleutheraharbourisland.com\/fr\/wp-json\/wp\/v2\/types\/page"}],"author":[{"embeddable":true,"href":"https:\/\/officialeleutheraharbourisland.com\/fr\/wp-json\/wp\/v2\/users\/1"}],"replies":[{"embeddable":true,"href":"https:\/\/officialeleutheraharbourisland.com\/fr\/wp-json\/wp\/v2\/comments?post=74748"}],"version-history":[{"count":2,"href":"https:\/\/officialeleutheraharbourisland.com\/fr\/wp-json\/wp\/v2\/pages\/74748\/revisions"}],"predecessor-version":[{"id":74754,"href":"https:\/\/officialeleutheraharbourisland.com\/fr\/wp-json\/wp\/v2\/pages\/74748\/revisions\/74754"}],"up":[{"embeddable":true,"href":"https:\/\/officialeleutheraharbourisland.com\/fr\/wp-json\/wp\/v2\/pages\/74708"}],"wp:featuredmedia":[{"embeddable":true,"href":"https:\/\/officialeleutheraharbourisland.com\/fr\/wp-json\/wp\/v2\/media\/71837"}],"wp:attachment":[{"href":"https:\/\/officialeleutheraharbourisland.com\/fr\/wp-json\/wp\/v2\/media?parent=74748"}],"wp:term":[{"taxonomy":"category","embeddable":true,"href":"https:\/\/officialeleutheraharbourisland.com\/fr\/wp-json\/wp\/v2\/categories?post=74748"},{"taxonomy":"post_tag","embeddable":true,"href":"https:\/\/officialeleutheraharbourisland.com\/fr\/wp-json\/wp\/v2\/tags?post=74748"}],"curies":[{"name":"wp","href":"https:\/\/api.w.org\/{rel}","templated":true}]}}