{"id":74805,"date":"2023-02-15T10:49:33","date_gmt":"2023-02-15T10:49:33","guid":{"rendered":"https:\/\/officialeleutheraharbourisland.com\/harbour-island\/que-faire\/kids-activities\/"},"modified":"2023-04-12T14:45:32","modified_gmt":"2023-04-12T14:45:32","slug":"activites-pour-enfants","status":"publish","type":"page","link":"https:\/\/officialeleutheraharbourisland.com\/fr\/harbour-island\/que-faire\/activites-pour-enfants\/","title":{"rendered":"Activit\u00e9s pour enfants"},"content":{"rendered":"<div class=\"wpb-content-wrapper\"><p>[vc_row css=\u00a0\u00bb.vc_custom_1650996412893{padding-bottom: 50px !important;}\u00a0\u00bb][vc_column]<div id=\"ultimate-heading-571869e27027d3d56\" class=\"uvc-heading ult-adjust-bottom-margin ultimate-heading-571869e27027d3d56 uvc-5792 \" data-hspacer=\"no_spacer\"  data-halign=\"center\" style=\"text-align:center\"><div class=\"uvc-heading-spacer no_spacer\" style=\"top\"><\/div><div class=\"uvc-main-heading ult-responsive\"  data-ultimate-target='.uvc-heading.ultimate-heading-571869e27027d3d56 h2'  data-responsive-json-new='{\"font-size\":\"\",\"line-height\":\"\"}' ><h2 style=\"font-weight:normal;margin-bottom:10px;\">Activit\u00e9s pour enfants \u00e0 Harbour Island<\/h2><\/div><\/div><div class=\"hr-thin style-line accent-border-color\" style=\"width: 100px;border-top-width: 3px;\"><\/div>[vc_column_text css=\u00a0\u00bb.vc_custom_1681310348959{padding-top: 30px !important;}\u00a0\u00bb]<span style=\"font-weight: 400;\">Au lieu d&rsquo;occuper les enfants avec des jouets et des t\u00e9l\u00e9phones portables, faites les participer\u00a0 \u00e0 des activit\u00e9s amusantes et locales ! Explorez les parcs aquatiques, les terrains de jeux et les parcs \u00e0 th\u00e8me. Ils appr\u00e9cieront et apprendront de nouvelles choses sans s&rsquo;ennuyer. Planifiez un merveilleux voyage en famille \u00e0 Harbour Island Bahamas o\u00f9 vous pourrez \u00e9galement trouver des endroits adapt\u00e9s aux enfants.<\/span><\/p>\n<p><span style=\"font-weight: 400;\">Voici une liste des meilleures activit\u00e9s que vous pouvez faire avec vos enfants :<\/span><\/p>\n<ol>\n<li style=\"font-weight: 400;\" aria-level=\"1\"><span style=\"font-weight: 400;\"><strong>Pink Sands Beach<\/strong> &#8211; C&rsquo;est une plage id\u00e9ale pour les enfants. La texture et la propret\u00e9 du sable sont incroyables et l&rsquo;entr\u00e9e dans l&rsquo;oc\u00e9an est progressive, l\u2019eau \u00e9tant peu profonde, c&rsquo;est donc parfait pour les plus jeunes.<\/span><\/li>\n<li style=\"font-weight: 400;\" aria-level=\"1\"><span style=\"font-weight: 400;\"><strong>Conch &amp; Coconut<\/strong> &#8211; Cette soci\u00e9t\u00e9 propose diverses exp\u00e9riences Harbour Island par terre et par mer: visite de la ville de Dunmore, visite des terres d&rsquo;Eleuthera, Briland par mer, chasse sous-marine, p\u00eache en haute mer. Vous pouvez consulter leur site internet ici :\u00a0 <\/span><a href=\"https:\/\/www.conchandcoconut.com\/\"><span style=\"font-weight: 400;\">https:\/\/www.conchandcoconut.com<\/span><\/a><span style=\"font-weight: 400;\"> et les contacter au <\/span><a href=\"https:\/\/www.google.com\/search?q=conch+and+coconut&amp;client=safari&amp;source=hp&amp;ei=N6aDYpu6BIK-a4q7htAL&amp;iflsig=AJiK0e8AAAAAYoO0R3j45JcjBWh78oPZpkLRjDLtJpN0&amp;gs_ssp=eJzj4tVP1zc0LDBOKUvJTjM1YLRSNaiwsDQyNTY3NTFNtTRKs0hMsTKoMDJOMzU0SU02NzKyTEs1sPASTM7PS85QSMxLUUjOB7JLSwDmcBVb&amp;oq=conch+and+coconut&amp;gs_lcp=Cgdnd3Mtd2l6EAEYADIKCC4QxwEQrwEQEzIKCAAQDxAWEB4QEzoLCAAQgAQQsQMQgwE6DgguEIAEELEDEMcBENEDOhEILhCABBCxAxCDARDHARCjAjoFCAAQgAQ6CwguEIAEEMcBEKMCOhEILhCABBCxAxDHARCjAhDUAjoRCC4QgAQQsQMQgwEQxwEQ0QM6CAgAEIAEELEDOg4ILhCABBDHARCjAhDUAjoOCC4QgAQQsQMQxwEQowI6CwguEIAEEMcBEK8BOgsIABCABBCxAxDJAzoFCAAQkgM6CAguEIAEELEDOhEILhCABBCxAxCLAxCfAxCoAzoFCC4QgAQ6CAgAEIAEEIsDOggILhCABBCLAzoLCAAQgAQQsQMQiwM6DgguEIAEEIsDEKgDEJ8DOgcIABCABBAKOgYIABAWEB46BAgAEBM6CAgAEBYQHhATOgoIABAWEAoQHhATUABYkxRg3B1oAHAAeACAAU6IAbcIkgECMTeYAQCgAQG4AQI&amp;sclient=gws-wiz#\"><span style=\"font-weight: 400;\">+1 242-805-2626<\/span><\/a><span style=\"font-weight: 400;\">\u00a0 (ouvert tous les jours de 9h \u00e0 17h).<\/span><\/li>\n<li style=\"font-weight: 400;\" aria-level=\"1\"><span style=\"font-weight: 400;\"><strong>Valentine&rsquo;s Dive Center<\/strong> &#8211; C&rsquo;est le premier centre de plong\u00e9e PADI de la r\u00e9gion. Ils proposent des plong\u00e9es quotidiennes, des excursions de plong\u00e9e avec tuba, des charters priv\u00e9s, des locations de kayak et de paddle board. Voici leur site internet : <\/span><a href=\"https:\/\/www.valentinesdive.com\/\"><span style=\"font-weight: 400;\">https:\/\/www.valentinesdive.com<\/span><\/a><span style=\"font-weight: 400;\">\u00a0 et vous pouvez les contacter par t\u00e9l\u00e9phone au <\/span><a href=\"https:\/\/www.google.com\/search?q=valentine%27s+dive+center&amp;client=safari&amp;ei=Q6aDYsC2PMeelwTS1ZfQCw&amp;ved=0ahUKEwiA5Iv-1Ob3AhVHz4UKHdLqBboQ4dUDCA0&amp;uact=5&amp;oq=valentine%27s+dive+center&amp;gs_lcp=Cgdnd3Mtd2l6EAMyCgguEMcBEK8BEBMyBAgAEBMyBAgAEBMyBAgAEBMyCAgAEBYQHhATOg4ILhCABBCxAxDHARCjAjoRCC4QgAQQsQMQgwEQxwEQ0QM6CAgAEIAEELEDOggIABCxAxCDAToOCC4QgAQQsQMQxwEQ0QM6BQguEIAEOgUIABCABDoICC4QgAQQsQM6CAguEIAEENQCOgsIABCABBCxAxCDAToLCC4QgAQQsQMQ1AI6BwguELEDEEM6FAguEIAEELEDEIMBEMcBENEDENQCOhEILhCABBCxAxDHARCjAhDUAjoICC4QsQMQgwE6CwguEIAEEMcBEK8BOgcILhDUAhBDOgsILhCABBDHARCjAjoLCC4QgAQQsQMQgwE6CQgAEMkDEBYQHjoGCAAQFhAeOgoIABAPEBYQHhATOgoIABAWEAoQHhATSgQIQRgASgQIRhgAUABYqyFg1CVoAHAAeACAAXSIAf8MkgEEMjIuMZgBAKABAcABAQ&amp;sclient=gws-wiz#\"><span style=\"font-weight: 400;\">+1 242-333-2080<\/span><\/a><span style=\"font-weight: 400;\">\u00a0 (ouvert tous les jours de 8h \u00e0 17h).<\/span><\/li>\n<li style=\"font-weight: 400;\" aria-level=\"1\"><span style=\"font-weight: 400;\"><strong>Eleuthera Sailing Adventures<\/strong> &#8211; Profitez d&rsquo;une journ\u00e9e de snorkeling, de voile, de promenades sur la plage et de d\u00e9tente avec vos enfants \u00e0 Eleuthera Sailing Adventures. Vous pouvez consulter leur site Web ici : <\/span><a href=\"http:\/\/www.saileleuthera.com\/\"><span style=\"font-weight: 400;\">http:\/\/www.saileleuthera.com<\/span><\/a><span style=\"font-weight: 400;\"> et les contacter par t\u00e9l\u00e9phone au <\/span><a href=\"https:\/\/www.google.com\/search?q=eleuthera+sailing+adventures&amp;client=safari&amp;ei=JaeDYuKNBoGCapCUqNAL&amp;ved=0ahUKEwiitLfp1eb3AhUBgRoKHRAKCroQ4dUDCA0&amp;uact=5&amp;oq=eleuthera+sailing+adventures&amp;gs_lcp=Cgdnd3Mtd2l6EAMyBAgAEBM6CAguELEDEIMBOgsIABCABBCxAxCDAToOCC4QgAQQsQMQxwEQowI6BQgAEIAEOggIABCABBCxAzoRCC4QgAQQsQMQgwEQxwEQ0QM6CwguEIAEEMcBEK8BOgQIABBDOggIABCxAxCDAToFCC4QgAQ6CwguEIAEELEDEIMBOgsILhCABBCxAxDUAjoECC4QQzoICC4QgAQQ1AI6CAguEIAEELEDOgoILhDHARCvARBDOgYIABAWEB46CQgAEMkDEBYQHjoKCC4QxwEQrwEQEzoICAAQFhAeEBM6CwgAEMkDEBYQHhATOgwIABAPEBYQChAeEBM6CggAEA8QFhAeEBNKBAhBGABKBAhGGABQAFiALmDOL2gCcAB4AIABnAGIAf4PkgEEMjYuMpgBAKABAcABAQ&amp;sclient=gws-wiz#\"><span style=\"font-weight: 400;\">+1 242-475-3741<\/span><\/a><span style=\"font-weight: 400;\">\u00a0 (ouvert 24h\/24 et 7j\/7).<\/span><\/li>\n<li style=\"font-weight: 400;\" aria-level=\"1\"><span style=\"font-weight: 400;\"><strong>Master Watersports<\/strong> \u2013 Vous voulez passer une super journ\u00e9e avec toute la famille? Ne cherchez pas plus loin que Master Watersports floating park \u00e0 Harbour Island, Bahamas!Ce parc flottant vous garantie des moments inoubliables baign\u00e9s de soleil, au bord de l\u2019eau\u00a0 +12425546847<\/span><span style=\"font-weight: 400;\"><br \/>\n<\/span><span style=\"font-weight: 400;\">masterwatersports@gmail.com <\/span><a href=\"https:\/\/masterwatersports.business.site\/?utm_source=gmb&amp;utm_medium=referral\"><span style=\"font-weight: 400;\">https:\/\/masterwatersports.business.site\/?utm_source=gmb&amp;utm_medium=referral<\/span><\/a><\/li>\n<li style=\"font-weight: 400;\" aria-level=\"1\"><strong>Location de voiturettes de golf Dunmore<\/strong> \u2013 Explorez Harbour Island avec vos enfants en voiturette de golf. Consultez ce site Web: <a href=\"https:\/\/dunmorerentals.com\/\">https:\/\/dunmorerentals.com<\/a>\u00a0 et contactez-les par t\u00e9l\u00e9phone au <a href=\"https:\/\/www.google.com\/search?q=dunmore+rental+golf+carts&amp;client=safari&amp;ei=36iDYvClLtXGlwTqrZHICw&amp;ved=0ahUKEwiwkcG81-b3AhVV44UKHepWBLkQ4dUDCA0&amp;uact=5&amp;oq=dunmore+rental+golf+carts&amp;gs_lcp=Cgdnd3Mtd2l6EAMyCgguEMcBEK8BEBM6CAgAEIAEELEDOg4ILhCABBCxAxDHARDRAzoOCC4QgAQQsQMQxwEQowI6BQgAEIAEOg4ILhCABBCxAxDHARCvAToJCAAQQxBGEP8BOgQIABBDOgYIABAKEEM6BwgAELEDEEM6CwguEIAEELEDENQCOgUILhCABDoQCC4QsQMQxwEQowIQyQMQQzoECC4QQzoHCC4QsQMQQzoICAAQgAQQyQM6CwguEIAEEMcBEK8BOgQIABATOgcILhDUAhATOgsIABDJAxAWEB4QEzoICAAQFhAeEBM6CggAEA8QFhAeEBM6BggAEBYQHjoJCAAQyQMQFhAeOggIABAPEBYQHjoFCCEQoAE6CAghEBYQHRAeOgoIABAIEA0QHhATSgQIQRgASgQIRhgAUABYg4cFYKqJBWgBcAF4AIABqQGIAcMQkgEEMjEuNZgBAKABAcABAQ&amp;sclient=gws-wiz#\">+1 242-333-2372<\/a><\/li>\n<\/ol>\n<p>[\/vc_column_text][\/vc_column][\/vc_row][vc_row css=\u00a0\u00bb.vc_custom_1650996499970{padding-bottom: 50px !important;}\u00a0\u00bb][vc_column]<style type=\"text\/css\" data-type=\"the7_shortcodes-inline-css\">.shortcode-single-image-wrap.shortcode-single-image-09b72b57d13d6bb46f20d3d3b25835cc.enable-bg-rollover .rollover i,\n.shortcode-single-image-wrap.shortcode-single-image-09b72b57d13d6bb46f20d3d3b25835cc.enable-bg-rollover .rollover-video i {\n  background: -webkit-linear-gradient();\n  background: linear-gradient();\n}\n.shortcode-single-image-wrap.shortcode-single-image-09b72b57d13d6bb46f20d3d3b25835cc .rollover-icon {\n  font-size: 32px;\n  color: #ffffff;\n  min-width: 44px;\n  min-height: 44px;\n  line-height: 44px;\n  border-radius: 100px;\n  border-style: solid;\n  border-width: 0px;\n}\n.dt-icon-bg-on.shortcode-single-image-wrap.shortcode-single-image-09b72b57d13d6bb46f20d3d3b25835cc .rollover-icon {\n  background: rgba(255,255,255,0.3);\n  box-shadow: none;\n}\n<\/style><div class=\"shortcode-single-image-wrap shortcode-single-image-09b72b57d13d6bb46f20d3d3b25835cc alignnone  enable-bg-rollover dt-icon-bg-off\" style=\"margin-top:0px; margin-bottom:0px; margin-left:0px; margin-right:0px; width:800px;\" data-pretty-share=\"facebook,twitter,pinterest,linkedin\"><div class=\"shortcode-single-image\"><div class=\"fancy-media-wrap  layzr-bg\" style=\"\"><img fetchpriority=\"high\" decoding=\"async\" class=\"preload-me lazy-load aspect\" src=\"data:image\/svg+xml,%3Csvg%20xmlns%3D&#39;http%3A%2F%2Fwww.w3.org%2F2000%2Fsvg&#39;%20viewBox%3D&#39;0%200%20800%20400&#39;%2F%3E\" data-src=\"https:\/\/officialeleutheraharbourisland.com\/wp-content\/uploads\/2022\/04\/girl-ga1c6c2daa_1920-800x400.jpg\" data-srcset=\"https:\/\/officialeleutheraharbourisland.com\/wp-content\/uploads\/2022\/04\/girl-ga1c6c2daa_1920-800x400.jpg 800w, https:\/\/officialeleutheraharbourisland.com\/wp-content\/uploads\/2022\/04\/girl-ga1c6c2daa_1920-1600x800.jpg 1600w\" loading=\"eager\" sizes=\"(max-width: 800px) 100vw, 800px\" width=\"800\" height=\"400\"  data-dt-location=\"https:\/\/officialeleutheraharbourisland.com\/fr\/girl-ga1c6c2daa_1920\/\" style=\"--ratio: 800 \/ 400;\" alt=\"Kids activities Harbour Island\" \/><\/div><\/div><\/div>[\/vc_column][\/vc_row][vc_row][vc_column][vc_separator css=\u00a0\u00bb.vc_custom_1676493606732{margin-top: 30px !important;border-bottom-width: 30px !important;}\u00a0\u00bb][\/vc_column][\/vc_row]<\/p>\n<\/div>","protected":false},"excerpt":{"rendered":"<p>[vc_row css=\u00a0\u00bb.vc_custom_1650996412893{padding-bottom: 50px !important;}\u00a0\u00bb][vc_column][vc_column_text css=\u00a0\u00bb.vc_custom_1681310348959{padding-top: 30px !important;}\u00a0\u00bb]Au lieu d&rsquo;occuper les enfants avec des jouets et des t\u00e9l\u00e9phones portables, faites les participer\u00a0 \u00e0 des activit\u00e9s amusantes et locales ! Explorez les parcs aquatiques, les terrains de jeux et les parcs \u00e0 th\u00e8me. Ils appr\u00e9cieront et apprendront de nouvelles choses sans s&rsquo;ennuyer. Planifiez un merveilleux voyage en&hellip;<\/p>\n","protected":false},"author":3,"featured_media":62106,"parent":74576,"menu_order":0,"comment_status":"closed","ping_status":"closed","template":"","meta":{"footnotes":""},"categories":[],"tags":[1190],"class_list":["post-74805","page","type-page","status-publish","has-post-thumbnail","hentry","tag-things-to-do-harbour-island-fr-2","description-off"],"yoast_head":"<!-- This site is optimized with the Yoast SEO Premium plugin v25.2 (Yoast SEO v27.4) - https:\/\/yoast.com\/product\/yoast-seo-premium-wordpress\/ -->\n<title>Activit\u00e9s pour enfants \u00e0 Harbour Island. Choses \u00e0 faire \u00e0 Harbour Island<\/title>\n<meta name=\"description\" content=\"Official Eleuthera Harbour Island votre guide de vacances de Harbour Island, des partages sur les activit\u00e9s des enfants. Choses \u00e0 faire \u00e0 Harbour Island.\" \/>\n<meta name=\"robots\" content=\"index, follow, max-snippet:-1, max-image-preview:large, max-video-preview:-1\" \/>\n<link rel=\"canonical\" href=\"https:\/\/officialeleutheraharbourisland.com\/fr\/harbour-island\/que-faire\/activites-pour-enfants\/\" \/>\n<meta property=\"og:locale\" content=\"fr_FR\" \/>\n<meta property=\"og:type\" content=\"article\" \/>\n<meta property=\"og:title\" content=\"Activit\u00e9s pour enfants\" \/>\n<meta property=\"og:description\" content=\"Official Eleuthera Harbour Island votre guide de vacances de Harbour Island, des partages sur les activit\u00e9s des enfants. Choses \u00e0 faire \u00e0 Harbour Island.\" \/>\n<meta property=\"og:url\" content=\"https:\/\/officialeleutheraharbourisland.com\/fr\/harbour-island\/que-faire\/activites-pour-enfants\/\" \/>\n<meta property=\"og:site_name\" content=\"Official Eleuthera Harbour Island\" \/>\n<meta property=\"article:modified_time\" content=\"2023-04-12T14:45:32+00:00\" \/>\n<meta property=\"og:image\" content=\"https:\/\/officialeleutheraharbourisland.com\/wp-content\/uploads\/2022\/04\/girl-ga1c6c2daa_1920.jpg\" \/>\n\t<meta property=\"og:image:width\" content=\"1920\" \/>\n\t<meta property=\"og:image:height\" content=\"1280\" \/>\n\t<meta property=\"og:image:type\" content=\"image\/jpeg\" \/>\n<meta name=\"twitter:card\" content=\"summary_large_image\" \/>\n<meta name=\"twitter:label1\" content=\"Dur\u00e9e de lecture estim\u00e9e\" \/>\n\t<meta name=\"twitter:data1\" content=\"2 minutes\" \/>\n<script type=\"application\/ld+json\" class=\"yoast-schema-graph\">{\"@context\":\"https:\\\/\\\/schema.org\",\"@graph\":[{\"@type\":\"WebPage\",\"@id\":\"https:\\\/\\\/officialeleutheraharbourisland.com\\\/fr\\\/harbour-island\\\/que-faire\\\/activites-pour-enfants\\\/\",\"url\":\"https:\\\/\\\/officialeleutheraharbourisland.com\\\/fr\\\/harbour-island\\\/que-faire\\\/activites-pour-enfants\\\/\",\"name\":\"Activit\u00e9s pour enfants \u00e0 Harbour Island. Choses \u00e0 faire \u00e0 Harbour Island\",\"isPartOf\":{\"@id\":\"https:\\\/\\\/officialeleutheraharbourisland.com\\\/#website\"},\"primaryImageOfPage\":{\"@id\":\"https:\\\/\\\/officialeleutheraharbourisland.com\\\/fr\\\/harbour-island\\\/que-faire\\\/activites-pour-enfants\\\/#primaryimage\"},\"image\":{\"@id\":\"https:\\\/\\\/officialeleutheraharbourisland.com\\\/fr\\\/harbour-island\\\/que-faire\\\/activites-pour-enfants\\\/#primaryimage\"},\"thumbnailUrl\":\"https:\\\/\\\/officialeleutheraharbourisland.com\\\/wp-content\\\/uploads\\\/2022\\\/04\\\/girl-ga1c6c2daa_1920.jpg\",\"datePublished\":\"2023-02-15T10:49:33+00:00\",\"dateModified\":\"2023-04-12T14:45:32+00:00\",\"description\":\"Official Eleuthera Harbour Island votre guide de vacances de Harbour Island, des partages sur les activit\u00e9s des enfants. Choses \u00e0 faire \u00e0 Harbour Island.\",\"breadcrumb\":{\"@id\":\"https:\\\/\\\/officialeleutheraharbourisland.com\\\/fr\\\/harbour-island\\\/que-faire\\\/activites-pour-enfants\\\/#breadcrumb\"},\"inLanguage\":\"fr-FR\",\"potentialAction\":[{\"@type\":\"ReadAction\",\"target\":[\"https:\\\/\\\/officialeleutheraharbourisland.com\\\/fr\\\/harbour-island\\\/que-faire\\\/activites-pour-enfants\\\/\"]}]},{\"@type\":\"ImageObject\",\"inLanguage\":\"fr-FR\",\"@id\":\"https:\\\/\\\/officialeleutheraharbourisland.com\\\/fr\\\/harbour-island\\\/que-faire\\\/activites-pour-enfants\\\/#primaryimage\",\"url\":\"https:\\\/\\\/officialeleutheraharbourisland.com\\\/wp-content\\\/uploads\\\/2022\\\/04\\\/girl-ga1c6c2daa_1920.jpg\",\"contentUrl\":\"https:\\\/\\\/officialeleutheraharbourisland.com\\\/wp-content\\\/uploads\\\/2022\\\/04\\\/girl-ga1c6c2daa_1920.jpg\",\"width\":1920,\"height\":1280},{\"@type\":\"BreadcrumbList\",\"@id\":\"https:\\\/\\\/officialeleutheraharbourisland.com\\\/fr\\\/harbour-island\\\/que-faire\\\/activites-pour-enfants\\\/#breadcrumb\",\"itemListElement\":[{\"@type\":\"ListItem\",\"position\":1,\"name\":\"Home\",\"item\":\"https:\\\/\\\/officialeleutheraharbourisland.com\\\/fr\\\/\"},{\"@type\":\"ListItem\",\"position\":2,\"name\":\"HARBOUR ISLAND\",\"item\":\"https:\\\/\\\/officialeleutheraharbourisland.com\\\/fr\\\/harbour-island\\\/\"},{\"@type\":\"ListItem\",\"position\":3,\"name\":\"QUE FAIRE\",\"item\":\"https:\\\/\\\/officialeleutheraharbourisland.com\\\/fr\\\/harbour-island\\\/que-faire\\\/\"},{\"@type\":\"ListItem\",\"position\":4,\"name\":\"Activit\u00e9s pour enfants\"}]},{\"@type\":\"WebSite\",\"@id\":\"https:\\\/\\\/officialeleutheraharbourisland.com\\\/#website\",\"url\":\"https:\\\/\\\/officialeleutheraharbourisland.com\\\/\",\"name\":\"Official Eleuthera Harbour Island\",\"description\":\"Where Beauty &amp; Nature Meet\",\"publisher\":{\"@id\":\"https:\\\/\\\/officialeleutheraharbourisland.com\\\/#organization\"},\"potentialAction\":[{\"@type\":\"SearchAction\",\"target\":{\"@type\":\"EntryPoint\",\"urlTemplate\":\"https:\\\/\\\/officialeleutheraharbourisland.com\\\/?s={search_term_string}\"},\"query-input\":{\"@type\":\"PropertyValueSpecification\",\"valueRequired\":true,\"valueName\":\"search_term_string\"}}],\"inLanguage\":\"fr-FR\"},{\"@type\":\"Organization\",\"@id\":\"https:\\\/\\\/officialeleutheraharbourisland.com\\\/#organization\",\"name\":\"Official Eleuthera Harbour Island\",\"url\":\"https:\\\/\\\/officialeleutheraharbourisland.com\\\/\",\"logo\":{\"@type\":\"ImageObject\",\"inLanguage\":\"fr-FR\",\"@id\":\"https:\\\/\\\/officialeleutheraharbourisland.com\\\/#\\\/schema\\\/logo\\\/image\\\/\",\"url\":\"https:\\\/\\\/officialeleutheraharbourisland.com\\\/wp-content\\\/uploads\\\/2022\\\/03\\\/logo-new-GREY-275.png\",\"contentUrl\":\"https:\\\/\\\/officialeleutheraharbourisland.com\\\/wp-content\\\/uploads\\\/2022\\\/03\\\/logo-new-GREY-275.png\",\"width\":275,\"height\":22,\"caption\":\"Official Eleuthera Harbour Island\"},\"image\":{\"@id\":\"https:\\\/\\\/officialeleutheraharbourisland.com\\\/#\\\/schema\\\/logo\\\/image\\\/\"}}]}<\/script>\n<!-- \/ Yoast SEO Premium plugin. -->","yoast_head_json":{"title":"Activit\u00e9s pour enfants \u00e0 Harbour Island. Choses \u00e0 faire \u00e0 Harbour Island","description":"Official Eleuthera Harbour Island votre guide de vacances de Harbour Island, des partages sur les activit\u00e9s des enfants. Choses \u00e0 faire \u00e0 Harbour Island.","robots":{"index":"index","follow":"follow","max-snippet":"max-snippet:-1","max-image-preview":"max-image-preview:large","max-video-preview":"max-video-preview:-1"},"canonical":"https:\/\/officialeleutheraharbourisland.com\/fr\/harbour-island\/que-faire\/activites-pour-enfants\/","og_locale":"fr_FR","og_type":"article","og_title":"Activit\u00e9s pour enfants","og_description":"Official Eleuthera Harbour Island votre guide de vacances de Harbour Island, des partages sur les activit\u00e9s des enfants. Choses \u00e0 faire \u00e0 Harbour Island.","og_url":"https:\/\/officialeleutheraharbourisland.com\/fr\/harbour-island\/que-faire\/activites-pour-enfants\/","og_site_name":"Official Eleuthera Harbour Island","article_modified_time":"2023-04-12T14:45:32+00:00","og_image":[{"width":1920,"height":1280,"url":"https:\/\/officialeleutheraharbourisland.com\/wp-content\/uploads\/2022\/04\/girl-ga1c6c2daa_1920.jpg","type":"image\/jpeg"}],"twitter_card":"summary_large_image","twitter_misc":{"Dur\u00e9e de lecture estim\u00e9e":"2 minutes"},"schema":{"@context":"https:\/\/schema.org","@graph":[{"@type":"WebPage","@id":"https:\/\/officialeleutheraharbourisland.com\/fr\/harbour-island\/que-faire\/activites-pour-enfants\/","url":"https:\/\/officialeleutheraharbourisland.com\/fr\/harbour-island\/que-faire\/activites-pour-enfants\/","name":"Activit\u00e9s pour enfants \u00e0 Harbour Island. Choses \u00e0 faire \u00e0 Harbour Island","isPartOf":{"@id":"https:\/\/officialeleutheraharbourisland.com\/#website"},"primaryImageOfPage":{"@id":"https:\/\/officialeleutheraharbourisland.com\/fr\/harbour-island\/que-faire\/activites-pour-enfants\/#primaryimage"},"image":{"@id":"https:\/\/officialeleutheraharbourisland.com\/fr\/harbour-island\/que-faire\/activites-pour-enfants\/#primaryimage"},"thumbnailUrl":"https:\/\/officialeleutheraharbourisland.com\/wp-content\/uploads\/2022\/04\/girl-ga1c6c2daa_1920.jpg","datePublished":"2023-02-15T10:49:33+00:00","dateModified":"2023-04-12T14:45:32+00:00","description":"Official Eleuthera Harbour Island votre guide de vacances de Harbour Island, des partages sur les activit\u00e9s des enfants. Choses \u00e0 faire \u00e0 Harbour Island.","breadcrumb":{"@id":"https:\/\/officialeleutheraharbourisland.com\/fr\/harbour-island\/que-faire\/activites-pour-enfants\/#breadcrumb"},"inLanguage":"fr-FR","potentialAction":[{"@type":"ReadAction","target":["https:\/\/officialeleutheraharbourisland.com\/fr\/harbour-island\/que-faire\/activites-pour-enfants\/"]}]},{"@type":"ImageObject","inLanguage":"fr-FR","@id":"https:\/\/officialeleutheraharbourisland.com\/fr\/harbour-island\/que-faire\/activites-pour-enfants\/#primaryimage","url":"https:\/\/officialeleutheraharbourisland.com\/wp-content\/uploads\/2022\/04\/girl-ga1c6c2daa_1920.jpg","contentUrl":"https:\/\/officialeleutheraharbourisland.com\/wp-content\/uploads\/2022\/04\/girl-ga1c6c2daa_1920.jpg","width":1920,"height":1280},{"@type":"BreadcrumbList","@id":"https:\/\/officialeleutheraharbourisland.com\/fr\/harbour-island\/que-faire\/activites-pour-enfants\/#breadcrumb","itemListElement":[{"@type":"ListItem","position":1,"name":"Home","item":"https:\/\/officialeleutheraharbourisland.com\/fr\/"},{"@type":"ListItem","position":2,"name":"HARBOUR ISLAND","item":"https:\/\/officialeleutheraharbourisland.com\/fr\/harbour-island\/"},{"@type":"ListItem","position":3,"name":"QUE FAIRE","item":"https:\/\/officialeleutheraharbourisland.com\/fr\/harbour-island\/que-faire\/"},{"@type":"ListItem","position":4,"name":"Activit\u00e9s pour enfants"}]},{"@type":"WebSite","@id":"https:\/\/officialeleutheraharbourisland.com\/#website","url":"https:\/\/officialeleutheraharbourisland.com\/","name":"Official Eleuthera Harbour Island","description":"Where Beauty &amp; Nature Meet","publisher":{"@id":"https:\/\/officialeleutheraharbourisland.com\/#organization"},"potentialAction":[{"@type":"SearchAction","target":{"@type":"EntryPoint","urlTemplate":"https:\/\/officialeleutheraharbourisland.com\/?s={search_term_string}"},"query-input":{"@type":"PropertyValueSpecification","valueRequired":true,"valueName":"search_term_string"}}],"inLanguage":"fr-FR"},{"@type":"Organization","@id":"https:\/\/officialeleutheraharbourisland.com\/#organization","name":"Official Eleuthera Harbour Island","url":"https:\/\/officialeleutheraharbourisland.com\/","logo":{"@type":"ImageObject","inLanguage":"fr-FR","@id":"https:\/\/officialeleutheraharbourisland.com\/#\/schema\/logo\/image\/","url":"https:\/\/officialeleutheraharbourisland.com\/wp-content\/uploads\/2022\/03\/logo-new-GREY-275.png","contentUrl":"https:\/\/officialeleutheraharbourisland.com\/wp-content\/uploads\/2022\/03\/logo-new-GREY-275.png","width":275,"height":22,"caption":"Official Eleuthera Harbour Island"},"image":{"@id":"https:\/\/officialeleutheraharbourisland.com\/#\/schema\/logo\/image\/"}}]}},"jetpack_sharing_enabled":true,"_links":{"self":[{"href":"https:\/\/officialeleutheraharbourisland.com\/fr\/wp-json\/wp\/v2\/pages\/74805","targetHints":{"allow":["GET"]}}],"collection":[{"href":"https:\/\/officialeleutheraharbourisland.com\/fr\/wp-json\/wp\/v2\/pages"}],"about":[{"href":"https:\/\/officialeleutheraharbourisland.com\/fr\/wp-json\/wp\/v2\/types\/page"}],"author":[{"embeddable":true,"href":"https:\/\/officialeleutheraharbourisland.com\/fr\/wp-json\/wp\/v2\/users\/3"}],"replies":[{"embeddable":true,"href":"https:\/\/officialeleutheraharbourisland.com\/fr\/wp-json\/wp\/v2\/comments?post=74805"}],"version-history":[{"count":3,"href":"https:\/\/officialeleutheraharbourisland.com\/fr\/wp-json\/wp\/v2\/pages\/74805\/revisions"}],"predecessor-version":[{"id":74809,"href":"https:\/\/officialeleutheraharbourisland.com\/fr\/wp-json\/wp\/v2\/pages\/74805\/revisions\/74809"}],"up":[{"embeddable":true,"href":"https:\/\/officialeleutheraharbourisland.com\/fr\/wp-json\/wp\/v2\/pages\/74576"}],"wp:featuredmedia":[{"embeddable":true,"href":"https:\/\/officialeleutheraharbourisland.com\/fr\/wp-json\/wp\/v2\/media\/62106"}],"wp:attachment":[{"href":"https:\/\/officialeleutheraharbourisland.com\/fr\/wp-json\/wp\/v2\/media?parent=74805"}],"wp:term":[{"taxonomy":"category","embeddable":true,"href":"https:\/\/officialeleutheraharbourisland.com\/fr\/wp-json\/wp\/v2\/categories?post=74805"},{"taxonomy":"post_tag","embeddable":true,"href":"https:\/\/officialeleutheraharbourisland.com\/fr\/wp-json\/wp\/v2\/tags?post=74805"}],"curies":[{"name":"wp","href":"https:\/\/api.w.org\/{rel}","templated":true}]}}