{"id":74842,"date":"2023-01-24T20:13:11","date_gmt":"2023-01-24T20:13:11","guid":{"rendered":"https:\/\/officialeleutheraharbourisland.com\/harbour-island\/que-voir\/voir-autour-de-harbour-island\/visit-swimming-pigs\/"},"modified":"2023-04-12T19:06:54","modified_gmt":"2023-04-12T19:06:54","slug":"les-cochons-nageurs","status":"publish","type":"page","link":"https:\/\/officialeleutheraharbourisland.com\/fr\/harbour-island\/que-voir\/voir-autour-de-harbour-island\/les-cochons-nageurs\/","title":{"rendered":"Les cochons nageurs"},"content":{"rendered":"<div class=\"wpb-content-wrapper\"><p>[vc_row css=\u00a0\u00bb.vc_custom_1650996412893{padding-bottom: 50px !important;}\u00a0\u00bb][vc_column]<div id=\"ultimate-heading-971069e2e6e571eef\" class=\"uvc-heading ult-adjust-bottom-margin ultimate-heading-971069e2e6e571eef uvc-7331 \" data-hspacer=\"no_spacer\"  data-halign=\"center\" style=\"text-align:center\"><div class=\"uvc-heading-spacer no_spacer\" style=\"top\"><\/div><div class=\"uvc-main-heading ult-responsive\"  data-ultimate-target='.uvc-heading.ultimate-heading-971069e2e6e571eef h2'  data-responsive-json-new='{\"font-size\":\"\",\"line-height\":\"\"}' ><h2 style=\"font-weight:normal;margin-bottom:10px;\">Les cochons nageurs<\/h2><\/div><\/div><div class=\"hr-thin style-line accent-border-color\" style=\"width: 100px;border-top-width: 3px;\"><\/div>[vc_column_text css=\u00a0\u00bb.vc_custom_1681326333792{padding-top: 30px !important;}\u00a0\u00bb]<span style=\"font-weight: 400;\">Si \u00ab\u00a0nager avec les cochons\u00a0\u00bb est sur votre liste de choses \u00e0 faire, pr\u00e9parez-vous \u00a0!<\/span><\/p>\n<p><span style=\"font-weight: 400;\">L&rsquo;origine exacte des cochons\u00a0 aux Bahamas n&rsquo;est pas claire, mais on pense qu&rsquo;ils ont \u00e9t\u00e9 initialement amen\u00e9s sur les \u00eeles par des marins qui avaient l&rsquo;intention de les consommer durant leur exp\u00e9dition.Mais , les marins ne sont jamais revenus et les cochons ont \u00e9t\u00e9 laiss\u00e9s livr\u00e9s \u00e0 eux-m\u00eames.<\/span><\/p>\n<p><span style=\"font-weight: 400;\">Au fil du temps, les cochons se sont adapt\u00e9s \u00e0 leur environnement et ont appris \u00e0 nager, devenant une attraction unique pour les touristes.<\/span><\/p>\n<p><span style=\"font-weight: 400;\">Bien qu&rsquo;il n&rsquo;y ait pas de cochons nageurs sur Harbour Island, vous pouvez faire une courte excursion en bateau jusqu&rsquo;\u00e0 l&rsquo;\u00eele voisine de Spanish Wells pour visiter les c\u00e9l\u00e8bres cochons nageurs. L&rsquo;\u00eele abrite une importante population de porcs. Vous pouvez faire une excursion en bateau de Harbour Island \u00e0 Spanish Wells, o\u00f9 vous pourrez voir les cochons de pr\u00e8s et leur donner des friandises. Ces animaux amicaux et adorables sont devenus une attraction populaire pour les visiteurs des Bahamas, et l&rsquo;exp\u00e9rience de nager avec eux est vraiment unique en son genre.<\/span><\/p>\n<p><span style=\"font-weight: 400;\">Gardez \u00e0 l&rsquo;esprit que m\u00eame si rendre visite aux cochons peut \u00eatre tr\u00e8s amusant, il est important de respecter leur environnement et de les garder en bonne sant\u00e9. Assurez-vous de suivre les directives fournies par votre guide et les autorit\u00e9s locales de conservation pour vous assurer que les cochons sont trait\u00e9s avec soin et que leur habitat est prot\u00e9g\u00e9.<\/span>[\/vc_column_text][\/vc_column][\/vc_row][vc_row css=\u00a0\u00bb.vc_custom_1650996499970{padding-bottom: 50px !important;}\u00a0\u00bb][vc_column]<style type=\"text\/css\" data-type=\"the7_shortcodes-inline-css\">.shortcode-single-image-wrap.shortcode-single-image-f01991c1400752a90fbfdead9c7ab4b5.enable-bg-rollover .rollover i,\n.shortcode-single-image-wrap.shortcode-single-image-f01991c1400752a90fbfdead9c7ab4b5.enable-bg-rollover .rollover-video i {\n  background: -webkit-linear-gradient();\n  background: linear-gradient();\n}\n.shortcode-single-image-wrap.shortcode-single-image-f01991c1400752a90fbfdead9c7ab4b5 .rollover-icon {\n  font-size: 32px;\n  color: #ffffff;\n  min-width: 44px;\n  min-height: 44px;\n  line-height: 44px;\n  border-radius: 100px;\n  border-style: solid;\n  border-width: 0px;\n}\n.dt-icon-bg-on.shortcode-single-image-wrap.shortcode-single-image-f01991c1400752a90fbfdead9c7ab4b5 .rollover-icon {\n  background: rgba(255,255,255,0.3);\n  box-shadow: none;\n}\n<\/style><div class=\"shortcode-single-image-wrap shortcode-single-image-f01991c1400752a90fbfdead9c7ab4b5 alignnone  enable-bg-rollover dt-icon-bg-off\" style=\"margin-top:0px; margin-bottom:0px; margin-left:0px; margin-right:0px;\" data-pretty-share=\"facebook,twitter,pinterest,linkedin\"><div class=\"shortcode-single-image\"><div class=\"fancy-media-wrap  layzr-bg\" style=\"\"><img fetchpriority=\"high\" decoding=\"async\" class=\"preload-me lazy-load aspect\" src=\"data:image\/svg+xml,%3Csvg%20xmlns%3D&#39;http%3A%2F%2Fwww.w3.org%2F2000%2Fsvg&#39;%20viewBox%3D&#39;0%200%201000%20667&#39;%2F%3E\" data-src=\"https:\/\/officialeleutheraharbourisland.com\/wp-content\/uploads\/2023\/02\/shutterstock_179472116-jpg.webp\" data-srcset=\"https:\/\/officialeleutheraharbourisland.com\/wp-content\/uploads\/2023\/02\/shutterstock_179472116-jpg.webp 1000w\" loading=\"eager\" sizes=\"(max-width: 1000px) 100vw, 1000px\" width=\"1000\" height=\"667\"  data-dt-location=\"https:\/\/officialeleutheraharbourisland.com\/fr\/harbour-island\/things-to-see\/see-around-harbour-island\/visit-swimming-pigs\/attachment\/shutterstock_179472116\/\" style=\"--ratio: 1000 \/ 667;\" alt=\"pigs harbour island bahamas\" \/><\/div><\/div><\/div>[\/vc_column][\/vc_row][vc_row][vc_column][vc_column_text]<strong>Conch and Coconut<\/strong><br \/>\nDunmore Street et South Street, Dunmore Town, Bahamas<br \/>\n+1 (242) 805-2626 ou 1 (888) 994-9494<br \/>\n<a href=\"https:\/\/www.conchandcoconut.com\" target=\"_blank\" rel=\"noopener\">https:\/\/www.conchandcoconut.com<\/a><\/p>\n<p><strong>Valentine&rsquo;s Dive Center <\/strong><br \/>\nBay Street, Harbour Island, Bahamas<br \/>\ndive@valentinesdive.com<br \/>\n<a href=\"https:\/\/www.valentinesdive.com\/\" target=\"_blank\" rel=\"noopener\">https:\/\/www.valentinesdive.com\/ <\/a><\/p>\n<p><strong>Captain Kid Tour<\/strong><br \/>\n14th street, Spanish Wells, Bahamas<br \/>\n+12425577351<br \/>\njodypinder@gmail.com<br \/>\n<a href=\"https:\/\/www.captainkidtours.com\" target=\"_blank\" rel=\"noopener\">https:\/\/www.captainkidtours.com<\/a><\/p>\n<p><strong>Pig Beach Bahamas Tours<\/strong><br \/>\nDunmore Street, Dunmore, Bahamas<br \/>\n+1 242-422-9999<br \/>\n<a href=\"https:\/\/www.instagram.com\/pigbeachbahamastours\/?hl=en\" target=\"_blank\" rel=\"noopener\">https:\/\/www.instagram.com\/pigbeachbahamastours\/?hl=en<\/a><br \/>\n[\/vc_column_text][vc_separator css=\u00a0\u00bb.vc_custom_1676907368432{padding-top: 30px !important;padding-bottom: 30px !important;}\u00a0\u00bb][\/vc_column][\/vc_row]<\/p>\n<\/div>","protected":false},"excerpt":{"rendered":"<p>[vc_row css=\u00a0\u00bb.vc_custom_1650996412893{padding-bottom: 50px !important;}\u00a0\u00bb][vc_column][vc_column_text css=\u00a0\u00bb.vc_custom_1681326333792{padding-top: 30px !important;}\u00a0\u00bb]Si \u00ab\u00a0nager avec les cochons\u00a0\u00bb est sur votre liste de choses \u00e0 faire, pr\u00e9parez-vous \u00a0! L&rsquo;origine exacte des cochons\u00a0 aux Bahamas n&rsquo;est pas claire, mais on pense qu&rsquo;ils ont \u00e9t\u00e9 initialement amen\u00e9s sur les \u00eeles par des marins qui avaient l&rsquo;intention de les consommer durant leur exp\u00e9dition.Mais , les&hellip;<\/p>\n","protected":false},"author":1,"featured_media":73961,"parent":74823,"menu_order":0,"comment_status":"closed","ping_status":"closed","template":"","meta":{"footnotes":""},"categories":[],"tags":[1223],"class_list":["post-74842","page","type-page","status-publish","has-post-thumbnail","hentry","tag-see-around-harbour-island-fr-2","description-off"],"yoast_head":"<!-- This site is optimized with the Yoast SEO Premium plugin v25.2 (Yoast SEO v27.4) - https:\/\/yoast.com\/product\/yoast-seo-premium-wordpress\/ -->\n<title>Les cochons nageurs \u00e0 Harbour Island, aux Bahamas. Choses \u00e0 voir.<\/title>\n<meta name=\"description\" content=\"Official Eleuthera Harbour Island votre guide touristique vous donne des informations sur les cochons nageurs \u00e0 Harbour Island, aux Bahamas. Choses \u00e0 voir.\" \/>\n<meta name=\"robots\" content=\"index, follow, max-snippet:-1, max-image-preview:large, max-video-preview:-1\" \/>\n<link rel=\"canonical\" href=\"https:\/\/officialeleutheraharbourisland.com\/fr\/harbour-island\/que-voir\/voir-autour-de-harbour-island\/les-cochons-nageurs\/\" \/>\n<meta property=\"og:locale\" content=\"fr_FR\" \/>\n<meta property=\"og:type\" content=\"article\" \/>\n<meta property=\"og:title\" content=\"Les cochons nageurs\" \/>\n<meta property=\"og:description\" content=\"Official Eleuthera Harbour Island votre guide touristique vous donne des informations sur les cochons nageurs \u00e0 Harbour Island, aux Bahamas. Choses \u00e0 voir.\" \/>\n<meta property=\"og:url\" content=\"https:\/\/officialeleutheraharbourisland.com\/fr\/harbour-island\/que-voir\/voir-autour-de-harbour-island\/les-cochons-nageurs\/\" \/>\n<meta property=\"og:site_name\" content=\"Official Eleuthera Harbour Island\" \/>\n<meta property=\"article:modified_time\" content=\"2023-04-12T19:06:54+00:00\" \/>\n<meta property=\"og:image\" content=\"https:\/\/officialeleutheraharbourisland.com\/wp-content\/uploads\/2023\/02\/shutterstock_179472116-jpg.webp\" \/>\n\t<meta property=\"og:image:width\" content=\"1000\" \/>\n\t<meta property=\"og:image:height\" content=\"667\" \/>\n\t<meta property=\"og:image:type\" content=\"image\/jpeg\" \/>\n<meta name=\"twitter:card\" content=\"summary_large_image\" \/>\n<meta name=\"twitter:label1\" content=\"Dur\u00e9e de lecture estim\u00e9e\" \/>\n\t<meta name=\"twitter:data1\" content=\"2 minutes\" \/>\n<script type=\"application\/ld+json\" class=\"yoast-schema-graph\">{\"@context\":\"https:\\\/\\\/schema.org\",\"@graph\":[{\"@type\":\"WebPage\",\"@id\":\"https:\\\/\\\/officialeleutheraharbourisland.com\\\/fr\\\/harbour-island\\\/que-voir\\\/voir-autour-de-harbour-island\\\/les-cochons-nageurs\\\/\",\"url\":\"https:\\\/\\\/officialeleutheraharbourisland.com\\\/fr\\\/harbour-island\\\/que-voir\\\/voir-autour-de-harbour-island\\\/les-cochons-nageurs\\\/\",\"name\":\"Les cochons nageurs \u00e0 Harbour Island, aux Bahamas. Choses \u00e0 voir.\",\"isPartOf\":{\"@id\":\"https:\\\/\\\/officialeleutheraharbourisland.com\\\/#website\"},\"primaryImageOfPage\":{\"@id\":\"https:\\\/\\\/officialeleutheraharbourisland.com\\\/fr\\\/harbour-island\\\/que-voir\\\/voir-autour-de-harbour-island\\\/les-cochons-nageurs\\\/#primaryimage\"},\"image\":{\"@id\":\"https:\\\/\\\/officialeleutheraharbourisland.com\\\/fr\\\/harbour-island\\\/que-voir\\\/voir-autour-de-harbour-island\\\/les-cochons-nageurs\\\/#primaryimage\"},\"thumbnailUrl\":\"https:\\\/\\\/officialeleutheraharbourisland.com\\\/wp-content\\\/uploads\\\/2023\\\/02\\\/shutterstock_179472116-jpg.webp\",\"datePublished\":\"2023-01-24T20:13:11+00:00\",\"dateModified\":\"2023-04-12T19:06:54+00:00\",\"description\":\"Official Eleuthera Harbour Island votre guide touristique vous donne des informations sur les cochons nageurs \u00e0 Harbour Island, aux Bahamas. Choses \u00e0 voir.\",\"breadcrumb\":{\"@id\":\"https:\\\/\\\/officialeleutheraharbourisland.com\\\/fr\\\/harbour-island\\\/que-voir\\\/voir-autour-de-harbour-island\\\/les-cochons-nageurs\\\/#breadcrumb\"},\"inLanguage\":\"fr-FR\",\"potentialAction\":[{\"@type\":\"ReadAction\",\"target\":[\"https:\\\/\\\/officialeleutheraharbourisland.com\\\/fr\\\/harbour-island\\\/que-voir\\\/voir-autour-de-harbour-island\\\/les-cochons-nageurs\\\/\"]}]},{\"@type\":\"ImageObject\",\"inLanguage\":\"fr-FR\",\"@id\":\"https:\\\/\\\/officialeleutheraharbourisland.com\\\/fr\\\/harbour-island\\\/que-voir\\\/voir-autour-de-harbour-island\\\/les-cochons-nageurs\\\/#primaryimage\",\"url\":\"https:\\\/\\\/officialeleutheraharbourisland.com\\\/wp-content\\\/uploads\\\/2023\\\/02\\\/shutterstock_179472116-jpg.webp\",\"contentUrl\":\"https:\\\/\\\/officialeleutheraharbourisland.com\\\/wp-content\\\/uploads\\\/2023\\\/02\\\/shutterstock_179472116-jpg.webp\",\"width\":1000,\"height\":667,\"caption\":\"pigs harbour island bahamas\"},{\"@type\":\"BreadcrumbList\",\"@id\":\"https:\\\/\\\/officialeleutheraharbourisland.com\\\/fr\\\/harbour-island\\\/que-voir\\\/voir-autour-de-harbour-island\\\/les-cochons-nageurs\\\/#breadcrumb\",\"itemListElement\":[{\"@type\":\"ListItem\",\"position\":1,\"name\":\"Home\",\"item\":\"https:\\\/\\\/officialeleutheraharbourisland.com\\\/fr\\\/\"},{\"@type\":\"ListItem\",\"position\":2,\"name\":\"HARBOUR ISLAND\",\"item\":\"https:\\\/\\\/officialeleutheraharbourisland.com\\\/fr\\\/harbour-island\\\/\"},{\"@type\":\"ListItem\",\"position\":3,\"name\":\"QUE VOIR\",\"item\":\"https:\\\/\\\/officialeleutheraharbourisland.com\\\/fr\\\/harbour-island\\\/que-voir\\\/\"},{\"@type\":\"ListItem\",\"position\":4,\"name\":\"Voir autour de Harbour Island\",\"item\":\"https:\\\/\\\/officialeleutheraharbourisland.com\\\/fr\\\/harbour-island\\\/que-voir\\\/voir-autour-de-harbour-island\\\/\"},{\"@type\":\"ListItem\",\"position\":5,\"name\":\"Les cochons nageurs\"}]},{\"@type\":\"WebSite\",\"@id\":\"https:\\\/\\\/officialeleutheraharbourisland.com\\\/#website\",\"url\":\"https:\\\/\\\/officialeleutheraharbourisland.com\\\/\",\"name\":\"Official Eleuthera Harbour Island\",\"description\":\"Where Beauty &amp; Nature Meet\",\"publisher\":{\"@id\":\"https:\\\/\\\/officialeleutheraharbourisland.com\\\/#organization\"},\"potentialAction\":[{\"@type\":\"SearchAction\",\"target\":{\"@type\":\"EntryPoint\",\"urlTemplate\":\"https:\\\/\\\/officialeleutheraharbourisland.com\\\/?s={search_term_string}\"},\"query-input\":{\"@type\":\"PropertyValueSpecification\",\"valueRequired\":true,\"valueName\":\"search_term_string\"}}],\"inLanguage\":\"fr-FR\"},{\"@type\":\"Organization\",\"@id\":\"https:\\\/\\\/officialeleutheraharbourisland.com\\\/#organization\",\"name\":\"Official Eleuthera Harbour Island\",\"url\":\"https:\\\/\\\/officialeleutheraharbourisland.com\\\/\",\"logo\":{\"@type\":\"ImageObject\",\"inLanguage\":\"fr-FR\",\"@id\":\"https:\\\/\\\/officialeleutheraharbourisland.com\\\/#\\\/schema\\\/logo\\\/image\\\/\",\"url\":\"https:\\\/\\\/officialeleutheraharbourisland.com\\\/wp-content\\\/uploads\\\/2022\\\/03\\\/logo-new-GREY-275.png\",\"contentUrl\":\"https:\\\/\\\/officialeleutheraharbourisland.com\\\/wp-content\\\/uploads\\\/2022\\\/03\\\/logo-new-GREY-275.png\",\"width\":275,\"height\":22,\"caption\":\"Official Eleuthera Harbour Island\"},\"image\":{\"@id\":\"https:\\\/\\\/officialeleutheraharbourisland.com\\\/#\\\/schema\\\/logo\\\/image\\\/\"}}]}<\/script>\n<!-- \/ Yoast SEO Premium plugin. -->","yoast_head_json":{"title":"Les cochons nageurs \u00e0 Harbour Island, aux Bahamas. Choses \u00e0 voir.","description":"Official Eleuthera Harbour Island votre guide touristique vous donne des informations sur les cochons nageurs \u00e0 Harbour Island, aux Bahamas. Choses \u00e0 voir.","robots":{"index":"index","follow":"follow","max-snippet":"max-snippet:-1","max-image-preview":"max-image-preview:large","max-video-preview":"max-video-preview:-1"},"canonical":"https:\/\/officialeleutheraharbourisland.com\/fr\/harbour-island\/que-voir\/voir-autour-de-harbour-island\/les-cochons-nageurs\/","og_locale":"fr_FR","og_type":"article","og_title":"Les cochons nageurs","og_description":"Official Eleuthera Harbour Island votre guide touristique vous donne des informations sur les cochons nageurs \u00e0 Harbour Island, aux Bahamas. Choses \u00e0 voir.","og_url":"https:\/\/officialeleutheraharbourisland.com\/fr\/harbour-island\/que-voir\/voir-autour-de-harbour-island\/les-cochons-nageurs\/","og_site_name":"Official Eleuthera Harbour Island","article_modified_time":"2023-04-12T19:06:54+00:00","og_image":[{"width":1000,"height":667,"url":"https:\/\/officialeleutheraharbourisland.com\/wp-content\/uploads\/2023\/02\/shutterstock_179472116-jpg.webp","type":"image\/jpeg"}],"twitter_card":"summary_large_image","twitter_misc":{"Dur\u00e9e de lecture estim\u00e9e":"2 minutes"},"schema":{"@context":"https:\/\/schema.org","@graph":[{"@type":"WebPage","@id":"https:\/\/officialeleutheraharbourisland.com\/fr\/harbour-island\/que-voir\/voir-autour-de-harbour-island\/les-cochons-nageurs\/","url":"https:\/\/officialeleutheraharbourisland.com\/fr\/harbour-island\/que-voir\/voir-autour-de-harbour-island\/les-cochons-nageurs\/","name":"Les cochons nageurs \u00e0 Harbour Island, aux Bahamas. Choses \u00e0 voir.","isPartOf":{"@id":"https:\/\/officialeleutheraharbourisland.com\/#website"},"primaryImageOfPage":{"@id":"https:\/\/officialeleutheraharbourisland.com\/fr\/harbour-island\/que-voir\/voir-autour-de-harbour-island\/les-cochons-nageurs\/#primaryimage"},"image":{"@id":"https:\/\/officialeleutheraharbourisland.com\/fr\/harbour-island\/que-voir\/voir-autour-de-harbour-island\/les-cochons-nageurs\/#primaryimage"},"thumbnailUrl":"https:\/\/officialeleutheraharbourisland.com\/wp-content\/uploads\/2023\/02\/shutterstock_179472116-jpg.webp","datePublished":"2023-01-24T20:13:11+00:00","dateModified":"2023-04-12T19:06:54+00:00","description":"Official Eleuthera Harbour Island votre guide touristique vous donne des informations sur les cochons nageurs \u00e0 Harbour Island, aux Bahamas. Choses \u00e0 voir.","breadcrumb":{"@id":"https:\/\/officialeleutheraharbourisland.com\/fr\/harbour-island\/que-voir\/voir-autour-de-harbour-island\/les-cochons-nageurs\/#breadcrumb"},"inLanguage":"fr-FR","potentialAction":[{"@type":"ReadAction","target":["https:\/\/officialeleutheraharbourisland.com\/fr\/harbour-island\/que-voir\/voir-autour-de-harbour-island\/les-cochons-nageurs\/"]}]},{"@type":"ImageObject","inLanguage":"fr-FR","@id":"https:\/\/officialeleutheraharbourisland.com\/fr\/harbour-island\/que-voir\/voir-autour-de-harbour-island\/les-cochons-nageurs\/#primaryimage","url":"https:\/\/officialeleutheraharbourisland.com\/wp-content\/uploads\/2023\/02\/shutterstock_179472116-jpg.webp","contentUrl":"https:\/\/officialeleutheraharbourisland.com\/wp-content\/uploads\/2023\/02\/shutterstock_179472116-jpg.webp","width":1000,"height":667,"caption":"pigs harbour island bahamas"},{"@type":"BreadcrumbList","@id":"https:\/\/officialeleutheraharbourisland.com\/fr\/harbour-island\/que-voir\/voir-autour-de-harbour-island\/les-cochons-nageurs\/#breadcrumb","itemListElement":[{"@type":"ListItem","position":1,"name":"Home","item":"https:\/\/officialeleutheraharbourisland.com\/fr\/"},{"@type":"ListItem","position":2,"name":"HARBOUR ISLAND","item":"https:\/\/officialeleutheraharbourisland.com\/fr\/harbour-island\/"},{"@type":"ListItem","position":3,"name":"QUE VOIR","item":"https:\/\/officialeleutheraharbourisland.com\/fr\/harbour-island\/que-voir\/"},{"@type":"ListItem","position":4,"name":"Voir autour de Harbour Island","item":"https:\/\/officialeleutheraharbourisland.com\/fr\/harbour-island\/que-voir\/voir-autour-de-harbour-island\/"},{"@type":"ListItem","position":5,"name":"Les cochons nageurs"}]},{"@type":"WebSite","@id":"https:\/\/officialeleutheraharbourisland.com\/#website","url":"https:\/\/officialeleutheraharbourisland.com\/","name":"Official Eleuthera Harbour Island","description":"Where Beauty &amp; Nature Meet","publisher":{"@id":"https:\/\/officialeleutheraharbourisland.com\/#organization"},"potentialAction":[{"@type":"SearchAction","target":{"@type":"EntryPoint","urlTemplate":"https:\/\/officialeleutheraharbourisland.com\/?s={search_term_string}"},"query-input":{"@type":"PropertyValueSpecification","valueRequired":true,"valueName":"search_term_string"}}],"inLanguage":"fr-FR"},{"@type":"Organization","@id":"https:\/\/officialeleutheraharbourisland.com\/#organization","name":"Official Eleuthera Harbour Island","url":"https:\/\/officialeleutheraharbourisland.com\/","logo":{"@type":"ImageObject","inLanguage":"fr-FR","@id":"https:\/\/officialeleutheraharbourisland.com\/#\/schema\/logo\/image\/","url":"https:\/\/officialeleutheraharbourisland.com\/wp-content\/uploads\/2022\/03\/logo-new-GREY-275.png","contentUrl":"https:\/\/officialeleutheraharbourisland.com\/wp-content\/uploads\/2022\/03\/logo-new-GREY-275.png","width":275,"height":22,"caption":"Official Eleuthera Harbour Island"},"image":{"@id":"https:\/\/officialeleutheraharbourisland.com\/#\/schema\/logo\/image\/"}}]}},"jetpack_sharing_enabled":true,"_links":{"self":[{"href":"https:\/\/officialeleutheraharbourisland.com\/fr\/wp-json\/wp\/v2\/pages\/74842","targetHints":{"allow":["GET"]}}],"collection":[{"href":"https:\/\/officialeleutheraharbourisland.com\/fr\/wp-json\/wp\/v2\/pages"}],"about":[{"href":"https:\/\/officialeleutheraharbourisland.com\/fr\/wp-json\/wp\/v2\/types\/page"}],"author":[{"embeddable":true,"href":"https:\/\/officialeleutheraharbourisland.com\/fr\/wp-json\/wp\/v2\/users\/1"}],"replies":[{"embeddable":true,"href":"https:\/\/officialeleutheraharbourisland.com\/fr\/wp-json\/wp\/v2\/comments?post=74842"}],"version-history":[{"count":2,"href":"https:\/\/officialeleutheraharbourisland.com\/fr\/wp-json\/wp\/v2\/pages\/74842\/revisions"}],"predecessor-version":[{"id":74844,"href":"https:\/\/officialeleutheraharbourisland.com\/fr\/wp-json\/wp\/v2\/pages\/74842\/revisions\/74844"}],"up":[{"embeddable":true,"href":"https:\/\/officialeleutheraharbourisland.com\/fr\/wp-json\/wp\/v2\/pages\/74823"}],"wp:featuredmedia":[{"embeddable":true,"href":"https:\/\/officialeleutheraharbourisland.com\/fr\/wp-json\/wp\/v2\/media\/73961"}],"wp:attachment":[{"href":"https:\/\/officialeleutheraharbourisland.com\/fr\/wp-json\/wp\/v2\/media?parent=74842"}],"wp:term":[{"taxonomy":"category","embeddable":true,"href":"https:\/\/officialeleutheraharbourisland.com\/fr\/wp-json\/wp\/v2\/categories?post=74842"},{"taxonomy":"post_tag","embeddable":true,"href":"https:\/\/officialeleutheraharbourisland.com\/fr\/wp-json\/wp\/v2\/tags?post=74842"}],"curies":[{"name":"wp","href":"https:\/\/api.w.org\/{rel}","templated":true}]}}