{"id":74949,"date":"2023-01-24T20:13:11","date_gmt":"2023-01-24T20:13:11","guid":{"rendered":"https:\/\/officialeleutheraharbourisland.com\/harbour-island\/que-voir\/voir-a-harbour-island\/briland-art-gallery\/"},"modified":"2023-04-24T17:29:51","modified_gmt":"2023-04-24T17:29:51","slug":"galerie-dart-briland","status":"publish","type":"page","link":"https:\/\/officialeleutheraharbourisland.com\/fr\/harbour-island\/que-voir\/voir-a-harbour-island\/galerie-dart-briland\/","title":{"rendered":"Galerie D\u2019art Briland"},"content":{"rendered":"<div class=\"wpb-content-wrapper\"><p>[vc_row css=\u00a0\u00bb.vc_custom_1650996412893{padding-bottom: 50px !important;}\u00a0\u00bb][vc_column]<div id=\"ultimate-heading-739469e2e2ef9e7dd\" class=\"uvc-heading ult-adjust-bottom-margin ultimate-heading-739469e2e2ef9e7dd uvc-8110 \" data-hspacer=\"no_spacer\"  data-halign=\"center\" style=\"text-align:center\"><div class=\"uvc-heading-spacer no_spacer\" style=\"top\"><\/div><div class=\"uvc-main-heading ult-responsive\"  data-ultimate-target='.uvc-heading.ultimate-heading-739469e2e2ef9e7dd h2'  data-responsive-json-new='{\"font-size\":\"\",\"line-height\":\"\"}' ><h2 style=\"font-weight:normal;margin-bottom:10px;\">Galerie D\u2019art Briland Harbour Island<\/h2><\/div><\/div><div class=\"hr-thin style-line accent-border-color\" style=\"width: 100px;border-top-width: 3px;\"><\/div>[vc_column_text css=\u00a0\u00bb.vc_custom_1682357172132{padding-top: 30px !important;}\u00a0\u00bb]<span style=\"font-weight: 400;\">Official Eleuthera Harbour Island vous pr\u00e9sente Briland Art. Cette belle galerie d&rsquo;art est situ\u00e9e sur Harbour Island. C&rsquo;est un endroit magnifique et fascinant, o\u00f9 vous pourrez d\u00e9couvrir des peintures uniques faites \u00e0 la main. Briland Art a \u00e9t\u00e9 cr\u00e9\u00e9 en 2000 et depuis lors, c&rsquo;est un lieu touristique populaire.\u00a0<\/span><\/p>\n<p><span style=\"font-weight: 400;\">Des gens de tout le pays visitent cette galerie d&rsquo;art, g\u00e9r\u00e9e par Ersley et Maxcine Wilson qui y\u00a0 organisent r\u00e9guli\u00e8rement des cours de peinture pour les habitants et leurs enfants.<\/span>[\/vc_column_text][\/vc_column][\/vc_row][vc_row css=\u00a0\u00bb.vc_custom_1650996499970{padding-bottom: 50px !important;}\u00a0\u00bb][vc_column]<style type=\"text\/css\" data-type=\"the7_shortcodes-inline-css\">.shortcode-single-image-wrap.shortcode-single-image-dd3f4f7add6471e8560e245fabf7c16f.enable-bg-rollover .rollover i,\n.shortcode-single-image-wrap.shortcode-single-image-dd3f4f7add6471e8560e245fabf7c16f.enable-bg-rollover .rollover-video i {\n  background: -webkit-linear-gradient();\n  background: linear-gradient();\n}\n.shortcode-single-image-wrap.shortcode-single-image-dd3f4f7add6471e8560e245fabf7c16f .rollover-icon {\n  font-size: 32px;\n  color: #ffffff;\n  min-width: 44px;\n  min-height: 44px;\n  line-height: 44px;\n  border-radius: 100px;\n  border-style: solid;\n  border-width: 0px;\n}\n.dt-icon-bg-on.shortcode-single-image-wrap.shortcode-single-image-dd3f4f7add6471e8560e245fabf7c16f .rollover-icon {\n  background: rgba(255,255,255,0.3);\n  box-shadow: none;\n}\n<\/style><div class=\"shortcode-single-image-wrap shortcode-single-image-dd3f4f7add6471e8560e245fabf7c16f alignnone  enable-bg-rollover dt-icon-bg-off\" style=\"margin-top:0px; margin-bottom:0px; margin-left:0px; margin-right:0px; width:900px;\" data-pretty-share=\"facebook,twitter,pinterest,linkedin\"><div class=\"shortcode-single-image\"><div class=\"fancy-media-wrap  layzr-bg\" style=\"\"><img fetchpriority=\"high\" decoding=\"async\" class=\"preload-me lazy-load aspect\" src=\"data:image\/svg+xml,%3Csvg%20xmlns%3D&#39;http%3A%2F%2Fwww.w3.org%2F2000%2Fsvg&#39;%20viewBox%3D&#39;0%200%20900%20500&#39;%2F%3E\" data-src=\"https:\/\/officialeleutheraharbourisland.com\/wp-content\/uploads\/2022\/04\/briland-art-3-1-900x500.jpeg\" data-srcset=\"https:\/\/officialeleutheraharbourisland.com\/wp-content\/uploads\/2022\/04\/briland-art-3-1-900x500.jpeg 900w, https:\/\/officialeleutheraharbourisland.com\/wp-content\/uploads\/2022\/04\/briland-art-3-1-1054x585.jpeg 1054w\" loading=\"eager\" sizes=\"(max-width: 900px) 100vw, 900px\" width=\"900\" height=\"500\"  data-dt-location=\"https:\/\/officialeleutheraharbourisland.com\/fr\/briland-art-3-2\/\" style=\"--ratio: 900 \/ 500;\" alt=\"Briland Art\" \/><\/div><\/div><\/div>[\/vc_column][\/vc_row][vc_row css=\u00a0\u00bb.vc_custom_1650996515824{padding-bottom: 50px !important;}\u00a0\u00bb][vc_column][vc_column_text]Brilland\u00a0 Art est un endroit o\u00f9 vous trouverez des souvenirs peints \u00e0 la main, des peintures sur bois flott\u00e9, des sculptures sur bois, des peintures sur toile et bien plus encore. Le lieu est ouvert du lundi au samedi de 9h30 \u00e0 17h30 Assurez-vous de visiter le lieu t\u00f4t le matin pour \u00e9viter les heures de pointe.<\/p>\n<p>En entrant dans Briland Art, vous serez accueillis par un grand oiseau en bois peint \u00e0 la main. En plus de tableaux traditionnels, la Galerie est sp\u00e9cialis\u00e9e dans les grandes fresques murales et les panneaux personnalis\u00e9s.<\/p>\n<p>Ne ratez pas la visite de cette magnifique galerie d&rsquo;art lors de votre voyage \u00e0 Harbour Island afin de profiter des magnifiques peintures d&rsquo; Ersley Wilson et de Maxcine Wilson, qui en sympathiques propri\u00e9taires, vous donneront des explications sur les \u0153uvres et partageront avec vous leurs souvenirs artistiques.[\/vc_column_text][\/vc_column][\/vc_row]<\/p>\n<\/div>","protected":false},"excerpt":{"rendered":"<p>[vc_row css=\u00a0\u00bb.vc_custom_1650996412893{padding-bottom: 50px !important;}\u00a0\u00bb][vc_column][vc_column_text css=\u00a0\u00bb.vc_custom_1682357172132{padding-top: 30px !important;}\u00a0\u00bb]Official Eleuthera Harbour Island vous pr\u00e9sente Briland Art. Cette belle galerie d&rsquo;art est situ\u00e9e sur Harbour Island. C&rsquo;est un endroit magnifique et fascinant, o\u00f9 vous pourrez d\u00e9couvrir des peintures uniques faites \u00e0 la main. Briland Art a \u00e9t\u00e9 cr\u00e9\u00e9 en 2000 et depuis lors, c&rsquo;est un lieu touristique populaire.\u00a0&hellip;<\/p>\n","protected":false},"author":1,"featured_media":73836,"parent":74812,"menu_order":0,"comment_status":"closed","ping_status":"closed","template":"","meta":{"footnotes":""},"categories":[],"tags":[1217],"class_list":["post-74949","page","type-page","status-publish","has-post-thumbnail","hentry","tag-see-in-harbour-island-fr-2","description-off"],"yoast_head":"<!-- This site is optimized with the Yoast SEO Premium plugin v25.2 (Yoast SEO v27.4) - https:\/\/yoast.com\/product\/yoast-seo-premium-wordpress\/ -->\n<title>Galerie D\u2019art Briland \u00e0 Harbour Island. Choses \u00e0 voir Harbour Island.<\/title>\n<meta name=\"description\" content=\"Official Eleuthera Harbour Island votre guide de vacances vous donne des informations sur Galerie D\u2019art Briland \u00e0 Harbour Island, aux Bahamas.\" \/>\n<meta name=\"robots\" content=\"index, follow, max-snippet:-1, max-image-preview:large, max-video-preview:-1\" \/>\n<link rel=\"canonical\" href=\"https:\/\/officialeleutheraharbourisland.com\/fr\/harbour-island\/que-voir\/voir-a-harbour-island\/galerie-dart-briland\/\" \/>\n<meta property=\"og:locale\" content=\"fr_FR\" \/>\n<meta property=\"og:type\" content=\"article\" \/>\n<meta property=\"og:title\" content=\"Galerie D\u2019art Briland\" \/>\n<meta property=\"og:description\" content=\"Official Eleuthera Harbour Island votre guide de vacances vous donne des informations sur Galerie D\u2019art Briland \u00e0 Harbour Island, aux Bahamas.\" \/>\n<meta property=\"og:url\" content=\"https:\/\/officialeleutheraharbourisland.com\/fr\/harbour-island\/que-voir\/voir-a-harbour-island\/galerie-dart-briland\/\" \/>\n<meta property=\"og:site_name\" content=\"Official Eleuthera Harbour Island\" \/>\n<meta property=\"article:modified_time\" content=\"2023-04-24T17:29:51+00:00\" \/>\n<meta property=\"og:image\" content=\"https:\/\/officialeleutheraharbourisland.com\/wp-content\/uploads\/2023\/02\/briland_art-5f9456ee5e5c8-765x708-1-jpg.webp\" \/>\n\t<meta property=\"og:image:width\" content=\"765\" \/>\n\t<meta property=\"og:image:height\" content=\"708\" \/>\n\t<meta property=\"og:image:type\" content=\"image\/jpeg\" \/>\n<meta name=\"twitter:card\" content=\"summary_large_image\" \/>\n<meta name=\"twitter:label1\" content=\"Dur\u00e9e de lecture estim\u00e9e\" \/>\n\t<meta name=\"twitter:data1\" content=\"2 minutes\" \/>\n<script type=\"application\/ld+json\" class=\"yoast-schema-graph\">{\"@context\":\"https:\\\/\\\/schema.org\",\"@graph\":[{\"@type\":\"WebPage\",\"@id\":\"https:\\\/\\\/officialeleutheraharbourisland.com\\\/fr\\\/harbour-island\\\/que-voir\\\/voir-a-harbour-island\\\/galerie-dart-briland\\\/\",\"url\":\"https:\\\/\\\/officialeleutheraharbourisland.com\\\/fr\\\/harbour-island\\\/que-voir\\\/voir-a-harbour-island\\\/galerie-dart-briland\\\/\",\"name\":\"Galerie D\u2019art Briland \u00e0 Harbour Island. Choses \u00e0 voir Harbour Island.\",\"isPartOf\":{\"@id\":\"https:\\\/\\\/officialeleutheraharbourisland.com\\\/#website\"},\"primaryImageOfPage\":{\"@id\":\"https:\\\/\\\/officialeleutheraharbourisland.com\\\/fr\\\/harbour-island\\\/que-voir\\\/voir-a-harbour-island\\\/galerie-dart-briland\\\/#primaryimage\"},\"image\":{\"@id\":\"https:\\\/\\\/officialeleutheraharbourisland.com\\\/fr\\\/harbour-island\\\/que-voir\\\/voir-a-harbour-island\\\/galerie-dart-briland\\\/#primaryimage\"},\"thumbnailUrl\":\"https:\\\/\\\/officialeleutheraharbourisland.com\\\/wp-content\\\/uploads\\\/2023\\\/02\\\/briland_art-5f9456ee5e5c8-765x708-1-jpg.webp\",\"datePublished\":\"2023-01-24T20:13:11+00:00\",\"dateModified\":\"2023-04-24T17:29:51+00:00\",\"description\":\"Official Eleuthera Harbour Island votre guide de vacances vous donne des informations sur Galerie D\u2019art Briland \u00e0 Harbour Island, aux Bahamas.\",\"breadcrumb\":{\"@id\":\"https:\\\/\\\/officialeleutheraharbourisland.com\\\/fr\\\/harbour-island\\\/que-voir\\\/voir-a-harbour-island\\\/galerie-dart-briland\\\/#breadcrumb\"},\"inLanguage\":\"fr-FR\",\"potentialAction\":[{\"@type\":\"ReadAction\",\"target\":[\"https:\\\/\\\/officialeleutheraharbourisland.com\\\/fr\\\/harbour-island\\\/que-voir\\\/voir-a-harbour-island\\\/galerie-dart-briland\\\/\"]}]},{\"@type\":\"ImageObject\",\"inLanguage\":\"fr-FR\",\"@id\":\"https:\\\/\\\/officialeleutheraharbourisland.com\\\/fr\\\/harbour-island\\\/que-voir\\\/voir-a-harbour-island\\\/galerie-dart-briland\\\/#primaryimage\",\"url\":\"https:\\\/\\\/officialeleutheraharbourisland.com\\\/wp-content\\\/uploads\\\/2023\\\/02\\\/briland_art-5f9456ee5e5c8-765x708-1-jpg.webp\",\"contentUrl\":\"https:\\\/\\\/officialeleutheraharbourisland.com\\\/wp-content\\\/uploads\\\/2023\\\/02\\\/briland_art-5f9456ee5e5c8-765x708-1-jpg.webp\",\"width\":765,\"height\":708},{\"@type\":\"BreadcrumbList\",\"@id\":\"https:\\\/\\\/officialeleutheraharbourisland.com\\\/fr\\\/harbour-island\\\/que-voir\\\/voir-a-harbour-island\\\/galerie-dart-briland\\\/#breadcrumb\",\"itemListElement\":[{\"@type\":\"ListItem\",\"position\":1,\"name\":\"Home\",\"item\":\"https:\\\/\\\/officialeleutheraharbourisland.com\\\/fr\\\/\"},{\"@type\":\"ListItem\",\"position\":2,\"name\":\"HARBOUR ISLAND\",\"item\":\"https:\\\/\\\/officialeleutheraharbourisland.com\\\/fr\\\/harbour-island\\\/\"},{\"@type\":\"ListItem\",\"position\":3,\"name\":\"QUE VOIR\",\"item\":\"https:\\\/\\\/officialeleutheraharbourisland.com\\\/fr\\\/harbour-island\\\/que-voir\\\/\"},{\"@type\":\"ListItem\",\"position\":4,\"name\":\"Voir \u00e0 Harbour Island\",\"item\":\"https:\\\/\\\/officialeleutheraharbourisland.com\\\/fr\\\/harbour-island\\\/choses-a-voir__trashed\\\/voir-a-harbour-island\\\/\"},{\"@type\":\"ListItem\",\"position\":5,\"name\":\"Galerie D\u2019art Briland\"}]},{\"@type\":\"WebSite\",\"@id\":\"https:\\\/\\\/officialeleutheraharbourisland.com\\\/#website\",\"url\":\"https:\\\/\\\/officialeleutheraharbourisland.com\\\/\",\"name\":\"Official Eleuthera Harbour Island\",\"description\":\"Where Beauty &amp; Nature Meet\",\"publisher\":{\"@id\":\"https:\\\/\\\/officialeleutheraharbourisland.com\\\/#organization\"},\"potentialAction\":[{\"@type\":\"SearchAction\",\"target\":{\"@type\":\"EntryPoint\",\"urlTemplate\":\"https:\\\/\\\/officialeleutheraharbourisland.com\\\/?s={search_term_string}\"},\"query-input\":{\"@type\":\"PropertyValueSpecification\",\"valueRequired\":true,\"valueName\":\"search_term_string\"}}],\"inLanguage\":\"fr-FR\"},{\"@type\":\"Organization\",\"@id\":\"https:\\\/\\\/officialeleutheraharbourisland.com\\\/#organization\",\"name\":\"Official Eleuthera Harbour Island\",\"url\":\"https:\\\/\\\/officialeleutheraharbourisland.com\\\/\",\"logo\":{\"@type\":\"ImageObject\",\"inLanguage\":\"fr-FR\",\"@id\":\"https:\\\/\\\/officialeleutheraharbourisland.com\\\/#\\\/schema\\\/logo\\\/image\\\/\",\"url\":\"https:\\\/\\\/officialeleutheraharbourisland.com\\\/wp-content\\\/uploads\\\/2022\\\/03\\\/logo-new-GREY-275.png\",\"contentUrl\":\"https:\\\/\\\/officialeleutheraharbourisland.com\\\/wp-content\\\/uploads\\\/2022\\\/03\\\/logo-new-GREY-275.png\",\"width\":275,\"height\":22,\"caption\":\"Official Eleuthera Harbour Island\"},\"image\":{\"@id\":\"https:\\\/\\\/officialeleutheraharbourisland.com\\\/#\\\/schema\\\/logo\\\/image\\\/\"}}]}<\/script>\n<!-- \/ Yoast SEO Premium plugin. -->","yoast_head_json":{"title":"Galerie D\u2019art Briland \u00e0 Harbour Island. Choses \u00e0 voir Harbour Island.","description":"Official Eleuthera Harbour Island votre guide de vacances vous donne des informations sur Galerie D\u2019art Briland \u00e0 Harbour Island, aux Bahamas.","robots":{"index":"index","follow":"follow","max-snippet":"max-snippet:-1","max-image-preview":"max-image-preview:large","max-video-preview":"max-video-preview:-1"},"canonical":"https:\/\/officialeleutheraharbourisland.com\/fr\/harbour-island\/que-voir\/voir-a-harbour-island\/galerie-dart-briland\/","og_locale":"fr_FR","og_type":"article","og_title":"Galerie D\u2019art Briland","og_description":"Official Eleuthera Harbour Island votre guide de vacances vous donne des informations sur Galerie D\u2019art Briland \u00e0 Harbour Island, aux Bahamas.","og_url":"https:\/\/officialeleutheraharbourisland.com\/fr\/harbour-island\/que-voir\/voir-a-harbour-island\/galerie-dart-briland\/","og_site_name":"Official Eleuthera Harbour Island","article_modified_time":"2023-04-24T17:29:51+00:00","og_image":[{"width":765,"height":708,"url":"https:\/\/officialeleutheraharbourisland.com\/wp-content\/uploads\/2023\/02\/briland_art-5f9456ee5e5c8-765x708-1-jpg.webp","type":"image\/jpeg"}],"twitter_card":"summary_large_image","twitter_misc":{"Dur\u00e9e de lecture estim\u00e9e":"2 minutes"},"schema":{"@context":"https:\/\/schema.org","@graph":[{"@type":"WebPage","@id":"https:\/\/officialeleutheraharbourisland.com\/fr\/harbour-island\/que-voir\/voir-a-harbour-island\/galerie-dart-briland\/","url":"https:\/\/officialeleutheraharbourisland.com\/fr\/harbour-island\/que-voir\/voir-a-harbour-island\/galerie-dart-briland\/","name":"Galerie D\u2019art Briland \u00e0 Harbour Island. Choses \u00e0 voir Harbour Island.","isPartOf":{"@id":"https:\/\/officialeleutheraharbourisland.com\/#website"},"primaryImageOfPage":{"@id":"https:\/\/officialeleutheraharbourisland.com\/fr\/harbour-island\/que-voir\/voir-a-harbour-island\/galerie-dart-briland\/#primaryimage"},"image":{"@id":"https:\/\/officialeleutheraharbourisland.com\/fr\/harbour-island\/que-voir\/voir-a-harbour-island\/galerie-dart-briland\/#primaryimage"},"thumbnailUrl":"https:\/\/officialeleutheraharbourisland.com\/wp-content\/uploads\/2023\/02\/briland_art-5f9456ee5e5c8-765x708-1-jpg.webp","datePublished":"2023-01-24T20:13:11+00:00","dateModified":"2023-04-24T17:29:51+00:00","description":"Official Eleuthera Harbour Island votre guide de vacances vous donne des informations sur Galerie D\u2019art Briland \u00e0 Harbour Island, aux Bahamas.","breadcrumb":{"@id":"https:\/\/officialeleutheraharbourisland.com\/fr\/harbour-island\/que-voir\/voir-a-harbour-island\/galerie-dart-briland\/#breadcrumb"},"inLanguage":"fr-FR","potentialAction":[{"@type":"ReadAction","target":["https:\/\/officialeleutheraharbourisland.com\/fr\/harbour-island\/que-voir\/voir-a-harbour-island\/galerie-dart-briland\/"]}]},{"@type":"ImageObject","inLanguage":"fr-FR","@id":"https:\/\/officialeleutheraharbourisland.com\/fr\/harbour-island\/que-voir\/voir-a-harbour-island\/galerie-dart-briland\/#primaryimage","url":"https:\/\/officialeleutheraharbourisland.com\/wp-content\/uploads\/2023\/02\/briland_art-5f9456ee5e5c8-765x708-1-jpg.webp","contentUrl":"https:\/\/officialeleutheraharbourisland.com\/wp-content\/uploads\/2023\/02\/briland_art-5f9456ee5e5c8-765x708-1-jpg.webp","width":765,"height":708},{"@type":"BreadcrumbList","@id":"https:\/\/officialeleutheraharbourisland.com\/fr\/harbour-island\/que-voir\/voir-a-harbour-island\/galerie-dart-briland\/#breadcrumb","itemListElement":[{"@type":"ListItem","position":1,"name":"Home","item":"https:\/\/officialeleutheraharbourisland.com\/fr\/"},{"@type":"ListItem","position":2,"name":"HARBOUR ISLAND","item":"https:\/\/officialeleutheraharbourisland.com\/fr\/harbour-island\/"},{"@type":"ListItem","position":3,"name":"QUE VOIR","item":"https:\/\/officialeleutheraharbourisland.com\/fr\/harbour-island\/que-voir\/"},{"@type":"ListItem","position":4,"name":"Voir \u00e0 Harbour Island","item":"https:\/\/officialeleutheraharbourisland.com\/fr\/harbour-island\/choses-a-voir__trashed\/voir-a-harbour-island\/"},{"@type":"ListItem","position":5,"name":"Galerie D\u2019art Briland"}]},{"@type":"WebSite","@id":"https:\/\/officialeleutheraharbourisland.com\/#website","url":"https:\/\/officialeleutheraharbourisland.com\/","name":"Official Eleuthera Harbour Island","description":"Where Beauty &amp; Nature Meet","publisher":{"@id":"https:\/\/officialeleutheraharbourisland.com\/#organization"},"potentialAction":[{"@type":"SearchAction","target":{"@type":"EntryPoint","urlTemplate":"https:\/\/officialeleutheraharbourisland.com\/?s={search_term_string}"},"query-input":{"@type":"PropertyValueSpecification","valueRequired":true,"valueName":"search_term_string"}}],"inLanguage":"fr-FR"},{"@type":"Organization","@id":"https:\/\/officialeleutheraharbourisland.com\/#organization","name":"Official Eleuthera Harbour Island","url":"https:\/\/officialeleutheraharbourisland.com\/","logo":{"@type":"ImageObject","inLanguage":"fr-FR","@id":"https:\/\/officialeleutheraharbourisland.com\/#\/schema\/logo\/image\/","url":"https:\/\/officialeleutheraharbourisland.com\/wp-content\/uploads\/2022\/03\/logo-new-GREY-275.png","contentUrl":"https:\/\/officialeleutheraharbourisland.com\/wp-content\/uploads\/2022\/03\/logo-new-GREY-275.png","width":275,"height":22,"caption":"Official Eleuthera Harbour Island"},"image":{"@id":"https:\/\/officialeleutheraharbourisland.com\/#\/schema\/logo\/image\/"}}]}},"jetpack_sharing_enabled":true,"_links":{"self":[{"href":"https:\/\/officialeleutheraharbourisland.com\/fr\/wp-json\/wp\/v2\/pages\/74949","targetHints":{"allow":["GET"]}}],"collection":[{"href":"https:\/\/officialeleutheraharbourisland.com\/fr\/wp-json\/wp\/v2\/pages"}],"about":[{"href":"https:\/\/officialeleutheraharbourisland.com\/fr\/wp-json\/wp\/v2\/types\/page"}],"author":[{"embeddable":true,"href":"https:\/\/officialeleutheraharbourisland.com\/fr\/wp-json\/wp\/v2\/users\/1"}],"replies":[{"embeddable":true,"href":"https:\/\/officialeleutheraharbourisland.com\/fr\/wp-json\/wp\/v2\/comments?post=74949"}],"version-history":[{"count":2,"href":"https:\/\/officialeleutheraharbourisland.com\/fr\/wp-json\/wp\/v2\/pages\/74949\/revisions"}],"predecessor-version":[{"id":74951,"href":"https:\/\/officialeleutheraharbourisland.com\/fr\/wp-json\/wp\/v2\/pages\/74949\/revisions\/74951"}],"up":[{"embeddable":true,"href":"https:\/\/officialeleutheraharbourisland.com\/fr\/wp-json\/wp\/v2\/pages\/74812"}],"wp:featuredmedia":[{"embeddable":true,"href":"https:\/\/officialeleutheraharbourisland.com\/fr\/wp-json\/wp\/v2\/media\/73836"}],"wp:attachment":[{"href":"https:\/\/officialeleutheraharbourisland.com\/fr\/wp-json\/wp\/v2\/media?parent=74949"}],"wp:term":[{"taxonomy":"category","embeddable":true,"href":"https:\/\/officialeleutheraharbourisland.com\/fr\/wp-json\/wp\/v2\/categories?post=74949"},{"taxonomy":"post_tag","embeddable":true,"href":"https:\/\/officialeleutheraharbourisland.com\/fr\/wp-json\/wp\/v2\/tags?post=74949"}],"curies":[{"name":"wp","href":"https:\/\/api.w.org\/{rel}","templated":true}]}}