{"id":74952,"date":"2023-01-24T20:13:11","date_gmt":"2023-01-24T20:13:11","guid":{"rendered":"https:\/\/officialeleutheraharbourisland.com\/harbour-island\/que-voir\/voir-a-harbour-island\/government-dock\/"},"modified":"2023-04-25T17:26:46","modified_gmt":"2023-04-25T17:26:46","slug":"government-dock","status":"publish","type":"page","link":"https:\/\/officialeleutheraharbourisland.com\/fr\/harbour-island\/que-voir\/voir-a-harbour-island\/government-dock\/","title":{"rendered":"Government Dock"},"content":{"rendered":"<div class=\"wpb-content-wrapper\"><p>[vc_row css=\u00a0\u00bb.vc_custom_1650996412893{padding-bottom: 50px !important;}\u00a0\u00bb][vc_column]<div id=\"ultimate-heading-437669e2ed0f18827\" class=\"uvc-heading ult-adjust-bottom-margin ultimate-heading-437669e2ed0f18827 uvc-3866 \" data-hspacer=\"no_spacer\"  data-halign=\"center\" style=\"text-align:center\"><div class=\"uvc-heading-spacer no_spacer\" style=\"top\"><\/div><div class=\"uvc-main-heading ult-responsive\"  data-ultimate-target='.uvc-heading.ultimate-heading-437669e2ed0f18827 h2'  data-responsive-json-new='{\"font-size\":\"\",\"line-height\":\"\"}' ><h2 style=\"font-weight:normal;margin-bottom:10px;\">Government Dock \u00e0 Harbour Island<\/h2><\/div><\/div><div class=\"hr-thin style-line accent-border-color\" style=\"width: 100px;border-top-width: 3px;\"><\/div>[vc_column_text css=\u00a0\u00bb.vc_custom_1682443191213{padding-top: 30px !important;}\u00a0\u00bb]<span style=\"font-weight: 400;\">Le Government Dock est situ\u00e9 \u00e0 Harbour Island pr\u00e8s de Dunmore Town et est l&rsquo;un des quais les plus importants de l&rsquo;\u00eele. A l&rsquo;entr\u00e9e, vous trouverez le c\u00e9l\u00e8bre panneau \u00ab\u00a0Welcome to Harbour Island\u00a0\u00bb.<\/span><\/p>\n<p><span style=\"font-weight: 400;\">Government Dock est le quai auquel sont amar\u00e9s\u00a0 tous les bateaux commerciaux, les bateaux de ravitaillement, les bateaux-taxis et m\u00eame les ferries. \u00c9tant donn\u00e9 que le quai est situ\u00e9 sur Harbour Island, il est g\u00e9n\u00e9ralement tr\u00e8s fr\u00e9quent\u00e9 pendant la journ\u00e9e et parfois m\u00eame la nuit. C&rsquo;est l&rsquo;un des quais les plus populaires o\u00f9 vous pouvez prendre un bateau pour explorer les \u00eeles autour ou visiter Harbour Island en toute simplicit\u00e9.<\/span><\/p>\n<p><span style=\"font-weight: 400;\">Pour un h\u00e9bergement plus accessible, de nombreux h\u00f4tels, centres de vill\u00e9giature, restaurants et caf\u00e9s sont situ\u00e9s pr\u00e8s de Government Dock. Vous pouvez \u00e9galement voir des couchers de soleil \u00e0 couper le souffle tout en \u00e9tant assis sur le quai. Des\u00a0 voiturettes de golf sont \u00e9galement disponibles \u00e0 la location \u00e0 un prix raisonnable.\u00a0<\/span>[\/vc_column_text][\/vc_column][\/vc_row][vc_row css=\u00a0\u00bb.vc_custom_1650996499970{padding-bottom: 50px !important;}\u00a0\u00bb][vc_column]<style type=\"text\/css\" data-type=\"the7_shortcodes-inline-css\">.shortcode-single-image-wrap.shortcode-single-image-e041d68bfedc1775eb4ea4cca19e48c1.enable-bg-rollover .rollover i,\n.shortcode-single-image-wrap.shortcode-single-image-e041d68bfedc1775eb4ea4cca19e48c1.enable-bg-rollover .rollover-video i {\n  background: -webkit-linear-gradient();\n  background: linear-gradient();\n}\n.shortcode-single-image-wrap.shortcode-single-image-e041d68bfedc1775eb4ea4cca19e48c1 .rollover-icon {\n  font-size: 32px;\n  color: #ffffff;\n  min-width: 44px;\n  min-height: 44px;\n  line-height: 44px;\n  border-radius: 100px;\n  border-style: solid;\n  border-width: 0px;\n}\n.dt-icon-bg-on.shortcode-single-image-wrap.shortcode-single-image-e041d68bfedc1775eb4ea4cca19e48c1 .rollover-icon {\n  background: rgba(255,255,255,0.3);\n  box-shadow: none;\n}\n<\/style><div class=\"shortcode-single-image-wrap shortcode-single-image-e041d68bfedc1775eb4ea4cca19e48c1 alignnone  enable-bg-rollover dt-icon-bg-off\" style=\"margin-top:0px; margin-bottom:0px; margin-left:0px; margin-right:0px; width:900px;\" data-pretty-share=\"facebook,twitter,pinterest,linkedin\"><div class=\"shortcode-single-image\"><div class=\"fancy-media-wrap  layzr-bg\" style=\"\"><img fetchpriority=\"high\" decoding=\"async\" class=\"preload-me lazy-load aspect\" src=\"data:image\/svg+xml,%3Csvg%20xmlns%3D&#39;http%3A%2F%2Fwww.w3.org%2F2000%2Fsvg&#39;%20viewBox%3D&#39;0%200%20900%20500&#39;%2F%3E\" data-src=\"https:\/\/officialeleutheraharbourisland.com\/wp-content\/uploads\/2022\/04\/goverment-dock-2-scaled-900x500.jpeg\" data-srcset=\"https:\/\/officialeleutheraharbourisland.com\/wp-content\/uploads\/2022\/04\/goverment-dock-2-scaled-900x500.jpeg 900w, https:\/\/officialeleutheraharbourisland.com\/wp-content\/uploads\/2022\/04\/goverment-dock-2-scaled-1800x1000.jpeg 1800w\" loading=\"eager\" sizes=\"(max-width: 900px) 100vw, 900px\" width=\"900\" height=\"500\"  data-dt-location=\"https:\/\/officialeleutheraharbourisland.com\/fr\/goverment-dock-2\/\" style=\"--ratio: 900 \/ 500;\" alt=\"Government Dock\" \/><\/div><\/div><\/div>[\/vc_column][\/vc_row]<\/p>\n<\/div>","protected":false},"excerpt":{"rendered":"<p>[vc_row css=\u00a0\u00bb.vc_custom_1650996412893{padding-bottom: 50px !important;}\u00a0\u00bb][vc_column][vc_column_text css=\u00a0\u00bb.vc_custom_1682443191213{padding-top: 30px !important;}\u00a0\u00bb]Le Government Dock est situ\u00e9 \u00e0 Harbour Island pr\u00e8s de Dunmore Town et est l&rsquo;un des quais les plus importants de l&rsquo;\u00eele. A l&rsquo;entr\u00e9e, vous trouverez le c\u00e9l\u00e8bre panneau \u00ab\u00a0Welcome to Harbour Island\u00a0\u00bb. Government Dock est le quai auquel sont amar\u00e9s\u00a0 tous les bateaux commerciaux, les bateaux de ravitaillement,&hellip;<\/p>\n","protected":false},"author":1,"featured_media":62071,"parent":74812,"menu_order":0,"comment_status":"closed","ping_status":"closed","template":"","meta":{"footnotes":""},"categories":[],"tags":[1217],"class_list":["post-74952","page","type-page","status-publish","has-post-thumbnail","hentry","tag-see-in-harbour-island-fr-2","description-off"],"yoast_head":"<!-- This site is optimized with the Yoast SEO Premium plugin v25.2 (Yoast SEO v27.4) - https:\/\/yoast.com\/product\/yoast-seo-premium-wordpress\/ -->\n<title>Government Dock \u00e0 Harbour Island. Choses \u00e0 voir Harbour Island.<\/title>\n<meta name=\"description\" content=\"Official Eleuthera Harbour Island votre guide touristique vous donne des informations sur Government Dock \u00e0 Harbour Island, Bahamas.\" \/>\n<meta name=\"robots\" content=\"index, follow, max-snippet:-1, max-image-preview:large, max-video-preview:-1\" \/>\n<link rel=\"canonical\" href=\"https:\/\/officialeleutheraharbourisland.com\/fr\/harbour-island\/que-voir\/voir-a-harbour-island\/government-dock\/\" \/>\n<meta property=\"og:locale\" content=\"fr_FR\" \/>\n<meta property=\"og:type\" content=\"article\" \/>\n<meta property=\"og:title\" content=\"Government Dock\" \/>\n<meta property=\"og:description\" content=\"Official Eleuthera Harbour Island votre guide touristique vous donne des informations sur Government Dock \u00e0 Harbour Island, Bahamas.\" \/>\n<meta property=\"og:url\" content=\"https:\/\/officialeleutheraharbourisland.com\/fr\/harbour-island\/que-voir\/voir-a-harbour-island\/government-dock\/\" \/>\n<meta property=\"og:site_name\" content=\"Official Eleuthera Harbour Island\" \/>\n<meta property=\"article:modified_time\" content=\"2023-04-25T17:26:46+00:00\" \/>\n<meta property=\"og:image\" content=\"https:\/\/officialeleutheraharbourisland.com\/wp-content\/uploads\/2022\/04\/goverment-dock-2-scaled.jpeg\" \/>\n\t<meta property=\"og:image:width\" content=\"2560\" \/>\n\t<meta property=\"og:image:height\" content=\"1700\" \/>\n\t<meta property=\"og:image:type\" content=\"image\/jpeg\" \/>\n<meta name=\"twitter:card\" content=\"summary_large_image\" \/>\n<meta name=\"twitter:label1\" content=\"Dur\u00e9e de lecture estim\u00e9e\" \/>\n\t<meta name=\"twitter:data1\" content=\"1 minute\" \/>\n<script type=\"application\/ld+json\" class=\"yoast-schema-graph\">{\"@context\":\"https:\\\/\\\/schema.org\",\"@graph\":[{\"@type\":\"WebPage\",\"@id\":\"https:\\\/\\\/officialeleutheraharbourisland.com\\\/fr\\\/harbour-island\\\/que-voir\\\/voir-a-harbour-island\\\/government-dock\\\/\",\"url\":\"https:\\\/\\\/officialeleutheraharbourisland.com\\\/fr\\\/harbour-island\\\/que-voir\\\/voir-a-harbour-island\\\/government-dock\\\/\",\"name\":\"Government Dock \u00e0 Harbour Island. Choses \u00e0 voir Harbour Island.\",\"isPartOf\":{\"@id\":\"https:\\\/\\\/officialeleutheraharbourisland.com\\\/#website\"},\"primaryImageOfPage\":{\"@id\":\"https:\\\/\\\/officialeleutheraharbourisland.com\\\/fr\\\/harbour-island\\\/que-voir\\\/voir-a-harbour-island\\\/government-dock\\\/#primaryimage\"},\"image\":{\"@id\":\"https:\\\/\\\/officialeleutheraharbourisland.com\\\/fr\\\/harbour-island\\\/que-voir\\\/voir-a-harbour-island\\\/government-dock\\\/#primaryimage\"},\"thumbnailUrl\":\"https:\\\/\\\/officialeleutheraharbourisland.com\\\/wp-content\\\/uploads\\\/2022\\\/04\\\/goverment-dock-2-scaled.jpeg\",\"datePublished\":\"2023-01-24T20:13:11+00:00\",\"dateModified\":\"2023-04-25T17:26:46+00:00\",\"description\":\"Official Eleuthera Harbour Island votre guide touristique vous donne des informations sur Government Dock \u00e0 Harbour Island, Bahamas.\",\"breadcrumb\":{\"@id\":\"https:\\\/\\\/officialeleutheraharbourisland.com\\\/fr\\\/harbour-island\\\/que-voir\\\/voir-a-harbour-island\\\/government-dock\\\/#breadcrumb\"},\"inLanguage\":\"fr-FR\",\"potentialAction\":[{\"@type\":\"ReadAction\",\"target\":[\"https:\\\/\\\/officialeleutheraharbourisland.com\\\/fr\\\/harbour-island\\\/que-voir\\\/voir-a-harbour-island\\\/government-dock\\\/\"]}]},{\"@type\":\"ImageObject\",\"inLanguage\":\"fr-FR\",\"@id\":\"https:\\\/\\\/officialeleutheraharbourisland.com\\\/fr\\\/harbour-island\\\/que-voir\\\/voir-a-harbour-island\\\/government-dock\\\/#primaryimage\",\"url\":\"https:\\\/\\\/officialeleutheraharbourisland.com\\\/wp-content\\\/uploads\\\/2022\\\/04\\\/goverment-dock-2-scaled.jpeg\",\"contentUrl\":\"https:\\\/\\\/officialeleutheraharbourisland.com\\\/wp-content\\\/uploads\\\/2022\\\/04\\\/goverment-dock-2-scaled.jpeg\",\"width\":2560,\"height\":1700},{\"@type\":\"BreadcrumbList\",\"@id\":\"https:\\\/\\\/officialeleutheraharbourisland.com\\\/fr\\\/harbour-island\\\/que-voir\\\/voir-a-harbour-island\\\/government-dock\\\/#breadcrumb\",\"itemListElement\":[{\"@type\":\"ListItem\",\"position\":1,\"name\":\"Home\",\"item\":\"https:\\\/\\\/officialeleutheraharbourisland.com\\\/fr\\\/\"},{\"@type\":\"ListItem\",\"position\":2,\"name\":\"HARBOUR ISLAND\",\"item\":\"https:\\\/\\\/officialeleutheraharbourisland.com\\\/fr\\\/harbour-island\\\/\"},{\"@type\":\"ListItem\",\"position\":3,\"name\":\"QUE VOIR\",\"item\":\"https:\\\/\\\/officialeleutheraharbourisland.com\\\/fr\\\/harbour-island\\\/que-voir\\\/\"},{\"@type\":\"ListItem\",\"position\":4,\"name\":\"Voir \u00e0 Harbour Island\",\"item\":\"https:\\\/\\\/officialeleutheraharbourisland.com\\\/fr\\\/harbour-island\\\/choses-a-voir__trashed\\\/voir-a-harbour-island\\\/\"},{\"@type\":\"ListItem\",\"position\":5,\"name\":\"Government Dock\"}]},{\"@type\":\"WebSite\",\"@id\":\"https:\\\/\\\/officialeleutheraharbourisland.com\\\/#website\",\"url\":\"https:\\\/\\\/officialeleutheraharbourisland.com\\\/\",\"name\":\"Official Eleuthera Harbour Island\",\"description\":\"Where Beauty &amp; Nature Meet\",\"publisher\":{\"@id\":\"https:\\\/\\\/officialeleutheraharbourisland.com\\\/#organization\"},\"potentialAction\":[{\"@type\":\"SearchAction\",\"target\":{\"@type\":\"EntryPoint\",\"urlTemplate\":\"https:\\\/\\\/officialeleutheraharbourisland.com\\\/?s={search_term_string}\"},\"query-input\":{\"@type\":\"PropertyValueSpecification\",\"valueRequired\":true,\"valueName\":\"search_term_string\"}}],\"inLanguage\":\"fr-FR\"},{\"@type\":\"Organization\",\"@id\":\"https:\\\/\\\/officialeleutheraharbourisland.com\\\/#organization\",\"name\":\"Official Eleuthera Harbour Island\",\"url\":\"https:\\\/\\\/officialeleutheraharbourisland.com\\\/\",\"logo\":{\"@type\":\"ImageObject\",\"inLanguage\":\"fr-FR\",\"@id\":\"https:\\\/\\\/officialeleutheraharbourisland.com\\\/#\\\/schema\\\/logo\\\/image\\\/\",\"url\":\"https:\\\/\\\/officialeleutheraharbourisland.com\\\/wp-content\\\/uploads\\\/2022\\\/03\\\/logo-new-GREY-275.png\",\"contentUrl\":\"https:\\\/\\\/officialeleutheraharbourisland.com\\\/wp-content\\\/uploads\\\/2022\\\/03\\\/logo-new-GREY-275.png\",\"width\":275,\"height\":22,\"caption\":\"Official Eleuthera Harbour Island\"},\"image\":{\"@id\":\"https:\\\/\\\/officialeleutheraharbourisland.com\\\/#\\\/schema\\\/logo\\\/image\\\/\"}}]}<\/script>\n<!-- \/ Yoast SEO Premium plugin. -->","yoast_head_json":{"title":"Government Dock \u00e0 Harbour Island. Choses \u00e0 voir Harbour Island.","description":"Official Eleuthera Harbour Island votre guide touristique vous donne des informations sur Government Dock \u00e0 Harbour Island, Bahamas.","robots":{"index":"index","follow":"follow","max-snippet":"max-snippet:-1","max-image-preview":"max-image-preview:large","max-video-preview":"max-video-preview:-1"},"canonical":"https:\/\/officialeleutheraharbourisland.com\/fr\/harbour-island\/que-voir\/voir-a-harbour-island\/government-dock\/","og_locale":"fr_FR","og_type":"article","og_title":"Government Dock","og_description":"Official Eleuthera Harbour Island votre guide touristique vous donne des informations sur Government Dock \u00e0 Harbour Island, Bahamas.","og_url":"https:\/\/officialeleutheraharbourisland.com\/fr\/harbour-island\/que-voir\/voir-a-harbour-island\/government-dock\/","og_site_name":"Official Eleuthera Harbour Island","article_modified_time":"2023-04-25T17:26:46+00:00","og_image":[{"width":2560,"height":1700,"url":"https:\/\/officialeleutheraharbourisland.com\/wp-content\/uploads\/2022\/04\/goverment-dock-2-scaled.jpeg","type":"image\/jpeg"}],"twitter_card":"summary_large_image","twitter_misc":{"Dur\u00e9e de lecture estim\u00e9e":"1 minute"},"schema":{"@context":"https:\/\/schema.org","@graph":[{"@type":"WebPage","@id":"https:\/\/officialeleutheraharbourisland.com\/fr\/harbour-island\/que-voir\/voir-a-harbour-island\/government-dock\/","url":"https:\/\/officialeleutheraharbourisland.com\/fr\/harbour-island\/que-voir\/voir-a-harbour-island\/government-dock\/","name":"Government Dock \u00e0 Harbour Island. Choses \u00e0 voir Harbour Island.","isPartOf":{"@id":"https:\/\/officialeleutheraharbourisland.com\/#website"},"primaryImageOfPage":{"@id":"https:\/\/officialeleutheraharbourisland.com\/fr\/harbour-island\/que-voir\/voir-a-harbour-island\/government-dock\/#primaryimage"},"image":{"@id":"https:\/\/officialeleutheraharbourisland.com\/fr\/harbour-island\/que-voir\/voir-a-harbour-island\/government-dock\/#primaryimage"},"thumbnailUrl":"https:\/\/officialeleutheraharbourisland.com\/wp-content\/uploads\/2022\/04\/goverment-dock-2-scaled.jpeg","datePublished":"2023-01-24T20:13:11+00:00","dateModified":"2023-04-25T17:26:46+00:00","description":"Official Eleuthera Harbour Island votre guide touristique vous donne des informations sur Government Dock \u00e0 Harbour Island, Bahamas.","breadcrumb":{"@id":"https:\/\/officialeleutheraharbourisland.com\/fr\/harbour-island\/que-voir\/voir-a-harbour-island\/government-dock\/#breadcrumb"},"inLanguage":"fr-FR","potentialAction":[{"@type":"ReadAction","target":["https:\/\/officialeleutheraharbourisland.com\/fr\/harbour-island\/que-voir\/voir-a-harbour-island\/government-dock\/"]}]},{"@type":"ImageObject","inLanguage":"fr-FR","@id":"https:\/\/officialeleutheraharbourisland.com\/fr\/harbour-island\/que-voir\/voir-a-harbour-island\/government-dock\/#primaryimage","url":"https:\/\/officialeleutheraharbourisland.com\/wp-content\/uploads\/2022\/04\/goverment-dock-2-scaled.jpeg","contentUrl":"https:\/\/officialeleutheraharbourisland.com\/wp-content\/uploads\/2022\/04\/goverment-dock-2-scaled.jpeg","width":2560,"height":1700},{"@type":"BreadcrumbList","@id":"https:\/\/officialeleutheraharbourisland.com\/fr\/harbour-island\/que-voir\/voir-a-harbour-island\/government-dock\/#breadcrumb","itemListElement":[{"@type":"ListItem","position":1,"name":"Home","item":"https:\/\/officialeleutheraharbourisland.com\/fr\/"},{"@type":"ListItem","position":2,"name":"HARBOUR ISLAND","item":"https:\/\/officialeleutheraharbourisland.com\/fr\/harbour-island\/"},{"@type":"ListItem","position":3,"name":"QUE VOIR","item":"https:\/\/officialeleutheraharbourisland.com\/fr\/harbour-island\/que-voir\/"},{"@type":"ListItem","position":4,"name":"Voir \u00e0 Harbour Island","item":"https:\/\/officialeleutheraharbourisland.com\/fr\/harbour-island\/choses-a-voir__trashed\/voir-a-harbour-island\/"},{"@type":"ListItem","position":5,"name":"Government Dock"}]},{"@type":"WebSite","@id":"https:\/\/officialeleutheraharbourisland.com\/#website","url":"https:\/\/officialeleutheraharbourisland.com\/","name":"Official Eleuthera Harbour Island","description":"Where Beauty &amp; Nature Meet","publisher":{"@id":"https:\/\/officialeleutheraharbourisland.com\/#organization"},"potentialAction":[{"@type":"SearchAction","target":{"@type":"EntryPoint","urlTemplate":"https:\/\/officialeleutheraharbourisland.com\/?s={search_term_string}"},"query-input":{"@type":"PropertyValueSpecification","valueRequired":true,"valueName":"search_term_string"}}],"inLanguage":"fr-FR"},{"@type":"Organization","@id":"https:\/\/officialeleutheraharbourisland.com\/#organization","name":"Official Eleuthera Harbour Island","url":"https:\/\/officialeleutheraharbourisland.com\/","logo":{"@type":"ImageObject","inLanguage":"fr-FR","@id":"https:\/\/officialeleutheraharbourisland.com\/#\/schema\/logo\/image\/","url":"https:\/\/officialeleutheraharbourisland.com\/wp-content\/uploads\/2022\/03\/logo-new-GREY-275.png","contentUrl":"https:\/\/officialeleutheraharbourisland.com\/wp-content\/uploads\/2022\/03\/logo-new-GREY-275.png","width":275,"height":22,"caption":"Official Eleuthera Harbour Island"},"image":{"@id":"https:\/\/officialeleutheraharbourisland.com\/#\/schema\/logo\/image\/"}}]}},"jetpack_sharing_enabled":true,"_links":{"self":[{"href":"https:\/\/officialeleutheraharbourisland.com\/fr\/wp-json\/wp\/v2\/pages\/74952","targetHints":{"allow":["GET"]}}],"collection":[{"href":"https:\/\/officialeleutheraharbourisland.com\/fr\/wp-json\/wp\/v2\/pages"}],"about":[{"href":"https:\/\/officialeleutheraharbourisland.com\/fr\/wp-json\/wp\/v2\/types\/page"}],"author":[{"embeddable":true,"href":"https:\/\/officialeleutheraharbourisland.com\/fr\/wp-json\/wp\/v2\/users\/1"}],"replies":[{"embeddable":true,"href":"https:\/\/officialeleutheraharbourisland.com\/fr\/wp-json\/wp\/v2\/comments?post=74952"}],"version-history":[{"count":2,"href":"https:\/\/officialeleutheraharbourisland.com\/fr\/wp-json\/wp\/v2\/pages\/74952\/revisions"}],"predecessor-version":[{"id":74955,"href":"https:\/\/officialeleutheraharbourisland.com\/fr\/wp-json\/wp\/v2\/pages\/74952\/revisions\/74955"}],"up":[{"embeddable":true,"href":"https:\/\/officialeleutheraharbourisland.com\/fr\/wp-json\/wp\/v2\/pages\/74812"}],"wp:featuredmedia":[{"embeddable":true,"href":"https:\/\/officialeleutheraharbourisland.com\/fr\/wp-json\/wp\/v2\/media\/62071"}],"wp:attachment":[{"href":"https:\/\/officialeleutheraharbourisland.com\/fr\/wp-json\/wp\/v2\/media?parent=74952"}],"wp:term":[{"taxonomy":"category","embeddable":true,"href":"https:\/\/officialeleutheraharbourisland.com\/fr\/wp-json\/wp\/v2\/categories?post=74952"},{"taxonomy":"post_tag","embeddable":true,"href":"https:\/\/officialeleutheraharbourisland.com\/fr\/wp-json\/wp\/v2\/tags?post=74952"}],"curies":[{"name":"wp","href":"https:\/\/api.w.org\/{rel}","templated":true}]}}