{"id":74964,"date":"2023-01-24T20:13:11","date_gmt":"2023-01-24T20:13:11","guid":{"rendered":"https:\/\/officialeleutheraharbourisland.com\/harbour-island\/que-voir\/voir-a-harbour-island\/the-lone-tree\/"},"modified":"2023-04-25T18:08:29","modified_gmt":"2023-04-25T18:08:29","slug":"larbre-solitaire","status":"publish","type":"page","link":"https:\/\/officialeleutheraharbourisland.com\/fr\/harbour-island\/que-voir\/voir-a-harbour-island\/larbre-solitaire\/","title":{"rendered":"L\u2019arbre Solitaire"},"content":{"rendered":"<div class=\"wpb-content-wrapper\"><p>[vc_row css=\u00a0\u00bb.vc_custom_1650996412893{padding-bottom: 50px !important;}\u00a0\u00bb][vc_column]<div id=\"ultimate-heading-149369e2cfcd645d5\" class=\"uvc-heading ult-adjust-bottom-margin ultimate-heading-149369e2cfcd645d5 uvc-5630 \" data-hspacer=\"no_spacer\"  data-halign=\"center\" style=\"text-align:center\"><div class=\"uvc-heading-spacer no_spacer\" style=\"top\"><\/div><div class=\"uvc-main-heading ult-responsive\"  data-ultimate-target='.uvc-heading.ultimate-heading-149369e2cfcd645d5 h2'  data-responsive-json-new='{\"font-size\":\"\",\"line-height\":\"\"}' ><h2 style=\"font-weight:normal;margin-bottom:10px;\">L\u2019arbre Solitaire<\/h2><\/div><\/div><div class=\"hr-thin style-line accent-border-color\" style=\"width: 100px;border-top-width: 3px;\"><\/div>[vc_column_text css=\u00a0\u00bb.vc_custom_1682445631125{padding-top: 30px !important;}\u00a0\u00bb]<span style=\"font-weight: 400;\">On dit que cet \u00e9norme morceau de bois flott\u00e9 s&rsquo;est \u00e9chou\u00e9 sur le rivage apr\u00e8s une mauvaise temp\u00eate et s&rsquo;est ancr\u00e9 sur le banc de sable peu profond en position verticale , offrant la s\u00e9ance photo parfaite pour d&rsquo;innombrables touristes..<\/span><\/p>\n<p><span style=\"font-weight: 400;\">L&rsquo;arbre solitaire reste\u00a0 un myst\u00e8re en soi. Il se serait \u00e9chou\u00e9 sur la plage il y a des ann\u00e9es lors de l&rsquo;ouragan Andrew en 1992 et n&rsquo;est jamais reparti ! L&rsquo;arbre lui-m\u00eame n&rsquo;est plus vivant, et son tronc est suppos\u00e9 avoir plus de 50 ans !<\/span><\/p>\n<p><span style=\"font-weight: 400;\">En vous arr\u00eatant sur l&rsquo;\u00eele, vous verrez au loin une silhouette \u00e9trange, se tenant\u00a0 debout. En l&rsquo;observant de plus pr\u00e8s, vous remarquerez qu&rsquo;il s&rsquo;agit en fait d&rsquo;un grand arbre.\u00a0<\/span><\/p>\n<p><span style=\"font-weight: 400;\">Ce morceau de bois flott\u00e9 se dresse seul sur le sable, et c\u2019est l\u2019une des photos les plus pris\u00e9es sur l\u2019\u00eele tant il semble sorti de nulle part !\u00a0 Magnifique sculpture naturelle \u00e9mergeant de la plage de sable , entour\u00e9e uniquement d\u2019eau , c\u2019est une vraie splendeur\u2026Certains disent qu\u2019il s\u2019agissait autrefois d\u2019 un arbre fruitier \u00e0 noix, d\u2019autres pensent qu&rsquo;il s&rsquo;agit d&rsquo;une esp\u00e8ce locale de pin.<\/span><\/p>\n<p><span style=\"font-weight: 400;\">Fait int\u00e9ressant, l&rsquo;arbre s&rsquo;est enracin\u00e9 debout et il en est ainsi depuis son arriv\u00e9e. Lors des mar\u00e9es hautes, l&rsquo;arbre change de position et peut changer de stature en fonction des vents.<\/span><\/p>\n<p><span style=\"font-weight: 400;\">Il est depuis devenu un monument c\u00e9l\u00e8bre et un vestige symbolique de l&rsquo;histoire de l&rsquo;\u00eele. L&rsquo;arbre est devenu un objet iconique pour de nombreuses s\u00e9ances photo pour des publicit\u00e9s, magazines ou albums de mariages.<\/span>[\/vc_column_text][\/vc_column][\/vc_row][vc_row css=\u00a0\u00bb.vc_custom_1650996499970{padding-bottom: 50px !important;}\u00a0\u00bb][vc_column]<style type=\"text\/css\" data-type=\"the7_shortcodes-inline-css\">.shortcode-single-image-wrap.shortcode-single-image-97f9e323d938b21718ef96dfcf806aef.enable-bg-rollover .rollover i,\n.shortcode-single-image-wrap.shortcode-single-image-97f9e323d938b21718ef96dfcf806aef.enable-bg-rollover .rollover-video i {\n  background: -webkit-linear-gradient();\n  background: linear-gradient();\n}\n.shortcode-single-image-wrap.shortcode-single-image-97f9e323d938b21718ef96dfcf806aef .rollover-icon {\n  font-size: 32px;\n  color: #ffffff;\n  min-width: 44px;\n  min-height: 44px;\n  line-height: 44px;\n  border-radius: 100px;\n  border-style: solid;\n  border-width: 0px;\n}\n.dt-icon-bg-on.shortcode-single-image-wrap.shortcode-single-image-97f9e323d938b21718ef96dfcf806aef .rollover-icon {\n  background: rgba(255,255,255,0.3);\n  box-shadow: none;\n}\n<\/style><div class=\"shortcode-single-image-wrap shortcode-single-image-97f9e323d938b21718ef96dfcf806aef alignnone  enable-bg-rollover dt-icon-bg-off\" style=\"margin-top:0px; margin-bottom:0px; margin-left:0px; margin-right:0px;\" data-pretty-share=\"facebook,twitter,pinterest,linkedin\"><div class=\"shortcode-single-image\"><div class=\"fancy-media-wrap  layzr-bg\" style=\"\"><img fetchpriority=\"high\" decoding=\"async\" class=\"preload-me lazy-load aspect\" src=\"data:image\/svg+xml,%3Csvg%20xmlns%3D&#39;http%3A%2F%2Fwww.w3.org%2F2000%2Fsvg&#39;%20viewBox%3D&#39;0%200%20720%20527&#39;%2F%3E\" data-src=\"https:\/\/officialeleutheraharbourisland.com\/wp-content\/uploads\/2022\/04\/The-Lone-Tree.jpg\" data-srcset=\"https:\/\/officialeleutheraharbourisland.com\/wp-content\/uploads\/2022\/04\/The-Lone-Tree.jpg 720w\" loading=\"eager\" sizes=\"(max-width: 720px) 100vw, 720px\" width=\"720\" height=\"527\"  data-dt-location=\"https:\/\/officialeleutheraharbourisland.com\/fr\/the-lone-tree-2\/\" style=\"--ratio: 720 \/ 527;\" alt=\"The Lone Tree\" \/><\/div><\/div><\/div>[\/vc_column][\/vc_row]<\/p>\n<\/div>","protected":false},"excerpt":{"rendered":"<p>[vc_row css=\u00a0\u00bb.vc_custom_1650996412893{padding-bottom: 50px !important;}\u00a0\u00bb][vc_column][vc_column_text css=\u00a0\u00bb.vc_custom_1682445631125{padding-top: 30px !important;}\u00a0\u00bb]On dit que cet \u00e9norme morceau de bois flott\u00e9 s&rsquo;est \u00e9chou\u00e9 sur le rivage apr\u00e8s une mauvaise temp\u00eate et s&rsquo;est ancr\u00e9 sur le banc de sable peu profond en position verticale , offrant la s\u00e9ance photo parfaite pour d&rsquo;innombrables touristes.. L&rsquo;arbre solitaire reste\u00a0 un myst\u00e8re en soi. Il se&hellip;<\/p>\n","protected":false},"author":1,"featured_media":61763,"parent":74812,"menu_order":0,"comment_status":"closed","ping_status":"closed","template":"","meta":{"footnotes":""},"categories":[],"tags":[1217],"class_list":["post-74964","page","type-page","status-publish","has-post-thumbnail","hentry","tag-see-in-harbour-island-fr-2","description-off"],"yoast_head":"<!-- This site is optimized with the Yoast SEO Premium plugin v25.2 (Yoast SEO v27.4) - https:\/\/yoast.com\/product\/yoast-seo-premium-wordpress\/ -->\n<title>L\u2019arbre Solitaire \u00e0 Harbour Island. Choses \u00e0 voir Harbour Island.<\/title>\n<meta name=\"description\" content=\"Official Eleuthera Harbour Island votre guide de vacances vous donne des informations sur L\u2019arbre Solitaire \u00e0 Harbour Island, aux Bahamas. Choses \u00e0 voir.\" \/>\n<meta name=\"robots\" content=\"index, follow, max-snippet:-1, max-image-preview:large, max-video-preview:-1\" \/>\n<link rel=\"canonical\" href=\"https:\/\/officialeleutheraharbourisland.com\/fr\/harbour-island\/que-voir\/voir-a-harbour-island\/larbre-solitaire\/\" \/>\n<meta property=\"og:locale\" content=\"fr_FR\" \/>\n<meta property=\"og:type\" content=\"article\" \/>\n<meta property=\"og:title\" content=\"L\u2019arbre Solitaire\" \/>\n<meta property=\"og:description\" content=\"Official Eleuthera Harbour Island votre guide de vacances vous donne des informations sur L\u2019arbre Solitaire \u00e0 Harbour Island, aux Bahamas. Choses \u00e0 voir.\" \/>\n<meta property=\"og:url\" content=\"https:\/\/officialeleutheraharbourisland.com\/fr\/harbour-island\/que-voir\/voir-a-harbour-island\/larbre-solitaire\/\" \/>\n<meta property=\"og:site_name\" content=\"Official Eleuthera Harbour Island\" \/>\n<meta property=\"article:modified_time\" content=\"2023-04-25T18:08:29+00:00\" \/>\n<meta property=\"og:image\" content=\"https:\/\/officialeleutheraharbourisland.com\/wp-content\/uploads\/2022\/04\/The-Lone-Tree.jpg\" \/>\n\t<meta property=\"og:image:width\" content=\"720\" \/>\n\t<meta property=\"og:image:height\" content=\"527\" \/>\n\t<meta property=\"og:image:type\" content=\"image\/jpeg\" \/>\n<meta name=\"twitter:card\" content=\"summary_large_image\" \/>\n<meta name=\"twitter:label1\" content=\"Dur\u00e9e de lecture estim\u00e9e\" \/>\n\t<meta name=\"twitter:data1\" content=\"2 minutes\" \/>\n<script type=\"application\/ld+json\" class=\"yoast-schema-graph\">{\"@context\":\"https:\\\/\\\/schema.org\",\"@graph\":[{\"@type\":\"WebPage\",\"@id\":\"https:\\\/\\\/officialeleutheraharbourisland.com\\\/fr\\\/harbour-island\\\/que-voir\\\/voir-a-harbour-island\\\/larbre-solitaire\\\/\",\"url\":\"https:\\\/\\\/officialeleutheraharbourisland.com\\\/fr\\\/harbour-island\\\/que-voir\\\/voir-a-harbour-island\\\/larbre-solitaire\\\/\",\"name\":\"L\u2019arbre Solitaire \u00e0 Harbour Island. Choses \u00e0 voir Harbour Island.\",\"isPartOf\":{\"@id\":\"https:\\\/\\\/officialeleutheraharbourisland.com\\\/#website\"},\"primaryImageOfPage\":{\"@id\":\"https:\\\/\\\/officialeleutheraharbourisland.com\\\/fr\\\/harbour-island\\\/que-voir\\\/voir-a-harbour-island\\\/larbre-solitaire\\\/#primaryimage\"},\"image\":{\"@id\":\"https:\\\/\\\/officialeleutheraharbourisland.com\\\/fr\\\/harbour-island\\\/que-voir\\\/voir-a-harbour-island\\\/larbre-solitaire\\\/#primaryimage\"},\"thumbnailUrl\":\"https:\\\/\\\/officialeleutheraharbourisland.com\\\/wp-content\\\/uploads\\\/2022\\\/04\\\/The-Lone-Tree.jpg\",\"datePublished\":\"2023-01-24T20:13:11+00:00\",\"dateModified\":\"2023-04-25T18:08:29+00:00\",\"description\":\"Official Eleuthera Harbour Island votre guide de vacances vous donne des informations sur L\u2019arbre Solitaire \u00e0 Harbour Island, aux Bahamas. Choses \u00e0 voir.\",\"breadcrumb\":{\"@id\":\"https:\\\/\\\/officialeleutheraharbourisland.com\\\/fr\\\/harbour-island\\\/que-voir\\\/voir-a-harbour-island\\\/larbre-solitaire\\\/#breadcrumb\"},\"inLanguage\":\"fr-FR\",\"potentialAction\":[{\"@type\":\"ReadAction\",\"target\":[\"https:\\\/\\\/officialeleutheraharbourisland.com\\\/fr\\\/harbour-island\\\/que-voir\\\/voir-a-harbour-island\\\/larbre-solitaire\\\/\"]}]},{\"@type\":\"ImageObject\",\"inLanguage\":\"fr-FR\",\"@id\":\"https:\\\/\\\/officialeleutheraharbourisland.com\\\/fr\\\/harbour-island\\\/que-voir\\\/voir-a-harbour-island\\\/larbre-solitaire\\\/#primaryimage\",\"url\":\"https:\\\/\\\/officialeleutheraharbourisland.com\\\/wp-content\\\/uploads\\\/2022\\\/04\\\/The-Lone-Tree.jpg\",\"contentUrl\":\"https:\\\/\\\/officialeleutheraharbourisland.com\\\/wp-content\\\/uploads\\\/2022\\\/04\\\/The-Lone-Tree.jpg\",\"width\":720,\"height\":527},{\"@type\":\"BreadcrumbList\",\"@id\":\"https:\\\/\\\/officialeleutheraharbourisland.com\\\/fr\\\/harbour-island\\\/que-voir\\\/voir-a-harbour-island\\\/larbre-solitaire\\\/#breadcrumb\",\"itemListElement\":[{\"@type\":\"ListItem\",\"position\":1,\"name\":\"Home\",\"item\":\"https:\\\/\\\/officialeleutheraharbourisland.com\\\/fr\\\/\"},{\"@type\":\"ListItem\",\"position\":2,\"name\":\"HARBOUR ISLAND\",\"item\":\"https:\\\/\\\/officialeleutheraharbourisland.com\\\/fr\\\/harbour-island\\\/\"},{\"@type\":\"ListItem\",\"position\":3,\"name\":\"QUE VOIR\",\"item\":\"https:\\\/\\\/officialeleutheraharbourisland.com\\\/fr\\\/harbour-island\\\/que-voir\\\/\"},{\"@type\":\"ListItem\",\"position\":4,\"name\":\"Voir \u00e0 Harbour Island\",\"item\":\"https:\\\/\\\/officialeleutheraharbourisland.com\\\/fr\\\/harbour-island\\\/choses-a-voir__trashed\\\/voir-a-harbour-island\\\/\"},{\"@type\":\"ListItem\",\"position\":5,\"name\":\"L\u2019arbre Solitaire\"}]},{\"@type\":\"WebSite\",\"@id\":\"https:\\\/\\\/officialeleutheraharbourisland.com\\\/#website\",\"url\":\"https:\\\/\\\/officialeleutheraharbourisland.com\\\/\",\"name\":\"Official Eleuthera Harbour Island\",\"description\":\"Where Beauty &amp; Nature Meet\",\"publisher\":{\"@id\":\"https:\\\/\\\/officialeleutheraharbourisland.com\\\/#organization\"},\"potentialAction\":[{\"@type\":\"SearchAction\",\"target\":{\"@type\":\"EntryPoint\",\"urlTemplate\":\"https:\\\/\\\/officialeleutheraharbourisland.com\\\/?s={search_term_string}\"},\"query-input\":{\"@type\":\"PropertyValueSpecification\",\"valueRequired\":true,\"valueName\":\"search_term_string\"}}],\"inLanguage\":\"fr-FR\"},{\"@type\":\"Organization\",\"@id\":\"https:\\\/\\\/officialeleutheraharbourisland.com\\\/#organization\",\"name\":\"Official Eleuthera Harbour Island\",\"url\":\"https:\\\/\\\/officialeleutheraharbourisland.com\\\/\",\"logo\":{\"@type\":\"ImageObject\",\"inLanguage\":\"fr-FR\",\"@id\":\"https:\\\/\\\/officialeleutheraharbourisland.com\\\/#\\\/schema\\\/logo\\\/image\\\/\",\"url\":\"https:\\\/\\\/officialeleutheraharbourisland.com\\\/wp-content\\\/uploads\\\/2022\\\/03\\\/logo-new-GREY-275.png\",\"contentUrl\":\"https:\\\/\\\/officialeleutheraharbourisland.com\\\/wp-content\\\/uploads\\\/2022\\\/03\\\/logo-new-GREY-275.png\",\"width\":275,\"height\":22,\"caption\":\"Official Eleuthera Harbour Island\"},\"image\":{\"@id\":\"https:\\\/\\\/officialeleutheraharbourisland.com\\\/#\\\/schema\\\/logo\\\/image\\\/\"}}]}<\/script>\n<!-- \/ Yoast SEO Premium plugin. -->","yoast_head_json":{"title":"L\u2019arbre Solitaire \u00e0 Harbour Island. Choses \u00e0 voir Harbour Island.","description":"Official Eleuthera Harbour Island votre guide de vacances vous donne des informations sur L\u2019arbre Solitaire \u00e0 Harbour Island, aux Bahamas. Choses \u00e0 voir.","robots":{"index":"index","follow":"follow","max-snippet":"max-snippet:-1","max-image-preview":"max-image-preview:large","max-video-preview":"max-video-preview:-1"},"canonical":"https:\/\/officialeleutheraharbourisland.com\/fr\/harbour-island\/que-voir\/voir-a-harbour-island\/larbre-solitaire\/","og_locale":"fr_FR","og_type":"article","og_title":"L\u2019arbre Solitaire","og_description":"Official Eleuthera Harbour Island votre guide de vacances vous donne des informations sur L\u2019arbre Solitaire \u00e0 Harbour Island, aux Bahamas. Choses \u00e0 voir.","og_url":"https:\/\/officialeleutheraharbourisland.com\/fr\/harbour-island\/que-voir\/voir-a-harbour-island\/larbre-solitaire\/","og_site_name":"Official Eleuthera Harbour Island","article_modified_time":"2023-04-25T18:08:29+00:00","og_image":[{"width":720,"height":527,"url":"https:\/\/officialeleutheraharbourisland.com\/wp-content\/uploads\/2022\/04\/The-Lone-Tree.jpg","type":"image\/jpeg"}],"twitter_card":"summary_large_image","twitter_misc":{"Dur\u00e9e de lecture estim\u00e9e":"2 minutes"},"schema":{"@context":"https:\/\/schema.org","@graph":[{"@type":"WebPage","@id":"https:\/\/officialeleutheraharbourisland.com\/fr\/harbour-island\/que-voir\/voir-a-harbour-island\/larbre-solitaire\/","url":"https:\/\/officialeleutheraharbourisland.com\/fr\/harbour-island\/que-voir\/voir-a-harbour-island\/larbre-solitaire\/","name":"L\u2019arbre Solitaire \u00e0 Harbour Island. Choses \u00e0 voir Harbour Island.","isPartOf":{"@id":"https:\/\/officialeleutheraharbourisland.com\/#website"},"primaryImageOfPage":{"@id":"https:\/\/officialeleutheraharbourisland.com\/fr\/harbour-island\/que-voir\/voir-a-harbour-island\/larbre-solitaire\/#primaryimage"},"image":{"@id":"https:\/\/officialeleutheraharbourisland.com\/fr\/harbour-island\/que-voir\/voir-a-harbour-island\/larbre-solitaire\/#primaryimage"},"thumbnailUrl":"https:\/\/officialeleutheraharbourisland.com\/wp-content\/uploads\/2022\/04\/The-Lone-Tree.jpg","datePublished":"2023-01-24T20:13:11+00:00","dateModified":"2023-04-25T18:08:29+00:00","description":"Official Eleuthera Harbour Island votre guide de vacances vous donne des informations sur L\u2019arbre Solitaire \u00e0 Harbour Island, aux Bahamas. Choses \u00e0 voir.","breadcrumb":{"@id":"https:\/\/officialeleutheraharbourisland.com\/fr\/harbour-island\/que-voir\/voir-a-harbour-island\/larbre-solitaire\/#breadcrumb"},"inLanguage":"fr-FR","potentialAction":[{"@type":"ReadAction","target":["https:\/\/officialeleutheraharbourisland.com\/fr\/harbour-island\/que-voir\/voir-a-harbour-island\/larbre-solitaire\/"]}]},{"@type":"ImageObject","inLanguage":"fr-FR","@id":"https:\/\/officialeleutheraharbourisland.com\/fr\/harbour-island\/que-voir\/voir-a-harbour-island\/larbre-solitaire\/#primaryimage","url":"https:\/\/officialeleutheraharbourisland.com\/wp-content\/uploads\/2022\/04\/The-Lone-Tree.jpg","contentUrl":"https:\/\/officialeleutheraharbourisland.com\/wp-content\/uploads\/2022\/04\/The-Lone-Tree.jpg","width":720,"height":527},{"@type":"BreadcrumbList","@id":"https:\/\/officialeleutheraharbourisland.com\/fr\/harbour-island\/que-voir\/voir-a-harbour-island\/larbre-solitaire\/#breadcrumb","itemListElement":[{"@type":"ListItem","position":1,"name":"Home","item":"https:\/\/officialeleutheraharbourisland.com\/fr\/"},{"@type":"ListItem","position":2,"name":"HARBOUR ISLAND","item":"https:\/\/officialeleutheraharbourisland.com\/fr\/harbour-island\/"},{"@type":"ListItem","position":3,"name":"QUE VOIR","item":"https:\/\/officialeleutheraharbourisland.com\/fr\/harbour-island\/que-voir\/"},{"@type":"ListItem","position":4,"name":"Voir \u00e0 Harbour Island","item":"https:\/\/officialeleutheraharbourisland.com\/fr\/harbour-island\/choses-a-voir__trashed\/voir-a-harbour-island\/"},{"@type":"ListItem","position":5,"name":"L\u2019arbre Solitaire"}]},{"@type":"WebSite","@id":"https:\/\/officialeleutheraharbourisland.com\/#website","url":"https:\/\/officialeleutheraharbourisland.com\/","name":"Official Eleuthera Harbour Island","description":"Where Beauty &amp; Nature Meet","publisher":{"@id":"https:\/\/officialeleutheraharbourisland.com\/#organization"},"potentialAction":[{"@type":"SearchAction","target":{"@type":"EntryPoint","urlTemplate":"https:\/\/officialeleutheraharbourisland.com\/?s={search_term_string}"},"query-input":{"@type":"PropertyValueSpecification","valueRequired":true,"valueName":"search_term_string"}}],"inLanguage":"fr-FR"},{"@type":"Organization","@id":"https:\/\/officialeleutheraharbourisland.com\/#organization","name":"Official Eleuthera Harbour Island","url":"https:\/\/officialeleutheraharbourisland.com\/","logo":{"@type":"ImageObject","inLanguage":"fr-FR","@id":"https:\/\/officialeleutheraharbourisland.com\/#\/schema\/logo\/image\/","url":"https:\/\/officialeleutheraharbourisland.com\/wp-content\/uploads\/2022\/03\/logo-new-GREY-275.png","contentUrl":"https:\/\/officialeleutheraharbourisland.com\/wp-content\/uploads\/2022\/03\/logo-new-GREY-275.png","width":275,"height":22,"caption":"Official Eleuthera Harbour Island"},"image":{"@id":"https:\/\/officialeleutheraharbourisland.com\/#\/schema\/logo\/image\/"}}]}},"jetpack_sharing_enabled":true,"_links":{"self":[{"href":"https:\/\/officialeleutheraharbourisland.com\/fr\/wp-json\/wp\/v2\/pages\/74964","targetHints":{"allow":["GET"]}}],"collection":[{"href":"https:\/\/officialeleutheraharbourisland.com\/fr\/wp-json\/wp\/v2\/pages"}],"about":[{"href":"https:\/\/officialeleutheraharbourisland.com\/fr\/wp-json\/wp\/v2\/types\/page"}],"author":[{"embeddable":true,"href":"https:\/\/officialeleutheraharbourisland.com\/fr\/wp-json\/wp\/v2\/users\/1"}],"replies":[{"embeddable":true,"href":"https:\/\/officialeleutheraharbourisland.com\/fr\/wp-json\/wp\/v2\/comments?post=74964"}],"version-history":[{"count":2,"href":"https:\/\/officialeleutheraharbourisland.com\/fr\/wp-json\/wp\/v2\/pages\/74964\/revisions"}],"predecessor-version":[{"id":74967,"href":"https:\/\/officialeleutheraharbourisland.com\/fr\/wp-json\/wp\/v2\/pages\/74964\/revisions\/74967"}],"up":[{"embeddable":true,"href":"https:\/\/officialeleutheraharbourisland.com\/fr\/wp-json\/wp\/v2\/pages\/74812"}],"wp:featuredmedia":[{"embeddable":true,"href":"https:\/\/officialeleutheraharbourisland.com\/fr\/wp-json\/wp\/v2\/media\/61763"}],"wp:attachment":[{"href":"https:\/\/officialeleutheraharbourisland.com\/fr\/wp-json\/wp\/v2\/media?parent=74964"}],"wp:term":[{"taxonomy":"category","embeddable":true,"href":"https:\/\/officialeleutheraharbourisland.com\/fr\/wp-json\/wp\/v2\/categories?post=74964"},{"taxonomy":"post_tag","embeddable":true,"href":"https:\/\/officialeleutheraharbourisland.com\/fr\/wp-json\/wp\/v2\/tags?post=74964"}],"curies":[{"name":"wp","href":"https:\/\/api.w.org\/{rel}","templated":true}]}}