{"id":74968,"date":"2023-01-24T20:13:11","date_gmt":"2023-01-24T20:13:11","guid":{"rendered":"https:\/\/officialeleutheraharbourisland.com\/harbour-island\/que-voir\/voir-a-harbour-island\/briland-club-marina\/"},"modified":"2023-04-25T18:16:17","modified_gmt":"2023-04-25T18:16:17","slug":"marina-briland-club","status":"publish","type":"page","link":"https:\/\/officialeleutheraharbourisland.com\/fr\/harbour-island\/que-voir\/voir-a-harbour-island\/marina-briland-club\/","title":{"rendered":"Marina Briland Club"},"content":{"rendered":"<div class=\"wpb-content-wrapper\"><p>[vc_row css=\u00a0\u00bb.vc_custom_1650996412893{padding-bottom: 50px !important;}\u00a0\u00bb][vc_column]<div id=\"ultimate-heading-556869e2cfced9b2a\" class=\"uvc-heading ult-adjust-bottom-margin ultimate-heading-556869e2cfced9b2a uvc-3710 \" data-hspacer=\"no_spacer\"  data-halign=\"center\" style=\"text-align:center\"><div class=\"uvc-heading-spacer no_spacer\" style=\"top\"><\/div><div class=\"uvc-main-heading ult-responsive\"  data-ultimate-target='.uvc-heading.ultimate-heading-556869e2cfced9b2a h2'  data-responsive-json-new='{\"font-size\":\"\",\"line-height\":\"\"}' ><h2 style=\"font-weight:normal;margin-bottom:10px;\">Marina Briland Club <\/h2><\/div><\/div><div class=\"hr-thin style-line accent-border-color\" style=\"width: 100px;border-top-width: 3px;\"><\/div>[vc_column_text css=\u00a0\u00bb.vc_custom_1682446450634{padding-top: 30px !important;}\u00a0\u00bb]<span style=\"font-weight: 400;\">La Marina de Briland n\u2019accueille pas de grands navires de touristes ou de marchandises, mais uniquement des navires de plaisance. C\u2019est l&rsquo;une des marinas les plus populaires des Bahamas car c\u2019est en fait bien plus qu\u2019une simple marina.\u00a0<\/span><\/p>\n<p><span style=\"font-weight: 400;\">Le Briland Club Marina couvre 27 acres de terrain pour ses \u00e9quipements de tr\u00e8s haute qualit\u00e9, qui comprennent un centre de bien-\u00eatre, la location de voiturettes de golf, des quais flottants, des restaurants au bord de l&rsquo;eau, un spa et bien plus encore.\u00a0<\/span><\/p>\n<p><span style=\"font-weight: 400;\">De plus, le Briland Club Marina dispose \u00e9galement d\u2019un centre de fitness, d\u2019une table de billard, d\u2019un espace de travail, d\u2019un club pour enfants avec station de jeux et de services WIFI gratuits partout.\u00a0<\/span><\/p>\n<p><span style=\"font-weight: 400;\">Tr\u00e8s soucieux du respect de la vie priv\u00e9e de ses clients, la Briland Club Marina accueille r\u00e9guli\u00e8rement de nombreuses c\u00e9l\u00e9brit\u00e9s internationales. Lenny Kravitz, Tiger Woods ou Bryan Adams, s&rsquo;y rendent r\u00e9guli\u00e8rement.<\/span>[\/vc_column_text][\/vc_column][\/vc_row][vc_row css=\u00a0\u00bb.vc_custom_1650996499970{padding-bottom: 50px !important;}\u00a0\u00bb][vc_column]<style type=\"text\/css\" data-type=\"the7_shortcodes-inline-css\">.shortcode-single-image-wrap.shortcode-single-image-beb0617c4280f51c20ee597d2936d5f2.enable-bg-rollover .rollover i,\n.shortcode-single-image-wrap.shortcode-single-image-beb0617c4280f51c20ee597d2936d5f2.enable-bg-rollover .rollover-video i {\n  background: -webkit-linear-gradient();\n  background: linear-gradient();\n}\n.shortcode-single-image-wrap.shortcode-single-image-beb0617c4280f51c20ee597d2936d5f2 .rollover-icon {\n  font-size: 32px;\n  color: #ffffff;\n  min-width: 44px;\n  min-height: 44px;\n  line-height: 44px;\n  border-radius: 100px;\n  border-style: solid;\n  border-width: 0px;\n}\n.dt-icon-bg-on.shortcode-single-image-wrap.shortcode-single-image-beb0617c4280f51c20ee597d2936d5f2 .rollover-icon {\n  background: rgba(255,255,255,0.3);\n  box-shadow: none;\n}\n<\/style><div class=\"shortcode-single-image-wrap shortcode-single-image-beb0617c4280f51c20ee597d2936d5f2 alignnone  enable-bg-rollover dt-icon-bg-off\" style=\"margin-top:0px; margin-bottom:0px; margin-left:0px; margin-right:0px; width:900px;\" data-pretty-share=\"facebook,twitter,pinterest,linkedin\"><div class=\"shortcode-single-image\"><div class=\"fancy-media-wrap  layzr-bg\" style=\"\"><img fetchpriority=\"high\" decoding=\"async\" class=\"preload-me lazy-load aspect\" src=\"data:image\/svg+xml,%3Csvg%20xmlns%3D&#39;http%3A%2F%2Fwww.w3.org%2F2000%2Fsvg&#39;%20viewBox%3D&#39;0%200%20900%20500&#39;%2F%3E\" data-src=\"https:\/\/officialeleutheraharbourisland.com\/wp-content\/uploads\/2022\/04\/briland-club-900x500.webp\" data-srcset=\"https:\/\/officialeleutheraharbourisland.com\/wp-content\/uploads\/2022\/04\/briland-club-900x500.webp 900w, https:\/\/officialeleutheraharbourisland.com\/wp-content\/uploads\/2022\/04\/briland-club-1800x1000.webp 1800w\" loading=\"eager\" sizes=\"(max-width: 900px) 100vw, 900px\" width=\"900\" height=\"500\"  data-dt-location=\"https:\/\/officialeleutheraharbourisland.com\/fr\/briland-club-2\/\" style=\"--ratio: 900 \/ 500;\" alt=\"Briland Club Marina\" \/><\/div><\/div><\/div>[\/vc_column][\/vc_row][vc_row css=\u00a0\u00bb.vc_custom_1650996515824{padding-bottom: 50px !important;}\u00a0\u00bb][vc_column][vc_column_text]<span style=\"font-weight: 400;\">Le Briland Club Marina a \u00e9t\u00e9 r\u00e9cemment r\u00e9nov\u00e9, tout l&rsquo;endroit est magnifique, propre et parfait pour des vacances luxueuses. Il veille \u00e0 conserver les traditions et la culture de l\u2019\u00eele.<\/span><\/p>\n<p><span style=\"font-weight: 400;\">L&rsquo;objectif principal du Briland Club Marina est d\u2019offrir \u00e0 ses clients une exp\u00e9rience tr\u00e8s haut de gamme des Bahamas. Depuis le Club House, vous pourrez acc\u00e9der facilement \u00e0 la magnifique plage de sable rose ou admirer des couchers de soleil \u00e9poustouflants.\u00a0<\/span><\/p>\n<p><span style=\"font-weight: 400;\">La Briland Club Marina est sans aucun doute une destination de r\u00eave pour de nombreux touristes du monde entier et vous y passerez certainement du bon temps.<\/span><\/p>\n<p>&nbsp;<\/p>\n<p>[\/vc_column_text][\/vc_column][\/vc_row]<\/p>\n<\/div>","protected":false},"excerpt":{"rendered":"<p>[vc_row css=\u00a0\u00bb.vc_custom_1650996412893{padding-bottom: 50px !important;}\u00a0\u00bb][vc_column][vc_column_text css=\u00a0\u00bb.vc_custom_1682446450634{padding-top: 30px !important;}\u00a0\u00bb]La Marina de Briland n\u2019accueille pas de grands navires de touristes ou de marchandises, mais uniquement des navires de plaisance. C\u2019est l&rsquo;une des marinas les plus populaires des Bahamas car c\u2019est en fait bien plus qu\u2019une simple marina.\u00a0 Le Briland Club Marina couvre 27 acres de terrain pour ses&hellip;<\/p>\n","protected":false},"author":1,"featured_media":62072,"parent":74812,"menu_order":0,"comment_status":"closed","ping_status":"closed","template":"","meta":{"footnotes":""},"categories":[],"tags":[1217],"class_list":["post-74968","page","type-page","status-publish","has-post-thumbnail","hentry","tag-see-in-harbour-island-fr-2","description-off"],"yoast_head":"<!-- This site is optimized with the Yoast SEO Premium plugin v25.2 (Yoast SEO v27.4) - https:\/\/yoast.com\/product\/yoast-seo-premium-wordpress\/ -->\n<title>Marina Briland Club \u00e0 Harbour Island Choses \u00e0 voir Harbour Island<\/title>\n<meta name=\"description\" content=\"Official Eleuthera Harbour Island votre guide de vacances vous donne des informations sur Marina Briland Club \u00e0 Harbour Island, les choses \u00e0 voir.\" \/>\n<meta name=\"robots\" content=\"index, follow, max-snippet:-1, max-image-preview:large, max-video-preview:-1\" \/>\n<link rel=\"canonical\" href=\"https:\/\/officialeleutheraharbourisland.com\/fr\/harbour-island\/que-voir\/voir-a-harbour-island\/marina-briland-club\/\" \/>\n<meta property=\"og:locale\" content=\"fr_FR\" \/>\n<meta property=\"og:type\" content=\"article\" \/>\n<meta property=\"og:title\" content=\"Marina Briland Club\" \/>\n<meta property=\"og:description\" content=\"Official Eleuthera Harbour Island votre guide de vacances vous donne des informations sur Marina Briland Club \u00e0 Harbour Island, les choses \u00e0 voir.\" \/>\n<meta property=\"og:url\" content=\"https:\/\/officialeleutheraharbourisland.com\/fr\/harbour-island\/que-voir\/voir-a-harbour-island\/marina-briland-club\/\" \/>\n<meta property=\"og:site_name\" content=\"Official Eleuthera Harbour Island\" \/>\n<meta property=\"article:modified_time\" content=\"2023-04-25T18:16:17+00:00\" \/>\n<meta property=\"og:image\" content=\"https:\/\/officialeleutheraharbourisland.com\/wp-content\/uploads\/2022\/04\/briland-club.jpeg\" \/>\n\t<meta property=\"og:image:width\" content=\"1992\" \/>\n\t<meta property=\"og:image:height\" content=\"447\" \/>\n\t<meta property=\"og:image:type\" content=\"image\/jpeg\" \/>\n<meta name=\"twitter:card\" content=\"summary_large_image\" \/>\n<meta name=\"twitter:label1\" content=\"Dur\u00e9e de lecture estim\u00e9e\" \/>\n\t<meta name=\"twitter:data1\" content=\"2 minutes\" \/>\n<script type=\"application\/ld+json\" class=\"yoast-schema-graph\">{\"@context\":\"https:\\\/\\\/schema.org\",\"@graph\":[{\"@type\":\"WebPage\",\"@id\":\"https:\\\/\\\/officialeleutheraharbourisland.com\\\/fr\\\/harbour-island\\\/que-voir\\\/voir-a-harbour-island\\\/marina-briland-club\\\/\",\"url\":\"https:\\\/\\\/officialeleutheraharbourisland.com\\\/fr\\\/harbour-island\\\/que-voir\\\/voir-a-harbour-island\\\/marina-briland-club\\\/\",\"name\":\"Marina Briland Club \u00e0 Harbour Island Choses \u00e0 voir Harbour Island\",\"isPartOf\":{\"@id\":\"https:\\\/\\\/officialeleutheraharbourisland.com\\\/#website\"},\"primaryImageOfPage\":{\"@id\":\"https:\\\/\\\/officialeleutheraharbourisland.com\\\/fr\\\/harbour-island\\\/que-voir\\\/voir-a-harbour-island\\\/marina-briland-club\\\/#primaryimage\"},\"image\":{\"@id\":\"https:\\\/\\\/officialeleutheraharbourisland.com\\\/fr\\\/harbour-island\\\/que-voir\\\/voir-a-harbour-island\\\/marina-briland-club\\\/#primaryimage\"},\"thumbnailUrl\":\"https:\\\/\\\/officialeleutheraharbourisland.com\\\/wp-content\\\/uploads\\\/2022\\\/04\\\/briland-club.jpeg\",\"datePublished\":\"2023-01-24T20:13:11+00:00\",\"dateModified\":\"2023-04-25T18:16:17+00:00\",\"description\":\"Official Eleuthera Harbour Island votre guide de vacances vous donne des informations sur Marina Briland Club \u00e0 Harbour Island, les choses \u00e0 voir.\",\"breadcrumb\":{\"@id\":\"https:\\\/\\\/officialeleutheraharbourisland.com\\\/fr\\\/harbour-island\\\/que-voir\\\/voir-a-harbour-island\\\/marina-briland-club\\\/#breadcrumb\"},\"inLanguage\":\"fr-FR\",\"potentialAction\":[{\"@type\":\"ReadAction\",\"target\":[\"https:\\\/\\\/officialeleutheraharbourisland.com\\\/fr\\\/harbour-island\\\/que-voir\\\/voir-a-harbour-island\\\/marina-briland-club\\\/\"]}]},{\"@type\":\"ImageObject\",\"inLanguage\":\"fr-FR\",\"@id\":\"https:\\\/\\\/officialeleutheraharbourisland.com\\\/fr\\\/harbour-island\\\/que-voir\\\/voir-a-harbour-island\\\/marina-briland-club\\\/#primaryimage\",\"url\":\"https:\\\/\\\/officialeleutheraharbourisland.com\\\/wp-content\\\/uploads\\\/2022\\\/04\\\/briland-club.jpeg\",\"contentUrl\":\"https:\\\/\\\/officialeleutheraharbourisland.com\\\/wp-content\\\/uploads\\\/2022\\\/04\\\/briland-club.jpeg\",\"width\":1992,\"height\":447},{\"@type\":\"BreadcrumbList\",\"@id\":\"https:\\\/\\\/officialeleutheraharbourisland.com\\\/fr\\\/harbour-island\\\/que-voir\\\/voir-a-harbour-island\\\/marina-briland-club\\\/#breadcrumb\",\"itemListElement\":[{\"@type\":\"ListItem\",\"position\":1,\"name\":\"Home\",\"item\":\"https:\\\/\\\/officialeleutheraharbourisland.com\\\/fr\\\/\"},{\"@type\":\"ListItem\",\"position\":2,\"name\":\"HARBOUR ISLAND\",\"item\":\"https:\\\/\\\/officialeleutheraharbourisland.com\\\/fr\\\/harbour-island\\\/\"},{\"@type\":\"ListItem\",\"position\":3,\"name\":\"QUE VOIR\",\"item\":\"https:\\\/\\\/officialeleutheraharbourisland.com\\\/fr\\\/harbour-island\\\/que-voir\\\/\"},{\"@type\":\"ListItem\",\"position\":4,\"name\":\"Voir \u00e0 Harbour Island\",\"item\":\"https:\\\/\\\/officialeleutheraharbourisland.com\\\/fr\\\/harbour-island\\\/choses-a-voir__trashed\\\/voir-a-harbour-island\\\/\"},{\"@type\":\"ListItem\",\"position\":5,\"name\":\"Marina Briland Club\"}]},{\"@type\":\"WebSite\",\"@id\":\"https:\\\/\\\/officialeleutheraharbourisland.com\\\/#website\",\"url\":\"https:\\\/\\\/officialeleutheraharbourisland.com\\\/\",\"name\":\"Official Eleuthera Harbour Island\",\"description\":\"Where Beauty &amp; Nature Meet\",\"publisher\":{\"@id\":\"https:\\\/\\\/officialeleutheraharbourisland.com\\\/#organization\"},\"potentialAction\":[{\"@type\":\"SearchAction\",\"target\":{\"@type\":\"EntryPoint\",\"urlTemplate\":\"https:\\\/\\\/officialeleutheraharbourisland.com\\\/?s={search_term_string}\"},\"query-input\":{\"@type\":\"PropertyValueSpecification\",\"valueRequired\":true,\"valueName\":\"search_term_string\"}}],\"inLanguage\":\"fr-FR\"},{\"@type\":\"Organization\",\"@id\":\"https:\\\/\\\/officialeleutheraharbourisland.com\\\/#organization\",\"name\":\"Official Eleuthera Harbour Island\",\"url\":\"https:\\\/\\\/officialeleutheraharbourisland.com\\\/\",\"logo\":{\"@type\":\"ImageObject\",\"inLanguage\":\"fr-FR\",\"@id\":\"https:\\\/\\\/officialeleutheraharbourisland.com\\\/#\\\/schema\\\/logo\\\/image\\\/\",\"url\":\"https:\\\/\\\/officialeleutheraharbourisland.com\\\/wp-content\\\/uploads\\\/2022\\\/03\\\/logo-new-GREY-275.png\",\"contentUrl\":\"https:\\\/\\\/officialeleutheraharbourisland.com\\\/wp-content\\\/uploads\\\/2022\\\/03\\\/logo-new-GREY-275.png\",\"width\":275,\"height\":22,\"caption\":\"Official Eleuthera Harbour Island\"},\"image\":{\"@id\":\"https:\\\/\\\/officialeleutheraharbourisland.com\\\/#\\\/schema\\\/logo\\\/image\\\/\"}}]}<\/script>\n<!-- \/ Yoast SEO Premium plugin. -->","yoast_head_json":{"title":"Marina Briland Club \u00e0 Harbour Island Choses \u00e0 voir Harbour Island","description":"Official Eleuthera Harbour Island votre guide de vacances vous donne des informations sur Marina Briland Club \u00e0 Harbour Island, les choses \u00e0 voir.","robots":{"index":"index","follow":"follow","max-snippet":"max-snippet:-1","max-image-preview":"max-image-preview:large","max-video-preview":"max-video-preview:-1"},"canonical":"https:\/\/officialeleutheraharbourisland.com\/fr\/harbour-island\/que-voir\/voir-a-harbour-island\/marina-briland-club\/","og_locale":"fr_FR","og_type":"article","og_title":"Marina Briland Club","og_description":"Official Eleuthera Harbour Island votre guide de vacances vous donne des informations sur Marina Briland Club \u00e0 Harbour Island, les choses \u00e0 voir.","og_url":"https:\/\/officialeleutheraharbourisland.com\/fr\/harbour-island\/que-voir\/voir-a-harbour-island\/marina-briland-club\/","og_site_name":"Official Eleuthera Harbour Island","article_modified_time":"2023-04-25T18:16:17+00:00","og_image":[{"width":1992,"height":447,"url":"https:\/\/officialeleutheraharbourisland.com\/wp-content\/uploads\/2022\/04\/briland-club.jpeg","type":"image\/jpeg"}],"twitter_card":"summary_large_image","twitter_misc":{"Dur\u00e9e de lecture estim\u00e9e":"2 minutes"},"schema":{"@context":"https:\/\/schema.org","@graph":[{"@type":"WebPage","@id":"https:\/\/officialeleutheraharbourisland.com\/fr\/harbour-island\/que-voir\/voir-a-harbour-island\/marina-briland-club\/","url":"https:\/\/officialeleutheraharbourisland.com\/fr\/harbour-island\/que-voir\/voir-a-harbour-island\/marina-briland-club\/","name":"Marina Briland Club \u00e0 Harbour Island Choses \u00e0 voir Harbour Island","isPartOf":{"@id":"https:\/\/officialeleutheraharbourisland.com\/#website"},"primaryImageOfPage":{"@id":"https:\/\/officialeleutheraharbourisland.com\/fr\/harbour-island\/que-voir\/voir-a-harbour-island\/marina-briland-club\/#primaryimage"},"image":{"@id":"https:\/\/officialeleutheraharbourisland.com\/fr\/harbour-island\/que-voir\/voir-a-harbour-island\/marina-briland-club\/#primaryimage"},"thumbnailUrl":"https:\/\/officialeleutheraharbourisland.com\/wp-content\/uploads\/2022\/04\/briland-club.jpeg","datePublished":"2023-01-24T20:13:11+00:00","dateModified":"2023-04-25T18:16:17+00:00","description":"Official Eleuthera Harbour Island votre guide de vacances vous donne des informations sur Marina Briland Club \u00e0 Harbour Island, les choses \u00e0 voir.","breadcrumb":{"@id":"https:\/\/officialeleutheraharbourisland.com\/fr\/harbour-island\/que-voir\/voir-a-harbour-island\/marina-briland-club\/#breadcrumb"},"inLanguage":"fr-FR","potentialAction":[{"@type":"ReadAction","target":["https:\/\/officialeleutheraharbourisland.com\/fr\/harbour-island\/que-voir\/voir-a-harbour-island\/marina-briland-club\/"]}]},{"@type":"ImageObject","inLanguage":"fr-FR","@id":"https:\/\/officialeleutheraharbourisland.com\/fr\/harbour-island\/que-voir\/voir-a-harbour-island\/marina-briland-club\/#primaryimage","url":"https:\/\/officialeleutheraharbourisland.com\/wp-content\/uploads\/2022\/04\/briland-club.jpeg","contentUrl":"https:\/\/officialeleutheraharbourisland.com\/wp-content\/uploads\/2022\/04\/briland-club.jpeg","width":1992,"height":447},{"@type":"BreadcrumbList","@id":"https:\/\/officialeleutheraharbourisland.com\/fr\/harbour-island\/que-voir\/voir-a-harbour-island\/marina-briland-club\/#breadcrumb","itemListElement":[{"@type":"ListItem","position":1,"name":"Home","item":"https:\/\/officialeleutheraharbourisland.com\/fr\/"},{"@type":"ListItem","position":2,"name":"HARBOUR ISLAND","item":"https:\/\/officialeleutheraharbourisland.com\/fr\/harbour-island\/"},{"@type":"ListItem","position":3,"name":"QUE VOIR","item":"https:\/\/officialeleutheraharbourisland.com\/fr\/harbour-island\/que-voir\/"},{"@type":"ListItem","position":4,"name":"Voir \u00e0 Harbour Island","item":"https:\/\/officialeleutheraharbourisland.com\/fr\/harbour-island\/choses-a-voir__trashed\/voir-a-harbour-island\/"},{"@type":"ListItem","position":5,"name":"Marina Briland Club"}]},{"@type":"WebSite","@id":"https:\/\/officialeleutheraharbourisland.com\/#website","url":"https:\/\/officialeleutheraharbourisland.com\/","name":"Official Eleuthera Harbour Island","description":"Where Beauty &amp; Nature Meet","publisher":{"@id":"https:\/\/officialeleutheraharbourisland.com\/#organization"},"potentialAction":[{"@type":"SearchAction","target":{"@type":"EntryPoint","urlTemplate":"https:\/\/officialeleutheraharbourisland.com\/?s={search_term_string}"},"query-input":{"@type":"PropertyValueSpecification","valueRequired":true,"valueName":"search_term_string"}}],"inLanguage":"fr-FR"},{"@type":"Organization","@id":"https:\/\/officialeleutheraharbourisland.com\/#organization","name":"Official Eleuthera Harbour Island","url":"https:\/\/officialeleutheraharbourisland.com\/","logo":{"@type":"ImageObject","inLanguage":"fr-FR","@id":"https:\/\/officialeleutheraharbourisland.com\/#\/schema\/logo\/image\/","url":"https:\/\/officialeleutheraharbourisland.com\/wp-content\/uploads\/2022\/03\/logo-new-GREY-275.png","contentUrl":"https:\/\/officialeleutheraharbourisland.com\/wp-content\/uploads\/2022\/03\/logo-new-GREY-275.png","width":275,"height":22,"caption":"Official Eleuthera Harbour Island"},"image":{"@id":"https:\/\/officialeleutheraharbourisland.com\/#\/schema\/logo\/image\/"}}]}},"jetpack_sharing_enabled":true,"_links":{"self":[{"href":"https:\/\/officialeleutheraharbourisland.com\/fr\/wp-json\/wp\/v2\/pages\/74968","targetHints":{"allow":["GET"]}}],"collection":[{"href":"https:\/\/officialeleutheraharbourisland.com\/fr\/wp-json\/wp\/v2\/pages"}],"about":[{"href":"https:\/\/officialeleutheraharbourisland.com\/fr\/wp-json\/wp\/v2\/types\/page"}],"author":[{"embeddable":true,"href":"https:\/\/officialeleutheraharbourisland.com\/fr\/wp-json\/wp\/v2\/users\/1"}],"replies":[{"embeddable":true,"href":"https:\/\/officialeleutheraharbourisland.com\/fr\/wp-json\/wp\/v2\/comments?post=74968"}],"version-history":[{"count":2,"href":"https:\/\/officialeleutheraharbourisland.com\/fr\/wp-json\/wp\/v2\/pages\/74968\/revisions"}],"predecessor-version":[{"id":74970,"href":"https:\/\/officialeleutheraharbourisland.com\/fr\/wp-json\/wp\/v2\/pages\/74968\/revisions\/74970"}],"up":[{"embeddable":true,"href":"https:\/\/officialeleutheraharbourisland.com\/fr\/wp-json\/wp\/v2\/pages\/74812"}],"wp:featuredmedia":[{"embeddable":true,"href":"https:\/\/officialeleutheraharbourisland.com\/fr\/wp-json\/wp\/v2\/media\/62072"}],"wp:attachment":[{"href":"https:\/\/officialeleutheraharbourisland.com\/fr\/wp-json\/wp\/v2\/media?parent=74968"}],"wp:term":[{"taxonomy":"category","embeddable":true,"href":"https:\/\/officialeleutheraharbourisland.com\/fr\/wp-json\/wp\/v2\/categories?post=74968"},{"taxonomy":"post_tag","embeddable":true,"href":"https:\/\/officialeleutheraharbourisland.com\/fr\/wp-json\/wp\/v2\/tags?post=74968"}],"curies":[{"name":"wp","href":"https:\/\/api.w.org\/{rel}","templated":true}]}}