{"id":74980,"date":"2023-01-24T20:13:11","date_gmt":"2023-01-24T20:13:11","guid":{"rendered":"https:\/\/officialeleutheraharbourisland.com\/harbour-island\/que-voir\/voir-autour-de-harbour-island\/surfers-beach\/"},"modified":"2023-04-26T13:38:32","modified_gmt":"2023-04-26T13:38:32","slug":"la-plage-des-surfeurs","status":"publish","type":"page","link":"https:\/\/officialeleutheraharbourisland.com\/fr\/harbour-island\/que-voir\/voir-autour-de-harbour-island\/la-plage-des-surfeurs\/","title":{"rendered":"La plage des surfeurs"},"content":{"rendered":"<div class=\"wpb-content-wrapper\"><p>[vc_row css=\u00a0\u00bb.vc_custom_1650996412893{padding-bottom: 50px !important;}\u00a0\u00bb][vc_column]<div id=\"ultimate-heading-539869e2e2b7263d8\" class=\"uvc-heading ult-adjust-bottom-margin ultimate-heading-539869e2e2b7263d8 uvc-2028 \" data-hspacer=\"no_spacer\"  data-halign=\"center\" style=\"text-align:center\"><div class=\"uvc-heading-spacer no_spacer\" style=\"top\"><\/div><div class=\"uvc-main-heading ult-responsive\"  data-ultimate-target='.uvc-heading.ultimate-heading-539869e2e2b7263d8 h2'  data-responsive-json-new='{\"font-size\":\"\",\"line-height\":\"\"}' ><h2 style=\"font-weight:normal;margin-bottom:10px;\">La plage des surfeurs<\/h2><\/div><\/div><div class=\"hr-thin style-line accent-border-color\" style=\"width: 100px;border-top-width: 3px;\"><\/div>[vc_column_text css=\u00a0\u00bb.vc_custom_1682516161799{padding-top: 30px !important;}\u00a0\u00bb]<span style=\"font-weight: 400;\">Si vous cherchez une excursion d&rsquo;une journ\u00e9e depuis Harbour Island, une visite \u00e0 Surfer&rsquo;s Beach s&rsquo;impose. Cette magnifique\u00a0 plage est situ\u00e9e \u00e0 North Eleuthera, sur la c\u00f4te atlantique de l&rsquo;\u00eele, pr\u00e8s de la ville de Gregory Town. Elle est connue pour ses longues \u00e9tendues de sable dor\u00e9 et ses vagues r\u00e9put\u00e9es\u00a0 mondialement, comme l&rsquo;un des meilleurs spots de surf des Bahamas avec des vagues r\u00e9guli\u00e8res et une eau cristalline. La plage pr\u00e9sente un fond sablonneux et un point break rocheux, ce qui cr\u00e9e de superbes vagues pour les surfeurs d\u00e9butants et exp\u00e9riment\u00e9s. Le meilleur moment pour surfer \u00e0 Surfer&rsquo;s Beach est de novembre \u00e0 mai, lorsque les vagues sont les plus hautes. Vous pouvez louer des planches \u00e0 Surfer&rsquo;s Haven pr\u00e8s de la plage <\/span><a href=\"https:\/\/www.bahamasadventures.com\/surfers_haven.php\" target=\"_blank\" rel=\"noopener\"><span style=\"font-weight: 400;\">https:\/\/www.bahamasadventures.com\/surfers_haven.php<\/span><\/a>[\/vc_column_text][\/vc_column][\/vc_row][vc_row css=\u00a0\u00bb.vc_custom_1650996499970{padding-bottom: 50px !important;}\u00a0\u00bb][vc_column]<style type=\"text\/css\" data-type=\"the7_shortcodes-inline-css\">.shortcode-single-image-wrap.shortcode-single-image-564f530ade7b09137043c14426d650c7.enable-bg-rollover .rollover i,\n.shortcode-single-image-wrap.shortcode-single-image-564f530ade7b09137043c14426d650c7.enable-bg-rollover .rollover-video i {\n  background: -webkit-linear-gradient();\n  background: linear-gradient();\n}\n.shortcode-single-image-wrap.shortcode-single-image-564f530ade7b09137043c14426d650c7 .rollover-icon {\n  font-size: 32px;\n  color: #ffffff;\n  min-width: 44px;\n  min-height: 44px;\n  line-height: 44px;\n  border-radius: 100px;\n  border-style: solid;\n  border-width: 0px;\n}\n.dt-icon-bg-on.shortcode-single-image-wrap.shortcode-single-image-564f530ade7b09137043c14426d650c7 .rollover-icon {\n  background: rgba(255,255,255,0.3);\n  box-shadow: none;\n}\n<\/style><div class=\"shortcode-single-image-wrap shortcode-single-image-564f530ade7b09137043c14426d650c7 alignnone  enable-bg-rollover dt-icon-bg-off\" style=\"margin-top:0px; margin-bottom:0px; margin-left:0px; margin-right:0px;\" data-pretty-share=\"facebook,twitter,pinterest,linkedin\"><div class=\"shortcode-single-image\"><div class=\"fancy-media-wrap  layzr-bg\" style=\"\"><img fetchpriority=\"high\" decoding=\"async\" class=\"preload-me lazy-load aspect\" src=\"data:image\/svg+xml,%3Csvg%20xmlns%3D&#39;http%3A%2F%2Fwww.w3.org%2F2000%2Fsvg&#39;%20viewBox%3D&#39;0%200%20765%20589&#39;%2F%3E\" data-src=\"https:\/\/officialeleutheraharbourisland.com\/wp-content\/uploads\/2023\/02\/surfers-beach-jpg.webp\" data-srcset=\"https:\/\/officialeleutheraharbourisland.com\/wp-content\/uploads\/2023\/02\/surfers-beach-jpg.webp 765w\" loading=\"eager\" sizes=\"(max-width: 765px) 100vw, 765px\" width=\"765\" height=\"589\"  data-dt-location=\"https:\/\/officialeleutheraharbourisland.com\/fr\/harbour-island\/things-to-see\/see-around-harbour-island\/surfers-beach\/attachment\/surfers-beach-4\/\" style=\"--ratio: 765 \/ 589;\" alt=\"surfers beach\" \/><\/div><\/div><\/div>[\/vc_column][\/vc_row][vc_row][vc_column][vc_column_text]Il y a aussi quelques restaurants et bars locaux o\u00f9 vous pourrez manger un morceau ou une boisson rafra\u00eechissante. Que vous soyez un surfeur exp\u00e9riment\u00e9 ou que vous cherchiez simplement \u00e0 vous d\u00e9tendre sur la plage, Surfer&rsquo;s Beach est une destination incontournable \u00e0 Eleuthera.<br \/>\nNotez bien que Surfer&rsquo;s Beach n&rsquo;est pas un lieu de baignade id\u00e9al pour les d\u00e9butants ou les enfants, car les vagues peuvent \u00eatre assez fortes et les courants peuvent \u00eatre impr\u00e9visibles.<br \/>\n[\/vc_column_text][vc_separator css=\u00a0\u00bb.vc_custom_1676907368432{padding-top: 30px !important;padding-bottom: 30px !important;}\u00a0\u00bb][\/vc_column][\/vc_row]<\/p>\n<\/div>","protected":false},"excerpt":{"rendered":"<p>[vc_row css=\u00a0\u00bb.vc_custom_1650996412893{padding-bottom: 50px !important;}\u00a0\u00bb][vc_column][vc_column_text css=\u00a0\u00bb.vc_custom_1682516161799{padding-top: 30px !important;}\u00a0\u00bb]Si vous cherchez une excursion d&rsquo;une journ\u00e9e depuis Harbour Island, une visite \u00e0 Surfer&rsquo;s Beach s&rsquo;impose. Cette magnifique\u00a0 plage est situ\u00e9e \u00e0 North Eleuthera, sur la c\u00f4te atlantique de l&rsquo;\u00eele, pr\u00e8s de la ville de Gregory Town. Elle est connue pour ses longues \u00e9tendues de sable dor\u00e9 et ses&hellip;<\/p>\n","protected":false},"author":1,"featured_media":74282,"parent":74823,"menu_order":0,"comment_status":"closed","ping_status":"closed","template":"","meta":{"footnotes":""},"categories":[],"tags":[1223],"class_list":["post-74980","page","type-page","status-publish","has-post-thumbnail","hentry","tag-see-around-harbour-island-fr-2","description-off"],"yoast_head":"<!-- This site is optimized with the Yoast SEO Premium plugin v25.2 (Yoast SEO v27.4) - https:\/\/yoast.com\/product\/yoast-seo-premium-wordpress\/ -->\n<title>La plage des surfeurs pr\u00e8s de Harbour Island, aux Bahamas. Choses \u00e0 voir.<\/title>\n<meta name=\"description\" content=\"Official Eleuthera Harbour Island votre guide touristique partage des informations sur Surfer&#039;s Beach pr\u00e8s de Harbour Island, aux Bahamas. Choses \u00e0 voir.\" \/>\n<meta name=\"robots\" content=\"index, follow, max-snippet:-1, max-image-preview:large, max-video-preview:-1\" \/>\n<link rel=\"canonical\" href=\"https:\/\/officialeleutheraharbourisland.com\/fr\/harbour-island\/que-voir\/voir-autour-de-harbour-island\/la-plage-des-surfeurs\/\" \/>\n<meta property=\"og:locale\" content=\"fr_FR\" \/>\n<meta property=\"og:type\" content=\"article\" \/>\n<meta property=\"og:title\" content=\"La plage des surfeurs\" \/>\n<meta property=\"og:description\" content=\"Official Eleuthera Harbour Island votre guide touristique partage des informations sur Surfer&#039;s Beach pr\u00e8s de Harbour Island, aux Bahamas. Choses \u00e0 voir.\" \/>\n<meta property=\"og:url\" content=\"https:\/\/officialeleutheraharbourisland.com\/fr\/harbour-island\/que-voir\/voir-autour-de-harbour-island\/la-plage-des-surfeurs\/\" \/>\n<meta property=\"og:site_name\" content=\"Official Eleuthera Harbour Island\" \/>\n<meta property=\"article:modified_time\" content=\"2023-04-26T13:38:32+00:00\" \/>\n<meta property=\"og:image\" content=\"https:\/\/officialeleutheraharbourisland.com\/wp-content\/uploads\/2023\/02\/surfers-beach-jpg.webp\" \/>\n\t<meta property=\"og:image:width\" content=\"765\" \/>\n\t<meta property=\"og:image:height\" content=\"589\" \/>\n\t<meta property=\"og:image:type\" content=\"image\/jpeg\" \/>\n<meta name=\"twitter:card\" content=\"summary_large_image\" \/>\n<meta name=\"twitter:label1\" content=\"Dur\u00e9e de lecture estim\u00e9e\" \/>\n\t<meta name=\"twitter:data1\" content=\"2 minutes\" \/>\n<script type=\"application\/ld+json\" class=\"yoast-schema-graph\">{\"@context\":\"https:\\\/\\\/schema.org\",\"@graph\":[{\"@type\":\"WebPage\",\"@id\":\"https:\\\/\\\/officialeleutheraharbourisland.com\\\/fr\\\/harbour-island\\\/que-voir\\\/voir-autour-de-harbour-island\\\/la-plage-des-surfeurs\\\/\",\"url\":\"https:\\\/\\\/officialeleutheraharbourisland.com\\\/fr\\\/harbour-island\\\/que-voir\\\/voir-autour-de-harbour-island\\\/la-plage-des-surfeurs\\\/\",\"name\":\"La plage des surfeurs pr\u00e8s de Harbour Island, aux Bahamas. Choses \u00e0 voir.\",\"isPartOf\":{\"@id\":\"https:\\\/\\\/officialeleutheraharbourisland.com\\\/#website\"},\"primaryImageOfPage\":{\"@id\":\"https:\\\/\\\/officialeleutheraharbourisland.com\\\/fr\\\/harbour-island\\\/que-voir\\\/voir-autour-de-harbour-island\\\/la-plage-des-surfeurs\\\/#primaryimage\"},\"image\":{\"@id\":\"https:\\\/\\\/officialeleutheraharbourisland.com\\\/fr\\\/harbour-island\\\/que-voir\\\/voir-autour-de-harbour-island\\\/la-plage-des-surfeurs\\\/#primaryimage\"},\"thumbnailUrl\":\"https:\\\/\\\/officialeleutheraharbourisland.com\\\/wp-content\\\/uploads\\\/2023\\\/02\\\/surfers-beach-jpg.webp\",\"datePublished\":\"2023-01-24T20:13:11+00:00\",\"dateModified\":\"2023-04-26T13:38:32+00:00\",\"description\":\"Official Eleuthera Harbour Island votre guide touristique partage des informations sur Surfer's Beach pr\u00e8s de Harbour Island, aux Bahamas. Choses \u00e0 voir.\",\"breadcrumb\":{\"@id\":\"https:\\\/\\\/officialeleutheraharbourisland.com\\\/fr\\\/harbour-island\\\/que-voir\\\/voir-autour-de-harbour-island\\\/la-plage-des-surfeurs\\\/#breadcrumb\"},\"inLanguage\":\"fr-FR\",\"potentialAction\":[{\"@type\":\"ReadAction\",\"target\":[\"https:\\\/\\\/officialeleutheraharbourisland.com\\\/fr\\\/harbour-island\\\/que-voir\\\/voir-autour-de-harbour-island\\\/la-plage-des-surfeurs\\\/\"]}]},{\"@type\":\"ImageObject\",\"inLanguage\":\"fr-FR\",\"@id\":\"https:\\\/\\\/officialeleutheraharbourisland.com\\\/fr\\\/harbour-island\\\/que-voir\\\/voir-autour-de-harbour-island\\\/la-plage-des-surfeurs\\\/#primaryimage\",\"url\":\"https:\\\/\\\/officialeleutheraharbourisland.com\\\/wp-content\\\/uploads\\\/2023\\\/02\\\/surfers-beach-jpg.webp\",\"contentUrl\":\"https:\\\/\\\/officialeleutheraharbourisland.com\\\/wp-content\\\/uploads\\\/2023\\\/02\\\/surfers-beach-jpg.webp\",\"width\":765,\"height\":589,\"caption\":\"surfers beach\"},{\"@type\":\"BreadcrumbList\",\"@id\":\"https:\\\/\\\/officialeleutheraharbourisland.com\\\/fr\\\/harbour-island\\\/que-voir\\\/voir-autour-de-harbour-island\\\/la-plage-des-surfeurs\\\/#breadcrumb\",\"itemListElement\":[{\"@type\":\"ListItem\",\"position\":1,\"name\":\"Home\",\"item\":\"https:\\\/\\\/officialeleutheraharbourisland.com\\\/fr\\\/\"},{\"@type\":\"ListItem\",\"position\":2,\"name\":\"HARBOUR ISLAND\",\"item\":\"https:\\\/\\\/officialeleutheraharbourisland.com\\\/fr\\\/harbour-island\\\/\"},{\"@type\":\"ListItem\",\"position\":3,\"name\":\"QUE VOIR\",\"item\":\"https:\\\/\\\/officialeleutheraharbourisland.com\\\/fr\\\/harbour-island\\\/que-voir\\\/\"},{\"@type\":\"ListItem\",\"position\":4,\"name\":\"Voir autour de Harbour Island\",\"item\":\"https:\\\/\\\/officialeleutheraharbourisland.com\\\/fr\\\/harbour-island\\\/que-voir\\\/voir-autour-de-harbour-island\\\/\"},{\"@type\":\"ListItem\",\"position\":5,\"name\":\"La plage des surfeurs\"}]},{\"@type\":\"WebSite\",\"@id\":\"https:\\\/\\\/officialeleutheraharbourisland.com\\\/#website\",\"url\":\"https:\\\/\\\/officialeleutheraharbourisland.com\\\/\",\"name\":\"Official Eleuthera Harbour Island\",\"description\":\"Where Beauty &amp; Nature Meet\",\"publisher\":{\"@id\":\"https:\\\/\\\/officialeleutheraharbourisland.com\\\/#organization\"},\"potentialAction\":[{\"@type\":\"SearchAction\",\"target\":{\"@type\":\"EntryPoint\",\"urlTemplate\":\"https:\\\/\\\/officialeleutheraharbourisland.com\\\/?s={search_term_string}\"},\"query-input\":{\"@type\":\"PropertyValueSpecification\",\"valueRequired\":true,\"valueName\":\"search_term_string\"}}],\"inLanguage\":\"fr-FR\"},{\"@type\":\"Organization\",\"@id\":\"https:\\\/\\\/officialeleutheraharbourisland.com\\\/#organization\",\"name\":\"Official Eleuthera Harbour Island\",\"url\":\"https:\\\/\\\/officialeleutheraharbourisland.com\\\/\",\"logo\":{\"@type\":\"ImageObject\",\"inLanguage\":\"fr-FR\",\"@id\":\"https:\\\/\\\/officialeleutheraharbourisland.com\\\/#\\\/schema\\\/logo\\\/image\\\/\",\"url\":\"https:\\\/\\\/officialeleutheraharbourisland.com\\\/wp-content\\\/uploads\\\/2022\\\/03\\\/logo-new-GREY-275.png\",\"contentUrl\":\"https:\\\/\\\/officialeleutheraharbourisland.com\\\/wp-content\\\/uploads\\\/2022\\\/03\\\/logo-new-GREY-275.png\",\"width\":275,\"height\":22,\"caption\":\"Official Eleuthera Harbour Island\"},\"image\":{\"@id\":\"https:\\\/\\\/officialeleutheraharbourisland.com\\\/#\\\/schema\\\/logo\\\/image\\\/\"}}]}<\/script>\n<!-- \/ Yoast SEO Premium plugin. -->","yoast_head_json":{"title":"La plage des surfeurs pr\u00e8s de Harbour Island, aux Bahamas. Choses \u00e0 voir.","description":"Official Eleuthera Harbour Island votre guide touristique partage des informations sur Surfer's Beach pr\u00e8s de Harbour Island, aux Bahamas. Choses \u00e0 voir.","robots":{"index":"index","follow":"follow","max-snippet":"max-snippet:-1","max-image-preview":"max-image-preview:large","max-video-preview":"max-video-preview:-1"},"canonical":"https:\/\/officialeleutheraharbourisland.com\/fr\/harbour-island\/que-voir\/voir-autour-de-harbour-island\/la-plage-des-surfeurs\/","og_locale":"fr_FR","og_type":"article","og_title":"La plage des surfeurs","og_description":"Official Eleuthera Harbour Island votre guide touristique partage des informations sur Surfer's Beach pr\u00e8s de Harbour Island, aux Bahamas. Choses \u00e0 voir.","og_url":"https:\/\/officialeleutheraharbourisland.com\/fr\/harbour-island\/que-voir\/voir-autour-de-harbour-island\/la-plage-des-surfeurs\/","og_site_name":"Official Eleuthera Harbour Island","article_modified_time":"2023-04-26T13:38:32+00:00","og_image":[{"width":765,"height":589,"url":"https:\/\/officialeleutheraharbourisland.com\/wp-content\/uploads\/2023\/02\/surfers-beach-jpg.webp","type":"image\/jpeg"}],"twitter_card":"summary_large_image","twitter_misc":{"Dur\u00e9e de lecture estim\u00e9e":"2 minutes"},"schema":{"@context":"https:\/\/schema.org","@graph":[{"@type":"WebPage","@id":"https:\/\/officialeleutheraharbourisland.com\/fr\/harbour-island\/que-voir\/voir-autour-de-harbour-island\/la-plage-des-surfeurs\/","url":"https:\/\/officialeleutheraharbourisland.com\/fr\/harbour-island\/que-voir\/voir-autour-de-harbour-island\/la-plage-des-surfeurs\/","name":"La plage des surfeurs pr\u00e8s de Harbour Island, aux Bahamas. Choses \u00e0 voir.","isPartOf":{"@id":"https:\/\/officialeleutheraharbourisland.com\/#website"},"primaryImageOfPage":{"@id":"https:\/\/officialeleutheraharbourisland.com\/fr\/harbour-island\/que-voir\/voir-autour-de-harbour-island\/la-plage-des-surfeurs\/#primaryimage"},"image":{"@id":"https:\/\/officialeleutheraharbourisland.com\/fr\/harbour-island\/que-voir\/voir-autour-de-harbour-island\/la-plage-des-surfeurs\/#primaryimage"},"thumbnailUrl":"https:\/\/officialeleutheraharbourisland.com\/wp-content\/uploads\/2023\/02\/surfers-beach-jpg.webp","datePublished":"2023-01-24T20:13:11+00:00","dateModified":"2023-04-26T13:38:32+00:00","description":"Official Eleuthera Harbour Island votre guide touristique partage des informations sur Surfer's Beach pr\u00e8s de Harbour Island, aux Bahamas. Choses \u00e0 voir.","breadcrumb":{"@id":"https:\/\/officialeleutheraharbourisland.com\/fr\/harbour-island\/que-voir\/voir-autour-de-harbour-island\/la-plage-des-surfeurs\/#breadcrumb"},"inLanguage":"fr-FR","potentialAction":[{"@type":"ReadAction","target":["https:\/\/officialeleutheraharbourisland.com\/fr\/harbour-island\/que-voir\/voir-autour-de-harbour-island\/la-plage-des-surfeurs\/"]}]},{"@type":"ImageObject","inLanguage":"fr-FR","@id":"https:\/\/officialeleutheraharbourisland.com\/fr\/harbour-island\/que-voir\/voir-autour-de-harbour-island\/la-plage-des-surfeurs\/#primaryimage","url":"https:\/\/officialeleutheraharbourisland.com\/wp-content\/uploads\/2023\/02\/surfers-beach-jpg.webp","contentUrl":"https:\/\/officialeleutheraharbourisland.com\/wp-content\/uploads\/2023\/02\/surfers-beach-jpg.webp","width":765,"height":589,"caption":"surfers beach"},{"@type":"BreadcrumbList","@id":"https:\/\/officialeleutheraharbourisland.com\/fr\/harbour-island\/que-voir\/voir-autour-de-harbour-island\/la-plage-des-surfeurs\/#breadcrumb","itemListElement":[{"@type":"ListItem","position":1,"name":"Home","item":"https:\/\/officialeleutheraharbourisland.com\/fr\/"},{"@type":"ListItem","position":2,"name":"HARBOUR ISLAND","item":"https:\/\/officialeleutheraharbourisland.com\/fr\/harbour-island\/"},{"@type":"ListItem","position":3,"name":"QUE VOIR","item":"https:\/\/officialeleutheraharbourisland.com\/fr\/harbour-island\/que-voir\/"},{"@type":"ListItem","position":4,"name":"Voir autour de Harbour Island","item":"https:\/\/officialeleutheraharbourisland.com\/fr\/harbour-island\/que-voir\/voir-autour-de-harbour-island\/"},{"@type":"ListItem","position":5,"name":"La plage des surfeurs"}]},{"@type":"WebSite","@id":"https:\/\/officialeleutheraharbourisland.com\/#website","url":"https:\/\/officialeleutheraharbourisland.com\/","name":"Official Eleuthera Harbour Island","description":"Where Beauty &amp; Nature Meet","publisher":{"@id":"https:\/\/officialeleutheraharbourisland.com\/#organization"},"potentialAction":[{"@type":"SearchAction","target":{"@type":"EntryPoint","urlTemplate":"https:\/\/officialeleutheraharbourisland.com\/?s={search_term_string}"},"query-input":{"@type":"PropertyValueSpecification","valueRequired":true,"valueName":"search_term_string"}}],"inLanguage":"fr-FR"},{"@type":"Organization","@id":"https:\/\/officialeleutheraharbourisland.com\/#organization","name":"Official Eleuthera Harbour Island","url":"https:\/\/officialeleutheraharbourisland.com\/","logo":{"@type":"ImageObject","inLanguage":"fr-FR","@id":"https:\/\/officialeleutheraharbourisland.com\/#\/schema\/logo\/image\/","url":"https:\/\/officialeleutheraharbourisland.com\/wp-content\/uploads\/2022\/03\/logo-new-GREY-275.png","contentUrl":"https:\/\/officialeleutheraharbourisland.com\/wp-content\/uploads\/2022\/03\/logo-new-GREY-275.png","width":275,"height":22,"caption":"Official Eleuthera Harbour Island"},"image":{"@id":"https:\/\/officialeleutheraharbourisland.com\/#\/schema\/logo\/image\/"}}]}},"jetpack_sharing_enabled":true,"_links":{"self":[{"href":"https:\/\/officialeleutheraharbourisland.com\/fr\/wp-json\/wp\/v2\/pages\/74980","targetHints":{"allow":["GET"]}}],"collection":[{"href":"https:\/\/officialeleutheraharbourisland.com\/fr\/wp-json\/wp\/v2\/pages"}],"about":[{"href":"https:\/\/officialeleutheraharbourisland.com\/fr\/wp-json\/wp\/v2\/types\/page"}],"author":[{"embeddable":true,"href":"https:\/\/officialeleutheraharbourisland.com\/fr\/wp-json\/wp\/v2\/users\/1"}],"replies":[{"embeddable":true,"href":"https:\/\/officialeleutheraharbourisland.com\/fr\/wp-json\/wp\/v2\/comments?post=74980"}],"version-history":[{"count":2,"href":"https:\/\/officialeleutheraharbourisland.com\/fr\/wp-json\/wp\/v2\/pages\/74980\/revisions"}],"predecessor-version":[{"id":74982,"href":"https:\/\/officialeleutheraharbourisland.com\/fr\/wp-json\/wp\/v2\/pages\/74980\/revisions\/74982"}],"up":[{"embeddable":true,"href":"https:\/\/officialeleutheraharbourisland.com\/fr\/wp-json\/wp\/v2\/pages\/74823"}],"wp:featuredmedia":[{"embeddable":true,"href":"https:\/\/officialeleutheraharbourisland.com\/fr\/wp-json\/wp\/v2\/media\/74282"}],"wp:attachment":[{"href":"https:\/\/officialeleutheraharbourisland.com\/fr\/wp-json\/wp\/v2\/media?parent=74980"}],"wp:term":[{"taxonomy":"category","embeddable":true,"href":"https:\/\/officialeleutheraharbourisland.com\/fr\/wp-json\/wp\/v2\/categories?post=74980"},{"taxonomy":"post_tag","embeddable":true,"href":"https:\/\/officialeleutheraharbourisland.com\/fr\/wp-json\/wp\/v2\/tags?post=74980"}],"curies":[{"name":"wp","href":"https:\/\/api.w.org\/{rel}","templated":true}]}}