{"id":74983,"date":"2023-01-24T20:13:11","date_gmt":"2023-01-24T20:13:11","guid":{"rendered":"https:\/\/officialeleutheraharbourisland.com\/harbour-island\/que-voir\/voir-autour-de-harbour-island\/spanish-wells-by-boat\/"},"modified":"2023-04-26T13:57:37","modified_gmt":"2023-04-26T13:57:37","slug":"spanish-wells-en-bateau","status":"publish","type":"page","link":"https:\/\/officialeleutheraharbourisland.com\/fr\/harbour-island\/que-voir\/voir-autour-de-harbour-island\/spanish-wells-en-bateau\/","title":{"rendered":"Spanish Wells en bateau"},"content":{"rendered":"<div class=\"wpb-content-wrapper\"><p>[vc_row css=\u00a0\u00bb.vc_custom_1650996412893{padding-bottom: 50px !important;}\u00a0\u00bb][vc_column]<div id=\"ultimate-heading-919769e2cfb19cfa7\" class=\"uvc-heading ult-adjust-bottom-margin ultimate-heading-919769e2cfb19cfa7 uvc-9814 \" data-hspacer=\"no_spacer\"  data-halign=\"center\" style=\"text-align:center\"><div class=\"uvc-heading-spacer no_spacer\" style=\"top\"><\/div><div class=\"uvc-main-heading ult-responsive\"  data-ultimate-target='.uvc-heading.ultimate-heading-919769e2cfb19cfa7 h2'  data-responsive-json-new='{\"font-size\":\"\",\"line-height\":\"\"}' ><h2 style=\"font-weight:normal;margin-bottom:10px;\">Spanish Wells en bateau<\/h2><\/div><\/div><div class=\"hr-thin style-line accent-border-color\" style=\"width: 100px;border-top-width: 3px;\"><\/div>[vc_column_text css=\u00a0\u00bb.vc_custom_1682517158807{padding-top: 30px !important;}\u00a0\u00bb]<span style=\"font-weight: 400;\">Une excursion en bateau depuis Harbour Island jusqu&rsquo;\u00e0 Spanish Wells est une excellente id\u00e9e pour ceux qui souhaitent explorer les magnifiques plages de la r\u00e9gion, les eaux cristallines et la culture unique de l&rsquo;\u00eele. Spanish Wells est situ\u00e9 \u00e0 une courte distance de Harbour Island. Voici les options pour se rendre \u00e0 Spanish Wells en bateau depuis Harbour Island :<\/span><\/p>\n<p><span style=\"font-weight: 400;\">&#8211; Vous pouvez facilement r\u00e9server une excursion d&rsquo;une journ\u00e9e ou une excursion plus longue aupr\u00e8s d&rsquo;un guide local ou d&rsquo;une compagnie de location de bateaux .<\/span><\/p>\n<p><span style=\"font-weight: 400;\">&#8211; Vous pouvez prendre un bateau-taxi aquatique. Les bateaux-taxis fonctionnent sur un horaire r\u00e9gulier entre Harbour Island et Spanish Wells, et le voyage dure environ 15 \u00e0 20 minutes. Vous pouvez trouver des services de bateaux taxis sur les quais de Dunmore Town \u00e0 Harbour Island.<\/span><\/p>\n<p><span style=\"font-weight: 400;\">&#8211; Vous pouvez prendre un ferry. Bahamas Ferries assure un service de ferry quotidien entre Harbour Island et Spanish Wells, qui part du Government Dock \u00e0 Dunmore Town et arrive \u00e0\u00a0 Spanish Wells.\u00a0 Le voyage dure environ 25 \u00e0 30 minutes, et l&rsquo;horaire des ferries peut varier en fonction de la saison, il est donc pr\u00e9f\u00e9rable de v\u00e9rifier \u00e0 l&rsquo;avance <\/span><a href=\"https:\/\/www.bahamasferries.com\/schedules\/\" target=\"_blank\" rel=\"noopener\">https:\/\/www.bahamasferries.com\/schedules\/<\/a>[\/vc_column_text][\/vc_column][\/vc_row][vc_row css=\u00a0\u00bb.vc_custom_1650996499970{padding-bottom: 50px !important;}\u00a0\u00bb][vc_column width=\u00a0\u00bb1\/6&Prime;][\/vc_column][vc_column width=\u00a0\u00bb2\/3&Prime;][vc_row_inner][vc_column_inner width=\u00a0\u00bb1\/2&Prime;][vc_single_image image=\u00a0\u00bb74289&Prime;][\/vc_column_inner][vc_column_inner width=\u00a0\u00bb1\/2&Prime;][vc_single_image image=\u00a0\u00bb74293&Prime;][\/vc_column_inner][\/vc_row_inner][\/vc_column][vc_column width=\u00a0\u00bb1\/6&Prime;][\/vc_column][\/vc_row][vc_row][vc_column][vc_column_text]Une fois arriv\u00e9 \u00e0 Spanish Wells, vous pouvez explorer les plages de l&rsquo;\u00eele et profiter d&rsquo;activit\u00e9s nautiques telles que la plong\u00e9e en apn\u00e9e, la plong\u00e9e sous-marine et la p\u00eache dans les eaux claires entourant l&rsquo;\u00eele. En plus de sa beaut\u00e9 naturelle, Spanish Wells est connue pour sa communaut\u00e9 vibrante et accueillante. Les visiteurs peuvent explorer les magasins et les restaurants de l&rsquo;\u00eele, d\u00e9guster une cuisine locale et en apprendre davantage sur l&rsquo;histoire et la culture de la r\u00e9gion au mus\u00e9e de Spanish Wells.[\/vc_column_text][vc_separator css=\u00a0\u00bb.vc_custom_1676907368432{padding-top: 30px !important;padding-bottom: 30px !important;}\u00a0\u00bb][vc_column_text]<strong>Uncle Rob\u2019s great adventure<\/strong><br \/>\nUncle Rob\u2019s Great Adventures est un guide \u00e0 Spanish Wells, offrant des excursions maritimes de toutes sortes. Les options de r\u00e9servation sont enti\u00e8rement personnalisables. Leur slogan : \u00ab\u00a0R\u00e9servez en tant que clients mais partez en tant que famille\u00a0\u00bb.<\/p>\n<p>2nd st, Spanish Wells, Bahamas<br \/>\n+1 242-557-7655<br \/>\n<a href=\"http:\/\/Unclerobsgreatadventures.com\" target=\"_blank\" rel=\"noopener\">http:\/\/www.unclerobsgreatadventures.com<\/a><\/p>\n<p>&nbsp;<\/p>\n<p><strong>Da Salty Pig Adventures<\/strong><br \/>\nDa Salty Pig Adventures est une entreprise de location de bateaux bahamienne bas\u00e9e \u00e0 Spanish Wells qui propose des excursions d&rsquo;une journ\u00e9e pour d\u00e9couvrir la beaut\u00e9 de Spanish Wells et de ses environs.<\/p>\n<p>Spanish Wells, Bahamas<br \/>\n+1 242-422-9348<\/p>\n<p>&nbsp;<\/p>\n<p><strong>Bahamas Ocean Safaris<\/strong><br \/>\nJames Dunnam, propri\u00e9taire et guide de safari, est n\u00e9 et a pass\u00e9 toute sa vie \u00e0 Spanish Wells, aux Bahamas. Il est capitaine agr\u00e9\u00e9 avec plus de 30 ans d&rsquo;exp\u00e9rience et viendra vous chercher \u00e0 Harbour Island pour vous montrer la magnifique \u00eele de Spanish Wells.<\/p>\n<p>12th st Spanish Wells, Bahamas<br \/>\n+1 242-470-1930<br \/>\n<a href=\"https:\/\/bahamasoceansafaris.com\/\" target=\"_blank\" rel=\"noopener\">https:\/\/bahamasoceansafaris.com\/<\/a>[\/vc_column_text][vc_separator css=\u00a0\u00bb.vc_custom_1676907368432{padding-top: 30px !important;padding-bottom: 30px !important;}\u00a0\u00bb][\/vc_column][\/vc_row]<\/p>\n<\/div>","protected":false},"excerpt":{"rendered":"<p>[vc_row css=\u00a0\u00bb.vc_custom_1650996412893{padding-bottom: 50px !important;}\u00a0\u00bb][vc_column][vc_column_text css=\u00a0\u00bb.vc_custom_1682517158807{padding-top: 30px !important;}\u00a0\u00bb]Une excursion en bateau depuis Harbour Island jusqu&rsquo;\u00e0 Spanish Wells est une excellente id\u00e9e pour ceux qui souhaitent explorer les magnifiques plages de la r\u00e9gion, les eaux cristallines et la culture unique de l&rsquo;\u00eele. Spanish Wells est situ\u00e9 \u00e0 une courte distance de Harbour Island. Voici les options pour&hellip;<\/p>\n","protected":false},"author":1,"featured_media":74290,"parent":74823,"menu_order":0,"comment_status":"closed","ping_status":"closed","template":"","meta":{"footnotes":""},"categories":[],"tags":[1223],"class_list":["post-74983","page","type-page","status-publish","has-post-thumbnail","hentry","tag-see-around-harbour-island-fr-2","description-off"],"yoast_head":"<!-- This site is optimized with the Yoast SEO Premium plugin v25.2 (Yoast SEO v27.4) - https:\/\/yoast.com\/product\/yoast-seo-premium-wordpress\/ -->\n<title>Spanish Wells en bateau de Harbour Island, Bahamas.<\/title>\n<meta name=\"description\" content=\"Official Eleuthera Harbour Island votre guide touristique vous donne des informations sur Spanish Wells en bateau depuis Harbour Island, aux Bahamas.\" \/>\n<meta name=\"robots\" content=\"index, follow, max-snippet:-1, max-image-preview:large, max-video-preview:-1\" \/>\n<link rel=\"canonical\" href=\"https:\/\/officialeleutheraharbourisland.com\/fr\/harbour-island\/que-voir\/voir-autour-de-harbour-island\/spanish-wells-en-bateau\/\" \/>\n<meta property=\"og:locale\" content=\"fr_FR\" \/>\n<meta property=\"og:type\" content=\"article\" \/>\n<meta property=\"og:title\" content=\"Spanish Wells en bateau\" \/>\n<meta property=\"og:description\" content=\"Official Eleuthera Harbour Island votre guide touristique vous donne des informations sur Spanish Wells en bateau depuis Harbour Island, aux Bahamas.\" \/>\n<meta property=\"og:url\" content=\"https:\/\/officialeleutheraharbourisland.com\/fr\/harbour-island\/que-voir\/voir-autour-de-harbour-island\/spanish-wells-en-bateau\/\" \/>\n<meta property=\"og:site_name\" content=\"Official Eleuthera Harbour Island\" \/>\n<meta property=\"article:modified_time\" content=\"2023-04-26T13:57:37+00:00\" \/>\n<meta property=\"og:image\" content=\"https:\/\/officialeleutheraharbourisland.com\/wp-content\/uploads\/2023\/02\/spanish-wells-jpg.webp\" \/>\n\t<meta property=\"og:image:width\" content=\"611\" \/>\n\t<meta property=\"og:image:height\" content=\"611\" \/>\n\t<meta property=\"og:image:type\" content=\"image\/jpeg\" \/>\n<meta name=\"twitter:card\" content=\"summary_large_image\" \/>\n<meta name=\"twitter:label1\" content=\"Dur\u00e9e de lecture estim\u00e9e\" \/>\n\t<meta name=\"twitter:data1\" content=\"3 minutes\" \/>\n<script type=\"application\/ld+json\" class=\"yoast-schema-graph\">{\"@context\":\"https:\\\/\\\/schema.org\",\"@graph\":[{\"@type\":\"WebPage\",\"@id\":\"https:\\\/\\\/officialeleutheraharbourisland.com\\\/fr\\\/harbour-island\\\/que-voir\\\/voir-autour-de-harbour-island\\\/spanish-wells-en-bateau\\\/\",\"url\":\"https:\\\/\\\/officialeleutheraharbourisland.com\\\/fr\\\/harbour-island\\\/que-voir\\\/voir-autour-de-harbour-island\\\/spanish-wells-en-bateau\\\/\",\"name\":\"Spanish Wells en bateau de Harbour Island, Bahamas.\",\"isPartOf\":{\"@id\":\"https:\\\/\\\/officialeleutheraharbourisland.com\\\/#website\"},\"primaryImageOfPage\":{\"@id\":\"https:\\\/\\\/officialeleutheraharbourisland.com\\\/fr\\\/harbour-island\\\/que-voir\\\/voir-autour-de-harbour-island\\\/spanish-wells-en-bateau\\\/#primaryimage\"},\"image\":{\"@id\":\"https:\\\/\\\/officialeleutheraharbourisland.com\\\/fr\\\/harbour-island\\\/que-voir\\\/voir-autour-de-harbour-island\\\/spanish-wells-en-bateau\\\/#primaryimage\"},\"thumbnailUrl\":\"https:\\\/\\\/officialeleutheraharbourisland.com\\\/wp-content\\\/uploads\\\/2023\\\/02\\\/spanish-wells-jpg.webp\",\"datePublished\":\"2023-01-24T20:13:11+00:00\",\"dateModified\":\"2023-04-26T13:57:37+00:00\",\"description\":\"Official Eleuthera Harbour Island votre guide touristique vous donne des informations sur Spanish Wells en bateau depuis Harbour Island, aux Bahamas.\",\"breadcrumb\":{\"@id\":\"https:\\\/\\\/officialeleutheraharbourisland.com\\\/fr\\\/harbour-island\\\/que-voir\\\/voir-autour-de-harbour-island\\\/spanish-wells-en-bateau\\\/#breadcrumb\"},\"inLanguage\":\"fr-FR\",\"potentialAction\":[{\"@type\":\"ReadAction\",\"target\":[\"https:\\\/\\\/officialeleutheraharbourisland.com\\\/fr\\\/harbour-island\\\/que-voir\\\/voir-autour-de-harbour-island\\\/spanish-wells-en-bateau\\\/\"]}]},{\"@type\":\"ImageObject\",\"inLanguage\":\"fr-FR\",\"@id\":\"https:\\\/\\\/officialeleutheraharbourisland.com\\\/fr\\\/harbour-island\\\/que-voir\\\/voir-autour-de-harbour-island\\\/spanish-wells-en-bateau\\\/#primaryimage\",\"url\":\"https:\\\/\\\/officialeleutheraharbourisland.com\\\/wp-content\\\/uploads\\\/2023\\\/02\\\/spanish-wells-jpg.webp\",\"contentUrl\":\"https:\\\/\\\/officialeleutheraharbourisland.com\\\/wp-content\\\/uploads\\\/2023\\\/02\\\/spanish-wells-jpg.webp\",\"width\":611,\"height\":611},{\"@type\":\"BreadcrumbList\",\"@id\":\"https:\\\/\\\/officialeleutheraharbourisland.com\\\/fr\\\/harbour-island\\\/que-voir\\\/voir-autour-de-harbour-island\\\/spanish-wells-en-bateau\\\/#breadcrumb\",\"itemListElement\":[{\"@type\":\"ListItem\",\"position\":1,\"name\":\"Home\",\"item\":\"https:\\\/\\\/officialeleutheraharbourisland.com\\\/fr\\\/\"},{\"@type\":\"ListItem\",\"position\":2,\"name\":\"HARBOUR ISLAND\",\"item\":\"https:\\\/\\\/officialeleutheraharbourisland.com\\\/fr\\\/harbour-island\\\/\"},{\"@type\":\"ListItem\",\"position\":3,\"name\":\"QUE VOIR\",\"item\":\"https:\\\/\\\/officialeleutheraharbourisland.com\\\/fr\\\/harbour-island\\\/que-voir\\\/\"},{\"@type\":\"ListItem\",\"position\":4,\"name\":\"Voir autour de Harbour Island\",\"item\":\"https:\\\/\\\/officialeleutheraharbourisland.com\\\/fr\\\/harbour-island\\\/que-voir\\\/voir-autour-de-harbour-island\\\/\"},{\"@type\":\"ListItem\",\"position\":5,\"name\":\"Spanish Wells en bateau\"}]},{\"@type\":\"WebSite\",\"@id\":\"https:\\\/\\\/officialeleutheraharbourisland.com\\\/#website\",\"url\":\"https:\\\/\\\/officialeleutheraharbourisland.com\\\/\",\"name\":\"Official Eleuthera Harbour Island\",\"description\":\"Where Beauty &amp; Nature Meet\",\"publisher\":{\"@id\":\"https:\\\/\\\/officialeleutheraharbourisland.com\\\/#organization\"},\"potentialAction\":[{\"@type\":\"SearchAction\",\"target\":{\"@type\":\"EntryPoint\",\"urlTemplate\":\"https:\\\/\\\/officialeleutheraharbourisland.com\\\/?s={search_term_string}\"},\"query-input\":{\"@type\":\"PropertyValueSpecification\",\"valueRequired\":true,\"valueName\":\"search_term_string\"}}],\"inLanguage\":\"fr-FR\"},{\"@type\":\"Organization\",\"@id\":\"https:\\\/\\\/officialeleutheraharbourisland.com\\\/#organization\",\"name\":\"Official Eleuthera Harbour Island\",\"url\":\"https:\\\/\\\/officialeleutheraharbourisland.com\\\/\",\"logo\":{\"@type\":\"ImageObject\",\"inLanguage\":\"fr-FR\",\"@id\":\"https:\\\/\\\/officialeleutheraharbourisland.com\\\/#\\\/schema\\\/logo\\\/image\\\/\",\"url\":\"https:\\\/\\\/officialeleutheraharbourisland.com\\\/wp-content\\\/uploads\\\/2022\\\/03\\\/logo-new-GREY-275.png\",\"contentUrl\":\"https:\\\/\\\/officialeleutheraharbourisland.com\\\/wp-content\\\/uploads\\\/2022\\\/03\\\/logo-new-GREY-275.png\",\"width\":275,\"height\":22,\"caption\":\"Official Eleuthera Harbour Island\"},\"image\":{\"@id\":\"https:\\\/\\\/officialeleutheraharbourisland.com\\\/#\\\/schema\\\/logo\\\/image\\\/\"}}]}<\/script>\n<!-- \/ Yoast SEO Premium plugin. -->","yoast_head_json":{"title":"Spanish Wells en bateau de Harbour Island, Bahamas.","description":"Official Eleuthera Harbour Island votre guide touristique vous donne des informations sur Spanish Wells en bateau depuis Harbour Island, aux Bahamas.","robots":{"index":"index","follow":"follow","max-snippet":"max-snippet:-1","max-image-preview":"max-image-preview:large","max-video-preview":"max-video-preview:-1"},"canonical":"https:\/\/officialeleutheraharbourisland.com\/fr\/harbour-island\/que-voir\/voir-autour-de-harbour-island\/spanish-wells-en-bateau\/","og_locale":"fr_FR","og_type":"article","og_title":"Spanish Wells en bateau","og_description":"Official Eleuthera Harbour Island votre guide touristique vous donne des informations sur Spanish Wells en bateau depuis Harbour Island, aux Bahamas.","og_url":"https:\/\/officialeleutheraharbourisland.com\/fr\/harbour-island\/que-voir\/voir-autour-de-harbour-island\/spanish-wells-en-bateau\/","og_site_name":"Official Eleuthera Harbour Island","article_modified_time":"2023-04-26T13:57:37+00:00","og_image":[{"width":611,"height":611,"url":"https:\/\/officialeleutheraharbourisland.com\/wp-content\/uploads\/2023\/02\/spanish-wells-jpg.webp","type":"image\/jpeg"}],"twitter_card":"summary_large_image","twitter_misc":{"Dur\u00e9e de lecture estim\u00e9e":"3 minutes"},"schema":{"@context":"https:\/\/schema.org","@graph":[{"@type":"WebPage","@id":"https:\/\/officialeleutheraharbourisland.com\/fr\/harbour-island\/que-voir\/voir-autour-de-harbour-island\/spanish-wells-en-bateau\/","url":"https:\/\/officialeleutheraharbourisland.com\/fr\/harbour-island\/que-voir\/voir-autour-de-harbour-island\/spanish-wells-en-bateau\/","name":"Spanish Wells en bateau de Harbour Island, Bahamas.","isPartOf":{"@id":"https:\/\/officialeleutheraharbourisland.com\/#website"},"primaryImageOfPage":{"@id":"https:\/\/officialeleutheraharbourisland.com\/fr\/harbour-island\/que-voir\/voir-autour-de-harbour-island\/spanish-wells-en-bateau\/#primaryimage"},"image":{"@id":"https:\/\/officialeleutheraharbourisland.com\/fr\/harbour-island\/que-voir\/voir-autour-de-harbour-island\/spanish-wells-en-bateau\/#primaryimage"},"thumbnailUrl":"https:\/\/officialeleutheraharbourisland.com\/wp-content\/uploads\/2023\/02\/spanish-wells-jpg.webp","datePublished":"2023-01-24T20:13:11+00:00","dateModified":"2023-04-26T13:57:37+00:00","description":"Official Eleuthera Harbour Island votre guide touristique vous donne des informations sur Spanish Wells en bateau depuis Harbour Island, aux Bahamas.","breadcrumb":{"@id":"https:\/\/officialeleutheraharbourisland.com\/fr\/harbour-island\/que-voir\/voir-autour-de-harbour-island\/spanish-wells-en-bateau\/#breadcrumb"},"inLanguage":"fr-FR","potentialAction":[{"@type":"ReadAction","target":["https:\/\/officialeleutheraharbourisland.com\/fr\/harbour-island\/que-voir\/voir-autour-de-harbour-island\/spanish-wells-en-bateau\/"]}]},{"@type":"ImageObject","inLanguage":"fr-FR","@id":"https:\/\/officialeleutheraharbourisland.com\/fr\/harbour-island\/que-voir\/voir-autour-de-harbour-island\/spanish-wells-en-bateau\/#primaryimage","url":"https:\/\/officialeleutheraharbourisland.com\/wp-content\/uploads\/2023\/02\/spanish-wells-jpg.webp","contentUrl":"https:\/\/officialeleutheraharbourisland.com\/wp-content\/uploads\/2023\/02\/spanish-wells-jpg.webp","width":611,"height":611},{"@type":"BreadcrumbList","@id":"https:\/\/officialeleutheraharbourisland.com\/fr\/harbour-island\/que-voir\/voir-autour-de-harbour-island\/spanish-wells-en-bateau\/#breadcrumb","itemListElement":[{"@type":"ListItem","position":1,"name":"Home","item":"https:\/\/officialeleutheraharbourisland.com\/fr\/"},{"@type":"ListItem","position":2,"name":"HARBOUR ISLAND","item":"https:\/\/officialeleutheraharbourisland.com\/fr\/harbour-island\/"},{"@type":"ListItem","position":3,"name":"QUE VOIR","item":"https:\/\/officialeleutheraharbourisland.com\/fr\/harbour-island\/que-voir\/"},{"@type":"ListItem","position":4,"name":"Voir autour de Harbour Island","item":"https:\/\/officialeleutheraharbourisland.com\/fr\/harbour-island\/que-voir\/voir-autour-de-harbour-island\/"},{"@type":"ListItem","position":5,"name":"Spanish Wells en bateau"}]},{"@type":"WebSite","@id":"https:\/\/officialeleutheraharbourisland.com\/#website","url":"https:\/\/officialeleutheraharbourisland.com\/","name":"Official Eleuthera Harbour Island","description":"Where Beauty &amp; Nature Meet","publisher":{"@id":"https:\/\/officialeleutheraharbourisland.com\/#organization"},"potentialAction":[{"@type":"SearchAction","target":{"@type":"EntryPoint","urlTemplate":"https:\/\/officialeleutheraharbourisland.com\/?s={search_term_string}"},"query-input":{"@type":"PropertyValueSpecification","valueRequired":true,"valueName":"search_term_string"}}],"inLanguage":"fr-FR"},{"@type":"Organization","@id":"https:\/\/officialeleutheraharbourisland.com\/#organization","name":"Official Eleuthera Harbour Island","url":"https:\/\/officialeleutheraharbourisland.com\/","logo":{"@type":"ImageObject","inLanguage":"fr-FR","@id":"https:\/\/officialeleutheraharbourisland.com\/#\/schema\/logo\/image\/","url":"https:\/\/officialeleutheraharbourisland.com\/wp-content\/uploads\/2022\/03\/logo-new-GREY-275.png","contentUrl":"https:\/\/officialeleutheraharbourisland.com\/wp-content\/uploads\/2022\/03\/logo-new-GREY-275.png","width":275,"height":22,"caption":"Official Eleuthera Harbour Island"},"image":{"@id":"https:\/\/officialeleutheraharbourisland.com\/#\/schema\/logo\/image\/"}}]}},"jetpack_sharing_enabled":true,"_links":{"self":[{"href":"https:\/\/officialeleutheraharbourisland.com\/fr\/wp-json\/wp\/v2\/pages\/74983","targetHints":{"allow":["GET"]}}],"collection":[{"href":"https:\/\/officialeleutheraharbourisland.com\/fr\/wp-json\/wp\/v2\/pages"}],"about":[{"href":"https:\/\/officialeleutheraharbourisland.com\/fr\/wp-json\/wp\/v2\/types\/page"}],"author":[{"embeddable":true,"href":"https:\/\/officialeleutheraharbourisland.com\/fr\/wp-json\/wp\/v2\/users\/1"}],"replies":[{"embeddable":true,"href":"https:\/\/officialeleutheraharbourisland.com\/fr\/wp-json\/wp\/v2\/comments?post=74983"}],"version-history":[{"count":2,"href":"https:\/\/officialeleutheraharbourisland.com\/fr\/wp-json\/wp\/v2\/pages\/74983\/revisions"}],"predecessor-version":[{"id":74985,"href":"https:\/\/officialeleutheraharbourisland.com\/fr\/wp-json\/wp\/v2\/pages\/74983\/revisions\/74985"}],"up":[{"embeddable":true,"href":"https:\/\/officialeleutheraharbourisland.com\/fr\/wp-json\/wp\/v2\/pages\/74823"}],"wp:featuredmedia":[{"embeddable":true,"href":"https:\/\/officialeleutheraharbourisland.com\/fr\/wp-json\/wp\/v2\/media\/74290"}],"wp:attachment":[{"href":"https:\/\/officialeleutheraharbourisland.com\/fr\/wp-json\/wp\/v2\/media?parent=74983"}],"wp:term":[{"taxonomy":"category","embeddable":true,"href":"https:\/\/officialeleutheraharbourisland.com\/fr\/wp-json\/wp\/v2\/categories?post=74983"},{"taxonomy":"post_tag","embeddable":true,"href":"https:\/\/officialeleutheraharbourisland.com\/fr\/wp-json\/wp\/v2\/tags?post=74983"}],"curies":[{"name":"wp","href":"https:\/\/api.w.org\/{rel}","templated":true}]}}