{"id":74993,"date":"2022-05-24T10:49:33","date_gmt":"2022-05-24T10:49:33","guid":{"rendered":"https:\/\/officialeleutheraharbourisland.com\/harbour-island\/que-voir\/tours-excursions\/"},"modified":"2023-04-26T14:25:51","modified_gmt":"2023-04-26T14:25:51","slug":"visites-et-excursions","status":"publish","type":"page","link":"https:\/\/officialeleutheraharbourisland.com\/fr\/harbour-island\/que-voir\/visites-et-excursions\/","title":{"rendered":"Visites et excursions"},"content":{"rendered":"<div class=\"wpb-content-wrapper\"><p>[vc_row css=\u00a0\u00bb.vc_custom_1650996412893{padding-bottom: 50px !important;}\u00a0\u00bb][vc_column]<div id=\"ultimate-heading-934669e29df883a98\" class=\"uvc-heading ult-adjust-bottom-margin ultimate-heading-934669e29df883a98 uvc-313 \" data-hspacer=\"no_spacer\"  data-halign=\"center\" style=\"text-align:center\"><div class=\"uvc-heading-spacer no_spacer\" style=\"top\"><\/div><div class=\"uvc-main-heading ult-responsive\"  data-ultimate-target='.uvc-heading.ultimate-heading-934669e29df883a98 h2'  data-responsive-json-new='{\"font-size\":\"\",\"line-height\":\"\"}' ><h2 style=\"font-weight:normal;margin-bottom:10px;\">Visites et excursions \u00e0 Harbour Island<\/h2><\/div><\/div><div class=\"hr-thin style-line accent-border-color\" style=\"width: 100px;border-top-width: 3px;\"><\/div>[vc_column_text css=\u00a0\u00bb.vc_custom_1682519022502{padding-top: 30px !important;}\u00a0\u00bb]<span style=\"font-weight: 400;\">Bien qu&rsquo;il y ait beaucoup \u00e0 voir et \u00e0 faire sur l&rsquo;\u00eele elle-m\u00eame, les visiteurs peuvent \u00e9galement explorer les eaux environnantes et les \u00eeles voisines pour profiter au maximum de leur s\u00e9jour aux Bahamas. Il existe une vari\u00e9t\u00e9 de visites et d&rsquo;excursions disponibles, y compris des excursions de plong\u00e9e avec tuba et de plong\u00e9e sous-marine, des excursions en bateau sur les nombreuses \u00eeles de la r\u00e9gion et des possibilit\u00e9s de nager avec les tortues et d&rsquo;autres animaux marins. Les visiteurs peuvent \u00e9galement faire des visites guid\u00e9es de l&rsquo;\u00eele pour en savoir plus sur sa riche histoire et sa culture, ou visiter les r\u00e9serves naturelles \u00e0 proximit\u00e9.<\/span>[\/vc_column_text][vc_column_text css=\u00a0\u00bb.vc_custom_1682519042630{padding-top: 30px !important;}\u00a0\u00bb]Voici nos conseils pour vous aider \u00e0 trouver les meilleurs tours et excursions et pr\u00e9parer votre visite \u00e0 Harbour Island, aux Bahamas.[\/vc_column_text][vc_separator css=\u00a0\u00bb.vc_custom_1677609917755{padding-top: 30px !important;padding-bottom: 30px !important;}\u00a0\u00bb][vc_row_inner][vc_column_inner width=\u00a0\u00bb1\/2&Prime;][vc_column_text]<strong>Conch and Coconut<\/strong><br \/>\nDunmore Street et South Street, Dunmore Town, Bahamas<br \/>\n+1 (242) 805-2626 or +1 (888) 994-9494<br \/>\n<a href=\"https:\/\/www.conchandcoconut.com\" target=\"_blank\" rel=\"noopener\">https:\/\/www.conchandcoconut.com <\/a><\/p>\n<p><strong>Valentine&rsquo;s Dive Center: <\/strong><br \/>\nBay Street, Harbour Island, Bahamas<br \/>\ndive@valentinesdive.com<br \/>\ngeorge@valentinesdive.com<br \/>\n<a href=\"https:\/\/www.valentinesdive.com\/\" target=\"_blank\" rel=\"noopener\">https:\/\/www.valentinesdive.com\/<\/a><\/p>\n<p><strong>Captain Kid Tour<\/strong><br \/>\n14th street, Spanish Wells, Bahamas<br \/>\n+12425577351<br \/>\njodypinder@gmail.com<br \/>\n<a href=\"https:\/\/www.captainkidtours.com\/contact.html\" target=\"_blank\" rel=\"noopener\">https:\/\/www.captainkidtours.com\/contact.html<\/a><\/p>\n<p><strong>Pig Beach Bahamas Tours<\/strong><br \/>\nDunmore Street, Dunmore, Bahamas<br \/>\n+1 242-422-9999<br \/>\n<a href=\"https:\/\/www.instagram.com\/pigbeachbahamastours\/?hl=en\" target=\"_blank\" rel=\"noopener\">https:\/\/www.instagram.com\/pigbeachbahamastours\/?hl=en<\/a>[\/vc_column_text][\/vc_column_inner][vc_column_inner width=\u00a0\u00bb1\/2&Prime;][vc_column_text css=\u00a0\u00bb.vc_custom_1677610762064{padding-top: 30px !important;}\u00a0\u00bb]<strong>Eleuthera Sailing Adventures<\/strong><br \/>\nHarbour Island, The Bahamas<br \/>\n+1.305.432.2331 (US Skype)<br \/>\n\u200b+1.242.475.3741 (WhatsApp and Bahamas mobile)<br \/>\n<a href=\"http:\/\/www.saileleuthera.com\/\" target=\"_blank\" rel=\"noopener\">http:\/\/www.saileleuthera.com\/<\/a><\/p>\n<p><strong>Uncle Rob\u2019s great adventure<\/strong><br \/>\n2nd st, Spanish Wells, Bahamas<br \/>\n+1 242-557-7655<br \/>\n<a href=\"http:\/\/www.Unclerobsgreatadventures.com\" target=\"_blank\" rel=\"noopener\">http:\/\/www.Unclerobsgreatadventures.com<\/a><\/p>\n<p><strong>Bahamas Ocean Safaris<\/strong><br \/>\n12th st Spanish Wells, Bahamas<br \/>\n+1 242-470-1930<br \/>\n<a href=\"https:\/\/bahamasoceansafaris.com\/\" target=\"_blank\" rel=\"noopener\">https:\/\/bahamasoceansafaris.com\/<\/a>[\/vc_column_text][\/vc_column_inner][\/vc_row_inner][vc_separator css=\u00a0\u00bb.vc_custom_1677609917755{padding-top: 30px !important;padding-bottom: 30px !important;}\u00a0\u00bb][\/vc_column][\/vc_row][vc_row css=\u00a0\u00bb.vc_custom_1650996499970{padding-bottom: 50px !important;}\u00a0\u00bb][vc_column width=\u00a0\u00bb1\/6&Prime;][\/vc_column][vc_column width=\u00a0\u00bb2\/3&Prime;][vc_row_inner][vc_column_inner width=\u00a0\u00bb1\/3&Prime;][vc_single_image image=\u00a0\u00bb74318&Prime; img_size=\u00a0\u00bbfull\u00a0\u00bb alignment=\u00a0\u00bbcenter\u00a0\u00bb][\/vc_column_inner][vc_column_inner width=\u00a0\u00bb1\/3&Prime;][vc_single_image image=\u00a0\u00bb74293&Prime; img_size=\u00a0\u00bbfull\u00a0\u00bb alignment=\u00a0\u00bbcenter\u00a0\u00bb][\/vc_column_inner][vc_column_inner width=\u00a0\u00bb1\/3&Prime;][vc_single_image image=\u00a0\u00bb74289&Prime; img_size=\u00a0\u00bbfull\u00a0\u00bb alignment=\u00a0\u00bbcenter\u00a0\u00bb][\/vc_column_inner][\/vc_row_inner][\/vc_column][vc_column width=\u00a0\u00bb1\/6&Prime;][\/vc_column][\/vc_row][vc_row][vc_column][vc_separator css=\u00a0\u00bb.vc_custom_1677611074151{padding-top: 30px !important;padding-bottom: 30px !important;}\u00a0\u00bb][\/vc_column][\/vc_row]<\/p>\n<\/div>","protected":false},"excerpt":{"rendered":"<p>[vc_row css=\u00a0\u00bb.vc_custom_1650996412893{padding-bottom: 50px !important;}\u00a0\u00bb][vc_column][vc_column_text css=\u00a0\u00bb.vc_custom_1682519022502{padding-top: 30px !important;}\u00a0\u00bb]Bien qu&rsquo;il y ait beaucoup \u00e0 voir et \u00e0 faire sur l&rsquo;\u00eele elle-m\u00eame, les visiteurs peuvent \u00e9galement explorer les eaux environnantes et les \u00eeles voisines pour profiter au maximum de leur s\u00e9jour aux Bahamas. Il existe une vari\u00e9t\u00e9 de visites et d&rsquo;excursions disponibles, y compris des excursions de plong\u00e9e&hellip;<\/p>\n","protected":false},"author":3,"featured_media":73852,"parent":74816,"menu_order":0,"comment_status":"closed","ping_status":"closed","template":"","meta":{"footnotes":""},"categories":[],"tags":[1221],"class_list":["post-74993","page","type-page","status-publish","has-post-thumbnail","hentry","tag-things-to-see-harbour-island-fr-2","description-off"],"yoast_head":"<!-- This site is optimized with the Yoast SEO Premium plugin v25.2 (Yoast SEO v27.4) - https:\/\/yoast.com\/product\/yoast-seo-premium-wordpress\/ -->\n<title>Visites et excursions \u00e0 Harbour Island. \u00c0 voir Harbour Island<\/title>\n<meta name=\"description\" content=\"Official Eleuthera Harbour Island votre source officielle de Harbour Island, apporte des informations sur les visites et les excursions \u00e0 Harbour Island, aux Bahamas.\" \/>\n<meta name=\"robots\" content=\"index, follow, max-snippet:-1, max-image-preview:large, max-video-preview:-1\" \/>\n<link rel=\"canonical\" href=\"https:\/\/officialeleutheraharbourisland.com\/fr\/harbour-island\/que-voir\/visites-et-excursions\/\" \/>\n<meta property=\"og:locale\" content=\"fr_FR\" \/>\n<meta property=\"og:type\" content=\"article\" \/>\n<meta property=\"og:title\" content=\"Visites et excursions\" \/>\n<meta property=\"og:description\" content=\"Official Eleuthera Harbour Island votre source officielle de Harbour Island, apporte des informations sur les visites et les excursions \u00e0 Harbour Island, aux Bahamas.\" \/>\n<meta property=\"og:url\" content=\"https:\/\/officialeleutheraharbourisland.com\/fr\/harbour-island\/que-voir\/visites-et-excursions\/\" \/>\n<meta property=\"og:site_name\" content=\"Official Eleuthera Harbour Island\" \/>\n<meta property=\"article:modified_time\" content=\"2023-04-26T14:25:51+00:00\" \/>\n<meta property=\"og:image\" content=\"https:\/\/officialeleutheraharbourisland.com\/wp-content\/uploads\/2023\/02\/262879428_642196466968837_116510498078027831_n-396w.webp\" \/>\n\t<meta property=\"og:image:width\" content=\"400\" \/>\n\t<meta property=\"og:image:height\" content=\"351\" \/>\n\t<meta property=\"og:image:type\" content=\"image\/webp\" \/>\n<meta name=\"twitter:card\" content=\"summary_large_image\" \/>\n<meta name=\"twitter:label1\" content=\"Dur\u00e9e de lecture estim\u00e9e\" \/>\n\t<meta name=\"twitter:data1\" content=\"2 minutes\" \/>\n<script type=\"application\/ld+json\" class=\"yoast-schema-graph\">{\"@context\":\"https:\\\/\\\/schema.org\",\"@graph\":[{\"@type\":\"WebPage\",\"@id\":\"https:\\\/\\\/officialeleutheraharbourisland.com\\\/fr\\\/harbour-island\\\/que-voir\\\/visites-et-excursions\\\/\",\"url\":\"https:\\\/\\\/officialeleutheraharbourisland.com\\\/fr\\\/harbour-island\\\/que-voir\\\/visites-et-excursions\\\/\",\"name\":\"Visites et excursions \u00e0 Harbour Island. \u00c0 voir Harbour Island\",\"isPartOf\":{\"@id\":\"https:\\\/\\\/officialeleutheraharbourisland.com\\\/#website\"},\"primaryImageOfPage\":{\"@id\":\"https:\\\/\\\/officialeleutheraharbourisland.com\\\/fr\\\/harbour-island\\\/que-voir\\\/visites-et-excursions\\\/#primaryimage\"},\"image\":{\"@id\":\"https:\\\/\\\/officialeleutheraharbourisland.com\\\/fr\\\/harbour-island\\\/que-voir\\\/visites-et-excursions\\\/#primaryimage\"},\"thumbnailUrl\":\"https:\\\/\\\/officialeleutheraharbourisland.com\\\/wp-content\\\/uploads\\\/2023\\\/02\\\/262879428_642196466968837_116510498078027831_n-396w.webp\",\"datePublished\":\"2022-05-24T10:49:33+00:00\",\"dateModified\":\"2023-04-26T14:25:51+00:00\",\"description\":\"Official Eleuthera Harbour Island votre source officielle de Harbour Island, apporte des informations sur les visites et les excursions \u00e0 Harbour Island, aux Bahamas.\",\"breadcrumb\":{\"@id\":\"https:\\\/\\\/officialeleutheraharbourisland.com\\\/fr\\\/harbour-island\\\/que-voir\\\/visites-et-excursions\\\/#breadcrumb\"},\"inLanguage\":\"fr-FR\",\"potentialAction\":[{\"@type\":\"ReadAction\",\"target\":[\"https:\\\/\\\/officialeleutheraharbourisland.com\\\/fr\\\/harbour-island\\\/que-voir\\\/visites-et-excursions\\\/\"]}]},{\"@type\":\"ImageObject\",\"inLanguage\":\"fr-FR\",\"@id\":\"https:\\\/\\\/officialeleutheraharbourisland.com\\\/fr\\\/harbour-island\\\/que-voir\\\/visites-et-excursions\\\/#primaryimage\",\"url\":\"https:\\\/\\\/officialeleutheraharbourisland.com\\\/wp-content\\\/uploads\\\/2023\\\/02\\\/262879428_642196466968837_116510498078027831_n-396w.webp\",\"contentUrl\":\"https:\\\/\\\/officialeleutheraharbourisland.com\\\/wp-content\\\/uploads\\\/2023\\\/02\\\/262879428_642196466968837_116510498078027831_n-396w.webp\",\"width\":400,\"height\":351},{\"@type\":\"BreadcrumbList\",\"@id\":\"https:\\\/\\\/officialeleutheraharbourisland.com\\\/fr\\\/harbour-island\\\/que-voir\\\/visites-et-excursions\\\/#breadcrumb\",\"itemListElement\":[{\"@type\":\"ListItem\",\"position\":1,\"name\":\"Home\",\"item\":\"https:\\\/\\\/officialeleutheraharbourisland.com\\\/fr\\\/\"},{\"@type\":\"ListItem\",\"position\":2,\"name\":\"HARBOUR ISLAND\",\"item\":\"https:\\\/\\\/officialeleutheraharbourisland.com\\\/fr\\\/harbour-island\\\/\"},{\"@type\":\"ListItem\",\"position\":3,\"name\":\"QUE VOIR\",\"item\":\"https:\\\/\\\/officialeleutheraharbourisland.com\\\/fr\\\/harbour-island\\\/que-voir\\\/\"},{\"@type\":\"ListItem\",\"position\":4,\"name\":\"Visites et excursions\"}]},{\"@type\":\"WebSite\",\"@id\":\"https:\\\/\\\/officialeleutheraharbourisland.com\\\/#website\",\"url\":\"https:\\\/\\\/officialeleutheraharbourisland.com\\\/\",\"name\":\"Official Eleuthera Harbour Island\",\"description\":\"Where Beauty &amp; Nature Meet\",\"publisher\":{\"@id\":\"https:\\\/\\\/officialeleutheraharbourisland.com\\\/#organization\"},\"potentialAction\":[{\"@type\":\"SearchAction\",\"target\":{\"@type\":\"EntryPoint\",\"urlTemplate\":\"https:\\\/\\\/officialeleutheraharbourisland.com\\\/?s={search_term_string}\"},\"query-input\":{\"@type\":\"PropertyValueSpecification\",\"valueRequired\":true,\"valueName\":\"search_term_string\"}}],\"inLanguage\":\"fr-FR\"},{\"@type\":\"Organization\",\"@id\":\"https:\\\/\\\/officialeleutheraharbourisland.com\\\/#organization\",\"name\":\"Official Eleuthera Harbour Island\",\"url\":\"https:\\\/\\\/officialeleutheraharbourisland.com\\\/\",\"logo\":{\"@type\":\"ImageObject\",\"inLanguage\":\"fr-FR\",\"@id\":\"https:\\\/\\\/officialeleutheraharbourisland.com\\\/#\\\/schema\\\/logo\\\/image\\\/\",\"url\":\"https:\\\/\\\/officialeleutheraharbourisland.com\\\/wp-content\\\/uploads\\\/2022\\\/03\\\/logo-new-GREY-275.png\",\"contentUrl\":\"https:\\\/\\\/officialeleutheraharbourisland.com\\\/wp-content\\\/uploads\\\/2022\\\/03\\\/logo-new-GREY-275.png\",\"width\":275,\"height\":22,\"caption\":\"Official Eleuthera Harbour Island\"},\"image\":{\"@id\":\"https:\\\/\\\/officialeleutheraharbourisland.com\\\/#\\\/schema\\\/logo\\\/image\\\/\"}}]}<\/script>\n<!-- \/ Yoast SEO Premium plugin. -->","yoast_head_json":{"title":"Visites et excursions \u00e0 Harbour Island. \u00c0 voir Harbour Island","description":"Official Eleuthera Harbour Island votre source officielle de Harbour Island, apporte des informations sur les visites et les excursions \u00e0 Harbour Island, aux Bahamas.","robots":{"index":"index","follow":"follow","max-snippet":"max-snippet:-1","max-image-preview":"max-image-preview:large","max-video-preview":"max-video-preview:-1"},"canonical":"https:\/\/officialeleutheraharbourisland.com\/fr\/harbour-island\/que-voir\/visites-et-excursions\/","og_locale":"fr_FR","og_type":"article","og_title":"Visites et excursions","og_description":"Official Eleuthera Harbour Island votre source officielle de Harbour Island, apporte des informations sur les visites et les excursions \u00e0 Harbour Island, aux Bahamas.","og_url":"https:\/\/officialeleutheraharbourisland.com\/fr\/harbour-island\/que-voir\/visites-et-excursions\/","og_site_name":"Official Eleuthera Harbour Island","article_modified_time":"2023-04-26T14:25:51+00:00","og_image":[{"width":400,"height":351,"url":"https:\/\/officialeleutheraharbourisland.com\/wp-content\/uploads\/2023\/02\/262879428_642196466968837_116510498078027831_n-396w.webp","type":"image\/webp"}],"twitter_card":"summary_large_image","twitter_misc":{"Dur\u00e9e de lecture estim\u00e9e":"2 minutes"},"schema":{"@context":"https:\/\/schema.org","@graph":[{"@type":"WebPage","@id":"https:\/\/officialeleutheraharbourisland.com\/fr\/harbour-island\/que-voir\/visites-et-excursions\/","url":"https:\/\/officialeleutheraharbourisland.com\/fr\/harbour-island\/que-voir\/visites-et-excursions\/","name":"Visites et excursions \u00e0 Harbour Island. \u00c0 voir Harbour Island","isPartOf":{"@id":"https:\/\/officialeleutheraharbourisland.com\/#website"},"primaryImageOfPage":{"@id":"https:\/\/officialeleutheraharbourisland.com\/fr\/harbour-island\/que-voir\/visites-et-excursions\/#primaryimage"},"image":{"@id":"https:\/\/officialeleutheraharbourisland.com\/fr\/harbour-island\/que-voir\/visites-et-excursions\/#primaryimage"},"thumbnailUrl":"https:\/\/officialeleutheraharbourisland.com\/wp-content\/uploads\/2023\/02\/262879428_642196466968837_116510498078027831_n-396w.webp","datePublished":"2022-05-24T10:49:33+00:00","dateModified":"2023-04-26T14:25:51+00:00","description":"Official Eleuthera Harbour Island votre source officielle de Harbour Island, apporte des informations sur les visites et les excursions \u00e0 Harbour Island, aux Bahamas.","breadcrumb":{"@id":"https:\/\/officialeleutheraharbourisland.com\/fr\/harbour-island\/que-voir\/visites-et-excursions\/#breadcrumb"},"inLanguage":"fr-FR","potentialAction":[{"@type":"ReadAction","target":["https:\/\/officialeleutheraharbourisland.com\/fr\/harbour-island\/que-voir\/visites-et-excursions\/"]}]},{"@type":"ImageObject","inLanguage":"fr-FR","@id":"https:\/\/officialeleutheraharbourisland.com\/fr\/harbour-island\/que-voir\/visites-et-excursions\/#primaryimage","url":"https:\/\/officialeleutheraharbourisland.com\/wp-content\/uploads\/2023\/02\/262879428_642196466968837_116510498078027831_n-396w.webp","contentUrl":"https:\/\/officialeleutheraharbourisland.com\/wp-content\/uploads\/2023\/02\/262879428_642196466968837_116510498078027831_n-396w.webp","width":400,"height":351},{"@type":"BreadcrumbList","@id":"https:\/\/officialeleutheraharbourisland.com\/fr\/harbour-island\/que-voir\/visites-et-excursions\/#breadcrumb","itemListElement":[{"@type":"ListItem","position":1,"name":"Home","item":"https:\/\/officialeleutheraharbourisland.com\/fr\/"},{"@type":"ListItem","position":2,"name":"HARBOUR ISLAND","item":"https:\/\/officialeleutheraharbourisland.com\/fr\/harbour-island\/"},{"@type":"ListItem","position":3,"name":"QUE VOIR","item":"https:\/\/officialeleutheraharbourisland.com\/fr\/harbour-island\/que-voir\/"},{"@type":"ListItem","position":4,"name":"Visites et excursions"}]},{"@type":"WebSite","@id":"https:\/\/officialeleutheraharbourisland.com\/#website","url":"https:\/\/officialeleutheraharbourisland.com\/","name":"Official Eleuthera Harbour Island","description":"Where Beauty &amp; Nature Meet","publisher":{"@id":"https:\/\/officialeleutheraharbourisland.com\/#organization"},"potentialAction":[{"@type":"SearchAction","target":{"@type":"EntryPoint","urlTemplate":"https:\/\/officialeleutheraharbourisland.com\/?s={search_term_string}"},"query-input":{"@type":"PropertyValueSpecification","valueRequired":true,"valueName":"search_term_string"}}],"inLanguage":"fr-FR"},{"@type":"Organization","@id":"https:\/\/officialeleutheraharbourisland.com\/#organization","name":"Official Eleuthera Harbour Island","url":"https:\/\/officialeleutheraharbourisland.com\/","logo":{"@type":"ImageObject","inLanguage":"fr-FR","@id":"https:\/\/officialeleutheraharbourisland.com\/#\/schema\/logo\/image\/","url":"https:\/\/officialeleutheraharbourisland.com\/wp-content\/uploads\/2022\/03\/logo-new-GREY-275.png","contentUrl":"https:\/\/officialeleutheraharbourisland.com\/wp-content\/uploads\/2022\/03\/logo-new-GREY-275.png","width":275,"height":22,"caption":"Official Eleuthera Harbour Island"},"image":{"@id":"https:\/\/officialeleutheraharbourisland.com\/#\/schema\/logo\/image\/"}}]}},"jetpack_sharing_enabled":true,"_links":{"self":[{"href":"https:\/\/officialeleutheraharbourisland.com\/fr\/wp-json\/wp\/v2\/pages\/74993","targetHints":{"allow":["GET"]}}],"collection":[{"href":"https:\/\/officialeleutheraharbourisland.com\/fr\/wp-json\/wp\/v2\/pages"}],"about":[{"href":"https:\/\/officialeleutheraharbourisland.com\/fr\/wp-json\/wp\/v2\/types\/page"}],"author":[{"embeddable":true,"href":"https:\/\/officialeleutheraharbourisland.com\/fr\/wp-json\/wp\/v2\/users\/3"}],"replies":[{"embeddable":true,"href":"https:\/\/officialeleutheraharbourisland.com\/fr\/wp-json\/wp\/v2\/comments?post=74993"}],"version-history":[{"count":2,"href":"https:\/\/officialeleutheraharbourisland.com\/fr\/wp-json\/wp\/v2\/pages\/74993\/revisions"}],"predecessor-version":[{"id":74995,"href":"https:\/\/officialeleutheraharbourisland.com\/fr\/wp-json\/wp\/v2\/pages\/74993\/revisions\/74995"}],"up":[{"embeddable":true,"href":"https:\/\/officialeleutheraharbourisland.com\/fr\/wp-json\/wp\/v2\/pages\/74816"}],"wp:featuredmedia":[{"embeddable":true,"href":"https:\/\/officialeleutheraharbourisland.com\/fr\/wp-json\/wp\/v2\/media\/73852"}],"wp:attachment":[{"href":"https:\/\/officialeleutheraharbourisland.com\/fr\/wp-json\/wp\/v2\/media?parent=74993"}],"wp:term":[{"taxonomy":"category","embeddable":true,"href":"https:\/\/officialeleutheraharbourisland.com\/fr\/wp-json\/wp\/v2\/categories?post=74993"},{"taxonomy":"post_tag","embeddable":true,"href":"https:\/\/officialeleutheraharbourisland.com\/fr\/wp-json\/wp\/v2\/tags?post=74993"}],"curies":[{"name":"wp","href":"https:\/\/api.w.org\/{rel}","templated":true}]}}