{"id":74999,"date":"2022-05-24T10:49:33","date_gmt":"2022-05-24T10:49:33","guid":{"rendered":"https:\/\/officialeleutheraharbourisland.com\/harbour-island\/manger-et-boire\/restaurants-2\/"},"modified":"2023-04-26T15:32:22","modified_gmt":"2023-04-26T15:32:22","slug":"restaurants","status":"publish","type":"page","link":"https:\/\/officialeleutheraharbourisland.com\/fr\/harbour-island\/manger-et-boire\/restaurants\/","title":{"rendered":"Restaurants"},"content":{"rendered":"<div class=\"wpb-content-wrapper\"><p>[vc_row source=\u00a0\u00bb\u00a0\u00bb main_heading=\u00a0\u00bbUpscale casual restaurants in Harbour Island, Bahamas.\u00a0\u00bb heading_tag=\u00a0\u00bbh2&Prime; main_heading_color=\u00a0\u00bb\u00a0\u00bb sub_heading_color=\u00a0\u00bb\u00a0\u00bb alignment=\u00a0\u00bbcenter\u00a0\u00bb spacer=\u00a0\u00bbline_only\u00a0\u00bb spacer_position=\u00a0\u00bbmiddle\u00a0\u00bb spacer_img_width=\u00a0\u00bb48&Prime; line_style=\u00a0\u00bbsolid\u00a0\u00bb line_height=\u00a0\u00bb3&Prime; line_color=\u00a0\u00bb#7ac1ff\u00a0\u00bb line_icon_fixer=\u00a0\u00bb10&Prime; line_width=\u00a0\u00bb60&Prime; main_heading_margin=\u00a0\u00bbmargin-bottom:15px;\u00a0\u00bb sub_heading_margin=\u00a0\u00bbmargin-bottom:15px;\u00a0\u00bb spacer_margin=\u00a0\u00bbmargin-bottom:15px;\u00a0\u00bb margin_design_tab_text=\u00a0\u00bb\u00a0\u00bb main_heading_typograpy=\u00a0\u00bb\u00a0\u00bb main_heading_font_family=\u00a0\u00bb\u00a0\u00bb main_heading_style=\u00a0\u00bb\u00a0\u00bb main_heading_font_size=\u00a0\u00bb\u00a0\u00bb main_heading_line_height=\u00a0\u00bb\u00a0\u00bb sub_heading_typograpy=\u00a0\u00bb\u00a0\u00bb sub_heading_font_family=\u00a0\u00bb\u00a0\u00bb sub_heading_style=\u00a0\u00bb\u00a0\u00bb sub_heading_font_size=\u00a0\u00bb\u00a0\u00bb sub_heading_line_height=\u00a0\u00bb\u00a0\u00bb spacer_img=\u00a0\u00bb\u00a0\u00bb][vc_column]<div id=\"ultimate-heading-372869e2b6b153293\" class=\"uvc-heading ult-adjust-bottom-margin ultimate-heading-372869e2b6b153293 uvc-959 \" data-hspacer=\"line_only\"  data-halign=\"center\" style=\"text-align:center\"><div class=\"uvc-main-heading ult-responsive\"  data-ultimate-target='.uvc-heading.ultimate-heading-372869e2b6b153293 h2'  data-responsive-json-new='{\"font-size\":\"\",\"line-height\":\"\"}' ><h2 style=\"font-weight:normal;margin-bottom:15px;\"> Restaurants \u00e0 Harbour Island, Bahamas.<\/h2><\/div><div class=\"uvc-heading-spacer line_only\" style=\"margin-bottom:15px;height:3px;\"><span class=\"uvc-headings-line\" style=\"border-style:solid;border-bottom-width:3px;border-color:#7ac1ff;width:60px;\"><\/span><\/div><\/div>[\/vc_column][\/vc_row][vc_row][vc_column][vc_column_text]Harbour Island, c\u00e9l\u00e8bre pour ses magnifiques plages de sable rose et son hospitalit\u00e9 chaleureuse, est consid\u00e9r\u00e9e comme l&rsquo;\u00eele la plus luxueuse des Bahamas, c\u00e9l\u00e8bre pour son atmosph\u00e8re chic et son ambiance d\u00e9tendue. Mais Harbour Island abrite \u00e9galement certains des meilleurs restaurants des Bahamas.<\/p>\n<p>Vous trouverez \u00e0 Harbour Island une grande vari\u00e9t\u00e9 d&rsquo;options de restauration pour tous les go\u00fbts et tous les budgets, des restaurants d\u00e9contract\u00e9s en bord de mer aux exp\u00e9riences gastronomiques raffin\u00e9es : il y en a pour tous les go\u00fbts et tous les budgets sur cette belle \u00eele.<\/p>\n<p>La cuisine des Bahamas est surtout c\u00e9l\u00e9br\u00e9e, y compris des plats populaires tels que la conque, le m\u00e9rou et les fruits de mer, toujours avec des ingr\u00e9dients frais et locaux.<\/p>\n<p>Chaque restaurant a sa propre pr\u00e9sentation unique de l&rsquo;atmosph\u00e8re bahamienne, la plupart offrant une vue magnifique sur l&rsquo;\u00eele et ses environs. Que vous soyez un fin gourmet ou simplement \u00e0 la recherche d&rsquo;un repas d\u00e9contract\u00e9, les restaurants de Harbour Island sauront vous ravir et vous laisseront des souvenirs inoubliables.<\/p>\n<p>L&rsquo;\u00eele est petite, il est donc fortement recommand\u00e9 de r\u00e9server dans la plupart des restaurants de Harbour Island, qui n\u00e9cessitent souvent une carte de cr\u00e9dit pour r\u00e9server une table pour le d\u00eener.[\/vc_column_text][vc_empty_space][vc_row_inner][vc_column_inner width=\u00a0\u00bb1\/6&Prime;][\/vc_column_inner][vc_column_inner width=\u00a0\u00bb2\/3&Prime;]<div class=\"lsd-list-view-wrapper  lsd-style-style1 lsd-font-m\" id=\"lsd_skin71764\" data-next-page=\"1\">\r\n\r\n    \r\n    \r\n    \r\n    \r\n    <div class=\"lsd-list-view-listings-wrapper lsd-viewstyle-list\">\r\n        <div class=\"lsd-listing-wrapper\">\r\n            <div class=\"lsd-alert lsd-info\">No Listing Found!<\/div>        <\/div>\r\n    <\/div>\r\n\r\n    \r\n    <\/div>[\/vc_column_inner][vc_column_inner width=\u00a0\u00bb1\/6&Prime;][\/vc_column_inner][\/vc_row_inner][\/vc_column][\/vc_row]<\/p>\n<\/div>","protected":false},"excerpt":{"rendered":"<p>[vc_row source=\u00a0\u00bb\u00a0\u00bb main_heading=\u00a0\u00bbUpscale casual restaurants in Harbour Island, Bahamas.\u00a0\u00bb heading_tag=\u00a0\u00bbh2&Prime; main_heading_color=\u00a0\u00bb\u00a0\u00bb sub_heading_color=\u00a0\u00bb\u00a0\u00bb alignment=\u00a0\u00bbcenter\u00a0\u00bb spacer=\u00a0\u00bbline_only\u00a0\u00bb spacer_position=\u00a0\u00bbmiddle\u00a0\u00bb spacer_img_width=\u00a0\u00bb48&Prime; line_style=\u00a0\u00bbsolid\u00a0\u00bb line_height=\u00a0\u00bb3&Prime; line_color=\u00a0\u00bb#7ac1ff\u00a0\u00bb line_icon_fixer=\u00a0\u00bb10&Prime; line_width=\u00a0\u00bb60&Prime; main_heading_margin=\u00a0\u00bbmargin-bottom:15px;\u00a0\u00bb sub_heading_margin=\u00a0\u00bbmargin-bottom:15px;\u00a0\u00bb spacer_margin=\u00a0\u00bbmargin-bottom:15px;\u00a0\u00bb margin_design_tab_text=\u00a0\u00bb\u00a0\u00bb main_heading_typograpy=\u00a0\u00bb\u00a0\u00bb main_heading_font_family=\u00a0\u00bb\u00a0\u00bb main_heading_style=\u00a0\u00bb\u00a0\u00bb main_heading_font_size=\u00a0\u00bb\u00a0\u00bb main_heading_line_height=\u00a0\u00bb\u00a0\u00bb sub_heading_typograpy=\u00a0\u00bb\u00a0\u00bb sub_heading_font_family=\u00a0\u00bb\u00a0\u00bb sub_heading_style=\u00a0\u00bb\u00a0\u00bb sub_heading_font_size=\u00a0\u00bb\u00a0\u00bb sub_heading_line_height=\u00a0\u00bb\u00a0\u00bb spacer_img=\u00a0\u00bb\u00a0\u00bb][vc_column][\/vc_column][\/vc_row][vc_row][vc_column][vc_column_text]Harbour Island, c\u00e9l\u00e8bre pour ses magnifiques plages de sable rose et son hospitalit\u00e9 chaleureuse, est consid\u00e9r\u00e9e comme l&rsquo;\u00eele la plus&hellip;<\/p>\n","protected":false},"author":3,"featured_media":62164,"parent":74996,"menu_order":0,"comment_status":"closed","ping_status":"closed","template":"","meta":{"footnotes":""},"categories":[],"tags":[1234],"class_list":["post-74999","page","type-page","status-publish","has-post-thumbnail","hentry","tag-eat-and-drink-harbour-island-fr-2","description-off"],"yoast_head":"<!-- This site is optimized with the Yoast SEO Premium plugin v25.2 (Yoast SEO v27.4) - https:\/\/yoast.com\/product\/yoast-seo-premium-wordpress\/ -->\n<title>Restaurants \u00e0 Harbour Island, o\u00f9 manger \u00e0 Harbour Island.<\/title>\n<meta name=\"description\" content=\"Official Eleuthera Harbour Island votre guide culinaire \u00e0 Harbour Island, vous apporte des informations sur les restaurants \u00e0 Harbour Island, Bahamas.\" \/>\n<meta name=\"robots\" content=\"index, follow, max-snippet:-1, max-image-preview:large, max-video-preview:-1\" \/>\n<link rel=\"canonical\" href=\"https:\/\/officialeleutheraharbourisland.com\/fr\/harbour-island\/manger-et-boire\/restaurants\/\" \/>\n<meta property=\"og:locale\" content=\"fr_FR\" \/>\n<meta property=\"og:type\" content=\"article\" \/>\n<meta property=\"og:title\" content=\"Restaurants\" \/>\n<meta property=\"og:description\" content=\"Official Eleuthera Harbour Island votre guide culinaire \u00e0 Harbour Island, vous apporte des informations sur les restaurants \u00e0 Harbour Island, Bahamas.\" \/>\n<meta property=\"og:url\" content=\"https:\/\/officialeleutheraharbourisland.com\/fr\/harbour-island\/manger-et-boire\/restaurants\/\" \/>\n<meta property=\"og:site_name\" content=\"Official Eleuthera Harbour Island\" \/>\n<meta property=\"article:modified_time\" content=\"2023-04-26T15:32:22+00:00\" \/>\n<meta property=\"og:image\" content=\"https:\/\/officialeleutheraharbourisland.com\/wp-content\/uploads\/2022\/05\/restaurants.jpg\" \/>\n\t<meta property=\"og:image:width\" content=\"480\" \/>\n\t<meta property=\"og:image:height\" content=\"350\" \/>\n\t<meta property=\"og:image:type\" content=\"image\/jpeg\" \/>\n<meta name=\"twitter:card\" content=\"summary_large_image\" \/>\n<meta name=\"twitter:label1\" content=\"Dur\u00e9e de lecture estim\u00e9e\" \/>\n\t<meta name=\"twitter:data1\" content=\"2 minutes\" \/>\n<script type=\"application\/ld+json\" class=\"yoast-schema-graph\">{\"@context\":\"https:\\\/\\\/schema.org\",\"@graph\":[{\"@type\":\"WebPage\",\"@id\":\"https:\\\/\\\/officialeleutheraharbourisland.com\\\/fr\\\/harbour-island\\\/manger-et-boire\\\/restaurants\\\/\",\"url\":\"https:\\\/\\\/officialeleutheraharbourisland.com\\\/fr\\\/harbour-island\\\/manger-et-boire\\\/restaurants\\\/\",\"name\":\"Restaurants \u00e0 Harbour Island, o\u00f9 manger \u00e0 Harbour Island.\",\"isPartOf\":{\"@id\":\"https:\\\/\\\/officialeleutheraharbourisland.com\\\/#website\"},\"primaryImageOfPage\":{\"@id\":\"https:\\\/\\\/officialeleutheraharbourisland.com\\\/fr\\\/harbour-island\\\/manger-et-boire\\\/restaurants\\\/#primaryimage\"},\"image\":{\"@id\":\"https:\\\/\\\/officialeleutheraharbourisland.com\\\/fr\\\/harbour-island\\\/manger-et-boire\\\/restaurants\\\/#primaryimage\"},\"thumbnailUrl\":\"https:\\\/\\\/officialeleutheraharbourisland.com\\\/wp-content\\\/uploads\\\/2022\\\/05\\\/restaurants.jpg\",\"datePublished\":\"2022-05-24T10:49:33+00:00\",\"dateModified\":\"2023-04-26T15:32:22+00:00\",\"description\":\"Official Eleuthera Harbour Island votre guide culinaire \u00e0 Harbour Island, vous apporte des informations sur les restaurants \u00e0 Harbour Island, Bahamas.\",\"breadcrumb\":{\"@id\":\"https:\\\/\\\/officialeleutheraharbourisland.com\\\/fr\\\/harbour-island\\\/manger-et-boire\\\/restaurants\\\/#breadcrumb\"},\"inLanguage\":\"fr-FR\",\"potentialAction\":[{\"@type\":\"ReadAction\",\"target\":[\"https:\\\/\\\/officialeleutheraharbourisland.com\\\/fr\\\/harbour-island\\\/manger-et-boire\\\/restaurants\\\/\"]}]},{\"@type\":\"ImageObject\",\"inLanguage\":\"fr-FR\",\"@id\":\"https:\\\/\\\/officialeleutheraharbourisland.com\\\/fr\\\/harbour-island\\\/manger-et-boire\\\/restaurants\\\/#primaryimage\",\"url\":\"https:\\\/\\\/officialeleutheraharbourisland.com\\\/wp-content\\\/uploads\\\/2022\\\/05\\\/restaurants.jpg\",\"contentUrl\":\"https:\\\/\\\/officialeleutheraharbourisland.com\\\/wp-content\\\/uploads\\\/2022\\\/05\\\/restaurants.jpg\",\"width\":480,\"height\":350},{\"@type\":\"BreadcrumbList\",\"@id\":\"https:\\\/\\\/officialeleutheraharbourisland.com\\\/fr\\\/harbour-island\\\/manger-et-boire\\\/restaurants\\\/#breadcrumb\",\"itemListElement\":[{\"@type\":\"ListItem\",\"position\":1,\"name\":\"Home\",\"item\":\"https:\\\/\\\/officialeleutheraharbourisland.com\\\/fr\\\/\"},{\"@type\":\"ListItem\",\"position\":2,\"name\":\"HARBOUR ISLAND\",\"item\":\"https:\\\/\\\/officialeleutheraharbourisland.com\\\/fr\\\/harbour-island\\\/\"},{\"@type\":\"ListItem\",\"position\":3,\"name\":\"Manger et boire\",\"item\":\"https:\\\/\\\/officialeleutheraharbourisland.com\\\/fr\\\/harbour-island\\\/manger-et-boire\\\/\"},{\"@type\":\"ListItem\",\"position\":4,\"name\":\"Restaurants\"}]},{\"@type\":\"WebSite\",\"@id\":\"https:\\\/\\\/officialeleutheraharbourisland.com\\\/#website\",\"url\":\"https:\\\/\\\/officialeleutheraharbourisland.com\\\/\",\"name\":\"Official Eleuthera Harbour Island\",\"description\":\"Where Beauty &amp; Nature Meet\",\"publisher\":{\"@id\":\"https:\\\/\\\/officialeleutheraharbourisland.com\\\/#organization\"},\"potentialAction\":[{\"@type\":\"SearchAction\",\"target\":{\"@type\":\"EntryPoint\",\"urlTemplate\":\"https:\\\/\\\/officialeleutheraharbourisland.com\\\/?s={search_term_string}\"},\"query-input\":{\"@type\":\"PropertyValueSpecification\",\"valueRequired\":true,\"valueName\":\"search_term_string\"}}],\"inLanguage\":\"fr-FR\"},{\"@type\":\"Organization\",\"@id\":\"https:\\\/\\\/officialeleutheraharbourisland.com\\\/#organization\",\"name\":\"Official Eleuthera Harbour Island\",\"url\":\"https:\\\/\\\/officialeleutheraharbourisland.com\\\/\",\"logo\":{\"@type\":\"ImageObject\",\"inLanguage\":\"fr-FR\",\"@id\":\"https:\\\/\\\/officialeleutheraharbourisland.com\\\/#\\\/schema\\\/logo\\\/image\\\/\",\"url\":\"https:\\\/\\\/officialeleutheraharbourisland.com\\\/wp-content\\\/uploads\\\/2022\\\/03\\\/logo-new-GREY-275.png\",\"contentUrl\":\"https:\\\/\\\/officialeleutheraharbourisland.com\\\/wp-content\\\/uploads\\\/2022\\\/03\\\/logo-new-GREY-275.png\",\"width\":275,\"height\":22,\"caption\":\"Official Eleuthera Harbour Island\"},\"image\":{\"@id\":\"https:\\\/\\\/officialeleutheraharbourisland.com\\\/#\\\/schema\\\/logo\\\/image\\\/\"}}]}<\/script>\n<!-- \/ Yoast SEO Premium plugin. -->","yoast_head_json":{"title":"Restaurants \u00e0 Harbour Island, o\u00f9 manger \u00e0 Harbour Island.","description":"Official Eleuthera Harbour Island votre guide culinaire \u00e0 Harbour Island, vous apporte des informations sur les restaurants \u00e0 Harbour Island, Bahamas.","robots":{"index":"index","follow":"follow","max-snippet":"max-snippet:-1","max-image-preview":"max-image-preview:large","max-video-preview":"max-video-preview:-1"},"canonical":"https:\/\/officialeleutheraharbourisland.com\/fr\/harbour-island\/manger-et-boire\/restaurants\/","og_locale":"fr_FR","og_type":"article","og_title":"Restaurants","og_description":"Official Eleuthera Harbour Island votre guide culinaire \u00e0 Harbour Island, vous apporte des informations sur les restaurants \u00e0 Harbour Island, Bahamas.","og_url":"https:\/\/officialeleutheraharbourisland.com\/fr\/harbour-island\/manger-et-boire\/restaurants\/","og_site_name":"Official Eleuthera Harbour Island","article_modified_time":"2023-04-26T15:32:22+00:00","og_image":[{"width":480,"height":350,"url":"https:\/\/officialeleutheraharbourisland.com\/wp-content\/uploads\/2022\/05\/restaurants.jpg","type":"image\/jpeg"}],"twitter_card":"summary_large_image","twitter_misc":{"Dur\u00e9e de lecture estim\u00e9e":"2 minutes"},"schema":{"@context":"https:\/\/schema.org","@graph":[{"@type":"WebPage","@id":"https:\/\/officialeleutheraharbourisland.com\/fr\/harbour-island\/manger-et-boire\/restaurants\/","url":"https:\/\/officialeleutheraharbourisland.com\/fr\/harbour-island\/manger-et-boire\/restaurants\/","name":"Restaurants \u00e0 Harbour Island, o\u00f9 manger \u00e0 Harbour Island.","isPartOf":{"@id":"https:\/\/officialeleutheraharbourisland.com\/#website"},"primaryImageOfPage":{"@id":"https:\/\/officialeleutheraharbourisland.com\/fr\/harbour-island\/manger-et-boire\/restaurants\/#primaryimage"},"image":{"@id":"https:\/\/officialeleutheraharbourisland.com\/fr\/harbour-island\/manger-et-boire\/restaurants\/#primaryimage"},"thumbnailUrl":"https:\/\/officialeleutheraharbourisland.com\/wp-content\/uploads\/2022\/05\/restaurants.jpg","datePublished":"2022-05-24T10:49:33+00:00","dateModified":"2023-04-26T15:32:22+00:00","description":"Official Eleuthera Harbour Island votre guide culinaire \u00e0 Harbour Island, vous apporte des informations sur les restaurants \u00e0 Harbour Island, Bahamas.","breadcrumb":{"@id":"https:\/\/officialeleutheraharbourisland.com\/fr\/harbour-island\/manger-et-boire\/restaurants\/#breadcrumb"},"inLanguage":"fr-FR","potentialAction":[{"@type":"ReadAction","target":["https:\/\/officialeleutheraharbourisland.com\/fr\/harbour-island\/manger-et-boire\/restaurants\/"]}]},{"@type":"ImageObject","inLanguage":"fr-FR","@id":"https:\/\/officialeleutheraharbourisland.com\/fr\/harbour-island\/manger-et-boire\/restaurants\/#primaryimage","url":"https:\/\/officialeleutheraharbourisland.com\/wp-content\/uploads\/2022\/05\/restaurants.jpg","contentUrl":"https:\/\/officialeleutheraharbourisland.com\/wp-content\/uploads\/2022\/05\/restaurants.jpg","width":480,"height":350},{"@type":"BreadcrumbList","@id":"https:\/\/officialeleutheraharbourisland.com\/fr\/harbour-island\/manger-et-boire\/restaurants\/#breadcrumb","itemListElement":[{"@type":"ListItem","position":1,"name":"Home","item":"https:\/\/officialeleutheraharbourisland.com\/fr\/"},{"@type":"ListItem","position":2,"name":"HARBOUR ISLAND","item":"https:\/\/officialeleutheraharbourisland.com\/fr\/harbour-island\/"},{"@type":"ListItem","position":3,"name":"Manger et boire","item":"https:\/\/officialeleutheraharbourisland.com\/fr\/harbour-island\/manger-et-boire\/"},{"@type":"ListItem","position":4,"name":"Restaurants"}]},{"@type":"WebSite","@id":"https:\/\/officialeleutheraharbourisland.com\/#website","url":"https:\/\/officialeleutheraharbourisland.com\/","name":"Official Eleuthera Harbour Island","description":"Where Beauty &amp; Nature Meet","publisher":{"@id":"https:\/\/officialeleutheraharbourisland.com\/#organization"},"potentialAction":[{"@type":"SearchAction","target":{"@type":"EntryPoint","urlTemplate":"https:\/\/officialeleutheraharbourisland.com\/?s={search_term_string}"},"query-input":{"@type":"PropertyValueSpecification","valueRequired":true,"valueName":"search_term_string"}}],"inLanguage":"fr-FR"},{"@type":"Organization","@id":"https:\/\/officialeleutheraharbourisland.com\/#organization","name":"Official Eleuthera Harbour Island","url":"https:\/\/officialeleutheraharbourisland.com\/","logo":{"@type":"ImageObject","inLanguage":"fr-FR","@id":"https:\/\/officialeleutheraharbourisland.com\/#\/schema\/logo\/image\/","url":"https:\/\/officialeleutheraharbourisland.com\/wp-content\/uploads\/2022\/03\/logo-new-GREY-275.png","contentUrl":"https:\/\/officialeleutheraharbourisland.com\/wp-content\/uploads\/2022\/03\/logo-new-GREY-275.png","width":275,"height":22,"caption":"Official Eleuthera Harbour Island"},"image":{"@id":"https:\/\/officialeleutheraharbourisland.com\/#\/schema\/logo\/image\/"}}]}},"jetpack_sharing_enabled":true,"_links":{"self":[{"href":"https:\/\/officialeleutheraharbourisland.com\/fr\/wp-json\/wp\/v2\/pages\/74999","targetHints":{"allow":["GET"]}}],"collection":[{"href":"https:\/\/officialeleutheraharbourisland.com\/fr\/wp-json\/wp\/v2\/pages"}],"about":[{"href":"https:\/\/officialeleutheraharbourisland.com\/fr\/wp-json\/wp\/v2\/types\/page"}],"author":[{"embeddable":true,"href":"https:\/\/officialeleutheraharbourisland.com\/fr\/wp-json\/wp\/v2\/users\/3"}],"replies":[{"embeddable":true,"href":"https:\/\/officialeleutheraharbourisland.com\/fr\/wp-json\/wp\/v2\/comments?post=74999"}],"version-history":[{"count":3,"href":"https:\/\/officialeleutheraharbourisland.com\/fr\/wp-json\/wp\/v2\/pages\/74999\/revisions"}],"predecessor-version":[{"id":75003,"href":"https:\/\/officialeleutheraharbourisland.com\/fr\/wp-json\/wp\/v2\/pages\/74999\/revisions\/75003"}],"up":[{"embeddable":true,"href":"https:\/\/officialeleutheraharbourisland.com\/fr\/wp-json\/wp\/v2\/pages\/74996"}],"wp:featuredmedia":[{"embeddable":true,"href":"https:\/\/officialeleutheraharbourisland.com\/fr\/wp-json\/wp\/v2\/media\/62164"}],"wp:attachment":[{"href":"https:\/\/officialeleutheraharbourisland.com\/fr\/wp-json\/wp\/v2\/media?parent=74999"}],"wp:term":[{"taxonomy":"category","embeddable":true,"href":"https:\/\/officialeleutheraharbourisland.com\/fr\/wp-json\/wp\/v2\/categories?post=74999"},{"taxonomy":"post_tag","embeddable":true,"href":"https:\/\/officialeleutheraharbourisland.com\/fr\/wp-json\/wp\/v2\/tags?post=74999"}],"curies":[{"name":"wp","href":"https:\/\/api.w.org\/{rel}","templated":true}]}}