{"id":75017,"date":"2023-02-01T14:25:02","date_gmt":"2023-02-01T14:25:02","guid":{"rendered":"https:\/\/officialeleutheraharbourisland.com\/harbour-island\/manger-et-boire\/restaurants\/casual-dining\/"},"modified":"2023-04-26T17:44:55","modified_gmt":"2023-04-26T17:44:55","slug":"diner-decontracte","status":"publish","type":"page","link":"https:\/\/officialeleutheraharbourisland.com\/fr\/harbour-island\/manger-et-boire\/restaurants\/diner-decontracte\/","title":{"rendered":"Restaurants d\u00eener d\u00e9contract\u00e9"},"content":{"rendered":"<div class=\"wpb-content-wrapper\"><p>[vc_row css=\u00a0\u00bb.vc_custom_1649079224179{padding-bottom: 50px !important;}\u00a0\u00bb][vc_column]<div id=\"ultimate-heading-954469de33ab28588\" class=\"uvc-heading ult-adjust-bottom-margin ultimate-heading-954469de33ab28588 uvc-3700 \" data-hspacer=\"line_only\"  data-halign=\"center\" style=\"text-align:center\"><div class=\"uvc-main-heading ult-responsive\"  data-ultimate-target='.uvc-heading.ultimate-heading-954469de33ab28588 h2'  data-responsive-json-new='{\"font-size\":\"\",\"line-height\":\"\"}' ><h2 style=\"font-weight:normal;margin-bottom:15px;\">Restaurants d\u00eener \u00e0 d\u00e9contract\u00e9 a Harbour Island, Bahamas.<\/h2><\/div><div class=\"uvc-heading-spacer line_only\" style=\"margin-bottom:15px;height:3px;\"><span class=\"uvc-headings-line\" style=\"border-style:solid;border-bottom-width:3px;border-color:#7ac1ff;width:60px;\"><\/span><\/div><\/div>[vc_column_text]La nourriture dans cette cat\u00e9gorie est excellente, les restaurants ont clairement une saveur insulaire , dans une atmosph\u00e8re d\u00e9contract\u00e9e. A part le Roster Tail qui se trouve sur la Marina et qui a une belle d\u00e9co, les visiteurs mangent g\u00e9n\u00e9ralement dans ces restaurants principalement pour la qualit\u00e9 de la nourriture et moins pour la d\u00e9coration.<br \/>\n[\/vc_column_text][\/vc_column][\/vc_row][vc_row][vc_column][vc_row_inner][vc_column_inner width=\u00a0\u00bb1\/6&Prime;][\/vc_column_inner][vc_column_inner width=\u00a0\u00bb2\/3&Prime;]<div class=\"lsd-list-view-wrapper  lsd-style-style1 lsd-font-m\" id=\"lsd_skin73071\" data-next-page=\"1\">\r\n\r\n    \r\n    \r\n    \r\n    \r\n    <div class=\"lsd-list-view-listings-wrapper lsd-viewstyle-list\">\r\n        <div class=\"lsd-listing-wrapper\">\r\n            <div class=\"lsd-alert lsd-info\">No Listing Found!<\/div>        <\/div>\r\n    <\/div>\r\n\r\n    \r\n    <\/div>[\/vc_column_inner][vc_column_inner width=\u00a0\u00bb1\/6&Prime;][\/vc_column_inner][\/vc_row_inner][\/vc_column][\/vc_row]<\/p>\n<\/div>","protected":false},"excerpt":{"rendered":"<p>[vc_row css=\u00a0\u00bb.vc_custom_1649079224179{padding-bottom: 50px !important;}\u00a0\u00bb][vc_column][vc_column_text]La nourriture dans cette cat\u00e9gorie est excellente, les restaurants ont clairement une saveur insulaire , dans une atmosph\u00e8re d\u00e9contract\u00e9e. A part le Roster Tail qui se trouve sur la Marina et qui a une belle d\u00e9co, les visiteurs mangent g\u00e9n\u00e9ralement dans ces restaurants principalement pour la qualit\u00e9 de la nourriture et moins&hellip;<\/p>\n","protected":false},"author":1,"featured_media":72487,"parent":74999,"menu_order":0,"comment_status":"closed","ping_status":"closed","template":"","meta":{"footnotes":""},"categories":[],"tags":[],"class_list":["post-75017","page","type-page","status-publish","has-post-thumbnail","hentry","description-off"],"yoast_head":"<!-- This site is optimized with the Yoast SEO Premium plugin v25.2 (Yoast SEO v27.3) - https:\/\/yoast.com\/product\/yoast-seo-premium-wordpress\/ -->\n<title>Restaurants d\u00eener \u00e0 d\u00e9contract\u00e9 a Harbour Island, Bahamas.<\/title>\n<meta name=\"description\" content=\"Official Eleuthera Harbour Island votre guide de Harbour Island, vous donne des informations sur les restaurants d\u00e9contract\u00e9s de Harbour Island, Bahamas.\" \/>\n<meta name=\"robots\" content=\"index, follow, max-snippet:-1, max-image-preview:large, max-video-preview:-1\" \/>\n<link rel=\"canonical\" href=\"https:\/\/officialeleutheraharbourisland.com\/fr\/harbour-island\/manger-et-boire\/restaurants\/diner-decontracte\/\" \/>\n<meta property=\"og:locale\" content=\"fr_FR\" \/>\n<meta property=\"og:type\" content=\"article\" \/>\n<meta property=\"og:title\" content=\"Restaurants d\u00eener d\u00e9contract\u00e9\" \/>\n<meta property=\"og:description\" content=\"Official Eleuthera Harbour Island votre guide de Harbour Island, vous donne des informations sur les restaurants d\u00e9contract\u00e9s de Harbour Island, Bahamas.\" \/>\n<meta property=\"og:url\" content=\"https:\/\/officialeleutheraharbourisland.com\/fr\/harbour-island\/manger-et-boire\/restaurants\/diner-decontracte\/\" \/>\n<meta property=\"og:site_name\" content=\"Official Eleuthera Harbour Island\" \/>\n<meta property=\"article:modified_time\" content=\"2023-04-26T17:44:55+00:00\" \/>\n<meta property=\"og:image\" content=\"https:\/\/officialeleutheraharbourisland.com\/wp-content\/uploads\/2022\/07\/heartbreaker-burger.jpg\" \/>\n\t<meta property=\"og:image:width\" content=\"550\" \/>\n\t<meta property=\"og:image:height\" content=\"366\" \/>\n\t<meta property=\"og:image:type\" content=\"image\/jpeg\" \/>\n<meta name=\"twitter:card\" content=\"summary_large_image\" \/>\n<meta name=\"twitter:label1\" content=\"Dur\u00e9e de lecture estim\u00e9e\" \/>\n\t<meta name=\"twitter:data1\" content=\"1 minute\" \/>\n<script type=\"application\/ld+json\" class=\"yoast-schema-graph\">{\"@context\":\"https:\\\/\\\/schema.org\",\"@graph\":[{\"@type\":\"WebPage\",\"@id\":\"https:\\\/\\\/officialeleutheraharbourisland.com\\\/fr\\\/harbour-island\\\/manger-et-boire\\\/restaurants\\\/diner-decontracte\\\/\",\"url\":\"https:\\\/\\\/officialeleutheraharbourisland.com\\\/fr\\\/harbour-island\\\/manger-et-boire\\\/restaurants\\\/diner-decontracte\\\/\",\"name\":\"Restaurants d\u00eener \u00e0 d\u00e9contract\u00e9 a Harbour Island, Bahamas.\",\"isPartOf\":{\"@id\":\"https:\\\/\\\/officialeleutheraharbourisland.com\\\/#website\"},\"primaryImageOfPage\":{\"@id\":\"https:\\\/\\\/officialeleutheraharbourisland.com\\\/fr\\\/harbour-island\\\/manger-et-boire\\\/restaurants\\\/diner-decontracte\\\/#primaryimage\"},\"image\":{\"@id\":\"https:\\\/\\\/officialeleutheraharbourisland.com\\\/fr\\\/harbour-island\\\/manger-et-boire\\\/restaurants\\\/diner-decontracte\\\/#primaryimage\"},\"thumbnailUrl\":\"https:\\\/\\\/officialeleutheraharbourisland.com\\\/wp-content\\\/uploads\\\/2022\\\/07\\\/heartbreaker-burger.jpg\",\"datePublished\":\"2023-02-01T14:25:02+00:00\",\"dateModified\":\"2023-04-26T17:44:55+00:00\",\"description\":\"Official Eleuthera Harbour Island votre guide de Harbour Island, vous donne des informations sur les restaurants d\u00e9contract\u00e9s de Harbour Island, Bahamas.\",\"breadcrumb\":{\"@id\":\"https:\\\/\\\/officialeleutheraharbourisland.com\\\/fr\\\/harbour-island\\\/manger-et-boire\\\/restaurants\\\/diner-decontracte\\\/#breadcrumb\"},\"inLanguage\":\"fr-FR\",\"potentialAction\":[{\"@type\":\"ReadAction\",\"target\":[\"https:\\\/\\\/officialeleutheraharbourisland.com\\\/fr\\\/harbour-island\\\/manger-et-boire\\\/restaurants\\\/diner-decontracte\\\/\"]}]},{\"@type\":\"ImageObject\",\"inLanguage\":\"fr-FR\",\"@id\":\"https:\\\/\\\/officialeleutheraharbourisland.com\\\/fr\\\/harbour-island\\\/manger-et-boire\\\/restaurants\\\/diner-decontracte\\\/#primaryimage\",\"url\":\"https:\\\/\\\/officialeleutheraharbourisland.com\\\/wp-content\\\/uploads\\\/2022\\\/07\\\/heartbreaker-burger.jpg\",\"contentUrl\":\"https:\\\/\\\/officialeleutheraharbourisland.com\\\/wp-content\\\/uploads\\\/2022\\\/07\\\/heartbreaker-burger.jpg\",\"width\":550,\"height\":366},{\"@type\":\"BreadcrumbList\",\"@id\":\"https:\\\/\\\/officialeleutheraharbourisland.com\\\/fr\\\/harbour-island\\\/manger-et-boire\\\/restaurants\\\/diner-decontracte\\\/#breadcrumb\",\"itemListElement\":[{\"@type\":\"ListItem\",\"position\":1,\"name\":\"Home\",\"item\":\"https:\\\/\\\/officialeleutheraharbourisland.com\\\/fr\\\/\"},{\"@type\":\"ListItem\",\"position\":2,\"name\":\"HARBOUR ISLAND\",\"item\":\"https:\\\/\\\/officialeleutheraharbourisland.com\\\/fr\\\/harbour-island\\\/\"},{\"@type\":\"ListItem\",\"position\":3,\"name\":\"Manger et boire\",\"item\":\"https:\\\/\\\/officialeleutheraharbourisland.com\\\/fr\\\/harbour-island\\\/manger-et-boire\\\/\"},{\"@type\":\"ListItem\",\"position\":4,\"name\":\"Restaurants\",\"item\":\"https:\\\/\\\/officialeleutheraharbourisland.com\\\/fr\\\/harbour-island\\\/manger-et-boire\\\/restaurants\\\/\"},{\"@type\":\"ListItem\",\"position\":5,\"name\":\"Restaurants d\u00eener d\u00e9contract\u00e9\"}]},{\"@type\":\"WebSite\",\"@id\":\"https:\\\/\\\/officialeleutheraharbourisland.com\\\/#website\",\"url\":\"https:\\\/\\\/officialeleutheraharbourisland.com\\\/\",\"name\":\"Official Eleuthera Harbour Island\",\"description\":\"Where Beauty &amp; Nature Meet\",\"publisher\":{\"@id\":\"https:\\\/\\\/officialeleutheraharbourisland.com\\\/#organization\"},\"potentialAction\":[{\"@type\":\"SearchAction\",\"target\":{\"@type\":\"EntryPoint\",\"urlTemplate\":\"https:\\\/\\\/officialeleutheraharbourisland.com\\\/?s={search_term_string}\"},\"query-input\":{\"@type\":\"PropertyValueSpecification\",\"valueRequired\":true,\"valueName\":\"search_term_string\"}}],\"inLanguage\":\"fr-FR\"},{\"@type\":\"Organization\",\"@id\":\"https:\\\/\\\/officialeleutheraharbourisland.com\\\/#organization\",\"name\":\"Official Eleuthera Harbour Island\",\"url\":\"https:\\\/\\\/officialeleutheraharbourisland.com\\\/\",\"logo\":{\"@type\":\"ImageObject\",\"inLanguage\":\"fr-FR\",\"@id\":\"https:\\\/\\\/officialeleutheraharbourisland.com\\\/#\\\/schema\\\/logo\\\/image\\\/\",\"url\":\"https:\\\/\\\/officialeleutheraharbourisland.com\\\/wp-content\\\/uploads\\\/2022\\\/03\\\/logo-new-GREY-275.png\",\"contentUrl\":\"https:\\\/\\\/officialeleutheraharbourisland.com\\\/wp-content\\\/uploads\\\/2022\\\/03\\\/logo-new-GREY-275.png\",\"width\":275,\"height\":22,\"caption\":\"Official Eleuthera Harbour Island\"},\"image\":{\"@id\":\"https:\\\/\\\/officialeleutheraharbourisland.com\\\/#\\\/schema\\\/logo\\\/image\\\/\"}}]}<\/script>\n<!-- \/ Yoast SEO Premium plugin. -->","yoast_head_json":{"title":"Restaurants d\u00eener \u00e0 d\u00e9contract\u00e9 a Harbour Island, Bahamas.","description":"Official Eleuthera Harbour Island votre guide de Harbour Island, vous donne des informations sur les restaurants d\u00e9contract\u00e9s de Harbour Island, Bahamas.","robots":{"index":"index","follow":"follow","max-snippet":"max-snippet:-1","max-image-preview":"max-image-preview:large","max-video-preview":"max-video-preview:-1"},"canonical":"https:\/\/officialeleutheraharbourisland.com\/fr\/harbour-island\/manger-et-boire\/restaurants\/diner-decontracte\/","og_locale":"fr_FR","og_type":"article","og_title":"Restaurants d\u00eener d\u00e9contract\u00e9","og_description":"Official Eleuthera Harbour Island votre guide de Harbour Island, vous donne des informations sur les restaurants d\u00e9contract\u00e9s de Harbour Island, Bahamas.","og_url":"https:\/\/officialeleutheraharbourisland.com\/fr\/harbour-island\/manger-et-boire\/restaurants\/diner-decontracte\/","og_site_name":"Official Eleuthera Harbour Island","article_modified_time":"2023-04-26T17:44:55+00:00","og_image":[{"width":550,"height":366,"url":"https:\/\/officialeleutheraharbourisland.com\/wp-content\/uploads\/2022\/07\/heartbreaker-burger.jpg","type":"image\/jpeg"}],"twitter_card":"summary_large_image","twitter_misc":{"Dur\u00e9e de lecture estim\u00e9e":"1 minute"},"schema":{"@context":"https:\/\/schema.org","@graph":[{"@type":"WebPage","@id":"https:\/\/officialeleutheraharbourisland.com\/fr\/harbour-island\/manger-et-boire\/restaurants\/diner-decontracte\/","url":"https:\/\/officialeleutheraharbourisland.com\/fr\/harbour-island\/manger-et-boire\/restaurants\/diner-decontracte\/","name":"Restaurants d\u00eener \u00e0 d\u00e9contract\u00e9 a Harbour Island, Bahamas.","isPartOf":{"@id":"https:\/\/officialeleutheraharbourisland.com\/#website"},"primaryImageOfPage":{"@id":"https:\/\/officialeleutheraharbourisland.com\/fr\/harbour-island\/manger-et-boire\/restaurants\/diner-decontracte\/#primaryimage"},"image":{"@id":"https:\/\/officialeleutheraharbourisland.com\/fr\/harbour-island\/manger-et-boire\/restaurants\/diner-decontracte\/#primaryimage"},"thumbnailUrl":"https:\/\/officialeleutheraharbourisland.com\/wp-content\/uploads\/2022\/07\/heartbreaker-burger.jpg","datePublished":"2023-02-01T14:25:02+00:00","dateModified":"2023-04-26T17:44:55+00:00","description":"Official Eleuthera Harbour Island votre guide de Harbour Island, vous donne des informations sur les restaurants d\u00e9contract\u00e9s de Harbour Island, Bahamas.","breadcrumb":{"@id":"https:\/\/officialeleutheraharbourisland.com\/fr\/harbour-island\/manger-et-boire\/restaurants\/diner-decontracte\/#breadcrumb"},"inLanguage":"fr-FR","potentialAction":[{"@type":"ReadAction","target":["https:\/\/officialeleutheraharbourisland.com\/fr\/harbour-island\/manger-et-boire\/restaurants\/diner-decontracte\/"]}]},{"@type":"ImageObject","inLanguage":"fr-FR","@id":"https:\/\/officialeleutheraharbourisland.com\/fr\/harbour-island\/manger-et-boire\/restaurants\/diner-decontracte\/#primaryimage","url":"https:\/\/officialeleutheraharbourisland.com\/wp-content\/uploads\/2022\/07\/heartbreaker-burger.jpg","contentUrl":"https:\/\/officialeleutheraharbourisland.com\/wp-content\/uploads\/2022\/07\/heartbreaker-burger.jpg","width":550,"height":366},{"@type":"BreadcrumbList","@id":"https:\/\/officialeleutheraharbourisland.com\/fr\/harbour-island\/manger-et-boire\/restaurants\/diner-decontracte\/#breadcrumb","itemListElement":[{"@type":"ListItem","position":1,"name":"Home","item":"https:\/\/officialeleutheraharbourisland.com\/fr\/"},{"@type":"ListItem","position":2,"name":"HARBOUR ISLAND","item":"https:\/\/officialeleutheraharbourisland.com\/fr\/harbour-island\/"},{"@type":"ListItem","position":3,"name":"Manger et boire","item":"https:\/\/officialeleutheraharbourisland.com\/fr\/harbour-island\/manger-et-boire\/"},{"@type":"ListItem","position":4,"name":"Restaurants","item":"https:\/\/officialeleutheraharbourisland.com\/fr\/harbour-island\/manger-et-boire\/restaurants\/"},{"@type":"ListItem","position":5,"name":"Restaurants d\u00eener d\u00e9contract\u00e9"}]},{"@type":"WebSite","@id":"https:\/\/officialeleutheraharbourisland.com\/#website","url":"https:\/\/officialeleutheraharbourisland.com\/","name":"Official Eleuthera Harbour Island","description":"Where Beauty &amp; Nature Meet","publisher":{"@id":"https:\/\/officialeleutheraharbourisland.com\/#organization"},"potentialAction":[{"@type":"SearchAction","target":{"@type":"EntryPoint","urlTemplate":"https:\/\/officialeleutheraharbourisland.com\/?s={search_term_string}"},"query-input":{"@type":"PropertyValueSpecification","valueRequired":true,"valueName":"search_term_string"}}],"inLanguage":"fr-FR"},{"@type":"Organization","@id":"https:\/\/officialeleutheraharbourisland.com\/#organization","name":"Official Eleuthera Harbour Island","url":"https:\/\/officialeleutheraharbourisland.com\/","logo":{"@type":"ImageObject","inLanguage":"fr-FR","@id":"https:\/\/officialeleutheraharbourisland.com\/#\/schema\/logo\/image\/","url":"https:\/\/officialeleutheraharbourisland.com\/wp-content\/uploads\/2022\/03\/logo-new-GREY-275.png","contentUrl":"https:\/\/officialeleutheraharbourisland.com\/wp-content\/uploads\/2022\/03\/logo-new-GREY-275.png","width":275,"height":22,"caption":"Official Eleuthera Harbour Island"},"image":{"@id":"https:\/\/officialeleutheraharbourisland.com\/#\/schema\/logo\/image\/"}}]}},"jetpack_sharing_enabled":true,"_links":{"self":[{"href":"https:\/\/officialeleutheraharbourisland.com\/fr\/wp-json\/wp\/v2\/pages\/75017","targetHints":{"allow":["GET"]}}],"collection":[{"href":"https:\/\/officialeleutheraharbourisland.com\/fr\/wp-json\/wp\/v2\/pages"}],"about":[{"href":"https:\/\/officialeleutheraharbourisland.com\/fr\/wp-json\/wp\/v2\/types\/page"}],"author":[{"embeddable":true,"href":"https:\/\/officialeleutheraharbourisland.com\/fr\/wp-json\/wp\/v2\/users\/1"}],"replies":[{"embeddable":true,"href":"https:\/\/officialeleutheraharbourisland.com\/fr\/wp-json\/wp\/v2\/comments?post=75017"}],"version-history":[{"count":2,"href":"https:\/\/officialeleutheraharbourisland.com\/fr\/wp-json\/wp\/v2\/pages\/75017\/revisions"}],"predecessor-version":[{"id":75019,"href":"https:\/\/officialeleutheraharbourisland.com\/fr\/wp-json\/wp\/v2\/pages\/75017\/revisions\/75019"}],"up":[{"embeddable":true,"href":"https:\/\/officialeleutheraharbourisland.com\/fr\/wp-json\/wp\/v2\/pages\/74999"}],"wp:featuredmedia":[{"embeddable":true,"href":"https:\/\/officialeleutheraharbourisland.com\/fr\/wp-json\/wp\/v2\/media\/72487"}],"wp:attachment":[{"href":"https:\/\/officialeleutheraharbourisland.com\/fr\/wp-json\/wp\/v2\/media?parent=75017"}],"wp:term":[{"taxonomy":"category","embeddable":true,"href":"https:\/\/officialeleutheraharbourisland.com\/fr\/wp-json\/wp\/v2\/categories?post=75017"},{"taxonomy":"post_tag","embeddable":true,"href":"https:\/\/officialeleutheraharbourisland.com\/fr\/wp-json\/wp\/v2\/tags?post=75017"}],"curies":[{"name":"wp","href":"https:\/\/api.w.org\/{rel}","templated":true}]}}