{"id":75023,"date":"2023-02-02T14:25:02","date_gmt":"2023-02-02T14:25:02","guid":{"rendered":"https:\/\/officialeleutheraharbourisland.com\/harbour-island\/health\/"},"modified":"2023-04-26T18:06:38","modified_gmt":"2023-04-26T18:06:38","slug":"sante","status":"publish","type":"page","link":"https:\/\/officialeleutheraharbourisland.com\/fr\/harbour-island\/sante\/","title":{"rendered":"Sant\u00e9"},"content":{"rendered":"<div class=\"wpb-content-wrapper\"><p>[vc_row css=\u00a0\u00bb.vc_custom_1649079224179{padding-bottom: 50px !important;}\u00a0\u00bb][vc_column]<div id=\"ultimate-heading-88169e289e6254a1\" class=\"uvc-heading ult-adjust-bottom-margin ultimate-heading-88169e289e6254a1 uvc-9943 \" data-hspacer=\"line_only\"  data-halign=\"center\" style=\"text-align:center\"><div class=\"uvc-main-heading ult-responsive\"  data-ultimate-target='.uvc-heading.ultimate-heading-88169e289e6254a1 h2'  data-responsive-json-new='{\"font-size\":\"\",\"line-height\":\"\"}' ><h2 style=\"font-weight:normal;margin-bottom:15px;\">Sant\u00e9 \u00e0 Harbour Island<\/h2><\/div><div class=\"uvc-heading-spacer line_only\" style=\"margin-bottom:15px;height:3px;\"><span class=\"uvc-headings-line\" style=\"border-style:solid;border-bottom-width:3px;border-color:#7ac1ff;width:60px;\"><\/span><\/div><\/div>[\/vc_column][\/vc_row][vc_row][vc_column][vc_column_text]Gr\u00e2ce aux visiteurs et r\u00e9sidents haut de gamme de l&rsquo;\u00eele, Harbour Island offre un niveau de soins m\u00e9dicaux rarement vu dans les Cara\u00efbes, et vous pouvez \u00eatre assur\u00e9 que vous recevrez des soins de la plus haute qualit\u00e9. Mais , il n&rsquo;y a pas d&rsquo;h\u00f4pital \u00e0 Harbour Island, donc si vos soins m\u00e9dicaux n\u00e9cessitent plus de services, comme une blessure grave par exemple, vous pourrez \u00eatre transport\u00e9 par avion \u00e0 Nassau ou \u00e0 Miami.<br \/>\nSi vous avez besoin d&rsquo;un v\u00e9t\u00e9rinaire, l&rsquo;\u00eele dispose \u00e9galement d&rsquo;une clinique v\u00e9t\u00e9rinaire de premier plan pour prendre soin de vos compagnons \u00e0 fourrure.<br \/>\n[\/vc_column_text][\/vc_column][\/vc_row][vc_row][vc_column][vc_separator css=\u00a0\u00bb.vc_custom_1674154386794{padding-top: 30px !important;padding-bottom: 30px !important;}\u00a0\u00bb][\/vc_column][\/vc_row][vc_row][vc_column width=\u00a0\u00bb1\/6&Prime;][\/vc_column][vc_column width=\u00a0\u00bb2\/3&Prime;][vc_basic_grid post_type=\u00a0\u00bbpage\u00a0\u00bb max_items=\u00a0\u00bb20&Prime; item=\u00a0\u00bbbasicGrid_NoAnimation\u00a0\u00bb grid_id=\u00a0\u00bbvc_gid:1682532262060-8fc4469f-07eb-4&Prime; taxonomies=\u00a0\u00bb1154&Prime;][\/vc_column][vc_column width=\u00a0\u00bb1\/6&Prime;][\/vc_column][\/vc_row][vc_row][vc_column][vc_separator css=\u00a0\u00bb.vc_custom_1674154386794{padding-top: 30px !important;padding-bottom: 30px !important;}\u00a0\u00bb][\/vc_column][\/vc_row]<\/p>\n<\/div>","protected":false},"excerpt":{"rendered":"<p>[vc_row css=\u00a0\u00bb.vc_custom_1649079224179{padding-bottom: 50px !important;}\u00a0\u00bb][vc_column][\/vc_column][\/vc_row][vc_row][vc_column][vc_column_text]Gr\u00e2ce aux visiteurs et r\u00e9sidents haut de gamme de l&rsquo;\u00eele, Harbour Island offre un niveau de soins m\u00e9dicaux rarement vu dans les Cara\u00efbes, et vous pouvez \u00eatre assur\u00e9 que vous recevrez des soins de la plus haute qualit\u00e9. Mais , il n&rsquo;y a pas d&rsquo;h\u00f4pital \u00e0 Harbour Island, donc si vos soins&hellip;<\/p>\n","protected":false},"author":1,"featured_media":73009,"parent":62991,"menu_order":0,"comment_status":"closed","ping_status":"closed","template":"","meta":{"footnotes":""},"categories":[],"tags":[1181],"class_list":["post-75023","page","type-page","status-publish","has-post-thumbnail","hentry","tag-main-harbour-island-fr","description-off"],"yoast_head":"<!-- This site is optimized with the Yoast SEO Premium plugin v25.2 (Yoast SEO v27.4) - https:\/\/yoast.com\/product\/yoast-seo-premium-wordpress\/ -->\n<title>Sant\u00e9 \u00e0 Harbour Island. Informations touristiques Harbour Island.<\/title>\n<meta name=\"description\" content=\"Official Eleuthera Harbour Island votre guide touristique de Harbour Island, vous donne des informations sur la sant\u00e9 \u00e0 Harbour Island, Bahamas.\" \/>\n<meta name=\"robots\" content=\"index, follow, max-snippet:-1, max-image-preview:large, max-video-preview:-1\" \/>\n<link rel=\"canonical\" href=\"https:\/\/officialeleutheraharbourisland.com\/fr\/harbour-island\/sante\/\" \/>\n<meta property=\"og:locale\" content=\"fr_FR\" \/>\n<meta property=\"og:type\" content=\"article\" \/>\n<meta property=\"og:title\" content=\"Sant\u00e9\" \/>\n<meta property=\"og:description\" content=\"Official Eleuthera Harbour Island votre guide touristique de Harbour Island, vous donne des informations sur la sant\u00e9 \u00e0 Harbour Island, Bahamas.\" \/>\n<meta property=\"og:url\" content=\"https:\/\/officialeleutheraharbourisland.com\/fr\/harbour-island\/sante\/\" \/>\n<meta property=\"og:site_name\" content=\"Official Eleuthera Harbour Island\" \/>\n<meta property=\"article:modified_time\" content=\"2023-04-26T18:06:38+00:00\" \/>\n<meta property=\"og:image\" content=\"https:\/\/officialeleutheraharbourisland.com\/wp-content\/uploads\/2023\/02\/clinic.jpg\" \/>\n\t<meta property=\"og:image:width\" content=\"764\" \/>\n\t<meta property=\"og:image:height\" content=\"458\" \/>\n\t<meta property=\"og:image:type\" content=\"image\/jpeg\" \/>\n<meta name=\"twitter:card\" content=\"summary_large_image\" \/>\n<meta name=\"twitter:label1\" content=\"Dur\u00e9e de lecture estim\u00e9e\" \/>\n\t<meta name=\"twitter:data1\" content=\"1 minute\" \/>\n<script type=\"application\/ld+json\" class=\"yoast-schema-graph\">{\"@context\":\"https:\\\/\\\/schema.org\",\"@graph\":[{\"@type\":\"WebPage\",\"@id\":\"https:\\\/\\\/officialeleutheraharbourisland.com\\\/fr\\\/harbour-island\\\/sante\\\/\",\"url\":\"https:\\\/\\\/officialeleutheraharbourisland.com\\\/fr\\\/harbour-island\\\/sante\\\/\",\"name\":\"Sant\u00e9 \u00e0 Harbour Island. Informations touristiques Harbour Island.\",\"isPartOf\":{\"@id\":\"https:\\\/\\\/officialeleutheraharbourisland.com\\\/#website\"},\"primaryImageOfPage\":{\"@id\":\"https:\\\/\\\/officialeleutheraharbourisland.com\\\/fr\\\/harbour-island\\\/sante\\\/#primaryimage\"},\"image\":{\"@id\":\"https:\\\/\\\/officialeleutheraharbourisland.com\\\/fr\\\/harbour-island\\\/sante\\\/#primaryimage\"},\"thumbnailUrl\":\"https:\\\/\\\/officialeleutheraharbourisland.com\\\/wp-content\\\/uploads\\\/2023\\\/02\\\/clinic.jpg\",\"datePublished\":\"2023-02-02T14:25:02+00:00\",\"dateModified\":\"2023-04-26T18:06:38+00:00\",\"description\":\"Official Eleuthera Harbour Island votre guide touristique de Harbour Island, vous donne des informations sur la sant\u00e9 \u00e0 Harbour Island, Bahamas.\",\"breadcrumb\":{\"@id\":\"https:\\\/\\\/officialeleutheraharbourisland.com\\\/fr\\\/harbour-island\\\/sante\\\/#breadcrumb\"},\"inLanguage\":\"fr-FR\",\"potentialAction\":[{\"@type\":\"ReadAction\",\"target\":[\"https:\\\/\\\/officialeleutheraharbourisland.com\\\/fr\\\/harbour-island\\\/sante\\\/\"]}]},{\"@type\":\"ImageObject\",\"inLanguage\":\"fr-FR\",\"@id\":\"https:\\\/\\\/officialeleutheraharbourisland.com\\\/fr\\\/harbour-island\\\/sante\\\/#primaryimage\",\"url\":\"https:\\\/\\\/officialeleutheraharbourisland.com\\\/wp-content\\\/uploads\\\/2023\\\/02\\\/clinic.jpg\",\"contentUrl\":\"https:\\\/\\\/officialeleutheraharbourisland.com\\\/wp-content\\\/uploads\\\/2023\\\/02\\\/clinic.jpg\",\"width\":764,\"height\":458,\"caption\":\"clinic and doctors harbour island\"},{\"@type\":\"BreadcrumbList\",\"@id\":\"https:\\\/\\\/officialeleutheraharbourisland.com\\\/fr\\\/harbour-island\\\/sante\\\/#breadcrumb\",\"itemListElement\":[{\"@type\":\"ListItem\",\"position\":1,\"name\":\"Home\",\"item\":\"https:\\\/\\\/officialeleutheraharbourisland.com\\\/fr\\\/\"},{\"@type\":\"ListItem\",\"position\":2,\"name\":\"HARBOUR ISLAND\",\"item\":\"https:\\\/\\\/officialeleutheraharbourisland.com\\\/fr\\\/harbour-island\\\/\"},{\"@type\":\"ListItem\",\"position\":3,\"name\":\"Sant\u00e9\"}]},{\"@type\":\"WebSite\",\"@id\":\"https:\\\/\\\/officialeleutheraharbourisland.com\\\/#website\",\"url\":\"https:\\\/\\\/officialeleutheraharbourisland.com\\\/\",\"name\":\"Official Eleuthera Harbour Island\",\"description\":\"Where Beauty &amp; Nature Meet\",\"publisher\":{\"@id\":\"https:\\\/\\\/officialeleutheraharbourisland.com\\\/#organization\"},\"potentialAction\":[{\"@type\":\"SearchAction\",\"target\":{\"@type\":\"EntryPoint\",\"urlTemplate\":\"https:\\\/\\\/officialeleutheraharbourisland.com\\\/?s={search_term_string}\"},\"query-input\":{\"@type\":\"PropertyValueSpecification\",\"valueRequired\":true,\"valueName\":\"search_term_string\"}}],\"inLanguage\":\"fr-FR\"},{\"@type\":\"Organization\",\"@id\":\"https:\\\/\\\/officialeleutheraharbourisland.com\\\/#organization\",\"name\":\"Official Eleuthera Harbour Island\",\"url\":\"https:\\\/\\\/officialeleutheraharbourisland.com\\\/\",\"logo\":{\"@type\":\"ImageObject\",\"inLanguage\":\"fr-FR\",\"@id\":\"https:\\\/\\\/officialeleutheraharbourisland.com\\\/#\\\/schema\\\/logo\\\/image\\\/\",\"url\":\"https:\\\/\\\/officialeleutheraharbourisland.com\\\/wp-content\\\/uploads\\\/2022\\\/03\\\/logo-new-GREY-275.png\",\"contentUrl\":\"https:\\\/\\\/officialeleutheraharbourisland.com\\\/wp-content\\\/uploads\\\/2022\\\/03\\\/logo-new-GREY-275.png\",\"width\":275,\"height\":22,\"caption\":\"Official Eleuthera Harbour Island\"},\"image\":{\"@id\":\"https:\\\/\\\/officialeleutheraharbourisland.com\\\/#\\\/schema\\\/logo\\\/image\\\/\"}}]}<\/script>\n<!-- \/ Yoast SEO Premium plugin. -->","yoast_head_json":{"title":"Sant\u00e9 \u00e0 Harbour Island. Informations touristiques Harbour Island.","description":"Official Eleuthera Harbour Island votre guide touristique de Harbour Island, vous donne des informations sur la sant\u00e9 \u00e0 Harbour Island, Bahamas.","robots":{"index":"index","follow":"follow","max-snippet":"max-snippet:-1","max-image-preview":"max-image-preview:large","max-video-preview":"max-video-preview:-1"},"canonical":"https:\/\/officialeleutheraharbourisland.com\/fr\/harbour-island\/sante\/","og_locale":"fr_FR","og_type":"article","og_title":"Sant\u00e9","og_description":"Official Eleuthera Harbour Island votre guide touristique de Harbour Island, vous donne des informations sur la sant\u00e9 \u00e0 Harbour Island, Bahamas.","og_url":"https:\/\/officialeleutheraharbourisland.com\/fr\/harbour-island\/sante\/","og_site_name":"Official Eleuthera Harbour Island","article_modified_time":"2023-04-26T18:06:38+00:00","og_image":[{"width":764,"height":458,"url":"https:\/\/officialeleutheraharbourisland.com\/wp-content\/uploads\/2023\/02\/clinic.jpg","type":"image\/jpeg"}],"twitter_card":"summary_large_image","twitter_misc":{"Dur\u00e9e de lecture estim\u00e9e":"1 minute"},"schema":{"@context":"https:\/\/schema.org","@graph":[{"@type":"WebPage","@id":"https:\/\/officialeleutheraharbourisland.com\/fr\/harbour-island\/sante\/","url":"https:\/\/officialeleutheraharbourisland.com\/fr\/harbour-island\/sante\/","name":"Sant\u00e9 \u00e0 Harbour Island. Informations touristiques Harbour Island.","isPartOf":{"@id":"https:\/\/officialeleutheraharbourisland.com\/#website"},"primaryImageOfPage":{"@id":"https:\/\/officialeleutheraharbourisland.com\/fr\/harbour-island\/sante\/#primaryimage"},"image":{"@id":"https:\/\/officialeleutheraharbourisland.com\/fr\/harbour-island\/sante\/#primaryimage"},"thumbnailUrl":"https:\/\/officialeleutheraharbourisland.com\/wp-content\/uploads\/2023\/02\/clinic.jpg","datePublished":"2023-02-02T14:25:02+00:00","dateModified":"2023-04-26T18:06:38+00:00","description":"Official Eleuthera Harbour Island votre guide touristique de Harbour Island, vous donne des informations sur la sant\u00e9 \u00e0 Harbour Island, Bahamas.","breadcrumb":{"@id":"https:\/\/officialeleutheraharbourisland.com\/fr\/harbour-island\/sante\/#breadcrumb"},"inLanguage":"fr-FR","potentialAction":[{"@type":"ReadAction","target":["https:\/\/officialeleutheraharbourisland.com\/fr\/harbour-island\/sante\/"]}]},{"@type":"ImageObject","inLanguage":"fr-FR","@id":"https:\/\/officialeleutheraharbourisland.com\/fr\/harbour-island\/sante\/#primaryimage","url":"https:\/\/officialeleutheraharbourisland.com\/wp-content\/uploads\/2023\/02\/clinic.jpg","contentUrl":"https:\/\/officialeleutheraharbourisland.com\/wp-content\/uploads\/2023\/02\/clinic.jpg","width":764,"height":458,"caption":"clinic and doctors harbour island"},{"@type":"BreadcrumbList","@id":"https:\/\/officialeleutheraharbourisland.com\/fr\/harbour-island\/sante\/#breadcrumb","itemListElement":[{"@type":"ListItem","position":1,"name":"Home","item":"https:\/\/officialeleutheraharbourisland.com\/fr\/"},{"@type":"ListItem","position":2,"name":"HARBOUR ISLAND","item":"https:\/\/officialeleutheraharbourisland.com\/fr\/harbour-island\/"},{"@type":"ListItem","position":3,"name":"Sant\u00e9"}]},{"@type":"WebSite","@id":"https:\/\/officialeleutheraharbourisland.com\/#website","url":"https:\/\/officialeleutheraharbourisland.com\/","name":"Official Eleuthera Harbour Island","description":"Where Beauty &amp; Nature Meet","publisher":{"@id":"https:\/\/officialeleutheraharbourisland.com\/#organization"},"potentialAction":[{"@type":"SearchAction","target":{"@type":"EntryPoint","urlTemplate":"https:\/\/officialeleutheraharbourisland.com\/?s={search_term_string}"},"query-input":{"@type":"PropertyValueSpecification","valueRequired":true,"valueName":"search_term_string"}}],"inLanguage":"fr-FR"},{"@type":"Organization","@id":"https:\/\/officialeleutheraharbourisland.com\/#organization","name":"Official Eleuthera Harbour Island","url":"https:\/\/officialeleutheraharbourisland.com\/","logo":{"@type":"ImageObject","inLanguage":"fr-FR","@id":"https:\/\/officialeleutheraharbourisland.com\/#\/schema\/logo\/image\/","url":"https:\/\/officialeleutheraharbourisland.com\/wp-content\/uploads\/2022\/03\/logo-new-GREY-275.png","contentUrl":"https:\/\/officialeleutheraharbourisland.com\/wp-content\/uploads\/2022\/03\/logo-new-GREY-275.png","width":275,"height":22,"caption":"Official Eleuthera Harbour Island"},"image":{"@id":"https:\/\/officialeleutheraharbourisland.com\/#\/schema\/logo\/image\/"}}]}},"jetpack_sharing_enabled":true,"_links":{"self":[{"href":"https:\/\/officialeleutheraharbourisland.com\/fr\/wp-json\/wp\/v2\/pages\/75023","targetHints":{"allow":["GET"]}}],"collection":[{"href":"https:\/\/officialeleutheraharbourisland.com\/fr\/wp-json\/wp\/v2\/pages"}],"about":[{"href":"https:\/\/officialeleutheraharbourisland.com\/fr\/wp-json\/wp\/v2\/types\/page"}],"author":[{"embeddable":true,"href":"https:\/\/officialeleutheraharbourisland.com\/fr\/wp-json\/wp\/v2\/users\/1"}],"replies":[{"embeddable":true,"href":"https:\/\/officialeleutheraharbourisland.com\/fr\/wp-json\/wp\/v2\/comments?post=75023"}],"version-history":[{"count":2,"href":"https:\/\/officialeleutheraharbourisland.com\/fr\/wp-json\/wp\/v2\/pages\/75023\/revisions"}],"predecessor-version":[{"id":75025,"href":"https:\/\/officialeleutheraharbourisland.com\/fr\/wp-json\/wp\/v2\/pages\/75023\/revisions\/75025"}],"up":[{"embeddable":true,"href":"https:\/\/officialeleutheraharbourisland.com\/fr\/wp-json\/wp\/v2\/pages\/62991"}],"wp:featuredmedia":[{"embeddable":true,"href":"https:\/\/officialeleutheraharbourisland.com\/fr\/wp-json\/wp\/v2\/media\/73009"}],"wp:attachment":[{"href":"https:\/\/officialeleutheraharbourisland.com\/fr\/wp-json\/wp\/v2\/media?parent=75023"}],"wp:term":[{"taxonomy":"category","embeddable":true,"href":"https:\/\/officialeleutheraharbourisland.com\/fr\/wp-json\/wp\/v2\/categories?post=75023"},{"taxonomy":"post_tag","embeddable":true,"href":"https:\/\/officialeleutheraharbourisland.com\/fr\/wp-json\/wp\/v2\/tags?post=75023"}],"curies":[{"name":"wp","href":"https:\/\/api.w.org\/{rel}","templated":true}]}}