{"id":75125,"date":"2023-02-01T14:25:02","date_gmt":"2023-02-01T14:25:02","guid":{"rendered":"https:\/\/officialeleutheraharbourisland.com\/harbour-island\/mariages\/guest-accommodations\/"},"modified":"2023-05-04T18:35:35","modified_gmt":"2023-05-04T18:35:35","slug":"hebergement-pour-accueillir","status":"publish","type":"page","link":"https:\/\/officialeleutheraharbourisland.com\/fr\/harbour-island\/mariages\/hebergement-pour-accueillir\/","title":{"rendered":"H\u00e9bergement pour accueillir pour un mariage"},"content":{"rendered":"<div class=\"wpb-content-wrapper\"><p>[vc_row][vc_column]<div id=\"ultimate-heading-172269de6ae379ed1\" class=\"uvc-heading ult-adjust-bottom-margin ultimate-heading-172269de6ae379ed1 uvc-528 \" data-hspacer=\"line_only\"  data-halign=\"center\" style=\"text-align:center\"><div class=\"uvc-main-heading ult-responsive\"  data-ultimate-target='.uvc-heading.ultimate-heading-172269de6ae379ed1 h2'  data-responsive-json-new='{\"font-size\":\"\",\"line-height\":\"\"}' ><h2 style=\"font-weight:normal;margin-bottom:15px;\">H\u00e9bergement pour accueillir des invit\u00e9s pour un mariage \u00e0 Harbour Island<\/h2><\/div><div class=\"uvc-heading-spacer line_only\" style=\"margin-bottom:15px;height:3px;\"><span class=\"uvc-headings-line\" style=\"border-style:solid;border-bottom-width:3px;border-color:#7ac1ff;width:60px;\"><\/span><\/div><\/div>[\/vc_column][\/vc_row][vc_row css=\u00a0\u00bb.vc_custom_1675784447786{padding-bottom: 15px !important;}\u00a0\u00bb][vc_column][vc_column_text css=\u00a0\u00bb.vc_custom_1675783963902{margin-top: 0px !important;margin-bottom: 0px !important;padding-top: 0px !important;padding-bottom: 0px !important;}\u00a0\u00bb]<\/p>\n<p style=\"text-align: right;\">February 2023<\/p>\n<p>[\/vc_column_text][\/vc_column][\/vc_row][vc_row][vc_column][vc_column_text]<span style=\"font-weight: 400;\">Harbour Island est l&rsquo;\u00eele id\u00e9ale pour organiser des mariages romantiques, mais planifier et organiser\u00a0 l&rsquo;h\u00e9bergement des invit\u00e9s, avec un temps de pr\u00e9paration suffisant, est un \u00e9l\u00e9ment majeur <\/span><span style=\"font-weight: 400;\">Les h\u00f4tels boutique ou les locations de vacances de luxe sont d&rsquo;excellentes options. <\/span><span style=\"font-weight: 400;\">Harbour Island est une \u00eele ch\u00e8re et les couples qui y organisent des mariages le savent et attendent un certain niveau de luxe pour leur c\u00e9r\u00e9monie .<\/span><\/p>\n<p><span style=\"font-weight: 400;\">Les h\u00f4tels suivants pourront accueillir luxueusement vos invit\u00e9s de mariage :<\/span><\/p>\n<p><span style=\"font-weight: 400;\">&#8211; <a href=\"https:\/\/officialeleutheraharbourisland.com\/listings\/the-dunmore\/\">The Dunmore<\/a><br \/>\n<\/span><span style=\"font-weight: 400;\">&#8211; <a href=\"https:\/\/officialeleutheraharbourisland.com\/fr\/listings\/coral-sands\/\">The Coral Sands<\/a><br \/>\n<\/span><span style=\"font-weight: 400;\">&#8211; <a href=\"https:\/\/officialeleutheraharbourisland.com\/listings\/pink-sands-resort\/\">Pink Sands<\/a><br \/>\n<\/span><span style=\"font-weight: 400;\">&#8211; <a href=\"https:\/\/officialeleutheraharbourisland.com\/listings\/rock-house-hotel\/\">Rock House<\/a><br \/>\n<\/span><span style=\"font-weight: 400;\">&#8211; <a href=\"https:\/\/elevenexperience.com\/bahama-house-harbour-island\" target=\"_blank\" rel=\"noopener\">Bahama House<\/a><\/span><\/p>\n<p><span style=\"font-weight: 400;\">\u00a0<\/span><\/p>\n<p><span style=\"font-weight: 400;\">Toute l&rsquo;\u00eele compte un petit nombre de chambres d&rsquo;h\u00f4tel de luxe, environ 100, donc une bonne planification est la cl\u00e9 !<\/span><\/p>\n<p><span style=\"font-weight: 400;\">Des maisons de location de vacances de luxe sont \u00e9galement disponibles et constituent probablement un excellent moyen d&rsquo;accueillir vos invit\u00e9s. Les organisateurs ou les planificateurs d&rsquo;\u00e9v\u00e9nements devront s\u00e9lectionner les meilleures locations de vacances. \u00c0 Harbour Island, il existe de nombreuses locations de vacances, des plus abordables aux plus luxueuses. Les clients aux budgets diff\u00e9rents auront le choix : les maisons peuvent \u00eatre lou\u00e9es de 1 000 $ \u00e0 20 000 $ la nuit. Veillez \u00e0 la saison choisie car elle\u00a0 affecte \u00e9norm\u00e9ment les tarifs \u00e0 la nuit\u00e9e, c&rsquo;est un bon conseil \u00e9galement pour organiser votre mariage.<\/span><\/p>\n<p><span style=\"font-weight: 400;\">Les maisons de luxe \u00e0 Harbour Island situ\u00e9es directement\u00a0 sur la plage avec un grand nombre de chambres sont une excellent option \u00a0:<\/span><\/p>\n<p><span style=\"font-weight: 400;\">&#8211; La Palmeraie &#8211; <a href=\"https:\/\/officialeleutheraharbourisland.com\/fr\/listings\/la-palmeraie-villa-1\/\">Villa 1<\/a> &#8211;\u00a0<a href=\"https:\/\/officialeleutheraharbourisland.com\/fr\/listings\/la-palmeraie-villa-2\/\">Villa 2<\/a> &#8211;\u00a0<a href=\"https:\/\/officialeleutheraharbourisland.com\/fr\/listings\/la-palmeraie-villa-3\/\">Villa 3<\/a><br \/>\n<\/span><span style=\"font-weight: 400;\">&#8211; <a href=\"https:\/\/southerncrossbahamas.com\/\" target=\"_blank\" rel=\"noopener\">Southern Cross<\/a><\/span><br \/>\n<span style=\"font-weight: 400;\">&#8211; <a href=\"https:\/\/rosalitahouse.com\/house\/\" target=\"_blank\" rel=\"noopener\">Rosalita<\/a><\/span>[\/vc_column_text][\/vc_column][\/vc_row][vc_row css=\u00a0\u00bb.vc_custom_1675715475615{margin-top: 30px !important;}\u00a0\u00bb][vc_column width=\u00a0\u00bb1\/6&Prime;][\/vc_column][vc_column width=\u00a0\u00bb2\/3&Prime;][vc_row_inner][vc_column_inner width=\u00a0\u00bb1\/2&Prime;][vc_single_image image=\u00a0\u00bb73212&Prime; img_size=\u00a0\u00bbfull\u00a0\u00bb alignment=\u00a0\u00bbcenter\u00a0\u00bb][\/vc_column_inner][vc_column_inner width=\u00a0\u00bb1\/2&Prime;][vc_single_image image=\u00a0\u00bb72926&Prime; img_size=\u00a0\u00bbfull\u00a0\u00bb alignment=\u00a0\u00bbcenter\u00a0\u00bb][\/vc_column_inner][\/vc_row_inner][\/vc_column][vc_column width=\u00a0\u00bb1\/6&Prime;][\/vc_column][\/vc_row][vc_row][vc_column][vc_separator css=\u00a0\u00bb.vc_custom_1675714614730{margin-top: 30px !important;margin-bottom: 30px !important;}\u00a0\u00bb][\/vc_column][\/vc_row]<\/p>\n<\/div>","protected":false},"excerpt":{"rendered":"<p>[vc_row][vc_column][\/vc_column][\/vc_row][vc_row css=\u00a0\u00bb.vc_custom_1675784447786{padding-bottom: 15px !important;}\u00a0\u00bb][vc_column][vc_column_text css=\u00a0\u00bb.vc_custom_1675783963902{margin-top: 0px !important;margin-bottom: 0px !important;padding-top: 0px !important;padding-bottom: 0px !important;}\u00a0\u00bb] February 2023 [\/vc_column_text][\/vc_column][\/vc_row][vc_row][vc_column][vc_column_text]Harbour Island est l&rsquo;\u00eele id\u00e9ale pour organiser des mariages romantiques, mais planifier et organiser\u00a0 l&rsquo;h\u00e9bergement des invit\u00e9s, avec un temps de pr\u00e9paration suffisant, est un \u00e9l\u00e9ment majeur Les h\u00f4tels boutique ou les locations de vacances de luxe sont d&rsquo;excellentes options.&hellip;<\/p>\n","protected":false},"author":1,"featured_media":73213,"parent":75030,"menu_order":0,"comment_status":"closed","ping_status":"closed","template":"","meta":{"footnotes":""},"categories":[],"tags":[1241],"class_list":["post-75125","page","type-page","status-publish","has-post-thumbnail","hentry","tag-weddings-harbour-island-fr-2","description-off"],"yoast_head":"<!-- This site is optimized with the Yoast SEO Premium plugin v25.2 (Yoast SEO v27.3) - https:\/\/yoast.com\/product\/yoast-seo-premium-wordpress\/ -->\n<title>H\u00e9bergement pour accueillir pour un mariage \u00e0 Harbour Island<\/title>\n<meta name=\"description\" content=\"Official Eleuthera Harbour Island votre guide touristique de Harbour Island, partageH\u00e9bergement pour accueillir pour un mariage \u00e0 Harbour Island.\" \/>\n<meta name=\"robots\" content=\"index, follow, max-snippet:-1, max-image-preview:large, max-video-preview:-1\" \/>\n<link rel=\"canonical\" href=\"https:\/\/officialeleutheraharbourisland.com\/fr\/harbour-island\/mariages\/hebergement-pour-accueillir\/\" \/>\n<meta property=\"og:locale\" content=\"fr_FR\" \/>\n<meta property=\"og:type\" content=\"article\" \/>\n<meta property=\"og:title\" content=\"H\u00e9bergement pour accueillir pour un mariage\" \/>\n<meta property=\"og:description\" content=\"Official Eleuthera Harbour Island votre guide touristique de Harbour Island, partageH\u00e9bergement pour accueillir pour un mariage \u00e0 Harbour Island.\" \/>\n<meta property=\"og:url\" content=\"https:\/\/officialeleutheraharbourisland.com\/fr\/harbour-island\/mariages\/hebergement-pour-accueillir\/\" \/>\n<meta property=\"og:site_name\" content=\"Official Eleuthera Harbour Island\" \/>\n<meta property=\"article:modified_time\" content=\"2023-05-04T18:35:35+00:00\" \/>\n<meta property=\"og:image\" content=\"https:\/\/officialeleutheraharbourisland.com\/wp-content\/uploads\/2023\/02\/Untitled-1.jpg\" \/>\n\t<meta property=\"og:image:width\" content=\"1000\" \/>\n\t<meta property=\"og:image:height\" content=\"1000\" \/>\n\t<meta property=\"og:image:type\" content=\"image\/jpeg\" \/>\n<meta name=\"twitter:card\" content=\"summary_large_image\" \/>\n<meta name=\"twitter:label1\" content=\"Dur\u00e9e de lecture estim\u00e9e\" \/>\n\t<meta name=\"twitter:data1\" content=\"2 minutes\" \/>\n<script type=\"application\/ld+json\" class=\"yoast-schema-graph\">{\"@context\":\"https:\\\/\\\/schema.org\",\"@graph\":[{\"@type\":\"WebPage\",\"@id\":\"https:\\\/\\\/officialeleutheraharbourisland.com\\\/fr\\\/harbour-island\\\/mariages\\\/hebergement-pour-accueillir\\\/\",\"url\":\"https:\\\/\\\/officialeleutheraharbourisland.com\\\/fr\\\/harbour-island\\\/mariages\\\/hebergement-pour-accueillir\\\/\",\"name\":\"H\u00e9bergement pour accueillir pour un mariage \u00e0 Harbour Island\",\"isPartOf\":{\"@id\":\"https:\\\/\\\/officialeleutheraharbourisland.com\\\/#website\"},\"primaryImageOfPage\":{\"@id\":\"https:\\\/\\\/officialeleutheraharbourisland.com\\\/fr\\\/harbour-island\\\/mariages\\\/hebergement-pour-accueillir\\\/#primaryimage\"},\"image\":{\"@id\":\"https:\\\/\\\/officialeleutheraharbourisland.com\\\/fr\\\/harbour-island\\\/mariages\\\/hebergement-pour-accueillir\\\/#primaryimage\"},\"thumbnailUrl\":\"https:\\\/\\\/officialeleutheraharbourisland.com\\\/wp-content\\\/uploads\\\/2023\\\/02\\\/Untitled-1.jpg\",\"datePublished\":\"2023-02-01T14:25:02+00:00\",\"dateModified\":\"2023-05-04T18:35:35+00:00\",\"description\":\"Official Eleuthera Harbour Island votre guide touristique de Harbour Island, partageH\u00e9bergement pour accueillir pour un mariage \u00e0 Harbour Island.\",\"breadcrumb\":{\"@id\":\"https:\\\/\\\/officialeleutheraharbourisland.com\\\/fr\\\/harbour-island\\\/mariages\\\/hebergement-pour-accueillir\\\/#breadcrumb\"},\"inLanguage\":\"fr-FR\",\"potentialAction\":[{\"@type\":\"ReadAction\",\"target\":[\"https:\\\/\\\/officialeleutheraharbourisland.com\\\/fr\\\/harbour-island\\\/mariages\\\/hebergement-pour-accueillir\\\/\"]}]},{\"@type\":\"ImageObject\",\"inLanguage\":\"fr-FR\",\"@id\":\"https:\\\/\\\/officialeleutheraharbourisland.com\\\/fr\\\/harbour-island\\\/mariages\\\/hebergement-pour-accueillir\\\/#primaryimage\",\"url\":\"https:\\\/\\\/officialeleutheraharbourisland.com\\\/wp-content\\\/uploads\\\/2023\\\/02\\\/Untitled-1.jpg\",\"contentUrl\":\"https:\\\/\\\/officialeleutheraharbourisland.com\\\/wp-content\\\/uploads\\\/2023\\\/02\\\/Untitled-1.jpg\",\"width\":1000,\"height\":1000,\"caption\":\"The Dunmore Harbour Island\"},{\"@type\":\"BreadcrumbList\",\"@id\":\"https:\\\/\\\/officialeleutheraharbourisland.com\\\/fr\\\/harbour-island\\\/mariages\\\/hebergement-pour-accueillir\\\/#breadcrumb\",\"itemListElement\":[{\"@type\":\"ListItem\",\"position\":1,\"name\":\"Home\",\"item\":\"https:\\\/\\\/officialeleutheraharbourisland.com\\\/fr\\\/\"},{\"@type\":\"ListItem\",\"position\":2,\"name\":\"HARBOUR ISLAND\",\"item\":\"https:\\\/\\\/officialeleutheraharbourisland.com\\\/fr\\\/harbour-island\\\/\"},{\"@type\":\"ListItem\",\"position\":3,\"name\":\"Mariages\",\"item\":\"https:\\\/\\\/officialeleutheraharbourisland.com\\\/fr\\\/harbour-island\\\/mariages\\\/\"},{\"@type\":\"ListItem\",\"position\":4,\"name\":\"H\u00e9bergement pour accueillir pour un mariage\"}]},{\"@type\":\"WebSite\",\"@id\":\"https:\\\/\\\/officialeleutheraharbourisland.com\\\/#website\",\"url\":\"https:\\\/\\\/officialeleutheraharbourisland.com\\\/\",\"name\":\"Official Eleuthera Harbour Island\",\"description\":\"Where Beauty &amp; Nature Meet\",\"publisher\":{\"@id\":\"https:\\\/\\\/officialeleutheraharbourisland.com\\\/#organization\"},\"potentialAction\":[{\"@type\":\"SearchAction\",\"target\":{\"@type\":\"EntryPoint\",\"urlTemplate\":\"https:\\\/\\\/officialeleutheraharbourisland.com\\\/?s={search_term_string}\"},\"query-input\":{\"@type\":\"PropertyValueSpecification\",\"valueRequired\":true,\"valueName\":\"search_term_string\"}}],\"inLanguage\":\"fr-FR\"},{\"@type\":\"Organization\",\"@id\":\"https:\\\/\\\/officialeleutheraharbourisland.com\\\/#organization\",\"name\":\"Official Eleuthera Harbour Island\",\"url\":\"https:\\\/\\\/officialeleutheraharbourisland.com\\\/\",\"logo\":{\"@type\":\"ImageObject\",\"inLanguage\":\"fr-FR\",\"@id\":\"https:\\\/\\\/officialeleutheraharbourisland.com\\\/#\\\/schema\\\/logo\\\/image\\\/\",\"url\":\"https:\\\/\\\/officialeleutheraharbourisland.com\\\/wp-content\\\/uploads\\\/2022\\\/03\\\/logo-new-GREY-275.png\",\"contentUrl\":\"https:\\\/\\\/officialeleutheraharbourisland.com\\\/wp-content\\\/uploads\\\/2022\\\/03\\\/logo-new-GREY-275.png\",\"width\":275,\"height\":22,\"caption\":\"Official Eleuthera Harbour Island\"},\"image\":{\"@id\":\"https:\\\/\\\/officialeleutheraharbourisland.com\\\/#\\\/schema\\\/logo\\\/image\\\/\"}}]}<\/script>\n<!-- \/ Yoast SEO Premium plugin. -->","yoast_head_json":{"title":"H\u00e9bergement pour accueillir pour un mariage \u00e0 Harbour Island","description":"Official Eleuthera Harbour Island votre guide touristique de Harbour Island, partageH\u00e9bergement pour accueillir pour un mariage \u00e0 Harbour Island.","robots":{"index":"index","follow":"follow","max-snippet":"max-snippet:-1","max-image-preview":"max-image-preview:large","max-video-preview":"max-video-preview:-1"},"canonical":"https:\/\/officialeleutheraharbourisland.com\/fr\/harbour-island\/mariages\/hebergement-pour-accueillir\/","og_locale":"fr_FR","og_type":"article","og_title":"H\u00e9bergement pour accueillir pour un mariage","og_description":"Official Eleuthera Harbour Island votre guide touristique de Harbour Island, partageH\u00e9bergement pour accueillir pour un mariage \u00e0 Harbour Island.","og_url":"https:\/\/officialeleutheraharbourisland.com\/fr\/harbour-island\/mariages\/hebergement-pour-accueillir\/","og_site_name":"Official Eleuthera Harbour Island","article_modified_time":"2023-05-04T18:35:35+00:00","og_image":[{"width":1000,"height":1000,"url":"https:\/\/officialeleutheraharbourisland.com\/wp-content\/uploads\/2023\/02\/Untitled-1.jpg","type":"image\/jpeg"}],"twitter_card":"summary_large_image","twitter_misc":{"Dur\u00e9e de lecture estim\u00e9e":"2 minutes"},"schema":{"@context":"https:\/\/schema.org","@graph":[{"@type":"WebPage","@id":"https:\/\/officialeleutheraharbourisland.com\/fr\/harbour-island\/mariages\/hebergement-pour-accueillir\/","url":"https:\/\/officialeleutheraharbourisland.com\/fr\/harbour-island\/mariages\/hebergement-pour-accueillir\/","name":"H\u00e9bergement pour accueillir pour un mariage \u00e0 Harbour Island","isPartOf":{"@id":"https:\/\/officialeleutheraharbourisland.com\/#website"},"primaryImageOfPage":{"@id":"https:\/\/officialeleutheraharbourisland.com\/fr\/harbour-island\/mariages\/hebergement-pour-accueillir\/#primaryimage"},"image":{"@id":"https:\/\/officialeleutheraharbourisland.com\/fr\/harbour-island\/mariages\/hebergement-pour-accueillir\/#primaryimage"},"thumbnailUrl":"https:\/\/officialeleutheraharbourisland.com\/wp-content\/uploads\/2023\/02\/Untitled-1.jpg","datePublished":"2023-02-01T14:25:02+00:00","dateModified":"2023-05-04T18:35:35+00:00","description":"Official Eleuthera Harbour Island votre guide touristique de Harbour Island, partageH\u00e9bergement pour accueillir pour un mariage \u00e0 Harbour Island.","breadcrumb":{"@id":"https:\/\/officialeleutheraharbourisland.com\/fr\/harbour-island\/mariages\/hebergement-pour-accueillir\/#breadcrumb"},"inLanguage":"fr-FR","potentialAction":[{"@type":"ReadAction","target":["https:\/\/officialeleutheraharbourisland.com\/fr\/harbour-island\/mariages\/hebergement-pour-accueillir\/"]}]},{"@type":"ImageObject","inLanguage":"fr-FR","@id":"https:\/\/officialeleutheraharbourisland.com\/fr\/harbour-island\/mariages\/hebergement-pour-accueillir\/#primaryimage","url":"https:\/\/officialeleutheraharbourisland.com\/wp-content\/uploads\/2023\/02\/Untitled-1.jpg","contentUrl":"https:\/\/officialeleutheraharbourisland.com\/wp-content\/uploads\/2023\/02\/Untitled-1.jpg","width":1000,"height":1000,"caption":"The Dunmore Harbour Island"},{"@type":"BreadcrumbList","@id":"https:\/\/officialeleutheraharbourisland.com\/fr\/harbour-island\/mariages\/hebergement-pour-accueillir\/#breadcrumb","itemListElement":[{"@type":"ListItem","position":1,"name":"Home","item":"https:\/\/officialeleutheraharbourisland.com\/fr\/"},{"@type":"ListItem","position":2,"name":"HARBOUR ISLAND","item":"https:\/\/officialeleutheraharbourisland.com\/fr\/harbour-island\/"},{"@type":"ListItem","position":3,"name":"Mariages","item":"https:\/\/officialeleutheraharbourisland.com\/fr\/harbour-island\/mariages\/"},{"@type":"ListItem","position":4,"name":"H\u00e9bergement pour accueillir pour un mariage"}]},{"@type":"WebSite","@id":"https:\/\/officialeleutheraharbourisland.com\/#website","url":"https:\/\/officialeleutheraharbourisland.com\/","name":"Official Eleuthera Harbour Island","description":"Where Beauty &amp; Nature Meet","publisher":{"@id":"https:\/\/officialeleutheraharbourisland.com\/#organization"},"potentialAction":[{"@type":"SearchAction","target":{"@type":"EntryPoint","urlTemplate":"https:\/\/officialeleutheraharbourisland.com\/?s={search_term_string}"},"query-input":{"@type":"PropertyValueSpecification","valueRequired":true,"valueName":"search_term_string"}}],"inLanguage":"fr-FR"},{"@type":"Organization","@id":"https:\/\/officialeleutheraharbourisland.com\/#organization","name":"Official Eleuthera Harbour Island","url":"https:\/\/officialeleutheraharbourisland.com\/","logo":{"@type":"ImageObject","inLanguage":"fr-FR","@id":"https:\/\/officialeleutheraharbourisland.com\/#\/schema\/logo\/image\/","url":"https:\/\/officialeleutheraharbourisland.com\/wp-content\/uploads\/2022\/03\/logo-new-GREY-275.png","contentUrl":"https:\/\/officialeleutheraharbourisland.com\/wp-content\/uploads\/2022\/03\/logo-new-GREY-275.png","width":275,"height":22,"caption":"Official Eleuthera Harbour Island"},"image":{"@id":"https:\/\/officialeleutheraharbourisland.com\/#\/schema\/logo\/image\/"}}]}},"jetpack_sharing_enabled":true,"_links":{"self":[{"href":"https:\/\/officialeleutheraharbourisland.com\/fr\/wp-json\/wp\/v2\/pages\/75125","targetHints":{"allow":["GET"]}}],"collection":[{"href":"https:\/\/officialeleutheraharbourisland.com\/fr\/wp-json\/wp\/v2\/pages"}],"about":[{"href":"https:\/\/officialeleutheraharbourisland.com\/fr\/wp-json\/wp\/v2\/types\/page"}],"author":[{"embeddable":true,"href":"https:\/\/officialeleutheraharbourisland.com\/fr\/wp-json\/wp\/v2\/users\/1"}],"replies":[{"embeddable":true,"href":"https:\/\/officialeleutheraharbourisland.com\/fr\/wp-json\/wp\/v2\/comments?post=75125"}],"version-history":[{"count":2,"href":"https:\/\/officialeleutheraharbourisland.com\/fr\/wp-json\/wp\/v2\/pages\/75125\/revisions"}],"predecessor-version":[{"id":75127,"href":"https:\/\/officialeleutheraharbourisland.com\/fr\/wp-json\/wp\/v2\/pages\/75125\/revisions\/75127"}],"up":[{"embeddable":true,"href":"https:\/\/officialeleutheraharbourisland.com\/fr\/wp-json\/wp\/v2\/pages\/75030"}],"wp:featuredmedia":[{"embeddable":true,"href":"https:\/\/officialeleutheraharbourisland.com\/fr\/wp-json\/wp\/v2\/media\/73213"}],"wp:attachment":[{"href":"https:\/\/officialeleutheraharbourisland.com\/fr\/wp-json\/wp\/v2\/media?parent=75125"}],"wp:term":[{"taxonomy":"category","embeddable":true,"href":"https:\/\/officialeleutheraharbourisland.com\/fr\/wp-json\/wp\/v2\/categories?post=75125"},{"taxonomy":"post_tag","embeddable":true,"href":"https:\/\/officialeleutheraharbourisland.com\/fr\/wp-json\/wp\/v2\/tags?post=75125"}],"curies":[{"name":"wp","href":"https:\/\/api.w.org\/{rel}","templated":true}]}}