{"id":75128,"date":"2023-02-01T14:25:02","date_gmt":"2023-02-01T14:25:02","guid":{"rendered":"https:\/\/officialeleutheraharbourisland.com\/harbour-island\/mariages\/best-and-worst-periods\/"},"modified":"2023-05-04T18:42:08","modified_gmt":"2023-05-04T18:42:08","slug":"le-meilleurs-et-pires-moments","status":"publish","type":"page","link":"https:\/\/officialeleutheraharbourisland.com\/fr\/harbour-island\/mariages\/le-meilleurs-et-pires-moments\/","title":{"rendered":"Le meilleurs et pires moments pour se marier"},"content":{"rendered":"<div class=\"wpb-content-wrapper\"><p>[vc_row][vc_column]<div id=\"ultimate-heading-154469e28c6e9b19f\" class=\"uvc-heading ult-adjust-bottom-margin ultimate-heading-154469e28c6e9b19f uvc-5873 \" data-hspacer=\"line_only\"  data-halign=\"center\" style=\"text-align:center\"><div class=\"uvc-main-heading ult-responsive\"  data-ultimate-target='.uvc-heading.ultimate-heading-154469e28c6e9b19f h2'  data-responsive-json-new='{\"font-size\":\"\",\"line-height\":\"\"}' ><h2 style=\"font-weight:normal;margin-bottom:15px;\">Le meilleurs et pires moments pour se marier \u00e0 Harbour Island<\/h2><\/div><div class=\"uvc-heading-spacer line_only\" style=\"margin-bottom:15px;height:3px;\"><span class=\"uvc-headings-line\" style=\"border-style:solid;border-bottom-width:3px;border-color:#7ac1ff;width:60px;\"><\/span><\/div><\/div>[\/vc_column][\/vc_row][vc_row css=\u00a0\u00bb.vc_custom_1675784447786{padding-bottom: 15px !important;}\u00a0\u00bb][vc_column][vc_column_text css=\u00a0\u00bb.vc_custom_1675783963902{margin-top: 0px !important;margin-bottom: 0px !important;padding-top: 0px !important;padding-bottom: 0px !important;}\u00a0\u00bb]<\/p>\n<p style=\"text-align: right;\">February 2023<\/p>\n<p>[\/vc_column_text][\/vc_column][\/vc_row][vc_row][vc_column][vc_column_text]<span style=\"font-weight: 400;\">La meilleure saison pour se marier \u00e0 Harbour Island d\u00e9pend en grande partie de vos pr\u00e9f\u00e9rences personnelles.<\/span><\/p>\n<p><span style=\"font-weight: 400;\">La p\u00e9riode la plus demand\u00e9e pour les mariages sur l&rsquo;\u00eele est g\u00e9n\u00e9ralement de d\u00e9cembre \u00e0 avril, lorsque le temps est sec et chaud, sans trop de pluie ni de vent, ce qui est parfait puisque la plupart des \u00e9v\u00e9nements se d\u00e9rouleront \u00e0 l&rsquo;ext\u00e9rieur ou sous une tente.<\/span><\/p>\n<p><span style=\"font-weight: 400;\">Cette p\u00e9riode est aussi la plus charg\u00e9e et\u00a0 les gens r\u00e9servent parfois leur h\u00e9bergement des ann\u00e9es \u00e0 l&rsquo;avance. Harbour Island est un endroit tr\u00e8s sp\u00e9cial o\u00f9 les aficionados de l&rsquo;\u00eele n&rsquo;envisageront m\u00eame pas d&rsquo;aller sur l&rsquo;\u00eele voisine, ils sont amoureux de Harbour Island.<\/span><\/p>\n<p><span style=\"font-weight: 400;\">En cette haute saison, n&rsquo;oubliez pas de prendre en consid\u00e9ration les \u00e9l\u00e9ments suivants :<\/span><\/p>\n<p><span style=\"font-weight: 400;\">&#8211; Les chambres sont aux tarifs les plus \u00e9lev\u00e9s<br \/>\n<\/span><span style=\"font-weight: 400;\">&#8211; Les billets d&rsquo;avion sont les plus chers<br \/>\n<\/span><span style=\"font-weight: 400;\">&#8211; Si la r\u00e9servation n&rsquo;est pas faite tr\u00e8s \u00e0 l&rsquo;avance, les chambres risquent d\u2019\u00eatre occup\u00e9es<br \/>\n<\/span><span style=\"font-weight: 400;\">&#8211; Les restaurants sont difficiles \u00e0 r\u00e9server<br \/>\n&#8211; <\/span><span style=\"font-weight: 400;\">D&rsquo;autres couples ont peut-\u00eatre d\u00e9j\u00e0 r\u00e9serv\u00e9 des lieux<br \/>\n&#8211; <\/span><span style=\"font-weight: 400;\">C&rsquo;est la saison la plus fr\u00e9quent\u00e9e, ce qui peut donner lieu \u00e0 des coupures d&rsquo;\u00e9lectricit\u00e9\u00a0<\/span>[\/vc_column_text][\/vc_column][\/vc_row][vc_row][vc_column][vc_separator css=\u00a0\u00bb.vc_custom_1675714614730{margin-top: 30px !important;margin-bottom: 30px !important;}\u00a0\u00bb][\/vc_column][\/vc_row][vc_row css=\u00a0\u00bb.vc_custom_1675715475615{margin-top: 30px !important;}\u00a0\u00bb][vc_column width=\u00a0\u00bb1\/6&Prime;][\/vc_column][vc_column width=\u00a0\u00bb2\/3&Prime;][vc_row_inner][vc_column_inner][vc_single_image image=\u00a0\u00bb73223&Prime; img_size=\u00a0\u00bbfull\u00a0\u00bb alignment=\u00a0\u00bbcenter\u00a0\u00bb][\/vc_column_inner][\/vc_row_inner][\/vc_column][vc_column width=\u00a0\u00bb1\/6&Prime;][\/vc_column][\/vc_row][vc_row][vc_column][vc_separator css=\u00a0\u00bb.vc_custom_1675714614730{margin-top: 30px !important;margin-bottom: 30px !important;}\u00a0\u00bb][\/vc_column][\/vc_row][vc_row][vc_column][vc_column_text]<span style=\"font-weight: 400;\">La saison des pluies s&rsquo;\u00e9tend de mai \u00e0 octobre et est probablement la p\u00e9riode la plus d\u00e9licate pour se marier \u00e0 Harbour Island. Il n&rsquo;y aura pas de pluies constantes de type mousson, juste des averses occasionnelles. Tant que les organisateurs d&rsquo;\u00e9v\u00e9nements peuvent g\u00e9rer et modifier les horaires \u00e0 la derni\u00e8re minute s&rsquo;il pleut, un mariage peut toujours \u00eatre c\u00e9l\u00e9br\u00e9 m\u00eame s&rsquo;il est retard\u00e9 de quelques minutes.<\/span><\/p>\n<p><span style=\"font-weight: 400;\">Ainsi, tant que vous \u00eates flexible quant \u00e0 l&rsquo;heure de d\u00e9but et que vous \u00eates pr\u00eat \u00e0 attendre quelques minutes que le ciel se d\u00e9gage, vous n&rsquo;aurez pas \u00e0 renoncer \u00e0 votre souhait d&rsquo;une c\u00e9r\u00e9monie en plein air.<\/span><\/p>\n<p><span style=\"font-weight: 400;\">Les ouragans sont \u00e9galement un risque potentiel \u00e0 cette saison m\u00eame s&rsquo;ils atteignent rarement les Bahamas. Cela reste n\u00e9anmoins un risque \u00e0 prendre en consid\u00e9ration car cela peut affecter l&rsquo;un des plus beaux jours de votre vie et entra\u00eener l&rsquo;annulation du mariage.<\/span>[\/vc_column_text][\/vc_column][\/vc_row][vc_row][vc_column][vc_separator css=\u00a0\u00bb.vc_custom_1675714614730{margin-top: 30px !important;margin-bottom: 30px !important;}\u00a0\u00bb][\/vc_column][\/vc_row]<\/p>\n<\/div>","protected":false},"excerpt":{"rendered":"<p>[vc_row][vc_column][\/vc_column][\/vc_row][vc_row css=\u00a0\u00bb.vc_custom_1675784447786{padding-bottom: 15px !important;}\u00a0\u00bb][vc_column][vc_column_text css=\u00a0\u00bb.vc_custom_1675783963902{margin-top: 0px !important;margin-bottom: 0px !important;padding-top: 0px !important;padding-bottom: 0px !important;}\u00a0\u00bb] February 2023 [\/vc_column_text][\/vc_column][\/vc_row][vc_row][vc_column][vc_column_text]La meilleure saison pour se marier \u00e0 Harbour Island d\u00e9pend en grande partie de vos pr\u00e9f\u00e9rences personnelles. La p\u00e9riode la plus demand\u00e9e pour les mariages sur l&rsquo;\u00eele est g\u00e9n\u00e9ralement de d\u00e9cembre \u00e0 avril, lorsque le temps est sec et chaud,&hellip;<\/p>\n","protected":false},"author":1,"featured_media":73224,"parent":75030,"menu_order":0,"comment_status":"closed","ping_status":"closed","template":"","meta":{"footnotes":""},"categories":[],"tags":[1241],"class_list":["post-75128","page","type-page","status-publish","has-post-thumbnail","hentry","tag-weddings-harbour-island-fr-2","description-off"],"yoast_head":"<!-- This site is optimized with the Yoast SEO Premium plugin v25.2 (Yoast SEO v27.4) - https:\/\/yoast.com\/product\/yoast-seo-premium-wordpress\/ -->\n<title>Le meilleurs et pires moments pour se marier \u00e0 Harbour Island.<\/title>\n<meta name=\"description\" content=\"Official Eleuthera Harbour Island votre guide de Harbour Island, partage les meilleures et les pires p\u00e9riodes pour les mariages \u00e0 Harbour Island, aux Bahamas.\" \/>\n<meta name=\"robots\" content=\"index, follow, max-snippet:-1, max-image-preview:large, max-video-preview:-1\" \/>\n<link rel=\"canonical\" href=\"https:\/\/officialeleutheraharbourisland.com\/fr\/harbour-island\/mariages\/le-meilleurs-et-pires-moments\/\" \/>\n<meta property=\"og:locale\" content=\"fr_FR\" \/>\n<meta property=\"og:type\" content=\"article\" \/>\n<meta property=\"og:title\" content=\"Le meilleurs et pires moments pour se marier\" \/>\n<meta property=\"og:description\" content=\"Official Eleuthera Harbour Island votre guide de Harbour Island, partage les meilleures et les pires p\u00e9riodes pour les mariages \u00e0 Harbour Island, aux Bahamas.\" \/>\n<meta property=\"og:url\" content=\"https:\/\/officialeleutheraharbourisland.com\/fr\/harbour-island\/mariages\/le-meilleurs-et-pires-moments\/\" \/>\n<meta property=\"og:site_name\" content=\"Official Eleuthera Harbour Island\" \/>\n<meta property=\"article:modified_time\" content=\"2023-05-04T18:42:08+00:00\" \/>\n<meta property=\"og:image\" content=\"https:\/\/officialeleutheraharbourisland.com\/wp-content\/uploads\/2023\/02\/time-get-married.jpg\" \/>\n\t<meta property=\"og:image:width\" content=\"2152\" \/>\n\t<meta property=\"og:image:height\" content=\"1141\" \/>\n\t<meta property=\"og:image:type\" content=\"image\/jpeg\" \/>\n<meta name=\"twitter:card\" content=\"summary_large_image\" \/>\n<meta name=\"twitter:label1\" content=\"Dur\u00e9e de lecture estim\u00e9e\" \/>\n\t<meta name=\"twitter:data1\" content=\"2 minutes\" \/>\n<script type=\"application\/ld+json\" class=\"yoast-schema-graph\">{\"@context\":\"https:\\\/\\\/schema.org\",\"@graph\":[{\"@type\":\"WebPage\",\"@id\":\"https:\\\/\\\/officialeleutheraharbourisland.com\\\/fr\\\/harbour-island\\\/mariages\\\/le-meilleurs-et-pires-moments\\\/\",\"url\":\"https:\\\/\\\/officialeleutheraharbourisland.com\\\/fr\\\/harbour-island\\\/mariages\\\/le-meilleurs-et-pires-moments\\\/\",\"name\":\"Le meilleurs et pires moments pour se marier \u00e0 Harbour Island.\",\"isPartOf\":{\"@id\":\"https:\\\/\\\/officialeleutheraharbourisland.com\\\/#website\"},\"primaryImageOfPage\":{\"@id\":\"https:\\\/\\\/officialeleutheraharbourisland.com\\\/fr\\\/harbour-island\\\/mariages\\\/le-meilleurs-et-pires-moments\\\/#primaryimage\"},\"image\":{\"@id\":\"https:\\\/\\\/officialeleutheraharbourisland.com\\\/fr\\\/harbour-island\\\/mariages\\\/le-meilleurs-et-pires-moments\\\/#primaryimage\"},\"thumbnailUrl\":\"https:\\\/\\\/officialeleutheraharbourisland.com\\\/wp-content\\\/uploads\\\/2023\\\/02\\\/time-get-married.jpg\",\"datePublished\":\"2023-02-01T14:25:02+00:00\",\"dateModified\":\"2023-05-04T18:42:08+00:00\",\"description\":\"Official Eleuthera Harbour Island votre guide de Harbour Island, partage les meilleures et les pires p\u00e9riodes pour les mariages \u00e0 Harbour Island, aux Bahamas.\",\"breadcrumb\":{\"@id\":\"https:\\\/\\\/officialeleutheraharbourisland.com\\\/fr\\\/harbour-island\\\/mariages\\\/le-meilleurs-et-pires-moments\\\/#breadcrumb\"},\"inLanguage\":\"fr-FR\",\"potentialAction\":[{\"@type\":\"ReadAction\",\"target\":[\"https:\\\/\\\/officialeleutheraharbourisland.com\\\/fr\\\/harbour-island\\\/mariages\\\/le-meilleurs-et-pires-moments\\\/\"]}]},{\"@type\":\"ImageObject\",\"inLanguage\":\"fr-FR\",\"@id\":\"https:\\\/\\\/officialeleutheraharbourisland.com\\\/fr\\\/harbour-island\\\/mariages\\\/le-meilleurs-et-pires-moments\\\/#primaryimage\",\"url\":\"https:\\\/\\\/officialeleutheraharbourisland.com\\\/wp-content\\\/uploads\\\/2023\\\/02\\\/time-get-married.jpg\",\"contentUrl\":\"https:\\\/\\\/officialeleutheraharbourisland.com\\\/wp-content\\\/uploads\\\/2023\\\/02\\\/time-get-married.jpg\",\"width\":2152,\"height\":1141,\"caption\":\"best period get married\"},{\"@type\":\"BreadcrumbList\",\"@id\":\"https:\\\/\\\/officialeleutheraharbourisland.com\\\/fr\\\/harbour-island\\\/mariages\\\/le-meilleurs-et-pires-moments\\\/#breadcrumb\",\"itemListElement\":[{\"@type\":\"ListItem\",\"position\":1,\"name\":\"Home\",\"item\":\"https:\\\/\\\/officialeleutheraharbourisland.com\\\/fr\\\/\"},{\"@type\":\"ListItem\",\"position\":2,\"name\":\"HARBOUR ISLAND\",\"item\":\"https:\\\/\\\/officialeleutheraharbourisland.com\\\/fr\\\/harbour-island\\\/\"},{\"@type\":\"ListItem\",\"position\":3,\"name\":\"Mariages\",\"item\":\"https:\\\/\\\/officialeleutheraharbourisland.com\\\/fr\\\/harbour-island\\\/mariages\\\/\"},{\"@type\":\"ListItem\",\"position\":4,\"name\":\"Le meilleurs et pires moments pour se marier\"}]},{\"@type\":\"WebSite\",\"@id\":\"https:\\\/\\\/officialeleutheraharbourisland.com\\\/#website\",\"url\":\"https:\\\/\\\/officialeleutheraharbourisland.com\\\/\",\"name\":\"Official Eleuthera Harbour Island\",\"description\":\"Where Beauty &amp; Nature Meet\",\"publisher\":{\"@id\":\"https:\\\/\\\/officialeleutheraharbourisland.com\\\/#organization\"},\"potentialAction\":[{\"@type\":\"SearchAction\",\"target\":{\"@type\":\"EntryPoint\",\"urlTemplate\":\"https:\\\/\\\/officialeleutheraharbourisland.com\\\/?s={search_term_string}\"},\"query-input\":{\"@type\":\"PropertyValueSpecification\",\"valueRequired\":true,\"valueName\":\"search_term_string\"}}],\"inLanguage\":\"fr-FR\"},{\"@type\":\"Organization\",\"@id\":\"https:\\\/\\\/officialeleutheraharbourisland.com\\\/#organization\",\"name\":\"Official Eleuthera Harbour Island\",\"url\":\"https:\\\/\\\/officialeleutheraharbourisland.com\\\/\",\"logo\":{\"@type\":\"ImageObject\",\"inLanguage\":\"fr-FR\",\"@id\":\"https:\\\/\\\/officialeleutheraharbourisland.com\\\/#\\\/schema\\\/logo\\\/image\\\/\",\"url\":\"https:\\\/\\\/officialeleutheraharbourisland.com\\\/wp-content\\\/uploads\\\/2022\\\/03\\\/logo-new-GREY-275.png\",\"contentUrl\":\"https:\\\/\\\/officialeleutheraharbourisland.com\\\/wp-content\\\/uploads\\\/2022\\\/03\\\/logo-new-GREY-275.png\",\"width\":275,\"height\":22,\"caption\":\"Official Eleuthera Harbour Island\"},\"image\":{\"@id\":\"https:\\\/\\\/officialeleutheraharbourisland.com\\\/#\\\/schema\\\/logo\\\/image\\\/\"}}]}<\/script>\n<!-- \/ Yoast SEO Premium plugin. -->","yoast_head_json":{"title":"Le meilleurs et pires moments pour se marier \u00e0 Harbour Island.","description":"Official Eleuthera Harbour Island votre guide de Harbour Island, partage les meilleures et les pires p\u00e9riodes pour les mariages \u00e0 Harbour Island, aux Bahamas.","robots":{"index":"index","follow":"follow","max-snippet":"max-snippet:-1","max-image-preview":"max-image-preview:large","max-video-preview":"max-video-preview:-1"},"canonical":"https:\/\/officialeleutheraharbourisland.com\/fr\/harbour-island\/mariages\/le-meilleurs-et-pires-moments\/","og_locale":"fr_FR","og_type":"article","og_title":"Le meilleurs et pires moments pour se marier","og_description":"Official Eleuthera Harbour Island votre guide de Harbour Island, partage les meilleures et les pires p\u00e9riodes pour les mariages \u00e0 Harbour Island, aux Bahamas.","og_url":"https:\/\/officialeleutheraharbourisland.com\/fr\/harbour-island\/mariages\/le-meilleurs-et-pires-moments\/","og_site_name":"Official Eleuthera Harbour Island","article_modified_time":"2023-05-04T18:42:08+00:00","og_image":[{"width":2152,"height":1141,"url":"https:\/\/officialeleutheraharbourisland.com\/wp-content\/uploads\/2023\/02\/time-get-married.jpg","type":"image\/jpeg"}],"twitter_card":"summary_large_image","twitter_misc":{"Dur\u00e9e de lecture estim\u00e9e":"2 minutes"},"schema":{"@context":"https:\/\/schema.org","@graph":[{"@type":"WebPage","@id":"https:\/\/officialeleutheraharbourisland.com\/fr\/harbour-island\/mariages\/le-meilleurs-et-pires-moments\/","url":"https:\/\/officialeleutheraharbourisland.com\/fr\/harbour-island\/mariages\/le-meilleurs-et-pires-moments\/","name":"Le meilleurs et pires moments pour se marier \u00e0 Harbour Island.","isPartOf":{"@id":"https:\/\/officialeleutheraharbourisland.com\/#website"},"primaryImageOfPage":{"@id":"https:\/\/officialeleutheraharbourisland.com\/fr\/harbour-island\/mariages\/le-meilleurs-et-pires-moments\/#primaryimage"},"image":{"@id":"https:\/\/officialeleutheraharbourisland.com\/fr\/harbour-island\/mariages\/le-meilleurs-et-pires-moments\/#primaryimage"},"thumbnailUrl":"https:\/\/officialeleutheraharbourisland.com\/wp-content\/uploads\/2023\/02\/time-get-married.jpg","datePublished":"2023-02-01T14:25:02+00:00","dateModified":"2023-05-04T18:42:08+00:00","description":"Official Eleuthera Harbour Island votre guide de Harbour Island, partage les meilleures et les pires p\u00e9riodes pour les mariages \u00e0 Harbour Island, aux Bahamas.","breadcrumb":{"@id":"https:\/\/officialeleutheraharbourisland.com\/fr\/harbour-island\/mariages\/le-meilleurs-et-pires-moments\/#breadcrumb"},"inLanguage":"fr-FR","potentialAction":[{"@type":"ReadAction","target":["https:\/\/officialeleutheraharbourisland.com\/fr\/harbour-island\/mariages\/le-meilleurs-et-pires-moments\/"]}]},{"@type":"ImageObject","inLanguage":"fr-FR","@id":"https:\/\/officialeleutheraharbourisland.com\/fr\/harbour-island\/mariages\/le-meilleurs-et-pires-moments\/#primaryimage","url":"https:\/\/officialeleutheraharbourisland.com\/wp-content\/uploads\/2023\/02\/time-get-married.jpg","contentUrl":"https:\/\/officialeleutheraharbourisland.com\/wp-content\/uploads\/2023\/02\/time-get-married.jpg","width":2152,"height":1141,"caption":"best period get married"},{"@type":"BreadcrumbList","@id":"https:\/\/officialeleutheraharbourisland.com\/fr\/harbour-island\/mariages\/le-meilleurs-et-pires-moments\/#breadcrumb","itemListElement":[{"@type":"ListItem","position":1,"name":"Home","item":"https:\/\/officialeleutheraharbourisland.com\/fr\/"},{"@type":"ListItem","position":2,"name":"HARBOUR ISLAND","item":"https:\/\/officialeleutheraharbourisland.com\/fr\/harbour-island\/"},{"@type":"ListItem","position":3,"name":"Mariages","item":"https:\/\/officialeleutheraharbourisland.com\/fr\/harbour-island\/mariages\/"},{"@type":"ListItem","position":4,"name":"Le meilleurs et pires moments pour se marier"}]},{"@type":"WebSite","@id":"https:\/\/officialeleutheraharbourisland.com\/#website","url":"https:\/\/officialeleutheraharbourisland.com\/","name":"Official Eleuthera Harbour Island","description":"Where Beauty &amp; Nature Meet","publisher":{"@id":"https:\/\/officialeleutheraharbourisland.com\/#organization"},"potentialAction":[{"@type":"SearchAction","target":{"@type":"EntryPoint","urlTemplate":"https:\/\/officialeleutheraharbourisland.com\/?s={search_term_string}"},"query-input":{"@type":"PropertyValueSpecification","valueRequired":true,"valueName":"search_term_string"}}],"inLanguage":"fr-FR"},{"@type":"Organization","@id":"https:\/\/officialeleutheraharbourisland.com\/#organization","name":"Official Eleuthera Harbour Island","url":"https:\/\/officialeleutheraharbourisland.com\/","logo":{"@type":"ImageObject","inLanguage":"fr-FR","@id":"https:\/\/officialeleutheraharbourisland.com\/#\/schema\/logo\/image\/","url":"https:\/\/officialeleutheraharbourisland.com\/wp-content\/uploads\/2022\/03\/logo-new-GREY-275.png","contentUrl":"https:\/\/officialeleutheraharbourisland.com\/wp-content\/uploads\/2022\/03\/logo-new-GREY-275.png","width":275,"height":22,"caption":"Official Eleuthera Harbour Island"},"image":{"@id":"https:\/\/officialeleutheraharbourisland.com\/#\/schema\/logo\/image\/"}}]}},"jetpack_sharing_enabled":true,"_links":{"self":[{"href":"https:\/\/officialeleutheraharbourisland.com\/fr\/wp-json\/wp\/v2\/pages\/75128","targetHints":{"allow":["GET"]}}],"collection":[{"href":"https:\/\/officialeleutheraharbourisland.com\/fr\/wp-json\/wp\/v2\/pages"}],"about":[{"href":"https:\/\/officialeleutheraharbourisland.com\/fr\/wp-json\/wp\/v2\/types\/page"}],"author":[{"embeddable":true,"href":"https:\/\/officialeleutheraharbourisland.com\/fr\/wp-json\/wp\/v2\/users\/1"}],"replies":[{"embeddable":true,"href":"https:\/\/officialeleutheraharbourisland.com\/fr\/wp-json\/wp\/v2\/comments?post=75128"}],"version-history":[{"count":2,"href":"https:\/\/officialeleutheraharbourisland.com\/fr\/wp-json\/wp\/v2\/pages\/75128\/revisions"}],"predecessor-version":[{"id":75130,"href":"https:\/\/officialeleutheraharbourisland.com\/fr\/wp-json\/wp\/v2\/pages\/75128\/revisions\/75130"}],"up":[{"embeddable":true,"href":"https:\/\/officialeleutheraharbourisland.com\/fr\/wp-json\/wp\/v2\/pages\/75030"}],"wp:featuredmedia":[{"embeddable":true,"href":"https:\/\/officialeleutheraharbourisland.com\/fr\/wp-json\/wp\/v2\/media\/73224"}],"wp:attachment":[{"href":"https:\/\/officialeleutheraharbourisland.com\/fr\/wp-json\/wp\/v2\/media?parent=75128"}],"wp:term":[{"taxonomy":"category","embeddable":true,"href":"https:\/\/officialeleutheraharbourisland.com\/fr\/wp-json\/wp\/v2\/categories?post=75128"},{"taxonomy":"post_tag","embeddable":true,"href":"https:\/\/officialeleutheraharbourisland.com\/fr\/wp-json\/wp\/v2\/tags?post=75128"}],"curies":[{"name":"wp","href":"https:\/\/api.w.org\/{rel}","templated":true}]}}