{"id":75131,"date":"2023-02-01T14:25:02","date_gmt":"2023-02-01T14:25:02","guid":{"rendered":"https:\/\/officialeleutheraharbourisland.com\/harbour-island\/mariages\/planning-tips\/"},"modified":"2023-05-04T19:00:22","modified_gmt":"2023-05-04T19:00:22","slug":"conseils-dorganisation","status":"publish","type":"page","link":"https:\/\/officialeleutheraharbourisland.com\/fr\/harbour-island\/mariages\/conseils-dorganisation\/","title":{"rendered":"Conseils d\u2019organisation pour se marier"},"content":{"rendered":"<div class=\"wpb-content-wrapper\"><p>[vc_row css=\u00a0\u00bb.vc_custom_1675793866240{padding-bottom: 30px !important;}\u00a0\u00bb][vc_column]<div id=\"ultimate-heading-960669e26fed2f14f\" class=\"uvc-heading ult-adjust-bottom-margin ultimate-heading-960669e26fed2f14f uvc-7658 \" data-hspacer=\"line_only\"  data-halign=\"center\" style=\"text-align:center\"><div class=\"uvc-main-heading ult-responsive\"  data-ultimate-target='.uvc-heading.ultimate-heading-960669e26fed2f14f h2'  data-responsive-json-new='{\"font-size\":\"\",\"line-height\":\"\"}' ><h2 style=\"font-weight:normal;margin-bottom:15px;\">Conseils d\u2019organisation pour se marier \u00e0 Harbour Island, Bahamas<\/h2><\/div><div class=\"uvc-heading-spacer line_only\" style=\"margin-bottom:15px;height:3px;\"><span class=\"uvc-headings-line\" style=\"border-style:solid;border-bottom-width:3px;border-color:#7ac1ff;width:60px;\"><\/span><\/div><\/div>[\/vc_column][\/vc_row][vc_row][vc_column][vc_column_text]<\/p>\n<h3>Evitez les vacances<\/h3>\n<p>Se marier \u00e0 la fin de l&rsquo;ann\u00e9e n&rsquo;est pas la meilleure id\u00e9e. Certaines hotels n&rsquo;acceptent m\u00eame pas les mariages pendant cette haute saison et vous pourriez payer des frais suppl\u00e9mentaires si votre c\u00e9l\u00e9bration a lieu la veille de No\u00ebl, le jour de No\u00ebl ou le Nouvel An.<br \/>\nSi vous souhaitez \u00e9viter les maux de t\u00eate et les d\u00e9penses suppl\u00e9mentaires, il vaut mieux opter pour une p\u00e9riode autre que la fin de l&rsquo;ann\u00e9e, notamment parce que certaines entreprises locales peuvent \u00e9galement \u00eatre ferm\u00e9es pendant les vacances.<br \/>\n[\/vc_column_text][\/vc_column][\/vc_row][vc_row][vc_column][vc_separator css=\u00a0\u00bb.vc_custom_1675714614730{margin-top: 30px !important;margin-bottom: 30px !important;}\u00a0\u00bb][\/vc_column][\/vc_row][vc_row css=\u00a0\u00bb.vc_custom_1675715475615{margin-top: 30px !important;}\u00a0\u00bb][vc_column width=\u00a0\u00bb1\/6&Prime;][\/vc_column][vc_column width=\u00a0\u00bb2\/3&Prime;][vc_row_inner][vc_column_inner][vc_single_image image=\u00a0\u00bb73233&Prime; img_size=\u00a0\u00bbfull\u00a0\u00bb alignment=\u00a0\u00bbcenter\u00a0\u00bb][\/vc_column_inner][\/vc_row_inner][\/vc_column][vc_column width=\u00a0\u00bb1\/6&Prime;][\/vc_column][\/vc_row][vc_row][vc_column][vc_separator css=\u00a0\u00bb.vc_custom_1675714614730{margin-top: 30px !important;margin-bottom: 30px !important;}\u00a0\u00bb][\/vc_column][\/vc_row][vc_row][vc_column][vc_column_text]<\/p>\n<h3>Pr\u00e9parez des plans B<\/h3>\n<p>Si vous envisagez de vous marier pendant la saison des pluies, avoir un plan de secours avec votre organisateur de mariage peut vous aider \u00e0 faire que votre mariage soit aussi agr\u00e9able et sans stress que possible, m\u00eame si M\u00e8re Nature a d&rsquo;autres plans. N&rsquo;oubliez donc pas d&rsquo;avoir des options alternatives pr\u00e9par\u00e9es au cas o\u00f9 le mauvais temps pourrait impacter certaines parties du mariage, comme votre c\u00e9r\u00e9monie ou votre cocktail en plein air.[\/vc_column_text][\/vc_column][\/vc_row][vc_row][vc_column][vc_separator css=\u00a0\u00bb.vc_custom_1675714614730{margin-top: 30px !important;margin-bottom: 30px !important;}\u00a0\u00bb][\/vc_column][\/vc_row]<\/p>\n<\/div>","protected":false},"excerpt":{"rendered":"<p>[vc_row css=\u00a0\u00bb.vc_custom_1675793866240{padding-bottom: 30px !important;}\u00a0\u00bb][vc_column][\/vc_column][\/vc_row][vc_row][vc_column][vc_column_text] Evitez les vacances Se marier \u00e0 la fin de l&rsquo;ann\u00e9e n&rsquo;est pas la meilleure id\u00e9e. Certaines hotels n&rsquo;acceptent m\u00eame pas les mariages pendant cette haute saison et vous pourriez payer des frais suppl\u00e9mentaires si votre c\u00e9l\u00e9bration a lieu la veille de No\u00ebl, le jour de No\u00ebl ou le Nouvel An. Si&hellip;<\/p>\n","protected":false},"author":1,"featured_media":73234,"parent":75030,"menu_order":0,"comment_status":"closed","ping_status":"closed","template":"","meta":{"footnotes":""},"categories":[],"tags":[1241],"class_list":["post-75131","page","type-page","status-publish","has-post-thumbnail","hentry","tag-weddings-harbour-island-fr-2","description-off"],"yoast_head":"<!-- This site is optimized with the Yoast SEO Premium plugin v25.2 (Yoast SEO v27.4) - https:\/\/yoast.com\/product\/yoast-seo-premium-wordpress\/ -->\n<title>Conseils d\u2019organisation pour se marier \u00e0 Harbour Island, Bahamas.<\/title>\n<meta name=\"description\" content=\"Official Eleuthera Harbour Island votre guide de Harbour Island, partage des informations sur les conseils de planification pour les mariages \u00e0 Harbour Island, aux Bahamas.\" \/>\n<meta name=\"robots\" content=\"index, follow, max-snippet:-1, max-image-preview:large, max-video-preview:-1\" \/>\n<link rel=\"canonical\" href=\"https:\/\/officialeleutheraharbourisland.com\/fr\/harbour-island\/mariages\/conseils-dorganisation\/\" \/>\n<meta property=\"og:locale\" content=\"fr_FR\" \/>\n<meta property=\"og:type\" content=\"article\" \/>\n<meta property=\"og:title\" content=\"Conseils d\u2019organisation pour se marier\" \/>\n<meta property=\"og:description\" content=\"Official Eleuthera Harbour Island votre guide de Harbour Island, partage des informations sur les conseils de planification pour les mariages \u00e0 Harbour Island, aux Bahamas.\" \/>\n<meta property=\"og:url\" content=\"https:\/\/officialeleutheraharbourisland.com\/fr\/harbour-island\/mariages\/conseils-dorganisation\/\" \/>\n<meta property=\"og:site_name\" content=\"Official Eleuthera Harbour Island\" \/>\n<meta property=\"article:modified_time\" content=\"2023-05-04T19:00:22+00:00\" \/>\n<meta property=\"og:image\" content=\"https:\/\/officialeleutheraharbourisland.com\/wp-content\/uploads\/2023\/02\/Untitled-4.jpg\" \/>\n\t<meta property=\"og:image:width\" content=\"700\" \/>\n\t<meta property=\"og:image:height\" content=\"415\" \/>\n\t<meta property=\"og:image:type\" content=\"image\/jpeg\" \/>\n<meta name=\"twitter:card\" content=\"summary_large_image\" \/>\n<meta name=\"twitter:label1\" content=\"Dur\u00e9e de lecture estim\u00e9e\" \/>\n\t<meta name=\"twitter:data1\" content=\"2 minutes\" \/>\n<script type=\"application\/ld+json\" class=\"yoast-schema-graph\">{\"@context\":\"https:\\\/\\\/schema.org\",\"@graph\":[{\"@type\":\"WebPage\",\"@id\":\"https:\\\/\\\/officialeleutheraharbourisland.com\\\/fr\\\/harbour-island\\\/mariages\\\/conseils-dorganisation\\\/\",\"url\":\"https:\\\/\\\/officialeleutheraharbourisland.com\\\/fr\\\/harbour-island\\\/mariages\\\/conseils-dorganisation\\\/\",\"name\":\"Conseils d\u2019organisation pour se marier \u00e0 Harbour Island, Bahamas.\",\"isPartOf\":{\"@id\":\"https:\\\/\\\/officialeleutheraharbourisland.com\\\/#website\"},\"primaryImageOfPage\":{\"@id\":\"https:\\\/\\\/officialeleutheraharbourisland.com\\\/fr\\\/harbour-island\\\/mariages\\\/conseils-dorganisation\\\/#primaryimage\"},\"image\":{\"@id\":\"https:\\\/\\\/officialeleutheraharbourisland.com\\\/fr\\\/harbour-island\\\/mariages\\\/conseils-dorganisation\\\/#primaryimage\"},\"thumbnailUrl\":\"https:\\\/\\\/officialeleutheraharbourisland.com\\\/wp-content\\\/uploads\\\/2023\\\/02\\\/Untitled-4.jpg\",\"datePublished\":\"2023-02-01T14:25:02+00:00\",\"dateModified\":\"2023-05-04T19:00:22+00:00\",\"description\":\"Official Eleuthera Harbour Island votre guide de Harbour Island, partage des informations sur les conseils de planification pour les mariages \u00e0 Harbour Island, aux Bahamas.\",\"breadcrumb\":{\"@id\":\"https:\\\/\\\/officialeleutheraharbourisland.com\\\/fr\\\/harbour-island\\\/mariages\\\/conseils-dorganisation\\\/#breadcrumb\"},\"inLanguage\":\"fr-FR\",\"potentialAction\":[{\"@type\":\"ReadAction\",\"target\":[\"https:\\\/\\\/officialeleutheraharbourisland.com\\\/fr\\\/harbour-island\\\/mariages\\\/conseils-dorganisation\\\/\"]}]},{\"@type\":\"ImageObject\",\"inLanguage\":\"fr-FR\",\"@id\":\"https:\\\/\\\/officialeleutheraharbourisland.com\\\/fr\\\/harbour-island\\\/mariages\\\/conseils-dorganisation\\\/#primaryimage\",\"url\":\"https:\\\/\\\/officialeleutheraharbourisland.com\\\/wp-content\\\/uploads\\\/2023\\\/02\\\/Untitled-4.jpg\",\"contentUrl\":\"https:\\\/\\\/officialeleutheraharbourisland.com\\\/wp-content\\\/uploads\\\/2023\\\/02\\\/Untitled-4.jpg\",\"width\":700,\"height\":415,\"caption\":\"Planning Tips for a Bahamas Wedding\"},{\"@type\":\"BreadcrumbList\",\"@id\":\"https:\\\/\\\/officialeleutheraharbourisland.com\\\/fr\\\/harbour-island\\\/mariages\\\/conseils-dorganisation\\\/#breadcrumb\",\"itemListElement\":[{\"@type\":\"ListItem\",\"position\":1,\"name\":\"Home\",\"item\":\"https:\\\/\\\/officialeleutheraharbourisland.com\\\/fr\\\/\"},{\"@type\":\"ListItem\",\"position\":2,\"name\":\"HARBOUR ISLAND\",\"item\":\"https:\\\/\\\/officialeleutheraharbourisland.com\\\/fr\\\/harbour-island\\\/\"},{\"@type\":\"ListItem\",\"position\":3,\"name\":\"Mariages\",\"item\":\"https:\\\/\\\/officialeleutheraharbourisland.com\\\/fr\\\/harbour-island\\\/mariages\\\/\"},{\"@type\":\"ListItem\",\"position\":4,\"name\":\"Conseils d\u2019organisation pour se marier\"}]},{\"@type\":\"WebSite\",\"@id\":\"https:\\\/\\\/officialeleutheraharbourisland.com\\\/#website\",\"url\":\"https:\\\/\\\/officialeleutheraharbourisland.com\\\/\",\"name\":\"Official Eleuthera Harbour Island\",\"description\":\"Where Beauty &amp; Nature Meet\",\"publisher\":{\"@id\":\"https:\\\/\\\/officialeleutheraharbourisland.com\\\/#organization\"},\"potentialAction\":[{\"@type\":\"SearchAction\",\"target\":{\"@type\":\"EntryPoint\",\"urlTemplate\":\"https:\\\/\\\/officialeleutheraharbourisland.com\\\/?s={search_term_string}\"},\"query-input\":{\"@type\":\"PropertyValueSpecification\",\"valueRequired\":true,\"valueName\":\"search_term_string\"}}],\"inLanguage\":\"fr-FR\"},{\"@type\":\"Organization\",\"@id\":\"https:\\\/\\\/officialeleutheraharbourisland.com\\\/#organization\",\"name\":\"Official Eleuthera Harbour Island\",\"url\":\"https:\\\/\\\/officialeleutheraharbourisland.com\\\/\",\"logo\":{\"@type\":\"ImageObject\",\"inLanguage\":\"fr-FR\",\"@id\":\"https:\\\/\\\/officialeleutheraharbourisland.com\\\/#\\\/schema\\\/logo\\\/image\\\/\",\"url\":\"https:\\\/\\\/officialeleutheraharbourisland.com\\\/wp-content\\\/uploads\\\/2022\\\/03\\\/logo-new-GREY-275.png\",\"contentUrl\":\"https:\\\/\\\/officialeleutheraharbourisland.com\\\/wp-content\\\/uploads\\\/2022\\\/03\\\/logo-new-GREY-275.png\",\"width\":275,\"height\":22,\"caption\":\"Official Eleuthera Harbour Island\"},\"image\":{\"@id\":\"https:\\\/\\\/officialeleutheraharbourisland.com\\\/#\\\/schema\\\/logo\\\/image\\\/\"}}]}<\/script>\n<!-- \/ Yoast SEO Premium plugin. -->","yoast_head_json":{"title":"Conseils d\u2019organisation pour se marier \u00e0 Harbour Island, Bahamas.","description":"Official Eleuthera Harbour Island votre guide de Harbour Island, partage des informations sur les conseils de planification pour les mariages \u00e0 Harbour Island, aux Bahamas.","robots":{"index":"index","follow":"follow","max-snippet":"max-snippet:-1","max-image-preview":"max-image-preview:large","max-video-preview":"max-video-preview:-1"},"canonical":"https:\/\/officialeleutheraharbourisland.com\/fr\/harbour-island\/mariages\/conseils-dorganisation\/","og_locale":"fr_FR","og_type":"article","og_title":"Conseils d\u2019organisation pour se marier","og_description":"Official Eleuthera Harbour Island votre guide de Harbour Island, partage des informations sur les conseils de planification pour les mariages \u00e0 Harbour Island, aux Bahamas.","og_url":"https:\/\/officialeleutheraharbourisland.com\/fr\/harbour-island\/mariages\/conseils-dorganisation\/","og_site_name":"Official Eleuthera Harbour Island","article_modified_time":"2023-05-04T19:00:22+00:00","og_image":[{"width":700,"height":415,"url":"https:\/\/officialeleutheraharbourisland.com\/wp-content\/uploads\/2023\/02\/Untitled-4.jpg","type":"image\/jpeg"}],"twitter_card":"summary_large_image","twitter_misc":{"Dur\u00e9e de lecture estim\u00e9e":"2 minutes"},"schema":{"@context":"https:\/\/schema.org","@graph":[{"@type":"WebPage","@id":"https:\/\/officialeleutheraharbourisland.com\/fr\/harbour-island\/mariages\/conseils-dorganisation\/","url":"https:\/\/officialeleutheraharbourisland.com\/fr\/harbour-island\/mariages\/conseils-dorganisation\/","name":"Conseils d\u2019organisation pour se marier \u00e0 Harbour Island, Bahamas.","isPartOf":{"@id":"https:\/\/officialeleutheraharbourisland.com\/#website"},"primaryImageOfPage":{"@id":"https:\/\/officialeleutheraharbourisland.com\/fr\/harbour-island\/mariages\/conseils-dorganisation\/#primaryimage"},"image":{"@id":"https:\/\/officialeleutheraharbourisland.com\/fr\/harbour-island\/mariages\/conseils-dorganisation\/#primaryimage"},"thumbnailUrl":"https:\/\/officialeleutheraharbourisland.com\/wp-content\/uploads\/2023\/02\/Untitled-4.jpg","datePublished":"2023-02-01T14:25:02+00:00","dateModified":"2023-05-04T19:00:22+00:00","description":"Official Eleuthera Harbour Island votre guide de Harbour Island, partage des informations sur les conseils de planification pour les mariages \u00e0 Harbour Island, aux Bahamas.","breadcrumb":{"@id":"https:\/\/officialeleutheraharbourisland.com\/fr\/harbour-island\/mariages\/conseils-dorganisation\/#breadcrumb"},"inLanguage":"fr-FR","potentialAction":[{"@type":"ReadAction","target":["https:\/\/officialeleutheraharbourisland.com\/fr\/harbour-island\/mariages\/conseils-dorganisation\/"]}]},{"@type":"ImageObject","inLanguage":"fr-FR","@id":"https:\/\/officialeleutheraharbourisland.com\/fr\/harbour-island\/mariages\/conseils-dorganisation\/#primaryimage","url":"https:\/\/officialeleutheraharbourisland.com\/wp-content\/uploads\/2023\/02\/Untitled-4.jpg","contentUrl":"https:\/\/officialeleutheraharbourisland.com\/wp-content\/uploads\/2023\/02\/Untitled-4.jpg","width":700,"height":415,"caption":"Planning Tips for a Bahamas Wedding"},{"@type":"BreadcrumbList","@id":"https:\/\/officialeleutheraharbourisland.com\/fr\/harbour-island\/mariages\/conseils-dorganisation\/#breadcrumb","itemListElement":[{"@type":"ListItem","position":1,"name":"Home","item":"https:\/\/officialeleutheraharbourisland.com\/fr\/"},{"@type":"ListItem","position":2,"name":"HARBOUR ISLAND","item":"https:\/\/officialeleutheraharbourisland.com\/fr\/harbour-island\/"},{"@type":"ListItem","position":3,"name":"Mariages","item":"https:\/\/officialeleutheraharbourisland.com\/fr\/harbour-island\/mariages\/"},{"@type":"ListItem","position":4,"name":"Conseils d\u2019organisation pour se marier"}]},{"@type":"WebSite","@id":"https:\/\/officialeleutheraharbourisland.com\/#website","url":"https:\/\/officialeleutheraharbourisland.com\/","name":"Official Eleuthera Harbour Island","description":"Where Beauty &amp; Nature Meet","publisher":{"@id":"https:\/\/officialeleutheraharbourisland.com\/#organization"},"potentialAction":[{"@type":"SearchAction","target":{"@type":"EntryPoint","urlTemplate":"https:\/\/officialeleutheraharbourisland.com\/?s={search_term_string}"},"query-input":{"@type":"PropertyValueSpecification","valueRequired":true,"valueName":"search_term_string"}}],"inLanguage":"fr-FR"},{"@type":"Organization","@id":"https:\/\/officialeleutheraharbourisland.com\/#organization","name":"Official Eleuthera Harbour Island","url":"https:\/\/officialeleutheraharbourisland.com\/","logo":{"@type":"ImageObject","inLanguage":"fr-FR","@id":"https:\/\/officialeleutheraharbourisland.com\/#\/schema\/logo\/image\/","url":"https:\/\/officialeleutheraharbourisland.com\/wp-content\/uploads\/2022\/03\/logo-new-GREY-275.png","contentUrl":"https:\/\/officialeleutheraharbourisland.com\/wp-content\/uploads\/2022\/03\/logo-new-GREY-275.png","width":275,"height":22,"caption":"Official Eleuthera Harbour Island"},"image":{"@id":"https:\/\/officialeleutheraharbourisland.com\/#\/schema\/logo\/image\/"}}]}},"jetpack_sharing_enabled":true,"_links":{"self":[{"href":"https:\/\/officialeleutheraharbourisland.com\/fr\/wp-json\/wp\/v2\/pages\/75131","targetHints":{"allow":["GET"]}}],"collection":[{"href":"https:\/\/officialeleutheraharbourisland.com\/fr\/wp-json\/wp\/v2\/pages"}],"about":[{"href":"https:\/\/officialeleutheraharbourisland.com\/fr\/wp-json\/wp\/v2\/types\/page"}],"author":[{"embeddable":true,"href":"https:\/\/officialeleutheraharbourisland.com\/fr\/wp-json\/wp\/v2\/users\/1"}],"replies":[{"embeddable":true,"href":"https:\/\/officialeleutheraharbourisland.com\/fr\/wp-json\/wp\/v2\/comments?post=75131"}],"version-history":[{"count":2,"href":"https:\/\/officialeleutheraharbourisland.com\/fr\/wp-json\/wp\/v2\/pages\/75131\/revisions"}],"predecessor-version":[{"id":75133,"href":"https:\/\/officialeleutheraharbourisland.com\/fr\/wp-json\/wp\/v2\/pages\/75131\/revisions\/75133"}],"up":[{"embeddable":true,"href":"https:\/\/officialeleutheraharbourisland.com\/fr\/wp-json\/wp\/v2\/pages\/75030"}],"wp:featuredmedia":[{"embeddable":true,"href":"https:\/\/officialeleutheraharbourisland.com\/fr\/wp-json\/wp\/v2\/media\/73234"}],"wp:attachment":[{"href":"https:\/\/officialeleutheraharbourisland.com\/fr\/wp-json\/wp\/v2\/media?parent=75131"}],"wp:term":[{"taxonomy":"category","embeddable":true,"href":"https:\/\/officialeleutheraharbourisland.com\/fr\/wp-json\/wp\/v2\/categories?post=75131"},{"taxonomy":"post_tag","embeddable":true,"href":"https:\/\/officialeleutheraharbourisland.com\/fr\/wp-json\/wp\/v2\/tags?post=75131"}],"curies":[{"name":"wp","href":"https:\/\/api.w.org\/{rel}","templated":true}]}}