{"id":75140,"date":"2023-02-01T14:25:02","date_gmt":"2023-02-01T14:25:02","guid":{"rendered":"https:\/\/officialeleutheraharbourisland.com\/harbour-island\/evenements-prives\/bachelorette-parties\/"},"modified":"2023-05-04T19:31:30","modified_gmt":"2023-05-04T19:31:30","slug":"enterrements-de-vie-de-jeune-fille","status":"publish","type":"page","link":"https:\/\/officialeleutheraharbourisland.com\/fr\/harbour-island\/evenements-prives\/enterrements-de-vie-de-jeune-fille\/","title":{"rendered":"Enterrements de vie de jeune fille"},"content":{"rendered":"<div class=\"wpb-content-wrapper\"><p>[vc_row css=\u00a0\u00bb.vc_custom_1649079224179{padding-bottom: 50px !important;}\u00a0\u00bb][vc_column]<div id=\"ultimate-heading-300369e2731511a4f\" class=\"uvc-heading ult-adjust-bottom-margin ultimate-heading-300369e2731511a4f uvc-927 \" data-hspacer=\"line_only\"  data-halign=\"center\" style=\"text-align:center\"><div class=\"uvc-main-heading ult-responsive\"  data-ultimate-target='.uvc-heading.ultimate-heading-300369e2731511a4f h2'  data-responsive-json-new='{\"font-size\":\"\",\"line-height\":\"\"}' ><h2 style=\"font-weight:normal;margin-bottom:15px;\">Enterrements de vie de jeune fille \u00e0 Harbour Island, Bahamas.<\/h2><\/div><div class=\"uvc-heading-spacer line_only\" style=\"margin-bottom:15px;height:3px;\"><span class=\"uvc-headings-line\" style=\"border-style:solid;border-bottom-width:3px;border-color:#7ac1ff;width:60px;\"><\/span><\/div><\/div>[\/vc_column][\/vc_row][vc_row][vc_column][vc_column_text]<span style=\"font-weight: 400;\">Harbour Island est l&rsquo;endroit id\u00e9al pour organiser des enterrements de vie de jeune fille en toute d\u00e9contraction. Cela n\u2019a rien \u00e0 voir avec les enterrements de vie de jeune fille tels qu\u2019ils ont lieu \u00e0\u00a0 Miami ou\u00a0 Las Vegas et vous ne trouverez pas \u00e0 Harbour Island de\u00a0 club de strip-tease masculin, ou de bars d\u2019o\u00f9 vous sortirez ivres au petit matin. Harbour Island convient aux personnes souhaitant passer un s\u00e9jour de qualit\u00e9 entre amies, en profitant d\u2019activit\u00e9s telles que :\u00a0\u00a0\u00a0<\/span><\/p>\n<p><span style=\"font-weight: 400;\">&#8211; Massages<br \/>\n<\/span><span style=\"font-weight: 400;\">&#8211; Sessions de yoga et de m\u00e9ditation<br \/>\n<\/span><span style=\"font-weight: 400;\">&#8211; Excursions en bateau pour visiter les cochons d\u2019Exuma<br \/>\n&#8211; <\/span><span style=\"font-weight: 400;\">Balades \u00e0 cheval le long de la plage au coucher de soleil<br \/>\n<\/span><span style=\"font-weight: 400;\">&#8211; S\u00e9ances farniente et d\u00e9tente sur la plage de sable rose<br \/>\n<\/span><span style=\"font-weight: 400;\">&#8211; Cocktails face aux couchers de soleil les plus romantiques<br \/>\n<\/span><span style=\"font-weight: 400;\">&#8211; D\u00eeners dans les meilleurs restaurants\u00a0 gastronomiques de l&rsquo;\u00eele<\/span><\/p>\n<p><span style=\"font-weight: 400;\">Les enterrements de vie de jeune fille peuvent \u00eatre organis\u00e9s dans de beaux h\u00f4tels-boutiques tels que The Dunmore, Coral Sands ou Pink Sands. Certaines villas Resort telles que les villas La Palmeraie Bahamas offrent la configuration parfaite, et se pr\u00eatent parfaitement \u00e0 de tels \u00e9v\u00e8nements . Elles sont la garantie d\u2019un h\u00e9bergement de luxe, avec une intimit\u00e9 absolue, et pr\u00e9sentent toutes les commodit\u00e9s n\u00e9cessaires. Ces maisons de vacances de luxe offrent \u00e9galement la possibilit\u00e9 de faire venir un chef priv\u00e9 pour r\u00e9pondre \u00e0 vos envies culinaires.<\/span>[\/vc_column_text][vc_separator css=\u00a0\u00bb.vc_custom_1675274926103{margin-top: 30px !important;margin-bottom: 30px !important;}\u00a0\u00bb][vc_row_inner][vc_column_inner width=\u00a0\u00bb1\/4&Prime;][\/vc_column_inner][vc_column_inner width=\u00a0\u00bb1\/2&Prime;][vc_single_image image=\u00a0\u00bb73310&Prime; img_size=\u00a0\u00bbfull\u00a0\u00bb alignment=\u00a0\u00bbcenter\u00a0\u00bb][\/vc_column_inner][vc_column_inner width=\u00a0\u00bb1\/4&Prime;][\/vc_column_inner][\/vc_row_inner][vc_separator css=\u00a0\u00bb.vc_custom_1675274926103{margin-top: 30px !important;margin-bottom: 30px !important;}\u00a0\u00bb][\/vc_column][\/vc_row]<\/p>\n<\/div>","protected":false},"excerpt":{"rendered":"<p>[vc_row css=\u00a0\u00bb.vc_custom_1649079224179{padding-bottom: 50px !important;}\u00a0\u00bb][vc_column][\/vc_column][\/vc_row][vc_row][vc_column][vc_column_text]Harbour Island est l&rsquo;endroit id\u00e9al pour organiser des enterrements de vie de jeune fille en toute d\u00e9contraction. Cela n\u2019a rien \u00e0 voir avec les enterrements de vie de jeune fille tels qu\u2019ils ont lieu \u00e0\u00a0 Miami ou\u00a0 Las Vegas et vous ne trouverez pas \u00e0 Harbour Island de\u00a0 club de strip-tease masculin,&hellip;<\/p>\n","protected":false},"author":1,"featured_media":73311,"parent":75037,"menu_order":0,"comment_status":"closed","ping_status":"closed","template":"","meta":{"footnotes":""},"categories":[],"tags":[1243],"class_list":["post-75140","page","type-page","status-publish","has-post-thumbnail","hentry","tag-private-events-harbour-island-fr-2","description-off"],"yoast_head":"<!-- This site is optimized with the Yoast SEO Premium plugin v25.2 (Yoast SEO v27.4) - https:\/\/yoast.com\/product\/yoast-seo-premium-wordpress\/ -->\n<title>Enterrements de vie de jeune fille \u00e0 Harbour Island.<\/title>\n<meta name=\"description\" content=\"Official Eleuthera Harbour Island votre guide de Harbour Island, partage sur les enterrements de vie de jeune fille \u00e0 Harbour Island. \u00c9v\u00e9nements priv\u00e9s.\" \/>\n<meta name=\"robots\" content=\"index, follow, max-snippet:-1, max-image-preview:large, max-video-preview:-1\" \/>\n<link rel=\"canonical\" href=\"https:\/\/officialeleutheraharbourisland.com\/fr\/harbour-island\/evenements-prives\/enterrements-de-vie-de-jeune-fille\/\" \/>\n<meta property=\"og:locale\" content=\"fr_FR\" \/>\n<meta property=\"og:type\" content=\"article\" \/>\n<meta property=\"og:title\" content=\"Enterrements de vie de jeune fille\" \/>\n<meta property=\"og:description\" content=\"Official Eleuthera Harbour Island votre guide de Harbour Island, partage sur les enterrements de vie de jeune fille \u00e0 Harbour Island. \u00c9v\u00e9nements priv\u00e9s.\" \/>\n<meta property=\"og:url\" content=\"https:\/\/officialeleutheraharbourisland.com\/fr\/harbour-island\/evenements-prives\/enterrements-de-vie-de-jeune-fille\/\" \/>\n<meta property=\"og:site_name\" content=\"Official Eleuthera Harbour Island\" \/>\n<meta property=\"article:modified_time\" content=\"2023-05-04T19:31:30+00:00\" \/>\n<meta property=\"og:image\" content=\"https:\/\/officialeleutheraharbourisland.com\/wp-content\/uploads\/2023\/02\/florida-bachelorette-party-destin.jpg\" \/>\n\t<meta property=\"og:image:width\" content=\"1000\" \/>\n\t<meta property=\"og:image:height\" content=\"665\" \/>\n\t<meta property=\"og:image:type\" content=\"image\/jpeg\" \/>\n<meta name=\"twitter:card\" content=\"summary_large_image\" \/>\n<meta name=\"twitter:label1\" content=\"Dur\u00e9e de lecture estim\u00e9e\" \/>\n\t<meta name=\"twitter:data1\" content=\"2 minutes\" \/>\n<script type=\"application\/ld+json\" class=\"yoast-schema-graph\">{\"@context\":\"https:\\\/\\\/schema.org\",\"@graph\":[{\"@type\":\"WebPage\",\"@id\":\"https:\\\/\\\/officialeleutheraharbourisland.com\\\/fr\\\/harbour-island\\\/evenements-prives\\\/enterrements-de-vie-de-jeune-fille\\\/\",\"url\":\"https:\\\/\\\/officialeleutheraharbourisland.com\\\/fr\\\/harbour-island\\\/evenements-prives\\\/enterrements-de-vie-de-jeune-fille\\\/\",\"name\":\"Enterrements de vie de jeune fille \u00e0 Harbour Island.\",\"isPartOf\":{\"@id\":\"https:\\\/\\\/officialeleutheraharbourisland.com\\\/#website\"},\"primaryImageOfPage\":{\"@id\":\"https:\\\/\\\/officialeleutheraharbourisland.com\\\/fr\\\/harbour-island\\\/evenements-prives\\\/enterrements-de-vie-de-jeune-fille\\\/#primaryimage\"},\"image\":{\"@id\":\"https:\\\/\\\/officialeleutheraharbourisland.com\\\/fr\\\/harbour-island\\\/evenements-prives\\\/enterrements-de-vie-de-jeune-fille\\\/#primaryimage\"},\"thumbnailUrl\":\"https:\\\/\\\/officialeleutheraharbourisland.com\\\/wp-content\\\/uploads\\\/2023\\\/02\\\/florida-bachelorette-party-destin.jpg\",\"datePublished\":\"2023-02-01T14:25:02+00:00\",\"dateModified\":\"2023-05-04T19:31:30+00:00\",\"description\":\"Official Eleuthera Harbour Island votre guide de Harbour Island, partage sur les enterrements de vie de jeune fille \u00e0 Harbour Island. \u00c9v\u00e9nements priv\u00e9s.\",\"breadcrumb\":{\"@id\":\"https:\\\/\\\/officialeleutheraharbourisland.com\\\/fr\\\/harbour-island\\\/evenements-prives\\\/enterrements-de-vie-de-jeune-fille\\\/#breadcrumb\"},\"inLanguage\":\"fr-FR\",\"potentialAction\":[{\"@type\":\"ReadAction\",\"target\":[\"https:\\\/\\\/officialeleutheraharbourisland.com\\\/fr\\\/harbour-island\\\/evenements-prives\\\/enterrements-de-vie-de-jeune-fille\\\/\"]}]},{\"@type\":\"ImageObject\",\"inLanguage\":\"fr-FR\",\"@id\":\"https:\\\/\\\/officialeleutheraharbourisland.com\\\/fr\\\/harbour-island\\\/evenements-prives\\\/enterrements-de-vie-de-jeune-fille\\\/#primaryimage\",\"url\":\"https:\\\/\\\/officialeleutheraharbourisland.com\\\/wp-content\\\/uploads\\\/2023\\\/02\\\/florida-bachelorette-party-destin.jpg\",\"contentUrl\":\"https:\\\/\\\/officialeleutheraharbourisland.com\\\/wp-content\\\/uploads\\\/2023\\\/02\\\/florida-bachelorette-party-destin.jpg\",\"width\":1000,\"height\":665,\"caption\":\"BACHELORETTE PARTIES HARBOUR ISLAND\"},{\"@type\":\"BreadcrumbList\",\"@id\":\"https:\\\/\\\/officialeleutheraharbourisland.com\\\/fr\\\/harbour-island\\\/evenements-prives\\\/enterrements-de-vie-de-jeune-fille\\\/#breadcrumb\",\"itemListElement\":[{\"@type\":\"ListItem\",\"position\":1,\"name\":\"Home\",\"item\":\"https:\\\/\\\/officialeleutheraharbourisland.com\\\/fr\\\/\"},{\"@type\":\"ListItem\",\"position\":2,\"name\":\"HARBOUR ISLAND\",\"item\":\"https:\\\/\\\/officialeleutheraharbourisland.com\\\/fr\\\/harbour-island\\\/\"},{\"@type\":\"ListItem\",\"position\":3,\"name\":\"\u00c9v\u00e9nements priv\u00e9s\",\"item\":\"https:\\\/\\\/officialeleutheraharbourisland.com\\\/fr\\\/harbour-island\\\/evenements-prives\\\/\"},{\"@type\":\"ListItem\",\"position\":4,\"name\":\"Enterrements de vie de jeune fille\"}]},{\"@type\":\"WebSite\",\"@id\":\"https:\\\/\\\/officialeleutheraharbourisland.com\\\/#website\",\"url\":\"https:\\\/\\\/officialeleutheraharbourisland.com\\\/\",\"name\":\"Official Eleuthera Harbour Island\",\"description\":\"Where Beauty &amp; Nature Meet\",\"publisher\":{\"@id\":\"https:\\\/\\\/officialeleutheraharbourisland.com\\\/#organization\"},\"potentialAction\":[{\"@type\":\"SearchAction\",\"target\":{\"@type\":\"EntryPoint\",\"urlTemplate\":\"https:\\\/\\\/officialeleutheraharbourisland.com\\\/?s={search_term_string}\"},\"query-input\":{\"@type\":\"PropertyValueSpecification\",\"valueRequired\":true,\"valueName\":\"search_term_string\"}}],\"inLanguage\":\"fr-FR\"},{\"@type\":\"Organization\",\"@id\":\"https:\\\/\\\/officialeleutheraharbourisland.com\\\/#organization\",\"name\":\"Official Eleuthera Harbour Island\",\"url\":\"https:\\\/\\\/officialeleutheraharbourisland.com\\\/\",\"logo\":{\"@type\":\"ImageObject\",\"inLanguage\":\"fr-FR\",\"@id\":\"https:\\\/\\\/officialeleutheraharbourisland.com\\\/#\\\/schema\\\/logo\\\/image\\\/\",\"url\":\"https:\\\/\\\/officialeleutheraharbourisland.com\\\/wp-content\\\/uploads\\\/2022\\\/03\\\/logo-new-GREY-275.png\",\"contentUrl\":\"https:\\\/\\\/officialeleutheraharbourisland.com\\\/wp-content\\\/uploads\\\/2022\\\/03\\\/logo-new-GREY-275.png\",\"width\":275,\"height\":22,\"caption\":\"Official Eleuthera Harbour Island\"},\"image\":{\"@id\":\"https:\\\/\\\/officialeleutheraharbourisland.com\\\/#\\\/schema\\\/logo\\\/image\\\/\"}}]}<\/script>\n<!-- \/ Yoast SEO Premium plugin. -->","yoast_head_json":{"title":"Enterrements de vie de jeune fille \u00e0 Harbour Island.","description":"Official Eleuthera Harbour Island votre guide de Harbour Island, partage sur les enterrements de vie de jeune fille \u00e0 Harbour Island. \u00c9v\u00e9nements priv\u00e9s.","robots":{"index":"index","follow":"follow","max-snippet":"max-snippet:-1","max-image-preview":"max-image-preview:large","max-video-preview":"max-video-preview:-1"},"canonical":"https:\/\/officialeleutheraharbourisland.com\/fr\/harbour-island\/evenements-prives\/enterrements-de-vie-de-jeune-fille\/","og_locale":"fr_FR","og_type":"article","og_title":"Enterrements de vie de jeune fille","og_description":"Official Eleuthera Harbour Island votre guide de Harbour Island, partage sur les enterrements de vie de jeune fille \u00e0 Harbour Island. \u00c9v\u00e9nements priv\u00e9s.","og_url":"https:\/\/officialeleutheraharbourisland.com\/fr\/harbour-island\/evenements-prives\/enterrements-de-vie-de-jeune-fille\/","og_site_name":"Official Eleuthera Harbour Island","article_modified_time":"2023-05-04T19:31:30+00:00","og_image":[{"width":1000,"height":665,"url":"https:\/\/officialeleutheraharbourisland.com\/wp-content\/uploads\/2023\/02\/florida-bachelorette-party-destin.jpg","type":"image\/jpeg"}],"twitter_card":"summary_large_image","twitter_misc":{"Dur\u00e9e de lecture estim\u00e9e":"2 minutes"},"schema":{"@context":"https:\/\/schema.org","@graph":[{"@type":"WebPage","@id":"https:\/\/officialeleutheraharbourisland.com\/fr\/harbour-island\/evenements-prives\/enterrements-de-vie-de-jeune-fille\/","url":"https:\/\/officialeleutheraharbourisland.com\/fr\/harbour-island\/evenements-prives\/enterrements-de-vie-de-jeune-fille\/","name":"Enterrements de vie de jeune fille \u00e0 Harbour Island.","isPartOf":{"@id":"https:\/\/officialeleutheraharbourisland.com\/#website"},"primaryImageOfPage":{"@id":"https:\/\/officialeleutheraharbourisland.com\/fr\/harbour-island\/evenements-prives\/enterrements-de-vie-de-jeune-fille\/#primaryimage"},"image":{"@id":"https:\/\/officialeleutheraharbourisland.com\/fr\/harbour-island\/evenements-prives\/enterrements-de-vie-de-jeune-fille\/#primaryimage"},"thumbnailUrl":"https:\/\/officialeleutheraharbourisland.com\/wp-content\/uploads\/2023\/02\/florida-bachelorette-party-destin.jpg","datePublished":"2023-02-01T14:25:02+00:00","dateModified":"2023-05-04T19:31:30+00:00","description":"Official Eleuthera Harbour Island votre guide de Harbour Island, partage sur les enterrements de vie de jeune fille \u00e0 Harbour Island. \u00c9v\u00e9nements priv\u00e9s.","breadcrumb":{"@id":"https:\/\/officialeleutheraharbourisland.com\/fr\/harbour-island\/evenements-prives\/enterrements-de-vie-de-jeune-fille\/#breadcrumb"},"inLanguage":"fr-FR","potentialAction":[{"@type":"ReadAction","target":["https:\/\/officialeleutheraharbourisland.com\/fr\/harbour-island\/evenements-prives\/enterrements-de-vie-de-jeune-fille\/"]}]},{"@type":"ImageObject","inLanguage":"fr-FR","@id":"https:\/\/officialeleutheraharbourisland.com\/fr\/harbour-island\/evenements-prives\/enterrements-de-vie-de-jeune-fille\/#primaryimage","url":"https:\/\/officialeleutheraharbourisland.com\/wp-content\/uploads\/2023\/02\/florida-bachelorette-party-destin.jpg","contentUrl":"https:\/\/officialeleutheraharbourisland.com\/wp-content\/uploads\/2023\/02\/florida-bachelorette-party-destin.jpg","width":1000,"height":665,"caption":"BACHELORETTE PARTIES HARBOUR ISLAND"},{"@type":"BreadcrumbList","@id":"https:\/\/officialeleutheraharbourisland.com\/fr\/harbour-island\/evenements-prives\/enterrements-de-vie-de-jeune-fille\/#breadcrumb","itemListElement":[{"@type":"ListItem","position":1,"name":"Home","item":"https:\/\/officialeleutheraharbourisland.com\/fr\/"},{"@type":"ListItem","position":2,"name":"HARBOUR ISLAND","item":"https:\/\/officialeleutheraharbourisland.com\/fr\/harbour-island\/"},{"@type":"ListItem","position":3,"name":"\u00c9v\u00e9nements priv\u00e9s","item":"https:\/\/officialeleutheraharbourisland.com\/fr\/harbour-island\/evenements-prives\/"},{"@type":"ListItem","position":4,"name":"Enterrements de vie de jeune fille"}]},{"@type":"WebSite","@id":"https:\/\/officialeleutheraharbourisland.com\/#website","url":"https:\/\/officialeleutheraharbourisland.com\/","name":"Official Eleuthera Harbour Island","description":"Where Beauty &amp; Nature Meet","publisher":{"@id":"https:\/\/officialeleutheraharbourisland.com\/#organization"},"potentialAction":[{"@type":"SearchAction","target":{"@type":"EntryPoint","urlTemplate":"https:\/\/officialeleutheraharbourisland.com\/?s={search_term_string}"},"query-input":{"@type":"PropertyValueSpecification","valueRequired":true,"valueName":"search_term_string"}}],"inLanguage":"fr-FR"},{"@type":"Organization","@id":"https:\/\/officialeleutheraharbourisland.com\/#organization","name":"Official Eleuthera Harbour Island","url":"https:\/\/officialeleutheraharbourisland.com\/","logo":{"@type":"ImageObject","inLanguage":"fr-FR","@id":"https:\/\/officialeleutheraharbourisland.com\/#\/schema\/logo\/image\/","url":"https:\/\/officialeleutheraharbourisland.com\/wp-content\/uploads\/2022\/03\/logo-new-GREY-275.png","contentUrl":"https:\/\/officialeleutheraharbourisland.com\/wp-content\/uploads\/2022\/03\/logo-new-GREY-275.png","width":275,"height":22,"caption":"Official Eleuthera Harbour Island"},"image":{"@id":"https:\/\/officialeleutheraharbourisland.com\/#\/schema\/logo\/image\/"}}]}},"jetpack_sharing_enabled":true,"_links":{"self":[{"href":"https:\/\/officialeleutheraharbourisland.com\/fr\/wp-json\/wp\/v2\/pages\/75140","targetHints":{"allow":["GET"]}}],"collection":[{"href":"https:\/\/officialeleutheraharbourisland.com\/fr\/wp-json\/wp\/v2\/pages"}],"about":[{"href":"https:\/\/officialeleutheraharbourisland.com\/fr\/wp-json\/wp\/v2\/types\/page"}],"author":[{"embeddable":true,"href":"https:\/\/officialeleutheraharbourisland.com\/fr\/wp-json\/wp\/v2\/users\/1"}],"replies":[{"embeddable":true,"href":"https:\/\/officialeleutheraharbourisland.com\/fr\/wp-json\/wp\/v2\/comments?post=75140"}],"version-history":[{"count":2,"href":"https:\/\/officialeleutheraharbourisland.com\/fr\/wp-json\/wp\/v2\/pages\/75140\/revisions"}],"predecessor-version":[{"id":75142,"href":"https:\/\/officialeleutheraharbourisland.com\/fr\/wp-json\/wp\/v2\/pages\/75140\/revisions\/75142"}],"up":[{"embeddable":true,"href":"https:\/\/officialeleutheraharbourisland.com\/fr\/wp-json\/wp\/v2\/pages\/75037"}],"wp:featuredmedia":[{"embeddable":true,"href":"https:\/\/officialeleutheraharbourisland.com\/fr\/wp-json\/wp\/v2\/media\/73311"}],"wp:attachment":[{"href":"https:\/\/officialeleutheraharbourisland.com\/fr\/wp-json\/wp\/v2\/media?parent=75140"}],"wp:term":[{"taxonomy":"category","embeddable":true,"href":"https:\/\/officialeleutheraharbourisland.com\/fr\/wp-json\/wp\/v2\/categories?post=75140"},{"taxonomy":"post_tag","embeddable":true,"href":"https:\/\/officialeleutheraharbourisland.com\/fr\/wp-json\/wp\/v2\/tags?post=75140"}],"curies":[{"name":"wp","href":"https:\/\/api.w.org\/{rel}","templated":true}]}}